{"id":3389,"date":"2025-05-01T16:34:29","date_gmt":"2025-05-01T08:34:29","guid":{"rendered":"http:\/\/www.hafniumtech.com\/?post_type=product&#038;p=3389"},"modified":"2025-05-01T16:58:19","modified_gmt":"2025-05-01T08:58:19","slug":"lgk-63ma-portable-inverter-plasma-cutter-with-160c-8m-handheld-torch-for-steel-iron-cutting-220v-voltage-input","status":"publish","type":"product","link":"https:\/\/www.hafniumtech.com\/ar\/product\/lgk-63ma-portable-inverter-plasma-cutter-with-160c-8m-handheld-torch-for-steel-iron-cutting-220v-voltage-input\/","title":{"rendered":"\u0642\u0627\u0637\u0639 \u0627\u0644\u0628\u0644\u0627\u0632\u0645\u0627 \u0627\u0644\u0639\u0627\u0643\u0633 \u0627\u0644\u0645\u062d\u0645\u0648\u0644 LGK-63MA \u0645\u0639 \u0634\u0639\u0644\u0629 \u0645\u062d\u0645\u0648\u0644\u0629 \u0628\u0627\u0644\u064a\u062f 160C 8 \u0645 \u0644\u0642\u0637\u0639 \u0627\u0644\u0635\u0644\u0628 \u0648\u0627\u0644\u062d\u062f\u064a\u062f \u0628\u062c\u0647\u062f 220 \u0641\u0648\u0644\u062a"},"content":{"rendered":"<table style=\"height: 572px;\" width=\"925\">\n<tbody>\n<tr>\n<td width=\"154\">\u0625\u064a\u062a\u064a\u0645<\/td>\n<td style=\"text-align: center;\" width=\"41\">\u0627\u0644\u0648\u062d\u062f\u0629<\/td>\n<td style=\"text-align: center;\" width=\"105\">LGK-160MA<\/td>\n<td style=\"text-align: center;\" width=\"105\">LGK-200MA<\/td>\n<td style=\"text-align: center;\" width=\"105\">LGK-400MA<\/td>\n<\/tr>\n<tr>\n<td width=\"154\">\u00a0\u0637\u0627\u0642\u0629 \u0627\u0644\u0625\u062f\u062e\u0627\u0644<\/td>\n<td style=\"text-align: center;\" width=\"41\">\u0641\u0648\u0644\u062a\/\u0647\u0631\u062a\u0632<\/td>\n<td style=\"text-align: center;\" colspan=\"3\" width=\"315\">3 ~ 380 \u00b1 380 \u00b1 15% 50\/60 \u0647\u0631\u062a\u0632<\/td>\n<\/tr>\n<tr>\n<td width=\"154\">\u00a0\u0633\u0639\u0629 \u0627\u0644\u0625\u062f\u062e\u0627\u0644 \u0627\u0644\u0645\u0642\u062f\u0631\u0629<\/td>\n<td style=\"text-align: center;\" width=\"41\">\u0643\u064a\u0644\u0648 \u0641\u0648\u0644\u062a \u0623\u0645\u0628\u064a\u0631<\/td>\n<td style=\"text-align: center;\" width=\"105\">25<\/td>\n<td style=\"text-align: center;\" width=\"105\">40.8<\/td>\n<td style=\"text-align: center;\" width=\"105\">81.2<\/td>\n<\/tr>\n<tr>\n<td width=\"154\">\u00a0\u062a\u064a\u0627\u0631 \u0627\u0644\u0625\u062f\u062e\u0627\u0644 \u0627\u0644\u0645\u0642\u062f\u0631<\/td>\n<td style=\"text-align: center;\" width=\"41\">A<\/td>\n<td style=\"text-align: center;\" width=\"105\">38<\/td>\n<td style=\"text-align: center;\" width=\"105\">48<\/td>\n<td style=\"text-align: center;\" width=\"105\">73<\/td>\n<\/tr>\n<tr>\n<td width=\"154\">\u00a0\u062c\u0647\u062f \u0627\u0644\u062f\u0627\u0626\u0631\u0629 \u0627\u0644\u0645\u0641\u062a\u0648\u062d\u0629 \u0627\u0644\u0645\u0642\u062f\u0631<\/td>\n<td style=\"text-align: center;\" width=\"41\">V<\/td>\n<td style=\"text-align: center;\" width=\"105\">316<\/td>\n<td style=\"text-align: center;\" width=\"105\">360<\/td>\n<td style=\"text-align: center;\" width=\"105\">370<\/td>\n<\/tr>\n<tr>\n<td width=\"154\">\u00a0\u062f\u0648\u0631\u0629 \u0627\u0644\u0639\u0645\u0644 \u0627\u0644\u0645\u0642\u062f\u0631\u0629<\/td>\n<td style=\"text-align: center;\" width=\"41\"><\/td>\n<td style=\"text-align: center;\" colspan=\"2\" width=\"210\">60% (40 \u2103)<\/td>\n<td style=\"text-align: center;\" width=\"105\">35% (40 \u2103)<\/td>\n<\/tr>\n<tr>\n<td width=\"154\">\u00a0\u0627\u0644\u0643\u0641\u0627\u0621\u0629<\/td>\n<td style=\"text-align: center;\" width=\"41\"><\/td>\n<td style=\"text-align: center;\" width=\"105\">93%<\/td>\n<td style=\"text-align: center;\" width=\"105\">93%<\/td>\n<td style=\"text-align: center;\" width=\"105\">92%<\/td>\n<\/tr>\n<tr>\n<td width=\"154\">\u00a0\u0645\u0639\u0627\u0645\u0644 \u0627\u0644\u0642\u062f\u0631\u0629<\/td>\n<td style=\"text-align: center;\" width=\"41\"><\/td>\n<td style=\"text-align: center;\" width=\"105\">0.78<\/td>\n<td style=\"text-align: center;\" width=\"105\">0.79<\/td>\n<td style=\"text-align: center;\" width=\"105\">0.91<\/td>\n<\/tr>\n<tr>\n<td width=\"154\">\u00a0\u0646\u0637\u0627\u0642 \u0636\u0628\u0637 \u0636\u0628\u0637 \u0627\u0644\u0625\u062e\u0631\u0627\u062c<\/td>\n<td style=\"text-align: center;\" width=\"41\">A<\/td>\n<td style=\"text-align: center;\" width=\"105\">40~160<\/td>\n<td style=\"text-align: center;\" width=\"105\">40~200<\/td>\n<td style=\"text-align: center;\" width=\"105\">60~400<\/td>\n<\/tr>\n<tr>\n<td width=\"154\">\u00a0\u062c\u0648\u062f\u0629 \u0627\u0644\u0642\u0637\u0639 \u0627\u0644\u0633\u0645\u064a\u0643 (\u0627\u0644\u0641\u0648\u0644\u0627\u0630 \u0627\u0644\u0643\u0631\u0628\u0648\u0646\u064a)<\/td>\n<td style=\"text-align: center;\" width=\"41\">\u0645\u0645<\/td>\n<td style=\"text-align: center;\" width=\"105\">30<\/td>\n<td style=\"text-align: center;\" width=\"105\">35<\/td>\n<td style=\"text-align: center;\" width=\"105\">50<\/td>\n<\/tr>\n<tr>\n<td width=\"154\">\u00a0\u0627\u0644\u0633\u064f\u0645\u0643 \u0627\u0644\u0623\u0642\u0635\u0649 \u0644\u0644\u0642\u0637\u0639 (\u0627\u0644\u0641\u0648\u0644\u0627\u0630 \u0627\u0644\u0643\u0631\u0628\u0648\u0646\u064a)<\/td>\n<td style=\"text-align: center;\" width=\"41\">\u0645\u0645<\/td>\n<td style=\"text-align: center;\" width=\"105\">60<\/td>\n<td style=\"text-align: center;\" width=\"105\">70<\/td>\n<td style=\"text-align: center;\" width=\"105\">120<\/td>\n<\/tr>\n<tr>\n<td width=\"154\">\u00a0\u0648\u0636\u0639 \u0627\u0644\u0636\u0631\u0628\u0629 \u0627\u0644\u0642\u0648\u0633\u064a\u0629<\/td>\n<td style=\"text-align: center;\" width=\"41\"><\/td>\n<td style=\"text-align: center;\" colspan=\"3\" width=\"315\">\u0639\u062f\u0645 \u0627\u0644\u0627\u062a\u0635\u0627\u0644<\/td>\n<\/tr>\n<tr>\n<td width=\"154\">\u00a0\u063a\u0627\u0632 \u0627\u0644\u0628\u0644\u0627\u0632\u0645\u0627<\/td>\n<td style=\"text-align: center;\" width=\"41\"><\/td>\n<td style=\"text-align: center;\" colspan=\"3\" width=\"315\">\u0627\u0644\u0647\u0648\u0627\u0621<\/td>\n<\/tr>\n<tr>\n<td width=\"154\">\u00a0\u0636\u063a\u0637 \u0627\u0644\u0647\u0648\u0627\u0621<\/td>\n<td style=\"text-align: center;\" width=\"41\">\u0645\u064a\u062c\u0627 \u0628\u0627\u0633\u0643\u0627\u0644<\/td>\n<td style=\"text-align: center;\" colspan=\"3\" width=\"315\">0.4~0.6<\/td>\n<\/tr>\n<tr>\n<td width=\"154\">\u00a0\u0648\u0636\u0639 \u062a\u0628\u0631\u064a\u062f \u0627\u0644\u0634\u0639\u0644\u0629<\/td>\n<td style=\"text-align: center;\" width=\"41\"><\/td>\n<td style=\"text-align: center;\" width=\"105\">\u062a\u0628\u0631\u064a\u062f \u0627\u0644\u0647\u0648\u0627\u0621<\/td>\n<td style=\"text-align: center;\" colspan=\"2\" width=\"210\">\u062a\u0628\u0631\u064a\u062f \u0627\u0644\u0645\u064a\u0627\u0647<\/td>\n<\/tr>\n<tr>\n<td width=\"154\">\u00a0\u0648\u0636\u0639 \u062a\u0628\u0631\u064a\u062f \u0645\u0635\u062f\u0631 \u0627\u0644\u0637\u0627\u0642\u0629<\/td>\n<td style=\"text-align: center;\" width=\"41\"><\/td>\n<td style=\"text-align: center;\" colspan=\"3\" width=\"315\">\u062a\u0628\u0631\u064a\u062f \u0627\u0644\u0647\u0648\u0627\u0621<\/td>\n<\/tr>\n<tr>\n<td width=\"154\">\u00a0\u062f\u0631\u062c\u0629 \u0627\u0644\u0639\u0632\u0644<\/td>\n<td style=\"text-align: center;\" width=\"41\"><\/td>\n<td style=\"text-align: center;\" colspan=\"3\" width=\"315\">F<\/td>\n<\/tr>\n<tr>\n<td width=\"154\">\u00a0\u0627\u0644\u062d\u0645\u0627\u064a\u0629 \u0645\u0646 \u0627\u0644\u062f\u062e\u0648\u0644<\/td>\n<td style=\"text-align: center;\" width=\"41\"><\/td>\n<td style=\"text-align: center;\" colspan=\"3\" width=\"315\">IP21S<\/td>\n<\/tr>\n<tr>\n<td width=\"154\">\u00a0\u0627\u0644\u0623\u0628\u0639\u0627\u062f (\u0627\u0644\u0637\u0648\u0644 \u00d7 \u0627\u0644\u0639\u0631\u0636 \u00d7 \u0627\u0644\u0627\u0631\u062a\u0641\u0627\u0639)<\/td>\n<td style=\"text-align: center;\" width=\"41\">\u0645\u0645<\/td>\n<td style=\"text-align: center;\" width=\"105\">675x320x605<\/td>\n<td style=\"text-align: center;\" width=\"105\">900\u00d7410\u00d7410\u00d71000<\/td>\n<td style=\"text-align: center;\" width=\"105\">1110\u00d7480\u00d7480\u00d71015<\/td>\n<\/tr>\n<tr>\n<td width=\"154\">\u00a0\u0627\u0644\u0648\u0632\u0646 \u0627\u0644\u0635\u0627\u0641\u064a<\/td>\n<td style=\"text-align: center;\" width=\"41\">\u0643\u062c\u0645<\/td>\n<td style=\"text-align: center;\" width=\"105\">48<\/td>\n<td style=\"text-align: center;\" width=\"105\">100<\/td>\n<td style=\"text-align: center;\" width=\"105\">50<\/td>\n<\/tr>\n<\/tbody>\n<\/table>","protected":false},"excerpt":{"rendered":"<p><strong>\u0627\u0644\u0645\u064a\u0632\u0627\u062a \u0627\u0644\u0631\u0626\u064a\u0633\u064a\u0629<\/strong><br \/>\n\u062a\u0642\u0646\u064a\u0629 \u0627\u0644\u062a\u0628\u062f\u064a\u0644 \u0627\u0644\u0646\u0627\u0639\u0645 \u0645\u0639 \u062a\u064a\u0627\u0631 \u0642\u0637\u0639 \u0645\u0633\u062a\u0642\u0631<br \/>\n\u062f\u0648\u0631\u0629 \u0639\u0645\u0644 \u0639\u0627\u0644\u064a\u0629 \u0644\u0644\u0627\u0633\u062a\u062e\u062f\u0627\u0645 \u0641\u064a \u0627\u0644\u0635\u0646\u0627\u0639\u0627\u062a \u0627\u0644\u062b\u0642\u064a\u0644\u0629<br \/>\n\u062a\u0642\u0646\u064a\u0629 \u0642\u0637\u0639 \u0627\u0644\u062a\u064a\u0627\u0631 \u0644\u0623\u0639\u0644\u0649 \u0627\u0644\u0645\u0646\u062d\u062f\u0631 \u0644\u062a\u0642\u0644\u064a\u0644 \u0641\u0642\u062f \u0627\u0644\u0623\u062c\u0632\u0627\u0621 \u0627\u0644\u0645\u062a\u0622\u0643\u0644\u0629<br \/>\n\u0627\u0633\u062a\u062e\u062f\u0627\u0645 \u0627\u0644\u0647\u0648\u0627\u0621 \u0627\u0644\u0645\u0636\u063a\u0648\u0637 \u0643\u062d\u0645\u0627\u064a\u0629 \u0644\u062a\u0648\u0641\u064a\u0631 \u0627\u0644\u062a\u0643\u0644\u0641\u0629<br \/>\n\u0648\u0638\u064a\u0641\u0629 \u0641\u062d\u0635 \u0627\u0644\u063a\u0627\u0632 \u0644\u0636\u0628\u0637 \u0636\u063a\u0637 \u0627\u0644\u0647\u0648\u0627\u0621 \u0628\u0633\u0647\u0648\u0644\u0629<br \/>\n\u0645\u0635\u0645\u0645 \u062e\u0635\u064a\u0635\u064b\u0627 \u0644\u0644\u0642\u0637\u0639 \u0628\u0627\u0644\u064a\u062f<\/p>\n<p><strong>\u062a\u0637\u0628\u064a\u0642 \u0627\u0644\u0645\u0646\u062a\u062c<\/strong><br \/>\n\u062a\u0646\u0627\u0633\u0628 \u0627\u0644\u0642\u0637\u0639 \u0627\u0644\u064a\u062f\u0648\u064a \u0644\u0644\u0635\u0644\u0628 \u0627\u0644\u0643\u0631\u0628\u0648\u0646\u064a \u0648\u0633\u0628\u0627\u0626\u0643 \u0627\u0644\u0635\u0644\u0628 \u0648\u0627\u0644\u0641\u0648\u0644\u0627\u0630 \u063a\u064a\u0631 \u0627\u0644\u062d\u062f\u064a\u062f\u064a\u0629<\/p>","protected":false},"featured_media":3392,"comment_status":"open","ping_status":"closed","template":"","meta":[],"product_brand":[],"product_cat":[53],"product_tag":[120,128,129,130,131,132,133,134,135,136],"class_list":{"0":"post-3389","1":"product","2":"type-product","3":"status-publish","4":"has-post-thumbnail","6":"product_cat-plasma-cutting-machine-plasma-cutter","7":"product_tag-portable-plasma-cutter","8":"product_tag-63a-plasma-cutter","9":"product_tag-huayuan-63a-plasma-cutter","10":"product_tag-plasma-cutter-cut-63","11":"product_tag-portable-plasma-cutting-machine-63","12":"product_tag-63a-plasma-machine","13":"product_tag-steel-cutting-plasma-cutter-63","14":"product_tag-lgk-63ma","15":"product_tag-lgk-63","16":"product_tag-lgk63","18":"first","19":"instock","20":"shipping-taxable","21":"product-type-simple"},"yoast_head":"<!-- This site is optimized with the Yoast SEO Premium plugin v25.0 (Yoast SEO v25.0) - https:\/\/yoast.com\/wordpress\/plugins\/seo\/ -->\n<title>LGK-63MA Portable Inverter Plasma Cutter with 160C 8m Handheld Torch for Steel &amp; Iron Cutting 220V Voltage Input - HafniumTech<\/title>\n<meta name=\"robots\" content=\"index, follow, max-snippet:-1, max-image-preview:large, max-video-preview:-1\" \/>\n<link rel=\"canonical\" href=\"https:\/\/www.hafniumtech.com\/ar\/product\/lgk-63ma-portable-inverter-plasma-cutter-with-160c-8m-handheld-torch-for-steel-iron-cutting-220v-voltage-input\/\" \/>\n<meta property=\"og:locale\" content=\"ar_AR\" \/>\n<meta property=\"og:type\" content=\"article\" \/>\n<meta property=\"og:title\" content=\"LGK-63MA Portable Inverter Plasma Cutter with 160C 8m Handheld Torch for Steel &amp; Iron Cutting 220V Voltage Input\" \/>\n<meta property=\"og:description\" content=\"Main Features Soft switch technology with stable cutting current High duty cycle for heavy industry use Cutting current up-slope technology to reduce loss of wearing parts Use compressed air as protection to save cost Gas check function for easy adjust the air pressure Specially designed for hand held cutting  Product Application Suit manual cut for carbon steel, alloy steel and nonferrous steel\" \/>\n<meta property=\"og:url\" content=\"https:\/\/www.hafniumtech.com\/ar\/product\/lgk-63ma-portable-inverter-plasma-cutter-with-160c-8m-handheld-torch-for-steel-iron-cutting-220v-voltage-input\/\" \/>\n<meta property=\"og:site_name\" content=\"HafniumTech\" \/>\n<meta property=\"article:publisher\" content=\"https:\/\/www.facebook.com\/profile.php?id=61570267424696\" \/>\n<meta property=\"article:modified_time\" content=\"2025-05-01T08:58:19+00:00\" \/>\n<meta property=\"og:image\" content=\"https:\/\/www.hafniumtech.com\/wp-content\/uploads\/2025\/05\/160C\u624b\u7528.png\" \/>\n\t<meta property=\"og:image:width\" content=\"800\" \/>\n\t<meta property=\"og:image:height\" content=\"800\" \/>\n\t<meta property=\"og:image:type\" content=\"image\/png\" \/>\n<meta name=\"twitter:card\" content=\"summary_large_image\" \/>\n<meta name=\"twitter:site\" content=\"@HafniumTech\" \/>\n<meta name=\"twitter:label1\" content=\"\u0627\u0644\u0633\u0639\u0631\" \/>\n\t<meta name=\"twitter:data1\" content=\"\" \/>\n\t<meta name=\"twitter:label2\" content=\"\u0627\u0644\u062a\u0648\u0641\u0631\" \/>\n\t<meta name=\"twitter:data2\" content=\"\u0645\u062a\u0648\u0641\u0631 \u0641\u064a \u0627\u0644\u0645\u062e\u0632\u0648\u0646\" \/>\n<script type=\"application\/ld+json\" class=\"yoast-schema-graph\">{\"@context\":\"https:\/\/schema.org\",\"@graph\":[{\"@type\":\"WebPage\",\"@id\":\"https:\/\/www.hafniumtech.com\/product\/lgk-63ma-portable-inverter-plasma-cutter-with-160c-8m-handheld-torch-for-steel-iron-cutting-220v-voltage-input\/\",\"url\":\"https:\/\/www.hafniumtech.com\/product\/lgk-63ma-portable-inverter-plasma-cutter-with-160c-8m-handheld-torch-for-steel-iron-cutting-220v-voltage-input\/\",\"name\":\"LGK-63MA Portable Inverter Plasma Cutter with 160C 8m Handheld Torch for Steel & Iron Cutting 220V Voltage Input - HafniumTech\",\"isPartOf\":{\"@id\":\"https:\/\/www.hafniumtech.com\/#website\"},\"primaryImageOfPage\":{\"@id\":\"https:\/\/www.hafniumtech.com\/product\/lgk-63ma-portable-inverter-plasma-cutter-with-160c-8m-handheld-torch-for-steel-iron-cutting-220v-voltage-input\/#primaryimage\"},\"image\":{\"@id\":\"https:\/\/www.hafniumtech.com\/product\/lgk-63ma-portable-inverter-plasma-cutter-with-160c-8m-handheld-torch-for-steel-iron-cutting-220v-voltage-input\/#primaryimage\"},\"thumbnailUrl\":\"https:\/\/www.hafniumtech.com\/wp-content\/uploads\/2025\/05\/160C\u624b\u7528.png\",\"datePublished\":\"2025-05-01T08:34:29+00:00\",\"dateModified\":\"2025-05-01T08:58:19+00:00\",\"breadcrumb\":{\"@id\":\"https:\/\/www.hafniumtech.com\/product\/lgk-63ma-portable-inverter-plasma-cutter-with-160c-8m-handheld-torch-for-steel-iron-cutting-220v-voltage-input\/#breadcrumb\"},\"inLanguage\":\"ar\",\"potentialAction\":[{\"@type\":\"ReadAction\",\"target\":[\"https:\/\/www.hafniumtech.com\/product\/lgk-63ma-portable-inverter-plasma-cutter-with-160c-8m-handheld-torch-for-steel-iron-cutting-220v-voltage-input\/\"]}]},{\"@type\":\"ImageObject\",\"inLanguage\":\"ar\",\"@id\":\"https:\/\/www.hafniumtech.com\/product\/lgk-63ma-portable-inverter-plasma-cutter-with-160c-8m-handheld-torch-for-steel-iron-cutting-220v-voltage-input\/#primaryimage\",\"url\":\"https:\/\/www.hafniumtech.com\/wp-content\/uploads\/2025\/05\/160C\u624b\u7528.png\",\"contentUrl\":\"https:\/\/www.hafniumtech.com\/wp-content\/uploads\/2025\/05\/160C\u624b\u7528.png\",\"width\":800,\"height\":800},{\"@type\":\"BreadcrumbList\",\"@id\":\"https:\/\/www.hafniumtech.com\/product\/lgk-63ma-portable-inverter-plasma-cutter-with-160c-8m-handheld-torch-for-steel-iron-cutting-220v-voltage-input\/#breadcrumb\",\"itemListElement\":[{\"@type\":\"ListItem\",\"position\":1,\"name\":\"\u9996\u9875\",\"item\":\"https:\/\/www.hafniumtech.com\/\"},{\"@type\":\"ListItem\",\"position\":2,\"name\":\"Product\",\"item\":\"https:\/\/www.hafniumtech.com\/product\/\"},{\"@type\":\"ListItem\",\"position\":3,\"name\":\"LGK-63MA Portable Inverter Plasma Cutter with 160C 8m Handheld Torch for Steel &#038; Iron Cutting 220V Voltage Input\"}]},{\"@type\":\"WebSite\",\"@id\":\"https:\/\/www.hafniumtech.com\/#website\",\"url\":\"https:\/\/www.hafniumtech.com\/\",\"name\":\"Shenzhen Hafnium Technology Co., Ltd.\",\"description\":\"\",\"publisher\":{\"@id\":\"https:\/\/www.hafniumtech.com\/#organization\"},\"potentialAction\":[{\"@type\":\"SearchAction\",\"target\":{\"@type\":\"EntryPoint\",\"urlTemplate\":\"https:\/\/www.hafniumtech.com\/?s={search_term_string}\"},\"query-input\":{\"@type\":\"PropertyValueSpecification\",\"valueRequired\":true,\"valueName\":\"search_term_string\"}}],\"inLanguage\":\"ar\"},{\"@type\":\"Organization\",\"@id\":\"https:\/\/www.hafniumtech.com\/#organization\",\"name\":\"Shenzhen Hafnium Technology Co., Ltd.\",\"url\":\"https:\/\/www.hafniumtech.com\/\",\"logo\":{\"@type\":\"ImageObject\",\"inLanguage\":\"ar\",\"@id\":\"https:\/\/www.hafniumtech.com\/#\/schema\/logo\/image\/\",\"url\":\"https:\/\/www.hafniumtech.com\/wp-content\/uploads\/2025\/03\/168-53_.jpg\",\"contentUrl\":\"https:\/\/www.hafniumtech.com\/wp-content\/uploads\/2025\/03\/168-53_.jpg\",\"width\":336,\"height\":106,\"caption\":\"Shenzhen Hafnium Technology Co., Ltd.\"},\"image\":{\"@id\":\"https:\/\/www.hafniumtech.com\/#\/schema\/logo\/image\/\"},\"sameAs\":[\"https:\/\/www.facebook.com\/profile.php?id=61570267424696\",\"https:\/\/x.com\/HafniumTech\"]}]}<\/script>\n<meta property=\"product:price:amount\" content=\"0.00\" \/>\n<meta property=\"product:price:currency\" content=\"USD\" \/>\n<meta property=\"og:availability\" content=\"instock\" \/>\n<meta property=\"product:availability\" content=\"instock\" \/>\n<meta property=\"product:retailer_item_id\" content=\"LGK-63MA H160C\" \/>\n<meta property=\"product:condition\" content=\"new\" \/>\n<!-- \/ Yoast SEO Premium plugin. -->","yoast_head_json":{"title":"LGK-63MA Portable Inverter Plasma Cutter with 160C 8m Handheld Torch for Steel & Iron Cutting 220V Voltage Input - HafniumTech","robots":{"index":"index","follow":"follow","max-snippet":"max-snippet:-1","max-image-preview":"max-image-preview:large","max-video-preview":"max-video-preview:-1"},"canonical":"https:\/\/www.hafniumtech.com\/ar\/product\/lgk-63ma-portable-inverter-plasma-cutter-with-160c-8m-handheld-torch-for-steel-iron-cutting-220v-voltage-input\/","og_locale":"ar_AR","og_type":"article","og_title":"LGK-63MA Portable Inverter Plasma Cutter with 160C 8m Handheld Torch for Steel & Iron Cutting 220V Voltage Input","og_description":"Main Features Soft switch technology with stable cutting current High duty cycle for heavy industry use Cutting current up-slope technology to reduce loss of wearing parts Use compressed air as protection to save cost Gas check function for easy adjust the air pressure Specially designed for hand held cutting  Product Application Suit manual cut for carbon steel, alloy steel and nonferrous steel","og_url":"https:\/\/www.hafniumtech.com\/ar\/product\/lgk-63ma-portable-inverter-plasma-cutter-with-160c-8m-handheld-torch-for-steel-iron-cutting-220v-voltage-input\/","og_site_name":"HafniumTech","article_publisher":"https:\/\/www.facebook.com\/profile.php?id=61570267424696","article_modified_time":"2025-05-01T08:58:19+00:00","og_image":[{"width":800,"height":800,"url":"https:\/\/www.hafniumtech.com\/wp-content\/uploads\/2025\/05\/160C\u624b\u7528.png","type":"image\/png"}],"twitter_card":"summary_large_image","twitter_site":"@HafniumTech","twitter_misc":{"\u0627\u0644\u0633\u0639\u0631":"","\u0627\u0644\u062a\u0648\u0641\u0631":"\u0645\u062a\u0648\u0641\u0631 \u0641\u064a \u0627\u0644\u0645\u062e\u0632\u0648\u0646"},"schema":{"@context":"https:\/\/schema.org","@graph":[{"@type":"WebPage","@id":"https:\/\/www.hafniumtech.com\/product\/lgk-63ma-portable-inverter-plasma-cutter-with-160c-8m-handheld-torch-for-steel-iron-cutting-220v-voltage-input\/","url":"https:\/\/www.hafniumtech.com\/product\/lgk-63ma-portable-inverter-plasma-cutter-with-160c-8m-handheld-torch-for-steel-iron-cutting-220v-voltage-input\/","name":"LGK-63MA Portable Inverter Plasma Cutter with 160C 8m Handheld Torch for Steel & Iron Cutting 220V Voltage Input - HafniumTech","isPartOf":{"@id":"https:\/\/www.hafniumtech.com\/#website"},"primaryImageOfPage":{"@id":"https:\/\/www.hafniumtech.com\/product\/lgk-63ma-portable-inverter-plasma-cutter-with-160c-8m-handheld-torch-for-steel-iron-cutting-220v-voltage-input\/#primaryimage"},"image":{"@id":"https:\/\/www.hafniumtech.com\/product\/lgk-63ma-portable-inverter-plasma-cutter-with-160c-8m-handheld-torch-for-steel-iron-cutting-220v-voltage-input\/#primaryimage"},"thumbnailUrl":"https:\/\/www.hafniumtech.com\/wp-content\/uploads\/2025\/05\/160C\u624b\u7528.png","datePublished":"2025-05-01T08:34:29+00:00","dateModified":"2025-05-01T08:58:19+00:00","breadcrumb":{"@id":"https:\/\/www.hafniumtech.com\/product\/lgk-63ma-portable-inverter-plasma-cutter-with-160c-8m-handheld-torch-for-steel-iron-cutting-220v-voltage-input\/#breadcrumb"},"inLanguage":"ar","potentialAction":[{"@type":"ReadAction","target":["https:\/\/www.hafniumtech.com\/product\/lgk-63ma-portable-inverter-plasma-cutter-with-160c-8m-handheld-torch-for-steel-iron-cutting-220v-voltage-input\/"]}]},{"@type":"ImageObject","inLanguage":"ar","@id":"https:\/\/www.hafniumtech.com\/product\/lgk-63ma-portable-inverter-plasma-cutter-with-160c-8m-handheld-torch-for-steel-iron-cutting-220v-voltage-input\/#primaryimage","url":"https:\/\/www.hafniumtech.com\/wp-content\/uploads\/2025\/05\/160C\u624b\u7528.png","contentUrl":"https:\/\/www.hafniumtech.com\/wp-content\/uploads\/2025\/05\/160C\u624b\u7528.png","width":800,"height":800},{"@type":"BreadcrumbList","@id":"https:\/\/www.hafniumtech.com\/product\/lgk-63ma-portable-inverter-plasma-cutter-with-160c-8m-handheld-torch-for-steel-iron-cutting-220v-voltage-input\/#breadcrumb","itemListElement":[{"@type":"ListItem","position":1,"name":"\u9996\u9875","item":"https:\/\/www.hafniumtech.com\/"},{"@type":"ListItem","position":2,"name":"Product","item":"https:\/\/www.hafniumtech.com\/product\/"},{"@type":"ListItem","position":3,"name":"LGK-63MA Portable Inverter Plasma Cutter with 160C 8m Handheld Torch for Steel &#038; Iron Cutting 220V Voltage Input"}]},{"@type":"WebSite","@id":"https:\/\/www.hafniumtech.com\/#website","url":"https:\/\/www.hafniumtech.com\/","name":"Shenzhen Hafnium Technology Co., Ltd.","description":"","publisher":{"@id":"https:\/\/www.hafniumtech.com\/#organization"},"potentialAction":[{"@type":"SearchAction","target":{"@type":"EntryPoint","urlTemplate":"https:\/\/www.hafniumtech.com\/?s={search_term_string}"},"query-input":{"@type":"PropertyValueSpecification","valueRequired":true,"valueName":"search_term_string"}}],"inLanguage":"ar"},{"@type":"Organization","@id":"https:\/\/www.hafniumtech.com\/#organization","name":"Shenzhen Hafnium Technology Co., Ltd.","url":"https:\/\/www.hafniumtech.com\/","logo":{"@type":"ImageObject","inLanguage":"ar","@id":"https:\/\/www.hafniumtech.com\/#\/schema\/logo\/image\/","url":"https:\/\/www.hafniumtech.com\/wp-content\/uploads\/2025\/03\/168-53_.jpg","contentUrl":"https:\/\/www.hafniumtech.com\/wp-content\/uploads\/2025\/03\/168-53_.jpg","width":336,"height":106,"caption":"Shenzhen Hafnium Technology Co., Ltd."},"image":{"@id":"https:\/\/www.hafniumtech.com\/#\/schema\/logo\/image\/"},"sameAs":["https:\/\/www.facebook.com\/profile.php?id=61570267424696","https:\/\/x.com\/HafniumTech"]}]},"product_price_amount":"0.00","product_price_currency":"USD","og_availability":"instock","product_availability":"instock","product_retailer_item_id":"LGK-63MA H160C","product_condition":"new"},"_links":{"self":[{"href":"https:\/\/www.hafniumtech.com\/ar\/wp-json\/wp\/v2\/product\/3389","targetHints":{"allow":["GET"]}}],"collection":[{"href":"https:\/\/www.hafniumtech.com\/ar\/wp-json\/wp\/v2\/product"}],"about":[{"href":"https:\/\/www.hafniumtech.com\/ar\/wp-json\/wp\/v2\/types\/product"}],"replies":[{"embeddable":true,"href":"https:\/\/www.hafniumtech.com\/ar\/wp-json\/wp\/v2\/comments?post=3389"}],"wp:featuredmedia":[{"embeddable":true,"href":"https:\/\/www.hafniumtech.com\/ar\/wp-json\/wp\/v2\/media\/3392"}],"wp:attachment":[{"href":"https:\/\/www.hafniumtech.com\/ar\/wp-json\/wp\/v2\/media?parent=3389"}],"wp:term":[{"taxonomy":"product_brand","embeddable":true,"href":"https:\/\/www.hafniumtech.com\/ar\/wp-json\/wp\/v2\/product_brand?post=3389"},{"taxonomy":"product_cat","embeddable":true,"href":"https:\/\/www.hafniumtech.com\/ar\/wp-json\/wp\/v2\/product_cat?post=3389"},{"taxonomy":"product_tag","embeddable":true,"href":"https:\/\/www.hafniumtech.com\/ar\/wp-json\/wp\/v2\/product_tag?post=3389"}],"curies":[{"name":"wp","href":"https:\/\/api.w.org\/{rel}","templated":true}]}}