{"id":3362,"date":"2025-05-01T13:21:22","date_gmt":"2025-05-01T05:21:22","guid":{"rendered":"http:\/\/www.hafniumtech.com\/?post_type=product&#038;p=3362"},"modified":"2025-05-01T15:22:39","modified_gmt":"2025-05-01T07:22:39","slug":"lgk-200igbt-with-hft300b-for-cnc-addresses-heavy-duty-cutting-issues-with-robust-design","status":"publish","type":"product","link":"https:\/\/www.hafniumtech.com\/de\/produkt\/lgk-200igbt-with-hft300b-for-cnc-addresses-heavy-duty-cutting-issues-with-robust-design\/","title":{"rendered":"LGK-200IGBT mit HFT300B f\u00fcr CNC - Robuste Konstruktion f\u00fcr schwere Zerspanungsaufgaben"},"content":{"rendered":"<p>&nbsp;<\/p>\n<table style=\"height: 518px;\" width=\"931\">\n<tbody>\n<tr>\n<td rowspan=\"2\" width=\"279\">ltem<\/td>\n<td style=\"text-align: center;\" rowspan=\"2\" width=\"80\">Einheit<\/td>\n<td style=\"text-align: center;\" colspan=\"4\" width=\"492\">Modell<\/td>\n<\/tr>\n<tr>\n<td style=\"text-align: center;\" width=\"123\">LGK-63IGBT<\/td>\n<td style=\"text-align: center;\" width=\"123\">LGK-120IGBT<\/td>\n<td style=\"text-align: center;\" width=\"123\">LGK-160IGBT<\/td>\n<td style=\"text-align: center;\" width=\"123\">LGK-200IGBT<\/td>\n<\/tr>\n<tr>\n<td width=\"279\">\u00a0Eingangsleistung<\/td>\n<td style=\"text-align: center;\" width=\"80\">V\/Hz<\/td>\n<td style=\"text-align: center;\" colspan=\"4\" width=\"492\">3~380\u00b115% 50\/60Hz<\/td>\n<\/tr>\n<tr>\n<td width=\"279\">\u00a0Eingangsnennleistung<\/td>\n<td width=\"80\">KVA<\/td>\n<td style=\"text-align: center;\" width=\"123\">9.5<\/td>\n<td style=\"text-align: center;\" width=\"123\">22.4<\/td>\n<td style=\"text-align: center;\" width=\"123\">32.2<\/td>\n<td style=\"text-align: center;\" width=\"123\">38.8<\/td>\n<\/tr>\n<tr>\n<td width=\"279\">\u00a0Nenneingangsstrom<\/td>\n<td style=\"text-align: center;\" width=\"80\">A<\/td>\n<td style=\"text-align: center;\" width=\"123\">14.5<\/td>\n<td style=\"text-align: center;\" width=\"123\">34<\/td>\n<td style=\"text-align: center;\" width=\"123\">49<\/td>\n<td style=\"text-align: center;\" width=\"123\">71<\/td>\n<\/tr>\n<tr>\n<td width=\"279\">\u00a0Nennausgangsstrom<\/td>\n<td style=\"text-align: center;\" width=\"80\">A<\/td>\n<td style=\"text-align: center;\" width=\"123\">63<\/td>\n<td style=\"text-align: center;\" width=\"123\">120<\/td>\n<td style=\"text-align: center;\" width=\"123\">160<\/td>\n<td style=\"text-align: center;\" width=\"123\">200<\/td>\n<\/tr>\n<tr>\n<td width=\"279\">\u00a0Nennausgangsspannung<\/td>\n<td style=\"text-align: center;\" width=\"80\">V<\/td>\n<td style=\"text-align: center;\" width=\"123\">106<\/td>\n<td style=\"text-align: center;\" width=\"123\">128<\/td>\n<td style=\"text-align: center;\" width=\"123\">144<\/td>\n<td style=\"text-align: center;\" width=\"123\">160<\/td>\n<\/tr>\n<tr>\n<td width=\"279\">\u00a0Nenn-Leerlaufspannung<\/td>\n<td style=\"text-align: center;\" width=\"80\">V<\/td>\n<td style=\"text-align: center;\" width=\"123\">300<\/td>\n<td style=\"text-align: center;\" width=\"123\">300<\/td>\n<td style=\"text-align: center;\" width=\"123\">315<\/td>\n<td style=\"text-align: center;\" width=\"123\">315<\/td>\n<\/tr>\n<tr>\n<td width=\"279\">\u00a0Nenneinschaltdauer<\/td>\n<td width=\"80\"><\/td>\n<td style=\"text-align: center;\" width=\"123\">60%(40\u2103)<\/td>\n<td style=\"text-align: center;\" colspan=\"3\" width=\"369\">100% (40\u2103)<\/td>\n<\/tr>\n<tr>\n<td width=\"279\">\u00a0Ausgangsstrom Einstellbereich<\/td>\n<td style=\"text-align: center;\" width=\"80\">A<\/td>\n<td style=\"text-align: center;\" width=\"123\">30~63<\/td>\n<td style=\"text-align: center;\" width=\"123\">30~120<\/td>\n<td style=\"text-align: center;\" width=\"123\">40~160<\/td>\n<td style=\"text-align: center;\" width=\"123\">40~200<\/td>\n<\/tr>\n<tr>\n<td width=\"279\">\u00a0Verh\u00e4ltnis der Lichtbogenspannung zur Leistung<\/td>\n<td width=\"80\"><\/td>\n<td style=\"text-align: center;\" colspan=\"4\" width=\"492\">1:1\/1:20\/1:50\/1:100<\/td>\n<\/tr>\n<tr>\n<td width=\"279\">\u00a0Qualit\u00e4t Schnittdicke (Kohlenstoffstahl)<\/td>\n<td style=\"text-align: center;\" width=\"80\">mm<\/td>\n<td style=\"text-align: center;\" width=\"123\">15<\/td>\n<td style=\"text-align: center;\" width=\"123\">25<\/td>\n<td style=\"text-align: center;\" width=\"123\">30<\/td>\n<td style=\"text-align: center;\" width=\"123\">35<\/td>\n<\/tr>\n<tr>\n<td width=\"279\">\u00a0Handgehaltener Trennschnitt Dicke (Kohlenstoffstahl)<\/td>\n<td style=\"text-align: center;\" width=\"80\">mm<\/td>\n<td style=\"text-align: center;\" width=\"123\">25<\/td>\n<td style=\"text-align: center;\" width=\"123\">45<\/td>\n<td style=\"text-align: center;\" width=\"123\">55<\/td>\n<td style=\"text-align: center;\" width=\"123\">65<\/td>\n<\/tr>\n<tr>\n<td width=\"279\">\u00a0Plasma Gas<\/td>\n<td width=\"80\"><\/td>\n<td style=\"text-align: center;\" colspan=\"4\" width=\"492\">Pressluft<\/td>\n<\/tr>\n<tr>\n<td width=\"279\">\u00a0Luftdruck<\/td>\n<td style=\"text-align: center;\" width=\"80\">Mpa<\/td>\n<td style=\"text-align: center;\" width=\"123\">0.3~0.5<\/td>\n<td style=\"text-align: center;\" colspan=\"3\" width=\"369\">0.4~0.6<\/td>\n<\/tr>\n<tr>\n<td width=\"279\">\u00a0Brenner-K\u00fchlmodus<\/td>\n<td width=\"80\"><\/td>\n<td style=\"text-align: center;\" colspan=\"2\" width=\"246\">Luftk\u00fchlung<\/td>\n<td style=\"text-align: center;\" colspan=\"2\" width=\"246\">Luftk\u00fchlung\/Wasserk\u00fchlung<\/td>\n<\/tr>\n<tr>\n<td style=\"text-align: left;\" width=\"279\">\u00a0Stromquelle K\u00fchlungsmodus<\/td>\n<td style=\"text-align: center;\" width=\"80\"><\/td>\n<td style=\"text-align: center;\" colspan=\"4\" width=\"492\">Luftk\u00fchlung<\/td>\n<\/tr>\n<tr>\n<td style=\"text-align: left;\" width=\"279\">\u00a0Isolationsgrad<\/td>\n<td style=\"text-align: center;\" width=\"80\"><\/td>\n<td style=\"text-align: center;\" colspan=\"4\" width=\"492\">F<\/td>\n<\/tr>\n<tr>\n<td width=\"279\">\u00a0Schutz gegen Eindringen<\/td>\n<td width=\"80\"><\/td>\n<td style=\"text-align: center;\" colspan=\"4\" width=\"492\">IP21S<\/td>\n<\/tr>\n<tr>\n<td width=\"279\">\u00a0Abmessungen (LxBxH)<\/td>\n<td style=\"text-align: center;\" width=\"80\">mm<\/td>\n<td style=\"text-align: center;\" width=\"123\">585\u00d7280\u00d7485<\/td>\n<td style=\"text-align: center;\" width=\"123\">695x320x580<\/td>\n<td style=\"text-align: center;\" width=\"123\">800x380x610<\/td>\n<td style=\"text-align: center;\" width=\"123\">800x380x810<\/td>\n<\/tr>\n<tr>\n<td width=\"279\">\u00a0Nettogewicht<\/td>\n<td style=\"text-align: center;\" width=\"80\">Kg<\/td>\n<td style=\"text-align: center;\" width=\"123\">26<\/td>\n<td style=\"text-align: center;\" width=\"123\">52<\/td>\n<td style=\"text-align: center;\" width=\"123\">73<\/td>\n<td style=\"text-align: center;\" width=\"123\">82<\/td>\n<\/tr>\n<\/tbody>\n<\/table>","protected":false},"excerpt":{"rendered":"<p><strong>Hauptmerkmale<\/strong><\/p>\n<ul>\n<li>Mit Funktion zur \u00dcberwachung der Lebensdauer von Plasmabrennern<\/li>\n<li>Mit Gasdruck- und K\u00fchlmitteldurchflussanzeige, Detektions-, Warn- und Kontrollfunktion<\/li>\n<li>Gasvorstr\u00f6mung, Gasnachstr\u00f6mung und Stromanstiegszeit k\u00f6nnen separat eingestellt werden<\/li>\n<li>Mit automatischem Schutz vor \u00dcberhitzung und Unterspannung<\/li>\n<li>Funktion zur Anzeige von Fehlercodes<\/li>\n<li>Intelligenter Ventilator zur Staubreduzierung<\/li>\n<li>LGK- 120 HD mit konstanter Pilotlichtbogenfunktion, die f\u00fcr das Schneiden von Gitterplatten geeignet ist<\/li>\n<\/ul>\n<p>&nbsp;<\/p>\n<p><strong>Produkt Anwendung<\/strong><\/p>\n<ul>\n<li>Geeignet f\u00fcr den manuellen und automatischen Schnitt von Kohlenstoffstahl, legiertem Stahl und Nichteisenstahl<\/li>\n<\/ul>","protected":false},"featured_media":3363,"comment_status":"open","ping_status":"closed","template":"","meta":[],"product_brand":[],"product_cat":[53],"product_tag":[92,77,93,78,94,79,95,80,96,81,82,83,84,85,86,87,88,89,90,91],"class_list":{"0":"post-3362","1":"product","2":"type-product","3":"status-publish","4":"has-post-thumbnail","6":"product_cat-plasma-cutting-machine-plasma-cutter","7":"product_tag-lgk-120-cnc-plasma","8":"product_tag-200-amp-plasma-cutter","9":"product_tag-huayuan-aluminium-cnc-cutting-machine","10":"product_tag-lgk-200-hd-plasma","11":"product_tag-cnc-plasma-machine-lgk","12":"product_tag-lgk-200-cortador-de-plasma","13":"product_tag-cnc-plasma-lgk-120","14":"product_tag-nozzle-plasma-huayuan-200","15":"product_tag-lgk160-cnc","16":"product_tag-lgk-200a-nozzel-plasma","17":"product_tag-huayuan-lg-200ha-pro","18":"product_tag-lgk-plazma-200a","19":"product_tag-lgk-200igbt","20":"product_tag-lgk200-cnc","21":"product_tag-lgk200lgbt","22":"product_tag-lgk-200hd","23":"product_tag-lgk-200","24":"product_tag-lgk200a","25":"product_tag-cnc-plasma-steel-sheet-cutter","26":"product_tag-cnc-plasma-cutter-metal-cutting-machine","28":"first","29":"instock","30":"shipping-taxable","31":"product-type-simple"},"yoast_head":"<!-- This site is optimized with the Yoast SEO Premium plugin v25.0 (Yoast SEO v25.0) - https:\/\/yoast.com\/wordpress\/plugins\/seo\/ -->\n<title>LGK-200IGBT With HFT300B For CNC - Addresses Heavy-duty Cutting Issues with Robust Design - HafniumTech<\/title>\n<meta name=\"robots\" content=\"index, follow, max-snippet:-1, max-image-preview:large, max-video-preview:-1\" \/>\n<link rel=\"canonical\" href=\"https:\/\/www.hafniumtech.com\/de\/produkt\/lgk-200igbt-with-hft300b-for-cnc-addresses-heavy-duty-cutting-issues-with-robust-design\/\" \/>\n<meta property=\"og:locale\" content=\"de_DE\" \/>\n<meta property=\"og:type\" content=\"article\" \/>\n<meta property=\"og:title\" content=\"LGK-200IGBT With HFT300B For CNC - Addresses Heavy-duty Cutting Issues with Robust Design\" \/>\n<meta property=\"og:description\" content=\"Main Features   With plasma torch consumables life monitoring function  With gas pressure and coolant liquid flow displaying, detecting, warning and controlling function  The gas pre-flow, post-flow and current up-slope time can be set separately  With automatic protection of over-heating and lack voltage  Error code displaying function  Intelligent fan is used to reduce the dust  LGK- 120 HD with constant pilot arc strike function, which is suitable for grid plate cutting  &nbsp;  Product Application   Suit manual and automated cut for carbon steel, alloy steel and nonferrous steel\" \/>\n<meta property=\"og:url\" content=\"https:\/\/www.hafniumtech.com\/de\/produkt\/lgk-200igbt-with-hft300b-for-cnc-addresses-heavy-duty-cutting-issues-with-robust-design\/\" \/>\n<meta property=\"og:site_name\" content=\"HafniumTech\" \/>\n<meta property=\"article:publisher\" content=\"https:\/\/www.facebook.com\/profile.php?id=61570267424696\" \/>\n<meta property=\"article:modified_time\" content=\"2025-05-01T07:22:39+00:00\" \/>\n<meta property=\"og:image\" content=\"https:\/\/www.hafniumtech.com\/wp-content\/uploads\/2025\/05\/200IGBT-w-mc-300B-Torch.png\" \/>\n\t<meta property=\"og:image:width\" content=\"1000\" \/>\n\t<meta property=\"og:image:height\" content=\"1000\" \/>\n\t<meta property=\"og:image:type\" content=\"image\/png\" \/>\n<meta name=\"twitter:card\" content=\"summary_large_image\" \/>\n<meta name=\"twitter:site\" content=\"@HafniumTech\" \/>\n<meta name=\"twitter:label1\" content=\"Preis\" \/>\n\t<meta name=\"twitter:data1\" content=\"\" \/>\n\t<meta name=\"twitter:label2\" content=\"Verf\u00fcgbarkeit\" \/>\n\t<meta name=\"twitter:data2\" content=\"Auf Lager\" \/>\n<script type=\"application\/ld+json\" class=\"yoast-schema-graph\">{\"@context\":\"https:\/\/schema.org\",\"@graph\":[{\"@type\":\"WebPage\",\"@id\":\"https:\/\/www.hafniumtech.com\/product\/lgk-200igbt-with-hft300b-for-cnc-addresses-heavy-duty-cutting-issues-with-robust-design\/\",\"url\":\"https:\/\/www.hafniumtech.com\/product\/lgk-200igbt-with-hft300b-for-cnc-addresses-heavy-duty-cutting-issues-with-robust-design\/\",\"name\":\"LGK-200IGBT With HFT300B For CNC - Addresses Heavy-duty Cutting Issues with Robust Design - HafniumTech\",\"isPartOf\":{\"@id\":\"https:\/\/www.hafniumtech.com\/#website\"},\"primaryImageOfPage\":{\"@id\":\"https:\/\/www.hafniumtech.com\/product\/lgk-200igbt-with-hft300b-for-cnc-addresses-heavy-duty-cutting-issues-with-robust-design\/#primaryimage\"},\"image\":{\"@id\":\"https:\/\/www.hafniumtech.com\/product\/lgk-200igbt-with-hft300b-for-cnc-addresses-heavy-duty-cutting-issues-with-robust-design\/#primaryimage\"},\"thumbnailUrl\":\"https:\/\/www.hafniumtech.com\/wp-content\/uploads\/2025\/05\/200IGBT-w-mc-300B-Torch.png\",\"datePublished\":\"2025-05-01T05:21:22+00:00\",\"dateModified\":\"2025-05-01T07:22:39+00:00\",\"breadcrumb\":{\"@id\":\"https:\/\/www.hafniumtech.com\/product\/lgk-200igbt-with-hft300b-for-cnc-addresses-heavy-duty-cutting-issues-with-robust-design\/#breadcrumb\"},\"inLanguage\":\"de\",\"potentialAction\":[{\"@type\":\"ReadAction\",\"target\":[\"https:\/\/www.hafniumtech.com\/product\/lgk-200igbt-with-hft300b-for-cnc-addresses-heavy-duty-cutting-issues-with-robust-design\/\"]}]},{\"@type\":\"ImageObject\",\"inLanguage\":\"de\",\"@id\":\"https:\/\/www.hafniumtech.com\/product\/lgk-200igbt-with-hft300b-for-cnc-addresses-heavy-duty-cutting-issues-with-robust-design\/#primaryimage\",\"url\":\"https:\/\/www.hafniumtech.com\/wp-content\/uploads\/2025\/05\/200IGBT-w-mc-300B-Torch.png\",\"contentUrl\":\"https:\/\/www.hafniumtech.com\/wp-content\/uploads\/2025\/05\/200IGBT-w-mc-300B-Torch.png\",\"width\":1000,\"height\":1000},{\"@type\":\"BreadcrumbList\",\"@id\":\"https:\/\/www.hafniumtech.com\/product\/lgk-200igbt-with-hft300b-for-cnc-addresses-heavy-duty-cutting-issues-with-robust-design\/#breadcrumb\",\"itemListElement\":[{\"@type\":\"ListItem\",\"position\":1,\"name\":\"\u9996\u9875\",\"item\":\"https:\/\/www.hafniumtech.com\/\"},{\"@type\":\"ListItem\",\"position\":2,\"name\":\"Product\",\"item\":\"https:\/\/www.hafniumtech.com\/product\/\"},{\"@type\":\"ListItem\",\"position\":3,\"name\":\"LGK-200IGBT With HFT300B For CNC &#8211; Addresses Heavy-duty Cutting Issues with Robust Design\"}]},{\"@type\":\"WebSite\",\"@id\":\"https:\/\/www.hafniumtech.com\/#website\",\"url\":\"https:\/\/www.hafniumtech.com\/\",\"name\":\"Shenzhen Hafnium Technology Co., Ltd.\",\"description\":\"\",\"publisher\":{\"@id\":\"https:\/\/www.hafniumtech.com\/#organization\"},\"potentialAction\":[{\"@type\":\"SearchAction\",\"target\":{\"@type\":\"EntryPoint\",\"urlTemplate\":\"https:\/\/www.hafniumtech.com\/?s={search_term_string}\"},\"query-input\":{\"@type\":\"PropertyValueSpecification\",\"valueRequired\":true,\"valueName\":\"search_term_string\"}}],\"inLanguage\":\"de\"},{\"@type\":\"Organization\",\"@id\":\"https:\/\/www.hafniumtech.com\/#organization\",\"name\":\"Shenzhen Hafnium Technology Co., Ltd.\",\"url\":\"https:\/\/www.hafniumtech.com\/\",\"logo\":{\"@type\":\"ImageObject\",\"inLanguage\":\"de\",\"@id\":\"https:\/\/www.hafniumtech.com\/#\/schema\/logo\/image\/\",\"url\":\"https:\/\/www.hafniumtech.com\/wp-content\/uploads\/2025\/03\/168-53_.jpg\",\"contentUrl\":\"https:\/\/www.hafniumtech.com\/wp-content\/uploads\/2025\/03\/168-53_.jpg\",\"width\":336,\"height\":106,\"caption\":\"Shenzhen Hafnium Technology Co., Ltd.\"},\"image\":{\"@id\":\"https:\/\/www.hafniumtech.com\/#\/schema\/logo\/image\/\"},\"sameAs\":[\"https:\/\/www.facebook.com\/profile.php?id=61570267424696\",\"https:\/\/x.com\/HafniumTech\"]}]}<\/script>\n<meta property=\"product:price:amount\" content=\"0.00\" \/>\n<meta property=\"product:price:currency\" content=\"USD\" \/>\n<meta property=\"og:availability\" content=\"instock\" \/>\n<meta property=\"product:availability\" content=\"instock\" \/>\n<meta property=\"product:retailer_item_id\" content=\"LGK-200IGBT 300B\" \/>\n<meta property=\"product:condition\" content=\"new\" \/>\n<!-- \/ Yoast SEO Premium plugin. -->","yoast_head_json":{"title":"LGK-200IGBT With HFT300B For CNC - Addresses Heavy-duty Cutting Issues with Robust Design - HafniumTech","robots":{"index":"index","follow":"follow","max-snippet":"max-snippet:-1","max-image-preview":"max-image-preview:large","max-video-preview":"max-video-preview:-1"},"canonical":"https:\/\/www.hafniumtech.com\/de\/produkt\/lgk-200igbt-with-hft300b-for-cnc-addresses-heavy-duty-cutting-issues-with-robust-design\/","og_locale":"de_DE","og_type":"article","og_title":"LGK-200IGBT With HFT300B For CNC - Addresses Heavy-duty Cutting Issues with Robust Design","og_description":"Main Features   With plasma torch consumables life monitoring function  With gas pressure and coolant liquid flow displaying, detecting, warning and controlling function  The gas pre-flow, post-flow and current up-slope time can be set separately  With automatic protection of over-heating and lack voltage  Error code displaying function  Intelligent fan is used to reduce the dust  LGK- 120 HD with constant pilot arc strike function, which is suitable for grid plate cutting  &nbsp;  Product Application   Suit manual and automated cut for carbon steel, alloy steel and nonferrous steel","og_url":"https:\/\/www.hafniumtech.com\/de\/produkt\/lgk-200igbt-with-hft300b-for-cnc-addresses-heavy-duty-cutting-issues-with-robust-design\/","og_site_name":"HafniumTech","article_publisher":"https:\/\/www.facebook.com\/profile.php?id=61570267424696","article_modified_time":"2025-05-01T07:22:39+00:00","og_image":[{"width":1000,"height":1000,"url":"https:\/\/www.hafniumtech.com\/wp-content\/uploads\/2025\/05\/200IGBT-w-mc-300B-Torch.png","type":"image\/png"}],"twitter_card":"summary_large_image","twitter_site":"@HafniumTech","twitter_misc":{"Preis":"","Verf\u00fcgbarkeit":"Auf Lager"},"schema":{"@context":"https:\/\/schema.org","@graph":[{"@type":"WebPage","@id":"https:\/\/www.hafniumtech.com\/product\/lgk-200igbt-with-hft300b-for-cnc-addresses-heavy-duty-cutting-issues-with-robust-design\/","url":"https:\/\/www.hafniumtech.com\/product\/lgk-200igbt-with-hft300b-for-cnc-addresses-heavy-duty-cutting-issues-with-robust-design\/","name":"LGK-200IGBT With HFT300B For CNC - Addresses Heavy-duty Cutting Issues with Robust Design - HafniumTech","isPartOf":{"@id":"https:\/\/www.hafniumtech.com\/#website"},"primaryImageOfPage":{"@id":"https:\/\/www.hafniumtech.com\/product\/lgk-200igbt-with-hft300b-for-cnc-addresses-heavy-duty-cutting-issues-with-robust-design\/#primaryimage"},"image":{"@id":"https:\/\/www.hafniumtech.com\/product\/lgk-200igbt-with-hft300b-for-cnc-addresses-heavy-duty-cutting-issues-with-robust-design\/#primaryimage"},"thumbnailUrl":"https:\/\/www.hafniumtech.com\/wp-content\/uploads\/2025\/05\/200IGBT-w-mc-300B-Torch.png","datePublished":"2025-05-01T05:21:22+00:00","dateModified":"2025-05-01T07:22:39+00:00","breadcrumb":{"@id":"https:\/\/www.hafniumtech.com\/product\/lgk-200igbt-with-hft300b-for-cnc-addresses-heavy-duty-cutting-issues-with-robust-design\/#breadcrumb"},"inLanguage":"de","potentialAction":[{"@type":"ReadAction","target":["https:\/\/www.hafniumtech.com\/product\/lgk-200igbt-with-hft300b-for-cnc-addresses-heavy-duty-cutting-issues-with-robust-design\/"]}]},{"@type":"ImageObject","inLanguage":"de","@id":"https:\/\/www.hafniumtech.com\/product\/lgk-200igbt-with-hft300b-for-cnc-addresses-heavy-duty-cutting-issues-with-robust-design\/#primaryimage","url":"https:\/\/www.hafniumtech.com\/wp-content\/uploads\/2025\/05\/200IGBT-w-mc-300B-Torch.png","contentUrl":"https:\/\/www.hafniumtech.com\/wp-content\/uploads\/2025\/05\/200IGBT-w-mc-300B-Torch.png","width":1000,"height":1000},{"@type":"BreadcrumbList","@id":"https:\/\/www.hafniumtech.com\/product\/lgk-200igbt-with-hft300b-for-cnc-addresses-heavy-duty-cutting-issues-with-robust-design\/#breadcrumb","itemListElement":[{"@type":"ListItem","position":1,"name":"\u9996\u9875","item":"https:\/\/www.hafniumtech.com\/"},{"@type":"ListItem","position":2,"name":"Product","item":"https:\/\/www.hafniumtech.com\/product\/"},{"@type":"ListItem","position":3,"name":"LGK-200IGBT With HFT300B For CNC &#8211; Addresses Heavy-duty Cutting Issues with Robust Design"}]},{"@type":"WebSite","@id":"https:\/\/www.hafniumtech.com\/#website","url":"https:\/\/www.hafniumtech.com\/","name":"Shenzhen Hafnium Technology Co., Ltd.","description":"","publisher":{"@id":"https:\/\/www.hafniumtech.com\/#organization"},"potentialAction":[{"@type":"SearchAction","target":{"@type":"EntryPoint","urlTemplate":"https:\/\/www.hafniumtech.com\/?s={search_term_string}"},"query-input":{"@type":"PropertyValueSpecification","valueRequired":true,"valueName":"search_term_string"}}],"inLanguage":"de"},{"@type":"Organization","@id":"https:\/\/www.hafniumtech.com\/#organization","name":"Shenzhen Hafnium Technology Co., Ltd.","url":"https:\/\/www.hafniumtech.com\/","logo":{"@type":"ImageObject","inLanguage":"de","@id":"https:\/\/www.hafniumtech.com\/#\/schema\/logo\/image\/","url":"https:\/\/www.hafniumtech.com\/wp-content\/uploads\/2025\/03\/168-53_.jpg","contentUrl":"https:\/\/www.hafniumtech.com\/wp-content\/uploads\/2025\/03\/168-53_.jpg","width":336,"height":106,"caption":"Shenzhen Hafnium Technology Co., Ltd."},"image":{"@id":"https:\/\/www.hafniumtech.com\/#\/schema\/logo\/image\/"},"sameAs":["https:\/\/www.facebook.com\/profile.php?id=61570267424696","https:\/\/x.com\/HafniumTech"]}]},"product_price_amount":"0.00","product_price_currency":"USD","og_availability":"instock","product_availability":"instock","product_retailer_item_id":"LGK-200IGBT 300B","product_condition":"new"},"_links":{"self":[{"href":"https:\/\/www.hafniumtech.com\/de\/wp-json\/wp\/v2\/product\/3362","targetHints":{"allow":["GET"]}}],"collection":[{"href":"https:\/\/www.hafniumtech.com\/de\/wp-json\/wp\/v2\/product"}],"about":[{"href":"https:\/\/www.hafniumtech.com\/de\/wp-json\/wp\/v2\/types\/product"}],"replies":[{"embeddable":true,"href":"https:\/\/www.hafniumtech.com\/de\/wp-json\/wp\/v2\/comments?post=3362"}],"wp:featuredmedia":[{"embeddable":true,"href":"https:\/\/www.hafniumtech.com\/de\/wp-json\/wp\/v2\/media\/3363"}],"wp:attachment":[{"href":"https:\/\/www.hafniumtech.com\/de\/wp-json\/wp\/v2\/media?parent=3362"}],"wp:term":[{"taxonomy":"product_brand","embeddable":true,"href":"https:\/\/www.hafniumtech.com\/de\/wp-json\/wp\/v2\/product_brand?post=3362"},{"taxonomy":"product_cat","embeddable":true,"href":"https:\/\/www.hafniumtech.com\/de\/wp-json\/wp\/v2\/product_cat?post=3362"},{"taxonomy":"product_tag","embeddable":true,"href":"https:\/\/www.hafniumtech.com\/de\/wp-json\/wp\/v2\/product_tag?post=3362"}],"curies":[{"name":"wp","href":"https:\/\/api.w.org\/{rel}","templated":true}]}}