{"id":3404,"date":"2025-05-01T17:24:54","date_gmt":"2025-05-01T09:24:54","guid":{"rendered":"http:\/\/www.hafniumtech.com\/?post_type=product&#038;p=3404"},"modified":"2025-05-02T19:58:34","modified_gmt":"2025-05-02T11:58:34","slug":"zx7-400m1-dual-wide-voltage-portable-manual-metal-arc-welder-small-and-efficient-mma-machines-for-home-and-construction-220v-new-condition","status":"publish","type":"product","link":"https:\/\/www.hafniumtech.com\/de\/produkt\/zx7-400m1-dual-wide-voltage-portable-manual-metal-arc-welder-small-and-efficient-mma-machines-for-home-and-construction-220v-new-condition\/","title":{"rendered":"ZX7-400M1 Dual Wide Voltage Portable Manual Metal Arc Welder Kleine und effiziente MMA Maschinen f\u00fcr Haus und Bau 220V Neuer Zustand"},"content":{"rendered":"<table style=\"border-collapse: collapse; width: 903px; height: 389px;\" border=\"0\" width=\"1121\" cellspacing=\"0\" cellpadding=\"0\">\n<tbody>\n<tr style=\"height: 14.00pt;\">\n<td class=\"et2\" style=\"height: 28pt; width: 161pt; text-align: center;\" rowspan=\"2\" width=\"322\" height=\"56\">ltem<\/td>\n<td class=\"et2\" style=\"width: 27.5pt; text-align: center;\" rowspan=\"2\" width=\"55\">Einheit<\/td>\n<td class=\"et2\" style=\"width: 186pt; text-align: center;\" colspan=\"2\" width=\"372\">ZX7-315M1<\/td>\n<td class=\"et2\" style=\"width: 186pt; text-align: center;\" colspan=\"2\" width=\"372\">ZX7-400M1<\/td>\n<\/tr>\n<tr style=\"height: 14.00pt;\">\n<td class=\"et2\" style=\"width: 93pt; text-align: center;\" width=\"186\">220V<\/td>\n<td class=\"et2\" style=\"width: 93pt; text-align: center;\" width=\"186\">380V<\/td>\n<td class=\"et2\" style=\"width: 93pt; text-align: center;\" width=\"186\">220V<\/td>\n<td class=\"et2\" style=\"width: 93pt; text-align: center;\" width=\"186\">380V<\/td>\n<\/tr>\n<tr style=\"height: 14.00pt;\">\n<td class=\"et3\" style=\"height: 14.00pt; width: 161.00pt;\" width=\"322\" height=\"28\">Eingangsspannung<\/td>\n<td class=\"et4\" style=\"width: 27.5pt; text-align: center;\" width=\"55\">V\/Hz<\/td>\n<td class=\"et4\" style=\"width: 93pt; text-align: center;\" width=\"186\">220\u00b115% 50\/60Hz<\/td>\n<td class=\"et4\" style=\"width: 93pt; text-align: center;\" width=\"186\">380\u00b115% 50\/60Hz<\/td>\n<td class=\"et4\" style=\"width: 93pt; text-align: center;\" width=\"186\">220\u00b115% 50\/60Hz<\/td>\n<td class=\"et4\" style=\"width: 93pt; text-align: center;\" width=\"186\">380\u00b115% 50\/60Hz<\/td>\n<\/tr>\n<tr style=\"height: 14.00pt;\">\n<td class=\"et3\" style=\"height: 14.00pt; width: 161.00pt;\" width=\"322\" height=\"28\">Nenn-Eingangsleistung<\/td>\n<td class=\"et4\" style=\"width: 27.5pt; text-align: center;\" width=\"55\">kVA<\/td>\n<td class=\"et4\" style=\"width: 93pt; text-align: center;\" width=\"186\">9.2<\/td>\n<td class=\"et4\" style=\"width: 93pt; text-align: center;\" width=\"186\">10.4<\/td>\n<td class=\"et4\" style=\"width: 93pt; text-align: center;\" width=\"186\">12.5<\/td>\n<td class=\"et4\" style=\"width: 93pt; text-align: center;\" width=\"186\">14.4<\/td>\n<\/tr>\n<tr style=\"height: 14.00pt;\">\n<td class=\"et3\" style=\"height: 14.00pt; width: 161.00pt;\" width=\"322\" height=\"28\">Nenneingangsstrom<\/td>\n<td class=\"et4\" style=\"width: 27.5pt; text-align: center;\" width=\"55\">A<\/td>\n<td class=\"et4\" style=\"width: 93pt; text-align: center;\" width=\"186\">40<\/td>\n<td class=\"et4\" style=\"width: 93pt; text-align: center;\" width=\"186\">23.4<\/td>\n<td class=\"et4\" style=\"width: 93pt; text-align: center;\" width=\"186\">56.5<\/td>\n<td class=\"et4\" style=\"width: 93pt; text-align: center;\" width=\"186\">32.1<\/td>\n<\/tr>\n<tr style=\"height: 14.00pt;\">\n<td class=\"et3\" style=\"height: 14.00pt; width: 161.00pt;\" width=\"322\" height=\"28\">Eingangsnennspannung bei offenem Stromkreis<\/td>\n<td class=\"et4\" style=\"width: 27.5pt; text-align: center;\" width=\"55\"><\/td>\n<td class=\"et4\" style=\"width: 93pt; text-align: center;\" width=\"186\">76<\/td>\n<td class=\"et4\" style=\"width: 93pt; text-align: center;\" width=\"186\">64<\/td>\n<td class=\"et4\" style=\"width: 93pt; text-align: center;\" width=\"186\">82<\/td>\n<td class=\"et4\" style=\"width: 93pt; text-align: center;\" width=\"186\">72<\/td>\n<\/tr>\n<tr style=\"height: 14.00pt;\">\n<td class=\"et3\" style=\"height: 14.00pt; width: 161.00pt;\" width=\"322\" height=\"28\">Nenneinschaltdauer<\/td>\n<td class=\"et4\" style=\"width: 27.5pt; text-align: center;\" width=\"55\"><\/td>\n<td class=\"et4\" style=\"width: 372pt; text-align: center;\" colspan=\"4\" width=\"744\">30%(40\u2103)<\/td>\n<\/tr>\n<tr style=\"height: 14.00pt;\">\n<td class=\"et3\" style=\"height: 14.00pt; width: 161.00pt;\" width=\"322\" height=\"28\">Wirkungsgrad<\/td>\n<td class=\"et4\" style=\"width: 27.5pt; text-align: center;\" width=\"55\"><\/td>\n<td class=\"et5\" style=\"width: 93pt; text-align: center;\" width=\"186\">83%<\/td>\n<td class=\"et5\" style=\"width: 93pt; text-align: center;\" width=\"186\">84%<\/td>\n<td class=\"et5\" style=\"width: 93pt; text-align: center;\" width=\"186\">85%<\/td>\n<td class=\"et5\" style=\"width: 93pt; text-align: center;\" width=\"186\">87%<\/td>\n<\/tr>\n<tr style=\"height: 14.00pt;\">\n<td class=\"et3\" style=\"height: 14.00pt; width: 161.00pt;\" width=\"322\" height=\"28\">Leistungsfaktor<\/td>\n<td class=\"et4\" style=\"width: 27.5pt; text-align: center;\" width=\"55\"><\/td>\n<td class=\"et4\" style=\"width: 93pt; text-align: center;\" width=\"186\">0.66<\/td>\n<td class=\"et4\" style=\"width: 93pt; text-align: center;\" width=\"186\">0.64<\/td>\n<td class=\"et4\" style=\"width: 186pt; text-align: center;\" colspan=\"2\" width=\"372\">0.7<\/td>\n<\/tr>\n<tr style=\"height: 14.00pt;\">\n<td class=\"et3\" style=\"height: 14.00pt; width: 161.00pt;\" width=\"322\" height=\"28\">Ausgangsstrom-Anpassungsbereich<\/td>\n<td class=\"et4\" style=\"width: 27.5pt; text-align: center;\" width=\"55\">A<\/td>\n<td class=\"et4\" style=\"width: 186pt; text-align: center;\" colspan=\"2\" width=\"372\">25\uff5e180<\/td>\n<td class=\"et4\" style=\"width: 186pt; text-align: center;\" colspan=\"2\" width=\"372\">25~250<\/td>\n<\/tr>\n<tr style=\"height: 14.00pt;\">\n<td class=\"et3\" style=\"height: 14.00pt; width: 161.00pt;\" width=\"322\" height=\"28\">Geeigneter Elektrodendurchmesser<\/td>\n<td class=\"et4\" style=\"width: 27.5pt; text-align: center;\" width=\"55\">mm<\/td>\n<td class=\"et4\" style=\"width: 186pt; text-align: center;\" colspan=\"2\" width=\"372\">\u2264\u00d84<\/td>\n<td class=\"et4\" style=\"width: 186pt; text-align: center;\" colspan=\"2\" width=\"372\">\u2264\u00d85<\/td>\n<\/tr>\n<tr style=\"height: 14.00pt;\">\n<td class=\"et3\" style=\"height: 14.00pt; width: 161.00pt;\" width=\"322\" height=\"28\">K\u00fchlungsmodus<\/td>\n<td class=\"et4\" style=\"width: 27.5pt; text-align: center;\" width=\"55\"><\/td>\n<td class=\"et4\" style=\"width: 372pt; text-align: center;\" colspan=\"4\" width=\"744\">Luftk\u00fchlung<\/td>\n<\/tr>\n<tr style=\"height: 14.00pt;\">\n<td class=\"et3\" style=\"height: 14.00pt; width: 161.00pt;\" width=\"322\" height=\"28\">Isolationsgrad<\/td>\n<td class=\"et4\" style=\"width: 27.5pt; text-align: center;\" width=\"55\"><\/td>\n<td class=\"et4\" style=\"width: 372pt; text-align: center;\" colspan=\"4\" width=\"744\">F Note<\/td>\n<\/tr>\n<tr style=\"height: 14.00pt;\">\n<td class=\"et3\" style=\"height: 14.00pt; width: 161.00pt;\" width=\"322\" height=\"28\">Schutz gegen Eindringen<\/td>\n<td class=\"et4\" style=\"width: 27.5pt; text-align: center;\" width=\"55\"><\/td>\n<td class=\"et4\" style=\"width: 372pt; text-align: center;\" colspan=\"4\" width=\"744\">IP21S<\/td>\n<\/tr>\n<tr style=\"height: 14.00pt;\">\n<td class=\"et3\" style=\"height: 14.00pt; width: 161.00pt;\" width=\"322\" height=\"28\">Abmessungen (L*B*H)<\/td>\n<td class=\"et4\" style=\"width: 27.5pt; text-align: center;\" width=\"55\">mm<\/td>\n<td class=\"et4\" style=\"width: 186pt; text-align: center;\" colspan=\"2\" width=\"372\">300\u00d7275\u00d7330<\/td>\n<td class=\"et4\" style=\"width: 186pt; text-align: center;\" colspan=\"2\" width=\"372\">455\u00d7215\u00d7390<\/td>\n<\/tr>\n<tr style=\"height: 14.00pt;\">\n<td class=\"et3\" style=\"height: 14pt; width: 161pt; text-align: left;\" width=\"322\" height=\"28\">Nettogewicht<\/td>\n<td class=\"et4\" style=\"width: 27.5pt;\" width=\"55\">kg<\/td>\n<td class=\"et4\" style=\"width: 186pt;\" colspan=\"2\" width=\"372\">7<\/td>\n<td class=\"et4\" style=\"width: 186pt;\" colspan=\"2\" width=\"372\">12<\/td>\n<\/tr>\n<\/tbody>\n<\/table>","protected":false},"excerpt":{"rendered":"<h3 class=\"\" data-start=\"0\" data-end=\"28\"><strong data-start=\"4\" data-end=\"28\">Produktanwendungen<\/strong><\/h3>\n<ul data-start=\"30\" data-end=\"821\">\n<li class=\"\" data-start=\"30\" data-end=\"116\">\n<p class=\"\" data-start=\"32\" data-end=\"116\"><strong data-start=\"32\" data-end=\"46\">Materialien:<\/strong> Stahl mit niedrigem Kohlenstoffgehalt, Stahl mit mittlerem Kohlenstoffgehalt, legierter Stahl, rostfreier Stahl<\/p>\n<\/li>\n<li class=\"\" data-start=\"117\" data-end=\"248\">\n<p class=\"\" data-start=\"119\" data-end=\"136\"><strong data-start=\"119\" data-end=\"134\">Elektroden:<\/strong><\/p>\n<ul data-start=\"139\" data-end=\"248\">\n<li class=\"\" data-start=\"139\" data-end=\"192\">\n<p class=\"\" data-start=\"141\" data-end=\"192\"><strong data-start=\"141\" data-end=\"155\">ZX7-315M1:<\/strong> \u03a6\u22644 mm (sauer, alkalisch, rostfrei)<\/p>\n<\/li>\n<li class=\"\" data-start=\"195\" data-end=\"248\">\n<p class=\"\" data-start=\"197\" data-end=\"248\"><strong data-start=\"197\" data-end=\"211\">ZX7-400M1:<\/strong> \u03a6\u22645 mm (sauer, alkalisch, rostfrei)<\/p>\n<\/li>\n<\/ul>\n<\/li>\n<li class=\"\" data-start=\"249\" data-end=\"410\">\n<p class=\"\" data-start=\"251\" data-end=\"410\"><strong data-start=\"251\" data-end=\"268\">Umgebungen:<\/strong> Baustellen, leichtindustrielle Gesch\u00e4fte, Innen- und Au\u00dfendekoration, Eisenwarengesch\u00e4fte, kleine Stahlkonstruktionen, Reparaturen von Ger\u00e4ten<\/p>\n<\/li>\n<li class=\"\" data-start=\"411\" data-end=\"538\">\n<p class=\"\" data-start=\"413\" data-end=\"538\"><strong data-start=\"413\" data-end=\"434\">Leistungsbedingungen:<\/strong> Stabiles Schwei\u00dfen auch bei schwankenden Netzen oder 300 m \/ 50 mm\u00b2 Kabelf\u00fchrung (ZX7-400M1 + \u03a64 mm Elektrode)<\/p>\n<\/li>\n<li class=\"\" data-start=\"539\" data-end=\"746\">\n<p class=\"\" data-start=\"541\" data-end=\"570\"><strong data-start=\"541\" data-end=\"568\">Schutz und Stabilit\u00e4t:<\/strong><\/p>\n<ul data-start=\"573\" data-end=\"746\">\n<li class=\"\" data-start=\"573\" data-end=\"632\">\n<p class=\"\" data-start=\"575\" data-end=\"632\">Der Kurzschlussschutz sch\u00fctzt die internen Komponenten<\/p>\n<\/li>\n<li class=\"\" data-start=\"635\" data-end=\"687\">\n<p class=\"\" data-start=\"637\" data-end=\"687\">Lichtbogenkrafteinstellung verhindert das Festkleben der Elektrode<\/p>\n<\/li>\n<li class=\"\" data-start=\"690\" data-end=\"746\">\n<p class=\"\" data-start=\"692\" data-end=\"746\">Filterreaktor f\u00fcr unterbrechungsfreie, glatte Schwei\u00dfn\u00e4hte<\/p>\n<\/li>\n<\/ul>\n<\/li>\n<li class=\"\" data-start=\"747\" data-end=\"821\">\n<p class=\"\" data-start=\"749\" data-end=\"821\"><strong data-start=\"749\" data-end=\"761\">K\u00fchlung:<\/strong> Intelligentes Gebl\u00e4se mit zwei Geschwindigkeiten, das sich automatisch an die Innentemperatur anpasst<\/p>\n<\/li>\n<\/ul>","protected":false},"featured_media":3405,"comment_status":"open","ping_status":"closed","template":"","meta":[],"product_brand":[],"product_cat":[15,57],"product_tag":[147,148,149,150,151,152,153,154,155,156,157,158],"class_list":{"0":"post-3404","1":"product","2":"type-product","3":"status-publish","4":"has-post-thumbnail","6":"product_cat-welding-machine-welder","7":"product_cat-mma-arc-welding-machine","8":"product_tag-mma-welding-machine","9":"product_tag-civil-welder","10":"product_tag-mma-welder","11":"product_tag-zx7-400m","12":"product_tag-small-manual-metal-arc-welder","13":"product_tag-mma-portable-welding-machine","14":"product_tag-construction-welder","15":"product_tag-efficient-manual-metal-arc-welder","16":"product_tag-portable-welding-machine-for-home-use","17":"product_tag-construction-welding-equipment","18":"product_tag-portable-metal-arc-welder","19":"product_tag-home-use-welder","21":"first","22":"instock","23":"shipping-taxable","24":"product-type-simple"},"yoast_head":"<!-- This site is optimized with the Yoast SEO Premium plugin v25.0 (Yoast SEO v25.0) - https:\/\/yoast.com\/wordpress\/plugins\/seo\/ -->\n<title>ZX7-400M1 Dual Wide Voltage Portable Manual Metal Arc Welder Small and Efficient MMA Machines for Home and Construction 220V New Condition - HafniumTech<\/title>\n<meta name=\"robots\" content=\"index, follow, max-snippet:-1, max-image-preview:large, max-video-preview:-1\" \/>\n<link rel=\"canonical\" href=\"https:\/\/www.hafniumtech.com\/de\/produkt\/zx7-400m1-dual-wide-voltage-portable-manual-metal-arc-welder-small-and-efficient-mma-machines-for-home-and-construction-220v-new-condition\/\" \/>\n<meta property=\"og:locale\" content=\"de_DE\" \/>\n<meta property=\"og:type\" content=\"article\" \/>\n<meta property=\"og:title\" content=\"ZX7-400M1 Dual Wide Voltage Portable Manual Metal Arc Welder Small and Efficient MMA Machines for Home and Construction 220V New Condition\" \/>\n<meta property=\"og:description\" content=\"Product Applications    Materials: Low\u2010carbon steel, medium\u2010carbon steel, alloy steel, stainless steel    Electrodes:     ZX7-315M1: \u03a6\u22644 mm (acid, alkaline, stainless)    ZX7-400M1: \u03a6\u22645 mm (acid, alkaline, stainless)      Environments: Construction sites, light\u2010industrial shops, interior\/exterior decoration, hardware shops, small steel\u2010structure installs, equipment repairs    Power Conditions: Stable welding even with fluctuating grids or 300 m \/ 50 mm\u00b2 cable runs (ZX7-400M1 + \u03a64 mm electrode)    Protection &amp; Stability:     Short-circuit protection safeguards internal components    Arc-force adjustment prevents electrode sticking    Filter reactor ensures no-interruption, smooth welds      Cooling: Smart dual-speed fan auto-adjusts to internal temperature\" \/>\n<meta property=\"og:url\" content=\"https:\/\/www.hafniumtech.com\/de\/produkt\/zx7-400m1-dual-wide-voltage-portable-manual-metal-arc-welder-small-and-efficient-mma-machines-for-home-and-construction-220v-new-condition\/\" \/>\n<meta property=\"og:site_name\" content=\"HafniumTech\" \/>\n<meta property=\"article:publisher\" content=\"https:\/\/www.facebook.com\/profile.php?id=61570267424696\" \/>\n<meta property=\"article:modified_time\" content=\"2025-05-02T11:58:34+00:00\" \/>\n<meta property=\"og:image\" content=\"https:\/\/www.hafniumtech.com\/wp-content\/uploads\/2025\/05\/1-2.png\" \/>\n\t<meta property=\"og:image:width\" content=\"1000\" \/>\n\t<meta property=\"og:image:height\" content=\"1000\" \/>\n\t<meta property=\"og:image:type\" content=\"image\/png\" \/>\n<meta name=\"twitter:card\" content=\"summary_large_image\" \/>\n<meta name=\"twitter:site\" content=\"@HafniumTech\" \/>\n<meta name=\"twitter:label1\" content=\"Preis\" \/>\n\t<meta name=\"twitter:data1\" content=\"\" \/>\n\t<meta name=\"twitter:label2\" content=\"Verf\u00fcgbarkeit\" \/>\n\t<meta name=\"twitter:data2\" content=\"Auf Lager\" \/>\n<script type=\"application\/ld+json\" class=\"yoast-schema-graph\">{\"@context\":\"https:\/\/schema.org\",\"@graph\":[{\"@type\":\"WebPage\",\"@id\":\"https:\/\/www.hafniumtech.com\/product\/zx7-400m1-dual-wide-voltage-portable-manual-metal-arc-welder-small-and-efficient-mma-machines-for-home-and-construction-220v-new-condition\/\",\"url\":\"https:\/\/www.hafniumtech.com\/product\/zx7-400m1-dual-wide-voltage-portable-manual-metal-arc-welder-small-and-efficient-mma-machines-for-home-and-construction-220v-new-condition\/\",\"name\":\"ZX7-400M1 Dual Wide Voltage Portable Manual Metal Arc Welder Small and Efficient MMA Machines for Home and Construction 220V New Condition - HafniumTech\",\"isPartOf\":{\"@id\":\"https:\/\/www.hafniumtech.com\/#website\"},\"primaryImageOfPage\":{\"@id\":\"https:\/\/www.hafniumtech.com\/product\/zx7-400m1-dual-wide-voltage-portable-manual-metal-arc-welder-small-and-efficient-mma-machines-for-home-and-construction-220v-new-condition\/#primaryimage\"},\"image\":{\"@id\":\"https:\/\/www.hafniumtech.com\/product\/zx7-400m1-dual-wide-voltage-portable-manual-metal-arc-welder-small-and-efficient-mma-machines-for-home-and-construction-220v-new-condition\/#primaryimage\"},\"thumbnailUrl\":\"https:\/\/www.hafniumtech.com\/wp-content\/uploads\/2025\/05\/1-2.png\",\"datePublished\":\"2025-05-01T09:24:54+00:00\",\"dateModified\":\"2025-05-02T11:58:34+00:00\",\"breadcrumb\":{\"@id\":\"https:\/\/www.hafniumtech.com\/product\/zx7-400m1-dual-wide-voltage-portable-manual-metal-arc-welder-small-and-efficient-mma-machines-for-home-and-construction-220v-new-condition\/#breadcrumb\"},\"inLanguage\":\"de\",\"potentialAction\":[{\"@type\":\"ReadAction\",\"target\":[\"https:\/\/www.hafniumtech.com\/product\/zx7-400m1-dual-wide-voltage-portable-manual-metal-arc-welder-small-and-efficient-mma-machines-for-home-and-construction-220v-new-condition\/\"]}]},{\"@type\":\"ImageObject\",\"inLanguage\":\"de\",\"@id\":\"https:\/\/www.hafniumtech.com\/product\/zx7-400m1-dual-wide-voltage-portable-manual-metal-arc-welder-small-and-efficient-mma-machines-for-home-and-construction-220v-new-condition\/#primaryimage\",\"url\":\"https:\/\/www.hafniumtech.com\/wp-content\/uploads\/2025\/05\/1-2.png\",\"contentUrl\":\"https:\/\/www.hafniumtech.com\/wp-content\/uploads\/2025\/05\/1-2.png\",\"width\":1000,\"height\":1000},{\"@type\":\"BreadcrumbList\",\"@id\":\"https:\/\/www.hafniumtech.com\/product\/zx7-400m1-dual-wide-voltage-portable-manual-metal-arc-welder-small-and-efficient-mma-machines-for-home-and-construction-220v-new-condition\/#breadcrumb\",\"itemListElement\":[{\"@type\":\"ListItem\",\"position\":1,\"name\":\"\u9996\u9875\",\"item\":\"https:\/\/www.hafniumtech.com\/\"},{\"@type\":\"ListItem\",\"position\":2,\"name\":\"Product\",\"item\":\"https:\/\/www.hafniumtech.com\/product\/\"},{\"@type\":\"ListItem\",\"position\":3,\"name\":\"ZX7-400M1 Dual Wide Voltage Portable Manual Metal Arc Welder Small and Efficient MMA Machines for Home and Construction 220V New Condition\"}]},{\"@type\":\"WebSite\",\"@id\":\"https:\/\/www.hafniumtech.com\/#website\",\"url\":\"https:\/\/www.hafniumtech.com\/\",\"name\":\"Shenzhen Hafnium Technology Co., Ltd.\",\"description\":\"\",\"publisher\":{\"@id\":\"https:\/\/www.hafniumtech.com\/#organization\"},\"potentialAction\":[{\"@type\":\"SearchAction\",\"target\":{\"@type\":\"EntryPoint\",\"urlTemplate\":\"https:\/\/www.hafniumtech.com\/?s={search_term_string}\"},\"query-input\":{\"@type\":\"PropertyValueSpecification\",\"valueRequired\":true,\"valueName\":\"search_term_string\"}}],\"inLanguage\":\"de\"},{\"@type\":\"Organization\",\"@id\":\"https:\/\/www.hafniumtech.com\/#organization\",\"name\":\"Shenzhen Hafnium Technology Co., Ltd.\",\"url\":\"https:\/\/www.hafniumtech.com\/\",\"logo\":{\"@type\":\"ImageObject\",\"inLanguage\":\"de\",\"@id\":\"https:\/\/www.hafniumtech.com\/#\/schema\/logo\/image\/\",\"url\":\"https:\/\/www.hafniumtech.com\/wp-content\/uploads\/2025\/03\/168-53_.jpg\",\"contentUrl\":\"https:\/\/www.hafniumtech.com\/wp-content\/uploads\/2025\/03\/168-53_.jpg\",\"width\":336,\"height\":106,\"caption\":\"Shenzhen Hafnium Technology Co., Ltd.\"},\"image\":{\"@id\":\"https:\/\/www.hafniumtech.com\/#\/schema\/logo\/image\/\"},\"sameAs\":[\"https:\/\/www.facebook.com\/profile.php?id=61570267424696\",\"https:\/\/x.com\/HafniumTech\"]}]}<\/script>\n<meta property=\"product:price:amount\" content=\"0.00\" \/>\n<meta property=\"product:price:currency\" content=\"USD\" \/>\n<meta property=\"og:availability\" content=\"instock\" \/>\n<meta property=\"product:availability\" content=\"instock\" \/>\n<meta property=\"product:retailer_item_id\" content=\"ZX7-400M1\" \/>\n<meta property=\"product:condition\" content=\"new\" \/>\n<!-- \/ Yoast SEO Premium plugin. -->","yoast_head_json":{"title":"ZX7-400M1 Dual Wide Voltage Portable Manual Metal Arc Welder Small and Efficient MMA Machines for Home and Construction 220V New Condition - HafniumTech","robots":{"index":"index","follow":"follow","max-snippet":"max-snippet:-1","max-image-preview":"max-image-preview:large","max-video-preview":"max-video-preview:-1"},"canonical":"https:\/\/www.hafniumtech.com\/de\/produkt\/zx7-400m1-dual-wide-voltage-portable-manual-metal-arc-welder-small-and-efficient-mma-machines-for-home-and-construction-220v-new-condition\/","og_locale":"de_DE","og_type":"article","og_title":"ZX7-400M1 Dual Wide Voltage Portable Manual Metal Arc Welder Small and Efficient MMA Machines for Home and Construction 220V New Condition","og_description":"Product Applications    Materials: Low\u2010carbon steel, medium\u2010carbon steel, alloy steel, stainless steel    Electrodes:     ZX7-315M1: \u03a6\u22644 mm (acid, alkaline, stainless)    ZX7-400M1: \u03a6\u22645 mm (acid, alkaline, stainless)      Environments: Construction sites, light\u2010industrial shops, interior\/exterior decoration, hardware shops, small steel\u2010structure installs, equipment repairs    Power Conditions: Stable welding even with fluctuating grids or 300 m \/ 50 mm\u00b2 cable runs (ZX7-400M1 + \u03a64 mm electrode)    Protection &amp; Stability:     Short-circuit protection safeguards internal components    Arc-force adjustment prevents electrode sticking    Filter reactor ensures no-interruption, smooth welds      Cooling: Smart dual-speed fan auto-adjusts to internal temperature","og_url":"https:\/\/www.hafniumtech.com\/de\/produkt\/zx7-400m1-dual-wide-voltage-portable-manual-metal-arc-welder-small-and-efficient-mma-machines-for-home-and-construction-220v-new-condition\/","og_site_name":"HafniumTech","article_publisher":"https:\/\/www.facebook.com\/profile.php?id=61570267424696","article_modified_time":"2025-05-02T11:58:34+00:00","og_image":[{"width":1000,"height":1000,"url":"https:\/\/www.hafniumtech.com\/wp-content\/uploads\/2025\/05\/1-2.png","type":"image\/png"}],"twitter_card":"summary_large_image","twitter_site":"@HafniumTech","twitter_misc":{"Preis":"","Verf\u00fcgbarkeit":"Auf Lager"},"schema":{"@context":"https:\/\/schema.org","@graph":[{"@type":"WebPage","@id":"https:\/\/www.hafniumtech.com\/product\/zx7-400m1-dual-wide-voltage-portable-manual-metal-arc-welder-small-and-efficient-mma-machines-for-home-and-construction-220v-new-condition\/","url":"https:\/\/www.hafniumtech.com\/product\/zx7-400m1-dual-wide-voltage-portable-manual-metal-arc-welder-small-and-efficient-mma-machines-for-home-and-construction-220v-new-condition\/","name":"ZX7-400M1 Dual Wide Voltage Portable Manual Metal Arc Welder Small and Efficient MMA Machines for Home and Construction 220V New Condition - HafniumTech","isPartOf":{"@id":"https:\/\/www.hafniumtech.com\/#website"},"primaryImageOfPage":{"@id":"https:\/\/www.hafniumtech.com\/product\/zx7-400m1-dual-wide-voltage-portable-manual-metal-arc-welder-small-and-efficient-mma-machines-for-home-and-construction-220v-new-condition\/#primaryimage"},"image":{"@id":"https:\/\/www.hafniumtech.com\/product\/zx7-400m1-dual-wide-voltage-portable-manual-metal-arc-welder-small-and-efficient-mma-machines-for-home-and-construction-220v-new-condition\/#primaryimage"},"thumbnailUrl":"https:\/\/www.hafniumtech.com\/wp-content\/uploads\/2025\/05\/1-2.png","datePublished":"2025-05-01T09:24:54+00:00","dateModified":"2025-05-02T11:58:34+00:00","breadcrumb":{"@id":"https:\/\/www.hafniumtech.com\/product\/zx7-400m1-dual-wide-voltage-portable-manual-metal-arc-welder-small-and-efficient-mma-machines-for-home-and-construction-220v-new-condition\/#breadcrumb"},"inLanguage":"de","potentialAction":[{"@type":"ReadAction","target":["https:\/\/www.hafniumtech.com\/product\/zx7-400m1-dual-wide-voltage-portable-manual-metal-arc-welder-small-and-efficient-mma-machines-for-home-and-construction-220v-new-condition\/"]}]},{"@type":"ImageObject","inLanguage":"de","@id":"https:\/\/www.hafniumtech.com\/product\/zx7-400m1-dual-wide-voltage-portable-manual-metal-arc-welder-small-and-efficient-mma-machines-for-home-and-construction-220v-new-condition\/#primaryimage","url":"https:\/\/www.hafniumtech.com\/wp-content\/uploads\/2025\/05\/1-2.png","contentUrl":"https:\/\/www.hafniumtech.com\/wp-content\/uploads\/2025\/05\/1-2.png","width":1000,"height":1000},{"@type":"BreadcrumbList","@id":"https:\/\/www.hafniumtech.com\/product\/zx7-400m1-dual-wide-voltage-portable-manual-metal-arc-welder-small-and-efficient-mma-machines-for-home-and-construction-220v-new-condition\/#breadcrumb","itemListElement":[{"@type":"ListItem","position":1,"name":"\u9996\u9875","item":"https:\/\/www.hafniumtech.com\/"},{"@type":"ListItem","position":2,"name":"Product","item":"https:\/\/www.hafniumtech.com\/product\/"},{"@type":"ListItem","position":3,"name":"ZX7-400M1 Dual Wide Voltage Portable Manual Metal Arc Welder Small and Efficient MMA Machines for Home and Construction 220V New Condition"}]},{"@type":"WebSite","@id":"https:\/\/www.hafniumtech.com\/#website","url":"https:\/\/www.hafniumtech.com\/","name":"Shenzhen Hafnium Technology Co., Ltd.","description":"","publisher":{"@id":"https:\/\/www.hafniumtech.com\/#organization"},"potentialAction":[{"@type":"SearchAction","target":{"@type":"EntryPoint","urlTemplate":"https:\/\/www.hafniumtech.com\/?s={search_term_string}"},"query-input":{"@type":"PropertyValueSpecification","valueRequired":true,"valueName":"search_term_string"}}],"inLanguage":"de"},{"@type":"Organization","@id":"https:\/\/www.hafniumtech.com\/#organization","name":"Shenzhen Hafnium Technology Co., Ltd.","url":"https:\/\/www.hafniumtech.com\/","logo":{"@type":"ImageObject","inLanguage":"de","@id":"https:\/\/www.hafniumtech.com\/#\/schema\/logo\/image\/","url":"https:\/\/www.hafniumtech.com\/wp-content\/uploads\/2025\/03\/168-53_.jpg","contentUrl":"https:\/\/www.hafniumtech.com\/wp-content\/uploads\/2025\/03\/168-53_.jpg","width":336,"height":106,"caption":"Shenzhen Hafnium Technology Co., Ltd."},"image":{"@id":"https:\/\/www.hafniumtech.com\/#\/schema\/logo\/image\/"},"sameAs":["https:\/\/www.facebook.com\/profile.php?id=61570267424696","https:\/\/x.com\/HafniumTech"]}]},"product_price_amount":"0.00","product_price_currency":"USD","og_availability":"instock","product_availability":"instock","product_retailer_item_id":"ZX7-400M1","product_condition":"new"},"_links":{"self":[{"href":"https:\/\/www.hafniumtech.com\/de\/wp-json\/wp\/v2\/product\/3404","targetHints":{"allow":["GET"]}}],"collection":[{"href":"https:\/\/www.hafniumtech.com\/de\/wp-json\/wp\/v2\/product"}],"about":[{"href":"https:\/\/www.hafniumtech.com\/de\/wp-json\/wp\/v2\/types\/product"}],"replies":[{"embeddable":true,"href":"https:\/\/www.hafniumtech.com\/de\/wp-json\/wp\/v2\/comments?post=3404"}],"wp:featuredmedia":[{"embeddable":true,"href":"https:\/\/www.hafniumtech.com\/de\/wp-json\/wp\/v2\/media\/3405"}],"wp:attachment":[{"href":"https:\/\/www.hafniumtech.com\/de\/wp-json\/wp\/v2\/media?parent=3404"}],"wp:term":[{"taxonomy":"product_brand","embeddable":true,"href":"https:\/\/www.hafniumtech.com\/de\/wp-json\/wp\/v2\/product_brand?post=3404"},{"taxonomy":"product_cat","embeddable":true,"href":"https:\/\/www.hafniumtech.com\/de\/wp-json\/wp\/v2\/product_cat?post=3404"},{"taxonomy":"product_tag","embeddable":true,"href":"https:\/\/www.hafniumtech.com\/de\/wp-json\/wp\/v2\/product_tag?post=3404"}],"curies":[{"name":"wp","href":"https:\/\/api.w.org\/{rel}","templated":true}]}}