{"id":3457,"date":"2025-05-01T20:28:31","date_gmt":"2025-05-01T12:28:31","guid":{"rendered":"http:\/\/www.hafniumtech.com\/?post_type=product&#038;p=3457"},"modified":"2025-05-02T19:56:03","modified_gmt":"2025-05-02T11:56:03","slug":"nb-250lt-inverter-gas-shielded-arc-welder-mig-welder-with-inbuilt-wire-feeder-and-380v-input-voltage","status":"publish","type":"product","link":"https:\/\/www.hafniumtech.com\/de\/produkt\/nb-250lt-inverter-gas-shielded-arc-welder-mig-welder-with-inbuilt-wire-feeder-and-380v-input-voltage\/","title":{"rendered":"NB-250LT Inverter-Schutzgas-Lichtbogenschwei\u00dfger\u00e4t MIG-Schwei\u00dfger\u00e4t mit eingebautem Drahtvorschub und 380V Eingangsspannung"},"content":{"rendered":"<table style=\"height: 569px;\" width=\"729\">\n<tbody>\n<tr>\n<td style=\"text-align: center;\" rowspan=\"2\" width=\"361\">Artikel<\/td>\n<td style=\"text-align: center;\" rowspan=\"2\" width=\"96\"><strong>Einheit<\/strong><\/td>\n<td style=\"text-align: center;\" colspan=\"4\" width=\"556\"><strong>Modell<\/strong><\/td>\n<\/tr>\n<tr>\n<td style=\"text-align: center;\" width=\"139\"><strong>NB-250LB<\/strong><\/td>\n<td style=\"text-align: center;\" width=\"139\"><strong>NB-315LB<\/strong><\/td>\n<td style=\"text-align: center;\" width=\"139\"><strong>NB-250LT<\/strong><\/td>\n<td style=\"text-align: center;\" width=\"139\"><strong>NB-315LT<\/strong><\/td>\n<\/tr>\n<tr>\n<td style=\"text-align: center;\" width=\"361\">\u00a0Eingangsleistung<\/td>\n<td style=\"text-align: center;\" width=\"96\">V\/Hz<\/td>\n<td style=\"text-align: center;\" colspan=\"4\" width=\"556\">3~380\u00b115% 50\/60Hz<\/td>\n<\/tr>\n<tr>\n<td style=\"text-align: center;\" width=\"361\">\u00a0Eingangsnennleistung<\/td>\n<td style=\"text-align: center;\" width=\"96\">KVA<\/td>\n<td style=\"text-align: center;\" width=\"139\">10.5<\/td>\n<td style=\"text-align: center;\" width=\"139\">13.2<\/td>\n<td style=\"text-align: center;\" width=\"139\">10.5<\/td>\n<td style=\"text-align: center;\" width=\"139\">13.2<\/td>\n<\/tr>\n<tr>\n<td style=\"text-align: center;\" width=\"361\">\u00a0Nenneingangsstrom<\/td>\n<td style=\"text-align: center;\" width=\"96\">A<\/td>\n<td style=\"text-align: center;\" width=\"139\">16<\/td>\n<td style=\"text-align: center;\" width=\"139\">20<\/td>\n<td style=\"text-align: center;\" width=\"139\">16<\/td>\n<td style=\"text-align: center;\" width=\"139\">20<\/td>\n<\/tr>\n<tr>\n<td style=\"text-align: center;\" width=\"361\">\u00a0Nennausgangsstrom<\/td>\n<td style=\"text-align: center;\" width=\"96\">A<\/td>\n<td style=\"text-align: center;\" width=\"139\">250<\/td>\n<td style=\"text-align: center;\" width=\"139\">315<\/td>\n<td style=\"text-align: center;\" width=\"139\">250<\/td>\n<td style=\"text-align: center;\" width=\"139\">315<\/td>\n<\/tr>\n<tr>\n<td style=\"text-align: center;\" width=\"361\">\u00a0Nenn-Eingangsspannung<\/td>\n<td style=\"text-align: center;\" width=\"96\">V<\/td>\n<td style=\"text-align: center;\" width=\"139\">26.5<\/td>\n<td style=\"text-align: center;\" width=\"139\">29.8<\/td>\n<td style=\"text-align: center;\" width=\"139\">26.5<\/td>\n<td style=\"text-align: center;\" width=\"139\">29.8<\/td>\n<\/tr>\n<tr>\n<td style=\"text-align: center;\" width=\"361\">\u00a0Nenn-Leerlaufspannung<\/td>\n<td style=\"text-align: center;\" width=\"96\">V<\/td>\n<td style=\"text-align: center;\" colspan=\"2\" width=\"278\">68<\/td>\n<td style=\"text-align: center;\" colspan=\"2\" width=\"278\">66<\/td>\n<\/tr>\n<tr>\n<td style=\"text-align: center;\" width=\"361\">\u00a0Nenneinschaltdauer<\/td>\n<td style=\"text-align: center;\" width=\"96\"><\/td>\n<td style=\"text-align: center;\" colspan=\"4\" width=\"556\">35% (40\u2103)<\/td>\n<\/tr>\n<tr>\n<td style=\"text-align: center;\" width=\"361\">\u00a0Wirkungsgrad<\/td>\n<td style=\"text-align: center;\" width=\"96\"><\/td>\n<td style=\"text-align: center;\" width=\"139\">85%<\/td>\n<td style=\"text-align: center;\" width=\"139\">86%<\/td>\n<td style=\"text-align: center;\" width=\"139\">85%<\/td>\n<td style=\"text-align: center;\" width=\"139\">86%<\/td>\n<\/tr>\n<tr>\n<td style=\"text-align: center;\" width=\"361\">\u00a0Leistungsfaktor<\/td>\n<td style=\"text-align: center;\" width=\"96\"><\/td>\n<td style=\"text-align: center;\" width=\"139\">0.74<\/td>\n<td style=\"text-align: center;\" width=\"139\">0.85<\/td>\n<td style=\"text-align: center;\" width=\"139\">0.74<\/td>\n<td style=\"text-align: center;\" width=\"139\">0.75<\/td>\n<\/tr>\n<tr>\n<td style=\"text-align: center;\" width=\"361\">\u00a0Ausgangsspannung Einstellbereich<\/td>\n<td style=\"text-align: center;\" width=\"96\">V<\/td>\n<td style=\"text-align: center;\" colspan=\"4\" width=\"556\">15\uff5e32<\/td>\n<\/tr>\n<tr>\n<td style=\"text-align: center;\" width=\"361\">\u00a0Einstellbereich der Drahtvorschubgeschwindigkeit<\/td>\n<td style=\"text-align: center;\" width=\"96\">m\/min<\/td>\n<td style=\"text-align: center;\" colspan=\"4\" width=\"556\">1.5\uff5e28<\/td>\n<\/tr>\n<tr>\n<td style=\"text-align: center;\" width=\"361\">\u00a0Geeigneter Drahtdurchmesser<\/td>\n<td style=\"text-align: center;\" width=\"96\">mm<\/td>\n<td style=\"text-align: center;\" colspan=\"4\" width=\"556\">\u03a60,8, \u03a61,0<\/td>\n<\/tr>\n<tr>\n<td style=\"text-align: center;\" width=\"361\">\u00a0K\u00fchlungsmodus<\/td>\n<td style=\"text-align: center;\" width=\"96\"><\/td>\n<td style=\"text-align: center;\" colspan=\"4\" width=\"556\">Luftk\u00fchlung<\/td>\n<\/tr>\n<tr>\n<td style=\"text-align: center;\" width=\"361\">\u00a0Isolationsgrad<\/td>\n<td style=\"text-align: center;\" width=\"96\"><\/td>\n<td style=\"text-align: center;\" colspan=\"4\" width=\"556\">F<\/td>\n<\/tr>\n<tr>\n<td style=\"text-align: center;\" width=\"361\">\u00a0Schutz gegen Eindringen<\/td>\n<td style=\"text-align: center;\" width=\"96\"><\/td>\n<td style=\"text-align: center;\" colspan=\"4\" width=\"556\">IP21S<\/td>\n<\/tr>\n<tr>\n<td style=\"text-align: center;\" width=\"361\">\u00a0Abmessung (L\u00d7B\u00d7H)<\/td>\n<td style=\"text-align: center;\" width=\"96\">mm<\/td>\n<td style=\"text-align: center;\" colspan=\"2\" width=\"278\">520\u00d7260\u00d7495<\/td>\n<td style=\"text-align: center;\" colspan=\"2\" width=\"278\">640\u00d7300\u00d7645<\/td>\n<\/tr>\n<tr>\n<td style=\"text-align: center;\" width=\"361\">\u00a0Nettogewicht<\/td>\n<td style=\"text-align: center;\" width=\"96\">Kg<\/td>\n<td style=\"text-align: center;\" width=\"139\">20<\/td>\n<td style=\"text-align: center;\" width=\"139\">21<\/td>\n<td style=\"text-align: center;\" width=\"139\">38<\/td>\n<td style=\"text-align: center;\" width=\"139\">39<\/td>\n<\/tr>\n<\/tbody>\n<\/table>","protected":false},"excerpt":{"rendered":"<p class=\"\" data-start=\"0\" data-end=\"19\"><strong data-start=\"0\" data-end=\"17\">Hauptmerkmale<\/strong><\/p>\n<ul data-start=\"20\" data-end=\"918\">\n<li class=\"\" data-start=\"20\" data-end=\"162\">\n<p class=\"\" data-start=\"22\" data-end=\"162\"><strong data-start=\"22\" data-end=\"58\">Schnelle Lichtbogenz\u00fcndung und geringe Spritzerbildung:<\/strong> Sofortige Z\u00fcndung des Lichtbogens, minimale Spritzer, schnelles Ansprechen auf den Drahtvorschub und hervorragende Punktschwei\u00dfleistung.<\/p>\n<\/li>\n<li class=\"\" data-start=\"163\" data-end=\"281\">\n<p class=\"\" data-start=\"165\" data-end=\"281\"><strong data-start=\"165\" data-end=\"198\">SMT- und Soft-Switch-Technologie:<\/strong> Modernes oberfl\u00e4chenmontiertes Schaltungsdesign mit effizienter Soft-Switch-Leistungsumwandlung.<\/p>\n<\/li>\n<li class=\"\" data-start=\"282\" data-end=\"394\">\n<p class=\"\" data-start=\"284\" data-end=\"394\"><strong data-start=\"284\" data-end=\"312\">Stabile R\u00fcckkopplungskontrolle:<\/strong> Einzigartige Lichtbogen-Spannungs-\/Strom-R\u00fcckkopplungsschaltung sorgt f\u00fcr reibungsloses, gleichm\u00e4\u00dfiges Schwei\u00dfen.<\/p>\n<\/li>\n<li class=\"\" data-start=\"395\" data-end=\"492\">\n<p class=\"\" data-start=\"397\" data-end=\"492\"><strong data-start=\"397\" data-end=\"427\">Ball-Eliminierungsfunktion:<\/strong> Verhindert den Aufbau von Drahtspitzen und erm\u00f6glicht Vorschubgeschwindigkeiten bis zu X m\/min.<\/p>\n<\/li>\n<li class=\"\" data-start=\"493\" data-end=\"584\">\n<p class=\"\" data-start=\"495\" data-end=\"584\"><strong data-start=\"495\" data-end=\"522\">Einstellbares Bogenprofil:<\/strong> Von \"weich\" bis \"hart\" f\u00fcr verschiedene Schwei\u00dftechniken.<\/p>\n<\/li>\n<li class=\"\" data-start=\"585\" data-end=\"697\">\n<p class=\"\" data-start=\"587\" data-end=\"697\"><strong data-start=\"587\" data-end=\"610\">Modell NB-250\/31SLB:<\/strong> Externer Drahtvorschub mit Strom- und Spannungsregelung f\u00fcr eine einfache Bedienung.<\/p>\n<\/li>\n<li class=\"\" data-start=\"698\" data-end=\"823\">\n<p class=\"\" data-start=\"700\" data-end=\"823\"><strong data-start=\"700\" data-end=\"723\">Modell NB-250\/31SLT:<\/strong> Eingebauter Drahtvorschub mit R\u00e4dern und optionalem Gasflaschenrahmen f\u00fcr echte Plug-and-Play-Mobilit\u00e4t.<\/p>\n<\/li>\n<li class=\"\" data-start=\"824\" data-end=\"918\">\n<p class=\"\" data-start=\"826\" data-end=\"918\"><strong data-start=\"826\" data-end=\"860\">Automatischer \u00dcberhitzungsschutz:<\/strong> Schaltet sich sicher ab, wenn die Innentemperaturen zu hoch werden.<\/p>\n<\/li>\n<\/ul>\n<p class=\"\" data-start=\"920\" data-end=\"946\"><strong data-start=\"920\" data-end=\"944\">Produktanwendungen<\/strong><\/p>\n<ul data-start=\"947\" data-end=\"1120\">\n<li class=\"\" data-start=\"947\" data-end=\"1037\">\n<p class=\"\" data-start=\"949\" data-end=\"1037\">Arbeitet mit 0,8 mm und 1,0 mm Volldraht auf kohlenstoffarmen, mittelkohlenstoffhaltigen und legierten St\u00e4hlen<\/p>\n<\/li>\n<li class=\"\" data-start=\"1038\" data-end=\"1120\">\n<p class=\"\" data-start=\"1040\" data-end=\"1120\">Ideal zum Schwei\u00dfen in der Automobil-, Motorrad- und M\u00f6belindustrie<\/p>\n<\/li>\n<\/ul>","protected":false},"featured_media":3458,"comment_status":"open","ping_status":"closed","template":"","meta":[],"product_brand":[],"product_cat":[15,56],"product_tag":[201,202,203,204,205,206,207,208,209,210,211,228,229],"class_list":{"0":"post-3457","1":"product","2":"type-product","3":"status-publish","4":"has-post-thumbnail","6":"product_cat-welding-machine-welder","7":"product_cat-mig-co2-mag-gas-shield-welding-machine-welder","8":"product_tag-mig-welder","9":"product_tag-mig-welders-220v","10":"product_tag-welder-mig","11":"product_tag-mig-welder-machine","12":"product_tag-miller-mig-welder","13":"product_tag-pulse-mig-welder","14":"product_tag-arc-welders-mig-welding-machine","15":"product_tag-double-pulse-mig-welder","16":"product_tag-aluminum-mig-welder","17":"product_tag-mig-mag-welder","18":"product_tag-250-amp-mig-welders","19":"product_tag-mig-250-welder","20":"product_tag-jasic-250-mig-welder","21":"stm_brands-huayuan","23":"first","24":"instock","25":"shipping-taxable","26":"product-type-simple"},"yoast_head":"<!-- This site is optimized with the Yoast SEO Premium plugin v25.0 (Yoast SEO v25.0) - https:\/\/yoast.com\/wordpress\/plugins\/seo\/ -->\n<title>NB-250LT Inverter Gas-Shielded Arc Welder MIG Welder with Inbuilt Wire Feeder and 380V Input Voltage - HafniumTech<\/title>\n<meta name=\"robots\" content=\"index, follow, max-snippet:-1, max-image-preview:large, max-video-preview:-1\" \/>\n<link rel=\"canonical\" href=\"https:\/\/www.hafniumtech.com\/de\/produkt\/nb-250lt-inverter-gas-shielded-arc-welder-mig-welder-with-inbuilt-wire-feeder-and-380v-input-voltage\/\" \/>\n<meta property=\"og:locale\" content=\"de_DE\" \/>\n<meta property=\"og:type\" content=\"article\" \/>\n<meta property=\"og:title\" content=\"NB-250LT Inverter Gas-Shielded Arc Welder MIG Welder with Inbuilt Wire Feeder and 380V Input Voltage\" \/>\n<meta property=\"og:description\" content=\"Main Features     Fast Arc Striking &amp; Low Spatter: Instant arc ignition, minimal spatter, rapid wire-feed response, and excellent spot-weld performance.    SMT &amp; Soft-Switch Technology: Modern surface-mount circuit design with efficient soft-switch power conversion.    Stable Feedback Control: Unique arc voltage\/current feedback circuit ensures smooth, consistent welding.    Ball-Eliminating Function: Prevents wire tip buildup, allowing feed speeds up to X m\/min.    Adjustable Arc Profile: From \u201csoft\u201d to \u201chard\u201d to suit different welding techniques.    Model NB-250\/31SLB: External wire feeder with on-feeder current and voltage controls for easy operation.    Model NB-250\/31SLT: Built-in wire feeder with wheels and optional gas-cylinder frame for true plug-and-play mobility.    Automatic Overheat Protection: Shuts down safely if internal temperatures rise too high.   Product Applications     Works with 0.8 mm and 1.0 mm solid wire on low-carbon, medium-carbon, and alloy steels    Ideal for welding in motor, motorcycle, and furniture manufacturing industries\" \/>\n<meta property=\"og:url\" content=\"https:\/\/www.hafniumtech.com\/de\/produkt\/nb-250lt-inverter-gas-shielded-arc-welder-mig-welder-with-inbuilt-wire-feeder-and-380v-input-voltage\/\" \/>\n<meta property=\"og:site_name\" content=\"HafniumTech\" \/>\n<meta property=\"article:publisher\" content=\"https:\/\/www.facebook.com\/profile.php?id=61570267424696\" \/>\n<meta property=\"article:modified_time\" content=\"2025-05-02T11:56:03+00:00\" \/>\n<meta property=\"og:image\" content=\"https:\/\/www.hafniumtech.com\/wp-content\/uploads\/2025\/05\/M1-1.png\" \/>\n\t<meta property=\"og:image:width\" content=\"1000\" \/>\n\t<meta property=\"og:image:height\" content=\"1000\" \/>\n\t<meta property=\"og:image:type\" content=\"image\/png\" \/>\n<meta name=\"twitter:card\" content=\"summary_large_image\" \/>\n<meta name=\"twitter:site\" content=\"@HafniumTech\" \/>\n<meta name=\"twitter:label1\" content=\"Preis\" \/>\n\t<meta name=\"twitter:data1\" content=\"\" \/>\n\t<meta name=\"twitter:label2\" content=\"Verf\u00fcgbarkeit\" \/>\n\t<meta name=\"twitter:data2\" content=\"Auf Lager\" \/>\n<script type=\"application\/ld+json\" class=\"yoast-schema-graph\">{\"@context\":\"https:\/\/schema.org\",\"@graph\":[{\"@type\":\"WebPage\",\"@id\":\"https:\/\/www.hafniumtech.com\/product\/nb-250lt-inverter-gas-shielded-arc-welder-mig-welder-with-inbuilt-wire-feeder-and-380v-input-voltage\/\",\"url\":\"https:\/\/www.hafniumtech.com\/product\/nb-250lt-inverter-gas-shielded-arc-welder-mig-welder-with-inbuilt-wire-feeder-and-380v-input-voltage\/\",\"name\":\"NB-250LT Inverter Gas-Shielded Arc Welder MIG Welder with Inbuilt Wire Feeder and 380V Input Voltage - HafniumTech\",\"isPartOf\":{\"@id\":\"https:\/\/www.hafniumtech.com\/#website\"},\"primaryImageOfPage\":{\"@id\":\"https:\/\/www.hafniumtech.com\/product\/nb-250lt-inverter-gas-shielded-arc-welder-mig-welder-with-inbuilt-wire-feeder-and-380v-input-voltage\/#primaryimage\"},\"image\":{\"@id\":\"https:\/\/www.hafniumtech.com\/product\/nb-250lt-inverter-gas-shielded-arc-welder-mig-welder-with-inbuilt-wire-feeder-and-380v-input-voltage\/#primaryimage\"},\"thumbnailUrl\":\"https:\/\/www.hafniumtech.com\/wp-content\/uploads\/2025\/05\/M1-1.png\",\"datePublished\":\"2025-05-01T12:28:31+00:00\",\"dateModified\":\"2025-05-02T11:56:03+00:00\",\"breadcrumb\":{\"@id\":\"https:\/\/www.hafniumtech.com\/product\/nb-250lt-inverter-gas-shielded-arc-welder-mig-welder-with-inbuilt-wire-feeder-and-380v-input-voltage\/#breadcrumb\"},\"inLanguage\":\"de\",\"potentialAction\":[{\"@type\":\"ReadAction\",\"target\":[\"https:\/\/www.hafniumtech.com\/product\/nb-250lt-inverter-gas-shielded-arc-welder-mig-welder-with-inbuilt-wire-feeder-and-380v-input-voltage\/\"]}]},{\"@type\":\"ImageObject\",\"inLanguage\":\"de\",\"@id\":\"https:\/\/www.hafniumtech.com\/product\/nb-250lt-inverter-gas-shielded-arc-welder-mig-welder-with-inbuilt-wire-feeder-and-380v-input-voltage\/#primaryimage\",\"url\":\"https:\/\/www.hafniumtech.com\/wp-content\/uploads\/2025\/05\/M1-1.png\",\"contentUrl\":\"https:\/\/www.hafniumtech.com\/wp-content\/uploads\/2025\/05\/M1-1.png\",\"width\":1000,\"height\":1000},{\"@type\":\"BreadcrumbList\",\"@id\":\"https:\/\/www.hafniumtech.com\/product\/nb-250lt-inverter-gas-shielded-arc-welder-mig-welder-with-inbuilt-wire-feeder-and-380v-input-voltage\/#breadcrumb\",\"itemListElement\":[{\"@type\":\"ListItem\",\"position\":1,\"name\":\"\u9996\u9875\",\"item\":\"https:\/\/www.hafniumtech.com\/\"},{\"@type\":\"ListItem\",\"position\":2,\"name\":\"Product\",\"item\":\"https:\/\/www.hafniumtech.com\/product\/\"},{\"@type\":\"ListItem\",\"position\":3,\"name\":\"NB-250LT Inverter Gas-Shielded Arc Welder MIG Welder with Inbuilt Wire Feeder and 380V Input Voltage\"}]},{\"@type\":\"WebSite\",\"@id\":\"https:\/\/www.hafniumtech.com\/#website\",\"url\":\"https:\/\/www.hafniumtech.com\/\",\"name\":\"Shenzhen Hafnium Technology Co., Ltd.\",\"description\":\"\",\"publisher\":{\"@id\":\"https:\/\/www.hafniumtech.com\/#organization\"},\"potentialAction\":[{\"@type\":\"SearchAction\",\"target\":{\"@type\":\"EntryPoint\",\"urlTemplate\":\"https:\/\/www.hafniumtech.com\/?s={search_term_string}\"},\"query-input\":{\"@type\":\"PropertyValueSpecification\",\"valueRequired\":true,\"valueName\":\"search_term_string\"}}],\"inLanguage\":\"de\"},{\"@type\":\"Organization\",\"@id\":\"https:\/\/www.hafniumtech.com\/#organization\",\"name\":\"Shenzhen Hafnium Technology Co., Ltd.\",\"url\":\"https:\/\/www.hafniumtech.com\/\",\"logo\":{\"@type\":\"ImageObject\",\"inLanguage\":\"de\",\"@id\":\"https:\/\/www.hafniumtech.com\/#\/schema\/logo\/image\/\",\"url\":\"https:\/\/www.hafniumtech.com\/wp-content\/uploads\/2025\/03\/168-53_.jpg\",\"contentUrl\":\"https:\/\/www.hafniumtech.com\/wp-content\/uploads\/2025\/03\/168-53_.jpg\",\"width\":336,\"height\":106,\"caption\":\"Shenzhen Hafnium Technology Co., Ltd.\"},\"image\":{\"@id\":\"https:\/\/www.hafniumtech.com\/#\/schema\/logo\/image\/\"},\"sameAs\":[\"https:\/\/www.facebook.com\/profile.php?id=61570267424696\",\"https:\/\/x.com\/HafniumTech\"]}]}<\/script>\n<meta property=\"product:price:amount\" content=\"0.00\" \/>\n<meta property=\"product:price:currency\" content=\"USD\" \/>\n<meta property=\"og:availability\" content=\"instock\" \/>\n<meta property=\"product:availability\" content=\"instock\" \/>\n<meta property=\"product:retailer_item_id\" content=\"NB-250LT\" \/>\n<meta property=\"product:condition\" content=\"new\" \/>\n<!-- \/ Yoast SEO Premium plugin. -->","yoast_head_json":{"title":"NB-250LT Inverter Gas-Shielded Arc Welder MIG Welder with Inbuilt Wire Feeder and 380V Input Voltage - HafniumTech","robots":{"index":"index","follow":"follow","max-snippet":"max-snippet:-1","max-image-preview":"max-image-preview:large","max-video-preview":"max-video-preview:-1"},"canonical":"https:\/\/www.hafniumtech.com\/de\/produkt\/nb-250lt-inverter-gas-shielded-arc-welder-mig-welder-with-inbuilt-wire-feeder-and-380v-input-voltage\/","og_locale":"de_DE","og_type":"article","og_title":"NB-250LT Inverter Gas-Shielded Arc Welder MIG Welder with Inbuilt Wire Feeder and 380V Input Voltage","og_description":"Main Features     Fast Arc Striking &amp; Low Spatter: Instant arc ignition, minimal spatter, rapid wire-feed response, and excellent spot-weld performance.    SMT &amp; Soft-Switch Technology: Modern surface-mount circuit design with efficient soft-switch power conversion.    Stable Feedback Control: Unique arc voltage\/current feedback circuit ensures smooth, consistent welding.    Ball-Eliminating Function: Prevents wire tip buildup, allowing feed speeds up to X m\/min.    Adjustable Arc Profile: From \u201csoft\u201d to \u201chard\u201d to suit different welding techniques.    Model NB-250\/31SLB: External wire feeder with on-feeder current and voltage controls for easy operation.    Model NB-250\/31SLT: Built-in wire feeder with wheels and optional gas-cylinder frame for true plug-and-play mobility.    Automatic Overheat Protection: Shuts down safely if internal temperatures rise too high.   Product Applications     Works with 0.8 mm and 1.0 mm solid wire on low-carbon, medium-carbon, and alloy steels    Ideal for welding in motor, motorcycle, and furniture manufacturing industries","og_url":"https:\/\/www.hafniumtech.com\/de\/produkt\/nb-250lt-inverter-gas-shielded-arc-welder-mig-welder-with-inbuilt-wire-feeder-and-380v-input-voltage\/","og_site_name":"HafniumTech","article_publisher":"https:\/\/www.facebook.com\/profile.php?id=61570267424696","article_modified_time":"2025-05-02T11:56:03+00:00","og_image":[{"width":1000,"height":1000,"url":"https:\/\/www.hafniumtech.com\/wp-content\/uploads\/2025\/05\/M1-1.png","type":"image\/png"}],"twitter_card":"summary_large_image","twitter_site":"@HafniumTech","twitter_misc":{"Preis":"","Verf\u00fcgbarkeit":"Auf Lager"},"schema":{"@context":"https:\/\/schema.org","@graph":[{"@type":"WebPage","@id":"https:\/\/www.hafniumtech.com\/product\/nb-250lt-inverter-gas-shielded-arc-welder-mig-welder-with-inbuilt-wire-feeder-and-380v-input-voltage\/","url":"https:\/\/www.hafniumtech.com\/product\/nb-250lt-inverter-gas-shielded-arc-welder-mig-welder-with-inbuilt-wire-feeder-and-380v-input-voltage\/","name":"NB-250LT Inverter Gas-Shielded Arc Welder MIG Welder with Inbuilt Wire Feeder and 380V Input Voltage - HafniumTech","isPartOf":{"@id":"https:\/\/www.hafniumtech.com\/#website"},"primaryImageOfPage":{"@id":"https:\/\/www.hafniumtech.com\/product\/nb-250lt-inverter-gas-shielded-arc-welder-mig-welder-with-inbuilt-wire-feeder-and-380v-input-voltage\/#primaryimage"},"image":{"@id":"https:\/\/www.hafniumtech.com\/product\/nb-250lt-inverter-gas-shielded-arc-welder-mig-welder-with-inbuilt-wire-feeder-and-380v-input-voltage\/#primaryimage"},"thumbnailUrl":"https:\/\/www.hafniumtech.com\/wp-content\/uploads\/2025\/05\/M1-1.png","datePublished":"2025-05-01T12:28:31+00:00","dateModified":"2025-05-02T11:56:03+00:00","breadcrumb":{"@id":"https:\/\/www.hafniumtech.com\/product\/nb-250lt-inverter-gas-shielded-arc-welder-mig-welder-with-inbuilt-wire-feeder-and-380v-input-voltage\/#breadcrumb"},"inLanguage":"de","potentialAction":[{"@type":"ReadAction","target":["https:\/\/www.hafniumtech.com\/product\/nb-250lt-inverter-gas-shielded-arc-welder-mig-welder-with-inbuilt-wire-feeder-and-380v-input-voltage\/"]}]},{"@type":"ImageObject","inLanguage":"de","@id":"https:\/\/www.hafniumtech.com\/product\/nb-250lt-inverter-gas-shielded-arc-welder-mig-welder-with-inbuilt-wire-feeder-and-380v-input-voltage\/#primaryimage","url":"https:\/\/www.hafniumtech.com\/wp-content\/uploads\/2025\/05\/M1-1.png","contentUrl":"https:\/\/www.hafniumtech.com\/wp-content\/uploads\/2025\/05\/M1-1.png","width":1000,"height":1000},{"@type":"BreadcrumbList","@id":"https:\/\/www.hafniumtech.com\/product\/nb-250lt-inverter-gas-shielded-arc-welder-mig-welder-with-inbuilt-wire-feeder-and-380v-input-voltage\/#breadcrumb","itemListElement":[{"@type":"ListItem","position":1,"name":"\u9996\u9875","item":"https:\/\/www.hafniumtech.com\/"},{"@type":"ListItem","position":2,"name":"Product","item":"https:\/\/www.hafniumtech.com\/product\/"},{"@type":"ListItem","position":3,"name":"NB-250LT Inverter Gas-Shielded Arc Welder MIG Welder with Inbuilt Wire Feeder and 380V Input Voltage"}]},{"@type":"WebSite","@id":"https:\/\/www.hafniumtech.com\/#website","url":"https:\/\/www.hafniumtech.com\/","name":"Shenzhen Hafnium Technology Co., Ltd.","description":"","publisher":{"@id":"https:\/\/www.hafniumtech.com\/#organization"},"potentialAction":[{"@type":"SearchAction","target":{"@type":"EntryPoint","urlTemplate":"https:\/\/www.hafniumtech.com\/?s={search_term_string}"},"query-input":{"@type":"PropertyValueSpecification","valueRequired":true,"valueName":"search_term_string"}}],"inLanguage":"de"},{"@type":"Organization","@id":"https:\/\/www.hafniumtech.com\/#organization","name":"Shenzhen Hafnium Technology Co., Ltd.","url":"https:\/\/www.hafniumtech.com\/","logo":{"@type":"ImageObject","inLanguage":"de","@id":"https:\/\/www.hafniumtech.com\/#\/schema\/logo\/image\/","url":"https:\/\/www.hafniumtech.com\/wp-content\/uploads\/2025\/03\/168-53_.jpg","contentUrl":"https:\/\/www.hafniumtech.com\/wp-content\/uploads\/2025\/03\/168-53_.jpg","width":336,"height":106,"caption":"Shenzhen Hafnium Technology Co., Ltd."},"image":{"@id":"https:\/\/www.hafniumtech.com\/#\/schema\/logo\/image\/"},"sameAs":["https:\/\/www.facebook.com\/profile.php?id=61570267424696","https:\/\/x.com\/HafniumTech"]}]},"product_price_amount":"0.00","product_price_currency":"USD","og_availability":"instock","product_availability":"instock","product_retailer_item_id":"NB-250LT","product_condition":"new"},"_links":{"self":[{"href":"https:\/\/www.hafniumtech.com\/de\/wp-json\/wp\/v2\/product\/3457","targetHints":{"allow":["GET"]}}],"collection":[{"href":"https:\/\/www.hafniumtech.com\/de\/wp-json\/wp\/v2\/product"}],"about":[{"href":"https:\/\/www.hafniumtech.com\/de\/wp-json\/wp\/v2\/types\/product"}],"replies":[{"embeddable":true,"href":"https:\/\/www.hafniumtech.com\/de\/wp-json\/wp\/v2\/comments?post=3457"}],"wp:featuredmedia":[{"embeddable":true,"href":"https:\/\/www.hafniumtech.com\/de\/wp-json\/wp\/v2\/media\/3458"}],"wp:attachment":[{"href":"https:\/\/www.hafniumtech.com\/de\/wp-json\/wp\/v2\/media?parent=3457"}],"wp:term":[{"taxonomy":"product_brand","embeddable":true,"href":"https:\/\/www.hafniumtech.com\/de\/wp-json\/wp\/v2\/product_brand?post=3457"},{"taxonomy":"product_cat","embeddable":true,"href":"https:\/\/www.hafniumtech.com\/de\/wp-json\/wp\/v2\/product_cat?post=3457"},{"taxonomy":"product_tag","embeddable":true,"href":"https:\/\/www.hafniumtech.com\/de\/wp-json\/wp\/v2\/product_tag?post=3457"}],"curies":[{"name":"wp","href":"https:\/\/api.w.org\/{rel}","templated":true}]}}