{"id":3526,"date":"2025-05-02T19:20:23","date_gmt":"2025-05-02T11:20:23","guid":{"rendered":"http:\/\/www.hafniumtech.com\/?post_type=product&#038;p=3526"},"modified":"2025-05-02T19:56:27","modified_gmt":"2025-05-02T11:56:27","slug":"inverter-pulsed-argon-arc-welding-machine-tig-mma-welder","status":"publish","type":"product","link":"https:\/\/www.hafniumtech.com\/de\/produkt\/inverter-pulsed-argon-arc-welding-machine-tig-mma-welder\/","title":{"rendered":"Inverter Pulsed Argon Arc Welding Machine Tig MMA Welder 400A Tig Welder 2 in 1 Tig Welder"},"content":{"rendered":"<table style=\"height: 706px;\" width=\"665\">\n<tbody>\n<tr>\n<td style=\"text-align: center;\" rowspan=\"2\" width=\"290\"><strong>Artikel<\/strong><\/td>\n<td style=\"text-align: center;\" rowspan=\"2\" width=\"96\"><strong>Einheit<\/strong><\/td>\n<td style=\"text-align: center;\" colspan=\"2\" width=\"192\"><strong>WS(M)-400HD<\/strong><\/td>\n<td style=\"text-align: center;\" colspan=\"2\" width=\"206\"><strong>WS(M)-500HD<\/strong><\/td>\n<\/tr>\n<tr>\n<td style=\"text-align: center;\" width=\"96\"><strong>WIG<\/strong><\/td>\n<td style=\"text-align: center;\" width=\"96\"><strong>MMA<\/strong><\/td>\n<td style=\"text-align: center;\" width=\"96\"><strong>WIG<\/strong><\/td>\n<td style=\"text-align: center;\" width=\"110\"><strong>MMA<\/strong><\/td>\n<\/tr>\n<tr>\n<td style=\"text-align: center;\" width=\"290\">Eingangsleistung<\/td>\n<td style=\"text-align: center;\" width=\"96\">V\/Hz<\/td>\n<td style=\"text-align: center;\" colspan=\"4\" width=\"398\">3~380\u00b115% 50\/60Hz<\/td>\n<\/tr>\n<tr>\n<td style=\"text-align: center;\" width=\"290\">Eingangsnennleistung<\/td>\n<td style=\"text-align: center;\" width=\"96\">KVA<\/td>\n<td style=\"text-align: center;\" width=\"96\">15.8<\/td>\n<td style=\"text-align: center;\" width=\"96\">20<\/td>\n<td style=\"text-align: center;\" width=\"96\">20.4<\/td>\n<td style=\"text-align: center;\" width=\"110\">26.3<\/td>\n<\/tr>\n<tr>\n<td style=\"text-align: center;\" width=\"290\">Nenneingangsstrom<\/td>\n<td style=\"text-align: center;\" width=\"96\">A<\/td>\n<td style=\"text-align: center;\" width=\"96\">24<\/td>\n<td style=\"text-align: center;\" width=\"96\">31<\/td>\n<td style=\"text-align: center;\" width=\"96\">31<\/td>\n<td style=\"text-align: center;\" width=\"110\">40<\/td>\n<\/tr>\n<tr>\n<td style=\"text-align: center;\" width=\"290\">Nennausgangsstrom<\/td>\n<td style=\"text-align: center;\" width=\"96\">A<\/td>\n<td style=\"text-align: center;\" width=\"96\">400<\/td>\n<td style=\"text-align: center;\" width=\"96\">400<\/td>\n<td style=\"text-align: center;\" width=\"96\">500<\/td>\n<td style=\"text-align: center;\" width=\"110\">500<\/td>\n<\/tr>\n<tr>\n<td style=\"text-align: center;\" width=\"290\">Nennausgangsspannung<\/td>\n<td style=\"text-align: center;\" width=\"96\">V<\/td>\n<td style=\"text-align: center;\" width=\"96\">26<\/td>\n<td style=\"text-align: center;\" width=\"96\">36<\/td>\n<td style=\"text-align: center;\" width=\"96\">30<\/td>\n<td style=\"text-align: center;\" width=\"110\">40<\/td>\n<\/tr>\n<tr>\n<td style=\"text-align: center;\" width=\"290\">Nenn-Leerlaufspannung<\/td>\n<td style=\"text-align: center;\" width=\"96\">V<\/td>\n<td style=\"text-align: center;\" width=\"96\">76<\/td>\n<td style=\"text-align: center;\" width=\"96\">76<\/td>\n<td style=\"text-align: center;\" width=\"96\">84<\/td>\n<td style=\"text-align: center;\" width=\"110\">84<\/td>\n<\/tr>\n<tr>\n<td style=\"text-align: center;\" width=\"290\">Leistungsfaktor<\/td>\n<td style=\"text-align: center;\" width=\"96\"><\/td>\n<td style=\"text-align: center;\" width=\"96\">0.84<\/td>\n<td style=\"text-align: center;\" width=\"96\">0.82<\/td>\n<td style=\"text-align: center;\" width=\"96\">0.81<\/td>\n<td style=\"text-align: center;\" width=\"110\">0.84<\/td>\n<\/tr>\n<tr>\n<td style=\"text-align: center;\" width=\"290\">Wirkungsgrad<\/td>\n<td style=\"text-align: center;\" width=\"96\"><\/td>\n<td style=\"text-align: center;\" width=\"96\">83.1%<\/td>\n<td style=\"text-align: center;\" width=\"96\">85.9%<\/td>\n<td style=\"text-align: center;\" width=\"96\">83.9%<\/td>\n<td style=\"text-align: center;\" width=\"110\">86.3%<\/td>\n<\/tr>\n<tr>\n<td style=\"text-align: center;\" width=\"290\">Nenneinschaltdauer<\/td>\n<td style=\"text-align: center;\" width=\"96\"><\/td>\n<td style=\"text-align: center;\" colspan=\"4\" width=\"398\">60% (40\u2103)<\/td>\n<\/tr>\n<tr>\n<td style=\"text-align: center;\" width=\"290\">Warmstart-Strombereich<\/td>\n<td style=\"text-align: center;\" width=\"96\">A<\/td>\n<td style=\"text-align: center;\" width=\"96\"><\/td>\n<td style=\"text-align: center;\" width=\"96\">0~200<\/td>\n<td style=\"text-align: center;\" width=\"96\"><\/td>\n<td style=\"text-align: center;\" width=\"110\">0~200<\/td>\n<\/tr>\n<tr>\n<td style=\"text-align: center;\" width=\"290\">Lichtbogenkraft Strombereich<\/td>\n<td style=\"text-align: center;\" width=\"96\">A<\/td>\n<td style=\"text-align: center;\" width=\"96\"><\/td>\n<td style=\"text-align: center;\" width=\"96\">0~200<\/td>\n<td style=\"text-align: center;\" width=\"96\"><\/td>\n<td style=\"text-align: center;\" width=\"110\">0~200<\/td>\n<\/tr>\n<tr>\n<td style=\"text-align: center;\" width=\"290\">Stromanstiegszeit<\/td>\n<td style=\"text-align: center;\" width=\"96\">S<\/td>\n<td style=\"text-align: center;\" width=\"96\">0~10<\/td>\n<td style=\"text-align: center;\" width=\"96\"><\/td>\n<td style=\"text-align: center;\" width=\"96\">0~10<\/td>\n<td style=\"text-align: center;\" width=\"110\"><\/td>\n<\/tr>\n<tr>\n<td style=\"text-align: center;\" width=\"290\">Aktuelle Abfahrtszeit<\/td>\n<td style=\"text-align: center;\" width=\"96\">S<\/td>\n<td style=\"text-align: center;\" width=\"96\">0~10<\/td>\n<td style=\"text-align: center;\" width=\"96\"><\/td>\n<td style=\"text-align: center;\" width=\"96\">0~10<\/td>\n<td style=\"text-align: center;\" width=\"110\"><\/td>\n<\/tr>\n<tr>\n<td style=\"text-align: center;\" width=\"290\">Gas Vorlaufzeit<\/td>\n<td style=\"text-align: center;\" width=\"96\">S<\/td>\n<td style=\"text-align: center;\" width=\"96\">0~5<\/td>\n<td style=\"text-align: center;\" width=\"96\"><\/td>\n<td style=\"text-align: center;\" width=\"96\">0~5<\/td>\n<td style=\"text-align: center;\" width=\"110\"><\/td>\n<\/tr>\n<tr>\n<td style=\"text-align: center;\" width=\"290\">Gas Nachstr\u00f6mzeit<\/td>\n<td style=\"text-align: center;\" width=\"96\">S<\/td>\n<td style=\"text-align: center;\" width=\"96\">0~20<\/td>\n<td style=\"text-align: center;\" width=\"96\"><\/td>\n<td style=\"text-align: center;\" width=\"96\">0~20<\/td>\n<td style=\"text-align: center;\" width=\"110\"><\/td>\n<\/tr>\n<tr>\n<td style=\"text-align: center;\" width=\"290\">Bereich des Lichtbogenz\u00fcndstroms<\/td>\n<td style=\"text-align: center;\" width=\"96\">A<\/td>\n<td style=\"text-align: center;\" width=\"96\">5\uff5e400<\/td>\n<td style=\"text-align: center;\" width=\"96\"><\/td>\n<td style=\"text-align: center;\" width=\"96\">5\uff5e500<\/td>\n<td style=\"text-align: center;\" width=\"110\"><\/td>\n<\/tr>\n<tr>\n<td style=\"text-align: center;\" width=\"290\">Ausgangsstrombereich<\/td>\n<td style=\"text-align: center;\" width=\"96\">A<\/td>\n<td style=\"text-align: center;\" width=\"96\">5\uff5e400<\/td>\n<td style=\"text-align: center;\" width=\"96\">5\uff5e400<\/td>\n<td style=\"text-align: center;\" width=\"96\">5\uff5e500<\/td>\n<td style=\"text-align: center;\" width=\"110\">5\uff5e500<\/td>\n<\/tr>\n<tr>\n<td style=\"text-align: center;\" width=\"290\">Krater Strombereich<\/td>\n<td style=\"text-align: center;\" width=\"96\">A<\/td>\n<td style=\"text-align: center;\" width=\"96\">5\uff5e400<\/td>\n<td style=\"text-align: center;\" width=\"96\"><\/td>\n<td style=\"text-align: center;\" width=\"96\">5\uff5e500<\/td>\n<td style=\"text-align: center;\" width=\"110\"><\/td>\n<\/tr>\n<tr>\n<td style=\"text-align: center;\" width=\"290\">Impuls-Spitzenstrombereich<\/td>\n<td style=\"text-align: center;\" width=\"96\">A<\/td>\n<td style=\"text-align: center;\" width=\"96\">5\uff5e400<\/td>\n<td style=\"text-align: center;\" width=\"96\"><\/td>\n<td style=\"text-align: center;\" width=\"96\">5\uff5e500<\/td>\n<td style=\"text-align: center;\" width=\"110\"><\/td>\n<\/tr>\n<tr>\n<td style=\"text-align: center;\" width=\"290\">Puls-Hintergrundstrombereich<\/td>\n<td style=\"text-align: center;\" width=\"96\">Hz<\/td>\n<td style=\"text-align: center;\" width=\"96\">0.2\uff5e99.9<\/td>\n<td style=\"text-align: center;\" width=\"96\"><\/td>\n<td style=\"text-align: center;\" width=\"96\">0.2\uff5e99.9<\/td>\n<td style=\"text-align: center;\" width=\"110\"><\/td>\n<\/tr>\n<tr>\n<td style=\"text-align: center;\" width=\"290\">Pulsfrequenzbereich<\/td>\n<td style=\"text-align: center;\" width=\"96\"><\/td>\n<td style=\"text-align: center;\" width=\"96\">5~95%<\/td>\n<td style=\"text-align: center;\" width=\"96\"><\/td>\n<td style=\"text-align: center;\" width=\"96\">5~95%<\/td>\n<td style=\"text-align: center;\" width=\"110\"><\/td>\n<\/tr>\n<tr>\n<td style=\"text-align: center;\" width=\"290\">K\u00fchlungsmodus<\/td>\n<td style=\"text-align: center;\" width=\"96\"><\/td>\n<td style=\"text-align: center;\" colspan=\"4\" width=\"398\">Luftk\u00fchlung<\/td>\n<\/tr>\n<tr>\n<td style=\"text-align: center;\" width=\"290\">Isolationsgrad<\/td>\n<td style=\"text-align: center;\" width=\"96\"><\/td>\n<td style=\"text-align: center;\" colspan=\"4\" width=\"398\">F<\/td>\n<\/tr>\n<tr>\n<td style=\"text-align: center;\" width=\"290\">Schutz gegen Eindringen<\/td>\n<td style=\"text-align: center;\" width=\"96\"><\/td>\n<td style=\"text-align: center;\" colspan=\"4\" width=\"398\">IP21S<\/td>\n<\/tr>\n<tr>\n<td style=\"text-align: center;\" width=\"290\">Abmessungen (L\u00d7B\u00d7H)<\/td>\n<td style=\"text-align: center;\" width=\"96\">mm<\/td>\n<td style=\"text-align: center;\" colspan=\"2\" width=\"192\">570\u00d7295\u00d7555<\/td>\n<td style=\"text-align: center;\" colspan=\"2\" width=\"206\">640\u00d7295\u00d7555<\/td>\n<\/tr>\n<tr>\n<td style=\"text-align: center;\" width=\"290\">Stromquelle Nettogewicht<\/td>\n<td style=\"text-align: center;\" width=\"96\">Kg<\/td>\n<td style=\"text-align: center;\" colspan=\"2\" width=\"192\">35<\/td>\n<td style=\"text-align: center;\" colspan=\"2\" width=\"206\">41<\/td>\n<\/tr>\n<\/tbody>\n<\/table>","protected":false},"excerpt":{"rendered":"<p class=\"ds-markdown-paragraph\"><strong>Wesentliche Merkmale:<\/strong><br \/>\n\u2714\u00a0<strong>Hohe Einschaltdauer<\/strong>\u00a0- Gebaut f\u00fcr\u00a0<strong>schwerer Industrieeinsatz<\/strong>Dadurch wird eine lange Betriebsdauer gew\u00e4hrleistet.<br \/>\n\u2714\u00a0<strong>Digitale Pr\u00e4zision<\/strong>\u00a0- Pr\u00e4zise Parametersteuerung mit\u00a0<strong>20 voreingestellte Speicherkan\u00e4le<\/strong>\u00a0f\u00fcr wiederholbare Ergebnisse.<br \/>\n\u2714\u00a0<strong>Impulsfunktion (Serie WSM)<\/strong>\u00a0- Verbessert die Lichtbogenstabilit\u00e4t und Schwei\u00dfnahtfestigkeit.<br \/>\n\u2714\u00a0<strong>Erweiterte Sicherheit<\/strong>\u00a0- Vollst\u00e4ndiger Schutz (\u00dcberlast, \u00dcberhitzung) + Echtzeit-Statusanzeigen.<br \/>\n\u2714\u00a0<strong>Fernverwaltung<\/strong>\u00a0- \u00dcberwachen und Anpassen von Einstellungen \u00fcber eine Netzwerkverbindung.<\/p>\n<p class=\"ds-markdown-paragraph\"><strong>Anwendungen:<\/strong><br \/>\n\u2714\u00a0<strong>Materialien<\/strong>: Rostfreier Stahl, Rohrleitungen, Kessel und kritische Metallstrukturen.<br \/>\n\u2714\u00a0<strong>Branchen<\/strong>:<\/p>\n<ul>\n<li>\n<p class=\"ds-markdown-paragraph\">Kraftwerke, \u00d6l-\/Gasfelder, chemische Anlagen<\/p>\n<\/li>\n<li>\n<p class=\"ds-markdown-paragraph\">Raue Umgebungen erfordern\u00a0<strong>langlebige, mobile L\u00f6sungen<\/strong>.<\/p>\n<\/li>\n<\/ul>","protected":false},"featured_media":3527,"comment_status":"open","ping_status":"closed","template":"","meta":[],"product_brand":[],"product_cat":[15,58],"product_tag":[330,294,331,295,332,298,333,300,334,308,335,309,336,320,337,322,338,323,324,325,326,327,328,329],"class_list":{"0":"post-3526","1":"product","2":"type-product","3":"status-publish","4":"has-post-thumbnail","6":"product_cat-welding-machine-welder","7":"product_cat-tig-tungsten-inert-gas-welding-machine","8":"product_tag-tig-mma-2-in-1-welder","9":"product_tag-tig-welders","10":"product_tag-dc-tig-welding-machine","11":"product_tag-welder-tig","12":"product_tag-dc-motor-tig-welder","13":"product_tag-arc-welders-tig","14":"product_tag-easy-to-operate-tig-welder","15":"product_tag-industrial-tig-welder","16":"product_tag-gasless-tig-welder","17":"product_tag-mini-tig-welder","18":"product_tag-miller-tig-welders","19":"product_tag-new-tig-welder","20":"product_tag-pulse-tig-welder","21":"product_tag-tig-welder-digital","22":"product_tag-handheld-tig-welder","23":"product_tag-400-amp-tig-welder","24":"product_tag-portable-tig-welder","25":"product_tag-mma-tig-welder","26":"product_tag-tig-stick-welders","27":"product_tag-mma-and-tig-portable-welder","28":"product_tag-400a-tig-mma-inverter-welder","29":"product_tag-welder-machine-mig-tig-mma","30":"product_tag-inverter-tig-welding-machine","31":"product_tag-pulsed-argon-arc-welding","32":"stm_brands-huayuan","34":"first","35":"instock","36":"shipping-taxable","37":"product-type-simple"},"yoast_head":"<!-- This site is optimized with the Yoast SEO Premium plugin v25.0 (Yoast SEO v25.0) - https:\/\/yoast.com\/wordpress\/plugins\/seo\/ -->\n<title>Inverter Pulsed Argon Arc Welding Machine Tig MMA Welder 400A Tig Welder 2 in 1 Tig Welder - HafniumTech<\/title>\n<meta name=\"robots\" content=\"index, follow, max-snippet:-1, max-image-preview:large, max-video-preview:-1\" \/>\n<link rel=\"canonical\" href=\"https:\/\/www.hafniumtech.com\/de\/produkt\/inverter-pulsed-argon-arc-welding-machine-tig-mma-welder\/\" \/>\n<meta property=\"og:locale\" content=\"de_DE\" \/>\n<meta property=\"og:type\" content=\"article\" \/>\n<meta property=\"og:title\" content=\"Inverter Pulsed Argon Arc Welding Machine Tig MMA Welder 400A Tig Welder 2 in 1 Tig Welder\" \/>\n<meta property=\"og:description\" content=\"Key Features: \u2714\u00a0High Duty Cycle\u00a0\u2013 Built for\u00a0heavy industrial use, ensuring prolonged operation. \u2714\u00a0Digital Precision\u00a0\u2013 Accurate parameter control with\u00a020 preset memory channels\u00a0for repeatable results. \u2714\u00a0Pulse Function (WSM Series)\u00a0\u2013 Enhances arc stability and weld strength. \u2714\u00a0Advanced Safety\u00a0\u2013 Full protection (overload, overheating) + real-time status indicators. \u2714\u00a0Remote Management\u00a0\u2013 Monitor and adjust settings via network connectivity. Applications: \u2714\u00a0Materials: Stainless steel, pipelines, boilers, and critical metal structures. \u2714\u00a0Industries:     Power plants, oil\/gas fields, chemical plants    Harsh environments requiring\u00a0durable, mobile solutions.\" \/>\n<meta property=\"og:url\" content=\"https:\/\/www.hafniumtech.com\/de\/produkt\/inverter-pulsed-argon-arc-welding-machine-tig-mma-welder\/\" \/>\n<meta property=\"og:site_name\" content=\"HafniumTech\" \/>\n<meta property=\"article:publisher\" content=\"https:\/\/www.facebook.com\/profile.php?id=61570267424696\" \/>\n<meta property=\"article:modified_time\" content=\"2025-05-02T11:56:27+00:00\" \/>\n<meta property=\"og:image\" content=\"https:\/\/www.hafniumtech.com\/wp-content\/uploads\/2025\/05\/1_\u4fee\u590d\u540e.png\" \/>\n\t<meta property=\"og:image:width\" content=\"1000\" \/>\n\t<meta property=\"og:image:height\" content=\"1000\" \/>\n\t<meta property=\"og:image:type\" content=\"image\/png\" \/>\n<meta name=\"twitter:card\" content=\"summary_large_image\" \/>\n<meta name=\"twitter:site\" content=\"@HafniumTech\" \/>\n<meta name=\"twitter:label1\" content=\"Preis\" \/>\n\t<meta name=\"twitter:data1\" content=\"\" \/>\n\t<meta name=\"twitter:label2\" content=\"Verf\u00fcgbarkeit\" \/>\n\t<meta name=\"twitter:data2\" content=\"Auf Lager\" \/>\n<script type=\"application\/ld+json\" class=\"yoast-schema-graph\">{\"@context\":\"https:\/\/schema.org\",\"@graph\":[{\"@type\":\"WebPage\",\"@id\":\"https:\/\/www.hafniumtech.com\/product\/inverter-pulsed-argon-arc-welding-machine-tig-mma-welder\/\",\"url\":\"https:\/\/www.hafniumtech.com\/product\/inverter-pulsed-argon-arc-welding-machine-tig-mma-welder\/\",\"name\":\"Inverter Pulsed Argon Arc Welding Machine Tig MMA Welder 400A Tig Welder 2 in 1 Tig Welder - HafniumTech\",\"isPartOf\":{\"@id\":\"https:\/\/www.hafniumtech.com\/#website\"},\"primaryImageOfPage\":{\"@id\":\"https:\/\/www.hafniumtech.com\/product\/inverter-pulsed-argon-arc-welding-machine-tig-mma-welder\/#primaryimage\"},\"image\":{\"@id\":\"https:\/\/www.hafniumtech.com\/product\/inverter-pulsed-argon-arc-welding-machine-tig-mma-welder\/#primaryimage\"},\"thumbnailUrl\":\"https:\/\/www.hafniumtech.com\/wp-content\/uploads\/2025\/05\/1_\u4fee\u590d\u540e.png\",\"datePublished\":\"2025-05-02T11:20:23+00:00\",\"dateModified\":\"2025-05-02T11:56:27+00:00\",\"breadcrumb\":{\"@id\":\"https:\/\/www.hafniumtech.com\/product\/inverter-pulsed-argon-arc-welding-machine-tig-mma-welder\/#breadcrumb\"},\"inLanguage\":\"de\",\"potentialAction\":[{\"@type\":\"ReadAction\",\"target\":[\"https:\/\/www.hafniumtech.com\/product\/inverter-pulsed-argon-arc-welding-machine-tig-mma-welder\/\"]}]},{\"@type\":\"ImageObject\",\"inLanguage\":\"de\",\"@id\":\"https:\/\/www.hafniumtech.com\/product\/inverter-pulsed-argon-arc-welding-machine-tig-mma-welder\/#primaryimage\",\"url\":\"https:\/\/www.hafniumtech.com\/wp-content\/uploads\/2025\/05\/1_\u4fee\u590d\u540e.png\",\"contentUrl\":\"https:\/\/www.hafniumtech.com\/wp-content\/uploads\/2025\/05\/1_\u4fee\u590d\u540e.png\",\"width\":1000,\"height\":1000,\"caption\":\"WSM400HD Tig MMA welder\"},{\"@type\":\"BreadcrumbList\",\"@id\":\"https:\/\/www.hafniumtech.com\/product\/inverter-pulsed-argon-arc-welding-machine-tig-mma-welder\/#breadcrumb\",\"itemListElement\":[{\"@type\":\"ListItem\",\"position\":1,\"name\":\"\u9996\u9875\",\"item\":\"https:\/\/www.hafniumtech.com\/\"},{\"@type\":\"ListItem\",\"position\":2,\"name\":\"Product\",\"item\":\"https:\/\/www.hafniumtech.com\/product\/\"},{\"@type\":\"ListItem\",\"position\":3,\"name\":\"Inverter Pulsed Argon Arc Welding Machine Tig MMA Welder 400A Tig Welder 2 in 1 Tig Welder\"}]},{\"@type\":\"WebSite\",\"@id\":\"https:\/\/www.hafniumtech.com\/#website\",\"url\":\"https:\/\/www.hafniumtech.com\/\",\"name\":\"Shenzhen Hafnium Technology Co., Ltd.\",\"description\":\"\",\"publisher\":{\"@id\":\"https:\/\/www.hafniumtech.com\/#organization\"},\"potentialAction\":[{\"@type\":\"SearchAction\",\"target\":{\"@type\":\"EntryPoint\",\"urlTemplate\":\"https:\/\/www.hafniumtech.com\/?s={search_term_string}\"},\"query-input\":{\"@type\":\"PropertyValueSpecification\",\"valueRequired\":true,\"valueName\":\"search_term_string\"}}],\"inLanguage\":\"de\"},{\"@type\":\"Organization\",\"@id\":\"https:\/\/www.hafniumtech.com\/#organization\",\"name\":\"Shenzhen Hafnium Technology Co., Ltd.\",\"url\":\"https:\/\/www.hafniumtech.com\/\",\"logo\":{\"@type\":\"ImageObject\",\"inLanguage\":\"de\",\"@id\":\"https:\/\/www.hafniumtech.com\/#\/schema\/logo\/image\/\",\"url\":\"https:\/\/www.hafniumtech.com\/wp-content\/uploads\/2025\/03\/168-53_.jpg\",\"contentUrl\":\"https:\/\/www.hafniumtech.com\/wp-content\/uploads\/2025\/03\/168-53_.jpg\",\"width\":336,\"height\":106,\"caption\":\"Shenzhen Hafnium Technology Co., Ltd.\"},\"image\":{\"@id\":\"https:\/\/www.hafniumtech.com\/#\/schema\/logo\/image\/\"},\"sameAs\":[\"https:\/\/www.facebook.com\/profile.php?id=61570267424696\",\"https:\/\/x.com\/HafniumTech\"]}]}<\/script>\n<meta property=\"product:price:amount\" content=\"0.00\" \/>\n<meta property=\"product:price:currency\" content=\"USD\" \/>\n<meta property=\"og:availability\" content=\"instock\" \/>\n<meta property=\"product:availability\" content=\"instock\" \/>\n<meta property=\"product:retailer_item_id\" content=\"WSM-400HD\" \/>\n<meta property=\"product:condition\" content=\"new\" \/>\n<!-- \/ Yoast SEO Premium plugin. -->","yoast_head_json":{"title":"Inverter Pulsed Argon Arc Welding Machine Tig MMA Welder 400A Tig Welder 2 in 1 Tig Welder - HafniumTech","robots":{"index":"index","follow":"follow","max-snippet":"max-snippet:-1","max-image-preview":"max-image-preview:large","max-video-preview":"max-video-preview:-1"},"canonical":"https:\/\/www.hafniumtech.com\/de\/produkt\/inverter-pulsed-argon-arc-welding-machine-tig-mma-welder\/","og_locale":"de_DE","og_type":"article","og_title":"Inverter Pulsed Argon Arc Welding Machine Tig MMA Welder 400A Tig Welder 2 in 1 Tig Welder","og_description":"Key Features: \u2714\u00a0High Duty Cycle\u00a0\u2013 Built for\u00a0heavy industrial use, ensuring prolonged operation. \u2714\u00a0Digital Precision\u00a0\u2013 Accurate parameter control with\u00a020 preset memory channels\u00a0for repeatable results. \u2714\u00a0Pulse Function (WSM Series)\u00a0\u2013 Enhances arc stability and weld strength. \u2714\u00a0Advanced Safety\u00a0\u2013 Full protection (overload, overheating) + real-time status indicators. \u2714\u00a0Remote Management\u00a0\u2013 Monitor and adjust settings via network connectivity. Applications: \u2714\u00a0Materials: Stainless steel, pipelines, boilers, and critical metal structures. \u2714\u00a0Industries:     Power plants, oil\/gas fields, chemical plants    Harsh environments requiring\u00a0durable, mobile solutions.","og_url":"https:\/\/www.hafniumtech.com\/de\/produkt\/inverter-pulsed-argon-arc-welding-machine-tig-mma-welder\/","og_site_name":"HafniumTech","article_publisher":"https:\/\/www.facebook.com\/profile.php?id=61570267424696","article_modified_time":"2025-05-02T11:56:27+00:00","og_image":[{"width":1000,"height":1000,"url":"https:\/\/www.hafniumtech.com\/wp-content\/uploads\/2025\/05\/1_\u4fee\u590d\u540e.png","type":"image\/png"}],"twitter_card":"summary_large_image","twitter_site":"@HafniumTech","twitter_misc":{"Preis":"","Verf\u00fcgbarkeit":"Auf Lager"},"schema":{"@context":"https:\/\/schema.org","@graph":[{"@type":"WebPage","@id":"https:\/\/www.hafniumtech.com\/product\/inverter-pulsed-argon-arc-welding-machine-tig-mma-welder\/","url":"https:\/\/www.hafniumtech.com\/product\/inverter-pulsed-argon-arc-welding-machine-tig-mma-welder\/","name":"Inverter Pulsed Argon Arc Welding Machine Tig MMA Welder 400A Tig Welder 2 in 1 Tig Welder - HafniumTech","isPartOf":{"@id":"https:\/\/www.hafniumtech.com\/#website"},"primaryImageOfPage":{"@id":"https:\/\/www.hafniumtech.com\/product\/inverter-pulsed-argon-arc-welding-machine-tig-mma-welder\/#primaryimage"},"image":{"@id":"https:\/\/www.hafniumtech.com\/product\/inverter-pulsed-argon-arc-welding-machine-tig-mma-welder\/#primaryimage"},"thumbnailUrl":"https:\/\/www.hafniumtech.com\/wp-content\/uploads\/2025\/05\/1_\u4fee\u590d\u540e.png","datePublished":"2025-05-02T11:20:23+00:00","dateModified":"2025-05-02T11:56:27+00:00","breadcrumb":{"@id":"https:\/\/www.hafniumtech.com\/product\/inverter-pulsed-argon-arc-welding-machine-tig-mma-welder\/#breadcrumb"},"inLanguage":"de","potentialAction":[{"@type":"ReadAction","target":["https:\/\/www.hafniumtech.com\/product\/inverter-pulsed-argon-arc-welding-machine-tig-mma-welder\/"]}]},{"@type":"ImageObject","inLanguage":"de","@id":"https:\/\/www.hafniumtech.com\/product\/inverter-pulsed-argon-arc-welding-machine-tig-mma-welder\/#primaryimage","url":"https:\/\/www.hafniumtech.com\/wp-content\/uploads\/2025\/05\/1_\u4fee\u590d\u540e.png","contentUrl":"https:\/\/www.hafniumtech.com\/wp-content\/uploads\/2025\/05\/1_\u4fee\u590d\u540e.png","width":1000,"height":1000,"caption":"WSM400HD Tig MMA welder"},{"@type":"BreadcrumbList","@id":"https:\/\/www.hafniumtech.com\/product\/inverter-pulsed-argon-arc-welding-machine-tig-mma-welder\/#breadcrumb","itemListElement":[{"@type":"ListItem","position":1,"name":"\u9996\u9875","item":"https:\/\/www.hafniumtech.com\/"},{"@type":"ListItem","position":2,"name":"Product","item":"https:\/\/www.hafniumtech.com\/product\/"},{"@type":"ListItem","position":3,"name":"Inverter Pulsed Argon Arc Welding Machine Tig MMA Welder 400A Tig Welder 2 in 1 Tig Welder"}]},{"@type":"WebSite","@id":"https:\/\/www.hafniumtech.com\/#website","url":"https:\/\/www.hafniumtech.com\/","name":"Shenzhen Hafnium Technology Co., Ltd.","description":"","publisher":{"@id":"https:\/\/www.hafniumtech.com\/#organization"},"potentialAction":[{"@type":"SearchAction","target":{"@type":"EntryPoint","urlTemplate":"https:\/\/www.hafniumtech.com\/?s={search_term_string}"},"query-input":{"@type":"PropertyValueSpecification","valueRequired":true,"valueName":"search_term_string"}}],"inLanguage":"de"},{"@type":"Organization","@id":"https:\/\/www.hafniumtech.com\/#organization","name":"Shenzhen Hafnium Technology Co., Ltd.","url":"https:\/\/www.hafniumtech.com\/","logo":{"@type":"ImageObject","inLanguage":"de","@id":"https:\/\/www.hafniumtech.com\/#\/schema\/logo\/image\/","url":"https:\/\/www.hafniumtech.com\/wp-content\/uploads\/2025\/03\/168-53_.jpg","contentUrl":"https:\/\/www.hafniumtech.com\/wp-content\/uploads\/2025\/03\/168-53_.jpg","width":336,"height":106,"caption":"Shenzhen Hafnium Technology Co., Ltd."},"image":{"@id":"https:\/\/www.hafniumtech.com\/#\/schema\/logo\/image\/"},"sameAs":["https:\/\/www.facebook.com\/profile.php?id=61570267424696","https:\/\/x.com\/HafniumTech"]}]},"product_price_amount":"0.00","product_price_currency":"USD","og_availability":"instock","product_availability":"instock","product_retailer_item_id":"WSM-400HD","product_condition":"new"},"_links":{"self":[{"href":"https:\/\/www.hafniumtech.com\/de\/wp-json\/wp\/v2\/product\/3526","targetHints":{"allow":["GET"]}}],"collection":[{"href":"https:\/\/www.hafniumtech.com\/de\/wp-json\/wp\/v2\/product"}],"about":[{"href":"https:\/\/www.hafniumtech.com\/de\/wp-json\/wp\/v2\/types\/product"}],"replies":[{"embeddable":true,"href":"https:\/\/www.hafniumtech.com\/de\/wp-json\/wp\/v2\/comments?post=3526"}],"wp:featuredmedia":[{"embeddable":true,"href":"https:\/\/www.hafniumtech.com\/de\/wp-json\/wp\/v2\/media\/3527"}],"wp:attachment":[{"href":"https:\/\/www.hafniumtech.com\/de\/wp-json\/wp\/v2\/media?parent=3526"}],"wp:term":[{"taxonomy":"product_brand","embeddable":true,"href":"https:\/\/www.hafniumtech.com\/de\/wp-json\/wp\/v2\/product_brand?post=3526"},{"taxonomy":"product_cat","embeddable":true,"href":"https:\/\/www.hafniumtech.com\/de\/wp-json\/wp\/v2\/product_cat?post=3526"},{"taxonomy":"product_tag","embeddable":true,"href":"https:\/\/www.hafniumtech.com\/de\/wp-json\/wp\/v2\/product_tag?post=3526"}],"curies":[{"name":"wp","href":"https:\/\/api.w.org\/{rel}","templated":true}]}}