{"id":3566,"date":"2025-05-02T21:42:10","date_gmt":"2025-05-02T13:42:10","guid":{"rendered":"http:\/\/www.hafniumtech.com\/?post_type=product&#038;p=3566"},"modified":"2025-05-02T22:15:01","modified_gmt":"2025-05-02T14:15:01","slug":"new-launch-300b-300a-cnc-water-cooling-torch-for-fine-metal-plasma-cutting-cnc-plasma-cutting-machine-torch-cnc-plasma-torch","status":"publish","type":"product","link":"https:\/\/www.hafniumtech.com\/de\/produkt\/new-launch-300b-300a-cnc-water-cooling-torch-for-fine-metal-plasma-cutting-cnc-plasma-cutting-machine-torch-cnc-plasma-torch\/","title":{"rendered":"Neueinf\u00fchrung 300B 300A CNC-Wasserk\u00fchlungsbrenner f\u00fcr Feinmetallplasmaschneiden CNC-Plasmaschneidmaschine Brenner CNC-Plasmabrenner"},"content":{"rendered":"<table style=\"border-collapse: collapse; width: 737px; height: 292px;\" border=\"0\" width=\"953\" cellspacing=\"0\" cellpadding=\"0\">\n<tbody>\n<tr style=\"height: 15.00pt;\">\n<td class=\"et2\" style=\"height: 15pt; width: 194pt; text-align: center;\" width=\"388\" height=\"30\"><strong>Artikel<\/strong><\/td>\n<td class=\"et3\" style=\"width: 33pt; text-align: center;\" width=\"66\"><strong>Einheit<\/strong><\/td>\n<td class=\"et3\" style=\"width: 127.5pt; text-align: center;\" width=\"255\"><strong>Parameter<\/strong><\/td>\n<td class=\"et3\" style=\"width: 122pt; text-align: center;\" width=\"244\"><strong>Hinweis<\/strong><\/td>\n<\/tr>\n<tr style=\"height: 15.00pt;\">\n<td class=\"et4\" style=\"height: 15pt; width: 194pt; text-align: center;\" width=\"388\" height=\"30\">Nennstrom<\/td>\n<td class=\"et5\" style=\"width: 33pt; text-align: center;\" width=\"66\">A<\/td>\n<td class=\"et5\" style=\"width: 127.5pt; text-align: center;\" width=\"255\">300<\/td>\n<td class=\"et5\" style=\"width: 122pt; text-align: center;\" width=\"244\">-<\/td>\n<\/tr>\n<tr style=\"height: 15.00pt;\">\n<td class=\"et4\" style=\"height: 15pt; width: 194pt; text-align: center;\" width=\"388\" height=\"30\">Nenneinschaltdauer<\/td>\n<td class=\"et5\" style=\"width: 33pt; text-align: center;\" width=\"66\">&#8212;<\/td>\n<td class=\"et5\" style=\"width: 127.5pt; text-align: center;\" width=\"255\">100% (Wasserk\u00fchlung)<\/td>\n<td class=\"et5\" style=\"width: 122pt; text-align: center;\" width=\"244\">-<\/td>\n<\/tr>\n<tr style=\"height: 15.00pt;\">\n<td class=\"et4\" style=\"height: 15pt; width: 194pt; text-align: center;\" width=\"388\" height=\"30\">Nennluftdruck<\/td>\n<td class=\"et5\" style=\"width: 33pt; text-align: center;\" width=\"66\">Mpa<\/td>\n<td class=\"et5\" style=\"width: 127.5pt; text-align: center;\" width=\"255\">0.4<\/td>\n<td class=\"et5\" style=\"width: 122pt; text-align: center;\" width=\"244\">-<\/td>\n<\/tr>\n<tr style=\"height: 15.00pt;\">\n<td class=\"et4\" style=\"height: 15pt; width: 194pt; text-align: center;\" width=\"388\" height=\"30\">Maximale Lochstechdicke<\/td>\n<td class=\"et5\" style=\"width: 33pt; text-align: center;\" width=\"66\">mm<\/td>\n<td class=\"et5\" style=\"width: 127.5pt; text-align: center;\" width=\"255\">32 (CS)<\/td>\n<td class=\"et5\" style=\"width: 122pt; text-align: center;\" width=\"244\">-<\/td>\n<\/tr>\n<tr style=\"height: 30.00pt;\">\n<td class=\"et4\" style=\"height: 30pt; width: 194pt; text-align: center;\" width=\"388\" height=\"60\">Nenndurchfluss des K\u00fchlmittels<\/td>\n<td class=\"et5\" style=\"width: 33pt; text-align: center;\" width=\"66\">L\/min<\/td>\n<td class=\"et5\" style=\"width: 127.5pt; text-align: center;\" width=\"255\">\u22652.6<\/td>\n<td class=\"et7\" style=\"width: 122pt; text-align: center;\" width=\"244\">Als Grundlage f\u00fcr die Auswahl des K\u00fchlmittels<\/td>\n<\/tr>\n<tr style=\"height: 15.00pt;\">\n<td class=\"et4\" style=\"height: 15pt; width: 194pt; text-align: center;\" width=\"388\" height=\"30\">MAX-Druck des K\u00fchlmittelrohrkreislaufs<\/td>\n<td class=\"et5\" style=\"width: 33pt; text-align: center;\" width=\"66\">Mpa<\/td>\n<td class=\"et5\" style=\"width: 127.5pt; text-align: center;\" width=\"255\">1.5<\/td>\n<td class=\"et5\" style=\"width: 122pt; text-align: center;\" width=\"244\">&#8212;<\/td>\n<\/tr>\n<tr style=\"height: 15.00pt;\">\n<td class=\"et4\" style=\"height: 15pt; width: 194pt; text-align: center;\" width=\"388\" height=\"30\">MAX-Druck des Luftrohrkreislaufs<\/td>\n<td class=\"et5\" style=\"width: 33pt; text-align: center;\" width=\"66\">Mpa<\/td>\n<td class=\"et5\" style=\"width: 127.5pt; text-align: center;\" width=\"255\">1<\/td>\n<td class=\"et5\" style=\"width: 122pt; text-align: center;\" width=\"244\">&#8212;<\/td>\n<\/tr>\n<tr style=\"height: 15.00pt;\">\n<td class=\"et4\" style=\"height: 15pt; width: 194pt; text-align: center;\" width=\"388\" height=\"30\">Pilotbogen-Modus<\/td>\n<td class=\"et5\" style=\"width: 33pt; text-align: center;\" width=\"66\">&#8212;<\/td>\n<td class=\"et5\" style=\"width: 127.5pt; text-align: center;\" width=\"255\">HF<\/td>\n<td class=\"et5\" style=\"width: 122pt; text-align: center;\" width=\"244\">&#8212;<\/td>\n<\/tr>\n<tr style=\"height: 15.00pt;\">\n<td class=\"et4\" style=\"height: 15pt; width: 194pt; text-align: center;\" width=\"388\" height=\"30\">K\u00fchlungsmodus<\/td>\n<td class=\"et5\" style=\"width: 33pt; text-align: center;\" width=\"66\">&#8212;<\/td>\n<td class=\"et5\" style=\"width: 127.5pt; text-align: center;\" width=\"255\">Wasserk\u00fchlung<\/td>\n<td class=\"et5\" style=\"width: 122pt; text-align: center;\" width=\"244\">&#8212;<\/td>\n<\/tr>\n<tr style=\"height: 15.00pt;\">\n<td class=\"et4\" style=\"height: 15pt; width: 194pt; text-align: center;\" width=\"388\" height=\"30\">Gas<\/td>\n<td class=\"et5\" style=\"width: 33pt; text-align: center;\" width=\"66\">&#8212;<\/td>\n<td class=\"et5\" style=\"width: 127.5pt; text-align: center;\" width=\"255\">Pressluft<\/td>\n<td class=\"et5\" style=\"width: 122pt; text-align: center;\" width=\"244\">&#8212;<\/td>\n<\/tr>\n<tr style=\"height: 16.50pt;\">\n<td class=\"et4\" style=\"height: 16.5pt; width: 194pt; text-align: center;\" width=\"388\" height=\"33\">Durchmesser<\/td>\n<td class=\"et5\" style=\"width: 33pt; text-align: center;\" width=\"66\">Mm<\/td>\n<td class=\"et5\" style=\"width: 127.5pt; text-align: center;\" width=\"255\">\u03a650<\/td>\n<td class=\"et8\" style=\"text-align: center;\"><\/td>\n<\/tr>\n<tr style=\"height: 15.00pt;\">\n<td class=\"et4\" style=\"height: 15pt; width: 194pt; text-align: center;\" width=\"388\" height=\"30\">Nettogewicht<\/td>\n<td class=\"et5\" style=\"width: 33pt; text-align: center;\" width=\"66\">kg<\/td>\n<td class=\"et5\" style=\"width: 127.5pt; text-align: center;\" width=\"255\">1.56<\/td>\n<td class=\"et5\" style=\"width: 122pt; text-align: center;\" width=\"244\">Brennerkabel nicht enthalten<\/td>\n<\/tr>\n<\/tbody>\n<\/table>\n<p>&nbsp;<\/p>\n<table style=\"height: 107px;\" width=\"629\">\n<tbody>\n<tr>\n<td style=\"text-align: center;\" width=\"315\"><strong>Fackel<\/strong><\/td>\n<td style=\"text-align: center;\" width=\"413\"><strong>Stromquelle f\u00fcr das Plasmaschneiden<\/strong><\/td>\n<td style=\"text-align: center;\" width=\"159\"><strong>L\u00e4nge des Kabels<\/strong><\/td>\n<\/tr>\n<tr>\n<td style=\"text-align: center;\" width=\"315\">HFT-300B1<\/td>\n<td style=\"text-align: center;\" width=\"413\">LG-200HA LG-200HA Pro<\/td>\n<td style=\"text-align: center;\" width=\"159\">1.6m<\/td>\n<\/tr>\n<tr>\n<td style=\"text-align: center;\" width=\"315\">HFT-300B2<\/td>\n<td style=\"text-align: center;\" width=\"413\">LGK-200HD LGK-200IGBT<\/td>\n<td style=\"text-align: center;\" width=\"159\">8m<\/td>\n<\/tr>\n<tr>\n<td style=\"text-align: center;\" width=\"315\">HFT-300B3<\/td>\n<td style=\"text-align: center;\" width=\"413\">LGK-300HD LGK-300IGBT<\/td>\n<td style=\"text-align: center;\" width=\"159\">8m<\/td>\n<\/tr>\n<tr>\n<td style=\"text-align: center;\" width=\"315\">HFT-300B4, (Wasserspray)<\/td>\n<td style=\"text-align: center;\" width=\"413\">LGK-300HD LGK-300IGBT<\/td>\n<td style=\"text-align: center;\" width=\"159\">8m<\/td>\n<\/tr>\n<\/tbody>\n<\/table>","protected":false},"excerpt":{"rendered":"<p class=\"\" data-start=\"0\" data-end=\"31\"><strong data-start=\"0\" data-end=\"29\">300B Plasma-Schneidbrenner<\/strong><\/p>\n<p class=\"\" data-start=\"33\" data-end=\"184\">Ein vielseitiger Brenner, der f\u00fcr die Kompatibilit\u00e4t mit den meisten Plasmastromquellen entwickelt wurde - am besten in Kombination mit unseren empfohlenen Ger\u00e4ten, um sein volles Potenzial auszusch\u00f6pfen.<\/p>\n<ul data-start=\"186\" data-end=\"1023\" data-is-last-node=\"\" data-is-only-node=\"\">\n<li class=\"\" data-start=\"186\" data-end=\"315\">\n<p class=\"\" data-start=\"188\" data-end=\"315\"><strong data-start=\"188\" data-end=\"215\">Universelle Kompatibilit\u00e4t<\/strong>: Funktioniert mit einer breiten Palette von Plasmanetzteilen; beste Leistung mit den von uns empfohlenen Systemen.<\/p>\n<\/li>\n<li class=\"\" data-start=\"316\" data-end=\"417\">\n<p class=\"\" data-start=\"318\" data-end=\"417\"><strong data-start=\"318\" data-end=\"349\">100 % Einschaltdauer (30-300 A)<\/strong>: Kontinuierlicher Betrieb \u00fcber den gesamten Bereich von 30-300 A - keine Ausfallzeiten.<\/p>\n<\/li>\n<li class=\"\" data-start=\"418\" data-end=\"497\">\n<p class=\"\" data-start=\"420\" data-end=\"497\"><strong data-start=\"420\" data-end=\"441\">Stabiler Ausgangslichtbogen<\/strong>: Liefert gleichm\u00e4\u00dfiges Plasma f\u00fcr glatte, pr\u00e4zise Schnitte.<\/p>\n<\/li>\n<li class=\"\" data-start=\"498\" data-end=\"591\">\n<p class=\"\" data-start=\"500\" data-end=\"591\"><strong data-start=\"500\" data-end=\"525\">Saubere Schnittfl\u00e4che<\/strong>: Minimiert die Kr\u00e4tze und die Kantenbereinigung f\u00fcr eine schnellere Nachbearbeitung.<\/p>\n<\/li>\n<li class=\"\" data-start=\"592\" data-end=\"697\">\n<p class=\"\" data-start=\"594\" data-end=\"697\"><strong data-start=\"594\" data-end=\"619\">Langlebige Verbrauchsmaterialien<\/strong>: Geh\u00e4rtete Materialien verl\u00e4ngern die Lebensdauer von Spitze und D\u00fcse und senken die Ersatzkosten.<\/p>\n<\/li>\n<li class=\"\" data-start=\"698\" data-end=\"786\">\n<p class=\"\" data-start=\"700\" data-end=\"786\"><strong data-start=\"700\" data-end=\"722\">Hohe Schnittgeschwindigkeit<\/strong>: Schnelle Verfahrgeschwindigkeiten erh\u00f6hen den Durchsatz bei Standardmaterialien.<\/p>\n<\/li>\n<li class=\"\" data-start=\"787\" data-end=\"1023\">\n<p class=\"\" data-start=\"789\" data-end=\"1023\"><strong data-start=\"789\" data-end=\"812\">Wassernebel Optional<\/strong>: Kompatibel mit dem Schneiden von Nichteisenmetallen (z. B. Edelstahl) mit Wassernebel, um Rauch und Oxidation zu reduzieren - beachten Sie, dass dies die Schnittqualit\u00e4t leicht beeintr\u00e4chtigen kann und nicht f\u00fcr Maschinen unter 300 A empfohlen wird.<\/p>\n<\/li>\n<\/ul>","protected":false},"featured_media":3568,"comment_status":"open","ping_status":"closed","template":"","meta":[],"product_brand":[],"product_cat":[54],"product_tag":[378,379,380,381,382,383,384,385,386],"class_list":{"0":"post-3566","1":"product","2":"type-product","3":"status-publish","4":"has-post-thumbnail","6":"product_cat-plasma-cutting-torch","7":"product_tag-cnc-plasma-cutting-machine-torch","8":"product_tag-cnc-plasma-torch","9":"product_tag-cnc-plasma-torch-cutting","10":"product_tag-plasma-torch-cnc","11":"product_tag-plasma-cutting-machine-torch","12":"product_tag-plasma-torch","13":"product_tag-plasma-cutting-torch","14":"product_tag-torch-plasma","15":"product_tag-p80-plasma-torch","16":"stm_brands-hafniumtech","18":"first","19":"instock","20":"shipping-taxable","21":"product-type-simple"},"yoast_head":"<!-- This site is optimized with the Yoast SEO Premium plugin v25.0 (Yoast SEO v25.0) - https:\/\/yoast.com\/wordpress\/plugins\/seo\/ -->\n<title>New Launch 300B 300A CNC Water Cooling Torch for Fine Metal Plasma Cutting CNC Plasma Cutting Machine Torch CNC Plasma torch - HafniumTech<\/title>\n<meta name=\"robots\" content=\"index, follow, max-snippet:-1, max-image-preview:large, max-video-preview:-1\" \/>\n<link rel=\"canonical\" href=\"https:\/\/www.hafniumtech.com\/de\/produkt\/new-launch-300b-300a-cnc-water-cooling-torch-for-fine-metal-plasma-cutting-cnc-plasma-cutting-machine-torch-cnc-plasma-torch\/\" \/>\n<meta property=\"og:locale\" content=\"de_DE\" \/>\n<meta property=\"og:type\" content=\"article\" \/>\n<meta property=\"og:title\" content=\"New Launch 300B 300A CNC Water Cooling Torch for Fine Metal Plasma Cutting CNC Plasma Cutting Machine Torch CNC Plasma torch\" \/>\n<meta property=\"og:description\" content=\"300B Plasma Cutting Torch A versatile torch engineered for compatibility with most plasma power sources\u2014optimally paired with our recommended units to unlock its full potential.     Universal Compatibility: Works with a wide range of plasma power supplies; best performance with our recommended systems.    100\u202f% Duty Cycle (30\u2013300\u202fA): Continuous operation across the full 30\u2013300\u202fA range\u2014no downtime.    Stable Output Arc: Delivers consistent plasma for smooth, precise cuts.    Clean Cutting Surface: Minimizes dross and edge cleanup for faster post\u2011process work.    Long\u2011Life Consumables: Hardened materials extend tip and nozzle life, reducing replacement costs.    High Cutting Speed: Rapid traverse rates boost throughput on standard materials.    Water\u2011Mist Optional: Compatible with water\u2011mist cutting on non\u2011ferrous metals (e.g., stainless steel) for reduced fumes and oxidation\u2014note that this may slightly diminish cut quality and is not recommended on machines under 300\u202fA.\" \/>\n<meta property=\"og:url\" content=\"https:\/\/www.hafniumtech.com\/de\/produkt\/new-launch-300b-300a-cnc-water-cooling-torch-for-fine-metal-plasma-cutting-cnc-plasma-cutting-machine-torch-cnc-plasma-torch\/\" \/>\n<meta property=\"og:site_name\" content=\"HafniumTech\" \/>\n<meta property=\"article:publisher\" content=\"https:\/\/www.facebook.com\/profile.php?id=61570267424696\" \/>\n<meta property=\"article:modified_time\" content=\"2025-05-02T14:15:01+00:00\" \/>\n<meta property=\"og:image\" content=\"https:\/\/www.hafniumtech.com\/wp-content\/uploads\/2025\/05\/Main-01-white.png\" \/>\n\t<meta property=\"og:image:width\" content=\"1000\" \/>\n\t<meta property=\"og:image:height\" content=\"1000\" \/>\n\t<meta property=\"og:image:type\" content=\"image\/png\" \/>\n<meta name=\"twitter:card\" content=\"summary_large_image\" \/>\n<meta name=\"twitter:site\" content=\"@HafniumTech\" \/>\n<meta name=\"twitter:label1\" content=\"Preis\" \/>\n\t<meta name=\"twitter:data1\" content=\"\" \/>\n\t<meta name=\"twitter:label2\" content=\"Verf\u00fcgbarkeit\" \/>\n\t<meta name=\"twitter:data2\" content=\"Auf Lager\" \/>\n<script type=\"application\/ld+json\" class=\"yoast-schema-graph\">{\"@context\":\"https:\/\/schema.org\",\"@graph\":[{\"@type\":\"WebPage\",\"@id\":\"https:\/\/www.hafniumtech.com\/product\/new-launch-300b-300a-cnc-water-cooling-torch-for-fine-metal-plasma-cutting-cnc-plasma-cutting-machine-torch-cnc-plasma-torch\/\",\"url\":\"https:\/\/www.hafniumtech.com\/product\/new-launch-300b-300a-cnc-water-cooling-torch-for-fine-metal-plasma-cutting-cnc-plasma-cutting-machine-torch-cnc-plasma-torch\/\",\"name\":\"New Launch 300B 300A CNC Water Cooling Torch for Fine Metal Plasma Cutting CNC Plasma Cutting Machine Torch CNC Plasma torch - HafniumTech\",\"isPartOf\":{\"@id\":\"https:\/\/www.hafniumtech.com\/#website\"},\"primaryImageOfPage\":{\"@id\":\"https:\/\/www.hafniumtech.com\/product\/new-launch-300b-300a-cnc-water-cooling-torch-for-fine-metal-plasma-cutting-cnc-plasma-cutting-machine-torch-cnc-plasma-torch\/#primaryimage\"},\"image\":{\"@id\":\"https:\/\/www.hafniumtech.com\/product\/new-launch-300b-300a-cnc-water-cooling-torch-for-fine-metal-plasma-cutting-cnc-plasma-cutting-machine-torch-cnc-plasma-torch\/#primaryimage\"},\"thumbnailUrl\":\"https:\/\/www.hafniumtech.com\/wp-content\/uploads\/2025\/05\/Main-01-white.png\",\"datePublished\":\"2025-05-02T13:42:10+00:00\",\"dateModified\":\"2025-05-02T14:15:01+00:00\",\"breadcrumb\":{\"@id\":\"https:\/\/www.hafniumtech.com\/product\/new-launch-300b-300a-cnc-water-cooling-torch-for-fine-metal-plasma-cutting-cnc-plasma-cutting-machine-torch-cnc-plasma-torch\/#breadcrumb\"},\"inLanguage\":\"de\",\"potentialAction\":[{\"@type\":\"ReadAction\",\"target\":[\"https:\/\/www.hafniumtech.com\/product\/new-launch-300b-300a-cnc-water-cooling-torch-for-fine-metal-plasma-cutting-cnc-plasma-cutting-machine-torch-cnc-plasma-torch\/\"]}]},{\"@type\":\"ImageObject\",\"inLanguage\":\"de\",\"@id\":\"https:\/\/www.hafniumtech.com\/product\/new-launch-300b-300a-cnc-water-cooling-torch-for-fine-metal-plasma-cutting-cnc-plasma-cutting-machine-torch-cnc-plasma-torch\/#primaryimage\",\"url\":\"https:\/\/www.hafniumtech.com\/wp-content\/uploads\/2025\/05\/Main-01-white.png\",\"contentUrl\":\"https:\/\/www.hafniumtech.com\/wp-content\/uploads\/2025\/05\/Main-01-white.png\",\"width\":1000,\"height\":1000},{\"@type\":\"BreadcrumbList\",\"@id\":\"https:\/\/www.hafniumtech.com\/product\/new-launch-300b-300a-cnc-water-cooling-torch-for-fine-metal-plasma-cutting-cnc-plasma-cutting-machine-torch-cnc-plasma-torch\/#breadcrumb\",\"itemListElement\":[{\"@type\":\"ListItem\",\"position\":1,\"name\":\"\u9996\u9875\",\"item\":\"https:\/\/www.hafniumtech.com\/\"},{\"@type\":\"ListItem\",\"position\":2,\"name\":\"Product\",\"item\":\"https:\/\/www.hafniumtech.com\/product\/\"},{\"@type\":\"ListItem\",\"position\":3,\"name\":\"New Launch 300B 300A CNC Water Cooling Torch for Fine Metal Plasma Cutting CNC Plasma Cutting Machine Torch CNC Plasma torch\"}]},{\"@type\":\"WebSite\",\"@id\":\"https:\/\/www.hafniumtech.com\/#website\",\"url\":\"https:\/\/www.hafniumtech.com\/\",\"name\":\"Shenzhen Hafnium Technology Co., Ltd.\",\"description\":\"\",\"publisher\":{\"@id\":\"https:\/\/www.hafniumtech.com\/#organization\"},\"potentialAction\":[{\"@type\":\"SearchAction\",\"target\":{\"@type\":\"EntryPoint\",\"urlTemplate\":\"https:\/\/www.hafniumtech.com\/?s={search_term_string}\"},\"query-input\":{\"@type\":\"PropertyValueSpecification\",\"valueRequired\":true,\"valueName\":\"search_term_string\"}}],\"inLanguage\":\"de\"},{\"@type\":\"Organization\",\"@id\":\"https:\/\/www.hafniumtech.com\/#organization\",\"name\":\"Shenzhen Hafnium Technology Co., Ltd.\",\"url\":\"https:\/\/www.hafniumtech.com\/\",\"logo\":{\"@type\":\"ImageObject\",\"inLanguage\":\"de\",\"@id\":\"https:\/\/www.hafniumtech.com\/#\/schema\/logo\/image\/\",\"url\":\"https:\/\/www.hafniumtech.com\/wp-content\/uploads\/2025\/03\/168-53_.jpg\",\"contentUrl\":\"https:\/\/www.hafniumtech.com\/wp-content\/uploads\/2025\/03\/168-53_.jpg\",\"width\":336,\"height\":106,\"caption\":\"Shenzhen Hafnium Technology Co., Ltd.\"},\"image\":{\"@id\":\"https:\/\/www.hafniumtech.com\/#\/schema\/logo\/image\/\"},\"sameAs\":[\"https:\/\/www.facebook.com\/profile.php?id=61570267424696\",\"https:\/\/x.com\/HafniumTech\"]}]}<\/script>\n<meta property=\"product:price:amount\" content=\"0.00\" \/>\n<meta property=\"product:price:currency\" content=\"USD\" \/>\n<meta property=\"og:availability\" content=\"instock\" \/>\n<meta property=\"product:availability\" content=\"instock\" \/>\n<meta property=\"product:retailer_item_id\" content=\"300B CNC Torch\" \/>\n<meta property=\"product:condition\" content=\"new\" \/>\n<!-- \/ Yoast SEO Premium plugin. -->","yoast_head_json":{"title":"New Launch 300B 300A CNC Water Cooling Torch for Fine Metal Plasma Cutting CNC Plasma Cutting Machine Torch CNC Plasma torch - HafniumTech","robots":{"index":"index","follow":"follow","max-snippet":"max-snippet:-1","max-image-preview":"max-image-preview:large","max-video-preview":"max-video-preview:-1"},"canonical":"https:\/\/www.hafniumtech.com\/de\/produkt\/new-launch-300b-300a-cnc-water-cooling-torch-for-fine-metal-plasma-cutting-cnc-plasma-cutting-machine-torch-cnc-plasma-torch\/","og_locale":"de_DE","og_type":"article","og_title":"New Launch 300B 300A CNC Water Cooling Torch for Fine Metal Plasma Cutting CNC Plasma Cutting Machine Torch CNC Plasma torch","og_description":"300B Plasma Cutting Torch A versatile torch engineered for compatibility with most plasma power sources\u2014optimally paired with our recommended units to unlock its full potential.     Universal Compatibility: Works with a wide range of plasma power supplies; best performance with our recommended systems.    100\u202f% Duty Cycle (30\u2013300\u202fA): Continuous operation across the full 30\u2013300\u202fA range\u2014no downtime.    Stable Output Arc: Delivers consistent plasma for smooth, precise cuts.    Clean Cutting Surface: Minimizes dross and edge cleanup for faster post\u2011process work.    Long\u2011Life Consumables: Hardened materials extend tip and nozzle life, reducing replacement costs.    High Cutting Speed: Rapid traverse rates boost throughput on standard materials.    Water\u2011Mist Optional: Compatible with water\u2011mist cutting on non\u2011ferrous metals (e.g., stainless steel) for reduced fumes and oxidation\u2014note that this may slightly diminish cut quality and is not recommended on machines under 300\u202fA.","og_url":"https:\/\/www.hafniumtech.com\/de\/produkt\/new-launch-300b-300a-cnc-water-cooling-torch-for-fine-metal-plasma-cutting-cnc-plasma-cutting-machine-torch-cnc-plasma-torch\/","og_site_name":"HafniumTech","article_publisher":"https:\/\/www.facebook.com\/profile.php?id=61570267424696","article_modified_time":"2025-05-02T14:15:01+00:00","og_image":[{"width":1000,"height":1000,"url":"https:\/\/www.hafniumtech.com\/wp-content\/uploads\/2025\/05\/Main-01-white.png","type":"image\/png"}],"twitter_card":"summary_large_image","twitter_site":"@HafniumTech","twitter_misc":{"Preis":"","Verf\u00fcgbarkeit":"Auf Lager"},"schema":{"@context":"https:\/\/schema.org","@graph":[{"@type":"WebPage","@id":"https:\/\/www.hafniumtech.com\/product\/new-launch-300b-300a-cnc-water-cooling-torch-for-fine-metal-plasma-cutting-cnc-plasma-cutting-machine-torch-cnc-plasma-torch\/","url":"https:\/\/www.hafniumtech.com\/product\/new-launch-300b-300a-cnc-water-cooling-torch-for-fine-metal-plasma-cutting-cnc-plasma-cutting-machine-torch-cnc-plasma-torch\/","name":"New Launch 300B 300A CNC Water Cooling Torch for Fine Metal Plasma Cutting CNC Plasma Cutting Machine Torch CNC Plasma torch - HafniumTech","isPartOf":{"@id":"https:\/\/www.hafniumtech.com\/#website"},"primaryImageOfPage":{"@id":"https:\/\/www.hafniumtech.com\/product\/new-launch-300b-300a-cnc-water-cooling-torch-for-fine-metal-plasma-cutting-cnc-plasma-cutting-machine-torch-cnc-plasma-torch\/#primaryimage"},"image":{"@id":"https:\/\/www.hafniumtech.com\/product\/new-launch-300b-300a-cnc-water-cooling-torch-for-fine-metal-plasma-cutting-cnc-plasma-cutting-machine-torch-cnc-plasma-torch\/#primaryimage"},"thumbnailUrl":"https:\/\/www.hafniumtech.com\/wp-content\/uploads\/2025\/05\/Main-01-white.png","datePublished":"2025-05-02T13:42:10+00:00","dateModified":"2025-05-02T14:15:01+00:00","breadcrumb":{"@id":"https:\/\/www.hafniumtech.com\/product\/new-launch-300b-300a-cnc-water-cooling-torch-for-fine-metal-plasma-cutting-cnc-plasma-cutting-machine-torch-cnc-plasma-torch\/#breadcrumb"},"inLanguage":"de","potentialAction":[{"@type":"ReadAction","target":["https:\/\/www.hafniumtech.com\/product\/new-launch-300b-300a-cnc-water-cooling-torch-for-fine-metal-plasma-cutting-cnc-plasma-cutting-machine-torch-cnc-plasma-torch\/"]}]},{"@type":"ImageObject","inLanguage":"de","@id":"https:\/\/www.hafniumtech.com\/product\/new-launch-300b-300a-cnc-water-cooling-torch-for-fine-metal-plasma-cutting-cnc-plasma-cutting-machine-torch-cnc-plasma-torch\/#primaryimage","url":"https:\/\/www.hafniumtech.com\/wp-content\/uploads\/2025\/05\/Main-01-white.png","contentUrl":"https:\/\/www.hafniumtech.com\/wp-content\/uploads\/2025\/05\/Main-01-white.png","width":1000,"height":1000},{"@type":"BreadcrumbList","@id":"https:\/\/www.hafniumtech.com\/product\/new-launch-300b-300a-cnc-water-cooling-torch-for-fine-metal-plasma-cutting-cnc-plasma-cutting-machine-torch-cnc-plasma-torch\/#breadcrumb","itemListElement":[{"@type":"ListItem","position":1,"name":"\u9996\u9875","item":"https:\/\/www.hafniumtech.com\/"},{"@type":"ListItem","position":2,"name":"Product","item":"https:\/\/www.hafniumtech.com\/product\/"},{"@type":"ListItem","position":3,"name":"New Launch 300B 300A CNC Water Cooling Torch for Fine Metal Plasma Cutting CNC Plasma Cutting Machine Torch CNC Plasma torch"}]},{"@type":"WebSite","@id":"https:\/\/www.hafniumtech.com\/#website","url":"https:\/\/www.hafniumtech.com\/","name":"Shenzhen Hafnium Technology Co., Ltd.","description":"","publisher":{"@id":"https:\/\/www.hafniumtech.com\/#organization"},"potentialAction":[{"@type":"SearchAction","target":{"@type":"EntryPoint","urlTemplate":"https:\/\/www.hafniumtech.com\/?s={search_term_string}"},"query-input":{"@type":"PropertyValueSpecification","valueRequired":true,"valueName":"search_term_string"}}],"inLanguage":"de"},{"@type":"Organization","@id":"https:\/\/www.hafniumtech.com\/#organization","name":"Shenzhen Hafnium Technology Co., Ltd.","url":"https:\/\/www.hafniumtech.com\/","logo":{"@type":"ImageObject","inLanguage":"de","@id":"https:\/\/www.hafniumtech.com\/#\/schema\/logo\/image\/","url":"https:\/\/www.hafniumtech.com\/wp-content\/uploads\/2025\/03\/168-53_.jpg","contentUrl":"https:\/\/www.hafniumtech.com\/wp-content\/uploads\/2025\/03\/168-53_.jpg","width":336,"height":106,"caption":"Shenzhen Hafnium Technology Co., Ltd."},"image":{"@id":"https:\/\/www.hafniumtech.com\/#\/schema\/logo\/image\/"},"sameAs":["https:\/\/www.facebook.com\/profile.php?id=61570267424696","https:\/\/x.com\/HafniumTech"]}]},"product_price_amount":"0.00","product_price_currency":"USD","og_availability":"instock","product_availability":"instock","product_retailer_item_id":"300B CNC Torch","product_condition":"new"},"_links":{"self":[{"href":"https:\/\/www.hafniumtech.com\/de\/wp-json\/wp\/v2\/product\/3566","targetHints":{"allow":["GET"]}}],"collection":[{"href":"https:\/\/www.hafniumtech.com\/de\/wp-json\/wp\/v2\/product"}],"about":[{"href":"https:\/\/www.hafniumtech.com\/de\/wp-json\/wp\/v2\/types\/product"}],"replies":[{"embeddable":true,"href":"https:\/\/www.hafniumtech.com\/de\/wp-json\/wp\/v2\/comments?post=3566"}],"wp:featuredmedia":[{"embeddable":true,"href":"https:\/\/www.hafniumtech.com\/de\/wp-json\/wp\/v2\/media\/3568"}],"wp:attachment":[{"href":"https:\/\/www.hafniumtech.com\/de\/wp-json\/wp\/v2\/media?parent=3566"}],"wp:term":[{"taxonomy":"product_brand","embeddable":true,"href":"https:\/\/www.hafniumtech.com\/de\/wp-json\/wp\/v2\/product_brand?post=3566"},{"taxonomy":"product_cat","embeddable":true,"href":"https:\/\/www.hafniumtech.com\/de\/wp-json\/wp\/v2\/product_cat?post=3566"},{"taxonomy":"product_tag","embeddable":true,"href":"https:\/\/www.hafniumtech.com\/de\/wp-json\/wp\/v2\/product_tag?post=3566"}],"curies":[{"name":"wp","href":"https:\/\/api.w.org\/{rel}","templated":true}]}}