{"id":2794,"date":"2025-03-14T09:47:45","date_gmt":"2025-03-14T01:47:45","guid":{"rendered":"http:\/\/www.hafniumtech.com\/?page_id=2794"},"modified":"2025-03-30T22:28:37","modified_gmt":"2025-03-30T14:28:37","slug":"faq","status":"publish","type":"page","link":"https:\/\/www.hafniumtech.com\/es\/faq\/","title":{"rendered":"PREGUNTAS FRECUENTES"},"content":{"rendered":"<div data-elementor-type=\"wp-page\" data-elementor-id=\"2794\" class=\"elementor elementor-2794\">\n\t\t\t\t\t\t\t\t\t<section class=\"elementor-section elementor-top-section elementor-element elementor-element-9a6b426 elementor-section-boxed elementor-section-height-default elementor-section-height-default\" data-id=\"9a6b426\" data-element_type=\"section\" data-settings=\"{&quot;background_background&quot;:&quot;classic&quot;}\">\n\t\t\t\t\t\t<div class=\"elementor-container elementor-column-gap-default\">\n\t\t\t\t\t<div class=\"elementor-column elementor-col-100 elementor-top-column elementor-element elementor-element-4abb756\" data-id=\"4abb756\" data-element_type=\"column\">\n\t\t\t<div class=\"elementor-widget-wrap elementor-element-populated\">\n\t\t\t\t\t\t\t\t<div class=\"elementor-element elementor-element-dce8661 elementor-widget elementor-widget-woocommerce-breadcrumb\" data-id=\"dce8661\" data-element_type=\"widget\" data-widget_type=\"woocommerce-breadcrumb.default\">\n\t\t\t\t<div class=\"elementor-widget-container\">\n\t\t\t<link rel=\"stylesheet\" href=\"https:\/\/www.hafniumtech.com\/wp-content\/plugins\/elementor-pro\/assets\/css\/widget-woocommerce.min.css\"><nav class=\"woocommerce-breadcrumb\" aria-label=\"Breadcrumb\" data-no-translation=\"\" data-trp-gettext=\"\">Inicio<\/nav>\t\t<\/div>\n\t\t\t\t<\/div>\n\t\t\t\t<div class=\"elementor-element elementor-element-179adb0 elementor-widget elementor-widget-heading\" data-id=\"179adb0\" data-element_type=\"widget\" data-widget_type=\"heading.default\">\n\t\t\t\t<div class=\"elementor-widget-container\">\n\t\t\t<style>\/*! elementor - v3.7.8 - 02-10-2022 *\/\n.elementor-heading-title{padding:0;margin:0;line-height:1}.elementor-widget-heading .elementor-heading-title[class*=elementor-size-]>a{color:inherit;font-size:inherit;line-height:inherit}.elementor-widget-heading .elementor-heading-title.elementor-size-small{font-size:15px}.elementor-widget-heading .elementor-heading-title.elementor-size-medium{font-size:19px}.elementor-widget-heading .elementor-heading-title.elementor-size-large{font-size:29px}.elementor-widget-heading .elementor-heading-title.elementor-size-xl{font-size:39px}.elementor-widget-heading .elementor-heading-title.elementor-size-xxl{font-size:59px}<\/style><h2 class=\"elementor-heading-title elementor-size-default elementor-heading-title elementor-size-default\">PREGUNTAS FRECUENTES<\/h2>\t\t<\/div>\n\t\t\t\t<\/div>\n\t\t\t\t\t<\/div>\n\t\t<\/div>\n\t\t\t\t\t\t\t<\/div>\n\t\t<\/section>\n\t\t\t\t<section class=\"elementor-section elementor-top-section elementor-element elementor-element-ee6ce07 elementor-section-boxed elementor-section-height-default elementor-section-height-default\" data-id=\"ee6ce07\" data-element_type=\"section\">\n\t\t\t\t\t\t<div class=\"elementor-container elementor-column-gap-default\">\n\t\t\t\t\t<div class=\"elementor-column elementor-col-100 elementor-top-column elementor-element elementor-element-2024f21\" data-id=\"2024f21\" data-element_type=\"column\">\n\t\t\t<div class=\"elementor-widget-wrap elementor-element-populated\">\n\t\t\t\t\t\t\t\t<div class=\"elementor-element elementor-element-83e6067 elementor-widget elementor-widget-pp-faq\" data-id=\"83e6067\" data-element_type=\"widget\" data-settings=\"{&quot;accordion_type&quot;:&quot;toggle&quot;,&quot;faq_layout&quot;:&quot;accordion&quot;,&quot;toggle_speed&quot;:300}\" data-widget_type=\"pp-faq.default\">\n\t\t\t\t<div class=\"elementor-widget-container\">\n\t\t\t\t\t<div class=\"pp-faqs pp-advanced-accordion pp-toggle-icon-align-right\" id=\"pp-advanced-accordion-83e6067\" data-accordion-id=\"83e6067\">\n\t\t\t\t\t\t<div class=\"pp-faq-item elementor-grid-item pp-accordion-item\">\n\t\t\t\t<div id=\"pp-accordion-tab-title-1381\" class=\"pp-faq-question pp-accordion-tab-title\" tabindex=\"0\" data-tab=\"1\" aria-controls=\"pp-accordion-tab-content-1381\" aria-expanded=\"false\">\n\t\t\t\t\t<div class=\"pp-accordion-title-icon\">\n\t\t\t\t\t\t\t\t\t\t\t\t\t\t\t\t\t\t<div class=\"pp-accordion-title-text\">\n\t\t\t\t\t\t\tP: 1. \u00bfCu\u00e1nto tardan en respondernos cuando les enviamos una consulta?\t\t\t\t\t\t<\/div>\n\t\t\t\t\t<\/div>\n\t\t\t\t\t\t\t\t\t\t\t<div class=\"pp-accordion-toggle-icon\">\n\t\t\t\t\t\t\t\t\t\t\t\t\t\t\t<span class='pp-accordion-toggle-icon-close pp-icon'>\n\t\t\t\t\t\t\t\t\t<i aria-hidden=\"true\" class=\"fas fa-plus\"><\/i>\t\t\t\t\t\t\t\t<\/span>\n\t\t\t\t\t\t\t\t\t\t\t\t\t\t\t\t\t\t\t\t\t\t<span class='pp-accordion-toggle-icon-open pp-icon'>\n\t\t\t\t\t\t\t\t\t<i aria-hidden=\"true\" class=\"fas fa-minus\"><\/i>\t\t\t\t\t\t\t\t<\/span>\n\t\t\t\t\t\t\t\t\t\t\t\t\t<\/div>\n\t\t\t\t\t\t\t\t\t<\/div>\n\n\t\t\t\t<div id=\"pp-accordion-tab-content-1381\" class=\"pp-faq-answer pp-accordion-tab-content\" data-tab=\"1\" aria-labelledby=\"pp-accordion-tab-title-1381\">\n\t\t\t\t\t<p>Le responderemos en un plazo de 12 horas en d\u00edas laborables.<\/p>\n\t\t\t\t<\/div>\n\t\t\t<\/div>\n\t\t\t\t\t\t<div class=\"pp-faq-item elementor-grid-item pp-accordion-item\">\n\t\t\t\t<div id=\"pp-accordion-tab-title-1382\" class=\"pp-faq-question pp-accordion-tab-title\" tabindex=\"0\" data-tab=\"2\" aria-controls=\"pp-accordion-tab-content-1382\" aria-expanded=\"false\">\n\t\t\t\t\t<div class=\"pp-accordion-title-icon\">\n\t\t\t\t\t\t\t\t\t\t\t\t\t\t\t\t\t\t<div class=\"pp-accordion-title-text\">\n\t\t\t\t\t\t\tP: 2. \u00bfEs usted fabricante directo o empresa comercial?\t\t\t\t\t\t<\/div>\n\t\t\t\t\t<\/div>\n\t\t\t\t\t\t\t\t\t\t\t<div class=\"pp-accordion-toggle-icon\">\n\t\t\t\t\t\t\t\t\t\t\t\t\t\t\t<span class='pp-accordion-toggle-icon-close pp-icon'>\n\t\t\t\t\t\t\t\t\t<i aria-hidden=\"true\" class=\"fas fa-plus\"><\/i>\t\t\t\t\t\t\t\t<\/span>\n\t\t\t\t\t\t\t\t\t\t\t\t\t\t\t\t\t\t\t\t\t\t<span class='pp-accordion-toggle-icon-open pp-icon'>\n\t\t\t\t\t\t\t\t\t<i aria-hidden=\"true\" class=\"fas fa-minus\"><\/i>\t\t\t\t\t\t\t\t<\/span>\n\t\t\t\t\t\t\t\t\t\t\t\t\t<\/div>\n\t\t\t\t\t\t\t\t\t<\/div>\n\n\t\t\t\t<div id=\"pp-accordion-tab-content-1382\" class=\"pp-faq-answer pp-accordion-tab-content\" data-tab=\"2\" aria-labelledby=\"pp-accordion-tab-title-1382\">\n\t\t\t\t\t<p>Somos una f\u00e1brica con nuestro propio departamento de comercio internacional, lo que significa que producimos y vendemos nuestros productos directamente.<\/p>\n\t\t\t\t<\/div>\n\t\t\t<\/div>\n\t\t\t\t\t\t<div class=\"pp-faq-item elementor-grid-item pp-accordion-item\">\n\t\t\t\t<div id=\"pp-accordion-tab-title-1383\" class=\"pp-faq-question pp-accordion-tab-title\" tabindex=\"0\" data-tab=\"3\" aria-controls=\"pp-accordion-tab-content-1383\" aria-expanded=\"false\">\n\t\t\t\t\t<div class=\"pp-accordion-title-icon\">\n\t\t\t\t\t\t\t\t\t\t\t\t\t\t\t\t\t\t<div class=\"pp-accordion-title-text\">\n\t\t\t\t\t\t\tP: 3. \u00bfQu\u00e9 productos pueden suministrar?\t\t\t\t\t\t<\/div>\n\t\t\t\t\t<\/div>\n\t\t\t\t\t\t\t\t\t\t\t<div class=\"pp-accordion-toggle-icon\">\n\t\t\t\t\t\t\t\t\t\t\t\t\t\t\t<span class='pp-accordion-toggle-icon-close pp-icon'>\n\t\t\t\t\t\t\t\t\t<i aria-hidden=\"true\" class=\"fas fa-plus\"><\/i>\t\t\t\t\t\t\t\t<\/span>\n\t\t\t\t\t\t\t\t\t\t\t\t\t\t\t\t\t\t\t\t\t\t<span class='pp-accordion-toggle-icon-open pp-icon'>\n\t\t\t\t\t\t\t\t\t<i aria-hidden=\"true\" class=\"fas fa-minus\"><\/i>\t\t\t\t\t\t\t\t<\/span>\n\t\t\t\t\t\t\t\t\t\t\t\t\t<\/div>\n\t\t\t\t\t\t\t\t\t<\/div>\n\n\t\t\t\t<div id=\"pp-accordion-tab-content-1383\" class=\"pp-faq-answer pp-accordion-tab-content\" data-tab=\"3\" aria-labelledby=\"pp-accordion-tab-title-1383\">\n\t\t\t\t\t<p class=\"\" data-start=\"0\" data-end=\"124\">Nos especializamos en el suministro de una amplia gama de productos de alta calidad, incluyendo:<\/p>\n<ol data-start=\"125\" data-end=\"663\">\n<li class=\"\" data-start=\"125\" data-end=\"206\">\n<p class=\"\" data-start=\"128\" data-end=\"206\"><strong data-start=\"128\" data-end=\"155\">Antorchas de corte por plasma:<\/strong> Adecuado tanto para aplicaciones CNC como manuales.<\/p>\n<\/li>\n<li class=\"\" data-start=\"207\" data-end=\"284\">\n<p class=\"\" data-start=\"210\" data-end=\"284\"><strong data-start=\"210\" data-end=\"239\">Consumibles de la antorcha de plasma:<\/strong> Compatible con varias marcas y modelos.<\/p>\n<\/li>\n<li class=\"\" data-start=\"285\" data-end=\"372\">\n<p class=\"\" data-start=\"288\" data-end=\"372\"><strong data-start=\"288\" data-end=\"309\">M\u00e1quinas de soldadura:<\/strong> M\u00e1quinas de soldadura TIG, MIG y MMA para diversas aplicaciones.<\/p>\n<\/li>\n<li class=\"\" data-start=\"373\" data-end=\"473\">\n<p class=\"\" data-start=\"376\" data-end=\"473\"><strong data-start=\"376\" data-end=\"409\">Fuentes de energ\u00eda de corte por plasma:<\/strong> Fuentes de energ\u00eda fiables dise\u00f1adas para un corte por plasma eficaz.<\/p>\n<\/li>\n<li class=\"\" data-start=\"474\" data-end=\"574\">\n<p class=\"\" data-start=\"477\" data-end=\"574\"><strong data-start=\"477\" data-end=\"509\">Sopletes de soldadura y corte:<\/strong> Antorchas vers\u00e1tiles para diferentes procesos de soldadura y corte.<\/p>\n<\/li>\n<li class=\"\" data-start=\"575\" data-end=\"663\">\n<p class=\"\" data-start=\"578\" data-end=\"663\"><strong data-start=\"578\" data-end=\"604\">Equipo de corte CNC:<\/strong> Ideal para cortar con precisi\u00f3n chapas y tubos de acero.<\/p>\n<\/li>\n<\/ol>\n\t\t\t\t<\/div>\n\t\t\t<\/div>\n\t\t\t\t\t\t<div class=\"pp-faq-item elementor-grid-item pp-accordion-item\">\n\t\t\t\t<div id=\"pp-accordion-tab-title-1384\" class=\"pp-faq-question pp-accordion-tab-title\" tabindex=\"0\" data-tab=\"4\" aria-controls=\"pp-accordion-tab-content-1384\" aria-expanded=\"false\">\n\t\t\t\t\t<div class=\"pp-accordion-title-icon\">\n\t\t\t\t\t\t\t\t\t\t\t\t\t\t\t\t\t\t<div class=\"pp-accordion-title-text\">\n\t\t\t\t\t\t\tP: 4. \u00bfCu\u00e1l es la capacidad de producci\u00f3n de su empresa?\t\t\t\t\t\t<\/div>\n\t\t\t\t\t<\/div>\n\t\t\t\t\t\t\t\t\t\t\t<div class=\"pp-accordion-toggle-icon\">\n\t\t\t\t\t\t\t\t\t\t\t\t\t\t\t<span class='pp-accordion-toggle-icon-close pp-icon'>\n\t\t\t\t\t\t\t\t\t<i aria-hidden=\"true\" class=\"fas fa-plus\"><\/i>\t\t\t\t\t\t\t\t<\/span>\n\t\t\t\t\t\t\t\t\t\t\t\t\t\t\t\t\t\t\t\t\t\t<span class='pp-accordion-toggle-icon-open pp-icon'>\n\t\t\t\t\t\t\t\t\t<i aria-hidden=\"true\" class=\"fas fa-minus\"><\/i>\t\t\t\t\t\t\t\t<\/span>\n\t\t\t\t\t\t\t\t\t\t\t\t\t<\/div>\n\t\t\t\t\t\t\t\t\t<\/div>\n\n\t\t\t\t<div id=\"pp-accordion-tab-content-1384\" class=\"pp-faq-answer pp-accordion-tab-content\" data-tab=\"4\" aria-labelledby=\"pp-accordion-tab-title-1384\">\n\t\t\t\t\t<p class=\"\" data-start=\"0\" data-end=\"221\">Nuestra empresa est\u00e1 equipada con avanzadas instalaciones de fabricaci\u00f3n para garantizar una alta capacidad de producci\u00f3n y control de calidad. Nuestras principales capacidades de producci\u00f3n incluyen:<\/p>\n<ol data-start=\"222\" data-end=\"912\">\n<li class=\"\" data-start=\"222\" data-end=\"298\">\n<p class=\"\" data-start=\"225\" data-end=\"298\"><strong data-start=\"225\" data-end=\"243\">31 Tornos CNC:<\/strong> Garantizar el mecanizado de precisi\u00f3n de diversos componentes.<\/p>\n<\/li>\n<li class=\"\" data-start=\"299\" data-end=\"377\">\n<p class=\"\" data-start=\"302\" data-end=\"377\"><strong data-start=\"302\" data-end=\"329\">1 Centro de mecanizado CNC:<\/strong> Para el mecanizado de piezas complejas y de alta precisi\u00f3n.<\/p>\n<\/li>\n<li class=\"\" data-start=\"378\" data-end=\"461\">\n<p class=\"\" data-start=\"381\" data-end=\"461\"><strong data-start=\"381\" data-end=\"411\">2 Hornos de vac\u00edo de soldadura fuerte:<\/strong> Para procesos de soldadura fuerte seguros y de alta resistencia.<\/p>\n<\/li>\n<li class=\"\" data-start=\"462\" data-end=\"547\">\n<p class=\"\" data-start=\"465\" data-end=\"547\"><strong data-start=\"465\" data-end=\"491\">1 Banco de pruebas de flujo de gas:<\/strong> Para garantizar un rendimiento y una calidad \u00f3ptimos de las antorchas.<\/p>\n<\/li>\n<li class=\"\" data-start=\"548\" data-end=\"680\">\n<p class=\"\" data-start=\"551\" data-end=\"680\"><strong data-start=\"551\" data-end=\"607\">L\u00ednea de producci\u00f3n de electrodos\/boquillas\/tapas de antorcha:<\/strong> Especializada en el mecanizado y la fabricaci\u00f3n de piezas consumibles cr\u00edticas.<\/p>\n<\/li>\n<\/ol>\n\t\t\t\t<\/div>\n\t\t\t<\/div>\n\t\t\t\t\t\t<div class=\"pp-faq-item elementor-grid-item pp-accordion-item\">\n\t\t\t\t<div id=\"pp-accordion-tab-title-1385\" class=\"pp-faq-question pp-accordion-tab-title\" tabindex=\"0\" data-tab=\"5\" aria-controls=\"pp-accordion-tab-content-1385\" aria-expanded=\"false\">\n\t\t\t\t\t<div class=\"pp-accordion-title-icon\">\n\t\t\t\t\t\t\t\t\t\t\t\t\t\t\t\t\t\t<div class=\"pp-accordion-title-text\">\n\t\t\t\t\t\t\tP: 5. \u00bfCu\u00e1ntos empleados tiene su empresa y cu\u00e1ntos son t\u00e9cnicos?\t\t\t\t\t\t<\/div>\n\t\t\t\t\t<\/div>\n\t\t\t\t\t\t\t\t\t\t\t<div class=\"pp-accordion-toggle-icon\">\n\t\t\t\t\t\t\t\t\t\t\t\t\t\t\t<span class='pp-accordion-toggle-icon-close pp-icon'>\n\t\t\t\t\t\t\t\t\t<i aria-hidden=\"true\" class=\"fas fa-plus\"><\/i>\t\t\t\t\t\t\t\t<\/span>\n\t\t\t\t\t\t\t\t\t\t\t\t\t\t\t\t\t\t\t\t\t\t<span class='pp-accordion-toggle-icon-open pp-icon'>\n\t\t\t\t\t\t\t\t\t<i aria-hidden=\"true\" class=\"fas fa-minus\"><\/i>\t\t\t\t\t\t\t\t<\/span>\n\t\t\t\t\t\t\t\t\t\t\t\t\t<\/div>\n\t\t\t\t\t\t\t\t\t<\/div>\n\n\t\t\t\t<div id=\"pp-accordion-tab-content-1385\" class=\"pp-faq-answer pp-accordion-tab-content\" data-tab=\"5\" aria-labelledby=\"pp-accordion-tab-title-1385\">\n\t\t\t\t\t<p>Nuestra empresa cuenta con una plantilla de m\u00e1s de <strong data-start=\"125\" data-end=\"142\">65 empleados<\/strong>incluyendo m\u00e1s de <strong data-start=\"164\" data-end=\"209\">18 t\u00e9cnicos e ingenieros profesionales<\/strong> especializados en dise\u00f1o de productos, control de calidad y optimizaci\u00f3n de procesos. Este s\u00f3lido equipo t\u00e9cnico garantiza que mantengamos altos est\u00e1ndares de fabricaci\u00f3n e innovaci\u00f3n.<\/p>\n\t\t\t\t<\/div>\n\t\t\t<\/div>\n\t\t\t\t\t\t<div class=\"pp-faq-item elementor-grid-item pp-accordion-item\">\n\t\t\t\t<div id=\"pp-accordion-tab-title-1386\" class=\"pp-faq-question pp-accordion-tab-title\" tabindex=\"0\" data-tab=\"6\" aria-controls=\"pp-accordion-tab-content-1386\" aria-expanded=\"false\">\n\t\t\t\t\t<div class=\"pp-accordion-title-icon\">\n\t\t\t\t\t\t\t\t\t\t\t\t\t\t\t\t\t\t<div class=\"pp-accordion-title-text\">\n\t\t\t\t\t\t\tP: 6. \u00bfC\u00f3mo garantiza su empresa la calidad de los productos?\t\t\t\t\t\t<\/div>\n\t\t\t\t\t<\/div>\n\t\t\t\t\t\t\t\t\t\t\t<div class=\"pp-accordion-toggle-icon\">\n\t\t\t\t\t\t\t\t\t\t\t\t\t\t\t<span class='pp-accordion-toggle-icon-close pp-icon'>\n\t\t\t\t\t\t\t\t\t<i aria-hidden=\"true\" class=\"fas fa-plus\"><\/i>\t\t\t\t\t\t\t\t<\/span>\n\t\t\t\t\t\t\t\t\t\t\t\t\t\t\t\t\t\t\t\t\t\t<span class='pp-accordion-toggle-icon-open pp-icon'>\n\t\t\t\t\t\t\t\t\t<i aria-hidden=\"true\" class=\"fas fa-minus\"><\/i>\t\t\t\t\t\t\t\t<\/span>\n\t\t\t\t\t\t\t\t\t\t\t\t\t<\/div>\n\t\t\t\t\t\t\t\t\t<\/div>\n\n\t\t\t\t<div id=\"pp-accordion-tab-content-1386\" class=\"pp-faq-answer pp-accordion-tab-content\" data-tab=\"6\" aria-labelledby=\"pp-accordion-tab-title-1386\">\n\t\t\t\t\t<p>Mantenemos un completo sistema de calidad que abarca tanto el dise\u00f1o de los productos como los procesos de fabricaci\u00f3n. Adem\u00e1s, nuestro laboratorio especializado en fiabilidad realiza diversas pruebas para garantizar la durabilidad y el rendimiento de cada producto.<\/p>\n\t\t\t\t<\/div>\n\t\t\t<\/div>\n\t\t\t\t\t\t<div class=\"pp-faq-item elementor-grid-item pp-accordion-item\">\n\t\t\t\t<div id=\"pp-accordion-tab-title-1387\" class=\"pp-faq-question pp-accordion-tab-title\" tabindex=\"0\" data-tab=\"7\" aria-controls=\"pp-accordion-tab-content-1387\" aria-expanded=\"false\">\n\t\t\t\t\t<div class=\"pp-accordion-title-icon\">\n\t\t\t\t\t\t\t\t\t\t\t\t\t\t\t\t\t\t<div class=\"pp-accordion-title-text\">\n\t\t\t\t\t\t\tP: 7. \u00bfCu\u00e1l es la forma de pago?\t\t\t\t\t\t<\/div>\n\t\t\t\t\t<\/div>\n\t\t\t\t\t\t\t\t\t\t\t<div class=\"pp-accordion-toggle-icon\">\n\t\t\t\t\t\t\t\t\t\t\t\t\t\t\t<span class='pp-accordion-toggle-icon-close pp-icon'>\n\t\t\t\t\t\t\t\t\t<i aria-hidden=\"true\" class=\"fas fa-plus\"><\/i>\t\t\t\t\t\t\t\t<\/span>\n\t\t\t\t\t\t\t\t\t\t\t\t\t\t\t\t\t\t\t\t\t\t<span class='pp-accordion-toggle-icon-open pp-icon'>\n\t\t\t\t\t\t\t\t\t<i aria-hidden=\"true\" class=\"fas fa-minus\"><\/i>\t\t\t\t\t\t\t\t<\/span>\n\t\t\t\t\t\t\t\t\t\t\t\t\t<\/div>\n\t\t\t\t\t\t\t\t\t<\/div>\n\n\t\t\t\t<div id=\"pp-accordion-tab-content-1387\" class=\"pp-faq-answer pp-accordion-tab-content\" data-tab=\"7\" aria-labelledby=\"pp-accordion-tab-title-1387\">\n\t\t\t\t\t<p>Nuestras condiciones de pago se adaptan a cada transacci\u00f3n. Al proporcionar un presupuesto, confirmaremos con usted las condiciones de la transacci\u00f3n (por ejemplo, FOB, CIF, CNF). Para los pedidos de producci\u00f3n en serie, se requiere un anticipo de 80%, y el resto a la recepci\u00f3n del conocimiento de embarque. El m\u00e9todo de pago m\u00e1s com\u00fan es T\/T, aunque tambi\u00e9n se acepta L\/C.<\/p>\n\t\t\t\t<\/div>\n\t\t\t<\/div>\n\t\t\t\t\t\t<div class=\"pp-faq-item elementor-grid-item pp-accordion-item\">\n\t\t\t\t<div id=\"pp-accordion-tab-title-1388\" class=\"pp-faq-question pp-accordion-tab-title\" tabindex=\"0\" data-tab=\"8\" aria-controls=\"pp-accordion-tab-content-1388\" aria-expanded=\"false\">\n\t\t\t\t\t<div class=\"pp-accordion-title-icon\">\n\t\t\t\t\t\t\t\t\t\t\t\t\t\t\t\t\t\t<div class=\"pp-accordion-title-text\">\n\t\t\t\t\t\t\tP: 8. \u00bfC\u00f3mo se entregar\u00e1 la mercanc\u00eda al cliente?\t\t\t\t\t\t<\/div>\n\t\t\t\t\t<\/div>\n\t\t\t\t\t\t\t\t\t\t\t<div class=\"pp-accordion-toggle-icon\">\n\t\t\t\t\t\t\t\t\t\t\t\t\t\t\t<span class='pp-accordion-toggle-icon-close pp-icon'>\n\t\t\t\t\t\t\t\t\t<i aria-hidden=\"true\" class=\"fas fa-plus\"><\/i>\t\t\t\t\t\t\t\t<\/span>\n\t\t\t\t\t\t\t\t\t\t\t\t\t\t\t\t\t\t\t\t\t\t<span class='pp-accordion-toggle-icon-open pp-icon'>\n\t\t\t\t\t\t\t\t\t<i aria-hidden=\"true\" class=\"fas fa-minus\"><\/i>\t\t\t\t\t\t\t\t<\/span>\n\t\t\t\t\t\t\t\t\t\t\t\t\t<\/div>\n\t\t\t\t\t\t\t\t\t<\/div>\n\n\t\t\t\t<div id=\"pp-accordion-tab-content-1388\" class=\"pp-faq-answer pp-accordion-tab-content\" data-tab=\"8\" aria-labelledby=\"pp-accordion-tab-title-1388\">\n\t\t\t\t\t<p>Normalmente realizamos los env\u00edos por mar desde nuestros puertos de Shenzhen o Qingdao, seg\u00fan el destino. Para pedidos urgentes, tambi\u00e9n ofrecemos transporte a\u00e9reo, expr\u00e9s u otros m\u00e9todos log\u00edsticos. Nuestro objetivo es satisfacer las necesidades de nuestros clientes minimizando los costes log\u00edsticos.<\/p>\n\t\t\t\t<\/div>\n\t\t\t<\/div>\n\t\t\t\t\t<\/div>\n\t\t\t\t<\/div>\n\t\t\t\t<\/div>\n\t\t\t\t\t<\/div>\n\t\t<\/div>\n\t\t\t\t\t\t\t<\/div>\n\t\t<\/section>\n\t\t\t\t\t\t\t<\/div>","protected":false},"excerpt":{"rendered":"<p>FAQ Q: 1. How long does it take to get a reply after we send you an inquiry? We will respond within 12 hours on working days. Q: 2. Are you a direct manufacturer or a trading company? We are a factory with our own international trade department, meaning we both produce and sell our [&hellip;]<\/p>","protected":false},"author":1,"featured_media":0,"parent":0,"menu_order":0,"comment_status":"closed","ping_status":"closed","template":"","meta":{"footnotes":""},"class_list":["post-2794","page","type-page","status-publish","hentry"],"yoast_head":"<!-- This site is optimized with the Yoast SEO Premium plugin v25.0 (Yoast SEO v25.0) - https:\/\/yoast.com\/wordpress\/plugins\/seo\/ -->\n<title>FAQ - HafniumTech<\/title>\n<meta name=\"robots\" content=\"index, follow, max-snippet:-1, max-image-preview:large, max-video-preview:-1\" \/>\n<link rel=\"canonical\" href=\"https:\/\/www.hafniumtech.com\/es\/faq\/\" \/>\n<meta property=\"og:locale\" content=\"es_ES\" \/>\n<meta property=\"og:type\" content=\"article\" \/>\n<meta property=\"og:title\" content=\"FAQ\" \/>\n<meta property=\"og:description\" content=\"FAQ Q: 1. How long does it take to get a reply after we send you an inquiry? We will respond within 12 hours on working days. Q: 2. Are you a direct manufacturer or a trading company? We are a factory with our own international trade department, meaning we both produce and sell our [&hellip;]\" \/>\n<meta property=\"og:url\" content=\"https:\/\/www.hafniumtech.com\/es\/faq\/\" \/>\n<meta property=\"og:site_name\" content=\"HafniumTech\" \/>\n<meta property=\"article:publisher\" content=\"https:\/\/www.facebook.com\/profile.php?id=61570267424696\" \/>\n<meta property=\"article:modified_time\" content=\"2025-03-30T14:28:37+00:00\" \/>\n<meta name=\"twitter:card\" content=\"summary_large_image\" \/>\n<meta name=\"twitter:site\" content=\"@HafniumTech\" \/>\n<meta name=\"twitter:label1\" content=\"Tiempo de lectura\" \/>\n\t<meta name=\"twitter:data1\" content=\"3 minutos\" \/>\n<script type=\"application\/ld+json\" class=\"yoast-schema-graph\">{\"@context\":\"https:\/\/schema.org\",\"@graph\":[{\"@type\":\"WebPage\",\"@id\":\"https:\/\/www.hafniumtech.com\/faq\/\",\"url\":\"https:\/\/www.hafniumtech.com\/faq\/\",\"name\":\"FAQ - HafniumTech\",\"isPartOf\":{\"@id\":\"https:\/\/www.hafniumtech.com\/#website\"},\"datePublished\":\"2025-03-14T01:47:45+00:00\",\"dateModified\":\"2025-03-30T14:28:37+00:00\",\"breadcrumb\":{\"@id\":\"https:\/\/www.hafniumtech.com\/faq\/#breadcrumb\"},\"inLanguage\":\"es\",\"potentialAction\":[{\"@type\":\"ReadAction\",\"target\":[\"https:\/\/www.hafniumtech.com\/faq\/\"]}]},{\"@type\":\"BreadcrumbList\",\"@id\":\"https:\/\/www.hafniumtech.com\/faq\/#breadcrumb\",\"itemListElement\":[{\"@type\":\"ListItem\",\"position\":1,\"name\":\"\u9996\u9875\",\"item\":\"https:\/\/www.hafniumtech.com\/\"},{\"@type\":\"ListItem\",\"position\":2,\"name\":\"FAQ\"}]},{\"@type\":\"WebSite\",\"@id\":\"https:\/\/www.hafniumtech.com\/#website\",\"url\":\"https:\/\/www.hafniumtech.com\/\",\"name\":\"Shenzhen Hafnium Technology Co., Ltd.\",\"description\":\"\",\"publisher\":{\"@id\":\"https:\/\/www.hafniumtech.com\/#organization\"},\"potentialAction\":[{\"@type\":\"SearchAction\",\"target\":{\"@type\":\"EntryPoint\",\"urlTemplate\":\"https:\/\/www.hafniumtech.com\/?s={search_term_string}\"},\"query-input\":{\"@type\":\"PropertyValueSpecification\",\"valueRequired\":true,\"valueName\":\"search_term_string\"}}],\"inLanguage\":\"es\"},{\"@type\":\"Organization\",\"@id\":\"https:\/\/www.hafniumtech.com\/#organization\",\"name\":\"Shenzhen Hafnium Technology Co., Ltd.\",\"url\":\"https:\/\/www.hafniumtech.com\/\",\"logo\":{\"@type\":\"ImageObject\",\"inLanguage\":\"es\",\"@id\":\"https:\/\/www.hafniumtech.com\/#\/schema\/logo\/image\/\",\"url\":\"https:\/\/www.hafniumtech.com\/wp-content\/uploads\/2025\/03\/168-53_.jpg\",\"contentUrl\":\"https:\/\/www.hafniumtech.com\/wp-content\/uploads\/2025\/03\/168-53_.jpg\",\"width\":336,\"height\":106,\"caption\":\"Shenzhen Hafnium Technology Co., Ltd.\"},\"image\":{\"@id\":\"https:\/\/www.hafniumtech.com\/#\/schema\/logo\/image\/\"},\"sameAs\":[\"https:\/\/www.facebook.com\/profile.php?id=61570267424696\",\"https:\/\/x.com\/HafniumTech\"]}]}<\/script>\n<!-- \/ Yoast SEO Premium plugin. -->","yoast_head_json":{"title":"FAQ - HafniumTech","robots":{"index":"index","follow":"follow","max-snippet":"max-snippet:-1","max-image-preview":"max-image-preview:large","max-video-preview":"max-video-preview:-1"},"canonical":"https:\/\/www.hafniumtech.com\/es\/faq\/","og_locale":"es_ES","og_type":"article","og_title":"FAQ","og_description":"FAQ Q: 1. How long does it take to get a reply after we send you an inquiry? We will respond within 12 hours on working days. Q: 2. Are you a direct manufacturer or a trading company? We are a factory with our own international trade department, meaning we both produce and sell our [&hellip;]","og_url":"https:\/\/www.hafniumtech.com\/es\/faq\/","og_site_name":"HafniumTech","article_publisher":"https:\/\/www.facebook.com\/profile.php?id=61570267424696","article_modified_time":"2025-03-30T14:28:37+00:00","twitter_card":"summary_large_image","twitter_site":"@HafniumTech","twitter_misc":{"Tiempo de lectura":"3 minutos"},"schema":{"@context":"https:\/\/schema.org","@graph":[{"@type":"WebPage","@id":"https:\/\/www.hafniumtech.com\/faq\/","url":"https:\/\/www.hafniumtech.com\/faq\/","name":"FAQ - HafniumTech","isPartOf":{"@id":"https:\/\/www.hafniumtech.com\/#website"},"datePublished":"2025-03-14T01:47:45+00:00","dateModified":"2025-03-30T14:28:37+00:00","breadcrumb":{"@id":"https:\/\/www.hafniumtech.com\/faq\/#breadcrumb"},"inLanguage":"es","potentialAction":[{"@type":"ReadAction","target":["https:\/\/www.hafniumtech.com\/faq\/"]}]},{"@type":"BreadcrumbList","@id":"https:\/\/www.hafniumtech.com\/faq\/#breadcrumb","itemListElement":[{"@type":"ListItem","position":1,"name":"\u9996\u9875","item":"https:\/\/www.hafniumtech.com\/"},{"@type":"ListItem","position":2,"name":"FAQ"}]},{"@type":"WebSite","@id":"https:\/\/www.hafniumtech.com\/#website","url":"https:\/\/www.hafniumtech.com\/","name":"Shenzhen Hafnium Technology Co., Ltd.","description":"","publisher":{"@id":"https:\/\/www.hafniumtech.com\/#organization"},"potentialAction":[{"@type":"SearchAction","target":{"@type":"EntryPoint","urlTemplate":"https:\/\/www.hafniumtech.com\/?s={search_term_string}"},"query-input":{"@type":"PropertyValueSpecification","valueRequired":true,"valueName":"search_term_string"}}],"inLanguage":"es"},{"@type":"Organization","@id":"https:\/\/www.hafniumtech.com\/#organization","name":"Shenzhen Hafnium Technology Co., Ltd.","url":"https:\/\/www.hafniumtech.com\/","logo":{"@type":"ImageObject","inLanguage":"es","@id":"https:\/\/www.hafniumtech.com\/#\/schema\/logo\/image\/","url":"https:\/\/www.hafniumtech.com\/wp-content\/uploads\/2025\/03\/168-53_.jpg","contentUrl":"https:\/\/www.hafniumtech.com\/wp-content\/uploads\/2025\/03\/168-53_.jpg","width":336,"height":106,"caption":"Shenzhen Hafnium Technology Co., Ltd."},"image":{"@id":"https:\/\/www.hafniumtech.com\/#\/schema\/logo\/image\/"},"sameAs":["https:\/\/www.facebook.com\/profile.php?id=61570267424696","https:\/\/x.com\/HafniumTech"]}]}},"_links":{"self":[{"href":"https:\/\/www.hafniumtech.com\/es\/wp-json\/wp\/v2\/pages\/2794","targetHints":{"allow":["GET"]}}],"collection":[{"href":"https:\/\/www.hafniumtech.com\/es\/wp-json\/wp\/v2\/pages"}],"about":[{"href":"https:\/\/www.hafniumtech.com\/es\/wp-json\/wp\/v2\/types\/page"}],"author":[{"embeddable":true,"href":"https:\/\/www.hafniumtech.com\/es\/wp-json\/wp\/v2\/users\/1"}],"replies":[{"embeddable":true,"href":"https:\/\/www.hafniumtech.com\/es\/wp-json\/wp\/v2\/comments?post=2794"}],"version-history":[{"count":31,"href":"https:\/\/www.hafniumtech.com\/es\/wp-json\/wp\/v2\/pages\/2794\/revisions"}],"predecessor-version":[{"id":3303,"href":"https:\/\/www.hafniumtech.com\/es\/wp-json\/wp\/v2\/pages\/2794\/revisions\/3303"}],"wp:attachment":[{"href":"https:\/\/www.hafniumtech.com\/es\/wp-json\/wp\/v2\/media?parent=2794"}],"curies":[{"name":"wp","href":"https:\/\/api.w.org\/{rel}","templated":true}]}}