{"id":3378,"date":"2025-05-01T15:15:35","date_gmt":"2025-05-01T07:15:35","guid":{"rendered":"http:\/\/www.hafniumtech.com\/?post_type=product&#038;p=3378"},"modified":"2025-05-01T15:30:32","modified_gmt":"2025-05-01T07:30:32","slug":"lgk-200hd-200a-hd-cnc-plasma-cutting-solves-heavy-metal-cutting-challenges-with-integrated-system","status":"publish","type":"product","link":"https:\/\/www.hafniumtech.com\/es\/producto\/lgk-200hd-200a-hd-cnc-plasma-cutting-solves-heavy-metal-cutting-challenges-with-integrated-system\/","title":{"rendered":"LGK-200HD - Corte por plasma CNC HD de 200 A - Resuelve los retos del corte de metales pesados con un sistema integrado"},"content":{"rendered":"<p>&nbsp;<\/p>\n<table width=\"1001\">\n<tbody>\n<tr>\n<td style=\"text-align: center;\" rowspan=\"2\" width=\"405\">ltem<\/td>\n<td style=\"text-align: center;\" rowspan=\"2\" width=\"46\">Unidad<\/td>\n<td style=\"text-align: center;\" colspan=\"4\" width=\"550\">Modelo<\/td>\n<\/tr>\n<tr>\n<td style=\"text-align: center;\" width=\"130\">LGK-120HD<\/td>\n<td style=\"text-align: center;\" width=\"129\">LGK-200HD<\/td>\n<td style=\"text-align: center;\" width=\"130\">LGK-300HD<\/td>\n<td style=\"text-align: center;\" width=\"161\">LGK-400HD<\/td>\n<\/tr>\n<tr>\n<td width=\"405\">\u00a0Potencia de entrada<\/td>\n<td style=\"text-align: center;\" width=\"46\">V\/Hz<\/td>\n<td style=\"text-align: center;\" colspan=\"4\" width=\"550\">3~380\u00b115%50\/60<\/td>\n<\/tr>\n<tr>\n<td width=\"405\">\u00a0Capacidad nominal de entrada<\/td>\n<td style=\"text-align: center;\" width=\"46\">KVA<\/td>\n<td style=\"text-align: center;\" width=\"130\">21.2<\/td>\n<td style=\"text-align: center;\" width=\"129\">46.5<\/td>\n<td style=\"text-align: center;\" width=\"130\">70.4<\/td>\n<td style=\"text-align: center;\" width=\"161\">92.3<\/td>\n<\/tr>\n<tr>\n<td width=\"405\">\u00a0Corriente nominal de entrada<\/td>\n<td style=\"text-align: center;\" width=\"46\">A<\/td>\n<td style=\"text-align: center;\" width=\"130\">32.5<\/td>\n<td style=\"text-align: center;\" width=\"129\">70.9<\/td>\n<td style=\"text-align: center;\" width=\"130\">100<\/td>\n<td style=\"text-align: center;\" width=\"161\">142<\/td>\n<\/tr>\n<tr>\n<td width=\"405\">\u00a0Corriente nominal de salida<\/td>\n<td style=\"text-align: center;\" width=\"46\">A<\/td>\n<td style=\"text-align: center;\" width=\"130\">120<\/td>\n<td style=\"text-align: center;\" width=\"129\">200<\/td>\n<td style=\"text-align: center;\" width=\"130\">300<\/td>\n<td style=\"text-align: center;\" width=\"161\">400<\/td>\n<\/tr>\n<tr>\n<td width=\"405\">\u00a0Tensi\u00f3n nominal de salida<\/td>\n<td style=\"text-align: center;\" width=\"46\">V<\/td>\n<td style=\"text-align: center;\" width=\"130\">128<\/td>\n<td style=\"text-align: center;\" width=\"129\">160<\/td>\n<td style=\"text-align: center;\" width=\"130\">200<\/td>\n<td style=\"text-align: center;\" width=\"161\">200<\/td>\n<\/tr>\n<tr>\n<td width=\"405\">\u00a0Tensi\u00f3n nominal en circuito abierto<\/td>\n<td style=\"text-align: center;\" width=\"46\">V<\/td>\n<td style=\"text-align: center;\" width=\"130\">308<\/td>\n<td style=\"text-align: center;\" width=\"129\">360<\/td>\n<td style=\"text-align: center;\" width=\"130\">370<\/td>\n<td style=\"text-align: center;\" width=\"161\">370<\/td>\n<\/tr>\n<tr>\n<td width=\"405\">\u00a0Ciclo de trabajo nominal<\/td>\n<td width=\"46\"><\/td>\n<td style=\"text-align: center;\" colspan=\"4\" width=\"550\">100% (40\u2103)<\/td>\n<\/tr>\n<tr>\n<td width=\"405\">\u00a0Eficacia<\/td>\n<td width=\"46\"><\/td>\n<td style=\"text-align: center;\" colspan=\"3\" width=\"389\">92%<\/td>\n<td style=\"text-align: center;\" width=\"161\">93%<\/td>\n<\/tr>\n<tr>\n<td width=\"405\">\u00a0Factor de potencia<\/td>\n<td width=\"46\"><\/td>\n<td style=\"text-align: center;\" colspan=\"2\" width=\"259\">0.78<\/td>\n<td style=\"text-align: center;\" colspan=\"2\" width=\"291\">0.92<\/td>\n<\/tr>\n<tr>\n<td width=\"405\">\u00a0Rango de ajuste de la corriente de salida<\/td>\n<td style=\"text-align: center;\" width=\"46\">A<\/td>\n<td style=\"text-align: center;\" width=\"130\">30~120<\/td>\n<td style=\"text-align: center;\" width=\"129\">40~200<\/td>\n<td style=\"text-align: center;\" width=\"130\">60~300<\/td>\n<td style=\"text-align: center;\" width=\"161\">60~400<\/td>\n<\/tr>\n<tr>\n<td width=\"405\">\u00a0Relaci\u00f3n de salida de tensi\u00f3n del arco<\/td>\n<td width=\"46\"><\/td>\n<td style=\"text-align: center;\" colspan=\"4\" width=\"550\">1:1\/1:20\/1:50\/1:100(Default 1:1)<\/td>\n<\/tr>\n<tr>\n<td width=\"405\">\u00a0Espesor de corte de calidad (acero al carbono)<\/td>\n<td style=\"text-align: center;\" width=\"46\">mm<\/td>\n<td style=\"text-align: center;\" width=\"130\">20(500mm\/min)<\/td>\n<td style=\"text-align: center;\" width=\"129\">32(500mm\/min)<\/td>\n<td style=\"text-align: center;\" width=\"130\">40(500mm\/min)<\/td>\n<td style=\"text-align: center;\" width=\"161\">48(420mm\/min)<\/td>\n<\/tr>\n<tr>\n<td width=\"405\">\u00a0Espesor de corte (acero al carbono)<\/td>\n<td style=\"text-align: center;\" width=\"46\">mm<\/td>\n<td style=\"text-align: center;\" width=\"130\">25(280mm\/min)<\/td>\n<td style=\"text-align: center;\" width=\"129\">45(250mm\/min)<\/td>\n<td style=\"text-align: center;\" width=\"130\">50(270mm\/min)<\/td>\n<td style=\"text-align: center;\" width=\"161\">60(250mm\/min)<\/td>\n<\/tr>\n<tr>\n<td width=\"405\">\u00a0Espesor de corte de separaci\u00f3n manual (acero al carbono)<\/td>\n<td style=\"text-align: center;\" width=\"46\">mm<\/td>\n<td style=\"text-align: center;\" width=\"130\">45<\/td>\n<td style=\"text-align: center;\" width=\"129\">65<\/td>\n<td style=\"text-align: center;\" width=\"130\">80<\/td>\n<td style=\"text-align: center;\" width=\"161\">90<\/td>\n<\/tr>\n<tr>\n<td width=\"405\">\u00a0Gas plasma<\/td>\n<td width=\"46\"><\/td>\n<td style=\"text-align: center;\" colspan=\"4\" width=\"550\">Aire comprimido<\/td>\n<\/tr>\n<tr>\n<td width=\"405\">\u00a0Presi\u00f3n atmosf\u00e9rica<\/td>\n<td style=\"text-align: center;\" width=\"46\">MPa<\/td>\n<td style=\"text-align: center;\" colspan=\"4\" width=\"550\">0.5~0.8<\/td>\n<\/tr>\n<tr>\n<td width=\"405\">\u00a0Flujo de trabajo del refrigerante<\/td>\n<td style=\"text-align: center;\" width=\"46\">L\/min<\/td>\n<td style=\"text-align: center;\" width=\"130\"><\/td>\n<td style=\"text-align: center;\" colspan=\"3\" width=\"420\">\u22652.7<\/td>\n<\/tr>\n<tr>\n<td width=\"405\">\u00a0Fuente de alimentaci\u00f3n Modo de refrigeraci\u00f3n<\/td>\n<td width=\"46\"><\/td>\n<td style=\"text-align: center;\" colspan=\"4\" width=\"550\">Refrigeraci\u00f3n por aire<\/td>\n<\/tr>\n<tr>\n<td width=\"405\">\u00a0Modo de refrigeraci\u00f3n de la antorcha<\/td>\n<td width=\"46\"><\/td>\n<td style=\"text-align: center;\" width=\"130\">Refrigeraci\u00f3n por aire<\/td>\n<td style=\"text-align: center;\" colspan=\"3\" width=\"420\">Refrigeraci\u00f3n por aire \/ refrigeraci\u00f3n por agua<\/td>\n<\/tr>\n<tr>\n<td width=\"405\">\u00a0Modo Arc Strike<\/td>\n<td width=\"46\"><\/td>\n<td style=\"text-align: center;\" colspan=\"4\" width=\"550\">Sin contacto<\/td>\n<\/tr>\n<tr>\n<td width=\"405\">\u00a0Grado de aislamiento<\/td>\n<td width=\"46\"><\/td>\n<td style=\"text-align: center;\" colspan=\"4\" width=\"550\">F<\/td>\n<\/tr>\n<tr>\n<td width=\"405\">\u00a0Protecci\u00f3n contra la penetraci\u00f3n<\/td>\n<td width=\"46\"><\/td>\n<td style=\"text-align: center;\" colspan=\"4\" width=\"550\">IP21S<\/td>\n<\/tr>\n<tr>\n<td width=\"405\">\u00a0Dimensiones (L\u00d7A\u00d7H)<\/td>\n<td style=\"text-align: center;\" width=\"46\">mm<\/td>\n<td style=\"text-align: center;\" width=\"130\">675\u00d7320\u00d7605<\/td>\n<td style=\"text-align: center;\" width=\"129\">863\u00d7385\u00d7800<\/td>\n<td style=\"text-align: center;\" width=\"130\">985\u00d7445\u00d7910<\/td>\n<td style=\"text-align: center;\" width=\"161\">1015\u00d7445\u00d7910<\/td>\n<\/tr>\n<tr>\n<td width=\"405\">\u00a0Peso neto<\/td>\n<td style=\"text-align: center;\" width=\"46\">Kg<\/td>\n<td style=\"text-align: center;\" width=\"130\">46<\/td>\n<td style=\"text-align: center;\" width=\"129\">86<\/td>\n<td style=\"text-align: center;\" width=\"130\">129<\/td>\n<td style=\"text-align: center;\" width=\"161\">148<\/td>\n<\/tr>\n<\/tbody>\n<\/table>","protected":false},"excerpt":{"rendered":"<p><strong>Caracter\u00edsticas principales<\/strong><\/p>\n<ul>\n<li>Con funci\u00f3n de control de la vida \u00fatil de los consumibles de la antorcha de plasma<\/li>\n<li>Con funci\u00f3n de visualizaci\u00f3n, detecci\u00f3n, aviso y control de la presi\u00f3n del gas y el caudal del l\u00edquido refrigerante.<\/li>\n<li>Los tiempos de preflujo, postflujo y subida de la corriente de gas pueden ajustarse por separado<\/li>\n<li>Con protecci\u00f3n autom\u00e1tica de sobrecalentamiento y falta de tensi\u00f3n Funci\u00f3n de visualizaci\u00f3n del c\u00f3digo de error<\/li>\n<li>Se utiliza un ventilador inteligente para reducir el polvo<\/li>\n<li>LGK- 120 HD con funci\u00f3n de arco piloto constante, adecuada para el corte de planchas de rejilla<\/li>\n<\/ul>\n<p>&nbsp;<\/p>\n<p><strong>Aplicaci\u00f3n del producto<\/strong><\/p>\n<ul>\n<li>Corte manual y autom\u00e1tico de acero al carbono, acero aleado y acero no ferroso<\/li>\n<\/ul>","protected":false},"featured_media":3379,"comment_status":"open","ping_status":"closed","template":"","meta":[],"product_brand":[],"product_cat":[53],"product_tag":[78,87,103,109,111,112,113,114,115,116,117,118],"class_list":{"0":"post-3378","1":"product","2":"type-product","3":"status-publish","4":"has-post-thumbnail","6":"product_cat-plasma-cutting-machine-plasma-cutter","7":"product_tag-lgk-200-hd-plasma","8":"product_tag-lgk-200hd","9":"product_tag-lgk-120-hd-plasma","10":"product_tag-lgk-120hd","11":"product_tag-igk-huayuan-160a-hd","12":"product_tag-huayuan-160a-hd","13":"product_tag-huayuan-300hd","14":"product_tag-huayuan-400hd","15":"product_tag-huayan-300hd","16":"product_tag-lgk-400-hd","17":"product_tag-lgk-400hd","18":"product_tag-lgk-300hd","20":"first","21":"instock","22":"shipping-taxable","23":"product-type-simple"},"yoast_head":"<!-- This site is optimized with the Yoast SEO Premium plugin v25.0 (Yoast SEO v25.0) - https:\/\/yoast.com\/wordpress\/plugins\/seo\/ -->\n<title>LGK-200HD - 200A HD CNC Plasma Cutting - Solves Heavy Metal Cutting Challenges with Integrated System - HafniumTech<\/title>\n<meta name=\"robots\" content=\"index, follow, max-snippet:-1, max-image-preview:large, max-video-preview:-1\" \/>\n<link rel=\"canonical\" href=\"https:\/\/www.hafniumtech.com\/es\/producto\/lgk-200hd-200a-hd-cnc-plasma-cutting-solves-heavy-metal-cutting-challenges-with-integrated-system\/\" \/>\n<meta property=\"og:locale\" content=\"es_ES\" \/>\n<meta property=\"og:type\" content=\"article\" \/>\n<meta property=\"og:title\" content=\"LGK-200HD - 200A HD CNC Plasma Cutting - Solves Heavy Metal Cutting Challenges with Integrated System\" \/>\n<meta property=\"og:description\" content=\"Main Features   With plasma torch consumables life monitoring function  With gas pressure and coolant liquid flow displaying, detecting, warning and controlling function  The gas pre-flow, post-flow and current up-slope time can be set separately  With automatic protection of over-heating and lack-voltage Error code displaying function  Intelligent fan is used to reduce the dust  LGK- 120 HD with constant pilot arc strike function, which is suitable for grid plate cutting  &nbsp;  Product Application   Suit manual and automated cut for carbon steel, alloy steel and nonferrous steel\" \/>\n<meta property=\"og:url\" content=\"https:\/\/www.hafniumtech.com\/es\/producto\/lgk-200hd-200a-hd-cnc-plasma-cutting-solves-heavy-metal-cutting-challenges-with-integrated-system\/\" \/>\n<meta property=\"og:site_name\" content=\"HafniumTech\" \/>\n<meta property=\"article:publisher\" content=\"https:\/\/www.facebook.com\/profile.php?id=61570267424696\" \/>\n<meta property=\"article:modified_time\" content=\"2025-05-01T07:30:32+00:00\" \/>\n<meta property=\"og:image\" content=\"https:\/\/www.hafniumtech.com\/wp-content\/uploads\/2025\/05\/200HD-w-machine-300B-Torch.png\" \/>\n\t<meta property=\"og:image:width\" content=\"800\" \/>\n\t<meta property=\"og:image:height\" content=\"800\" \/>\n\t<meta property=\"og:image:type\" content=\"image\/png\" \/>\n<meta name=\"twitter:card\" content=\"summary_large_image\" \/>\n<meta name=\"twitter:site\" content=\"@HafniumTech\" \/>\n<meta name=\"twitter:label1\" content=\"Precio\" \/>\n\t<meta name=\"twitter:data1\" content=\"\" \/>\n\t<meta name=\"twitter:label2\" content=\"Disponibilidad\" \/>\n\t<meta name=\"twitter:data2\" content=\"Disponible\" \/>\n<script type=\"application\/ld+json\" class=\"yoast-schema-graph\">{\"@context\":\"https:\/\/schema.org\",\"@graph\":[{\"@type\":\"WebPage\",\"@id\":\"https:\/\/www.hafniumtech.com\/product\/lgk-200hd-200a-hd-cnc-plasma-cutting-solves-heavy-metal-cutting-challenges-with-integrated-system\/\",\"url\":\"https:\/\/www.hafniumtech.com\/product\/lgk-200hd-200a-hd-cnc-plasma-cutting-solves-heavy-metal-cutting-challenges-with-integrated-system\/\",\"name\":\"LGK-200HD - 200A HD CNC Plasma Cutting - Solves Heavy Metal Cutting Challenges with Integrated System - HafniumTech\",\"isPartOf\":{\"@id\":\"https:\/\/www.hafniumtech.com\/#website\"},\"primaryImageOfPage\":{\"@id\":\"https:\/\/www.hafniumtech.com\/product\/lgk-200hd-200a-hd-cnc-plasma-cutting-solves-heavy-metal-cutting-challenges-with-integrated-system\/#primaryimage\"},\"image\":{\"@id\":\"https:\/\/www.hafniumtech.com\/product\/lgk-200hd-200a-hd-cnc-plasma-cutting-solves-heavy-metal-cutting-challenges-with-integrated-system\/#primaryimage\"},\"thumbnailUrl\":\"https:\/\/www.hafniumtech.com\/wp-content\/uploads\/2025\/05\/200HD-w-machine-300B-Torch.png\",\"datePublished\":\"2025-05-01T07:15:35+00:00\",\"dateModified\":\"2025-05-01T07:30:32+00:00\",\"breadcrumb\":{\"@id\":\"https:\/\/www.hafniumtech.com\/product\/lgk-200hd-200a-hd-cnc-plasma-cutting-solves-heavy-metal-cutting-challenges-with-integrated-system\/#breadcrumb\"},\"inLanguage\":\"es\",\"potentialAction\":[{\"@type\":\"ReadAction\",\"target\":[\"https:\/\/www.hafniumtech.com\/product\/lgk-200hd-200a-hd-cnc-plasma-cutting-solves-heavy-metal-cutting-challenges-with-integrated-system\/\"]}]},{\"@type\":\"ImageObject\",\"inLanguage\":\"es\",\"@id\":\"https:\/\/www.hafniumtech.com\/product\/lgk-200hd-200a-hd-cnc-plasma-cutting-solves-heavy-metal-cutting-challenges-with-integrated-system\/#primaryimage\",\"url\":\"https:\/\/www.hafniumtech.com\/wp-content\/uploads\/2025\/05\/200HD-w-machine-300B-Torch.png\",\"contentUrl\":\"https:\/\/www.hafniumtech.com\/wp-content\/uploads\/2025\/05\/200HD-w-machine-300B-Torch.png\",\"width\":800,\"height\":800},{\"@type\":\"BreadcrumbList\",\"@id\":\"https:\/\/www.hafniumtech.com\/product\/lgk-200hd-200a-hd-cnc-plasma-cutting-solves-heavy-metal-cutting-challenges-with-integrated-system\/#breadcrumb\",\"itemListElement\":[{\"@type\":\"ListItem\",\"position\":1,\"name\":\"\u9996\u9875\",\"item\":\"https:\/\/www.hafniumtech.com\/\"},{\"@type\":\"ListItem\",\"position\":2,\"name\":\"Product\",\"item\":\"https:\/\/www.hafniumtech.com\/product\/\"},{\"@type\":\"ListItem\",\"position\":3,\"name\":\"LGK-200HD &#8211; 200A HD CNC Plasma Cutting &#8211; Solves Heavy Metal Cutting Challenges with Integrated System\"}]},{\"@type\":\"WebSite\",\"@id\":\"https:\/\/www.hafniumtech.com\/#website\",\"url\":\"https:\/\/www.hafniumtech.com\/\",\"name\":\"Shenzhen Hafnium Technology Co., Ltd.\",\"description\":\"\",\"publisher\":{\"@id\":\"https:\/\/www.hafniumtech.com\/#organization\"},\"potentialAction\":[{\"@type\":\"SearchAction\",\"target\":{\"@type\":\"EntryPoint\",\"urlTemplate\":\"https:\/\/www.hafniumtech.com\/?s={search_term_string}\"},\"query-input\":{\"@type\":\"PropertyValueSpecification\",\"valueRequired\":true,\"valueName\":\"search_term_string\"}}],\"inLanguage\":\"es\"},{\"@type\":\"Organization\",\"@id\":\"https:\/\/www.hafniumtech.com\/#organization\",\"name\":\"Shenzhen Hafnium Technology Co., Ltd.\",\"url\":\"https:\/\/www.hafniumtech.com\/\",\"logo\":{\"@type\":\"ImageObject\",\"inLanguage\":\"es\",\"@id\":\"https:\/\/www.hafniumtech.com\/#\/schema\/logo\/image\/\",\"url\":\"https:\/\/www.hafniumtech.com\/wp-content\/uploads\/2025\/03\/168-53_.jpg\",\"contentUrl\":\"https:\/\/www.hafniumtech.com\/wp-content\/uploads\/2025\/03\/168-53_.jpg\",\"width\":336,\"height\":106,\"caption\":\"Shenzhen Hafnium Technology Co., Ltd.\"},\"image\":{\"@id\":\"https:\/\/www.hafniumtech.com\/#\/schema\/logo\/image\/\"},\"sameAs\":[\"https:\/\/www.facebook.com\/profile.php?id=61570267424696\",\"https:\/\/x.com\/HafniumTech\"]}]}<\/script>\n<meta property=\"product:price:amount\" content=\"0.00\" \/>\n<meta property=\"product:price:currency\" content=\"USD\" \/>\n<meta property=\"og:availability\" content=\"instock\" \/>\n<meta property=\"product:availability\" content=\"instock\" \/>\n<meta property=\"product:retailer_item_id\" content=\"LGK-200HD 300B\" \/>\n<meta property=\"product:condition\" content=\"new\" \/>\n<!-- \/ Yoast SEO Premium plugin. -->","yoast_head_json":{"title":"LGK-200HD - 200A HD CNC Plasma Cutting - Solves Heavy Metal Cutting Challenges with Integrated System - HafniumTech","robots":{"index":"index","follow":"follow","max-snippet":"max-snippet:-1","max-image-preview":"max-image-preview:large","max-video-preview":"max-video-preview:-1"},"canonical":"https:\/\/www.hafniumtech.com\/es\/producto\/lgk-200hd-200a-hd-cnc-plasma-cutting-solves-heavy-metal-cutting-challenges-with-integrated-system\/","og_locale":"es_ES","og_type":"article","og_title":"LGK-200HD - 200A HD CNC Plasma Cutting - Solves Heavy Metal Cutting Challenges with Integrated System","og_description":"Main Features   With plasma torch consumables life monitoring function  With gas pressure and coolant liquid flow displaying, detecting, warning and controlling function  The gas pre-flow, post-flow and current up-slope time can be set separately  With automatic protection of over-heating and lack-voltage Error code displaying function  Intelligent fan is used to reduce the dust  LGK- 120 HD with constant pilot arc strike function, which is suitable for grid plate cutting  &nbsp;  Product Application   Suit manual and automated cut for carbon steel, alloy steel and nonferrous steel","og_url":"https:\/\/www.hafniumtech.com\/es\/producto\/lgk-200hd-200a-hd-cnc-plasma-cutting-solves-heavy-metal-cutting-challenges-with-integrated-system\/","og_site_name":"HafniumTech","article_publisher":"https:\/\/www.facebook.com\/profile.php?id=61570267424696","article_modified_time":"2025-05-01T07:30:32+00:00","og_image":[{"width":800,"height":800,"url":"https:\/\/www.hafniumtech.com\/wp-content\/uploads\/2025\/05\/200HD-w-machine-300B-Torch.png","type":"image\/png"}],"twitter_card":"summary_large_image","twitter_site":"@HafniumTech","twitter_misc":{"Precio":"","Disponibilidad":"Disponible"},"schema":{"@context":"https:\/\/schema.org","@graph":[{"@type":"WebPage","@id":"https:\/\/www.hafniumtech.com\/product\/lgk-200hd-200a-hd-cnc-plasma-cutting-solves-heavy-metal-cutting-challenges-with-integrated-system\/","url":"https:\/\/www.hafniumtech.com\/product\/lgk-200hd-200a-hd-cnc-plasma-cutting-solves-heavy-metal-cutting-challenges-with-integrated-system\/","name":"LGK-200HD - 200A HD CNC Plasma Cutting - Solves Heavy Metal Cutting Challenges with Integrated System - HafniumTech","isPartOf":{"@id":"https:\/\/www.hafniumtech.com\/#website"},"primaryImageOfPage":{"@id":"https:\/\/www.hafniumtech.com\/product\/lgk-200hd-200a-hd-cnc-plasma-cutting-solves-heavy-metal-cutting-challenges-with-integrated-system\/#primaryimage"},"image":{"@id":"https:\/\/www.hafniumtech.com\/product\/lgk-200hd-200a-hd-cnc-plasma-cutting-solves-heavy-metal-cutting-challenges-with-integrated-system\/#primaryimage"},"thumbnailUrl":"https:\/\/www.hafniumtech.com\/wp-content\/uploads\/2025\/05\/200HD-w-machine-300B-Torch.png","datePublished":"2025-05-01T07:15:35+00:00","dateModified":"2025-05-01T07:30:32+00:00","breadcrumb":{"@id":"https:\/\/www.hafniumtech.com\/product\/lgk-200hd-200a-hd-cnc-plasma-cutting-solves-heavy-metal-cutting-challenges-with-integrated-system\/#breadcrumb"},"inLanguage":"es","potentialAction":[{"@type":"ReadAction","target":["https:\/\/www.hafniumtech.com\/product\/lgk-200hd-200a-hd-cnc-plasma-cutting-solves-heavy-metal-cutting-challenges-with-integrated-system\/"]}]},{"@type":"ImageObject","inLanguage":"es","@id":"https:\/\/www.hafniumtech.com\/product\/lgk-200hd-200a-hd-cnc-plasma-cutting-solves-heavy-metal-cutting-challenges-with-integrated-system\/#primaryimage","url":"https:\/\/www.hafniumtech.com\/wp-content\/uploads\/2025\/05\/200HD-w-machine-300B-Torch.png","contentUrl":"https:\/\/www.hafniumtech.com\/wp-content\/uploads\/2025\/05\/200HD-w-machine-300B-Torch.png","width":800,"height":800},{"@type":"BreadcrumbList","@id":"https:\/\/www.hafniumtech.com\/product\/lgk-200hd-200a-hd-cnc-plasma-cutting-solves-heavy-metal-cutting-challenges-with-integrated-system\/#breadcrumb","itemListElement":[{"@type":"ListItem","position":1,"name":"\u9996\u9875","item":"https:\/\/www.hafniumtech.com\/"},{"@type":"ListItem","position":2,"name":"Product","item":"https:\/\/www.hafniumtech.com\/product\/"},{"@type":"ListItem","position":3,"name":"LGK-200HD &#8211; 200A HD CNC Plasma Cutting &#8211; Solves Heavy Metal Cutting Challenges with Integrated System"}]},{"@type":"WebSite","@id":"https:\/\/www.hafniumtech.com\/#website","url":"https:\/\/www.hafniumtech.com\/","name":"Shenzhen Hafnium Technology Co., Ltd.","description":"","publisher":{"@id":"https:\/\/www.hafniumtech.com\/#organization"},"potentialAction":[{"@type":"SearchAction","target":{"@type":"EntryPoint","urlTemplate":"https:\/\/www.hafniumtech.com\/?s={search_term_string}"},"query-input":{"@type":"PropertyValueSpecification","valueRequired":true,"valueName":"search_term_string"}}],"inLanguage":"es"},{"@type":"Organization","@id":"https:\/\/www.hafniumtech.com\/#organization","name":"Shenzhen Hafnium Technology Co., Ltd.","url":"https:\/\/www.hafniumtech.com\/","logo":{"@type":"ImageObject","inLanguage":"es","@id":"https:\/\/www.hafniumtech.com\/#\/schema\/logo\/image\/","url":"https:\/\/www.hafniumtech.com\/wp-content\/uploads\/2025\/03\/168-53_.jpg","contentUrl":"https:\/\/www.hafniumtech.com\/wp-content\/uploads\/2025\/03\/168-53_.jpg","width":336,"height":106,"caption":"Shenzhen Hafnium Technology Co., Ltd."},"image":{"@id":"https:\/\/www.hafniumtech.com\/#\/schema\/logo\/image\/"},"sameAs":["https:\/\/www.facebook.com\/profile.php?id=61570267424696","https:\/\/x.com\/HafniumTech"]}]},"product_price_amount":"0.00","product_price_currency":"USD","og_availability":"instock","product_availability":"instock","product_retailer_item_id":"LGK-200HD 300B","product_condition":"new"},"_links":{"self":[{"href":"https:\/\/www.hafniumtech.com\/es\/wp-json\/wp\/v2\/product\/3378","targetHints":{"allow":["GET"]}}],"collection":[{"href":"https:\/\/www.hafniumtech.com\/es\/wp-json\/wp\/v2\/product"}],"about":[{"href":"https:\/\/www.hafniumtech.com\/es\/wp-json\/wp\/v2\/types\/product"}],"replies":[{"embeddable":true,"href":"https:\/\/www.hafniumtech.com\/es\/wp-json\/wp\/v2\/comments?post=3378"}],"wp:featuredmedia":[{"embeddable":true,"href":"https:\/\/www.hafniumtech.com\/es\/wp-json\/wp\/v2\/media\/3379"}],"wp:attachment":[{"href":"https:\/\/www.hafniumtech.com\/es\/wp-json\/wp\/v2\/media?parent=3378"}],"wp:term":[{"taxonomy":"product_brand","embeddable":true,"href":"https:\/\/www.hafniumtech.com\/es\/wp-json\/wp\/v2\/product_brand?post=3378"},{"taxonomy":"product_cat","embeddable":true,"href":"https:\/\/www.hafniumtech.com\/es\/wp-json\/wp\/v2\/product_cat?post=3378"},{"taxonomy":"product_tag","embeddable":true,"href":"https:\/\/www.hafniumtech.com\/es\/wp-json\/wp\/v2\/product_tag?post=3378"}],"curies":[{"name":"wp","href":"https:\/\/api.w.org\/{rel}","templated":true}]}}