{"id":3397,"date":"2025-05-01T16:56:44","date_gmt":"2025-05-01T08:56:44","guid":{"rendered":"http:\/\/www.hafniumtech.com\/?post_type=product&#038;p=3397"},"modified":"2025-05-09T11:35:08","modified_gmt":"2025-05-09T03:35:08","slug":"newly-released-flg-300hd-high-precision-inverter-fine-plasma-cutting-machine-for-cnc","status":"publish","type":"product","link":"https:\/\/www.hafniumtech.com\/es\/producto\/newly-released-flg-300hd-high-precision-inverter-fine-plasma-cutting-machine-for-cnc\/","title":{"rendered":"Nueva m\u00e1quina de corte por plasma de alta precisi\u00f3n con inversor FLG-300HD para CNC"},"content":{"rendered":"<table style=\"height: 675px;\" width=\"758\">\n<tbody>\n<tr>\n<td colspan=\"2\" rowspan=\"2\" width=\"262\">Art\u00edculo<\/td>\n<td style=\"text-align: center;\" rowspan=\"2\" width=\"41\">Unidad<\/td>\n<td style=\"text-align: center;\" colspan=\"3\" width=\"393\">Modelo<\/td>\n<\/tr>\n<tr>\n<td style=\"text-align: center;\" width=\"131\">FLG-200HD<\/td>\n<td style=\"text-align: center;\" width=\"131\">FLG-300HD<\/td>\n<td style=\"text-align: center;\" width=\"131\">FLG-400HD<\/td>\n<\/tr>\n<tr>\n<td colspan=\"2\" width=\"262\">Potencia de entrada<\/td>\n<td style=\"text-align: center;\" width=\"41\">V\/Hz<\/td>\n<td style=\"text-align: center;\" colspan=\"3\" width=\"393\">3~380\u00b115%50\/60<\/td>\n<\/tr>\n<tr>\n<td colspan=\"2\" width=\"262\">Entrada nominal Cument<\/td>\n<td style=\"text-align: center;\" width=\"41\">A<\/td>\n<td style=\"text-align: center;\" width=\"131\">71<\/td>\n<td style=\"text-align: center;\" width=\"131\">110<\/td>\n<td style=\"text-align: center;\" width=\"131\">140<\/td>\n<\/tr>\n<tr>\n<td colspan=\"2\" width=\"262\">Capacidad nominal de entrada<\/td>\n<td style=\"text-align: center;\" width=\"41\">KVA<\/td>\n<td style=\"text-align: center;\" width=\"131\">48.6<\/td>\n<td style=\"text-align: center;\" width=\"131\">72.4<\/td>\n<td style=\"text-align: center;\" width=\"131\">93<\/td>\n<\/tr>\n<tr>\n<td colspan=\"2\" width=\"262\">Tensi\u00f3n\/corriente de salida nominal<\/td>\n<td style=\"text-align: center;\" width=\"41\">A\/V<\/td>\n<td style=\"text-align: center;\" width=\"131\">200\/200<\/td>\n<td style=\"text-align: center;\" width=\"131\">300\/210<\/td>\n<td style=\"text-align: center;\" width=\"131\">400\/200<\/td>\n<\/tr>\n<tr>\n<td colspan=\"2\" width=\"262\">Tensi\u00f3n nominal en circuito abierto<\/td>\n<td style=\"text-align: center;\" width=\"41\">V<\/td>\n<td style=\"text-align: center;\" width=\"131\">360<\/td>\n<td style=\"text-align: center;\" colspan=\"2\" width=\"262\">370<\/td>\n<\/tr>\n<tr>\n<td colspan=\"2\" width=\"262\">Ciclo de trabajo nominal<\/td>\n<td style=\"text-align: center;\" width=\"41\"><\/td>\n<td style=\"text-align: center;\" colspan=\"3\" width=\"393\">100% (40\u2103)<\/td>\n<\/tr>\n<tr>\n<td colspan=\"2\" width=\"262\">Eficacia<\/td>\n<td style=\"text-align: center;\" width=\"41\"><\/td>\n<td style=\"text-align: center;\" colspan=\"2\" width=\"262\">93%<\/td>\n<td style=\"text-align: center;\" width=\"131\">94%<\/td>\n<\/tr>\n<tr>\n<td colspan=\"2\" width=\"262\">Factor de potencia<\/td>\n<td style=\"text-align: center;\" width=\"41\"><\/td>\n<td style=\"text-align: center;\" colspan=\"2\" width=\"262\">0.92<\/td>\n<td style=\"text-align: center;\" width=\"131\">0.91<\/td>\n<\/tr>\n<tr>\n<td colspan=\"2\" width=\"262\">Rango de ajuste de la corriente de salida<\/td>\n<td style=\"text-align: center;\" width=\"41\">A<\/td>\n<td style=\"text-align: center;\" width=\"131\">15~200<\/td>\n<td style=\"text-align: center;\" width=\"131\">15\uff5e300<\/td>\n<td style=\"text-align: center;\" width=\"131\">15~400<\/td>\n<\/tr>\n<tr>\n<td colspan=\"2\" width=\"262\">Modo Arc Strike<\/td>\n<td style=\"text-align: center;\" width=\"41\"><\/td>\n<td style=\"text-align: center;\" colspan=\"3\" width=\"393\">Sin contacto<\/td>\n<\/tr>\n<tr>\n<td colspan=\"2\" width=\"262\">Espesor de corte de calidad (acero al carbono)<\/td>\n<td style=\"text-align: center;\" width=\"41\">m<\/td>\n<td style=\"text-align: center;\" width=\"131\">25<\/td>\n<td style=\"text-align: center;\" width=\"131\">38<\/td>\n<td style=\"text-align: center;\" width=\"131\">50<\/td>\n<\/tr>\n<tr>\n<td colspan=\"2\" width=\"262\">Espesor de perforaci\u00f3n (acero al carbono)<\/td>\n<td style=\"text-align: center;\" width=\"41\">mm<\/td>\n<td style=\"text-align: center;\" width=\"131\">25<\/td>\n<td style=\"text-align: center;\" width=\"131\">38<\/td>\n<td style=\"text-align: center;\" width=\"131\">50<\/td>\n<\/tr>\n<tr>\n<td colspan=\"2\" width=\"262\">Espesor de corte (acero al carbono)<\/td>\n<td style=\"text-align: center;\" width=\"41\">mm<\/td>\n<td style=\"text-align: center;\" width=\"131\">50<\/td>\n<td style=\"text-align: center;\" width=\"131\">64<\/td>\n<td style=\"text-align: center;\" width=\"131\">80<\/td>\n<\/tr>\n<tr>\n<td colspan=\"2\" width=\"262\">Grado de aislamiento<\/td>\n<td width=\"41\"><\/td>\n<td style=\"text-align: center;\" colspan=\"3\" width=\"393\">F<\/td>\n<\/tr>\n<tr>\n<td colspan=\"2\" width=\"262\">Fuente de alimentaci\u00f3n Modo de refrigeraci\u00f3n<\/td>\n<td width=\"41\"><\/td>\n<td style=\"text-align: center;\" colspan=\"3\" width=\"393\">Refrigeraci\u00f3n por aire<\/td>\n<\/tr>\n<tr>\n<td colspan=\"2\" width=\"262\">Modo de refrigeraci\u00f3n de la antorcha<\/td>\n<td width=\"41\"><\/td>\n<td style=\"text-align: center;\" colspan=\"3\" width=\"393\">Refrigeraci\u00f3n por agua<\/td>\n<\/tr>\n<tr>\n<td colspan=\"2\" width=\"262\">Protecci\u00f3n contra la penetraci\u00f3n<\/td>\n<td width=\"41\"><\/td>\n<td style=\"text-align: center;\" colspan=\"3\" width=\"393\">IP21S<\/td>\n<\/tr>\n<tr>\n<td colspan=\"2\" width=\"262\">Dimensiones (L\u00d7A\u00d7H)<\/td>\n<td style=\"text-align: center;\" width=\"41\">mm<\/td>\n<td style=\"text-align: center;\" width=\"131\">1060\u00d7480\u00d71010<\/td>\n<td style=\"text-align: center;\" colspan=\"2\" width=\"262\">1060\u00d7480\u00d71275<\/td>\n<\/tr>\n<tr>\n<td colspan=\"2\" width=\"262\">Fuente de alimentaci\u00f3n Peso neto<\/td>\n<td style=\"text-align: center;\" width=\"41\">Kg<\/td>\n<td style=\"text-align: center;\" width=\"131\">140<\/td>\n<td style=\"text-align: center;\" width=\"131\">200<\/td>\n<td style=\"text-align: center;\" width=\"131\">216<\/td>\n<\/tr>\n<tr>\n<td colspan=\"2\" width=\"262\">Consola de gas Peso neto<\/td>\n<td style=\"text-align: center;\" width=\"41\">Kg<\/td>\n<td style=\"text-align: center;\" width=\"131\">17<\/td>\n<td style=\"text-align: center;\" width=\"131\">22<\/td>\n<td style=\"text-align: center;\" width=\"131\">22<\/td>\n<\/tr>\n<tr>\n<td colspan=\"2\" width=\"262\">Controlador de encendido por arco Peso neto<\/td>\n<td style=\"text-align: center;\" width=\"41\">Kg<\/td>\n<td style=\"text-align: center;\" colspan=\"3\" width=\"393\">14<\/td>\n<\/tr>\n<\/tbody>\n<\/table>\n<p>&nbsp;<\/p>","protected":false},"excerpt":{"rendered":"<h3 class=\"\" data-start=\"174\" data-end=\"202\"><strong data-start=\"178\" data-end=\"202\">Presentaci\u00f3n del producto<\/strong><\/h3>\n<ul data-start=\"204\" data-end=\"648\">\n<li class=\"\" data-start=\"204\" data-end=\"308\">\n<p class=\"\" data-start=\"206\" data-end=\"308\">Esta fina m\u00e1quina de corte por plasma es el resultado de m\u00e1s de 5 a\u00f1os de intensas pruebas y desarrollo.<\/p>\n<\/li>\n<li class=\"\" data-start=\"309\" data-end=\"423\">\n<p class=\"\" data-start=\"311\" data-end=\"423\">Dise\u00f1ado para el corte de alta definici\u00f3n de diversos metales como <strong data-start=\"374\" data-end=\"390\">acero al carbono<\/strong>, <strong data-start=\"392\" data-end=\"404\">aluminio<\/strong>y <strong data-start=\"410\" data-end=\"420\">cobre<\/strong>.<\/p>\n<\/li>\n<li class=\"\" data-start=\"424\" data-end=\"551\">\n<p class=\"\" data-start=\"426\" data-end=\"551\">Incorpora <strong data-start=\"439\" data-end=\"487\">CRCTech\u00ae (Tecnolog\u00eda de Control de la Ondulaci\u00f3n de la Corriente)<\/strong> para una regulaci\u00f3n precisa de la corriente y una excelente calidad de corte.<\/p>\n<\/li>\n<li class=\"\" data-start=\"552\" data-end=\"648\">\n<p class=\"\" data-start=\"554\" data-end=\"648\">Las m\u00faltiples innovaciones de I+D de esta m\u00e1quina est\u00e1n protegidas por <strong data-start=\"615\" data-end=\"647\">derechos de propiedad intelectual<\/strong>.<\/p>\n<\/li>\n<\/ul>\n<hr class=\"\" data-start=\"650\" data-end=\"653\" \/>\n<h3 class=\"\" data-start=\"655\" data-end=\"676\"><strong data-start=\"659\" data-end=\"676\">Caracter\u00edsticas principales<\/strong><\/h3>\n<ul data-start=\"678\" data-end=\"1540\">\n<li class=\"\" data-start=\"678\" data-end=\"827\">\n<p class=\"\" data-start=\"680\" data-end=\"827\"><strong data-start=\"680\" data-end=\"728\">CRCTech\u00ae - Tecnolog\u00eda de control de ondulaci\u00f3n de corriente<\/strong><br data-start=\"728\" data-end=\"731\" \/>- Reduce el rizado de la corriente, garantizando <strong data-start=\"768\" data-end=\"798\">rendimiento de corte estable<\/strong> y <strong data-start=\"803\" data-end=\"826\">cortes lisos y brillantes<\/strong>.<\/p>\n<\/li>\n<li class=\"\" data-start=\"829\" data-end=\"1001\">\n<p class=\"\" data-start=\"831\" data-end=\"1001\"><strong data-start=\"831\" data-end=\"864\">Sistema avanzado de refrigeraci\u00f3n de la antorcha<\/strong><br data-start=\"864\" data-end=\"867\" \/>- Caracter\u00edsticas <strong data-start=\"882\" data-end=\"906\">bomba elevadora de gran potencia<\/strong> y <strong data-start=\"911\" data-end=\"951\">estructura eficiente de disipaci\u00f3n del calor<\/strong> ampliar significativamente <strong data-start=\"976\" data-end=\"1000\">vida \u00fatil de los consumibles<\/strong>.<\/p>\n<\/li>\n<li class=\"\" data-start=\"1003\" data-end=\"1168\">\n<p class=\"\" data-start=\"1005\" data-end=\"1168\"><strong data-start=\"1005\" data-end=\"1037\">Capacidad de corte multigas<\/strong><br data-start=\"1037\" data-end=\"1040\" \/>- Equipado con <strong data-start=\"1058\" data-end=\"1091\">conectores de entrada de gas independientes<\/strong> para unas condiciones de corte \u00f3ptimas en funci\u00f3n de los distintos tipos de metal y procesos.<\/p>\n<\/li>\n<li class=\"\" data-start=\"1170\" data-end=\"1377\">\n<p class=\"\" data-start=\"1172\" data-end=\"1377\"><strong data-start=\"1172\" data-end=\"1212\">Ignici\u00f3n por arco de alta frecuencia fiable<\/strong><br data-start=\"1212\" data-end=\"1215\" \/>- El dise\u00f1o innovador separa el <strong data-start=\"1251\" data-end=\"1273\">caja de alta frecuencia<\/strong> del <strong data-start=\"1283\" data-end=\"1299\">fuente de energ\u00eda<\/strong>reduciendo en gran medida las interferencias y consiguiendo <strong data-start=\"1345\" data-end=\"1376\">100% Tasa de \u00e9xito de inicio de arco<\/strong>.<\/p>\n<\/li>\n<li class=\"\" data-start=\"1379\" data-end=\"1540\">\n<p class=\"\" data-start=\"1381\" data-end=\"1540\"><strong data-start=\"1381\" data-end=\"1410\">Integraci\u00f3n vers\u00e1til de CNC<\/strong><br data-start=\"1410\" data-end=\"1413\" \/>- Admite una amplia gama de <strong data-start=\"1442\" data-end=\"1478\">conectores de control de comunicaci\u00f3n<\/strong>garantizando la compatibilidad con <strong data-start=\"1516\" data-end=\"1539\">Sistemas de control CNC<\/strong>.<\/p>\n<\/li>\n<\/ul>\n<p>&nbsp;<\/p>","protected":false},"featured_media":3398,"comment_status":"open","ping_status":"closed","template":"","meta":[],"product_brand":[],"product_cat":[53],"product_tag":[115,118,137,138,139,140,141,142,143,144,145,146],"class_list":{"0":"post-3397","1":"product","2":"type-product","3":"status-publish","4":"has-post-thumbnail","6":"product_cat-plasma-cutting-machine-plasma-cutter","7":"product_tag-huayan-300hd","8":"product_tag-lgk-300hd","9":"product_tag-flg-300hd","10":"product_tag-huayuan-flg-300hd","11":"product_tag-flg-300hd-fine-plasma-cutting-machine","12":"product_tag-cnc-plasma-cutter-lgk-400hd","13":"product_tag-300a-fine-plasma-cutter-for-cnc","14":"product_tag-industrial-fine-plasma-cutter-300a","15":"product_tag-fine-plasma-cutting-machine","16":"product_tag-high-precision-steel-product-cutter","17":"product_tag-300-amp-plasma-cutter","18":"product_tag-lgk-plasma-cutter","19":"stm_brands-hafniumtech","21":"first","22":"instock","23":"shipping-taxable","24":"product-type-simple"},"yoast_head":"<!-- This site is optimized with the Yoast SEO Premium plugin v25.0 (Yoast SEO v25.0) - https:\/\/yoast.com\/wordpress\/plugins\/seo\/ -->\n<title>Newly Released FLG-300HD High Precision Inverter Fine Plasma Cutting Machine for CNC - HafniumTech<\/title>\n<meta name=\"robots\" content=\"index, follow, max-snippet:-1, max-image-preview:large, max-video-preview:-1\" \/>\n<link rel=\"canonical\" href=\"https:\/\/www.hafniumtech.com\/es\/producto\/newly-released-flg-300hd-high-precision-inverter-fine-plasma-cutting-machine-for-cnc\/\" \/>\n<meta property=\"og:locale\" content=\"es_ES\" \/>\n<meta property=\"og:type\" content=\"article\" \/>\n<meta property=\"og:title\" content=\"Newly Released FLG-300HD High Precision Inverter Fine Plasma Cutting Machine for CNC\" \/>\n<meta property=\"og:description\" content=\"Product Introduction    This fine plasma cutting machine is the result of over 5 years of intensive testing and development.    Designed for high-definition cutting of various metals such as carbon steel, aluminum, and copper.    Incorporates CRCTech\u00ae (Current Ripple Control Technology) for precise current regulation and excellent cutting quality.    Multiple R&amp;D innovations in this machine are protected under intellectual property rights.      Main Features    CRCTech\u00ae \u2013 Current Ripple Control Technology\u2013 Reduces current ripple, ensuring stable cutting performance and smooth, glossy cuts.    Advanced Torch Cooling System\u2013 Features a high-power lift pump and efficient heat dissipation structure to significantly extend consumables lifespan.    Multi-Gas Cutting Capability\u2013 Equipped with separate gas input connectors for optimal cutting conditions based on different metal types and processes.    Reliable High-Frequency Arc Ignition\u2013 Innovative design separates the high-frequency box from the power source, greatly reducing interference and achieving 100% arc start success rate.    Versatile CNC Integration\u2013 Supports a wide range of communication control connectors, ensuring compatibility with various CNC control systems.   &nbsp;\" \/>\n<meta property=\"og:url\" content=\"https:\/\/www.hafniumtech.com\/es\/producto\/newly-released-flg-300hd-high-precision-inverter-fine-plasma-cutting-machine-for-cnc\/\" \/>\n<meta property=\"og:site_name\" content=\"HafniumTech\" \/>\n<meta property=\"article:publisher\" content=\"https:\/\/www.facebook.com\/profile.php?id=61570267424696\" \/>\n<meta property=\"article:modified_time\" content=\"2025-05-09T03:35:08+00:00\" \/>\n<meta property=\"og:image\" content=\"https:\/\/www.hafniumtech.com\/wp-content\/uploads\/2025\/05\/5.png\" \/>\n\t<meta property=\"og:image:width\" content=\"800\" \/>\n\t<meta property=\"og:image:height\" content=\"800\" \/>\n\t<meta property=\"og:image:type\" content=\"image\/png\" \/>\n<meta name=\"twitter:card\" content=\"summary_large_image\" \/>\n<meta name=\"twitter:site\" content=\"@HafniumTech\" \/>\n<meta name=\"twitter:label1\" content=\"Precio\" \/>\n\t<meta name=\"twitter:data1\" content=\"\" \/>\n\t<meta name=\"twitter:label2\" content=\"Disponibilidad\" \/>\n\t<meta name=\"twitter:data2\" content=\"Disponible\" \/>\n<script type=\"application\/ld+json\" class=\"yoast-schema-graph\">{\"@context\":\"https:\/\/schema.org\",\"@graph\":[{\"@type\":\"WebPage\",\"@id\":\"https:\/\/www.hafniumtech.com\/product\/newly-released-flg-300hd-high-precision-inverter-fine-plasma-cutting-machine-for-cnc\/\",\"url\":\"https:\/\/www.hafniumtech.com\/product\/newly-released-flg-300hd-high-precision-inverter-fine-plasma-cutting-machine-for-cnc\/\",\"name\":\"Newly Released FLG-300HD High Precision Inverter Fine Plasma Cutting Machine for CNC - HafniumTech\",\"isPartOf\":{\"@id\":\"https:\/\/www.hafniumtech.com\/#website\"},\"primaryImageOfPage\":{\"@id\":\"https:\/\/www.hafniumtech.com\/product\/newly-released-flg-300hd-high-precision-inverter-fine-plasma-cutting-machine-for-cnc\/#primaryimage\"},\"image\":{\"@id\":\"https:\/\/www.hafniumtech.com\/product\/newly-released-flg-300hd-high-precision-inverter-fine-plasma-cutting-machine-for-cnc\/#primaryimage\"},\"thumbnailUrl\":\"https:\/\/www.hafniumtech.com\/wp-content\/uploads\/2025\/05\/5.png\",\"datePublished\":\"2025-05-01T08:56:44+00:00\",\"dateModified\":\"2025-05-09T03:35:08+00:00\",\"breadcrumb\":{\"@id\":\"https:\/\/www.hafniumtech.com\/product\/newly-released-flg-300hd-high-precision-inverter-fine-plasma-cutting-machine-for-cnc\/#breadcrumb\"},\"inLanguage\":\"es\",\"potentialAction\":[{\"@type\":\"ReadAction\",\"target\":[\"https:\/\/www.hafniumtech.com\/product\/newly-released-flg-300hd-high-precision-inverter-fine-plasma-cutting-machine-for-cnc\/\"]}]},{\"@type\":\"ImageObject\",\"inLanguage\":\"es\",\"@id\":\"https:\/\/www.hafniumtech.com\/product\/newly-released-flg-300hd-high-precision-inverter-fine-plasma-cutting-machine-for-cnc\/#primaryimage\",\"url\":\"https:\/\/www.hafniumtech.com\/wp-content\/uploads\/2025\/05\/5.png\",\"contentUrl\":\"https:\/\/www.hafniumtech.com\/wp-content\/uploads\/2025\/05\/5.png\",\"width\":800,\"height\":800},{\"@type\":\"BreadcrumbList\",\"@id\":\"https:\/\/www.hafniumtech.com\/product\/newly-released-flg-300hd-high-precision-inverter-fine-plasma-cutting-machine-for-cnc\/#breadcrumb\",\"itemListElement\":[{\"@type\":\"ListItem\",\"position\":1,\"name\":\"\u9996\u9875\",\"item\":\"https:\/\/www.hafniumtech.com\/\"},{\"@type\":\"ListItem\",\"position\":2,\"name\":\"Product\",\"item\":\"https:\/\/www.hafniumtech.com\/product\/\"},{\"@type\":\"ListItem\",\"position\":3,\"name\":\"Newly Released FLG-300HD High Precision Inverter Fine Plasma Cutting Machine for CNC\"}]},{\"@type\":\"WebSite\",\"@id\":\"https:\/\/www.hafniumtech.com\/#website\",\"url\":\"https:\/\/www.hafniumtech.com\/\",\"name\":\"Shenzhen Hafnium Technology Co., Ltd.\",\"description\":\"\",\"publisher\":{\"@id\":\"https:\/\/www.hafniumtech.com\/#organization\"},\"potentialAction\":[{\"@type\":\"SearchAction\",\"target\":{\"@type\":\"EntryPoint\",\"urlTemplate\":\"https:\/\/www.hafniumtech.com\/?s={search_term_string}\"},\"query-input\":{\"@type\":\"PropertyValueSpecification\",\"valueRequired\":true,\"valueName\":\"search_term_string\"}}],\"inLanguage\":\"es\"},{\"@type\":\"Organization\",\"@id\":\"https:\/\/www.hafniumtech.com\/#organization\",\"name\":\"Shenzhen Hafnium Technology Co., Ltd.\",\"url\":\"https:\/\/www.hafniumtech.com\/\",\"logo\":{\"@type\":\"ImageObject\",\"inLanguage\":\"es\",\"@id\":\"https:\/\/www.hafniumtech.com\/#\/schema\/logo\/image\/\",\"url\":\"https:\/\/www.hafniumtech.com\/wp-content\/uploads\/2025\/03\/168-53_.jpg\",\"contentUrl\":\"https:\/\/www.hafniumtech.com\/wp-content\/uploads\/2025\/03\/168-53_.jpg\",\"width\":336,\"height\":106,\"caption\":\"Shenzhen Hafnium Technology Co., Ltd.\"},\"image\":{\"@id\":\"https:\/\/www.hafniumtech.com\/#\/schema\/logo\/image\/\"},\"sameAs\":[\"https:\/\/www.facebook.com\/profile.php?id=61570267424696\",\"https:\/\/x.com\/HafniumTech\"]}]}<\/script>\n<meta property=\"product:price:amount\" content=\"0.00\" \/>\n<meta property=\"product:price:currency\" content=\"USD\" \/>\n<meta property=\"og:availability\" content=\"instock\" \/>\n<meta property=\"product:availability\" content=\"instock\" \/>\n<meta property=\"product:retailer_item_id\" content=\"FLG-300HD\" \/>\n<meta property=\"product:condition\" content=\"new\" \/>\n<!-- \/ Yoast SEO Premium plugin. -->","yoast_head_json":{"title":"Newly Released FLG-300HD High Precision Inverter Fine Plasma Cutting Machine for CNC - HafniumTech","robots":{"index":"index","follow":"follow","max-snippet":"max-snippet:-1","max-image-preview":"max-image-preview:large","max-video-preview":"max-video-preview:-1"},"canonical":"https:\/\/www.hafniumtech.com\/es\/producto\/newly-released-flg-300hd-high-precision-inverter-fine-plasma-cutting-machine-for-cnc\/","og_locale":"es_ES","og_type":"article","og_title":"Newly Released FLG-300HD High Precision Inverter Fine Plasma Cutting Machine for CNC","og_description":"Product Introduction    This fine plasma cutting machine is the result of over 5 years of intensive testing and development.    Designed for high-definition cutting of various metals such as carbon steel, aluminum, and copper.    Incorporates CRCTech\u00ae (Current Ripple Control Technology) for precise current regulation and excellent cutting quality.    Multiple R&amp;D innovations in this machine are protected under intellectual property rights.      Main Features    CRCTech\u00ae \u2013 Current Ripple Control Technology\u2013 Reduces current ripple, ensuring stable cutting performance and smooth, glossy cuts.    Advanced Torch Cooling System\u2013 Features a high-power lift pump and efficient heat dissipation structure to significantly extend consumables lifespan.    Multi-Gas Cutting Capability\u2013 Equipped with separate gas input connectors for optimal cutting conditions based on different metal types and processes.    Reliable High-Frequency Arc Ignition\u2013 Innovative design separates the high-frequency box from the power source, greatly reducing interference and achieving 100% arc start success rate.    Versatile CNC Integration\u2013 Supports a wide range of communication control connectors, ensuring compatibility with various CNC control systems.   &nbsp;","og_url":"https:\/\/www.hafniumtech.com\/es\/producto\/newly-released-flg-300hd-high-precision-inverter-fine-plasma-cutting-machine-for-cnc\/","og_site_name":"HafniumTech","article_publisher":"https:\/\/www.facebook.com\/profile.php?id=61570267424696","article_modified_time":"2025-05-09T03:35:08+00:00","og_image":[{"width":800,"height":800,"url":"https:\/\/www.hafniumtech.com\/wp-content\/uploads\/2025\/05\/5.png","type":"image\/png"}],"twitter_card":"summary_large_image","twitter_site":"@HafniumTech","twitter_misc":{"Precio":"","Disponibilidad":"Disponible"},"schema":{"@context":"https:\/\/schema.org","@graph":[{"@type":"WebPage","@id":"https:\/\/www.hafniumtech.com\/product\/newly-released-flg-300hd-high-precision-inverter-fine-plasma-cutting-machine-for-cnc\/","url":"https:\/\/www.hafniumtech.com\/product\/newly-released-flg-300hd-high-precision-inverter-fine-plasma-cutting-machine-for-cnc\/","name":"Newly Released FLG-300HD High Precision Inverter Fine Plasma Cutting Machine for CNC - HafniumTech","isPartOf":{"@id":"https:\/\/www.hafniumtech.com\/#website"},"primaryImageOfPage":{"@id":"https:\/\/www.hafniumtech.com\/product\/newly-released-flg-300hd-high-precision-inverter-fine-plasma-cutting-machine-for-cnc\/#primaryimage"},"image":{"@id":"https:\/\/www.hafniumtech.com\/product\/newly-released-flg-300hd-high-precision-inverter-fine-plasma-cutting-machine-for-cnc\/#primaryimage"},"thumbnailUrl":"https:\/\/www.hafniumtech.com\/wp-content\/uploads\/2025\/05\/5.png","datePublished":"2025-05-01T08:56:44+00:00","dateModified":"2025-05-09T03:35:08+00:00","breadcrumb":{"@id":"https:\/\/www.hafniumtech.com\/product\/newly-released-flg-300hd-high-precision-inverter-fine-plasma-cutting-machine-for-cnc\/#breadcrumb"},"inLanguage":"es","potentialAction":[{"@type":"ReadAction","target":["https:\/\/www.hafniumtech.com\/product\/newly-released-flg-300hd-high-precision-inverter-fine-plasma-cutting-machine-for-cnc\/"]}]},{"@type":"ImageObject","inLanguage":"es","@id":"https:\/\/www.hafniumtech.com\/product\/newly-released-flg-300hd-high-precision-inverter-fine-plasma-cutting-machine-for-cnc\/#primaryimage","url":"https:\/\/www.hafniumtech.com\/wp-content\/uploads\/2025\/05\/5.png","contentUrl":"https:\/\/www.hafniumtech.com\/wp-content\/uploads\/2025\/05\/5.png","width":800,"height":800},{"@type":"BreadcrumbList","@id":"https:\/\/www.hafniumtech.com\/product\/newly-released-flg-300hd-high-precision-inverter-fine-plasma-cutting-machine-for-cnc\/#breadcrumb","itemListElement":[{"@type":"ListItem","position":1,"name":"\u9996\u9875","item":"https:\/\/www.hafniumtech.com\/"},{"@type":"ListItem","position":2,"name":"Product","item":"https:\/\/www.hafniumtech.com\/product\/"},{"@type":"ListItem","position":3,"name":"Newly Released FLG-300HD High Precision Inverter Fine Plasma Cutting Machine for CNC"}]},{"@type":"WebSite","@id":"https:\/\/www.hafniumtech.com\/#website","url":"https:\/\/www.hafniumtech.com\/","name":"Shenzhen Hafnium Technology Co., Ltd.","description":"","publisher":{"@id":"https:\/\/www.hafniumtech.com\/#organization"},"potentialAction":[{"@type":"SearchAction","target":{"@type":"EntryPoint","urlTemplate":"https:\/\/www.hafniumtech.com\/?s={search_term_string}"},"query-input":{"@type":"PropertyValueSpecification","valueRequired":true,"valueName":"search_term_string"}}],"inLanguage":"es"},{"@type":"Organization","@id":"https:\/\/www.hafniumtech.com\/#organization","name":"Shenzhen Hafnium Technology Co., Ltd.","url":"https:\/\/www.hafniumtech.com\/","logo":{"@type":"ImageObject","inLanguage":"es","@id":"https:\/\/www.hafniumtech.com\/#\/schema\/logo\/image\/","url":"https:\/\/www.hafniumtech.com\/wp-content\/uploads\/2025\/03\/168-53_.jpg","contentUrl":"https:\/\/www.hafniumtech.com\/wp-content\/uploads\/2025\/03\/168-53_.jpg","width":336,"height":106,"caption":"Shenzhen Hafnium Technology Co., Ltd."},"image":{"@id":"https:\/\/www.hafniumtech.com\/#\/schema\/logo\/image\/"},"sameAs":["https:\/\/www.facebook.com\/profile.php?id=61570267424696","https:\/\/x.com\/HafniumTech"]}]},"product_price_amount":"0.00","product_price_currency":"USD","og_availability":"instock","product_availability":"instock","product_retailer_item_id":"FLG-300HD","product_condition":"new"},"_links":{"self":[{"href":"https:\/\/www.hafniumtech.com\/es\/wp-json\/wp\/v2\/product\/3397","targetHints":{"allow":["GET"]}}],"collection":[{"href":"https:\/\/www.hafniumtech.com\/es\/wp-json\/wp\/v2\/product"}],"about":[{"href":"https:\/\/www.hafniumtech.com\/es\/wp-json\/wp\/v2\/types\/product"}],"replies":[{"embeddable":true,"href":"https:\/\/www.hafniumtech.com\/es\/wp-json\/wp\/v2\/comments?post=3397"}],"wp:featuredmedia":[{"embeddable":true,"href":"https:\/\/www.hafniumtech.com\/es\/wp-json\/wp\/v2\/media\/3398"}],"wp:attachment":[{"href":"https:\/\/www.hafniumtech.com\/es\/wp-json\/wp\/v2\/media?parent=3397"}],"wp:term":[{"taxonomy":"product_brand","embeddable":true,"href":"https:\/\/www.hafniumtech.com\/es\/wp-json\/wp\/v2\/product_brand?post=3397"},{"taxonomy":"product_cat","embeddable":true,"href":"https:\/\/www.hafniumtech.com\/es\/wp-json\/wp\/v2\/product_cat?post=3397"},{"taxonomy":"product_tag","embeddable":true,"href":"https:\/\/www.hafniumtech.com\/es\/wp-json\/wp\/v2\/product_tag?post=3397"}],"curies":[{"name":"wp","href":"https:\/\/api.w.org\/{rel}","templated":true}]}}