{"id":3421,"date":"2025-05-01T18:07:13","date_gmt":"2025-05-01T10:07:13","guid":{"rendered":"http:\/\/www.hafniumtech.com\/?post_type=product&#038;p=3421"},"modified":"2025-05-02T19:58:13","modified_gmt":"2025-05-02T11:58:13","slug":"zx7-400-igbt-pro-inverter-portable-220v-400a-dc-arc-welding-machine-digital-display-mma-construction-industries-condition-new","status":"publish","type":"product","link":"https:\/\/www.hafniumtech.com\/es\/producto\/zx7-400-igbt-pro-inverter-portable-220v-400a-dc-arc-welding-machine-digital-display-mma-construction-industries-condition-new\/","title":{"rendered":"ZX7-400 IGBT Pro inversor port\u00e1til 220V 400A DC m\u00e1quina de soldadura por arco Pantalla digital MMA Industrias de la Construcci\u00f3n Estado Nuevo"},"content":{"rendered":"<table width=\"698\">\n<tbody>\n<tr>\n<td style=\"text-align: center;\" rowspan=\"2\" width=\"331\"><strong>ltem<\/strong><\/td>\n<td style=\"text-align: center;\" rowspan=\"2\" width=\"89\"><strong>Unidad<\/strong><\/td>\n<td style=\"text-align: center;\" width=\"278\"><strong>Modelo<\/strong><\/td>\n<\/tr>\n<tr>\n<td style=\"text-align: center;\" width=\"278\"><strong>ZX7-400IGBT Pro<\/strong><\/td>\n<\/tr>\n<tr>\n<td style=\"text-align: center;\" width=\"331\">\u00a0 Potencia de entrada<\/td>\n<td style=\"text-align: center;\" width=\"89\">V\/Hz<\/td>\n<td style=\"text-align: center;\" width=\"278\">3~380V\u00b115% 50\/60Hz<\/td>\n<\/tr>\n<tr>\n<td style=\"text-align: center;\" width=\"331\">\u00a0 Capacidad de entrada<\/td>\n<td style=\"text-align: center;\" width=\"89\">KVA<\/td>\n<td style=\"text-align: center;\" width=\"278\">19.7<\/td>\n<\/tr>\n<tr>\n<td style=\"text-align: center;\" width=\"331\">\u00a0 Corriente nominal de entrada<\/td>\n<td style=\"text-align: center;\" width=\"89\">A<\/td>\n<td style=\"text-align: center;\" width=\"278\">30<\/td>\n<\/tr>\n<tr>\n<td style=\"text-align: center;\" width=\"331\">\u00a0 Tensi\u00f3n nominal en circuito abierto<\/td>\n<td style=\"text-align: center;\" width=\"89\">V<\/td>\n<td style=\"text-align: center;\" width=\"278\">81<\/td>\n<\/tr>\n<tr>\n<td style=\"text-align: center;\" width=\"331\">\u00a0 Ciclo de trabajo nominal<\/td>\n<td style=\"text-align: center;\" width=\"89\"><\/td>\n<td style=\"text-align: center;\" width=\"278\">35%(40\u2103)<\/td>\n<\/tr>\n<tr>\n<td style=\"text-align: center;\" width=\"331\">\u00a0 Eficacia<\/td>\n<td style=\"text-align: center;\" width=\"89\"><\/td>\n<td style=\"text-align: center;\" width=\"278\">87%<\/td>\n<\/tr>\n<tr>\n<td style=\"text-align: center;\" width=\"331\">\u00a0 Factor de potencia<\/td>\n<td style=\"text-align: center;\" width=\"89\"><\/td>\n<td style=\"text-align: center;\" width=\"278\">0.88<\/td>\n<\/tr>\n<tr>\n<td style=\"text-align: center;\" width=\"331\">\u00a0 Rango de ajuste de la corriente de salida<\/td>\n<td style=\"text-align: center;\" width=\"89\">A<\/td>\n<td style=\"text-align: center;\" width=\"278\">20~400<\/td>\n<\/tr>\n<tr>\n<td style=\"text-align: center;\" width=\"331\">\u00a0 Rango de ajuste de la corriente de fuerza del arco<\/td>\n<td style=\"text-align: center;\" width=\"89\">A<\/td>\n<td style=\"text-align: center;\" width=\"278\">0~150<\/td>\n<\/tr>\n<tr>\n<td style=\"text-align: center;\" width=\"331\">\u00a0 Rango de ajuste de la corriente de arranque en caliente<\/td>\n<td style=\"text-align: center;\" width=\"89\">A<\/td>\n<td style=\"text-align: center;\" width=\"278\">0~120<\/td>\n<\/tr>\n<tr>\n<td style=\"text-align: center;\" width=\"331\">\u00a0 Di\u00e1metro del electrodo adecuado<\/td>\n<td style=\"text-align: center;\" width=\"89\">mm<\/td>\n<td style=\"text-align: center;\" width=\"278\">\u2264\u03c66<\/td>\n<\/tr>\n<tr>\n<td style=\"text-align: center;\" width=\"331\">\u00a0 Modo refrigeraci\u00f3n<\/td>\n<td style=\"text-align: center;\" width=\"89\"><\/td>\n<td style=\"text-align: center;\" width=\"278\">Refrigeraci\u00f3n por aire<\/td>\n<\/tr>\n<tr>\n<td style=\"text-align: center;\" width=\"331\">\u00a0 Grado de aislamiento<\/td>\n<td style=\"text-align: center;\" width=\"89\"><\/td>\n<td style=\"text-align: center;\" width=\"278\">F<\/td>\n<\/tr>\n<tr>\n<td style=\"text-align: center;\" width=\"331\">\u00a0 Protecci\u00f3n contra la penetraci\u00f3n<\/td>\n<td style=\"text-align: center;\" width=\"89\"><\/td>\n<td style=\"text-align: center;\" width=\"278\">IP21S<\/td>\n<\/tr>\n<tr>\n<td style=\"text-align: center;\" width=\"331\">\u00a0 Dimensiones (L\u00d7A\u00d7H)<\/td>\n<td style=\"text-align: center;\" width=\"89\">mm<\/td>\n<td style=\"text-align: center;\" width=\"278\">520\u00d7260\u00d7495<\/td>\n<\/tr>\n<tr>\n<td style=\"text-align: center;\" width=\"331\">\u00a0 Peso neto<\/td>\n<td style=\"text-align: center;\" width=\"89\">Kg<\/td>\n<td style=\"text-align: center;\" width=\"278\">23<\/td>\n<\/tr>\n<\/tbody>\n<\/table>","protected":false},"excerpt":{"rendered":"<p class=\"\" data-start=\"0\" data-end=\"19\"><strong data-start=\"0\" data-end=\"17\">Caracter\u00edsticas principales<\/strong><\/p>\n<ul data-start=\"20\" data-end=\"494\">\n<li class=\"\" data-start=\"20\" data-end=\"78\">\n<p class=\"\" data-start=\"22\" data-end=\"78\">Tecnolog\u00eda de conmutaci\u00f3n suave con componentes de renombre mundial<\/p>\n<\/li>\n<li class=\"\" data-start=\"79\" data-end=\"145\">\n<p class=\"\" data-start=\"81\" data-end=\"145\">M\u00f3dulos IGBT de \u00faltima generaci\u00f3n para una mayor fiabilidad y vida \u00fatil<\/p>\n<\/li>\n<li class=\"\" data-start=\"146\" data-end=\"211\">\n<p class=\"\" data-start=\"148\" data-end=\"211\">Preajuste de corriente para mejorar la eficiencia y ahorrar energ\u00eda<\/p>\n<\/li>\n<li class=\"\" data-start=\"212\" data-end=\"275\">\n<p class=\"\" data-start=\"214\" data-end=\"275\">Proceso avanzado de dispensaci\u00f3n de placas de circuito impreso para \u00edndices de fallo ultrabajos<\/p>\n<\/li>\n<li class=\"\" data-start=\"276\" data-end=\"328\">\n<p class=\"\" data-start=\"278\" data-end=\"328\">Compensaci\u00f3n autom\u00e1tica de las fluctuaciones de la tensi\u00f3n de entrada<\/p>\n<\/li>\n<li class=\"\" data-start=\"329\" data-end=\"410\">\n<p class=\"\" data-start=\"331\" data-end=\"410\">Protecci\u00f3n completa contra sobretensi\u00f3n, subtensi\u00f3n y sobrecalentamiento<\/p>\n<\/li>\n<li class=\"\" data-start=\"411\" data-end=\"494\">\n<p class=\"\" data-start=\"413\" data-end=\"494\">Excelente respuesta din\u00e1mica: arco estable, aspecto de soldadura suave, salpicaduras m\u00ednimas<\/p>\n<\/li>\n<\/ul>\n<p class=\"\" data-start=\"496\" data-end=\"522\"><strong data-start=\"496\" data-end=\"520\">Aplicaciones de los productos<\/strong><\/p>\n<ul data-start=\"523\" data-end=\"762\">\n<li class=\"\" data-start=\"523\" data-end=\"605\">\n<p class=\"\" data-start=\"525\" data-end=\"605\">Soldadura de acero al carbono, acero semiduro, acero aleado y acero inoxidable<\/p>\n<\/li>\n<li class=\"\" data-start=\"606\" data-end=\"656\">\n<p class=\"\" data-start=\"608\" data-end=\"656\">Compatible con electrodos \u00e1cidos y b\u00e1sicos<\/p>\n<\/li>\n<li class=\"\" data-start=\"657\" data-end=\"762\">\n<p class=\"\" data-start=\"659\" data-end=\"762\">Ideal para la instalaci\u00f3n de equipos industriales, la construcci\u00f3n el\u00e9ctrica y la fabricaci\u00f3n de recipientes a presi\u00f3n.<\/p>\n<\/li>\n<\/ul>","protected":false},"featured_media":3422,"comment_status":"open","ping_status":"closed","template":"","meta":[],"product_brand":[],"product_cat":[15,57],"product_tag":[166,147,167,148,149,151,152,153,154,156,157,158,159,160,161,163,165],"class_list":{"0":"post-3421","1":"product","2":"type-product","3":"status-publish","4":"has-post-thumbnail","6":"product_cat-welding-machine-welder","7":"product_cat-mma-arc-welding-machine","8":"product_tag-380v-welding-machine","9":"product_tag-mma-welding-machine","10":"product_tag-400a-output-we","11":"product_tag-civil-welder","12":"product_tag-mma-welder","13":"product_tag-small-manual-metal-arc-welder","14":"product_tag-mma-portable-welding-machine","15":"product_tag-construction-welder","16":"product_tag-efficient-manual-metal-arc-welder","17":"product_tag-construction-welding-equipment","18":"product_tag-portable-metal-arc-welder","19":"product_tag-home-use-welder","20":"product_tag-igbt-welding-machine","21":"product_tag-400a-portable-welding-machine","22":"product_tag-digital-multifunction-welding-device","23":"product_tag-construction-welding-machine","24":"product_tag-400a-welding-machine","26":"first","27":"instock","28":"shipping-taxable","29":"product-type-simple"},"yoast_head":"<!-- This site is optimized with the Yoast SEO Premium plugin v25.0 (Yoast SEO v25.0) - https:\/\/yoast.com\/wordpress\/plugins\/seo\/ -->\n<title>ZX7-400 IGBT Pro Inverter Portable 220V 400A DC Arc Welding Machine Digital Display MMA Construction Industries Condition New - HafniumTech<\/title>\n<meta name=\"robots\" content=\"index, follow, max-snippet:-1, max-image-preview:large, max-video-preview:-1\" \/>\n<link rel=\"canonical\" href=\"https:\/\/www.hafniumtech.com\/es\/producto\/zx7-400-igbt-pro-inverter-portable-220v-400a-dc-arc-welding-machine-digital-display-mma-construction-industries-condition-new\/\" \/>\n<meta property=\"og:locale\" content=\"es_ES\" \/>\n<meta property=\"og:type\" content=\"article\" \/>\n<meta property=\"og:title\" content=\"ZX7-400 IGBT Pro Inverter Portable 220V 400A DC Arc Welding Machine Digital Display MMA Construction Industries Condition New\" \/>\n<meta property=\"og:description\" content=\"Main Features     Soft-switch technology using world-renowned components    Latest IGBT modules for high reliability and long service life    Current presetting for enhanced efficiency and energy savings    Advanced PCB dispensing process for ultra-low failure rates    Automatic input-voltage fluctuation compensation    Comprehensive protection against over-voltage, under-voltage, and overheating    Excellent dynamic response: stable arc, smooth weld appearance, minimal spatter   Product Applications     Welding of carbon steel, medium-carbon steel, alloy steel, and stainless steel    Compatible with both acid and basic electrodes    Ideal for industrial equipment installation, electrical construction, and pressure-vessel fabrication\" \/>\n<meta property=\"og:url\" content=\"https:\/\/www.hafniumtech.com\/es\/producto\/zx7-400-igbt-pro-inverter-portable-220v-400a-dc-arc-welding-machine-digital-display-mma-construction-industries-condition-new\/\" \/>\n<meta property=\"og:site_name\" content=\"HafniumTech\" \/>\n<meta property=\"article:publisher\" content=\"https:\/\/www.facebook.com\/profile.php?id=61570267424696\" \/>\n<meta property=\"article:modified_time\" content=\"2025-05-02T11:58:13+00:00\" \/>\n<meta property=\"og:image\" content=\"https:\/\/www.hafniumtech.com\/wp-content\/uploads\/2025\/05\/0-1.png\" \/>\n\t<meta property=\"og:image:width\" content=\"800\" \/>\n\t<meta property=\"og:image:height\" content=\"800\" \/>\n\t<meta property=\"og:image:type\" content=\"image\/png\" \/>\n<meta name=\"twitter:card\" content=\"summary_large_image\" \/>\n<meta name=\"twitter:site\" content=\"@HafniumTech\" \/>\n<meta name=\"twitter:label1\" content=\"Precio\" \/>\n\t<meta name=\"twitter:data1\" content=\"\" \/>\n\t<meta name=\"twitter:label2\" content=\"Disponibilidad\" \/>\n\t<meta name=\"twitter:data2\" content=\"Disponible\" \/>\n<script type=\"application\/ld+json\" class=\"yoast-schema-graph\">{\"@context\":\"https:\/\/schema.org\",\"@graph\":[{\"@type\":\"WebPage\",\"@id\":\"https:\/\/www.hafniumtech.com\/product\/zx7-400-igbt-pro-inverter-portable-220v-400a-dc-arc-welding-machine-digital-display-mma-construction-industries-condition-new\/\",\"url\":\"https:\/\/www.hafniumtech.com\/product\/zx7-400-igbt-pro-inverter-portable-220v-400a-dc-arc-welding-machine-digital-display-mma-construction-industries-condition-new\/\",\"name\":\"ZX7-400 IGBT Pro Inverter Portable 220V 400A DC Arc Welding Machine Digital Display MMA Construction Industries Condition New - HafniumTech\",\"isPartOf\":{\"@id\":\"https:\/\/www.hafniumtech.com\/#website\"},\"primaryImageOfPage\":{\"@id\":\"https:\/\/www.hafniumtech.com\/product\/zx7-400-igbt-pro-inverter-portable-220v-400a-dc-arc-welding-machine-digital-display-mma-construction-industries-condition-new\/#primaryimage\"},\"image\":{\"@id\":\"https:\/\/www.hafniumtech.com\/product\/zx7-400-igbt-pro-inverter-portable-220v-400a-dc-arc-welding-machine-digital-display-mma-construction-industries-condition-new\/#primaryimage\"},\"thumbnailUrl\":\"https:\/\/www.hafniumtech.com\/wp-content\/uploads\/2025\/05\/0-1.png\",\"datePublished\":\"2025-05-01T10:07:13+00:00\",\"dateModified\":\"2025-05-02T11:58:13+00:00\",\"breadcrumb\":{\"@id\":\"https:\/\/www.hafniumtech.com\/product\/zx7-400-igbt-pro-inverter-portable-220v-400a-dc-arc-welding-machine-digital-display-mma-construction-industries-condition-new\/#breadcrumb\"},\"inLanguage\":\"es\",\"potentialAction\":[{\"@type\":\"ReadAction\",\"target\":[\"https:\/\/www.hafniumtech.com\/product\/zx7-400-igbt-pro-inverter-portable-220v-400a-dc-arc-welding-machine-digital-display-mma-construction-industries-condition-new\/\"]}]},{\"@type\":\"ImageObject\",\"inLanguage\":\"es\",\"@id\":\"https:\/\/www.hafniumtech.com\/product\/zx7-400-igbt-pro-inverter-portable-220v-400a-dc-arc-welding-machine-digital-display-mma-construction-industries-condition-new\/#primaryimage\",\"url\":\"https:\/\/www.hafniumtech.com\/wp-content\/uploads\/2025\/05\/0-1.png\",\"contentUrl\":\"https:\/\/www.hafniumtech.com\/wp-content\/uploads\/2025\/05\/0-1.png\",\"width\":800,\"height\":800},{\"@type\":\"BreadcrumbList\",\"@id\":\"https:\/\/www.hafniumtech.com\/product\/zx7-400-igbt-pro-inverter-portable-220v-400a-dc-arc-welding-machine-digital-display-mma-construction-industries-condition-new\/#breadcrumb\",\"itemListElement\":[{\"@type\":\"ListItem\",\"position\":1,\"name\":\"\u9996\u9875\",\"item\":\"https:\/\/www.hafniumtech.com\/\"},{\"@type\":\"ListItem\",\"position\":2,\"name\":\"Product\",\"item\":\"https:\/\/www.hafniumtech.com\/product\/\"},{\"@type\":\"ListItem\",\"position\":3,\"name\":\"ZX7-400 IGBT Pro Inverter Portable 220V 400A DC Arc Welding Machine Digital Display MMA Construction Industries Condition New\"}]},{\"@type\":\"WebSite\",\"@id\":\"https:\/\/www.hafniumtech.com\/#website\",\"url\":\"https:\/\/www.hafniumtech.com\/\",\"name\":\"Shenzhen Hafnium Technology Co., Ltd.\",\"description\":\"\",\"publisher\":{\"@id\":\"https:\/\/www.hafniumtech.com\/#organization\"},\"potentialAction\":[{\"@type\":\"SearchAction\",\"target\":{\"@type\":\"EntryPoint\",\"urlTemplate\":\"https:\/\/www.hafniumtech.com\/?s={search_term_string}\"},\"query-input\":{\"@type\":\"PropertyValueSpecification\",\"valueRequired\":true,\"valueName\":\"search_term_string\"}}],\"inLanguage\":\"es\"},{\"@type\":\"Organization\",\"@id\":\"https:\/\/www.hafniumtech.com\/#organization\",\"name\":\"Shenzhen Hafnium Technology Co., Ltd.\",\"url\":\"https:\/\/www.hafniumtech.com\/\",\"logo\":{\"@type\":\"ImageObject\",\"inLanguage\":\"es\",\"@id\":\"https:\/\/www.hafniumtech.com\/#\/schema\/logo\/image\/\",\"url\":\"https:\/\/www.hafniumtech.com\/wp-content\/uploads\/2025\/03\/168-53_.jpg\",\"contentUrl\":\"https:\/\/www.hafniumtech.com\/wp-content\/uploads\/2025\/03\/168-53_.jpg\",\"width\":336,\"height\":106,\"caption\":\"Shenzhen Hafnium Technology Co., Ltd.\"},\"image\":{\"@id\":\"https:\/\/www.hafniumtech.com\/#\/schema\/logo\/image\/\"},\"sameAs\":[\"https:\/\/www.facebook.com\/profile.php?id=61570267424696\",\"https:\/\/x.com\/HafniumTech\"]}]}<\/script>\n<meta property=\"product:price:amount\" content=\"0.00\" \/>\n<meta property=\"product:price:currency\" content=\"USD\" \/>\n<meta property=\"og:availability\" content=\"instock\" \/>\n<meta property=\"product:availability\" content=\"instock\" \/>\n<meta property=\"product:retailer_item_id\" content=\"ZX7-400IGBT Pro\" \/>\n<meta property=\"product:condition\" content=\"new\" \/>\n<!-- \/ Yoast SEO Premium plugin. -->","yoast_head_json":{"title":"ZX7-400 IGBT Pro Inverter Portable 220V 400A DC Arc Welding Machine Digital Display MMA Construction Industries Condition New - HafniumTech","robots":{"index":"index","follow":"follow","max-snippet":"max-snippet:-1","max-image-preview":"max-image-preview:large","max-video-preview":"max-video-preview:-1"},"canonical":"https:\/\/www.hafniumtech.com\/es\/producto\/zx7-400-igbt-pro-inverter-portable-220v-400a-dc-arc-welding-machine-digital-display-mma-construction-industries-condition-new\/","og_locale":"es_ES","og_type":"article","og_title":"ZX7-400 IGBT Pro Inverter Portable 220V 400A DC Arc Welding Machine Digital Display MMA Construction Industries Condition New","og_description":"Main Features     Soft-switch technology using world-renowned components    Latest IGBT modules for high reliability and long service life    Current presetting for enhanced efficiency and energy savings    Advanced PCB dispensing process for ultra-low failure rates    Automatic input-voltage fluctuation compensation    Comprehensive protection against over-voltage, under-voltage, and overheating    Excellent dynamic response: stable arc, smooth weld appearance, minimal spatter   Product Applications     Welding of carbon steel, medium-carbon steel, alloy steel, and stainless steel    Compatible with both acid and basic electrodes    Ideal for industrial equipment installation, electrical construction, and pressure-vessel fabrication","og_url":"https:\/\/www.hafniumtech.com\/es\/producto\/zx7-400-igbt-pro-inverter-portable-220v-400a-dc-arc-welding-machine-digital-display-mma-construction-industries-condition-new\/","og_site_name":"HafniumTech","article_publisher":"https:\/\/www.facebook.com\/profile.php?id=61570267424696","article_modified_time":"2025-05-02T11:58:13+00:00","og_image":[{"width":800,"height":800,"url":"https:\/\/www.hafniumtech.com\/wp-content\/uploads\/2025\/05\/0-1.png","type":"image\/png"}],"twitter_card":"summary_large_image","twitter_site":"@HafniumTech","twitter_misc":{"Precio":"","Disponibilidad":"Disponible"},"schema":{"@context":"https:\/\/schema.org","@graph":[{"@type":"WebPage","@id":"https:\/\/www.hafniumtech.com\/product\/zx7-400-igbt-pro-inverter-portable-220v-400a-dc-arc-welding-machine-digital-display-mma-construction-industries-condition-new\/","url":"https:\/\/www.hafniumtech.com\/product\/zx7-400-igbt-pro-inverter-portable-220v-400a-dc-arc-welding-machine-digital-display-mma-construction-industries-condition-new\/","name":"ZX7-400 IGBT Pro Inverter Portable 220V 400A DC Arc Welding Machine Digital Display MMA Construction Industries Condition New - HafniumTech","isPartOf":{"@id":"https:\/\/www.hafniumtech.com\/#website"},"primaryImageOfPage":{"@id":"https:\/\/www.hafniumtech.com\/product\/zx7-400-igbt-pro-inverter-portable-220v-400a-dc-arc-welding-machine-digital-display-mma-construction-industries-condition-new\/#primaryimage"},"image":{"@id":"https:\/\/www.hafniumtech.com\/product\/zx7-400-igbt-pro-inverter-portable-220v-400a-dc-arc-welding-machine-digital-display-mma-construction-industries-condition-new\/#primaryimage"},"thumbnailUrl":"https:\/\/www.hafniumtech.com\/wp-content\/uploads\/2025\/05\/0-1.png","datePublished":"2025-05-01T10:07:13+00:00","dateModified":"2025-05-02T11:58:13+00:00","breadcrumb":{"@id":"https:\/\/www.hafniumtech.com\/product\/zx7-400-igbt-pro-inverter-portable-220v-400a-dc-arc-welding-machine-digital-display-mma-construction-industries-condition-new\/#breadcrumb"},"inLanguage":"es","potentialAction":[{"@type":"ReadAction","target":["https:\/\/www.hafniumtech.com\/product\/zx7-400-igbt-pro-inverter-portable-220v-400a-dc-arc-welding-machine-digital-display-mma-construction-industries-condition-new\/"]}]},{"@type":"ImageObject","inLanguage":"es","@id":"https:\/\/www.hafniumtech.com\/product\/zx7-400-igbt-pro-inverter-portable-220v-400a-dc-arc-welding-machine-digital-display-mma-construction-industries-condition-new\/#primaryimage","url":"https:\/\/www.hafniumtech.com\/wp-content\/uploads\/2025\/05\/0-1.png","contentUrl":"https:\/\/www.hafniumtech.com\/wp-content\/uploads\/2025\/05\/0-1.png","width":800,"height":800},{"@type":"BreadcrumbList","@id":"https:\/\/www.hafniumtech.com\/product\/zx7-400-igbt-pro-inverter-portable-220v-400a-dc-arc-welding-machine-digital-display-mma-construction-industries-condition-new\/#breadcrumb","itemListElement":[{"@type":"ListItem","position":1,"name":"\u9996\u9875","item":"https:\/\/www.hafniumtech.com\/"},{"@type":"ListItem","position":2,"name":"Product","item":"https:\/\/www.hafniumtech.com\/product\/"},{"@type":"ListItem","position":3,"name":"ZX7-400 IGBT Pro Inverter Portable 220V 400A DC Arc Welding Machine Digital Display MMA Construction Industries Condition New"}]},{"@type":"WebSite","@id":"https:\/\/www.hafniumtech.com\/#website","url":"https:\/\/www.hafniumtech.com\/","name":"Shenzhen Hafnium Technology Co., Ltd.","description":"","publisher":{"@id":"https:\/\/www.hafniumtech.com\/#organization"},"potentialAction":[{"@type":"SearchAction","target":{"@type":"EntryPoint","urlTemplate":"https:\/\/www.hafniumtech.com\/?s={search_term_string}"},"query-input":{"@type":"PropertyValueSpecification","valueRequired":true,"valueName":"search_term_string"}}],"inLanguage":"es"},{"@type":"Organization","@id":"https:\/\/www.hafniumtech.com\/#organization","name":"Shenzhen Hafnium Technology Co., Ltd.","url":"https:\/\/www.hafniumtech.com\/","logo":{"@type":"ImageObject","inLanguage":"es","@id":"https:\/\/www.hafniumtech.com\/#\/schema\/logo\/image\/","url":"https:\/\/www.hafniumtech.com\/wp-content\/uploads\/2025\/03\/168-53_.jpg","contentUrl":"https:\/\/www.hafniumtech.com\/wp-content\/uploads\/2025\/03\/168-53_.jpg","width":336,"height":106,"caption":"Shenzhen Hafnium Technology Co., Ltd."},"image":{"@id":"https:\/\/www.hafniumtech.com\/#\/schema\/logo\/image\/"},"sameAs":["https:\/\/www.facebook.com\/profile.php?id=61570267424696","https:\/\/x.com\/HafniumTech"]}]},"product_price_amount":"0.00","product_price_currency":"USD","og_availability":"instock","product_availability":"instock","product_retailer_item_id":"ZX7-400IGBT Pro","product_condition":"new"},"_links":{"self":[{"href":"https:\/\/www.hafniumtech.com\/es\/wp-json\/wp\/v2\/product\/3421","targetHints":{"allow":["GET"]}}],"collection":[{"href":"https:\/\/www.hafniumtech.com\/es\/wp-json\/wp\/v2\/product"}],"about":[{"href":"https:\/\/www.hafniumtech.com\/es\/wp-json\/wp\/v2\/types\/product"}],"replies":[{"embeddable":true,"href":"https:\/\/www.hafniumtech.com\/es\/wp-json\/wp\/v2\/comments?post=3421"}],"wp:featuredmedia":[{"embeddable":true,"href":"https:\/\/www.hafniumtech.com\/es\/wp-json\/wp\/v2\/media\/3422"}],"wp:attachment":[{"href":"https:\/\/www.hafniumtech.com\/es\/wp-json\/wp\/v2\/media?parent=3421"}],"wp:term":[{"taxonomy":"product_brand","embeddable":true,"href":"https:\/\/www.hafniumtech.com\/es\/wp-json\/wp\/v2\/product_brand?post=3421"},{"taxonomy":"product_cat","embeddable":true,"href":"https:\/\/www.hafniumtech.com\/es\/wp-json\/wp\/v2\/product_cat?post=3421"},{"taxonomy":"product_tag","embeddable":true,"href":"https:\/\/www.hafniumtech.com\/es\/wp-json\/wp\/v2\/product_tag?post=3421"}],"curies":[{"name":"wp","href":"https:\/\/api.w.org\/{rel}","templated":true}]}}