{"id":3489,"date":"2025-05-01T22:39:29","date_gmt":"2025-05-01T14:39:29","guid":{"rendered":"http:\/\/www.hafniumtech.com\/?post_type=product&#038;p=3489"},"modified":"2025-05-01T22:56:48","modified_gmt":"2025-05-01T14:56:48","slug":"portable-gantry-plasma-and-flame-dual-purpose-cnc-metal-plate-cutting-machine-25006000","status":"publish","type":"product","link":"https:\/\/www.hafniumtech.com\/es\/producto\/portable-gantry-plasma-and-flame-dual-purpose-cnc-metal-plate-cutting-machine-25006000\/","title":{"rendered":"P\u00f3rtico port\u00e1til de plasma y llama de doble prop\u00f3sito CNC m\u00e1quina de corte de placa de metal 2500 * 6000"},"content":{"rendered":"<table style=\"height: 519px;\" width=\"906\">\n<tbody>\n<tr>\n<td style=\"text-align: center;\" width=\"444\"><strong>Modelo\u00a0<\/strong><\/td>\n<td style=\"text-align: center;\" width=\"667\"><strong>HFT-1530 \/ 2560A<\/strong><\/td>\n<\/tr>\n<tr>\n<td width=\"444\">\u00c1rea de corte efectiva<\/td>\n<td width=\"667\">1500*3000mm 2500*6000mm<\/td>\n<\/tr>\n<tr>\n<td width=\"444\">Velocidad de corte (mm\/min)<\/td>\n<td width=\"667\">50-4000(m\u00e1x. 4000)<\/td>\n<\/tr>\n<tr>\n<td width=\"444\">Fuente de alimentaci\u00f3n<\/td>\n<td width=\"667\">380V\u00b110% VAC,50\/60HZ Trif\u00e1sico<\/td>\n<\/tr>\n<tr>\n<td width=\"444\">Cuerpo de la m\u00e1quina<\/td>\n<td width=\"667\">220V\u00b110%V CA, 50\/60HZ Monof\u00e1sico<\/td>\n<\/tr>\n<tr>\n<td colspan=\"2\" width=\"1111\"><span style=\"color: #0000ff;\">Especificaci\u00f3n de oxicorte (para oxicorte)<\/span><\/td>\n<\/tr>\n<tr>\n<td width=\"444\">Llama Espesor de corte (mm)<\/td>\n<td width=\"667\">1-80 (Ox\u00edgeno + acetileno o propano)<\/td>\n<\/tr>\n<tr>\n<td width=\"444\">Controlador de altura de la antorcha<\/td>\n<td width=\"667\">llama, ajuste de altura(\u00b160mm)<\/td>\n<\/tr>\n<tr>\n<td width=\"444\">Gas de corte de llama<\/td>\n<td width=\"667\">Ox\u00edgeno + propano o acetileno<\/td>\n<\/tr>\n<tr>\n<td width=\"444\">Soplete de corte<\/td>\n<td width=\"667\">soplete cortallamas<\/td>\n<\/tr>\n<tr>\n<td colspan=\"2\" width=\"1111\"><span style=\"color: #0000ff;\">Especificaci\u00f3n de corte por plasma (para corte por plasma)<\/span><\/td>\n<\/tr>\n<tr>\n<td width=\"444\">Espesor de corte por plasma (mm)<\/td>\n<td width=\"667\">0-30mm (seg\u00fan la fuente de energ\u00eda del plasma)<\/td>\n<\/tr>\n<tr>\n<td width=\"444\">Controlador de altura de la antorcha<\/td>\n<td width=\"667\">Plasma, Altura de tensi\u00f3n del arco (THC)<\/td>\n<\/tr>\n<tr>\n<td width=\"444\">Gas de corte por plasma<\/td>\n<td width=\"667\">aire comprimido<\/td>\n<\/tr>\n<tr>\n<td width=\"444\">Soplete de corte<\/td>\n<td width=\"667\">Antorcha de plasma fina de 8 m<\/td>\n<\/tr>\n<tr>\n<td width=\"444\">sistema controlador<\/td>\n<td width=\"667\">FL2100B<\/td>\n<\/tr>\n<tr>\n<td width=\"444\">Motor<\/td>\n<td width=\"667\">Motor paso a paso<\/td>\n<\/tr>\n<tr>\n<td width=\"444\">Operaci\u00f3n<\/td>\n<td width=\"667\">\u00b10,2 mm\/m<\/td>\n<\/tr>\n<tr>\n<td width=\"444\">Longitud de la gu\u00eda \u00d7 anchura de la gu\u00eda \u00d7 grosor de la gu\u00eda (mm)<\/td>\n<td width=\"667\">3500\u00d7273\u00d760<\/td>\n<\/tr>\n<tr>\n<td width=\"444\">Software de anidamiento<\/td>\n<td width=\"667\">StarCAM<\/td>\n<\/tr>\n<tr>\n<td width=\"444\">Presi\u00f3n del gas (Mpa)<\/td>\n<td width=\"667\">\u00b10.5<\/td>\n<\/tr>\n<tr>\n<td width=\"444\">Kit de conversi\u00f3n de corte<\/td>\n<td width=\"667\">El corte por llama y el corte por plasma pueden cambiar f\u00e1cilmente. M\u00e1quina de corte de llama a\u00f1adir fuente de alimentaci\u00f3n, ARC, antorcha de plasma para cambiar en la m\u00e1quina de corte por plasma.<\/td>\n<\/tr>\n<\/tbody>\n<\/table>","protected":false},"excerpt":{"rendered":"<ul>\n<li><b>zona de trabajo<\/b><\/li>\n<\/ul>\n<p style=\"text-align: left; padding-left: 40px;\">El \u00e1rea de trabajo efectiva est\u00e1ndar es de 1500*3000mm, otras dimensiones pueden ser personalizadas.<\/p>\n<ul>\n<li><b>Espesor de corte de llama <\/b><\/li>\n<\/ul>\n<p style=\"padding-left: 40px;\">6 - 160 mm, adecuado para cortar chapas de acero gruesas<\/p>\n<ul>\n<li><b>Espesor de corte por plasma <\/b><\/li>\n<\/ul>\n<p style=\"padding-left: 40px;\">Dependiendo de la potencia de plasma que utilices, mayor ser\u00e1 la<\/p>\n<p style=\"padding-left: 40px;\">es la fuente de energ\u00eda de plasma, mayor es el grosor de la chapa de acero que se puede cortar.<\/p>\n<p style=\"padding-left: 40px;\">La fuente de energ\u00eda de plasma recomendada podr\u00eda ser 60A, 100A, 120A, 160A. Es adecuado para el corte de chapas finas con una velocidad de corte r\u00e1pida.<\/p>\n<ul>\n<li><b>Sistema operativo CNC<\/b><\/li>\n<\/ul>\n<p style=\"padding-left: 40px;\">sistema de corte de borde com\u00fan, soporta corte por lotes, ahorra tiempo y materiales\uff0c muy rentable.<\/p>\n<ul>\n<li><b>Ra\u00edl pesado de fundici\u00f3n de precisi\u00f3n<\/b><\/li>\n<\/ul>\n<p style=\"padding-left: 40px;\">La aleaci\u00f3n de aluminio duro se forma integralmente, y el eje \u00f3ptico es cromado, que es resistente al desgaste y no se deforma, lo que garantiza la suavidad y la precisi\u00f3n de la operaci\u00f3n de pista<\/p>","protected":false},"featured_media":3490,"comment_status":"open","ping_status":"closed","template":"","meta":[],"product_brand":[],"product_cat":[52],"product_tag":[282,231,283,232,233,235,250,272,273,274,275,276,277,278,279,280,281],"class_list":{"0":"post-3489","1":"product","2":"type-product","3":"status-publish","4":"has-post-thumbnail","6":"product_cat-cnc-plasma-cutting-machine","7":"product_tag-guide-rail-plasma-cutter","8":"product_tag-cheap-cnc-plasma-cutting-machine","9":"product_tag-portable-metal-plasma-cutter-plasma-cnc-cutter","10":"product_tag-cnc-plasma-cutter","11":"product_tag-cnc-plasma-cutting-machine","12":"product_tag-flame-cutting-machine","13":"product_tag-portable-cnc-plasma-cutter","14":"product_tag-cnc-plasma-machine-for-metal-cutting","15":"product_tag-low-cost-cnc-plasma-cutting-machine","16":"product_tag-gantry-cnc-plasma-cutting-machine","17":"product_tag-gantry-cnc-plasma-beveling-cutting-machine","18":"product_tag-portable-gantry-cnc-plasma-cutter","19":"product_tag-mini-gantry-cnc-plasma-cutter","20":"product_tag-mini-portable-cnc-plasma-cutter","21":"product_tag-portable-cnc-plasma-cutter-with-rail","22":"product_tag-single-rail-cnc-plasma-cutter","23":"product_tag-dual-rail-cnc-plasma-cutter","25":"first","26":"instock","27":"shipping-taxable","28":"product-type-simple"},"yoast_head":"<!-- This site is optimized with the Yoast SEO Premium plugin v25.0 (Yoast SEO v25.0) - https:\/\/yoast.com\/wordpress\/plugins\/seo\/ -->\n<title>Portable Gantry Plasma and Flame Dual-purpose CNC Metal Plate Cutting Machine 2500*6000 - HafniumTech<\/title>\n<meta name=\"robots\" content=\"index, follow, max-snippet:-1, max-image-preview:large, max-video-preview:-1\" \/>\n<link rel=\"canonical\" href=\"https:\/\/www.hafniumtech.com\/es\/producto\/portable-gantry-plasma-and-flame-dual-purpose-cnc-metal-plate-cutting-machine-25006000\/\" \/>\n<meta property=\"og:locale\" content=\"es_ES\" \/>\n<meta property=\"og:type\" content=\"article\" \/>\n<meta property=\"og:title\" content=\"Portable Gantry Plasma and Flame Dual-purpose CNC Metal Plate Cutting Machine 2500*6000\" \/>\n<meta property=\"og:description\" content=\"working area  The standard effective working area is 1500*3000mm, other dimensions can be customized    Flame cutting thickness   6 - 160mm, suitable for cutting thick steel plates    Plasma Cutting Thickness   Depending on the plasma power you use, the greater the plasma power source is, the thicker the thickness of the steel plate that can be cut. Recommended plasma power source could be 60A, 100A, 120A, 160A. It is suitable for cutting thin plates with fast cutting speed    CNC operating system  common edge cutting system, supports batch cutting, saves time and materials\uff0c very cost effective    Precision cast heavy rail  The hard aluminum alloy is integrally formed, and the optical axis is chrome Plated, which is wear-resistant and does not deform, ensuring the smoothness and precision of the track operation\" \/>\n<meta property=\"og:url\" content=\"https:\/\/www.hafniumtech.com\/es\/producto\/portable-gantry-plasma-and-flame-dual-purpose-cnc-metal-plate-cutting-machine-25006000\/\" \/>\n<meta property=\"og:site_name\" content=\"HafniumTech\" \/>\n<meta property=\"article:publisher\" content=\"https:\/\/www.facebook.com\/profile.php?id=61570267424696\" \/>\n<meta property=\"article:modified_time\" content=\"2025-05-01T14:56:48+00:00\" \/>\n<meta property=\"og:image\" content=\"https:\/\/www.hafniumtech.com\/wp-content\/uploads\/2025\/05\/\u672a\u547d\u540d\u7684\u8bbe\u8ba1-3.png\" \/>\n\t<meta property=\"og:image:width\" content=\"800\" \/>\n\t<meta property=\"og:image:height\" content=\"800\" \/>\n\t<meta property=\"og:image:type\" content=\"image\/png\" \/>\n<meta name=\"twitter:card\" content=\"summary_large_image\" \/>\n<meta name=\"twitter:site\" content=\"@HafniumTech\" \/>\n<meta name=\"twitter:label1\" content=\"Precio\" \/>\n\t<meta name=\"twitter:data1\" content=\"\" \/>\n\t<meta name=\"twitter:label2\" content=\"Disponibilidad\" \/>\n\t<meta name=\"twitter:data2\" content=\"Disponible\" \/>\n<script type=\"application\/ld+json\" class=\"yoast-schema-graph\">{\"@context\":\"https:\/\/schema.org\",\"@graph\":[{\"@type\":\"WebPage\",\"@id\":\"https:\/\/www.hafniumtech.com\/product\/portable-gantry-plasma-and-flame-dual-purpose-cnc-metal-plate-cutting-machine-25006000\/\",\"url\":\"https:\/\/www.hafniumtech.com\/product\/portable-gantry-plasma-and-flame-dual-purpose-cnc-metal-plate-cutting-machine-25006000\/\",\"name\":\"Portable Gantry Plasma and Flame Dual-purpose CNC Metal Plate Cutting Machine 2500*6000 - HafniumTech\",\"isPartOf\":{\"@id\":\"https:\/\/www.hafniumtech.com\/#website\"},\"primaryImageOfPage\":{\"@id\":\"https:\/\/www.hafniumtech.com\/product\/portable-gantry-plasma-and-flame-dual-purpose-cnc-metal-plate-cutting-machine-25006000\/#primaryimage\"},\"image\":{\"@id\":\"https:\/\/www.hafniumtech.com\/product\/portable-gantry-plasma-and-flame-dual-purpose-cnc-metal-plate-cutting-machine-25006000\/#primaryimage\"},\"thumbnailUrl\":\"https:\/\/www.hafniumtech.com\/wp-content\/uploads\/2025\/05\/\u672a\u547d\u540d\u7684\u8bbe\u8ba1-3.png\",\"datePublished\":\"2025-05-01T14:39:29+00:00\",\"dateModified\":\"2025-05-01T14:56:48+00:00\",\"breadcrumb\":{\"@id\":\"https:\/\/www.hafniumtech.com\/product\/portable-gantry-plasma-and-flame-dual-purpose-cnc-metal-plate-cutting-machine-25006000\/#breadcrumb\"},\"inLanguage\":\"es\",\"potentialAction\":[{\"@type\":\"ReadAction\",\"target\":[\"https:\/\/www.hafniumtech.com\/product\/portable-gantry-plasma-and-flame-dual-purpose-cnc-metal-plate-cutting-machine-25006000\/\"]}]},{\"@type\":\"ImageObject\",\"inLanguage\":\"es\",\"@id\":\"https:\/\/www.hafniumtech.com\/product\/portable-gantry-plasma-and-flame-dual-purpose-cnc-metal-plate-cutting-machine-25006000\/#primaryimage\",\"url\":\"https:\/\/www.hafniumtech.com\/wp-content\/uploads\/2025\/05\/\u672a\u547d\u540d\u7684\u8bbe\u8ba1-3.png\",\"contentUrl\":\"https:\/\/www.hafniumtech.com\/wp-content\/uploads\/2025\/05\/\u672a\u547d\u540d\u7684\u8bbe\u8ba1-3.png\",\"width\":800,\"height\":800},{\"@type\":\"BreadcrumbList\",\"@id\":\"https:\/\/www.hafniumtech.com\/product\/portable-gantry-plasma-and-flame-dual-purpose-cnc-metal-plate-cutting-machine-25006000\/#breadcrumb\",\"itemListElement\":[{\"@type\":\"ListItem\",\"position\":1,\"name\":\"\u9996\u9875\",\"item\":\"https:\/\/www.hafniumtech.com\/\"},{\"@type\":\"ListItem\",\"position\":2,\"name\":\"Product\",\"item\":\"https:\/\/www.hafniumtech.com\/product\/\"},{\"@type\":\"ListItem\",\"position\":3,\"name\":\"Portable Gantry Plasma and Flame Dual-purpose CNC Metal Plate Cutting Machine 2500*6000\"}]},{\"@type\":\"WebSite\",\"@id\":\"https:\/\/www.hafniumtech.com\/#website\",\"url\":\"https:\/\/www.hafniumtech.com\/\",\"name\":\"Shenzhen Hafnium Technology Co., Ltd.\",\"description\":\"\",\"publisher\":{\"@id\":\"https:\/\/www.hafniumtech.com\/#organization\"},\"potentialAction\":[{\"@type\":\"SearchAction\",\"target\":{\"@type\":\"EntryPoint\",\"urlTemplate\":\"https:\/\/www.hafniumtech.com\/?s={search_term_string}\"},\"query-input\":{\"@type\":\"PropertyValueSpecification\",\"valueRequired\":true,\"valueName\":\"search_term_string\"}}],\"inLanguage\":\"es\"},{\"@type\":\"Organization\",\"@id\":\"https:\/\/www.hafniumtech.com\/#organization\",\"name\":\"Shenzhen Hafnium Technology Co., Ltd.\",\"url\":\"https:\/\/www.hafniumtech.com\/\",\"logo\":{\"@type\":\"ImageObject\",\"inLanguage\":\"es\",\"@id\":\"https:\/\/www.hafniumtech.com\/#\/schema\/logo\/image\/\",\"url\":\"https:\/\/www.hafniumtech.com\/wp-content\/uploads\/2025\/03\/168-53_.jpg\",\"contentUrl\":\"https:\/\/www.hafniumtech.com\/wp-content\/uploads\/2025\/03\/168-53_.jpg\",\"width\":336,\"height\":106,\"caption\":\"Shenzhen Hafnium Technology Co., Ltd.\"},\"image\":{\"@id\":\"https:\/\/www.hafniumtech.com\/#\/schema\/logo\/image\/\"},\"sameAs\":[\"https:\/\/www.facebook.com\/profile.php?id=61570267424696\",\"https:\/\/x.com\/HafniumTech\"]}]}<\/script>\n<meta property=\"product:price:amount\" content=\"0.00\" \/>\n<meta property=\"product:price:currency\" content=\"USD\" \/>\n<meta property=\"og:availability\" content=\"instock\" \/>\n<meta property=\"product:availability\" content=\"instock\" \/>\n<meta property=\"product:retailer_item_id\" content=\"2560 Portable CNC\" \/>\n<meta property=\"product:condition\" content=\"new\" \/>\n<!-- \/ Yoast SEO Premium plugin. -->","yoast_head_json":{"title":"Portable Gantry Plasma and Flame Dual-purpose CNC Metal Plate Cutting Machine 2500*6000 - HafniumTech","robots":{"index":"index","follow":"follow","max-snippet":"max-snippet:-1","max-image-preview":"max-image-preview:large","max-video-preview":"max-video-preview:-1"},"canonical":"https:\/\/www.hafniumtech.com\/es\/producto\/portable-gantry-plasma-and-flame-dual-purpose-cnc-metal-plate-cutting-machine-25006000\/","og_locale":"es_ES","og_type":"article","og_title":"Portable Gantry Plasma and Flame Dual-purpose CNC Metal Plate Cutting Machine 2500*6000","og_description":"working area  The standard effective working area is 1500*3000mm, other dimensions can be customized    Flame cutting thickness   6 - 160mm, suitable for cutting thick steel plates    Plasma Cutting Thickness   Depending on the plasma power you use, the greater the plasma power source is, the thicker the thickness of the steel plate that can be cut. Recommended plasma power source could be 60A, 100A, 120A, 160A. It is suitable for cutting thin plates with fast cutting speed    CNC operating system  common edge cutting system, supports batch cutting, saves time and materials\uff0c very cost effective    Precision cast heavy rail  The hard aluminum alloy is integrally formed, and the optical axis is chrome Plated, which is wear-resistant and does not deform, ensuring the smoothness and precision of the track operation","og_url":"https:\/\/www.hafniumtech.com\/es\/producto\/portable-gantry-plasma-and-flame-dual-purpose-cnc-metal-plate-cutting-machine-25006000\/","og_site_name":"HafniumTech","article_publisher":"https:\/\/www.facebook.com\/profile.php?id=61570267424696","article_modified_time":"2025-05-01T14:56:48+00:00","og_image":[{"width":800,"height":800,"url":"https:\/\/www.hafniumtech.com\/wp-content\/uploads\/2025\/05\/\u672a\u547d\u540d\u7684\u8bbe\u8ba1-3.png","type":"image\/png"}],"twitter_card":"summary_large_image","twitter_site":"@HafniumTech","twitter_misc":{"Precio":"","Disponibilidad":"Disponible"},"schema":{"@context":"https:\/\/schema.org","@graph":[{"@type":"WebPage","@id":"https:\/\/www.hafniumtech.com\/product\/portable-gantry-plasma-and-flame-dual-purpose-cnc-metal-plate-cutting-machine-25006000\/","url":"https:\/\/www.hafniumtech.com\/product\/portable-gantry-plasma-and-flame-dual-purpose-cnc-metal-plate-cutting-machine-25006000\/","name":"Portable Gantry Plasma and Flame Dual-purpose CNC Metal Plate Cutting Machine 2500*6000 - HafniumTech","isPartOf":{"@id":"https:\/\/www.hafniumtech.com\/#website"},"primaryImageOfPage":{"@id":"https:\/\/www.hafniumtech.com\/product\/portable-gantry-plasma-and-flame-dual-purpose-cnc-metal-plate-cutting-machine-25006000\/#primaryimage"},"image":{"@id":"https:\/\/www.hafniumtech.com\/product\/portable-gantry-plasma-and-flame-dual-purpose-cnc-metal-plate-cutting-machine-25006000\/#primaryimage"},"thumbnailUrl":"https:\/\/www.hafniumtech.com\/wp-content\/uploads\/2025\/05\/\u672a\u547d\u540d\u7684\u8bbe\u8ba1-3.png","datePublished":"2025-05-01T14:39:29+00:00","dateModified":"2025-05-01T14:56:48+00:00","breadcrumb":{"@id":"https:\/\/www.hafniumtech.com\/product\/portable-gantry-plasma-and-flame-dual-purpose-cnc-metal-plate-cutting-machine-25006000\/#breadcrumb"},"inLanguage":"es","potentialAction":[{"@type":"ReadAction","target":["https:\/\/www.hafniumtech.com\/product\/portable-gantry-plasma-and-flame-dual-purpose-cnc-metal-plate-cutting-machine-25006000\/"]}]},{"@type":"ImageObject","inLanguage":"es","@id":"https:\/\/www.hafniumtech.com\/product\/portable-gantry-plasma-and-flame-dual-purpose-cnc-metal-plate-cutting-machine-25006000\/#primaryimage","url":"https:\/\/www.hafniumtech.com\/wp-content\/uploads\/2025\/05\/\u672a\u547d\u540d\u7684\u8bbe\u8ba1-3.png","contentUrl":"https:\/\/www.hafniumtech.com\/wp-content\/uploads\/2025\/05\/\u672a\u547d\u540d\u7684\u8bbe\u8ba1-3.png","width":800,"height":800},{"@type":"BreadcrumbList","@id":"https:\/\/www.hafniumtech.com\/product\/portable-gantry-plasma-and-flame-dual-purpose-cnc-metal-plate-cutting-machine-25006000\/#breadcrumb","itemListElement":[{"@type":"ListItem","position":1,"name":"\u9996\u9875","item":"https:\/\/www.hafniumtech.com\/"},{"@type":"ListItem","position":2,"name":"Product","item":"https:\/\/www.hafniumtech.com\/product\/"},{"@type":"ListItem","position":3,"name":"Portable Gantry Plasma and Flame Dual-purpose CNC Metal Plate Cutting Machine 2500*6000"}]},{"@type":"WebSite","@id":"https:\/\/www.hafniumtech.com\/#website","url":"https:\/\/www.hafniumtech.com\/","name":"Shenzhen Hafnium Technology Co., Ltd.","description":"","publisher":{"@id":"https:\/\/www.hafniumtech.com\/#organization"},"potentialAction":[{"@type":"SearchAction","target":{"@type":"EntryPoint","urlTemplate":"https:\/\/www.hafniumtech.com\/?s={search_term_string}"},"query-input":{"@type":"PropertyValueSpecification","valueRequired":true,"valueName":"search_term_string"}}],"inLanguage":"es"},{"@type":"Organization","@id":"https:\/\/www.hafniumtech.com\/#organization","name":"Shenzhen Hafnium Technology Co., Ltd.","url":"https:\/\/www.hafniumtech.com\/","logo":{"@type":"ImageObject","inLanguage":"es","@id":"https:\/\/www.hafniumtech.com\/#\/schema\/logo\/image\/","url":"https:\/\/www.hafniumtech.com\/wp-content\/uploads\/2025\/03\/168-53_.jpg","contentUrl":"https:\/\/www.hafniumtech.com\/wp-content\/uploads\/2025\/03\/168-53_.jpg","width":336,"height":106,"caption":"Shenzhen Hafnium Technology Co., Ltd."},"image":{"@id":"https:\/\/www.hafniumtech.com\/#\/schema\/logo\/image\/"},"sameAs":["https:\/\/www.facebook.com\/profile.php?id=61570267424696","https:\/\/x.com\/HafniumTech"]}]},"product_price_amount":"0.00","product_price_currency":"USD","og_availability":"instock","product_availability":"instock","product_retailer_item_id":"2560 Portable CNC","product_condition":"new"},"_links":{"self":[{"href":"https:\/\/www.hafniumtech.com\/es\/wp-json\/wp\/v2\/product\/3489","targetHints":{"allow":["GET"]}}],"collection":[{"href":"https:\/\/www.hafniumtech.com\/es\/wp-json\/wp\/v2\/product"}],"about":[{"href":"https:\/\/www.hafniumtech.com\/es\/wp-json\/wp\/v2\/types\/product"}],"replies":[{"embeddable":true,"href":"https:\/\/www.hafniumtech.com\/es\/wp-json\/wp\/v2\/comments?post=3489"}],"wp:featuredmedia":[{"embeddable":true,"href":"https:\/\/www.hafniumtech.com\/es\/wp-json\/wp\/v2\/media\/3490"}],"wp:attachment":[{"href":"https:\/\/www.hafniumtech.com\/es\/wp-json\/wp\/v2\/media?parent=3489"}],"wp:term":[{"taxonomy":"product_brand","embeddable":true,"href":"https:\/\/www.hafniumtech.com\/es\/wp-json\/wp\/v2\/product_brand?post=3489"},{"taxonomy":"product_cat","embeddable":true,"href":"https:\/\/www.hafniumtech.com\/es\/wp-json\/wp\/v2\/product_cat?post=3489"},{"taxonomy":"product_tag","embeddable":true,"href":"https:\/\/www.hafniumtech.com\/es\/wp-json\/wp\/v2\/product_tag?post=3489"}],"curies":[{"name":"wp","href":"https:\/\/api.w.org\/{rel}","templated":true}]}}