{"id":3579,"date":"2025-05-02T21:56:11","date_gmt":"2025-05-02T13:56:11","guid":{"rendered":"http:\/\/www.hafniumtech.com\/?post_type=product&#038;p=3579"},"modified":"2025-05-02T21:57:07","modified_gmt":"2025-05-02T13:57:07","slug":"auto-darkening-led-headlight-welding-helmet-with-stepless-adjustment-pp-material-solar-powered-for-welding-grinding-work","status":"publish","type":"product","link":"https:\/\/www.hafniumtech.com\/es\/producto\/auto-darkening-led-headlight-welding-helmet-with-stepless-adjustment-pp-material-solar-powered-for-welding-grinding-work\/","title":{"rendered":"Auto-oscurecimiento LED Faro Casco de soldadura con ajuste continuo Material PP Solar Powered for Welding &amp; Grinding Work"},"content":{"rendered":"<table style=\"border-collapse: collapse; width: 506px; height: 319px;\" border=\"0\" width=\"597\" cellspacing=\"0\" cellpadding=\"0\">\n<tbody>\n<tr style=\"height: 19.00pt;\">\n<td class=\"et2\" style=\"height: 19.00pt; width: 165.50pt;\" width=\"331\" height=\"38\">Art\u00edculo<\/td>\n<td class=\"et3\" style=\"width: 133.00pt;\" width=\"266\">Espec<\/td>\n<\/tr>\n<tr style=\"height: 14.00pt;\">\n<td class=\"et4\" style=\"height: 14.00pt; width: 165.50pt;\" width=\"331\" height=\"28\">Tama\u00f1o del marco<\/td>\n<td class=\"et5\" style=\"width: 133.00pt;\" width=\"266\">110*90mm<\/td>\n<\/tr>\n<tr style=\"height: 14.00pt;\">\n<td class=\"et4\" style=\"height: 14.00pt; width: 165.50pt;\" width=\"331\" height=\"28\">Tama\u00f1o de la ventana<\/td>\n<td class=\"et5\" style=\"width: 133.00pt;\" width=\"266\">92*42mm<\/td>\n<\/tr>\n<tr style=\"height: 14.00pt;\">\n<td class=\"et4\" style=\"height: 14.00pt; width: 165.50pt;\" width=\"331\" height=\"28\">Grado de color claro<\/td>\n<td class=\"et5\" style=\"width: 133.00pt;\" width=\"266\">DIN4<\/td>\n<\/tr>\n<tr style=\"height: 14.00pt;\">\n<td class=\"et4\" style=\"height: 14.00pt; width: 165.50pt;\" width=\"331\" height=\"28\">Grado de color oscuro<\/td>\n<td class=\"et5\" style=\"width: 133.00pt;\" width=\"266\">DIN9-DIN13<\/td>\n<\/tr>\n<tr style=\"height: 27.00pt;\">\n<td class=\"et4\" style=\"height: 27.00pt; width: 165.50pt;\" width=\"331\" height=\"54\">Ajuste de sensibilidad Control externo,<\/td>\n<td class=\"et5\" style=\"width: 133.00pt;\" width=\"266\">infinitamente ajustable<\/td>\n<\/tr>\n<tr style=\"height: 14.00pt;\">\n<td class=\"et4\" style=\"height: 14.00pt; width: 165.50pt;\" width=\"331\" height=\"28\">Tiempo de recuperaci\u00f3n 0,13s-1,4s<\/td>\n<td class=\"et5\" style=\"width: 133.00pt;\" width=\"266\">de ajuste continuo<\/td>\n<\/tr>\n<tr style=\"height: 14.00pt;\">\n<td class=\"et4\" style=\"height: 14.00pt; width: 165.50pt;\" width=\"331\" height=\"28\">Alimentaci\u00f3n<\/td>\n<td class=\"et5\" style=\"width: 133.00pt;\" width=\"266\">Bater\u00eda de litio\/energ\u00eda solar<\/td>\n<\/tr>\n<tr style=\"height: 14.00pt;\">\n<td class=\"et4\" style=\"height: 14.00pt; width: 165.50pt;\" width=\"331\" height=\"28\">Capacidad nominal de la bater\u00eda de litio<\/td>\n<td class=\"et5\" style=\"width: 133.00pt;\" width=\"266\">600\/1200mAh<\/td>\n<\/tr>\n<tr style=\"height: 14.00pt;\">\n<td class=\"et4\" style=\"height: 14.00pt; width: 165.50pt;\" width=\"331\" height=\"28\">Temperatura de trabajo<\/td>\n<td class=\"et5\" style=\"width: 133.00pt;\" width=\"266\">-10\u2103-65\u2103<\/td>\n<\/tr>\n<tr style=\"height: 14.00pt;\">\n<td class=\"et4\" style=\"height: 14.00pt; width: 165.50pt;\" width=\"331\" height=\"28\">N\u00famero de sensores de arco<\/td>\n<td class=\"et5\" style=\"width: 133.00pt;\" width=\"266\">2<\/td>\n<\/tr>\n<tr style=\"height: 14.00pt;\">\n<td class=\"et4\" style=\"height: 14.00pt; width: 165.50pt;\" width=\"331\" height=\"28\">Material de la m\u00e1scara<\/td>\n<td class=\"et5\" style=\"width: 133.00pt;\" width=\"266\">AP\/PP<\/td>\n<\/tr>\n<tr style=\"height: 14.00pt;\">\n<td class=\"et4\" style=\"height: 14.00pt; width: 165.50pt;\" width=\"331\" height=\"28\">Grado de protecci\u00f3n ultravioleta rojo<\/td>\n<td class=\"et5\" style=\"width: 133.00pt;\" width=\"266\">DIN15<\/td>\n<\/tr>\n<tr style=\"height: 14.00pt;\">\n<td class=\"et4\" style=\"height: 14.00pt; width: 165.50pt;\" width=\"331\" height=\"28\">Recordatorio de bater\u00eda baja<\/td>\n<td class=\"et5\" style=\"width: 133.00pt;\" width=\"266\">S\u00ed<\/td>\n<\/tr>\n<tr style=\"height: 14.00pt;\">\n<td class=\"et4\" style=\"height: 14.00pt; width: 165.50pt;\" width=\"331\" height=\"28\">Funci\u00f3n de alarma de baja tensi\u00f3n<\/td>\n<td class=\"et5\" style=\"width: 133.00pt;\" width=\"266\">S\u00ed<\/td>\n<\/tr>\n<tr style=\"height: 14.00pt;\">\n<td class=\"et4\" style=\"height: 14.00pt; width: 165.50pt;\" width=\"331\" height=\"28\">Funci\u00f3n de pulido<\/td>\n<td class=\"et5\" style=\"width: 133.00pt;\" width=\"266\">S\u00ed<\/td>\n<\/tr>\n<tr style=\"height: 14.00pt;\">\n<td class=\"et4\" style=\"height: 14.00pt; width: 165.50pt;\" width=\"331\" height=\"28\">Grado \u00f3ptico<\/td>\n<td class=\"et5\" style=\"width: 133.00pt;\" width=\"266\">1\/1\/2\/2<\/td>\n<\/tr>\n<tr style=\"height: 14.00pt;\">\n<td class=\"et4\" style=\"height: 14.00pt; width: 165.50pt;\" width=\"331\" height=\"28\">L\u00e1mina protectora interior<\/td>\n<td class=\"et5\" style=\"width: 133.00pt;\" width=\"266\">105mm*53mm*1mm<\/td>\n<\/tr>\n<tr style=\"height: 14.00pt;\">\n<td class=\"et4\" style=\"height: 14.00pt; width: 165.50pt;\" width=\"331\" height=\"28\">L\u00e1mina protectora exterior<\/td>\n<td class=\"et5\" style=\"width: 133.00pt;\" width=\"266\">116mm*90mm*1mm<\/td>\n<\/tr>\n<\/tbody>\n<\/table>","protected":false},"excerpt":{"rendered":"<p class=\"\" data-start=\"0\" data-end=\"47\"><strong data-start=\"0\" data-end=\"45\">Casco de Soldador Ligero Auto-Oscurecible<\/strong><\/p>\n<ul data-start=\"49\" data-end=\"641\" data-is-last-node=\"\" data-is-only-node=\"\">\n<li class=\"\" data-start=\"49\" data-end=\"164\">\n<p class=\"\" data-start=\"51\" data-end=\"164\"><strong data-start=\"51\" data-end=\"79\">Ligero como una pluma y equilibrado<\/strong>: El arn\u00e9s totalmente ajustable garantiza la comodidad y reduce la fatiga durante los turnos largos.<\/p>\n<\/li>\n<li class=\"\" data-start=\"165\" data-end=\"288\">\n<p class=\"\" data-start=\"167\" data-end=\"288\"><strong data-start=\"167\" data-end=\"191\">\u00d3ptica cristalina<\/strong>: Claridad \u00f3ptica 1\/1\/1\/1 con tecnolog\u00eda True Color\u2122 para una visi\u00f3n precisa y una menor fatiga ocular.<\/p>\n<\/li>\n<li class=\"\" data-start=\"289\" data-end=\"406\">\n<p class=\"\" data-start=\"291\" data-end=\"406\"><strong data-start=\"291\" data-end=\"312\">Dise\u00f1o de doble alimentaci\u00f3n<\/strong>: Alimentaci\u00f3n asistida por energ\u00eda solar y bater\u00eda de litio reemplazable para un funcionamiento prolongado y respetuoso con el medio ambiente.<\/p>\n<\/li>\n<li class=\"\" data-start=\"407\" data-end=\"523\">\n<p class=\"\" data-start=\"409\" data-end=\"523\"><strong data-start=\"409\" data-end=\"429\">Certificado de seguridad<\/strong>: Fabricado con material PP de primera calidad; cumple las normas ANSI Z87.1, CE EN379 y CSA Z94.3.<\/p>\n<\/li>\n<li class=\"\" data-start=\"524\" data-end=\"641\">\n<p class=\"\" data-start=\"526\" data-end=\"641\"><strong data-start=\"526\" data-end=\"550\">Protecci\u00f3n vers\u00e1til<\/strong>: Ideal para aplicaciones de corte por plasma, amolado, soldadura TIG CC\/CA, MIG\/MAG y MMA\/arco.<\/p>\n<\/li>\n<\/ul>","protected":false},"featured_media":3580,"comment_status":"open","ping_status":"closed","template":"","meta":[],"product_brand":[],"product_cat":[55],"product_tag":[387,388,389,390,391,392,393,394],"class_list":{"0":"post-3579","1":"product","2":"type-product","3":"status-publish","4":"has-post-thumbnail","6":"product_cat-parts-and-consumables","7":"product_tag-trq-welding-mask","8":"product_tag-solar-powered-welding-helmet","9":"product_tag-stepless-adjustable-welding-helmet","10":"product_tag-led-headlights-welding-mask","11":"product_tag-auto-darkening-welding-helmet-with-delay-time","12":"product_tag-adjustable-sensitivity-welding-mask","13":"product_tag-ansi-certified-welding-helmet","14":"product_tag-pp-material-welding-helmet","15":"stm_brands-hafniumtech","17":"first","18":"instock","19":"shipping-taxable","20":"product-type-simple"},"yoast_head":"<!-- This site is optimized with the Yoast SEO Premium plugin v25.0 (Yoast SEO v25.0) - https:\/\/yoast.com\/wordpress\/plugins\/seo\/ -->\n<title>Auto-Darkening LED Headlight Welding Helmet with Stepless Adjustment PP Material Solar Powered for Welding &amp; Grinding Work - HafniumTech<\/title>\n<meta name=\"robots\" content=\"index, follow, max-snippet:-1, max-image-preview:large, max-video-preview:-1\" \/>\n<link rel=\"canonical\" href=\"https:\/\/www.hafniumtech.com\/es\/producto\/auto-darkening-led-headlight-welding-helmet-with-stepless-adjustment-pp-material-solar-powered-for-welding-grinding-work\/\" \/>\n<meta property=\"og:locale\" content=\"es_ES\" \/>\n<meta property=\"og:type\" content=\"article\" \/>\n<meta property=\"og:title\" content=\"Auto-Darkening LED Headlight Welding Helmet with Stepless Adjustment PP Material Solar Powered for Welding &amp; Grinding Work\" \/>\n<meta property=\"og:description\" content=\"Lightweight Auto\u2011Darkening Welding Helmet     Feather\u2011Light &amp; Balanced: Fully adjustable headgear ensures comfort and reduces fatigue during long shifts.    Crystal\u2011Clear Optics: 1\/1\/1\/1 optical clarity with True Color\u2122 technology for accurate view and reduced eye strain.    Dual\u2011Power Design: Solar\u2011assisted and replaceable lithium battery power for eco\u2011friendly, extended operation.    Safety Certified: Constructed from premium PP material; meets ANSI Z87.1, CE EN379, and CSA Z94.3 standards.    Versatile Protection: Ideal for plasma cutting, grinding, DC\/AC TIG, MIG\/MAG, and MMA\/arc welding applications.\" \/>\n<meta property=\"og:url\" content=\"https:\/\/www.hafniumtech.com\/es\/producto\/auto-darkening-led-headlight-welding-helmet-with-stepless-adjustment-pp-material-solar-powered-for-welding-grinding-work\/\" \/>\n<meta property=\"og:site_name\" content=\"HafniumTech\" \/>\n<meta property=\"article:publisher\" content=\"https:\/\/www.facebook.com\/profile.php?id=61570267424696\" \/>\n<meta property=\"article:modified_time\" content=\"2025-05-02T13:57:07+00:00\" \/>\n<meta property=\"og:image\" content=\"https:\/\/www.hafniumtech.com\/wp-content\/uploads\/2025\/05\/M1-3.png\" \/>\n\t<meta property=\"og:image:width\" content=\"800\" \/>\n\t<meta property=\"og:image:height\" content=\"800\" \/>\n\t<meta property=\"og:image:type\" content=\"image\/png\" \/>\n<meta name=\"twitter:card\" content=\"summary_large_image\" \/>\n<meta name=\"twitter:site\" content=\"@HafniumTech\" \/>\n<meta name=\"twitter:label1\" content=\"Precio\" \/>\n\t<meta name=\"twitter:data1\" content=\"\" \/>\n\t<meta name=\"twitter:label2\" content=\"Disponibilidad\" \/>\n\t<meta name=\"twitter:data2\" content=\"Disponible\" \/>\n<script type=\"application\/ld+json\" class=\"yoast-schema-graph\">{\"@context\":\"https:\/\/schema.org\",\"@graph\":[{\"@type\":\"WebPage\",\"@id\":\"https:\/\/www.hafniumtech.com\/product\/auto-darkening-led-headlight-welding-helmet-with-stepless-adjustment-pp-material-solar-powered-for-welding-grinding-work\/\",\"url\":\"https:\/\/www.hafniumtech.com\/product\/auto-darkening-led-headlight-welding-helmet-with-stepless-adjustment-pp-material-solar-powered-for-welding-grinding-work\/\",\"name\":\"Auto-Darkening LED Headlight Welding Helmet with Stepless Adjustment PP Material Solar Powered for Welding & Grinding Work - HafniumTech\",\"isPartOf\":{\"@id\":\"https:\/\/www.hafniumtech.com\/#website\"},\"primaryImageOfPage\":{\"@id\":\"https:\/\/www.hafniumtech.com\/product\/auto-darkening-led-headlight-welding-helmet-with-stepless-adjustment-pp-material-solar-powered-for-welding-grinding-work\/#primaryimage\"},\"image\":{\"@id\":\"https:\/\/www.hafniumtech.com\/product\/auto-darkening-led-headlight-welding-helmet-with-stepless-adjustment-pp-material-solar-powered-for-welding-grinding-work\/#primaryimage\"},\"thumbnailUrl\":\"https:\/\/www.hafniumtech.com\/wp-content\/uploads\/2025\/05\/M1-3.png\",\"datePublished\":\"2025-05-02T13:56:11+00:00\",\"dateModified\":\"2025-05-02T13:57:07+00:00\",\"breadcrumb\":{\"@id\":\"https:\/\/www.hafniumtech.com\/product\/auto-darkening-led-headlight-welding-helmet-with-stepless-adjustment-pp-material-solar-powered-for-welding-grinding-work\/#breadcrumb\"},\"inLanguage\":\"es\",\"potentialAction\":[{\"@type\":\"ReadAction\",\"target\":[\"https:\/\/www.hafniumtech.com\/product\/auto-darkening-led-headlight-welding-helmet-with-stepless-adjustment-pp-material-solar-powered-for-welding-grinding-work\/\"]}]},{\"@type\":\"ImageObject\",\"inLanguage\":\"es\",\"@id\":\"https:\/\/www.hafniumtech.com\/product\/auto-darkening-led-headlight-welding-helmet-with-stepless-adjustment-pp-material-solar-powered-for-welding-grinding-work\/#primaryimage\",\"url\":\"https:\/\/www.hafniumtech.com\/wp-content\/uploads\/2025\/05\/M1-3.png\",\"contentUrl\":\"https:\/\/www.hafniumtech.com\/wp-content\/uploads\/2025\/05\/M1-3.png\",\"width\":800,\"height\":800},{\"@type\":\"BreadcrumbList\",\"@id\":\"https:\/\/www.hafniumtech.com\/product\/auto-darkening-led-headlight-welding-helmet-with-stepless-adjustment-pp-material-solar-powered-for-welding-grinding-work\/#breadcrumb\",\"itemListElement\":[{\"@type\":\"ListItem\",\"position\":1,\"name\":\"\u9996\u9875\",\"item\":\"https:\/\/www.hafniumtech.com\/\"},{\"@type\":\"ListItem\",\"position\":2,\"name\":\"Product\",\"item\":\"https:\/\/www.hafniumtech.com\/product\/\"},{\"@type\":\"ListItem\",\"position\":3,\"name\":\"Auto-Darkening LED Headlight Welding Helmet with Stepless Adjustment PP Material Solar Powered for Welding &#038; Grinding Work\"}]},{\"@type\":\"WebSite\",\"@id\":\"https:\/\/www.hafniumtech.com\/#website\",\"url\":\"https:\/\/www.hafniumtech.com\/\",\"name\":\"Shenzhen Hafnium Technology Co., Ltd.\",\"description\":\"\",\"publisher\":{\"@id\":\"https:\/\/www.hafniumtech.com\/#organization\"},\"potentialAction\":[{\"@type\":\"SearchAction\",\"target\":{\"@type\":\"EntryPoint\",\"urlTemplate\":\"https:\/\/www.hafniumtech.com\/?s={search_term_string}\"},\"query-input\":{\"@type\":\"PropertyValueSpecification\",\"valueRequired\":true,\"valueName\":\"search_term_string\"}}],\"inLanguage\":\"es\"},{\"@type\":\"Organization\",\"@id\":\"https:\/\/www.hafniumtech.com\/#organization\",\"name\":\"Shenzhen Hafnium Technology Co., Ltd.\",\"url\":\"https:\/\/www.hafniumtech.com\/\",\"logo\":{\"@type\":\"ImageObject\",\"inLanguage\":\"es\",\"@id\":\"https:\/\/www.hafniumtech.com\/#\/schema\/logo\/image\/\",\"url\":\"https:\/\/www.hafniumtech.com\/wp-content\/uploads\/2025\/03\/168-53_.jpg\",\"contentUrl\":\"https:\/\/www.hafniumtech.com\/wp-content\/uploads\/2025\/03\/168-53_.jpg\",\"width\":336,\"height\":106,\"caption\":\"Shenzhen Hafnium Technology Co., Ltd.\"},\"image\":{\"@id\":\"https:\/\/www.hafniumtech.com\/#\/schema\/logo\/image\/\"},\"sameAs\":[\"https:\/\/www.facebook.com\/profile.php?id=61570267424696\",\"https:\/\/x.com\/HafniumTech\"]}]}<\/script>\n<meta property=\"product:price:amount\" content=\"0.00\" \/>\n<meta property=\"product:price:currency\" content=\"USD\" \/>\n<meta property=\"og:availability\" content=\"instock\" \/>\n<meta property=\"product:availability\" content=\"instock\" \/>\n<meta property=\"product:retailer_item_id\" content=\"HM001 Helmet\" \/>\n<meta property=\"product:condition\" content=\"new\" \/>\n<!-- \/ Yoast SEO Premium plugin. -->","yoast_head_json":{"title":"Auto-Darkening LED Headlight Welding Helmet with Stepless Adjustment PP Material Solar Powered for Welding & Grinding Work - HafniumTech","robots":{"index":"index","follow":"follow","max-snippet":"max-snippet:-1","max-image-preview":"max-image-preview:large","max-video-preview":"max-video-preview:-1"},"canonical":"https:\/\/www.hafniumtech.com\/es\/producto\/auto-darkening-led-headlight-welding-helmet-with-stepless-adjustment-pp-material-solar-powered-for-welding-grinding-work\/","og_locale":"es_ES","og_type":"article","og_title":"Auto-Darkening LED Headlight Welding Helmet with Stepless Adjustment PP Material Solar Powered for Welding & Grinding Work","og_description":"Lightweight Auto\u2011Darkening Welding Helmet     Feather\u2011Light &amp; Balanced: Fully adjustable headgear ensures comfort and reduces fatigue during long shifts.    Crystal\u2011Clear Optics: 1\/1\/1\/1 optical clarity with True Color\u2122 technology for accurate view and reduced eye strain.    Dual\u2011Power Design: Solar\u2011assisted and replaceable lithium battery power for eco\u2011friendly, extended operation.    Safety Certified: Constructed from premium PP material; meets ANSI Z87.1, CE EN379, and CSA Z94.3 standards.    Versatile Protection: Ideal for plasma cutting, grinding, DC\/AC TIG, MIG\/MAG, and MMA\/arc welding applications.","og_url":"https:\/\/www.hafniumtech.com\/es\/producto\/auto-darkening-led-headlight-welding-helmet-with-stepless-adjustment-pp-material-solar-powered-for-welding-grinding-work\/","og_site_name":"HafniumTech","article_publisher":"https:\/\/www.facebook.com\/profile.php?id=61570267424696","article_modified_time":"2025-05-02T13:57:07+00:00","og_image":[{"width":800,"height":800,"url":"https:\/\/www.hafniumtech.com\/wp-content\/uploads\/2025\/05\/M1-3.png","type":"image\/png"}],"twitter_card":"summary_large_image","twitter_site":"@HafniumTech","twitter_misc":{"Precio":"","Disponibilidad":"Disponible"},"schema":{"@context":"https:\/\/schema.org","@graph":[{"@type":"WebPage","@id":"https:\/\/www.hafniumtech.com\/product\/auto-darkening-led-headlight-welding-helmet-with-stepless-adjustment-pp-material-solar-powered-for-welding-grinding-work\/","url":"https:\/\/www.hafniumtech.com\/product\/auto-darkening-led-headlight-welding-helmet-with-stepless-adjustment-pp-material-solar-powered-for-welding-grinding-work\/","name":"Auto-Darkening LED Headlight Welding Helmet with Stepless Adjustment PP Material Solar Powered for Welding & Grinding Work - HafniumTech","isPartOf":{"@id":"https:\/\/www.hafniumtech.com\/#website"},"primaryImageOfPage":{"@id":"https:\/\/www.hafniumtech.com\/product\/auto-darkening-led-headlight-welding-helmet-with-stepless-adjustment-pp-material-solar-powered-for-welding-grinding-work\/#primaryimage"},"image":{"@id":"https:\/\/www.hafniumtech.com\/product\/auto-darkening-led-headlight-welding-helmet-with-stepless-adjustment-pp-material-solar-powered-for-welding-grinding-work\/#primaryimage"},"thumbnailUrl":"https:\/\/www.hafniumtech.com\/wp-content\/uploads\/2025\/05\/M1-3.png","datePublished":"2025-05-02T13:56:11+00:00","dateModified":"2025-05-02T13:57:07+00:00","breadcrumb":{"@id":"https:\/\/www.hafniumtech.com\/product\/auto-darkening-led-headlight-welding-helmet-with-stepless-adjustment-pp-material-solar-powered-for-welding-grinding-work\/#breadcrumb"},"inLanguage":"es","potentialAction":[{"@type":"ReadAction","target":["https:\/\/www.hafniumtech.com\/product\/auto-darkening-led-headlight-welding-helmet-with-stepless-adjustment-pp-material-solar-powered-for-welding-grinding-work\/"]}]},{"@type":"ImageObject","inLanguage":"es","@id":"https:\/\/www.hafniumtech.com\/product\/auto-darkening-led-headlight-welding-helmet-with-stepless-adjustment-pp-material-solar-powered-for-welding-grinding-work\/#primaryimage","url":"https:\/\/www.hafniumtech.com\/wp-content\/uploads\/2025\/05\/M1-3.png","contentUrl":"https:\/\/www.hafniumtech.com\/wp-content\/uploads\/2025\/05\/M1-3.png","width":800,"height":800},{"@type":"BreadcrumbList","@id":"https:\/\/www.hafniumtech.com\/product\/auto-darkening-led-headlight-welding-helmet-with-stepless-adjustment-pp-material-solar-powered-for-welding-grinding-work\/#breadcrumb","itemListElement":[{"@type":"ListItem","position":1,"name":"\u9996\u9875","item":"https:\/\/www.hafniumtech.com\/"},{"@type":"ListItem","position":2,"name":"Product","item":"https:\/\/www.hafniumtech.com\/product\/"},{"@type":"ListItem","position":3,"name":"Auto-Darkening LED Headlight Welding Helmet with Stepless Adjustment PP Material Solar Powered for Welding &#038; Grinding Work"}]},{"@type":"WebSite","@id":"https:\/\/www.hafniumtech.com\/#website","url":"https:\/\/www.hafniumtech.com\/","name":"Shenzhen Hafnium Technology Co., Ltd.","description":"","publisher":{"@id":"https:\/\/www.hafniumtech.com\/#organization"},"potentialAction":[{"@type":"SearchAction","target":{"@type":"EntryPoint","urlTemplate":"https:\/\/www.hafniumtech.com\/?s={search_term_string}"},"query-input":{"@type":"PropertyValueSpecification","valueRequired":true,"valueName":"search_term_string"}}],"inLanguage":"es"},{"@type":"Organization","@id":"https:\/\/www.hafniumtech.com\/#organization","name":"Shenzhen Hafnium Technology Co., Ltd.","url":"https:\/\/www.hafniumtech.com\/","logo":{"@type":"ImageObject","inLanguage":"es","@id":"https:\/\/www.hafniumtech.com\/#\/schema\/logo\/image\/","url":"https:\/\/www.hafniumtech.com\/wp-content\/uploads\/2025\/03\/168-53_.jpg","contentUrl":"https:\/\/www.hafniumtech.com\/wp-content\/uploads\/2025\/03\/168-53_.jpg","width":336,"height":106,"caption":"Shenzhen Hafnium Technology Co., Ltd."},"image":{"@id":"https:\/\/www.hafniumtech.com\/#\/schema\/logo\/image\/"},"sameAs":["https:\/\/www.facebook.com\/profile.php?id=61570267424696","https:\/\/x.com\/HafniumTech"]}]},"product_price_amount":"0.00","product_price_currency":"USD","og_availability":"instock","product_availability":"instock","product_retailer_item_id":"HM001 Helmet","product_condition":"new"},"_links":{"self":[{"href":"https:\/\/www.hafniumtech.com\/es\/wp-json\/wp\/v2\/product\/3579","targetHints":{"allow":["GET"]}}],"collection":[{"href":"https:\/\/www.hafniumtech.com\/es\/wp-json\/wp\/v2\/product"}],"about":[{"href":"https:\/\/www.hafniumtech.com\/es\/wp-json\/wp\/v2\/types\/product"}],"replies":[{"embeddable":true,"href":"https:\/\/www.hafniumtech.com\/es\/wp-json\/wp\/v2\/comments?post=3579"}],"wp:featuredmedia":[{"embeddable":true,"href":"https:\/\/www.hafniumtech.com\/es\/wp-json\/wp\/v2\/media\/3580"}],"wp:attachment":[{"href":"https:\/\/www.hafniumtech.com\/es\/wp-json\/wp\/v2\/media?parent=3579"}],"wp:term":[{"taxonomy":"product_brand","embeddable":true,"href":"https:\/\/www.hafniumtech.com\/es\/wp-json\/wp\/v2\/product_brand?post=3579"},{"taxonomy":"product_cat","embeddable":true,"href":"https:\/\/www.hafniumtech.com\/es\/wp-json\/wp\/v2\/product_cat?post=3579"},{"taxonomy":"product_tag","embeddable":true,"href":"https:\/\/www.hafniumtech.com\/es\/wp-json\/wp\/v2\/product_tag?post=3579"}],"curies":[{"name":"wp","href":"https:\/\/api.w.org\/{rel}","templated":true}]}}