{"id":3589,"date":"2025-05-02T22:11:01","date_gmt":"2025-05-02T14:11:01","guid":{"rendered":"http:\/\/www.hafniumtech.com\/?post_type=product&#038;p=3589"},"modified":"2025-05-02T22:12:58","modified_gmt":"2025-05-02T14:12:58","slug":"new-p80-copper-plasma-cutting-nozzle-and-electrode-consumables-for-welding-and-plasma-cutting-torch","status":"publish","type":"product","link":"https:\/\/www.hafniumtech.com\/es\/producto\/new-p80-copper-plasma-cutting-nozzle-and-electrode-consumables-for-welding-and-plasma-cutting-torch\/","title":{"rendered":"Nueva boquilla de corte por plasma de cobre P80 y consumibles de electrodos para soldadura y antorcha de corte por plasma"},"content":{"rendered":"<p>&nbsp;<\/p>\n<table style=\"border-collapse: collapse; width: 582px; height: 187px;\" border=\"0\" width=\"588\" cellspacing=\"0\" cellpadding=\"0\">\n<tbody>\n<tr style=\"height: 17.50pt;\">\n<td class=\"et2\" style=\"height: 17.5pt; width: 294pt; text-align: center;\" colspan=\"5\" width=\"588\" height=\"35\"><strong>Consumibles de la antorcha P80<\/strong><\/td>\n<\/tr>\n<tr style=\"height: 14.00pt;\">\n<td class=\"et3\" style=\"height: 14.00pt; width: 14.50pt;\" width=\"29\" height=\"28\"><strong>ID<\/strong><\/td>\n<td class=\"et4\" style=\"width: 100pt; text-align: center;\" width=\"200\"><strong>Piezas<\/strong><\/td>\n<td class=\"et4\" style=\"width: 47.5pt; text-align: center;\" width=\"95\"><strong>PN<\/strong><\/td>\n<td class=\"et4\" style=\"width: 22.5pt; text-align: center;\" width=\"45\"><strong>unidad<\/strong><\/td>\n<td class=\"et4\" style=\"width: 109.5pt; text-align: center;\" width=\"219\"><strong>comentarios<\/strong><\/td>\n<\/tr>\n<tr style=\"height: 14.00pt;\">\n<td class=\"et5\" style=\"height: 14pt; width: 14.5pt; text-align: center;\" width=\"29\" height=\"28\">1<\/td>\n<td class=\"et6\" style=\"width: 100pt; text-align: center;\" width=\"200\">electrodo<\/td>\n<td class=\"et6\" style=\"width: 47.5pt; text-align: center;\" width=\"95\">YP80100<\/td>\n<td class=\"et6\" style=\"width: 22.5pt; text-align: center;\" width=\"45\">piezas<\/td>\n<td class=\"et6\" style=\"width: 109.5pt; text-align: center;\" width=\"219\">Largo 21.5<\/td>\n<\/tr>\n<tr style=\"height: 14.00pt;\">\n<td class=\"et5\" style=\"height: 14pt; width: 14.5pt; text-align: center;\" width=\"29\" height=\"28\">2<\/td>\n<td class=\"et6\" style=\"width: 100pt; text-align: center;\" rowspan=\"4\" width=\"200\">boquilla<\/td>\n<td class=\"et6\" style=\"width: 47.5pt; text-align: center;\" width=\"95\">YP80110<\/td>\n<td class=\"et6\" style=\"width: 22.5pt; text-align: center;\" width=\"45\">piezas<\/td>\n<td class=\"et6\" style=\"width: 109.5pt; text-align: center;\" width=\"219\">Apertura de la boquilla 1,1 mm<\/td>\n<\/tr>\n<tr style=\"height: 14.00pt;\">\n<td class=\"et5\" style=\"height: 14pt; width: 14.5pt; text-align: center;\" width=\"29\" height=\"28\">3<\/td>\n<td class=\"et6\" style=\"width: 47.5pt; text-align: center;\" width=\"95\">YP80130<\/td>\n<td class=\"et6\" style=\"width: 22.5pt; text-align: center;\" width=\"45\">piezas<\/td>\n<td class=\"et6\" style=\"width: 109.5pt; text-align: center;\" width=\"219\">Apertura de la boquilla 1,3 mm<\/td>\n<\/tr>\n<tr style=\"height: 14.00pt;\">\n<td class=\"et5\" style=\"height: 14pt; width: 14.5pt; text-align: center;\" width=\"29\" height=\"28\">4<\/td>\n<td class=\"et6\" style=\"width: 47.5pt; text-align: center;\" width=\"95\">YP80150<\/td>\n<td class=\"et6\" style=\"width: 22.5pt; text-align: center;\" width=\"45\">piezas<\/td>\n<td class=\"et6\" style=\"width: 109.5pt; text-align: center;\" width=\"219\">Apertura de la boquilla 1,5 mm<\/td>\n<\/tr>\n<tr style=\"height: 14.00pt;\">\n<td class=\"et5\" style=\"height: 14pt; width: 14.5pt; text-align: center;\" width=\"29\" height=\"28\">5<\/td>\n<td class=\"et6\" style=\"width: 47.5pt; text-align: center;\" width=\"95\">YP80170<\/td>\n<td class=\"et6\" style=\"width: 22.5pt; text-align: center;\" width=\"45\">piezas<\/td>\n<td class=\"et6\" style=\"width: 109.5pt; text-align: center;\" width=\"219\">Apertura de la boquilla 1,7 mm<\/td>\n<\/tr>\n<tr style=\"height: 14.00pt;\">\n<td class=\"et5\" style=\"height: 14pt; width: 14.5pt; text-align: center;\" width=\"29\" height=\"28\">6<\/td>\n<td class=\"et6\" style=\"width: 100pt; text-align: center;\" width=\"200\">cubierta del escudo cer\u00e1mico<\/td>\n<td class=\"et6\" style=\"width: 47.5pt; text-align: center;\" width=\"95\">YP80004<\/td>\n<td class=\"et6\" style=\"width: 22.5pt; text-align: center;\" width=\"45\">piezas<\/td>\n<td class=\"et6\" style=\"width: 109.5pt; text-align: center;\" width=\"219\">uso del soplete mec\u00e1nico<\/td>\n<\/tr>\n<tr style=\"height: 14.00pt;\">\n<td class=\"et5\" style=\"height: 14pt; width: 14.5pt; text-align: center;\" width=\"29\" height=\"28\">7<\/td>\n<td class=\"et6\" style=\"width: 100pt; text-align: center;\" width=\"200\">Cubierta de blindaje de cobre<\/td>\n<td class=\"et6\" style=\"width: 47.5pt; text-align: center;\" width=\"95\">YP80001<\/td>\n<td class=\"et6\" style=\"width: 22.5pt; text-align: center;\" width=\"45\">piezas<\/td>\n<td class=\"et6\" style=\"width: 109.5pt; text-align: center;\" width=\"219\">uso de linternas port\u00e1tiles<\/td>\n<\/tr>\n<\/tbody>\n<\/table>\n<p>&nbsp;<\/p>","protected":false},"excerpt":{"rendered":"<p class=\"\" data-start=\"0\" data-end=\"47\"><strong data-start=\"0\" data-end=\"45\">P80 Kit de consumibles de corte por plasma de cobre<\/strong><\/p>\n<p class=\"\" data-start=\"49\" data-end=\"144\">Mejore el rendimiento de su antorcha de soldadura y corte por plasma con nuestro juego de consumibles premium P80:<\/p>\n<ul data-start=\"146\" data-end=\"794\" data-is-only-node=\"\" data-is-last-node=\"\">\n<li class=\"\" data-start=\"146\" data-end=\"303\">\n<p class=\"\" data-start=\"148\" data-end=\"303\"><strong data-start=\"148\" data-end=\"190\">Boquilla y electrodo de cobre de alta calidad<\/strong><br data-start=\"190\" data-end=\"193\" \/>La construcci\u00f3n de cobre duradero maximiza la conductividad t\u00e9rmica para una estabilidad del arco constante y una vida \u00fatil prolongada.<\/p>\n<\/li>\n<li class=\"\" data-start=\"304\" data-end=\"436\">\n<p class=\"\" data-start=\"306\" data-end=\"436\"><strong data-start=\"306\" data-end=\"330\">Cubierta de cer\u00e1mica<\/strong><br data-start=\"330\" data-end=\"333\" \/>Protege el cabezal de la linterna de las salpicaduras y el calor, garantizando una visibilidad clara y una prolongada vida \u00fatil de la linterna.<\/p>\n<\/li>\n<li class=\"\" data-start=\"437\" data-end=\"546\">\n<p class=\"\" data-start=\"439\" data-end=\"546\"><strong data-start=\"439\" data-end=\"462\">Cubierta de cobre<\/strong><br data-start=\"462\" data-end=\"465\" \/>Ofrece protecci\u00f3n t\u00e9rmica adicional y flujo de gas optimizado para cortes m\u00e1s limpios.<\/p>\n<\/li>\n<li class=\"\" data-start=\"547\" data-end=\"652\">\n<p class=\"\" data-start=\"549\" data-end=\"652\"><strong data-start=\"549\" data-end=\"576\">Compatibilidad universal<\/strong><br data-start=\"576\" data-end=\"579\" \/>Se adapta a los sopletes de corte por plasma P80 est\u00e1ndar: f\u00e1cil de instalar y sustituir.<\/p>\n<\/li>\n<li class=\"\" data-start=\"653\" data-end=\"794\">\n<p class=\"\" data-start=\"655\" data-end=\"794\"><strong data-start=\"655\" data-end=\"685\">Mayor precisi\u00f3n de corte<\/strong><br data-start=\"685\" data-end=\"688\" \/>Los consumibles, dise\u00f1ados con precisi\u00f3n, proporcionan bordes m\u00e1s afilados y reducen la escoria para que la limpieza posterior al corte sea m\u00ednima.<\/p>\n<\/li>\n<\/ul>","protected":false},"featured_media":3590,"comment_status":"open","ping_status":"closed","template":"","meta":[],"product_brand":[],"product_cat":[55],"product_tag":[384,396,397,398,399,400,401,402,403,404,405,406],"class_list":{"0":"post-3589","1":"product","2":"type-product","3":"status-publish","4":"has-post-thumbnail","6":"product_cat-parts-and-consumables","7":"product_tag-plasma-cutting-torch","8":"product_tag-p80-electrode-nozzle-tip","9":"product_tag-plasma-cutting-torch-nozzle","10":"product_tag-electrode-nozzle","11":"product_tag-nozzle-and-electrode-p80","12":"product_tag-plasma-consumables-kit","13":"product_tag-cutting-nozzle","14":"product_tag-p80-plasma-cutting-nozzle","15":"product_tag-p80-plasma-electrode","16":"product_tag-cnc-controller-consumables","17":"product_tag-p80-plasma-cutting-torch","18":"product_tag-cutting-torch-electrode-nozzle","19":"stm_brands-hafniumtech","21":"first","22":"instock","23":"shipping-taxable","24":"product-type-simple"},"yoast_head":"<!-- This site is optimized with the Yoast SEO Premium plugin v25.0 (Yoast SEO v25.0) - https:\/\/yoast.com\/wordpress\/plugins\/seo\/ -->\n<title>New P80 Copper Plasma Cutting Nozzle and Electrode Consumables for Welding and Plasma Cutting Torch - HafniumTech<\/title>\n<meta name=\"robots\" content=\"index, follow, max-snippet:-1, max-image-preview:large, max-video-preview:-1\" \/>\n<link rel=\"canonical\" href=\"https:\/\/www.hafniumtech.com\/es\/producto\/new-p80-copper-plasma-cutting-nozzle-and-electrode-consumables-for-welding-and-plasma-cutting-torch\/\" \/>\n<meta property=\"og:locale\" content=\"es_ES\" \/>\n<meta property=\"og:type\" content=\"article\" \/>\n<meta property=\"og:title\" content=\"New P80 Copper Plasma Cutting Nozzle and Electrode Consumables for Welding and Plasma Cutting Torch\" \/>\n<meta property=\"og:description\" content=\"P80 Copper Plasma Cutting Consumables Kit Enhance your welding and plasma cutting torch performance with our premium P80 consumables set:     High\u2011Quality Copper Nozzle &amp; ElectrodeDurable copper construction maximizes thermal conductivity for consistent arc stability and extended life.    Ceramic Shield CoverProtects torch head from spatter and heat, ensuring clear visibility and prolonged torch longevity.    Copper Shield CoverOffers additional thermal protection and optimized gas flow for cleaner cuts.    Universal CompatibilityFits standard P80 plasma cutting torches\u2014easy to install and replace.    Improved Cutting PrecisionPrecisely engineered consumables deliver sharper edges and reduced dross for minimal post\u2011cut cleanup.\" \/>\n<meta property=\"og:url\" content=\"https:\/\/www.hafniumtech.com\/es\/producto\/new-p80-copper-plasma-cutting-nozzle-and-electrode-consumables-for-welding-and-plasma-cutting-torch\/\" \/>\n<meta property=\"og:site_name\" content=\"HafniumTech\" \/>\n<meta property=\"article:publisher\" content=\"https:\/\/www.facebook.com\/profile.php?id=61570267424696\" \/>\n<meta property=\"article:modified_time\" content=\"2025-05-02T14:12:58+00:00\" \/>\n<meta property=\"og:image\" content=\"https:\/\/www.hafniumtech.com\/wp-content\/uploads\/2025\/05\/4-10.png\" \/>\n\t<meta property=\"og:image:width\" content=\"1000\" \/>\n\t<meta property=\"og:image:height\" content=\"1000\" \/>\n\t<meta property=\"og:image:type\" content=\"image\/png\" \/>\n<meta name=\"twitter:card\" content=\"summary_large_image\" \/>\n<meta name=\"twitter:site\" content=\"@HafniumTech\" \/>\n<meta name=\"twitter:label1\" content=\"Precio\" \/>\n\t<meta name=\"twitter:data1\" content=\"\" \/>\n\t<meta name=\"twitter:label2\" content=\"Disponibilidad\" \/>\n\t<meta name=\"twitter:data2\" content=\"Disponible\" \/>\n<script type=\"application\/ld+json\" class=\"yoast-schema-graph\">{\"@context\":\"https:\/\/schema.org\",\"@graph\":[{\"@type\":\"WebPage\",\"@id\":\"https:\/\/www.hafniumtech.com\/product\/new-p80-copper-plasma-cutting-nozzle-and-electrode-consumables-for-welding-and-plasma-cutting-torch\/\",\"url\":\"https:\/\/www.hafniumtech.com\/product\/new-p80-copper-plasma-cutting-nozzle-and-electrode-consumables-for-welding-and-plasma-cutting-torch\/\",\"name\":\"New P80 Copper Plasma Cutting Nozzle and Electrode Consumables for Welding and Plasma Cutting Torch - HafniumTech\",\"isPartOf\":{\"@id\":\"https:\/\/www.hafniumtech.com\/#website\"},\"primaryImageOfPage\":{\"@id\":\"https:\/\/www.hafniumtech.com\/product\/new-p80-copper-plasma-cutting-nozzle-and-electrode-consumables-for-welding-and-plasma-cutting-torch\/#primaryimage\"},\"image\":{\"@id\":\"https:\/\/www.hafniumtech.com\/product\/new-p80-copper-plasma-cutting-nozzle-and-electrode-consumables-for-welding-and-plasma-cutting-torch\/#primaryimage\"},\"thumbnailUrl\":\"https:\/\/www.hafniumtech.com\/wp-content\/uploads\/2025\/05\/4-10.png\",\"datePublished\":\"2025-05-02T14:11:01+00:00\",\"dateModified\":\"2025-05-02T14:12:58+00:00\",\"breadcrumb\":{\"@id\":\"https:\/\/www.hafniumtech.com\/product\/new-p80-copper-plasma-cutting-nozzle-and-electrode-consumables-for-welding-and-plasma-cutting-torch\/#breadcrumb\"},\"inLanguage\":\"es\",\"potentialAction\":[{\"@type\":\"ReadAction\",\"target\":[\"https:\/\/www.hafniumtech.com\/product\/new-p80-copper-plasma-cutting-nozzle-and-electrode-consumables-for-welding-and-plasma-cutting-torch\/\"]}]},{\"@type\":\"ImageObject\",\"inLanguage\":\"es\",\"@id\":\"https:\/\/www.hafniumtech.com\/product\/new-p80-copper-plasma-cutting-nozzle-and-electrode-consumables-for-welding-and-plasma-cutting-torch\/#primaryimage\",\"url\":\"https:\/\/www.hafniumtech.com\/wp-content\/uploads\/2025\/05\/4-10.png\",\"contentUrl\":\"https:\/\/www.hafniumtech.com\/wp-content\/uploads\/2025\/05\/4-10.png\",\"width\":1000,\"height\":1000},{\"@type\":\"BreadcrumbList\",\"@id\":\"https:\/\/www.hafniumtech.com\/product\/new-p80-copper-plasma-cutting-nozzle-and-electrode-consumables-for-welding-and-plasma-cutting-torch\/#breadcrumb\",\"itemListElement\":[{\"@type\":\"ListItem\",\"position\":1,\"name\":\"\u9996\u9875\",\"item\":\"https:\/\/www.hafniumtech.com\/\"},{\"@type\":\"ListItem\",\"position\":2,\"name\":\"Product\",\"item\":\"https:\/\/www.hafniumtech.com\/product\/\"},{\"@type\":\"ListItem\",\"position\":3,\"name\":\"New P80 Copper Plasma Cutting Nozzle and Electrode Consumables for Welding and Plasma Cutting Torch\"}]},{\"@type\":\"WebSite\",\"@id\":\"https:\/\/www.hafniumtech.com\/#website\",\"url\":\"https:\/\/www.hafniumtech.com\/\",\"name\":\"Shenzhen Hafnium Technology Co., Ltd.\",\"description\":\"\",\"publisher\":{\"@id\":\"https:\/\/www.hafniumtech.com\/#organization\"},\"potentialAction\":[{\"@type\":\"SearchAction\",\"target\":{\"@type\":\"EntryPoint\",\"urlTemplate\":\"https:\/\/www.hafniumtech.com\/?s={search_term_string}\"},\"query-input\":{\"@type\":\"PropertyValueSpecification\",\"valueRequired\":true,\"valueName\":\"search_term_string\"}}],\"inLanguage\":\"es\"},{\"@type\":\"Organization\",\"@id\":\"https:\/\/www.hafniumtech.com\/#organization\",\"name\":\"Shenzhen Hafnium Technology Co., Ltd.\",\"url\":\"https:\/\/www.hafniumtech.com\/\",\"logo\":{\"@type\":\"ImageObject\",\"inLanguage\":\"es\",\"@id\":\"https:\/\/www.hafniumtech.com\/#\/schema\/logo\/image\/\",\"url\":\"https:\/\/www.hafniumtech.com\/wp-content\/uploads\/2025\/03\/168-53_.jpg\",\"contentUrl\":\"https:\/\/www.hafniumtech.com\/wp-content\/uploads\/2025\/03\/168-53_.jpg\",\"width\":336,\"height\":106,\"caption\":\"Shenzhen Hafnium Technology Co., Ltd.\"},\"image\":{\"@id\":\"https:\/\/www.hafniumtech.com\/#\/schema\/logo\/image\/\"},\"sameAs\":[\"https:\/\/www.facebook.com\/profile.php?id=61570267424696\",\"https:\/\/x.com\/HafniumTech\"]}]}<\/script>\n<meta property=\"product:price:amount\" content=\"0.00\" \/>\n<meta property=\"product:price:currency\" content=\"USD\" \/>\n<meta property=\"og:availability\" content=\"instock\" \/>\n<meta property=\"product:availability\" content=\"instock\" \/>\n<meta property=\"product:retailer_item_id\" content=\"P80 consumable\" \/>\n<meta property=\"product:condition\" content=\"new\" \/>\n<!-- \/ Yoast SEO Premium plugin. -->","yoast_head_json":{"title":"New P80 Copper Plasma Cutting Nozzle and Electrode Consumables for Welding and Plasma Cutting Torch - HafniumTech","robots":{"index":"index","follow":"follow","max-snippet":"max-snippet:-1","max-image-preview":"max-image-preview:large","max-video-preview":"max-video-preview:-1"},"canonical":"https:\/\/www.hafniumtech.com\/es\/producto\/new-p80-copper-plasma-cutting-nozzle-and-electrode-consumables-for-welding-and-plasma-cutting-torch\/","og_locale":"es_ES","og_type":"article","og_title":"New P80 Copper Plasma Cutting Nozzle and Electrode Consumables for Welding and Plasma Cutting Torch","og_description":"P80 Copper Plasma Cutting Consumables Kit Enhance your welding and plasma cutting torch performance with our premium P80 consumables set:     High\u2011Quality Copper Nozzle &amp; ElectrodeDurable copper construction maximizes thermal conductivity for consistent arc stability and extended life.    Ceramic Shield CoverProtects torch head from spatter and heat, ensuring clear visibility and prolonged torch longevity.    Copper Shield CoverOffers additional thermal protection and optimized gas flow for cleaner cuts.    Universal CompatibilityFits standard P80 plasma cutting torches\u2014easy to install and replace.    Improved Cutting PrecisionPrecisely engineered consumables deliver sharper edges and reduced dross for minimal post\u2011cut cleanup.","og_url":"https:\/\/www.hafniumtech.com\/es\/producto\/new-p80-copper-plasma-cutting-nozzle-and-electrode-consumables-for-welding-and-plasma-cutting-torch\/","og_site_name":"HafniumTech","article_publisher":"https:\/\/www.facebook.com\/profile.php?id=61570267424696","article_modified_time":"2025-05-02T14:12:58+00:00","og_image":[{"width":1000,"height":1000,"url":"https:\/\/www.hafniumtech.com\/wp-content\/uploads\/2025\/05\/4-10.png","type":"image\/png"}],"twitter_card":"summary_large_image","twitter_site":"@HafniumTech","twitter_misc":{"Precio":"","Disponibilidad":"Disponible"},"schema":{"@context":"https:\/\/schema.org","@graph":[{"@type":"WebPage","@id":"https:\/\/www.hafniumtech.com\/product\/new-p80-copper-plasma-cutting-nozzle-and-electrode-consumables-for-welding-and-plasma-cutting-torch\/","url":"https:\/\/www.hafniumtech.com\/product\/new-p80-copper-plasma-cutting-nozzle-and-electrode-consumables-for-welding-and-plasma-cutting-torch\/","name":"New P80 Copper Plasma Cutting Nozzle and Electrode Consumables for Welding and Plasma Cutting Torch - HafniumTech","isPartOf":{"@id":"https:\/\/www.hafniumtech.com\/#website"},"primaryImageOfPage":{"@id":"https:\/\/www.hafniumtech.com\/product\/new-p80-copper-plasma-cutting-nozzle-and-electrode-consumables-for-welding-and-plasma-cutting-torch\/#primaryimage"},"image":{"@id":"https:\/\/www.hafniumtech.com\/product\/new-p80-copper-plasma-cutting-nozzle-and-electrode-consumables-for-welding-and-plasma-cutting-torch\/#primaryimage"},"thumbnailUrl":"https:\/\/www.hafniumtech.com\/wp-content\/uploads\/2025\/05\/4-10.png","datePublished":"2025-05-02T14:11:01+00:00","dateModified":"2025-05-02T14:12:58+00:00","breadcrumb":{"@id":"https:\/\/www.hafniumtech.com\/product\/new-p80-copper-plasma-cutting-nozzle-and-electrode-consumables-for-welding-and-plasma-cutting-torch\/#breadcrumb"},"inLanguage":"es","potentialAction":[{"@type":"ReadAction","target":["https:\/\/www.hafniumtech.com\/product\/new-p80-copper-plasma-cutting-nozzle-and-electrode-consumables-for-welding-and-plasma-cutting-torch\/"]}]},{"@type":"ImageObject","inLanguage":"es","@id":"https:\/\/www.hafniumtech.com\/product\/new-p80-copper-plasma-cutting-nozzle-and-electrode-consumables-for-welding-and-plasma-cutting-torch\/#primaryimage","url":"https:\/\/www.hafniumtech.com\/wp-content\/uploads\/2025\/05\/4-10.png","contentUrl":"https:\/\/www.hafniumtech.com\/wp-content\/uploads\/2025\/05\/4-10.png","width":1000,"height":1000},{"@type":"BreadcrumbList","@id":"https:\/\/www.hafniumtech.com\/product\/new-p80-copper-plasma-cutting-nozzle-and-electrode-consumables-for-welding-and-plasma-cutting-torch\/#breadcrumb","itemListElement":[{"@type":"ListItem","position":1,"name":"\u9996\u9875","item":"https:\/\/www.hafniumtech.com\/"},{"@type":"ListItem","position":2,"name":"Product","item":"https:\/\/www.hafniumtech.com\/product\/"},{"@type":"ListItem","position":3,"name":"New P80 Copper Plasma Cutting Nozzle and Electrode Consumables for Welding and Plasma Cutting Torch"}]},{"@type":"WebSite","@id":"https:\/\/www.hafniumtech.com\/#website","url":"https:\/\/www.hafniumtech.com\/","name":"Shenzhen Hafnium Technology Co., Ltd.","description":"","publisher":{"@id":"https:\/\/www.hafniumtech.com\/#organization"},"potentialAction":[{"@type":"SearchAction","target":{"@type":"EntryPoint","urlTemplate":"https:\/\/www.hafniumtech.com\/?s={search_term_string}"},"query-input":{"@type":"PropertyValueSpecification","valueRequired":true,"valueName":"search_term_string"}}],"inLanguage":"es"},{"@type":"Organization","@id":"https:\/\/www.hafniumtech.com\/#organization","name":"Shenzhen Hafnium Technology Co., Ltd.","url":"https:\/\/www.hafniumtech.com\/","logo":{"@type":"ImageObject","inLanguage":"es","@id":"https:\/\/www.hafniumtech.com\/#\/schema\/logo\/image\/","url":"https:\/\/www.hafniumtech.com\/wp-content\/uploads\/2025\/03\/168-53_.jpg","contentUrl":"https:\/\/www.hafniumtech.com\/wp-content\/uploads\/2025\/03\/168-53_.jpg","width":336,"height":106,"caption":"Shenzhen Hafnium Technology Co., Ltd."},"image":{"@id":"https:\/\/www.hafniumtech.com\/#\/schema\/logo\/image\/"},"sameAs":["https:\/\/www.facebook.com\/profile.php?id=61570267424696","https:\/\/x.com\/HafniumTech"]}]},"product_price_amount":"0.00","product_price_currency":"USD","og_availability":"instock","product_availability":"instock","product_retailer_item_id":"P80 consumable","product_condition":"new"},"_links":{"self":[{"href":"https:\/\/www.hafniumtech.com\/es\/wp-json\/wp\/v2\/product\/3589","targetHints":{"allow":["GET"]}}],"collection":[{"href":"https:\/\/www.hafniumtech.com\/es\/wp-json\/wp\/v2\/product"}],"about":[{"href":"https:\/\/www.hafniumtech.com\/es\/wp-json\/wp\/v2\/types\/product"}],"replies":[{"embeddable":true,"href":"https:\/\/www.hafniumtech.com\/es\/wp-json\/wp\/v2\/comments?post=3589"}],"wp:featuredmedia":[{"embeddable":true,"href":"https:\/\/www.hafniumtech.com\/es\/wp-json\/wp\/v2\/media\/3590"}],"wp:attachment":[{"href":"https:\/\/www.hafniumtech.com\/es\/wp-json\/wp\/v2\/media?parent=3589"}],"wp:term":[{"taxonomy":"product_brand","embeddable":true,"href":"https:\/\/www.hafniumtech.com\/es\/wp-json\/wp\/v2\/product_brand?post=3589"},{"taxonomy":"product_cat","embeddable":true,"href":"https:\/\/www.hafniumtech.com\/es\/wp-json\/wp\/v2\/product_cat?post=3589"},{"taxonomy":"product_tag","embeddable":true,"href":"https:\/\/www.hafniumtech.com\/es\/wp-json\/wp\/v2\/product_tag?post=3589"}],"curies":[{"name":"wp","href":"https:\/\/api.w.org\/{rel}","templated":true}]}}