{"id":3369,"date":"2025-05-01T14:43:44","date_gmt":"2025-05-01T06:43:44","guid":{"rendered":"http:\/\/www.hafniumtech.com\/?post_type=product&#038;p=3369"},"modified":"2025-05-01T15:28:25","modified_gmt":"2025-05-01T07:28:25","slug":"lgk-120hd-inverter-air-plasma-cutting-machine","status":"publish","type":"product","link":"https:\/\/www.hafniumtech.com\/fr\/produit\/lgk-120hd-inverter-air-plasma-cutting-machine\/","title":{"rendered":"LGK-120HD Inverter Air Plasma Cutting Machine -Tackles Complex Cutting Challenges with Separate Air Compressor (en anglais seulement)"},"content":{"rendered":"<p>&nbsp;<\/p>\n<table width=\"1001\">\n<tbody>\n<tr>\n<td style=\"text-align: center;\" rowspan=\"2\" width=\"405\">ltem<\/td>\n<td style=\"text-align: center;\" rowspan=\"2\" width=\"46\">Unit\u00e9<\/td>\n<td style=\"text-align: center;\" colspan=\"4\" width=\"550\">Mod\u00e8le<\/td>\n<\/tr>\n<tr>\n<td style=\"text-align: center;\" width=\"130\">LGK-120HD<\/td>\n<td style=\"text-align: center;\" width=\"129\">LGK-200HD<\/td>\n<td style=\"text-align: center;\" width=\"130\">LGK-300HD<\/td>\n<td style=\"text-align: center;\" width=\"161\">LGK-400HD<\/td>\n<\/tr>\n<tr>\n<td width=\"405\">\u00a0Puissance d'entr\u00e9e<\/td>\n<td style=\"text-align: center;\" width=\"46\">V\/Hz<\/td>\n<td style=\"text-align: center;\" colspan=\"4\" width=\"550\">3~380\u00b115%50\/60<\/td>\n<\/tr>\n<tr>\n<td width=\"405\">\u00a0Capacit\u00e9 d'entr\u00e9e nominale<\/td>\n<td style=\"text-align: center;\" width=\"46\">KVA<\/td>\n<td style=\"text-align: center;\" width=\"130\">21.2<\/td>\n<td style=\"text-align: center;\" width=\"129\">46.5<\/td>\n<td style=\"text-align: center;\" width=\"130\">70.4<\/td>\n<td style=\"text-align: center;\" width=\"161\">92.3<\/td>\n<\/tr>\n<tr>\n<td width=\"405\">\u00a0Courant d'entr\u00e9e nominal<\/td>\n<td style=\"text-align: center;\" width=\"46\">A<\/td>\n<td style=\"text-align: center;\" width=\"130\">32.5<\/td>\n<td style=\"text-align: center;\" width=\"129\">70.9<\/td>\n<td style=\"text-align: center;\" width=\"130\">100<\/td>\n<td style=\"text-align: center;\" width=\"161\">142<\/td>\n<\/tr>\n<tr>\n<td width=\"405\">\u00a0Courant de sortie nominal<\/td>\n<td style=\"text-align: center;\" width=\"46\">A<\/td>\n<td style=\"text-align: center;\" width=\"130\">120<\/td>\n<td style=\"text-align: center;\" width=\"129\">200<\/td>\n<td style=\"text-align: center;\" width=\"130\">300<\/td>\n<td style=\"text-align: center;\" width=\"161\">400<\/td>\n<\/tr>\n<tr>\n<td width=\"405\">\u00a0Tension de sortie nominale<\/td>\n<td style=\"text-align: center;\" width=\"46\">V<\/td>\n<td style=\"text-align: center;\" width=\"130\">128<\/td>\n<td style=\"text-align: center;\" width=\"129\">160<\/td>\n<td style=\"text-align: center;\" width=\"130\">200<\/td>\n<td style=\"text-align: center;\" width=\"161\">200<\/td>\n<\/tr>\n<tr>\n<td width=\"405\">\u00a0Tension nominale en circuit ouvert<\/td>\n<td style=\"text-align: center;\" width=\"46\">V<\/td>\n<td style=\"text-align: center;\" width=\"130\">308<\/td>\n<td style=\"text-align: center;\" width=\"129\">360<\/td>\n<td style=\"text-align: center;\" width=\"130\">370<\/td>\n<td style=\"text-align: center;\" width=\"161\">370<\/td>\n<\/tr>\n<tr>\n<td width=\"405\">\u00a0Cycle de fonctionnement nominal<\/td>\n<td width=\"46\"><\/td>\n<td style=\"text-align: center;\" colspan=\"4\" width=\"550\">100% (40\u2103)<\/td>\n<\/tr>\n<tr>\n<td width=\"405\">\u00a0Efficacit\u00e9<\/td>\n<td width=\"46\"><\/td>\n<td style=\"text-align: center;\" colspan=\"3\" width=\"389\">92%<\/td>\n<td style=\"text-align: center;\" width=\"161\">93%<\/td>\n<\/tr>\n<tr>\n<td width=\"405\">\u00a0Facteur de puissance<\/td>\n<td width=\"46\"><\/td>\n<td style=\"text-align: center;\" colspan=\"2\" width=\"259\">0.78<\/td>\n<td style=\"text-align: center;\" colspan=\"2\" width=\"291\">0.92<\/td>\n<\/tr>\n<tr>\n<td width=\"405\">\u00a0Plage de r\u00e9glage du courant de sortie<\/td>\n<td style=\"text-align: center;\" width=\"46\">A<\/td>\n<td style=\"text-align: center;\" width=\"130\">30~120<\/td>\n<td style=\"text-align: center;\" width=\"129\">40~200<\/td>\n<td style=\"text-align: center;\" width=\"130\">60~300<\/td>\n<td style=\"text-align: center;\" width=\"161\">60~400<\/td>\n<\/tr>\n<tr>\n<td width=\"405\">\u00a0Tension d'arc Rapport de sortie<\/td>\n<td width=\"46\"><\/td>\n<td style=\"text-align: center;\" colspan=\"4\" width=\"550\">1:1\/1:20\/1:50\/1:100(Default 1:1)<\/td>\n<\/tr>\n<tr>\n<td width=\"405\">\u00a0Qualit\u00e9 \u00c9paisseur de coupe (acier au carbone)<\/td>\n<td style=\"text-align: center;\" width=\"46\">mm<\/td>\n<td style=\"text-align: center;\" width=\"130\">20(500mm\/min)<\/td>\n<td style=\"text-align: center;\" width=\"129\">32(500mm\/min)<\/td>\n<td style=\"text-align: center;\" width=\"130\">40(500mm\/min)<\/td>\n<td style=\"text-align: center;\" width=\"161\">48(420mm\/min)<\/td>\n<\/tr>\n<tr>\n<td width=\"405\">\u00a0\u00c9paisseur de coupe de s\u00e9paration (acier au carbone)<\/td>\n<td style=\"text-align: center;\" width=\"46\">mm<\/td>\n<td style=\"text-align: center;\" width=\"130\">25(280mm\/min)<\/td>\n<td style=\"text-align: center;\" width=\"129\">45(250mm\/min)<\/td>\n<td style=\"text-align: center;\" width=\"130\">50(270mm\/min)<\/td>\n<td style=\"text-align: center;\" width=\"161\">60(250mm\/min)<\/td>\n<\/tr>\n<tr>\n<td width=\"405\">\u00a0\u00c9paisseur de coupe de s\u00e9paration manuelle (acier au carbone)<\/td>\n<td style=\"text-align: center;\" width=\"46\">mm<\/td>\n<td style=\"text-align: center;\" width=\"130\">45<\/td>\n<td style=\"text-align: center;\" width=\"129\">65<\/td>\n<td style=\"text-align: center;\" width=\"130\">80<\/td>\n<td style=\"text-align: center;\" width=\"161\">90<\/td>\n<\/tr>\n<tr>\n<td width=\"405\">\u00a0Gaz plasmatique<\/td>\n<td width=\"46\"><\/td>\n<td style=\"text-align: center;\" colspan=\"4\" width=\"550\">Air comprim\u00e9<\/td>\n<\/tr>\n<tr>\n<td width=\"405\">\u00a0Pression atmosph\u00e9rique<\/td>\n<td style=\"text-align: center;\" width=\"46\">MPa<\/td>\n<td style=\"text-align: center;\" colspan=\"4\" width=\"550\">0.5~0.8<\/td>\n<\/tr>\n<tr>\n<td width=\"405\">\u00a0D\u00e9bit du liquide de refroidissement<\/td>\n<td style=\"text-align: center;\" width=\"46\">L\/min<\/td>\n<td style=\"text-align: center;\" width=\"130\"><\/td>\n<td style=\"text-align: center;\" colspan=\"3\" width=\"420\">\u22652.7<\/td>\n<\/tr>\n<tr>\n<td width=\"405\">\u00a0Source d'alimentation Mode de refroidissement<\/td>\n<td width=\"46\"><\/td>\n<td style=\"text-align: center;\" colspan=\"4\" width=\"550\">Refroidissement de l'air<\/td>\n<\/tr>\n<tr>\n<td width=\"405\">\u00a0Mode de refroidissement de la torche<\/td>\n<td width=\"46\"><\/td>\n<td style=\"text-align: center;\" width=\"130\">Refroidissement de l'air<\/td>\n<td style=\"text-align: center;\" colspan=\"3\" width=\"420\">Refroidissement par air \/ Refroidissement par eau<\/td>\n<\/tr>\n<tr>\n<td width=\"405\">\u00a0Mode Arc Strike<\/td>\n<td width=\"46\"><\/td>\n<td style=\"text-align: center;\" colspan=\"4\" width=\"550\">Sans contact<\/td>\n<\/tr>\n<tr>\n<td width=\"405\">\u00a0Niveau d'isolation<\/td>\n<td width=\"46\"><\/td>\n<td style=\"text-align: center;\" colspan=\"4\" width=\"550\">F<\/td>\n<\/tr>\n<tr>\n<td width=\"405\">\u00a0Protection contre les infiltrations<\/td>\n<td width=\"46\"><\/td>\n<td style=\"text-align: center;\" colspan=\"4\" width=\"550\">IP21S<\/td>\n<\/tr>\n<tr>\n<td width=\"405\">\u00a0Dimension (L\u00d7L\u00d7H)<\/td>\n<td style=\"text-align: center;\" width=\"46\">mm<\/td>\n<td style=\"text-align: center;\" width=\"130\">675\u00d7320\u00d7605<\/td>\n<td style=\"text-align: center;\" width=\"129\">863\u00d7385\u00d7800<\/td>\n<td style=\"text-align: center;\" width=\"130\">985\u00d7445\u00d7910<\/td>\n<td style=\"text-align: center;\" width=\"161\">1015\u00d7445\u00d7910<\/td>\n<\/tr>\n<tr>\n<td width=\"405\">\u00a0Poids net<\/td>\n<td style=\"text-align: center;\" width=\"46\">Kg<\/td>\n<td style=\"text-align: center;\" width=\"130\">46<\/td>\n<td style=\"text-align: center;\" width=\"129\">86<\/td>\n<td style=\"text-align: center;\" width=\"130\">129<\/td>\n<td style=\"text-align: center;\" width=\"161\">148<\/td>\n<\/tr>\n<\/tbody>\n<\/table>","protected":false},"excerpt":{"rendered":"<p><strong>Caract\u00e9ristiques principales<\/strong><\/p>\n<ul>\n<li>Avec fonction de contr\u00f4le de la dur\u00e9e de vie des consommables de la torche \u00e0 plasma<\/li>\n<li>Fonction d'affichage, de d\u00e9tection, d'avertissement et de contr\u00f4le de la pression du gaz et du d\u00e9bit du liquide de refroidissement<\/li>\n<li>Le pr\u00e9-d\u00e9bit de gaz, le post-d\u00e9bit et la dur\u00e9e de la pente ascendante peuvent \u00eatre r\u00e9gl\u00e9s s\u00e9par\u00e9ment.<\/li>\n<li>Avec protection automatique contre la surchauffe et le manque de tension Fonction d'affichage du code d'erreur<\/li>\n<li>Un ventilateur intelligent est utilis\u00e9 pour r\u00e9duire la poussi\u00e8re<\/li>\n<li>LGK- 120 HD avec fonction d'amor\u00e7age de l'arc pilote constant, qui convient \u00e0 la d\u00e9coupe de plaques en treillis.<\/li>\n<\/ul>\n<p>&nbsp;<\/p>\n<p><strong>Application du produit<\/strong><\/p>\n<ul>\n<li>Convient \u00e0 la coupe manuelle et automatis\u00e9e de l'acier au carbone, de l'acier alli\u00e9 et de l'acier non ferreux<\/li>\n<\/ul>","protected":false},"featured_media":3370,"comment_status":"open","ping_status":"closed","template":"","meta":[],"product_brand":[],"product_cat":[53],"product_tag":[78,87,103,109,111,112,113,114,115,116,117,118],"class_list":{"0":"post-3369","1":"product","2":"type-product","3":"status-publish","4":"has-post-thumbnail","6":"product_cat-plasma-cutting-machine-plasma-cutter","7":"product_tag-lgk-200-hd-plasma","8":"product_tag-lgk-200hd","9":"product_tag-lgk-120-hd-plasma","10":"product_tag-lgk-120hd","11":"product_tag-igk-huayuan-160a-hd","12":"product_tag-huayuan-160a-hd","13":"product_tag-huayuan-300hd","14":"product_tag-huayuan-400hd","15":"product_tag-huayan-300hd","16":"product_tag-lgk-400-hd","17":"product_tag-lgk-400hd","18":"product_tag-lgk-300hd","19":"stm_brands-huayuan","21":"first","22":"instock","23":"shipping-taxable","24":"product-type-simple"},"yoast_head":"<!-- This site is optimized with the Yoast SEO Premium plugin v25.0 (Yoast SEO v25.0) - https:\/\/yoast.com\/wordpress\/plugins\/seo\/ -->\n<title>LGK-120HD Inverter Air Plasma Cutting Machine -Tackles Complex Cutting Challenges with Separate air Compressor - HafniumTech<\/title>\n<meta name=\"robots\" content=\"index, follow, max-snippet:-1, max-image-preview:large, max-video-preview:-1\" \/>\n<link rel=\"canonical\" href=\"https:\/\/www.hafniumtech.com\/fr\/produit\/lgk-120hd-inverter-air-plasma-cutting-machine\/\" \/>\n<meta property=\"og:locale\" content=\"fr_FR\" \/>\n<meta property=\"og:type\" content=\"article\" \/>\n<meta property=\"og:title\" content=\"LGK-120HD Inverter Air Plasma Cutting Machine -Tackles Complex Cutting Challenges with Separate air Compressor\" \/>\n<meta property=\"og:description\" content=\"Main Features   With plasma torch consumables life monitoring function  With gas pressure and coolant liquid flow displaying, detecting, warning and controlling function  The gas pre-flow, post-flow and current up-slope time can be set separately  With automatic protection of over-heating and lack-voltage Error code displaying function  Intelligent fan is used to reduce the dust  LGK- 120 HD with constant pilot arc strike function, which is suitable for grid plate cutting  &nbsp;  Product Application   Suit manual and automated cut for carbon steel, alloy steel and nonferrous steel\" \/>\n<meta property=\"og:url\" content=\"https:\/\/www.hafniumtech.com\/fr\/produit\/lgk-120hd-inverter-air-plasma-cutting-machine\/\" \/>\n<meta property=\"og:site_name\" content=\"HafniumTech\" \/>\n<meta property=\"article:publisher\" content=\"https:\/\/www.facebook.com\/profile.php?id=61570267424696\" \/>\n<meta property=\"article:modified_time\" content=\"2025-05-01T07:28:25+00:00\" \/>\n<meta property=\"og:image\" content=\"https:\/\/www.hafniumtech.com\/wp-content\/uploads\/2025\/05\/160C-3\u53f7-\u624b\u7528.png\" \/>\n\t<meta property=\"og:image:width\" content=\"800\" \/>\n\t<meta property=\"og:image:height\" content=\"800\" \/>\n\t<meta property=\"og:image:type\" content=\"image\/png\" \/>\n<meta name=\"twitter:card\" content=\"summary_large_image\" \/>\n<meta name=\"twitter:site\" content=\"@HafniumTech\" \/>\n<meta name=\"twitter:label1\" content=\"Prix\" \/>\n\t<meta name=\"twitter:data1\" content=\"\" \/>\n\t<meta name=\"twitter:label2\" content=\"Disponibilit\u00e9\" \/>\n\t<meta name=\"twitter:data2\" content=\"En stock\" \/>\n<script type=\"application\/ld+json\" class=\"yoast-schema-graph\">{\"@context\":\"https:\/\/schema.org\",\"@graph\":[{\"@type\":\"WebPage\",\"@id\":\"https:\/\/www.hafniumtech.com\/product\/lgk-120hd-inverter-air-plasma-cutting-machine\/\",\"url\":\"https:\/\/www.hafniumtech.com\/product\/lgk-120hd-inverter-air-plasma-cutting-machine\/\",\"name\":\"LGK-120HD Inverter Air Plasma Cutting Machine -Tackles Complex Cutting Challenges with Separate air Compressor - HafniumTech\",\"isPartOf\":{\"@id\":\"https:\/\/www.hafniumtech.com\/#website\"},\"primaryImageOfPage\":{\"@id\":\"https:\/\/www.hafniumtech.com\/product\/lgk-120hd-inverter-air-plasma-cutting-machine\/#primaryimage\"},\"image\":{\"@id\":\"https:\/\/www.hafniumtech.com\/product\/lgk-120hd-inverter-air-plasma-cutting-machine\/#primaryimage\"},\"thumbnailUrl\":\"https:\/\/www.hafniumtech.com\/wp-content\/uploads\/2025\/05\/160C-3\u53f7-\u624b\u7528.png\",\"datePublished\":\"2025-05-01T06:43:44+00:00\",\"dateModified\":\"2025-05-01T07:28:25+00:00\",\"breadcrumb\":{\"@id\":\"https:\/\/www.hafniumtech.com\/product\/lgk-120hd-inverter-air-plasma-cutting-machine\/#breadcrumb\"},\"inLanguage\":\"fr-FR\",\"potentialAction\":[{\"@type\":\"ReadAction\",\"target\":[\"https:\/\/www.hafniumtech.com\/product\/lgk-120hd-inverter-air-plasma-cutting-machine\/\"]}]},{\"@type\":\"ImageObject\",\"inLanguage\":\"fr-FR\",\"@id\":\"https:\/\/www.hafniumtech.com\/product\/lgk-120hd-inverter-air-plasma-cutting-machine\/#primaryimage\",\"url\":\"https:\/\/www.hafniumtech.com\/wp-content\/uploads\/2025\/05\/160C-3\u53f7-\u624b\u7528.png\",\"contentUrl\":\"https:\/\/www.hafniumtech.com\/wp-content\/uploads\/2025\/05\/160C-3\u53f7-\u624b\u7528.png\",\"width\":800,\"height\":800},{\"@type\":\"BreadcrumbList\",\"@id\":\"https:\/\/www.hafniumtech.com\/product\/lgk-120hd-inverter-air-plasma-cutting-machine\/#breadcrumb\",\"itemListElement\":[{\"@type\":\"ListItem\",\"position\":1,\"name\":\"\u9996\u9875\",\"item\":\"https:\/\/www.hafniumtech.com\/\"},{\"@type\":\"ListItem\",\"position\":2,\"name\":\"Product\",\"item\":\"https:\/\/www.hafniumtech.com\/product\/\"},{\"@type\":\"ListItem\",\"position\":3,\"name\":\"LGK-120HD Inverter Air Plasma Cutting Machine -Tackles Complex Cutting Challenges with Separate air Compressor\"}]},{\"@type\":\"WebSite\",\"@id\":\"https:\/\/www.hafniumtech.com\/#website\",\"url\":\"https:\/\/www.hafniumtech.com\/\",\"name\":\"Shenzhen Hafnium Technology Co., Ltd.\",\"description\":\"\",\"publisher\":{\"@id\":\"https:\/\/www.hafniumtech.com\/#organization\"},\"potentialAction\":[{\"@type\":\"SearchAction\",\"target\":{\"@type\":\"EntryPoint\",\"urlTemplate\":\"https:\/\/www.hafniumtech.com\/?s={search_term_string}\"},\"query-input\":{\"@type\":\"PropertyValueSpecification\",\"valueRequired\":true,\"valueName\":\"search_term_string\"}}],\"inLanguage\":\"fr-FR\"},{\"@type\":\"Organization\",\"@id\":\"https:\/\/www.hafniumtech.com\/#organization\",\"name\":\"Shenzhen Hafnium Technology Co., Ltd.\",\"url\":\"https:\/\/www.hafniumtech.com\/\",\"logo\":{\"@type\":\"ImageObject\",\"inLanguage\":\"fr-FR\",\"@id\":\"https:\/\/www.hafniumtech.com\/#\/schema\/logo\/image\/\",\"url\":\"https:\/\/www.hafniumtech.com\/wp-content\/uploads\/2025\/03\/168-53_.jpg\",\"contentUrl\":\"https:\/\/www.hafniumtech.com\/wp-content\/uploads\/2025\/03\/168-53_.jpg\",\"width\":336,\"height\":106,\"caption\":\"Shenzhen Hafnium Technology Co., Ltd.\"},\"image\":{\"@id\":\"https:\/\/www.hafniumtech.com\/#\/schema\/logo\/image\/\"},\"sameAs\":[\"https:\/\/www.facebook.com\/profile.php?id=61570267424696\",\"https:\/\/x.com\/HafniumTech\"]}]}<\/script>\n<meta property=\"product:price:amount\" content=\"0.00\" \/>\n<meta property=\"product:price:currency\" content=\"USD\" \/>\n<meta property=\"og:availability\" content=\"instock\" \/>\n<meta property=\"product:availability\" content=\"instock\" \/>\n<meta property=\"product:retailer_item_id\" content=\"LGK-120HD H160C\" \/>\n<meta property=\"product:condition\" content=\"new\" \/>\n<!-- \/ Yoast SEO Premium plugin. -->","yoast_head_json":{"title":"LGK-120HD Inverter Air Plasma Cutting Machine -Tackles Complex Cutting Challenges with Separate air Compressor - HafniumTech","robots":{"index":"index","follow":"follow","max-snippet":"max-snippet:-1","max-image-preview":"max-image-preview:large","max-video-preview":"max-video-preview:-1"},"canonical":"https:\/\/www.hafniumtech.com\/fr\/produit\/lgk-120hd-inverter-air-plasma-cutting-machine\/","og_locale":"fr_FR","og_type":"article","og_title":"LGK-120HD Inverter Air Plasma Cutting Machine -Tackles Complex Cutting Challenges with Separate air Compressor","og_description":"Main Features   With plasma torch consumables life monitoring function  With gas pressure and coolant liquid flow displaying, detecting, warning and controlling function  The gas pre-flow, post-flow and current up-slope time can be set separately  With automatic protection of over-heating and lack-voltage Error code displaying function  Intelligent fan is used to reduce the dust  LGK- 120 HD with constant pilot arc strike function, which is suitable for grid plate cutting  &nbsp;  Product Application   Suit manual and automated cut for carbon steel, alloy steel and nonferrous steel","og_url":"https:\/\/www.hafniumtech.com\/fr\/produit\/lgk-120hd-inverter-air-plasma-cutting-machine\/","og_site_name":"HafniumTech","article_publisher":"https:\/\/www.facebook.com\/profile.php?id=61570267424696","article_modified_time":"2025-05-01T07:28:25+00:00","og_image":[{"width":800,"height":800,"url":"https:\/\/www.hafniumtech.com\/wp-content\/uploads\/2025\/05\/160C-3\u53f7-\u624b\u7528.png","type":"image\/png"}],"twitter_card":"summary_large_image","twitter_site":"@HafniumTech","twitter_misc":{"Prix":"","Disponibilit\u00e9":"En stock"},"schema":{"@context":"https:\/\/schema.org","@graph":[{"@type":"WebPage","@id":"https:\/\/www.hafniumtech.com\/product\/lgk-120hd-inverter-air-plasma-cutting-machine\/","url":"https:\/\/www.hafniumtech.com\/product\/lgk-120hd-inverter-air-plasma-cutting-machine\/","name":"LGK-120HD Inverter Air Plasma Cutting Machine -Tackles Complex Cutting Challenges with Separate air Compressor - HafniumTech","isPartOf":{"@id":"https:\/\/www.hafniumtech.com\/#website"},"primaryImageOfPage":{"@id":"https:\/\/www.hafniumtech.com\/product\/lgk-120hd-inverter-air-plasma-cutting-machine\/#primaryimage"},"image":{"@id":"https:\/\/www.hafniumtech.com\/product\/lgk-120hd-inverter-air-plasma-cutting-machine\/#primaryimage"},"thumbnailUrl":"https:\/\/www.hafniumtech.com\/wp-content\/uploads\/2025\/05\/160C-3\u53f7-\u624b\u7528.png","datePublished":"2025-05-01T06:43:44+00:00","dateModified":"2025-05-01T07:28:25+00:00","breadcrumb":{"@id":"https:\/\/www.hafniumtech.com\/product\/lgk-120hd-inverter-air-plasma-cutting-machine\/#breadcrumb"},"inLanguage":"fr-FR","potentialAction":[{"@type":"ReadAction","target":["https:\/\/www.hafniumtech.com\/product\/lgk-120hd-inverter-air-plasma-cutting-machine\/"]}]},{"@type":"ImageObject","inLanguage":"fr-FR","@id":"https:\/\/www.hafniumtech.com\/product\/lgk-120hd-inverter-air-plasma-cutting-machine\/#primaryimage","url":"https:\/\/www.hafniumtech.com\/wp-content\/uploads\/2025\/05\/160C-3\u53f7-\u624b\u7528.png","contentUrl":"https:\/\/www.hafniumtech.com\/wp-content\/uploads\/2025\/05\/160C-3\u53f7-\u624b\u7528.png","width":800,"height":800},{"@type":"BreadcrumbList","@id":"https:\/\/www.hafniumtech.com\/product\/lgk-120hd-inverter-air-plasma-cutting-machine\/#breadcrumb","itemListElement":[{"@type":"ListItem","position":1,"name":"\u9996\u9875","item":"https:\/\/www.hafniumtech.com\/"},{"@type":"ListItem","position":2,"name":"Product","item":"https:\/\/www.hafniumtech.com\/product\/"},{"@type":"ListItem","position":3,"name":"LGK-120HD Inverter Air Plasma Cutting Machine -Tackles Complex Cutting Challenges with Separate air Compressor"}]},{"@type":"WebSite","@id":"https:\/\/www.hafniumtech.com\/#website","url":"https:\/\/www.hafniumtech.com\/","name":"Shenzhen Hafnium Technology Co., Ltd.","description":"","publisher":{"@id":"https:\/\/www.hafniumtech.com\/#organization"},"potentialAction":[{"@type":"SearchAction","target":{"@type":"EntryPoint","urlTemplate":"https:\/\/www.hafniumtech.com\/?s={search_term_string}"},"query-input":{"@type":"PropertyValueSpecification","valueRequired":true,"valueName":"search_term_string"}}],"inLanguage":"fr-FR"},{"@type":"Organization","@id":"https:\/\/www.hafniumtech.com\/#organization","name":"Shenzhen Hafnium Technology Co., Ltd.","url":"https:\/\/www.hafniumtech.com\/","logo":{"@type":"ImageObject","inLanguage":"fr-FR","@id":"https:\/\/www.hafniumtech.com\/#\/schema\/logo\/image\/","url":"https:\/\/www.hafniumtech.com\/wp-content\/uploads\/2025\/03\/168-53_.jpg","contentUrl":"https:\/\/www.hafniumtech.com\/wp-content\/uploads\/2025\/03\/168-53_.jpg","width":336,"height":106,"caption":"Shenzhen Hafnium Technology Co., Ltd."},"image":{"@id":"https:\/\/www.hafniumtech.com\/#\/schema\/logo\/image\/"},"sameAs":["https:\/\/www.facebook.com\/profile.php?id=61570267424696","https:\/\/x.com\/HafniumTech"]}]},"product_price_amount":"0.00","product_price_currency":"USD","og_availability":"instock","product_availability":"instock","product_retailer_item_id":"LGK-120HD H160C","product_condition":"new"},"_links":{"self":[{"href":"https:\/\/www.hafniumtech.com\/fr\/wp-json\/wp\/v2\/product\/3369","targetHints":{"allow":["GET"]}}],"collection":[{"href":"https:\/\/www.hafniumtech.com\/fr\/wp-json\/wp\/v2\/product"}],"about":[{"href":"https:\/\/www.hafniumtech.com\/fr\/wp-json\/wp\/v2\/types\/product"}],"replies":[{"embeddable":true,"href":"https:\/\/www.hafniumtech.com\/fr\/wp-json\/wp\/v2\/comments?post=3369"}],"wp:featuredmedia":[{"embeddable":true,"href":"https:\/\/www.hafniumtech.com\/fr\/wp-json\/wp\/v2\/media\/3370"}],"wp:attachment":[{"href":"https:\/\/www.hafniumtech.com\/fr\/wp-json\/wp\/v2\/media?parent=3369"}],"wp:term":[{"taxonomy":"product_brand","embeddable":true,"href":"https:\/\/www.hafniumtech.com\/fr\/wp-json\/wp\/v2\/product_brand?post=3369"},{"taxonomy":"product_cat","embeddable":true,"href":"https:\/\/www.hafniumtech.com\/fr\/wp-json\/wp\/v2\/product_cat?post=3369"},{"taxonomy":"product_tag","embeddable":true,"href":"https:\/\/www.hafniumtech.com\/fr\/wp-json\/wp\/v2\/product_tag?post=3369"}],"curies":[{"name":"wp","href":"https:\/\/api.w.org\/{rel}","templated":true}]}}