{"id":3452,"date":"2025-05-01T20:15:21","date_gmt":"2025-05-01T12:15:21","guid":{"rendered":"http:\/\/www.hafniumtech.com\/?post_type=product&#038;p=3452"},"modified":"2025-05-02T19:57:26","modified_gmt":"2025-05-02T11:57:26","slug":"nb-500hk-inverter-mig-co2-portable-welder-used-for-high-efficiency-productivity-welding-on-new-trucks-factory-direct-pricing","status":"publish","type":"product","link":"https:\/\/www.hafniumtech.com\/fr\/produit\/nb-500hk-inverter-mig-co2-portable-welder-used-for-high-efficiency-productivity-welding-on-new-trucks-factory-direct-pricing\/","title":{"rendered":"NB-500HK Soudeur portable MIG\/CO2 \u00e0 onduleur utilis\u00e9 pour le soudage \u00e0 haute efficacit\u00e9 de productivit\u00e9 sur les nouveaux camions Prix direct usine"},"content":{"rendered":"<table style=\"height: 504px;\" width=\"781\">\n<tbody>\n<tr>\n<td style=\"text-align: center;\" rowspan=\"2\" width=\"361\">ltem<\/td>\n<td style=\"text-align: center;\" rowspan=\"2\" width=\"95\">Unit\u00e9<\/td>\n<td style=\"text-align: center;\" colspan=\"2\" width=\"454\">Mod\u00e8le<\/td>\n<\/tr>\n<tr>\n<td width=\"227\">NB-500HK<\/td>\n<td width=\"227\">NB-630HK<\/td>\n<\/tr>\n<tr>\n<td style=\"text-align: center;\" width=\"361\">\u00a0Puissance d'entr\u00e9e<\/td>\n<td style=\"text-align: center;\" width=\"95\">V\/Hz<\/td>\n<td style=\"text-align: center;\" colspan=\"2\" width=\"454\">3~380\u00b115% 50\/60Hz<\/td>\n<\/tr>\n<tr>\n<td style=\"text-align: center;\" width=\"361\">\u00a0Capacit\u00e9 d'entr\u00e9e nominale<\/td>\n<td style=\"text-align: center;\" width=\"95\">KVA<\/td>\n<td style=\"text-align: center;\" width=\"227\">26<\/td>\n<td style=\"text-align: center;\" width=\"227\">36<\/td>\n<\/tr>\n<tr>\n<td style=\"text-align: center;\" width=\"361\">\u00a0Courant d'entr\u00e9e nominal<\/td>\n<td style=\"text-align: center;\" width=\"95\">A<\/td>\n<td style=\"text-align: center;\" width=\"227\">40<\/td>\n<td style=\"text-align: center;\" width=\"227\">55<\/td>\n<\/tr>\n<tr>\n<td style=\"text-align: center;\" width=\"361\">\u00a0Courant de sortie nominal<\/td>\n<td style=\"text-align: center;\" width=\"95\">A<\/td>\n<td style=\"text-align: center;\" width=\"227\">500<\/td>\n<td style=\"text-align: center;\" width=\"227\">630<\/td>\n<\/tr>\n<tr>\n<td style=\"text-align: center;\" width=\"361\">\u00a0Tension de sortie nominale<\/td>\n<td style=\"text-align: center;\" width=\"95\">V<\/td>\n<td style=\"text-align: center;\" width=\"227\">39<\/td>\n<td style=\"text-align: center;\" width=\"227\">44<\/td>\n<\/tr>\n<tr>\n<td style=\"text-align: center;\" width=\"361\">\u00a0Tension nominale en circuit ouvert<\/td>\n<td style=\"text-align: center;\" width=\"95\">V<\/td>\n<td style=\"text-align: center;\" width=\"227\">82<\/td>\n<td style=\"text-align: center;\" width=\"227\">87<\/td>\n<\/tr>\n<tr>\n<td style=\"text-align: center;\" width=\"361\">\u00a0Cycle de fonctionnement nominal<\/td>\n<td style=\"text-align: center;\" width=\"95\"><\/td>\n<td style=\"text-align: center;\" width=\"227\">100%(40\u2103)<\/td>\n<td style=\"text-align: center;\" width=\"227\">68%(40\u2103)<\/td>\n<\/tr>\n<tr>\n<td style=\"text-align: center;\" width=\"361\">\u00a0Efficacit\u00e9<\/td>\n<td style=\"text-align: center;\" width=\"95\"><\/td>\n<td style=\"text-align: center;\" colspan=\"2\" width=\"454\">89%<\/td>\n<\/tr>\n<tr>\n<td style=\"text-align: center;\" width=\"361\">\u00a0Facteur de puissance<\/td>\n<td style=\"text-align: center;\" width=\"95\"><\/td>\n<td style=\"text-align: center;\" width=\"227\">0.92<\/td>\n<td style=\"text-align: center;\" width=\"227\">0.85<\/td>\n<\/tr>\n<tr>\n<td style=\"text-align: center;\" width=\"361\">\u00a0Plage de r\u00e9glage du courant de sortie<\/td>\n<td style=\"text-align: center;\" width=\"95\">A<\/td>\n<td style=\"text-align: center;\" width=\"227\">60\uff5e500<\/td>\n<td style=\"text-align: center;\" width=\"227\">60~630<\/td>\n<\/tr>\n<tr>\n<td style=\"text-align: center;\" width=\"361\">\u00a0Plage de r\u00e9glage de la tension de sortie<\/td>\n<td style=\"text-align: center;\" width=\"95\">V<\/td>\n<td style=\"text-align: center;\" width=\"227\">14~50<\/td>\n<td style=\"text-align: center;\" width=\"227\">14~55<\/td>\n<\/tr>\n<tr>\n<td style=\"text-align: center;\" width=\"361\">\u00a0Plage de r\u00e9glage de la vitesse d'alimentation en fil<\/td>\n<td style=\"text-align: center;\" width=\"95\">m\/min<\/td>\n<td style=\"text-align: center;\" width=\"227\">1.5~20<\/td>\n<td style=\"text-align: center;\" width=\"227\">1.5~26<\/td>\n<\/tr>\n<tr>\n<td style=\"text-align: center;\" width=\"361\">\u00a0Courant de crat\u00e8re<\/td>\n<td style=\"text-align: center;\" width=\"95\">A<\/td>\n<td style=\"text-align: center;\" width=\"227\">60\uff5e500<\/td>\n<td style=\"text-align: center;\" width=\"227\">60\uff5e630<\/td>\n<\/tr>\n<tr>\n<td style=\"text-align: center;\" width=\"361\">\u00a0Tension du crat\u00e8re<\/td>\n<td style=\"text-align: center;\" width=\"95\">V<\/td>\n<td style=\"text-align: center;\" width=\"227\">16~39<\/td>\n<td style=\"text-align: center;\" width=\"227\">16~41<\/td>\n<\/tr>\n<tr>\n<td style=\"text-align: center;\" width=\"361\">\u00a0Diam\u00e8tre de fil adapt\u00e9<\/td>\n<td style=\"text-align: center;\" width=\"95\">mm<\/td>\n<td style=\"text-align: center;\" colspan=\"2\" width=\"454\">\u03a61.0, \u03a61.2, \u03a61.6<\/td>\n<\/tr>\n<tr>\n<td style=\"text-align: center;\" width=\"361\">\u00a0Mode de refroidissement<\/td>\n<td style=\"text-align: center;\" width=\"95\"><\/td>\n<td style=\"text-align: center;\" colspan=\"2\" width=\"454\">Refroidissement par air<\/td>\n<\/tr>\n<tr>\n<td style=\"text-align: center;\" width=\"361\">\u00a0Niveau d'isolation<\/td>\n<td style=\"text-align: center;\" width=\"95\"><\/td>\n<td style=\"text-align: center;\" colspan=\"2\" width=\"454\">F<\/td>\n<\/tr>\n<tr>\n<td style=\"text-align: center;\" width=\"361\">\u00a0Protection contre les infiltrations<\/td>\n<td style=\"text-align: center;\" width=\"95\"><\/td>\n<td style=\"text-align: center;\" colspan=\"2\" width=\"454\">IP21S<\/td>\n<\/tr>\n<tr>\n<td style=\"text-align: center;\" width=\"361\">\u00a0Dimension(L\u00d7L\u00d7H)<\/td>\n<td style=\"text-align: center;\" width=\"95\">mm<\/td>\n<td style=\"text-align: center;\" colspan=\"2\" width=\"454\">640\u00d7290\u00d7580<\/td>\n<\/tr>\n<tr>\n<td style=\"text-align: center;\" width=\"361\">\u00a0Poids net<\/td>\n<td style=\"text-align: center;\" width=\"95\">Kg<\/td>\n<td style=\"text-align: center;\" width=\"227\">38<\/td>\n<td style=\"text-align: center;\" width=\"227\">40<\/td>\n<\/tr>\n<\/tbody>\n<\/table>","protected":false},"excerpt":{"rendered":"<p class=\"\" data-start=\"0\" data-end=\"19\"><strong data-start=\"0\" data-end=\"17\">Caract\u00e9ristiques principales<\/strong><\/p>\n<ul data-start=\"20\" data-end=\"806\">\n<li class=\"\" data-start=\"20\" data-end=\"107\">\n<p class=\"\" data-start=\"22\" data-end=\"107\"><strong data-start=\"22\" data-end=\"41\">100% Cycle d'utilisation<\/strong>: Con\u00e7u pour le soudage en continu dans l'industrie lourde, sans temps d'arr\u00eat.<\/p>\n<\/li>\n<li class=\"\" data-start=\"108\" data-end=\"208\">\n<p class=\"\" data-start=\"110\" data-end=\"208\"><strong data-start=\"110\" data-end=\"136\">Profil d'arc r\u00e9glable<\/strong>: Adapter le comportement de l'arc aux diff\u00e9rents styles de soudage et aux diff\u00e9rents mat\u00e9riaux.<\/p>\n<\/li>\n<li class=\"\" data-start=\"209\" data-end=\"323\">\n<p class=\"\" data-start=\"211\" data-end=\"323\"><strong data-start=\"211\" data-end=\"249\">Courant et tension de base ind\u00e9pendants<\/strong>: Ajustez chaque param\u00e8tre s\u00e9par\u00e9ment pour des d\u00e9marrages et des transitions plus fluides.<\/p>\n<\/li>\n<li class=\"\" data-start=\"324\" data-end=\"413\">\n<p class=\"\" data-start=\"326\" data-end=\"413\"><strong data-start=\"326\" data-end=\"349\">Interface intuitive<\/strong>: Simplifie la configuration des param\u00e8tres pour une meilleure exp\u00e9rience de l'op\u00e9rateur.<\/p>\n<\/li>\n<li class=\"\" data-start=\"414\" data-end=\"519\">\n<p class=\"\" data-start=\"416\" data-end=\"519\"><strong data-start=\"416\" data-end=\"445\">Contr\u00f4le int\u00e9gr\u00e9 du d\u00e9bit de gaz<\/strong>: V\u00e9rifier et ajuster le gaz de protection avant le soudage pour une protection optimale.<\/p>\n<\/li>\n<li class=\"\" data-start=\"520\" data-end=\"632\">\n<p class=\"\" data-start=\"522\" data-end=\"632\"><strong data-start=\"522\" data-end=\"543\">Protection robuste<\/strong>: L'arr\u00eat automatique en cas de surchauffe ou de faible tension d'entr\u00e9e garantit un fonctionnement stable et fiable.<\/p>\n<\/li>\n<li class=\"\" data-start=\"633\" data-end=\"806\">\n<p class=\"\" data-start=\"635\" data-end=\"806\"><strong data-start=\"635\" data-end=\"663\">Capacit\u00e9 de soudage par b\u00e2tonnets<\/strong>: Passez facilement en mode MMA lorsque vous avez besoin de souder avec des b\u00e2tons.<\/p>\n<\/li>\n<\/ul>\n<p class=\"\" data-start=\"808\" data-end=\"834\"><strong data-start=\"808\" data-end=\"832\">Applications des produits<\/strong><\/p>\n<ul data-start=\"835\" data-end=\"1005\">\n<li class=\"\" data-start=\"835\" data-end=\"878\">\n<p class=\"\" data-start=\"837\" data-end=\"878\">Soudage des aciers \u00e0 faible teneur en carbone et de leurs alliages<\/p>\n<\/li>\n<li class=\"\" data-start=\"879\" data-end=\"919\">\n<p class=\"\" data-start=\"881\" data-end=\"919\">Soudage <strong>aluminium et aluminium<\/strong> alliages<\/p>\n<\/li>\n<li class=\"\" data-start=\"920\" data-end=\"956\">\n<p class=\"\" data-start=\"922\" data-end=\"956\">Soudage du cuivre et des alliages de cuivre<\/p>\n<\/li>\n<li class=\"\" data-start=\"957\" data-end=\"1005\">\n<p class=\"\" data-start=\"959\" data-end=\"1005\">Soudage de l'acier inoxydable et des alliages sp\u00e9ciaux<\/p>\n<\/li>\n<\/ul>","protected":false},"featured_media":3453,"comment_status":"open","ping_status":"closed","template":"","meta":[],"product_brand":[],"product_cat":[15,56],"product_tag":[195,196,197,198,199,200,218,219,223,224,225,226,227],"class_list":{"0":"post-3452","1":"product","2":"type-product","3":"status-publish","4":"has-post-thumbnail","6":"product_cat-welding-machine-welder","7":"product_cat-mig-co2-mag-gas-shield-welding-machine-welder","8":"product_tag-nb-500-inverter-mig-welding-machine","9":"product_tag-co2-welding-machine-nb500t","10":"product_tag-welding-machine-nb500","11":"product_tag-nb500-welder","12":"product_tag-mig-nbc-500","13":"product_tag-nb500mk","14":"product_tag-mig-welding-machine","15":"product_tag-inverter-welding-machine","16":"product_tag-mig-nb400","17":"product_tag-nb-500hk-mig","18":"product_tag-construction-industry-welder","19":"product_tag-nb-500hk","20":"product_tag-mig-co2","21":"stm_brands-huayuan","23":"first","24":"instock","25":"shipping-taxable","26":"product-type-simple"},"yoast_head":"<!-- This site is optimized with the Yoast SEO Premium plugin v25.0 (Yoast SEO v25.0) - https:\/\/yoast.com\/wordpress\/plugins\/seo\/ -->\n<title>NB-500HK Inverter MIG\/CO2 Portable Welder Used for High Efficiency Productivity Welding on New Trucks Factory-Direct Pricing - HafniumTech<\/title>\n<meta name=\"robots\" content=\"index, follow, max-snippet:-1, max-image-preview:large, max-video-preview:-1\" \/>\n<link rel=\"canonical\" href=\"https:\/\/www.hafniumtech.com\/fr\/produit\/nb-500hk-inverter-mig-co2-portable-welder-used-for-high-efficiency-productivity-welding-on-new-trucks-factory-direct-pricing\/\" \/>\n<meta property=\"og:locale\" content=\"fr_FR\" \/>\n<meta property=\"og:type\" content=\"article\" \/>\n<meta property=\"og:title\" content=\"NB-500HK Inverter MIG\/CO2 Portable Welder Used for High Efficiency Productivity Welding on New Trucks Factory-Direct Pricing\" \/>\n<meta property=\"og:description\" content=\"Main Features     100% Duty Cycle: Built for continuous, heavy-industry welding without downtime.    Adjustable Arc Profile: Tailor arc behavior to match different welding styles and materials.    Independent Base Current &amp; Voltage: Fine-tune each setting separately for smoother starts and transitions.    Intuitive Interface: Simplifies parameter setup for a better operator experience.    Integrated Gas-Flow Check: Verify and adjust shielding gas before welding for optimal protection.    Robust Protection: Auto-shutdown on overheating or low-voltage input ensures stable, reliable operation.    Stick Welding Capability: Switch easily to MMA mode when stick welding is required. \u200b   Product Applications     Welding low-carbon steel and its alloys    Welding aluminum and aluminum alloys    Welding copper and copper alloys    Welding stainless steel and specialty alloys\" \/>\n<meta property=\"og:url\" content=\"https:\/\/www.hafniumtech.com\/fr\/produit\/nb-500hk-inverter-mig-co2-portable-welder-used-for-high-efficiency-productivity-welding-on-new-trucks-factory-direct-pricing\/\" \/>\n<meta property=\"og:site_name\" content=\"HafniumTech\" \/>\n<meta property=\"article:publisher\" content=\"https:\/\/www.facebook.com\/profile.php?id=61570267424696\" \/>\n<meta property=\"article:modified_time\" content=\"2025-05-02T11:57:26+00:00\" \/>\n<meta property=\"og:image\" content=\"https:\/\/www.hafniumtech.com\/wp-content\/uploads\/2025\/05\/1-7.png\" \/>\n\t<meta property=\"og:image:width\" content=\"1000\" \/>\n\t<meta property=\"og:image:height\" content=\"1000\" \/>\n\t<meta property=\"og:image:type\" content=\"image\/png\" \/>\n<meta name=\"twitter:card\" content=\"summary_large_image\" \/>\n<meta name=\"twitter:site\" content=\"@HafniumTech\" \/>\n<meta name=\"twitter:label1\" content=\"Prix\" \/>\n\t<meta name=\"twitter:data1\" content=\"\" \/>\n\t<meta name=\"twitter:label2\" content=\"Disponibilit\u00e9\" \/>\n\t<meta name=\"twitter:data2\" content=\"En stock\" \/>\n<script type=\"application\/ld+json\" class=\"yoast-schema-graph\">{\"@context\":\"https:\/\/schema.org\",\"@graph\":[{\"@type\":\"WebPage\",\"@id\":\"https:\/\/www.hafniumtech.com\/product\/nb-500hk-inverter-mig-co2-portable-welder-used-for-high-efficiency-productivity-welding-on-new-trucks-factory-direct-pricing\/\",\"url\":\"https:\/\/www.hafniumtech.com\/product\/nb-500hk-inverter-mig-co2-portable-welder-used-for-high-efficiency-productivity-welding-on-new-trucks-factory-direct-pricing\/\",\"name\":\"NB-500HK Inverter MIG\/CO2 Portable Welder Used for High Efficiency Productivity Welding on New Trucks Factory-Direct Pricing - HafniumTech\",\"isPartOf\":{\"@id\":\"https:\/\/www.hafniumtech.com\/#website\"},\"primaryImageOfPage\":{\"@id\":\"https:\/\/www.hafniumtech.com\/product\/nb-500hk-inverter-mig-co2-portable-welder-used-for-high-efficiency-productivity-welding-on-new-trucks-factory-direct-pricing\/#primaryimage\"},\"image\":{\"@id\":\"https:\/\/www.hafniumtech.com\/product\/nb-500hk-inverter-mig-co2-portable-welder-used-for-high-efficiency-productivity-welding-on-new-trucks-factory-direct-pricing\/#primaryimage\"},\"thumbnailUrl\":\"https:\/\/www.hafniumtech.com\/wp-content\/uploads\/2025\/05\/1-7.png\",\"datePublished\":\"2025-05-01T12:15:21+00:00\",\"dateModified\":\"2025-05-02T11:57:26+00:00\",\"breadcrumb\":{\"@id\":\"https:\/\/www.hafniumtech.com\/product\/nb-500hk-inverter-mig-co2-portable-welder-used-for-high-efficiency-productivity-welding-on-new-trucks-factory-direct-pricing\/#breadcrumb\"},\"inLanguage\":\"fr-FR\",\"potentialAction\":[{\"@type\":\"ReadAction\",\"target\":[\"https:\/\/www.hafniumtech.com\/product\/nb-500hk-inverter-mig-co2-portable-welder-used-for-high-efficiency-productivity-welding-on-new-trucks-factory-direct-pricing\/\"]}]},{\"@type\":\"ImageObject\",\"inLanguage\":\"fr-FR\",\"@id\":\"https:\/\/www.hafniumtech.com\/product\/nb-500hk-inverter-mig-co2-portable-welder-used-for-high-efficiency-productivity-welding-on-new-trucks-factory-direct-pricing\/#primaryimage\",\"url\":\"https:\/\/www.hafniumtech.com\/wp-content\/uploads\/2025\/05\/1-7.png\",\"contentUrl\":\"https:\/\/www.hafniumtech.com\/wp-content\/uploads\/2025\/05\/1-7.png\",\"width\":1000,\"height\":1000},{\"@type\":\"BreadcrumbList\",\"@id\":\"https:\/\/www.hafniumtech.com\/product\/nb-500hk-inverter-mig-co2-portable-welder-used-for-high-efficiency-productivity-welding-on-new-trucks-factory-direct-pricing\/#breadcrumb\",\"itemListElement\":[{\"@type\":\"ListItem\",\"position\":1,\"name\":\"\u9996\u9875\",\"item\":\"https:\/\/www.hafniumtech.com\/\"},{\"@type\":\"ListItem\",\"position\":2,\"name\":\"Product\",\"item\":\"https:\/\/www.hafniumtech.com\/product\/\"},{\"@type\":\"ListItem\",\"position\":3,\"name\":\"NB-500HK Inverter MIG\/CO2 Portable Welder Used for High Efficiency Productivity Welding on New Trucks Factory-Direct Pricing\"}]},{\"@type\":\"WebSite\",\"@id\":\"https:\/\/www.hafniumtech.com\/#website\",\"url\":\"https:\/\/www.hafniumtech.com\/\",\"name\":\"Shenzhen Hafnium Technology Co., Ltd.\",\"description\":\"\",\"publisher\":{\"@id\":\"https:\/\/www.hafniumtech.com\/#organization\"},\"potentialAction\":[{\"@type\":\"SearchAction\",\"target\":{\"@type\":\"EntryPoint\",\"urlTemplate\":\"https:\/\/www.hafniumtech.com\/?s={search_term_string}\"},\"query-input\":{\"@type\":\"PropertyValueSpecification\",\"valueRequired\":true,\"valueName\":\"search_term_string\"}}],\"inLanguage\":\"fr-FR\"},{\"@type\":\"Organization\",\"@id\":\"https:\/\/www.hafniumtech.com\/#organization\",\"name\":\"Shenzhen Hafnium Technology Co., Ltd.\",\"url\":\"https:\/\/www.hafniumtech.com\/\",\"logo\":{\"@type\":\"ImageObject\",\"inLanguage\":\"fr-FR\",\"@id\":\"https:\/\/www.hafniumtech.com\/#\/schema\/logo\/image\/\",\"url\":\"https:\/\/www.hafniumtech.com\/wp-content\/uploads\/2025\/03\/168-53_.jpg\",\"contentUrl\":\"https:\/\/www.hafniumtech.com\/wp-content\/uploads\/2025\/03\/168-53_.jpg\",\"width\":336,\"height\":106,\"caption\":\"Shenzhen Hafnium Technology Co., Ltd.\"},\"image\":{\"@id\":\"https:\/\/www.hafniumtech.com\/#\/schema\/logo\/image\/\"},\"sameAs\":[\"https:\/\/www.facebook.com\/profile.php?id=61570267424696\",\"https:\/\/x.com\/HafniumTech\"]}]}<\/script>\n<meta property=\"product:price:amount\" content=\"0.00\" \/>\n<meta property=\"product:price:currency\" content=\"USD\" \/>\n<meta property=\"og:availability\" content=\"instock\" \/>\n<meta property=\"product:availability\" content=\"instock\" \/>\n<meta property=\"product:retailer_item_id\" content=\"NB-500HK\" \/>\n<meta property=\"product:condition\" content=\"new\" \/>\n<!-- \/ Yoast SEO Premium plugin. -->","yoast_head_json":{"title":"NB-500HK Inverter MIG\/CO2 Portable Welder Used for High Efficiency Productivity Welding on New Trucks Factory-Direct Pricing - HafniumTech","robots":{"index":"index","follow":"follow","max-snippet":"max-snippet:-1","max-image-preview":"max-image-preview:large","max-video-preview":"max-video-preview:-1"},"canonical":"https:\/\/www.hafniumtech.com\/fr\/produit\/nb-500hk-inverter-mig-co2-portable-welder-used-for-high-efficiency-productivity-welding-on-new-trucks-factory-direct-pricing\/","og_locale":"fr_FR","og_type":"article","og_title":"NB-500HK Inverter MIG\/CO2 Portable Welder Used for High Efficiency Productivity Welding on New Trucks Factory-Direct Pricing","og_description":"Main Features     100% Duty Cycle: Built for continuous, heavy-industry welding without downtime.    Adjustable Arc Profile: Tailor arc behavior to match different welding styles and materials.    Independent Base Current &amp; Voltage: Fine-tune each setting separately for smoother starts and transitions.    Intuitive Interface: Simplifies parameter setup for a better operator experience.    Integrated Gas-Flow Check: Verify and adjust shielding gas before welding for optimal protection.    Robust Protection: Auto-shutdown on overheating or low-voltage input ensures stable, reliable operation.    Stick Welding Capability: Switch easily to MMA mode when stick welding is required. \u200b   Product Applications     Welding low-carbon steel and its alloys    Welding aluminum and aluminum alloys    Welding copper and copper alloys    Welding stainless steel and specialty alloys","og_url":"https:\/\/www.hafniumtech.com\/fr\/produit\/nb-500hk-inverter-mig-co2-portable-welder-used-for-high-efficiency-productivity-welding-on-new-trucks-factory-direct-pricing\/","og_site_name":"HafniumTech","article_publisher":"https:\/\/www.facebook.com\/profile.php?id=61570267424696","article_modified_time":"2025-05-02T11:57:26+00:00","og_image":[{"width":1000,"height":1000,"url":"https:\/\/www.hafniumtech.com\/wp-content\/uploads\/2025\/05\/1-7.png","type":"image\/png"}],"twitter_card":"summary_large_image","twitter_site":"@HafniumTech","twitter_misc":{"Prix":"","Disponibilit\u00e9":"En stock"},"schema":{"@context":"https:\/\/schema.org","@graph":[{"@type":"WebPage","@id":"https:\/\/www.hafniumtech.com\/product\/nb-500hk-inverter-mig-co2-portable-welder-used-for-high-efficiency-productivity-welding-on-new-trucks-factory-direct-pricing\/","url":"https:\/\/www.hafniumtech.com\/product\/nb-500hk-inverter-mig-co2-portable-welder-used-for-high-efficiency-productivity-welding-on-new-trucks-factory-direct-pricing\/","name":"NB-500HK Inverter MIG\/CO2 Portable Welder Used for High Efficiency Productivity Welding on New Trucks Factory-Direct Pricing - HafniumTech","isPartOf":{"@id":"https:\/\/www.hafniumtech.com\/#website"},"primaryImageOfPage":{"@id":"https:\/\/www.hafniumtech.com\/product\/nb-500hk-inverter-mig-co2-portable-welder-used-for-high-efficiency-productivity-welding-on-new-trucks-factory-direct-pricing\/#primaryimage"},"image":{"@id":"https:\/\/www.hafniumtech.com\/product\/nb-500hk-inverter-mig-co2-portable-welder-used-for-high-efficiency-productivity-welding-on-new-trucks-factory-direct-pricing\/#primaryimage"},"thumbnailUrl":"https:\/\/www.hafniumtech.com\/wp-content\/uploads\/2025\/05\/1-7.png","datePublished":"2025-05-01T12:15:21+00:00","dateModified":"2025-05-02T11:57:26+00:00","breadcrumb":{"@id":"https:\/\/www.hafniumtech.com\/product\/nb-500hk-inverter-mig-co2-portable-welder-used-for-high-efficiency-productivity-welding-on-new-trucks-factory-direct-pricing\/#breadcrumb"},"inLanguage":"fr-FR","potentialAction":[{"@type":"ReadAction","target":["https:\/\/www.hafniumtech.com\/product\/nb-500hk-inverter-mig-co2-portable-welder-used-for-high-efficiency-productivity-welding-on-new-trucks-factory-direct-pricing\/"]}]},{"@type":"ImageObject","inLanguage":"fr-FR","@id":"https:\/\/www.hafniumtech.com\/product\/nb-500hk-inverter-mig-co2-portable-welder-used-for-high-efficiency-productivity-welding-on-new-trucks-factory-direct-pricing\/#primaryimage","url":"https:\/\/www.hafniumtech.com\/wp-content\/uploads\/2025\/05\/1-7.png","contentUrl":"https:\/\/www.hafniumtech.com\/wp-content\/uploads\/2025\/05\/1-7.png","width":1000,"height":1000},{"@type":"BreadcrumbList","@id":"https:\/\/www.hafniumtech.com\/product\/nb-500hk-inverter-mig-co2-portable-welder-used-for-high-efficiency-productivity-welding-on-new-trucks-factory-direct-pricing\/#breadcrumb","itemListElement":[{"@type":"ListItem","position":1,"name":"\u9996\u9875","item":"https:\/\/www.hafniumtech.com\/"},{"@type":"ListItem","position":2,"name":"Product","item":"https:\/\/www.hafniumtech.com\/product\/"},{"@type":"ListItem","position":3,"name":"NB-500HK Inverter MIG\/CO2 Portable Welder Used for High Efficiency Productivity Welding on New Trucks Factory-Direct Pricing"}]},{"@type":"WebSite","@id":"https:\/\/www.hafniumtech.com\/#website","url":"https:\/\/www.hafniumtech.com\/","name":"Shenzhen Hafnium Technology Co., Ltd.","description":"","publisher":{"@id":"https:\/\/www.hafniumtech.com\/#organization"},"potentialAction":[{"@type":"SearchAction","target":{"@type":"EntryPoint","urlTemplate":"https:\/\/www.hafniumtech.com\/?s={search_term_string}"},"query-input":{"@type":"PropertyValueSpecification","valueRequired":true,"valueName":"search_term_string"}}],"inLanguage":"fr-FR"},{"@type":"Organization","@id":"https:\/\/www.hafniumtech.com\/#organization","name":"Shenzhen Hafnium Technology Co., Ltd.","url":"https:\/\/www.hafniumtech.com\/","logo":{"@type":"ImageObject","inLanguage":"fr-FR","@id":"https:\/\/www.hafniumtech.com\/#\/schema\/logo\/image\/","url":"https:\/\/www.hafniumtech.com\/wp-content\/uploads\/2025\/03\/168-53_.jpg","contentUrl":"https:\/\/www.hafniumtech.com\/wp-content\/uploads\/2025\/03\/168-53_.jpg","width":336,"height":106,"caption":"Shenzhen Hafnium Technology Co., Ltd."},"image":{"@id":"https:\/\/www.hafniumtech.com\/#\/schema\/logo\/image\/"},"sameAs":["https:\/\/www.facebook.com\/profile.php?id=61570267424696","https:\/\/x.com\/HafniumTech"]}]},"product_price_amount":"0.00","product_price_currency":"USD","og_availability":"instock","product_availability":"instock","product_retailer_item_id":"NB-500HK","product_condition":"new"},"_links":{"self":[{"href":"https:\/\/www.hafniumtech.com\/fr\/wp-json\/wp\/v2\/product\/3452","targetHints":{"allow":["GET"]}}],"collection":[{"href":"https:\/\/www.hafniumtech.com\/fr\/wp-json\/wp\/v2\/product"}],"about":[{"href":"https:\/\/www.hafniumtech.com\/fr\/wp-json\/wp\/v2\/types\/product"}],"replies":[{"embeddable":true,"href":"https:\/\/www.hafniumtech.com\/fr\/wp-json\/wp\/v2\/comments?post=3452"}],"wp:featuredmedia":[{"embeddable":true,"href":"https:\/\/www.hafniumtech.com\/fr\/wp-json\/wp\/v2\/media\/3453"}],"wp:attachment":[{"href":"https:\/\/www.hafniumtech.com\/fr\/wp-json\/wp\/v2\/media?parent=3452"}],"wp:term":[{"taxonomy":"product_brand","embeddable":true,"href":"https:\/\/www.hafniumtech.com\/fr\/wp-json\/wp\/v2\/product_brand?post=3452"},{"taxonomy":"product_cat","embeddable":true,"href":"https:\/\/www.hafniumtech.com\/fr\/wp-json\/wp\/v2\/product_cat?post=3452"},{"taxonomy":"product_tag","embeddable":true,"href":"https:\/\/www.hafniumtech.com\/fr\/wp-json\/wp\/v2\/product_tag?post=3452"}],"curies":[{"name":"wp","href":"https:\/\/api.w.org\/{rel}","templated":true}]}}