{"id":3489,"date":"2025-05-01T22:39:29","date_gmt":"2025-05-01T14:39:29","guid":{"rendered":"http:\/\/www.hafniumtech.com\/?post_type=product&#038;p=3489"},"modified":"2025-05-01T22:56:48","modified_gmt":"2025-05-01T14:56:48","slug":"portable-gantry-plasma-and-flame-dual-purpose-cnc-metal-plate-cutting-machine-25006000","status":"publish","type":"product","link":"https:\/\/www.hafniumtech.com\/fr\/produit\/portable-gantry-plasma-and-flame-dual-purpose-cnc-metal-plate-cutting-machine-25006000\/","title":{"rendered":"Portique portable de d\u00e9coupe plasma et flamme \u00e0 double usage CNC pour plaques m\u00e9talliques 2500*6000"},"content":{"rendered":"<table style=\"height: 519px;\" width=\"906\">\n<tbody>\n<tr>\n<td style=\"text-align: center;\" width=\"444\"><strong>Mod\u00e8le\u00a0<\/strong><\/td>\n<td style=\"text-align: center;\" width=\"667\"><strong>HFT-1530 \/ 2560A<\/strong><\/td>\n<\/tr>\n<tr>\n<td width=\"444\">Surface de coupe effective<\/td>\n<td width=\"667\">1500*3000mm 2500*6000mm<\/td>\n<\/tr>\n<tr>\n<td width=\"444\">Vitesse de coupe (mm\/min)<\/td>\n<td width=\"667\">50-4000(max. 4000)<\/td>\n<\/tr>\n<tr>\n<td width=\"444\">Source d'alimentation en entr\u00e9e<\/td>\n<td width=\"667\">380V\u00b110% VAC,50\/60HZ Triphas\u00e9<\/td>\n<\/tr>\n<tr>\n<td width=\"444\">Corps de la machine<\/td>\n<td width=\"667\">220V\u00b110%V AC, 50\/60HZ Monophas\u00e9<\/td>\n<\/tr>\n<tr>\n<td colspan=\"2\" width=\"1111\"><span style=\"color: #0000ff;\">Sp\u00e9cifications de l'oxycoupage (pour l'oxycoupage)<\/span><\/td>\n<\/tr>\n<tr>\n<td width=\"444\">Flamme \u00c9paisseur de coupe (mm)<\/td>\n<td width=\"667\">1-80 (oxyg\u00e8ne + ac\u00e9tyl\u00e8ne ou propane)<\/td>\n<\/tr>\n<tr>\n<td width=\"444\">Contr\u00f4leur de hauteur de la torche<\/td>\n<td width=\"667\">flamme, r\u00e9glage de la hauteur (\u00b160mm)<\/td>\n<\/tr>\n<tr>\n<td width=\"444\">Gaz de coupe \u00e0 la flamme<\/td>\n<td width=\"667\">Oxyg\u00e8ne + propane ou ac\u00e9tyl\u00e8ne<\/td>\n<\/tr>\n<tr>\n<td width=\"444\">Torche de coupe<\/td>\n<td width=\"667\">torche d'oxycoupage<\/td>\n<\/tr>\n<tr>\n<td colspan=\"2\" width=\"1111\"><span style=\"color: #0000ff;\">Sp\u00e9cifications de la d\u00e9coupe au plasma (pour la d\u00e9coupe au plasma)<\/span><\/td>\n<\/tr>\n<tr>\n<td width=\"444\">\u00c9paisseur de coupe plasma (mm)<\/td>\n<td width=\"667\">0-30 mm (en fonction de la source d'\u00e9nergie du plasma)<\/td>\n<\/tr>\n<tr>\n<td width=\"444\">Contr\u00f4leur de hauteur de la torche<\/td>\n<td width=\"667\">Plasma, hauteur de la tension de l'arc (THC)<\/td>\n<\/tr>\n<tr>\n<td width=\"444\">Gaz de d\u00e9coupe plasma<\/td>\n<td width=\"667\">air comprim\u00e9<\/td>\n<\/tr>\n<tr>\n<td width=\"444\">Torche de coupe<\/td>\n<td width=\"667\">Torche \u00e0 plasma fin 8m<\/td>\n<\/tr>\n<tr>\n<td width=\"444\">syst\u00e8me de contr\u00f4le<\/td>\n<td width=\"667\">FL2100B<\/td>\n<\/tr>\n<tr>\n<td width=\"444\">Moteur<\/td>\n<td width=\"667\">Moteur pas \u00e0 pas<\/td>\n<\/tr>\n<tr>\n<td width=\"444\">Fonctionnement<\/td>\n<td width=\"667\">\u00b10,2mm\/m<\/td>\n<\/tr>\n<tr>\n<td width=\"444\">Longueur du guide \u00d7 largeur du guide \u00d7 \u00e9paisseur du guide (mm)<\/td>\n<td width=\"667\">3500\u00d7273\u00d760<\/td>\n<\/tr>\n<tr>\n<td width=\"444\">Logiciel d'embo\u00eetement<\/td>\n<td width=\"667\">StarCAM<\/td>\n<\/tr>\n<tr>\n<td width=\"444\">Pression du gaz (Mpa)<\/td>\n<td width=\"667\">\u00b10.5<\/td>\n<\/tr>\n<tr>\n<td width=\"444\">Kit de conversion de coupe<\/td>\n<td width=\"667\">La d\u00e9coupe au chalumeau et la d\u00e9coupe au plasma peuvent \u00eatre facilement modifi\u00e9es. La machine de d\u00e9coupe au chalumeau ajoute une source d'\u00e9nergie, un ARC et une torche \u00e0 plasma pour devenir une machine de d\u00e9coupe au plasma.<\/td>\n<\/tr>\n<\/tbody>\n<\/table>","protected":false},"excerpt":{"rendered":"<ul>\n<li><b>zone de travail<\/b><\/li>\n<\/ul>\n<p style=\"text-align: left; padding-left: 40px;\">La surface de travail effective standard est de 1500*3000mm, d'autres dimensions peuvent \u00eatre personnalis\u00e9es.<\/p>\n<ul>\n<li><b>\u00c9paisseur de coupe de la flamme <\/b><\/li>\n<\/ul>\n<p style=\"padding-left: 40px;\">6 - 160mm, convient \u00e0 la d\u00e9coupe de plaques d'acier \u00e9paisses<\/p>\n<ul>\n<li><b>\u00c9paisseur de la d\u00e9coupe plasma <\/b><\/li>\n<\/ul>\n<p style=\"padding-left: 40px;\">En fonction de la puissance du plasma que vous utilisez, l'augmentation de la puissance du plasma est plus importante que celle de la puissance du plasma.<\/p>\n<p style=\"padding-left: 40px;\">la source d'\u00e9nergie plasma, plus l'\u00e9paisseur de la plaque d'acier qui peut \u00eatre d\u00e9coup\u00e9e est importante.<\/p>\n<p style=\"padding-left: 40px;\">La source d'alimentation recommand\u00e9e pour le plasma peut \u00eatre de 60A, 100A, 120A, 160A. Elle convient \u00e0 la d\u00e9coupe de plaques minces avec une vitesse de coupe rapide.<\/p>\n<ul>\n<li><b>Syst\u00e8me d'exploitation de la CNC<\/b><\/li>\n<\/ul>\n<p style=\"padding-left: 40px;\">syst\u00e8me de coupe \u00e0 ar\u00eate commune, permet la coupe par lots, \u00e9conomise du temps et des mat\u00e9riaux\uff0c tr\u00e8s rentable<\/p>\n<ul>\n<li><b>Rail lourd moul\u00e9 avec pr\u00e9cision<\/b><\/li>\n<\/ul>\n<p style=\"padding-left: 40px;\">L'alliage d'aluminium dur est form\u00e9 int\u00e9gralement et l'axe optique est chrom\u00e9, ce qui est r\u00e9sistant \u00e0 l'usure et ne se d\u00e9forme pas, garantissant la douceur et la pr\u00e9cision du fonctionnement de la voie.<\/p>","protected":false},"featured_media":3490,"comment_status":"open","ping_status":"closed","template":"","meta":[],"product_brand":[],"product_cat":[52],"product_tag":[282,231,283,232,233,235,250,272,273,274,275,276,277,278,279,280,281],"class_list":{"0":"post-3489","1":"product","2":"type-product","3":"status-publish","4":"has-post-thumbnail","6":"product_cat-cnc-plasma-cutting-machine","7":"product_tag-guide-rail-plasma-cutter","8":"product_tag-cheap-cnc-plasma-cutting-machine","9":"product_tag-portable-metal-plasma-cutter-plasma-cnc-cutter","10":"product_tag-cnc-plasma-cutter","11":"product_tag-cnc-plasma-cutting-machine","12":"product_tag-flame-cutting-machine","13":"product_tag-portable-cnc-plasma-cutter","14":"product_tag-cnc-plasma-machine-for-metal-cutting","15":"product_tag-low-cost-cnc-plasma-cutting-machine","16":"product_tag-gantry-cnc-plasma-cutting-machine","17":"product_tag-gantry-cnc-plasma-beveling-cutting-machine","18":"product_tag-portable-gantry-cnc-plasma-cutter","19":"product_tag-mini-gantry-cnc-plasma-cutter","20":"product_tag-mini-portable-cnc-plasma-cutter","21":"product_tag-portable-cnc-plasma-cutter-with-rail","22":"product_tag-single-rail-cnc-plasma-cutter","23":"product_tag-dual-rail-cnc-plasma-cutter","25":"first","26":"instock","27":"shipping-taxable","28":"product-type-simple"},"yoast_head":"<!-- This site is optimized with the Yoast SEO Premium plugin v25.0 (Yoast SEO v25.0) - https:\/\/yoast.com\/wordpress\/plugins\/seo\/ -->\n<title>Portable Gantry Plasma and Flame Dual-purpose CNC Metal Plate Cutting Machine 2500*6000 - HafniumTech<\/title>\n<meta name=\"robots\" content=\"index, follow, max-snippet:-1, max-image-preview:large, max-video-preview:-1\" \/>\n<link rel=\"canonical\" href=\"https:\/\/www.hafniumtech.com\/fr\/produit\/portable-gantry-plasma-and-flame-dual-purpose-cnc-metal-plate-cutting-machine-25006000\/\" \/>\n<meta property=\"og:locale\" content=\"fr_FR\" \/>\n<meta property=\"og:type\" content=\"article\" \/>\n<meta property=\"og:title\" content=\"Portable Gantry Plasma and Flame Dual-purpose CNC Metal Plate Cutting Machine 2500*6000\" \/>\n<meta property=\"og:description\" content=\"working area  The standard effective working area is 1500*3000mm, other dimensions can be customized    Flame cutting thickness   6 - 160mm, suitable for cutting thick steel plates    Plasma Cutting Thickness   Depending on the plasma power you use, the greater the plasma power source is, the thicker the thickness of the steel plate that can be cut. Recommended plasma power source could be 60A, 100A, 120A, 160A. It is suitable for cutting thin plates with fast cutting speed    CNC operating system  common edge cutting system, supports batch cutting, saves time and materials\uff0c very cost effective    Precision cast heavy rail  The hard aluminum alloy is integrally formed, and the optical axis is chrome Plated, which is wear-resistant and does not deform, ensuring the smoothness and precision of the track operation\" \/>\n<meta property=\"og:url\" content=\"https:\/\/www.hafniumtech.com\/fr\/produit\/portable-gantry-plasma-and-flame-dual-purpose-cnc-metal-plate-cutting-machine-25006000\/\" \/>\n<meta property=\"og:site_name\" content=\"HafniumTech\" \/>\n<meta property=\"article:publisher\" content=\"https:\/\/www.facebook.com\/profile.php?id=61570267424696\" \/>\n<meta property=\"article:modified_time\" content=\"2025-05-01T14:56:48+00:00\" \/>\n<meta property=\"og:image\" content=\"https:\/\/www.hafniumtech.com\/wp-content\/uploads\/2025\/05\/\u672a\u547d\u540d\u7684\u8bbe\u8ba1-3.png\" \/>\n\t<meta property=\"og:image:width\" content=\"800\" \/>\n\t<meta property=\"og:image:height\" content=\"800\" \/>\n\t<meta property=\"og:image:type\" content=\"image\/png\" \/>\n<meta name=\"twitter:card\" content=\"summary_large_image\" \/>\n<meta name=\"twitter:site\" content=\"@HafniumTech\" \/>\n<meta name=\"twitter:label1\" content=\"Prix\" \/>\n\t<meta name=\"twitter:data1\" content=\"\" \/>\n\t<meta name=\"twitter:label2\" content=\"Disponibilit\u00e9\" \/>\n\t<meta name=\"twitter:data2\" content=\"En stock\" \/>\n<script type=\"application\/ld+json\" class=\"yoast-schema-graph\">{\"@context\":\"https:\/\/schema.org\",\"@graph\":[{\"@type\":\"WebPage\",\"@id\":\"https:\/\/www.hafniumtech.com\/product\/portable-gantry-plasma-and-flame-dual-purpose-cnc-metal-plate-cutting-machine-25006000\/\",\"url\":\"https:\/\/www.hafniumtech.com\/product\/portable-gantry-plasma-and-flame-dual-purpose-cnc-metal-plate-cutting-machine-25006000\/\",\"name\":\"Portable Gantry Plasma and Flame Dual-purpose CNC Metal Plate Cutting Machine 2500*6000 - HafniumTech\",\"isPartOf\":{\"@id\":\"https:\/\/www.hafniumtech.com\/#website\"},\"primaryImageOfPage\":{\"@id\":\"https:\/\/www.hafniumtech.com\/product\/portable-gantry-plasma-and-flame-dual-purpose-cnc-metal-plate-cutting-machine-25006000\/#primaryimage\"},\"image\":{\"@id\":\"https:\/\/www.hafniumtech.com\/product\/portable-gantry-plasma-and-flame-dual-purpose-cnc-metal-plate-cutting-machine-25006000\/#primaryimage\"},\"thumbnailUrl\":\"https:\/\/www.hafniumtech.com\/wp-content\/uploads\/2025\/05\/\u672a\u547d\u540d\u7684\u8bbe\u8ba1-3.png\",\"datePublished\":\"2025-05-01T14:39:29+00:00\",\"dateModified\":\"2025-05-01T14:56:48+00:00\",\"breadcrumb\":{\"@id\":\"https:\/\/www.hafniumtech.com\/product\/portable-gantry-plasma-and-flame-dual-purpose-cnc-metal-plate-cutting-machine-25006000\/#breadcrumb\"},\"inLanguage\":\"fr-FR\",\"potentialAction\":[{\"@type\":\"ReadAction\",\"target\":[\"https:\/\/www.hafniumtech.com\/product\/portable-gantry-plasma-and-flame-dual-purpose-cnc-metal-plate-cutting-machine-25006000\/\"]}]},{\"@type\":\"ImageObject\",\"inLanguage\":\"fr-FR\",\"@id\":\"https:\/\/www.hafniumtech.com\/product\/portable-gantry-plasma-and-flame-dual-purpose-cnc-metal-plate-cutting-machine-25006000\/#primaryimage\",\"url\":\"https:\/\/www.hafniumtech.com\/wp-content\/uploads\/2025\/05\/\u672a\u547d\u540d\u7684\u8bbe\u8ba1-3.png\",\"contentUrl\":\"https:\/\/www.hafniumtech.com\/wp-content\/uploads\/2025\/05\/\u672a\u547d\u540d\u7684\u8bbe\u8ba1-3.png\",\"width\":800,\"height\":800},{\"@type\":\"BreadcrumbList\",\"@id\":\"https:\/\/www.hafniumtech.com\/product\/portable-gantry-plasma-and-flame-dual-purpose-cnc-metal-plate-cutting-machine-25006000\/#breadcrumb\",\"itemListElement\":[{\"@type\":\"ListItem\",\"position\":1,\"name\":\"\u9996\u9875\",\"item\":\"https:\/\/www.hafniumtech.com\/\"},{\"@type\":\"ListItem\",\"position\":2,\"name\":\"Product\",\"item\":\"https:\/\/www.hafniumtech.com\/product\/\"},{\"@type\":\"ListItem\",\"position\":3,\"name\":\"Portable Gantry Plasma and Flame Dual-purpose CNC Metal Plate Cutting Machine 2500*6000\"}]},{\"@type\":\"WebSite\",\"@id\":\"https:\/\/www.hafniumtech.com\/#website\",\"url\":\"https:\/\/www.hafniumtech.com\/\",\"name\":\"Shenzhen Hafnium Technology Co., Ltd.\",\"description\":\"\",\"publisher\":{\"@id\":\"https:\/\/www.hafniumtech.com\/#organization\"},\"potentialAction\":[{\"@type\":\"SearchAction\",\"target\":{\"@type\":\"EntryPoint\",\"urlTemplate\":\"https:\/\/www.hafniumtech.com\/?s={search_term_string}\"},\"query-input\":{\"@type\":\"PropertyValueSpecification\",\"valueRequired\":true,\"valueName\":\"search_term_string\"}}],\"inLanguage\":\"fr-FR\"},{\"@type\":\"Organization\",\"@id\":\"https:\/\/www.hafniumtech.com\/#organization\",\"name\":\"Shenzhen Hafnium Technology Co., Ltd.\",\"url\":\"https:\/\/www.hafniumtech.com\/\",\"logo\":{\"@type\":\"ImageObject\",\"inLanguage\":\"fr-FR\",\"@id\":\"https:\/\/www.hafniumtech.com\/#\/schema\/logo\/image\/\",\"url\":\"https:\/\/www.hafniumtech.com\/wp-content\/uploads\/2025\/03\/168-53_.jpg\",\"contentUrl\":\"https:\/\/www.hafniumtech.com\/wp-content\/uploads\/2025\/03\/168-53_.jpg\",\"width\":336,\"height\":106,\"caption\":\"Shenzhen Hafnium Technology Co., Ltd.\"},\"image\":{\"@id\":\"https:\/\/www.hafniumtech.com\/#\/schema\/logo\/image\/\"},\"sameAs\":[\"https:\/\/www.facebook.com\/profile.php?id=61570267424696\",\"https:\/\/x.com\/HafniumTech\"]}]}<\/script>\n<meta property=\"product:price:amount\" content=\"0.00\" \/>\n<meta property=\"product:price:currency\" content=\"USD\" \/>\n<meta property=\"og:availability\" content=\"instock\" \/>\n<meta property=\"product:availability\" content=\"instock\" \/>\n<meta property=\"product:retailer_item_id\" content=\"2560 Portable CNC\" \/>\n<meta property=\"product:condition\" content=\"new\" \/>\n<!-- \/ Yoast SEO Premium plugin. -->","yoast_head_json":{"title":"Portable Gantry Plasma and Flame Dual-purpose CNC Metal Plate Cutting Machine 2500*6000 - HafniumTech","robots":{"index":"index","follow":"follow","max-snippet":"max-snippet:-1","max-image-preview":"max-image-preview:large","max-video-preview":"max-video-preview:-1"},"canonical":"https:\/\/www.hafniumtech.com\/fr\/produit\/portable-gantry-plasma-and-flame-dual-purpose-cnc-metal-plate-cutting-machine-25006000\/","og_locale":"fr_FR","og_type":"article","og_title":"Portable Gantry Plasma and Flame Dual-purpose CNC Metal Plate Cutting Machine 2500*6000","og_description":"working area  The standard effective working area is 1500*3000mm, other dimensions can be customized    Flame cutting thickness   6 - 160mm, suitable for cutting thick steel plates    Plasma Cutting Thickness   Depending on the plasma power you use, the greater the plasma power source is, the thicker the thickness of the steel plate that can be cut. Recommended plasma power source could be 60A, 100A, 120A, 160A. It is suitable for cutting thin plates with fast cutting speed    CNC operating system  common edge cutting system, supports batch cutting, saves time and materials\uff0c very cost effective    Precision cast heavy rail  The hard aluminum alloy is integrally formed, and the optical axis is chrome Plated, which is wear-resistant and does not deform, ensuring the smoothness and precision of the track operation","og_url":"https:\/\/www.hafniumtech.com\/fr\/produit\/portable-gantry-plasma-and-flame-dual-purpose-cnc-metal-plate-cutting-machine-25006000\/","og_site_name":"HafniumTech","article_publisher":"https:\/\/www.facebook.com\/profile.php?id=61570267424696","article_modified_time":"2025-05-01T14:56:48+00:00","og_image":[{"width":800,"height":800,"url":"https:\/\/www.hafniumtech.com\/wp-content\/uploads\/2025\/05\/\u672a\u547d\u540d\u7684\u8bbe\u8ba1-3.png","type":"image\/png"}],"twitter_card":"summary_large_image","twitter_site":"@HafniumTech","twitter_misc":{"Prix":"","Disponibilit\u00e9":"En stock"},"schema":{"@context":"https:\/\/schema.org","@graph":[{"@type":"WebPage","@id":"https:\/\/www.hafniumtech.com\/product\/portable-gantry-plasma-and-flame-dual-purpose-cnc-metal-plate-cutting-machine-25006000\/","url":"https:\/\/www.hafniumtech.com\/product\/portable-gantry-plasma-and-flame-dual-purpose-cnc-metal-plate-cutting-machine-25006000\/","name":"Portable Gantry Plasma and Flame Dual-purpose CNC Metal Plate Cutting Machine 2500*6000 - HafniumTech","isPartOf":{"@id":"https:\/\/www.hafniumtech.com\/#website"},"primaryImageOfPage":{"@id":"https:\/\/www.hafniumtech.com\/product\/portable-gantry-plasma-and-flame-dual-purpose-cnc-metal-plate-cutting-machine-25006000\/#primaryimage"},"image":{"@id":"https:\/\/www.hafniumtech.com\/product\/portable-gantry-plasma-and-flame-dual-purpose-cnc-metal-plate-cutting-machine-25006000\/#primaryimage"},"thumbnailUrl":"https:\/\/www.hafniumtech.com\/wp-content\/uploads\/2025\/05\/\u672a\u547d\u540d\u7684\u8bbe\u8ba1-3.png","datePublished":"2025-05-01T14:39:29+00:00","dateModified":"2025-05-01T14:56:48+00:00","breadcrumb":{"@id":"https:\/\/www.hafniumtech.com\/product\/portable-gantry-plasma-and-flame-dual-purpose-cnc-metal-plate-cutting-machine-25006000\/#breadcrumb"},"inLanguage":"fr-FR","potentialAction":[{"@type":"ReadAction","target":["https:\/\/www.hafniumtech.com\/product\/portable-gantry-plasma-and-flame-dual-purpose-cnc-metal-plate-cutting-machine-25006000\/"]}]},{"@type":"ImageObject","inLanguage":"fr-FR","@id":"https:\/\/www.hafniumtech.com\/product\/portable-gantry-plasma-and-flame-dual-purpose-cnc-metal-plate-cutting-machine-25006000\/#primaryimage","url":"https:\/\/www.hafniumtech.com\/wp-content\/uploads\/2025\/05\/\u672a\u547d\u540d\u7684\u8bbe\u8ba1-3.png","contentUrl":"https:\/\/www.hafniumtech.com\/wp-content\/uploads\/2025\/05\/\u672a\u547d\u540d\u7684\u8bbe\u8ba1-3.png","width":800,"height":800},{"@type":"BreadcrumbList","@id":"https:\/\/www.hafniumtech.com\/product\/portable-gantry-plasma-and-flame-dual-purpose-cnc-metal-plate-cutting-machine-25006000\/#breadcrumb","itemListElement":[{"@type":"ListItem","position":1,"name":"\u9996\u9875","item":"https:\/\/www.hafniumtech.com\/"},{"@type":"ListItem","position":2,"name":"Product","item":"https:\/\/www.hafniumtech.com\/product\/"},{"@type":"ListItem","position":3,"name":"Portable Gantry Plasma and Flame Dual-purpose CNC Metal Plate Cutting Machine 2500*6000"}]},{"@type":"WebSite","@id":"https:\/\/www.hafniumtech.com\/#website","url":"https:\/\/www.hafniumtech.com\/","name":"Shenzhen Hafnium Technology Co., Ltd.","description":"","publisher":{"@id":"https:\/\/www.hafniumtech.com\/#organization"},"potentialAction":[{"@type":"SearchAction","target":{"@type":"EntryPoint","urlTemplate":"https:\/\/www.hafniumtech.com\/?s={search_term_string}"},"query-input":{"@type":"PropertyValueSpecification","valueRequired":true,"valueName":"search_term_string"}}],"inLanguage":"fr-FR"},{"@type":"Organization","@id":"https:\/\/www.hafniumtech.com\/#organization","name":"Shenzhen Hafnium Technology Co., Ltd.","url":"https:\/\/www.hafniumtech.com\/","logo":{"@type":"ImageObject","inLanguage":"fr-FR","@id":"https:\/\/www.hafniumtech.com\/#\/schema\/logo\/image\/","url":"https:\/\/www.hafniumtech.com\/wp-content\/uploads\/2025\/03\/168-53_.jpg","contentUrl":"https:\/\/www.hafniumtech.com\/wp-content\/uploads\/2025\/03\/168-53_.jpg","width":336,"height":106,"caption":"Shenzhen Hafnium Technology Co., Ltd."},"image":{"@id":"https:\/\/www.hafniumtech.com\/#\/schema\/logo\/image\/"},"sameAs":["https:\/\/www.facebook.com\/profile.php?id=61570267424696","https:\/\/x.com\/HafniumTech"]}]},"product_price_amount":"0.00","product_price_currency":"USD","og_availability":"instock","product_availability":"instock","product_retailer_item_id":"2560 Portable CNC","product_condition":"new"},"_links":{"self":[{"href":"https:\/\/www.hafniumtech.com\/fr\/wp-json\/wp\/v2\/product\/3489","targetHints":{"allow":["GET"]}}],"collection":[{"href":"https:\/\/www.hafniumtech.com\/fr\/wp-json\/wp\/v2\/product"}],"about":[{"href":"https:\/\/www.hafniumtech.com\/fr\/wp-json\/wp\/v2\/types\/product"}],"replies":[{"embeddable":true,"href":"https:\/\/www.hafniumtech.com\/fr\/wp-json\/wp\/v2\/comments?post=3489"}],"wp:featuredmedia":[{"embeddable":true,"href":"https:\/\/www.hafniumtech.com\/fr\/wp-json\/wp\/v2\/media\/3490"}],"wp:attachment":[{"href":"https:\/\/www.hafniumtech.com\/fr\/wp-json\/wp\/v2\/media?parent=3489"}],"wp:term":[{"taxonomy":"product_brand","embeddable":true,"href":"https:\/\/www.hafniumtech.com\/fr\/wp-json\/wp\/v2\/product_brand?post=3489"},{"taxonomy":"product_cat","embeddable":true,"href":"https:\/\/www.hafniumtech.com\/fr\/wp-json\/wp\/v2\/product_cat?post=3489"},{"taxonomy":"product_tag","embeddable":true,"href":"https:\/\/www.hafniumtech.com\/fr\/wp-json\/wp\/v2\/product_tag?post=3489"}],"curies":[{"name":"wp","href":"https:\/\/api.w.org\/{rel}","templated":true}]}}