{"id":3555,"date":"2025-05-02T21:11:44","date_gmt":"2025-05-02T13:11:44","guid":{"rendered":"http:\/\/www.hafniumtech.com\/?post_type=product&#038;p=3555"},"modified":"2025-05-02T21:12:04","modified_gmt":"2025-05-02T13:12:04","slug":"esab-compatible-360a-gas-welding-torch-3-0-4-0-5-0m-industrial-multifunctional-mig-welding-torch-euro-fitting","status":"publish","type":"product","link":"https:\/\/www.hafniumtech.com\/fr\/produit\/esab-compatible-360a-gas-welding-torch-3-0-4-0-5-0m-industrial-multifunctional-mig-welding-torch-euro-fitting\/","title":{"rendered":"ESAB Compatible 360A Gas Welding Torch 3.0\/4.0\/5.0m Industrial Multifunctional MIG Welding Torch Euro Fitting"},"content":{"rendered":"<table width=\"472\">\n<tbody>\n<tr>\n<td colspan=\"3\" width=\"472\">Buses<\/td>\n<\/tr>\n<tr>\n<td width=\"53\">NON.<\/td>\n<td width=\"112\">Num\u00e9ro de pi\u00e8ce<\/td>\n<td width=\"307\">Description<\/td>\n<\/tr>\n<tr>\n<td rowspan=\"4\" width=\"53\">A<\/td>\n<td width=\"112\">LEA36012<\/td>\n<td width=\"307\">\u00a0Buse 12mm<\/td>\n<\/tr>\n<tr>\n<td width=\"112\">LEA36016*<\/td>\n<td width=\"307\">\u00a0Buse 16mm<\/td>\n<\/tr>\n<tr>\n<td width=\"112\">LEA36017<\/td>\n<td width=\"307\">\u00a0Buse conique 17mm<\/td>\n<\/tr>\n<tr>\n<td width=\"112\">LEA36019<\/td>\n<td width=\"307\">\u00a0Buse 19mm<\/td>\n<\/tr>\n<\/tbody>\n<\/table>\n<p>&nbsp;<\/p>\n<table width=\"472\">\n<tbody>\n<tr>\n<td colspan=\"3\" width=\"472\">Conseils de contact<\/td>\n<\/tr>\n<tr>\n<td rowspan=\"6\" width=\"53\">B<\/td>\n<td width=\"112\">LEB63010<\/td>\n<td width=\"307\">\u00a0Pointe de contact 1.0mm M8\u00d710\u00d730 Ecu<\/td>\n<\/tr>\n<tr>\n<td width=\"112\">LEB63012*<\/td>\n<td width=\"307\">\u00a0Contact Ti p 1,2mm M8\u00d710\u00d730 Ecu<\/td>\n<\/tr>\n<tr>\n<td width=\"112\">LEB63016<\/td>\n<td width=\"307\">\u00a0Pointe de contact 1.6mm M8\u00d710\u00d730 Ecu<\/td>\n<\/tr>\n<tr>\n<td width=\"112\">LEB630210<\/td>\n<td width=\"307\">\u00a0Contact Ti p 1.0mm M8\u00d710\u00d730 Ecu<\/td>\n<\/tr>\n<tr>\n<td width=\"112\">LEB630212<\/td>\n<td width=\"307\">\u00a0Contact Ti p 1,2mm M8\u00d710\u00d730 CuCrZr<\/td>\n<\/tr>\n<tr>\n<td width=\"112\">LEB630216<\/td>\n<td width=\"307\">\u00a0Contact Ti p 1,6mm M8\u00d710\u00d730 CuCrZr<\/td>\n<\/tr>\n<tr>\n<td rowspan=\"6\" width=\"53\">C<\/td>\n<td width=\"112\">LEB628108<\/td>\n<td width=\"307\">\u00a0Pointe de contact 0.8mm M6\u00d78\u00d728 Ecu<\/td>\n<\/tr>\n<tr>\n<td width=\"112\">LEB628010<\/td>\n<td width=\"307\">\u00a0Pointe de contact 1.0mm M6\u00d78\u00d728 Ecu<\/td>\n<\/tr>\n<tr>\n<td width=\"112\">LEB628112<\/td>\n<td width=\"307\">\u00a0Pointe de contact 1.2mm M6\u00d78\u00d728 Ecu<\/td>\n<\/tr>\n<tr>\n<td width=\"112\">LEB628208<\/td>\n<td width=\"307\">\u00a0Pointe de contact 0.8mm M6\u00d78\u00d728 Ecu<\/td>\n<\/tr>\n<tr>\n<td width=\"112\">LEB628210<\/td>\n<td width=\"307\">\u00a0Pointe de contact 1.0mm M6\u00d78\u00d728 CuCrZr<\/td>\n<\/tr>\n<tr>\n<td width=\"112\">LEB628212<\/td>\n<td width=\"307\">\u00a0Pointe de contact 1.2mm M6\u00d78\u00d728 CuCrZr<\/td>\n<\/tr>\n<\/tbody>\n<\/table>\n<p>&nbsp;<\/p>\n<table width=\"472\">\n<tbody>\n<tr>\n<td colspan=\"3\" width=\"472\">\u00a0Doublures<\/td>\n<\/tr>\n<tr>\n<td width=\"53\">D<\/td>\n<td width=\"112\">LEW24032*<\/td>\n<td width=\"307\">\u00a0Liner en acier 1.0-1.2mm\u00d73m<\/td>\n<\/tr>\n<tr>\n<td width=\"53\"><\/td>\n<td width=\"112\">LEW36032<\/td>\n<td width=\"307\">\u00a0Liner en acier 1.2-1.6mm\u00d73m<\/td>\n<\/tr>\n<tr>\n<td width=\"53\"><\/td>\n<td width=\"112\">LGWE274732<\/td>\n<td width=\"307\">\u00a0Manchette en t\u00e9flon 1,2-1,6mm \u00d73m<\/td>\n<\/tr>\n<\/tbody>\n<\/table>\n<p>&nbsp;<\/p>\n<table width=\"472\">\n<tbody>\n<tr>\n<td colspan=\"3\" width=\"472\">COMPOSANTS<\/td>\n<\/tr>\n<tr>\n<td width=\"53\">NON.<\/td>\n<td width=\"112\">Num\u00e9ro de pi\u00e8ce<\/td>\n<td width=\"307\">Description<\/td>\n<\/tr>\n<tr>\n<td width=\"53\">1<\/td>\n<td width=\"112\">LEM3628*<\/td>\n<td width=\"307\">\u00a0Embout de contact Douille M8\u00d728<\/td>\n<\/tr>\n<tr>\n<td width=\"53\"><\/td>\n<td width=\"112\">LEM3632<\/td>\n<td width=\"307\">\u00a0Embout de contact Douille M8\u00d732<\/td>\n<\/tr>\n<tr>\n<td width=\"53\">2<\/td>\n<td width=\"112\">LEC2428<\/td>\n<td width=\"307\">\u00a0Embout de contact Douille M6\u00d728<\/td>\n<\/tr>\n<tr>\n<td width=\"53\"><\/td>\n<td width=\"112\">LEC2432<\/td>\n<td width=\"307\">\u00a0Embout de contact Douille M6\u00d732<\/td>\n<\/tr>\n<tr>\n<td width=\"53\">3<\/td>\n<td width=\"112\">LEP3606<\/td>\n<td width=\"307\">\u00a0Diffuseur c\u00e9ramique<\/td>\n<\/tr>\n<tr>\n<td width=\"53\">4<\/td>\n<td width=\"112\">LEG3650<\/td>\n<td width=\"307\">\u00a0Col du pistolet 50<\/td>\n<\/tr>\n<tr>\n<td width=\"53\">5<\/td>\n<td width=\"112\">LEC301<\/td>\n<td width=\"307\">\u00a0Corps en plastique<\/td>\n<\/tr>\n<tr>\n<td width=\"53\">6<\/td>\n<td width=\"112\">LE003<\/td>\n<td width=\"307\">\u00a0D\u00e9clencheur<\/td>\n<\/tr>\n<tr>\n<td width=\"53\">7<\/td>\n<td width=\"112\">LEC001<\/td>\n<td width=\"307\">\u00a0Poign\u00e9e<\/td>\n<\/tr>\n<tr>\n<td width=\"53\">8<\/td>\n<td width=\"112\">LP80011<\/td>\n<td width=\"307\">\u00a0Support de c\u00e2ble de ressort avant<\/td>\n<\/tr>\n<tr>\n<td width=\"53\">9<\/td>\n<td width=\"112\">LEL3603<\/td>\n<td width=\"307\">\u00a0Assemblage du c\u00e2ble 3m<\/td>\n<\/tr>\n<tr>\n<td width=\"53\">10<\/td>\n<td width=\"112\">LEC103<\/td>\n<td width=\"307\">\u00a0Ressort arri\u00e8re Support de c\u00e2ble<\/td>\n<\/tr>\n<tr>\n<td width=\"53\">11<\/td>\n<td width=\"112\">LEC002<\/td>\n<td width=\"307\">\u00a0Poign\u00e9e arri\u00e8re<\/td>\n<\/tr>\n<tr>\n<td width=\"53\">12<\/td>\n<td width=\"112\">LS406<\/td>\n<td width=\"307\">\u00a0Vis M4\u00d76<\/td>\n<\/tr>\n<tr>\n<td width=\"53\">13<\/td>\n<td width=\"112\">LEC003<\/td>\n<td width=\"307\">\u00a0\u00c9crou de bouchon de pistolet<\/td>\n<\/tr>\n<tr>\n<td width=\"53\">14<\/td>\n<td width=\"112\">LE010<\/td>\n<td width=\"307\">\u00a0Bouchon de pistolet Euro<\/td>\n<\/tr>\n<tr>\n<td width=\"53\">15<\/td>\n<td width=\"112\">Q504010<\/td>\n<td width=\"307\">\u00a0Joint torique 4\u00d71<\/td>\n<\/tr>\n<tr>\n<td width=\"53\">16<\/td>\n<td width=\"112\">LE013<\/td>\n<td width=\"307\">\u00a0Ecrou M10\u00d71<\/td>\n<\/tr>\n<tr>\n<td colspan=\"3\" width=\"472\">*Stands for standard product (en anglais)<\/td>\n<\/tr>\n<\/tbody>\n<\/table>","protected":false},"excerpt":{"rendered":"<p class=\"\" data-start=\"0\" data-end=\"57\"><strong data-start=\"0\" data-end=\"55\">Pistolet de soudage MIG refroidi \u00e0 l'air HFT-Q360A pour l'Europe<\/strong><\/p>\n<p class=\"\" data-start=\"59\" data-end=\"324\">Une torche de soudage ergonomique et performante con\u00e7ue pour les applications MIG professionnelles. La Q360A est \u00e9quip\u00e9e de consommables aux normes europ\u00e9ennes, d'une construction robuste et d'une conception conviviale pour garantir des soudures r\u00e9guli\u00e8res et de haute qualit\u00e9 dans des environnements de production exigeants.<\/p>\n<ul data-start=\"326\" data-end=\"1240\" data-is-last-node=\"\" data-is-only-node=\"\">\n<li class=\"\" data-start=\"326\" data-end=\"423\">\n<p class=\"\" data-start=\"328\" data-end=\"423\"><strong data-start=\"328\" data-end=\"354\">Capacit\u00e9 de production \u00e9lev\u00e9e<\/strong>: 340 A (CO\u2082) \/ 300 A (gaz mixte) pour le soudage de sections \u00e9paisses.<\/p>\n<\/li>\n<li class=\"\" data-start=\"424\" data-end=\"543\">\n<p class=\"\" data-start=\"426\" data-end=\"543\"><strong data-start=\"426\" data-end=\"458\">Compatibilit\u00e9 polyvalente des fils<\/strong>: Accepte des fils de 0,8 \u00e0 1,6 mm pour une large gamme de mat\u00e9riaux d'\u00e9lectrodes et d'applications.<\/p>\n<\/li>\n<li class=\"\" data-start=\"544\" data-end=\"632\">\n<p class=\"\" data-start=\"546\" data-end=\"632\"><strong data-start=\"546\" data-end=\"565\">60 % Cycle de service<\/strong>: Fonctionnement fiable dans le cadre d'une utilisation continue en milieu industriel.<\/p>\n<\/li>\n<li class=\"\" data-start=\"633\" data-end=\"764\">\n<p class=\"\" data-start=\"635\" data-end=\"764\"><strong data-start=\"635\" data-end=\"663\">Consommables de type europ\u00e9en<\/strong>: Buses, pointes de contact et diffuseurs standard pour un remplacement facile et une disponibilit\u00e9 des pi\u00e8ces \u00e0 l'\u00e9chelle mondiale.<\/p>\n<\/li>\n<li class=\"\" data-start=\"765\" data-end=\"864\">\n<p class=\"\" data-start=\"767\" data-end=\"864\"><strong data-start=\"767\" data-end=\"788\">Conception refroidie par air<\/strong>: Le corps l\u00e9ger de la torche minimise la fatigue de l'op\u00e9rateur pendant les longs cycles de soudage.<\/p>\n<\/li>\n<li class=\"\" data-start=\"865\" data-end=\"985\">\n<p class=\"\" data-start=\"867\" data-end=\"985\"><strong data-start=\"867\" data-end=\"887\">Poign\u00e9e ergonomique<\/strong>: La poign\u00e9e confortable avec g\u00e2chette int\u00e9gr\u00e9e permet un contr\u00f4le pr\u00e9cis et r\u00e9duit la tension du poignet.<\/p>\n<\/li>\n<li class=\"\" data-start=\"986\" data-end=\"1112\">\n<p class=\"\" data-start=\"988\" data-end=\"1112\"><strong data-start=\"988\" data-end=\"1015\">Assemblage du c\u00e2ble flexible<\/strong>: Tuyau et faisceau de c\u00e2bles durables et r\u00e9sistants \u00e0 l'encrassement pour une alimentation en fil r\u00e9guli\u00e8re et une bonne maniabilit\u00e9 de la torche.<\/p>\n<\/li>\n<li class=\"\" data-start=\"1113\" data-end=\"1240\">\n<p class=\"\" data-start=\"1115\" data-end=\"1240\"><strong data-start=\"1115\" data-end=\"1137\">Entretien simple<\/strong>: La t\u00eate de fixation \u00e0 d\u00e9gagement rapide et les composants faciles d'acc\u00e8s permettent de changer rapidement les consommables et de les nettoyer.<\/p>\n<\/li>\n<\/ul>","protected":false},"featured_media":3556,"comment_status":"open","ping_status":"closed","template":"","meta":[],"product_brand":[],"product_cat":[343],"product_tag":[368,344,369,346,370,353,371,356,372,357,373,358,374,359,375,360,376,361,377,362,363,364,365,366,367],"class_list":{"0":"post-3555","1":"product","2":"type-product","3":"status-publish","4":"has-post-thumbnail","6":"product_cat-welding-torch","7":"product_tag-mig-torches-pana200","8":"product_tag-binzle-mig-torch","9":"product_tag-mig-torches-binzel","10":"product_tag-binzel-mig-torch","11":"product_tag-push-pull-mig-gun","12":"product_tag-mig-welding-torch","13":"product_tag-welding-gun-mig","14":"product_tag-mig-welding-gun","15":"product_tag-mig-torch-euro","16":"product_tag-esab-europe-fitting-gas-welding-torch","17":"product_tag-mig-gun-torch","18":"product_tag-mig-mag-welding-torch","19":"product_tag-mig-torch-otc","20":"product_tag-gas-shield-welding-torch","21":"product_tag-torche-mig","22":"product_tag-esab-euro-compatible-gas-welding-torch","23":"product_tag-mig-torch","24":"product_tag-europe-compatible-360a-welding-gun","25":"product_tag-mig-gun","26":"product_tag-multifunctional-industrial-welding-gun","27":"product_tag-3m-gas-welding-gun","28":"product_tag-push-pull-benzel-mig-gun","29":"product_tag-euro-mig-torch-welding","30":"product_tag-mig-torch-welding-gun","31":"product_tag-welding-torch-mig-mag","33":"first","34":"instock","35":"shipping-taxable","36":"product-type-simple"},"yoast_head":"<!-- This site is optimized with the Yoast SEO Premium plugin v25.0 (Yoast SEO v25.0) - https:\/\/yoast.com\/wordpress\/plugins\/seo\/ -->\n<title>ESAB Compatible 360A Gas Welding Torch 3.0\/4.0\/5.0m Industrial Multifunctional MIG Welding Torch Euro Fitting - HafniumTech<\/title>\n<meta name=\"robots\" content=\"index, follow, max-snippet:-1, max-image-preview:large, max-video-preview:-1\" \/>\n<link rel=\"canonical\" href=\"https:\/\/www.hafniumtech.com\/fr\/produit\/esab-compatible-360a-gas-welding-torch-3-0-4-0-5-0m-industrial-multifunctional-mig-welding-torch-euro-fitting\/\" \/>\n<meta property=\"og:locale\" content=\"fr_FR\" \/>\n<meta property=\"og:type\" content=\"article\" \/>\n<meta property=\"og:title\" content=\"ESAB Compatible 360A Gas Welding Torch 3.0\/4.0\/5.0m Industrial Multifunctional MIG Welding Torch Euro Fitting\" \/>\n<meta property=\"og:description\" content=\"HFT\u2011Q360A Europe\u2011Fitting Air\u2011Cooled MIG Welding Gun An ergonomic, high\u2011performance welding torch engineered for professional MIG applications. The Q360A features Europe\u2011standard consumables, robust construction, and a user\u2011friendly design to ensure consistent, high\u2011quality welds in demanding production environments.     High\u2011Output Capability: 340\u202fA (CO\u2082) \/ 300\u202fA (mixed gas) rating for thick\u2010section welding.    Versatile Wire Compatibility: Accepts 0.8\u20131.6\u202fmm wire for a wide range of electrode materials and applications.    60\u202f% Duty Cycle: Reliable operation under continuous use in industrial settings.    Europe\u2011Style Consumables: Standard nozzles, contact tips, and diffusers for easy replacement and global parts availability.    Air\u2011Cooled Design: Lightweight torch body minimizes operator fatigue during long weld runs.    Ergonomic Handle: Comfort\u2011grip handle with integrated trigger promotes precise control and reduces wrist strain.    Flexible Cable Assembly: Durable, kink\u2011resistant hose and cable bundle for smooth wire feed and torch maneuverability.    Simple Maintenance: Quick\u2011release retaining head and easy\u2011access components allow fast consumable changes and cleaning.\" \/>\n<meta property=\"og:url\" content=\"https:\/\/www.hafniumtech.com\/fr\/produit\/esab-compatible-360a-gas-welding-torch-3-0-4-0-5-0m-industrial-multifunctional-mig-welding-torch-euro-fitting\/\" \/>\n<meta property=\"og:site_name\" content=\"HafniumTech\" \/>\n<meta property=\"article:publisher\" content=\"https:\/\/www.facebook.com\/profile.php?id=61570267424696\" \/>\n<meta property=\"article:modified_time\" content=\"2025-05-02T13:12:04+00:00\" \/>\n<meta property=\"og:image\" content=\"https:\/\/www.hafniumtech.com\/wp-content\/uploads\/2025\/05\/1-13.png\" \/>\n\t<meta property=\"og:image:width\" content=\"800\" \/>\n\t<meta property=\"og:image:height\" content=\"800\" \/>\n\t<meta property=\"og:image:type\" content=\"image\/png\" \/>\n<meta name=\"twitter:card\" content=\"summary_large_image\" \/>\n<meta name=\"twitter:site\" content=\"@HafniumTech\" \/>\n<meta name=\"twitter:label1\" content=\"Prix\" \/>\n\t<meta name=\"twitter:data1\" content=\"\" \/>\n\t<meta name=\"twitter:label2\" content=\"Disponibilit\u00e9\" \/>\n\t<meta name=\"twitter:data2\" content=\"En stock\" \/>\n<script type=\"application\/ld+json\" class=\"yoast-schema-graph\">{\"@context\":\"https:\/\/schema.org\",\"@graph\":[{\"@type\":\"WebPage\",\"@id\":\"https:\/\/www.hafniumtech.com\/product\/esab-compatible-360a-gas-welding-torch-3-0-4-0-5-0m-industrial-multifunctional-mig-welding-torch-euro-fitting\/\",\"url\":\"https:\/\/www.hafniumtech.com\/product\/esab-compatible-360a-gas-welding-torch-3-0-4-0-5-0m-industrial-multifunctional-mig-welding-torch-euro-fitting\/\",\"name\":\"ESAB Compatible 360A Gas Welding Torch 3.0\/4.0\/5.0m Industrial Multifunctional MIG Welding Torch Euro Fitting - HafniumTech\",\"isPartOf\":{\"@id\":\"https:\/\/www.hafniumtech.com\/#website\"},\"primaryImageOfPage\":{\"@id\":\"https:\/\/www.hafniumtech.com\/product\/esab-compatible-360a-gas-welding-torch-3-0-4-0-5-0m-industrial-multifunctional-mig-welding-torch-euro-fitting\/#primaryimage\"},\"image\":{\"@id\":\"https:\/\/www.hafniumtech.com\/product\/esab-compatible-360a-gas-welding-torch-3-0-4-0-5-0m-industrial-multifunctional-mig-welding-torch-euro-fitting\/#primaryimage\"},\"thumbnailUrl\":\"https:\/\/www.hafniumtech.com\/wp-content\/uploads\/2025\/05\/1-13.png\",\"datePublished\":\"2025-05-02T13:11:44+00:00\",\"dateModified\":\"2025-05-02T13:12:04+00:00\",\"breadcrumb\":{\"@id\":\"https:\/\/www.hafniumtech.com\/product\/esab-compatible-360a-gas-welding-torch-3-0-4-0-5-0m-industrial-multifunctional-mig-welding-torch-euro-fitting\/#breadcrumb\"},\"inLanguage\":\"fr-FR\",\"potentialAction\":[{\"@type\":\"ReadAction\",\"target\":[\"https:\/\/www.hafniumtech.com\/product\/esab-compatible-360a-gas-welding-torch-3-0-4-0-5-0m-industrial-multifunctional-mig-welding-torch-euro-fitting\/\"]}]},{\"@type\":\"ImageObject\",\"inLanguage\":\"fr-FR\",\"@id\":\"https:\/\/www.hafniumtech.com\/product\/esab-compatible-360a-gas-welding-torch-3-0-4-0-5-0m-industrial-multifunctional-mig-welding-torch-euro-fitting\/#primaryimage\",\"url\":\"https:\/\/www.hafniumtech.com\/wp-content\/uploads\/2025\/05\/1-13.png\",\"contentUrl\":\"https:\/\/www.hafniumtech.com\/wp-content\/uploads\/2025\/05\/1-13.png\",\"width\":800,\"height\":800},{\"@type\":\"BreadcrumbList\",\"@id\":\"https:\/\/www.hafniumtech.com\/product\/esab-compatible-360a-gas-welding-torch-3-0-4-0-5-0m-industrial-multifunctional-mig-welding-torch-euro-fitting\/#breadcrumb\",\"itemListElement\":[{\"@type\":\"ListItem\",\"position\":1,\"name\":\"\u9996\u9875\",\"item\":\"https:\/\/www.hafniumtech.com\/\"},{\"@type\":\"ListItem\",\"position\":2,\"name\":\"Product\",\"item\":\"https:\/\/www.hafniumtech.com\/product\/\"},{\"@type\":\"ListItem\",\"position\":3,\"name\":\"ESAB Compatible 360A Gas Welding Torch 3.0\/4.0\/5.0m Industrial Multifunctional MIG Welding Torch Euro Fitting\"}]},{\"@type\":\"WebSite\",\"@id\":\"https:\/\/www.hafniumtech.com\/#website\",\"url\":\"https:\/\/www.hafniumtech.com\/\",\"name\":\"Shenzhen Hafnium Technology Co., Ltd.\",\"description\":\"\",\"publisher\":{\"@id\":\"https:\/\/www.hafniumtech.com\/#organization\"},\"potentialAction\":[{\"@type\":\"SearchAction\",\"target\":{\"@type\":\"EntryPoint\",\"urlTemplate\":\"https:\/\/www.hafniumtech.com\/?s={search_term_string}\"},\"query-input\":{\"@type\":\"PropertyValueSpecification\",\"valueRequired\":true,\"valueName\":\"search_term_string\"}}],\"inLanguage\":\"fr-FR\"},{\"@type\":\"Organization\",\"@id\":\"https:\/\/www.hafniumtech.com\/#organization\",\"name\":\"Shenzhen Hafnium Technology Co., Ltd.\",\"url\":\"https:\/\/www.hafniumtech.com\/\",\"logo\":{\"@type\":\"ImageObject\",\"inLanguage\":\"fr-FR\",\"@id\":\"https:\/\/www.hafniumtech.com\/#\/schema\/logo\/image\/\",\"url\":\"https:\/\/www.hafniumtech.com\/wp-content\/uploads\/2025\/03\/168-53_.jpg\",\"contentUrl\":\"https:\/\/www.hafniumtech.com\/wp-content\/uploads\/2025\/03\/168-53_.jpg\",\"width\":336,\"height\":106,\"caption\":\"Shenzhen Hafnium Technology Co., Ltd.\"},\"image\":{\"@id\":\"https:\/\/www.hafniumtech.com\/#\/schema\/logo\/image\/\"},\"sameAs\":[\"https:\/\/www.facebook.com\/profile.php?id=61570267424696\",\"https:\/\/x.com\/HafniumTech\"]}]}<\/script>\n<meta property=\"product:price:amount\" content=\"0.00\" \/>\n<meta property=\"product:price:currency\" content=\"USD\" \/>\n<meta property=\"og:availability\" content=\"instock\" \/>\n<meta property=\"product:availability\" content=\"instock\" \/>\n<meta property=\"product:retailer_item_id\" content=\"ESAB 360A welding Torch\" \/>\n<meta property=\"product:condition\" content=\"new\" \/>\n<!-- \/ Yoast SEO Premium plugin. -->","yoast_head_json":{"title":"ESAB Compatible 360A Gas Welding Torch 3.0\/4.0\/5.0m Industrial Multifunctional MIG Welding Torch Euro Fitting - HafniumTech","robots":{"index":"index","follow":"follow","max-snippet":"max-snippet:-1","max-image-preview":"max-image-preview:large","max-video-preview":"max-video-preview:-1"},"canonical":"https:\/\/www.hafniumtech.com\/fr\/produit\/esab-compatible-360a-gas-welding-torch-3-0-4-0-5-0m-industrial-multifunctional-mig-welding-torch-euro-fitting\/","og_locale":"fr_FR","og_type":"article","og_title":"ESAB Compatible 360A Gas Welding Torch 3.0\/4.0\/5.0m Industrial Multifunctional MIG Welding Torch Euro Fitting","og_description":"HFT\u2011Q360A Europe\u2011Fitting Air\u2011Cooled MIG Welding Gun An ergonomic, high\u2011performance welding torch engineered for professional MIG applications. The Q360A features Europe\u2011standard consumables, robust construction, and a user\u2011friendly design to ensure consistent, high\u2011quality welds in demanding production environments.     High\u2011Output Capability: 340\u202fA (CO\u2082) \/ 300\u202fA (mixed gas) rating for thick\u2010section welding.    Versatile Wire Compatibility: Accepts 0.8\u20131.6\u202fmm wire for a wide range of electrode materials and applications.    60\u202f% Duty Cycle: Reliable operation under continuous use in industrial settings.    Europe\u2011Style Consumables: Standard nozzles, contact tips, and diffusers for easy replacement and global parts availability.    Air\u2011Cooled Design: Lightweight torch body minimizes operator fatigue during long weld runs.    Ergonomic Handle: Comfort\u2011grip handle with integrated trigger promotes precise control and reduces wrist strain.    Flexible Cable Assembly: Durable, kink\u2011resistant hose and cable bundle for smooth wire feed and torch maneuverability.    Simple Maintenance: Quick\u2011release retaining head and easy\u2011access components allow fast consumable changes and cleaning.","og_url":"https:\/\/www.hafniumtech.com\/fr\/produit\/esab-compatible-360a-gas-welding-torch-3-0-4-0-5-0m-industrial-multifunctional-mig-welding-torch-euro-fitting\/","og_site_name":"HafniumTech","article_publisher":"https:\/\/www.facebook.com\/profile.php?id=61570267424696","article_modified_time":"2025-05-02T13:12:04+00:00","og_image":[{"width":800,"height":800,"url":"https:\/\/www.hafniumtech.com\/wp-content\/uploads\/2025\/05\/1-13.png","type":"image\/png"}],"twitter_card":"summary_large_image","twitter_site":"@HafniumTech","twitter_misc":{"Prix":"","Disponibilit\u00e9":"En stock"},"schema":{"@context":"https:\/\/schema.org","@graph":[{"@type":"WebPage","@id":"https:\/\/www.hafniumtech.com\/product\/esab-compatible-360a-gas-welding-torch-3-0-4-0-5-0m-industrial-multifunctional-mig-welding-torch-euro-fitting\/","url":"https:\/\/www.hafniumtech.com\/product\/esab-compatible-360a-gas-welding-torch-3-0-4-0-5-0m-industrial-multifunctional-mig-welding-torch-euro-fitting\/","name":"ESAB Compatible 360A Gas Welding Torch 3.0\/4.0\/5.0m Industrial Multifunctional MIG Welding Torch Euro Fitting - HafniumTech","isPartOf":{"@id":"https:\/\/www.hafniumtech.com\/#website"},"primaryImageOfPage":{"@id":"https:\/\/www.hafniumtech.com\/product\/esab-compatible-360a-gas-welding-torch-3-0-4-0-5-0m-industrial-multifunctional-mig-welding-torch-euro-fitting\/#primaryimage"},"image":{"@id":"https:\/\/www.hafniumtech.com\/product\/esab-compatible-360a-gas-welding-torch-3-0-4-0-5-0m-industrial-multifunctional-mig-welding-torch-euro-fitting\/#primaryimage"},"thumbnailUrl":"https:\/\/www.hafniumtech.com\/wp-content\/uploads\/2025\/05\/1-13.png","datePublished":"2025-05-02T13:11:44+00:00","dateModified":"2025-05-02T13:12:04+00:00","breadcrumb":{"@id":"https:\/\/www.hafniumtech.com\/product\/esab-compatible-360a-gas-welding-torch-3-0-4-0-5-0m-industrial-multifunctional-mig-welding-torch-euro-fitting\/#breadcrumb"},"inLanguage":"fr-FR","potentialAction":[{"@type":"ReadAction","target":["https:\/\/www.hafniumtech.com\/product\/esab-compatible-360a-gas-welding-torch-3-0-4-0-5-0m-industrial-multifunctional-mig-welding-torch-euro-fitting\/"]}]},{"@type":"ImageObject","inLanguage":"fr-FR","@id":"https:\/\/www.hafniumtech.com\/product\/esab-compatible-360a-gas-welding-torch-3-0-4-0-5-0m-industrial-multifunctional-mig-welding-torch-euro-fitting\/#primaryimage","url":"https:\/\/www.hafniumtech.com\/wp-content\/uploads\/2025\/05\/1-13.png","contentUrl":"https:\/\/www.hafniumtech.com\/wp-content\/uploads\/2025\/05\/1-13.png","width":800,"height":800},{"@type":"BreadcrumbList","@id":"https:\/\/www.hafniumtech.com\/product\/esab-compatible-360a-gas-welding-torch-3-0-4-0-5-0m-industrial-multifunctional-mig-welding-torch-euro-fitting\/#breadcrumb","itemListElement":[{"@type":"ListItem","position":1,"name":"\u9996\u9875","item":"https:\/\/www.hafniumtech.com\/"},{"@type":"ListItem","position":2,"name":"Product","item":"https:\/\/www.hafniumtech.com\/product\/"},{"@type":"ListItem","position":3,"name":"ESAB Compatible 360A Gas Welding Torch 3.0\/4.0\/5.0m Industrial Multifunctional MIG Welding Torch Euro Fitting"}]},{"@type":"WebSite","@id":"https:\/\/www.hafniumtech.com\/#website","url":"https:\/\/www.hafniumtech.com\/","name":"Shenzhen Hafnium Technology Co., Ltd.","description":"","publisher":{"@id":"https:\/\/www.hafniumtech.com\/#organization"},"potentialAction":[{"@type":"SearchAction","target":{"@type":"EntryPoint","urlTemplate":"https:\/\/www.hafniumtech.com\/?s={search_term_string}"},"query-input":{"@type":"PropertyValueSpecification","valueRequired":true,"valueName":"search_term_string"}}],"inLanguage":"fr-FR"},{"@type":"Organization","@id":"https:\/\/www.hafniumtech.com\/#organization","name":"Shenzhen Hafnium Technology Co., Ltd.","url":"https:\/\/www.hafniumtech.com\/","logo":{"@type":"ImageObject","inLanguage":"fr-FR","@id":"https:\/\/www.hafniumtech.com\/#\/schema\/logo\/image\/","url":"https:\/\/www.hafniumtech.com\/wp-content\/uploads\/2025\/03\/168-53_.jpg","contentUrl":"https:\/\/www.hafniumtech.com\/wp-content\/uploads\/2025\/03\/168-53_.jpg","width":336,"height":106,"caption":"Shenzhen Hafnium Technology Co., Ltd."},"image":{"@id":"https:\/\/www.hafniumtech.com\/#\/schema\/logo\/image\/"},"sameAs":["https:\/\/www.facebook.com\/profile.php?id=61570267424696","https:\/\/x.com\/HafniumTech"]}]},"product_price_amount":"0.00","product_price_currency":"USD","og_availability":"instock","product_availability":"instock","product_retailer_item_id":"ESAB 360A welding Torch","product_condition":"new"},"_links":{"self":[{"href":"https:\/\/www.hafniumtech.com\/fr\/wp-json\/wp\/v2\/product\/3555","targetHints":{"allow":["GET"]}}],"collection":[{"href":"https:\/\/www.hafniumtech.com\/fr\/wp-json\/wp\/v2\/product"}],"about":[{"href":"https:\/\/www.hafniumtech.com\/fr\/wp-json\/wp\/v2\/types\/product"}],"replies":[{"embeddable":true,"href":"https:\/\/www.hafniumtech.com\/fr\/wp-json\/wp\/v2\/comments?post=3555"}],"wp:featuredmedia":[{"embeddable":true,"href":"https:\/\/www.hafniumtech.com\/fr\/wp-json\/wp\/v2\/media\/3556"}],"wp:attachment":[{"href":"https:\/\/www.hafniumtech.com\/fr\/wp-json\/wp\/v2\/media?parent=3555"}],"wp:term":[{"taxonomy":"product_brand","embeddable":true,"href":"https:\/\/www.hafniumtech.com\/fr\/wp-json\/wp\/v2\/product_brand?post=3555"},{"taxonomy":"product_cat","embeddable":true,"href":"https:\/\/www.hafniumtech.com\/fr\/wp-json\/wp\/v2\/product_cat?post=3555"},{"taxonomy":"product_tag","embeddable":true,"href":"https:\/\/www.hafniumtech.com\/fr\/wp-json\/wp\/v2\/product_tag?post=3555"}],"curies":[{"name":"wp","href":"https:\/\/api.w.org\/{rel}","templated":true}]}}