{"id":3589,"date":"2025-05-02T22:11:01","date_gmt":"2025-05-02T14:11:01","guid":{"rendered":"http:\/\/www.hafniumtech.com\/?post_type=product&#038;p=3589"},"modified":"2025-05-02T22:12:58","modified_gmt":"2025-05-02T14:12:58","slug":"new-p80-copper-plasma-cutting-nozzle-and-electrode-consumables-for-welding-and-plasma-cutting-torch","status":"publish","type":"product","link":"https:\/\/www.hafniumtech.com\/fr\/produit\/new-p80-copper-plasma-cutting-nozzle-and-electrode-consumables-for-welding-and-plasma-cutting-torch\/","title":{"rendered":"Nouvelle buse de d\u00e9coupe plasma en cuivre P80 et consommables d'\u00e9lectrode pour torche de soudage et de d\u00e9coupe plasma"},"content":{"rendered":"<p>&nbsp;<\/p>\n<table style=\"border-collapse: collapse; width: 582px; height: 187px;\" border=\"0\" width=\"588\" cellspacing=\"0\" cellpadding=\"0\">\n<tbody>\n<tr style=\"height: 17.50pt;\">\n<td class=\"et2\" style=\"height: 17.5pt; width: 294pt; text-align: center;\" colspan=\"5\" width=\"588\" height=\"35\"><strong>Consommables pour la torche P80<\/strong><\/td>\n<\/tr>\n<tr style=\"height: 14.00pt;\">\n<td class=\"et3\" style=\"height: 14.00pt; width: 14.50pt;\" width=\"29\" height=\"28\"><strong>ID<\/strong><\/td>\n<td class=\"et4\" style=\"width: 100pt; text-align: center;\" width=\"200\"><strong>Pi\u00e8ces d\u00e9tach\u00e9es<\/strong><\/td>\n<td class=\"et4\" style=\"width: 47.5pt; text-align: center;\" width=\"95\"><strong>PN<\/strong><\/td>\n<td class=\"et4\" style=\"width: 22.5pt; text-align: center;\" width=\"45\"><strong>unit\u00e9<\/strong><\/td>\n<td class=\"et4\" style=\"width: 109.5pt; text-align: center;\" width=\"219\"><strong>commentaires<\/strong><\/td>\n<\/tr>\n<tr style=\"height: 14.00pt;\">\n<td class=\"et5\" style=\"height: 14pt; width: 14.5pt; text-align: center;\" width=\"29\" height=\"28\">1<\/td>\n<td class=\"et6\" style=\"width: 100pt; text-align: center;\" width=\"200\">\u00e9lectrode<\/td>\n<td class=\"et6\" style=\"width: 47.5pt; text-align: center;\" width=\"95\">YP80100<\/td>\n<td class=\"et6\" style=\"width: 22.5pt; text-align: center;\" width=\"45\">pcs<\/td>\n<td class=\"et6\" style=\"width: 109.5pt; text-align: center;\" width=\"219\">Longueur 21,5<\/td>\n<\/tr>\n<tr style=\"height: 14.00pt;\">\n<td class=\"et5\" style=\"height: 14pt; width: 14.5pt; text-align: center;\" width=\"29\" height=\"28\">2<\/td>\n<td class=\"et6\" style=\"width: 100pt; text-align: center;\" rowspan=\"4\" width=\"200\">buse<\/td>\n<td class=\"et6\" style=\"width: 47.5pt; text-align: center;\" width=\"95\">YP80110<\/td>\n<td class=\"et6\" style=\"width: 22.5pt; text-align: center;\" width=\"45\">pcs<\/td>\n<td class=\"et6\" style=\"width: 109.5pt; text-align: center;\" width=\"219\">Ouverture de la buse 1,1 mm<\/td>\n<\/tr>\n<tr style=\"height: 14.00pt;\">\n<td class=\"et5\" style=\"height: 14pt; width: 14.5pt; text-align: center;\" width=\"29\" height=\"28\">3<\/td>\n<td class=\"et6\" style=\"width: 47.5pt; text-align: center;\" width=\"95\">YP80130<\/td>\n<td class=\"et6\" style=\"width: 22.5pt; text-align: center;\" width=\"45\">pcs<\/td>\n<td class=\"et6\" style=\"width: 109.5pt; text-align: center;\" width=\"219\">Ouverture de la buse 1,3 mm<\/td>\n<\/tr>\n<tr style=\"height: 14.00pt;\">\n<td class=\"et5\" style=\"height: 14pt; width: 14.5pt; text-align: center;\" width=\"29\" height=\"28\">4<\/td>\n<td class=\"et6\" style=\"width: 47.5pt; text-align: center;\" width=\"95\">YP80150<\/td>\n<td class=\"et6\" style=\"width: 22.5pt; text-align: center;\" width=\"45\">pcs<\/td>\n<td class=\"et6\" style=\"width: 109.5pt; text-align: center;\" width=\"219\">Ouverture de la buse 1,5 mm<\/td>\n<\/tr>\n<tr style=\"height: 14.00pt;\">\n<td class=\"et5\" style=\"height: 14pt; width: 14.5pt; text-align: center;\" width=\"29\" height=\"28\">5<\/td>\n<td class=\"et6\" style=\"width: 47.5pt; text-align: center;\" width=\"95\">YP80170<\/td>\n<td class=\"et6\" style=\"width: 22.5pt; text-align: center;\" width=\"45\">pcs<\/td>\n<td class=\"et6\" style=\"width: 109.5pt; text-align: center;\" width=\"219\">Ouverture de la buse 1,7 mm<\/td>\n<\/tr>\n<tr style=\"height: 14.00pt;\">\n<td class=\"et5\" style=\"height: 14pt; width: 14.5pt; text-align: center;\" width=\"29\" height=\"28\">6<\/td>\n<td class=\"et6\" style=\"width: 100pt; text-align: center;\" width=\"200\">Couvercle de protection en c\u00e9ramique<\/td>\n<td class=\"et6\" style=\"width: 47.5pt; text-align: center;\" width=\"95\">YP80004<\/td>\n<td class=\"et6\" style=\"width: 22.5pt; text-align: center;\" width=\"45\">pcs<\/td>\n<td class=\"et6\" style=\"width: 109.5pt; text-align: center;\" width=\"219\">utilisation de la torche machine<\/td>\n<\/tr>\n<tr style=\"height: 14.00pt;\">\n<td class=\"et5\" style=\"height: 14pt; width: 14.5pt; text-align: center;\" width=\"29\" height=\"28\">7<\/td>\n<td class=\"et6\" style=\"width: 100pt; text-align: center;\" width=\"200\">Couvercle de blindage en cuivre<\/td>\n<td class=\"et6\" style=\"width: 47.5pt; text-align: center;\" width=\"95\">YP80001<\/td>\n<td class=\"et6\" style=\"width: 22.5pt; text-align: center;\" width=\"45\">pcs<\/td>\n<td class=\"et6\" style=\"width: 109.5pt; text-align: center;\" width=\"219\">utilisation d'une torche manuelle<\/td>\n<\/tr>\n<\/tbody>\n<\/table>\n<p>&nbsp;<\/p>","protected":false},"excerpt":{"rendered":"<p class=\"\" data-start=\"0\" data-end=\"47\"><strong data-start=\"0\" data-end=\"45\">Kit de consommables pour la d\u00e9coupe plasma du cuivre P80<\/strong><\/p>\n<p class=\"\" data-start=\"49\" data-end=\"144\">Am\u00e9liorez les performances de votre torche de soudage et de coupage plasma avec notre kit de consommables P80 de premi\u00e8re qualit\u00e9 :<\/p>\n<ul data-start=\"146\" data-end=\"794\" data-is-only-node=\"\" data-is-last-node=\"\">\n<li class=\"\" data-start=\"146\" data-end=\"303\">\n<p class=\"\" data-start=\"148\" data-end=\"303\"><strong data-start=\"148\" data-end=\"190\">Buse et \u00e9lectrode en cuivre de haute qualit\u00e9<\/strong><br data-start=\"190\" data-end=\"193\" \/>La construction en cuivre durable maximise la conductivit\u00e9 thermique pour une stabilit\u00e9 constante de l'arc et une dur\u00e9e de vie prolong\u00e9e.<\/p>\n<\/li>\n<li class=\"\" data-start=\"304\" data-end=\"436\">\n<p class=\"\" data-start=\"306\" data-end=\"436\"><strong data-start=\"306\" data-end=\"330\">Couvercle de l'\u00e9cran c\u00e9ramique<\/strong><br data-start=\"330\" data-end=\"333\" \/>Prot\u00e8ge la t\u00eate de la torche des \u00e9claboussures et de la chaleur, garantissant une bonne visibilit\u00e9 et une long\u00e9vit\u00e9 accrue de la torche.<\/p>\n<\/li>\n<li class=\"\" data-start=\"437\" data-end=\"546\">\n<p class=\"\" data-start=\"439\" data-end=\"546\"><strong data-start=\"439\" data-end=\"462\">Couvercle de blindage en cuivre<\/strong><br data-start=\"462\" data-end=\"465\" \/>Offre une protection thermique suppl\u00e9mentaire et un flux de gaz optimis\u00e9 pour des coupes plus nettes.<\/p>\n<\/li>\n<li class=\"\" data-start=\"547\" data-end=\"652\">\n<p class=\"\" data-start=\"549\" data-end=\"652\"><strong data-start=\"549\" data-end=\"576\">Compatibilit\u00e9 universelle<\/strong><br data-start=\"576\" data-end=\"579\" \/>Convient aux torches de coupage plasma P80 standard - facile \u00e0 installer et \u00e0 remplacer.<\/p>\n<\/li>\n<li class=\"\" data-start=\"653\" data-end=\"794\">\n<p class=\"\" data-start=\"655\" data-end=\"794\"><strong data-start=\"655\" data-end=\"685\">Pr\u00e9cision de coupe am\u00e9lior\u00e9e<\/strong><br data-start=\"685\" data-end=\"688\" \/>Des consommables con\u00e7us avec pr\u00e9cision permettent d'obtenir des bords plus nets et de r\u00e9duire les scories pour un nettoyage minimal apr\u00e8s la coupe.<\/p>\n<\/li>\n<\/ul>","protected":false},"featured_media":3590,"comment_status":"open","ping_status":"closed","template":"","meta":[],"product_brand":[],"product_cat":[55],"product_tag":[384,396,397,398,399,400,401,402,403,404,405,406],"class_list":{"0":"post-3589","1":"product","2":"type-product","3":"status-publish","4":"has-post-thumbnail","6":"product_cat-parts-and-consumables","7":"product_tag-plasma-cutting-torch","8":"product_tag-p80-electrode-nozzle-tip","9":"product_tag-plasma-cutting-torch-nozzle","10":"product_tag-electrode-nozzle","11":"product_tag-nozzle-and-electrode-p80","12":"product_tag-plasma-consumables-kit","13":"product_tag-cutting-nozzle","14":"product_tag-p80-plasma-cutting-nozzle","15":"product_tag-p80-plasma-electrode","16":"product_tag-cnc-controller-consumables","17":"product_tag-p80-plasma-cutting-torch","18":"product_tag-cutting-torch-electrode-nozzle","19":"stm_brands-hafniumtech","21":"first","22":"instock","23":"shipping-taxable","24":"product-type-simple"},"yoast_head":"<!-- This site is optimized with the Yoast SEO Premium plugin v25.0 (Yoast SEO v25.0) - https:\/\/yoast.com\/wordpress\/plugins\/seo\/ -->\n<title>New P80 Copper Plasma Cutting Nozzle and Electrode Consumables for Welding and Plasma Cutting Torch - HafniumTech<\/title>\n<meta name=\"robots\" content=\"index, follow, max-snippet:-1, max-image-preview:large, max-video-preview:-1\" \/>\n<link rel=\"canonical\" href=\"https:\/\/www.hafniumtech.com\/fr\/produit\/new-p80-copper-plasma-cutting-nozzle-and-electrode-consumables-for-welding-and-plasma-cutting-torch\/\" \/>\n<meta property=\"og:locale\" content=\"fr_FR\" \/>\n<meta property=\"og:type\" content=\"article\" \/>\n<meta property=\"og:title\" content=\"New P80 Copper Plasma Cutting Nozzle and Electrode Consumables for Welding and Plasma Cutting Torch\" \/>\n<meta property=\"og:description\" content=\"P80 Copper Plasma Cutting Consumables Kit Enhance your welding and plasma cutting torch performance with our premium P80 consumables set:     High\u2011Quality Copper Nozzle &amp; ElectrodeDurable copper construction maximizes thermal conductivity for consistent arc stability and extended life.    Ceramic Shield CoverProtects torch head from spatter and heat, ensuring clear visibility and prolonged torch longevity.    Copper Shield CoverOffers additional thermal protection and optimized gas flow for cleaner cuts.    Universal CompatibilityFits standard P80 plasma cutting torches\u2014easy to install and replace.    Improved Cutting PrecisionPrecisely engineered consumables deliver sharper edges and reduced dross for minimal post\u2011cut cleanup.\" \/>\n<meta property=\"og:url\" content=\"https:\/\/www.hafniumtech.com\/fr\/produit\/new-p80-copper-plasma-cutting-nozzle-and-electrode-consumables-for-welding-and-plasma-cutting-torch\/\" \/>\n<meta property=\"og:site_name\" content=\"HafniumTech\" \/>\n<meta property=\"article:publisher\" content=\"https:\/\/www.facebook.com\/profile.php?id=61570267424696\" \/>\n<meta property=\"article:modified_time\" content=\"2025-05-02T14:12:58+00:00\" \/>\n<meta property=\"og:image\" content=\"https:\/\/www.hafniumtech.com\/wp-content\/uploads\/2025\/05\/4-10.png\" \/>\n\t<meta property=\"og:image:width\" content=\"1000\" \/>\n\t<meta property=\"og:image:height\" content=\"1000\" \/>\n\t<meta property=\"og:image:type\" content=\"image\/png\" \/>\n<meta name=\"twitter:card\" content=\"summary_large_image\" \/>\n<meta name=\"twitter:site\" content=\"@HafniumTech\" \/>\n<meta name=\"twitter:label1\" content=\"Prix\" \/>\n\t<meta name=\"twitter:data1\" content=\"\" \/>\n\t<meta name=\"twitter:label2\" content=\"Disponibilit\u00e9\" \/>\n\t<meta name=\"twitter:data2\" content=\"En stock\" \/>\n<script type=\"application\/ld+json\" class=\"yoast-schema-graph\">{\"@context\":\"https:\/\/schema.org\",\"@graph\":[{\"@type\":\"WebPage\",\"@id\":\"https:\/\/www.hafniumtech.com\/product\/new-p80-copper-plasma-cutting-nozzle-and-electrode-consumables-for-welding-and-plasma-cutting-torch\/\",\"url\":\"https:\/\/www.hafniumtech.com\/product\/new-p80-copper-plasma-cutting-nozzle-and-electrode-consumables-for-welding-and-plasma-cutting-torch\/\",\"name\":\"New P80 Copper Plasma Cutting Nozzle and Electrode Consumables for Welding and Plasma Cutting Torch - HafniumTech\",\"isPartOf\":{\"@id\":\"https:\/\/www.hafniumtech.com\/#website\"},\"primaryImageOfPage\":{\"@id\":\"https:\/\/www.hafniumtech.com\/product\/new-p80-copper-plasma-cutting-nozzle-and-electrode-consumables-for-welding-and-plasma-cutting-torch\/#primaryimage\"},\"image\":{\"@id\":\"https:\/\/www.hafniumtech.com\/product\/new-p80-copper-plasma-cutting-nozzle-and-electrode-consumables-for-welding-and-plasma-cutting-torch\/#primaryimage\"},\"thumbnailUrl\":\"https:\/\/www.hafniumtech.com\/wp-content\/uploads\/2025\/05\/4-10.png\",\"datePublished\":\"2025-05-02T14:11:01+00:00\",\"dateModified\":\"2025-05-02T14:12:58+00:00\",\"breadcrumb\":{\"@id\":\"https:\/\/www.hafniumtech.com\/product\/new-p80-copper-plasma-cutting-nozzle-and-electrode-consumables-for-welding-and-plasma-cutting-torch\/#breadcrumb\"},\"inLanguage\":\"fr-FR\",\"potentialAction\":[{\"@type\":\"ReadAction\",\"target\":[\"https:\/\/www.hafniumtech.com\/product\/new-p80-copper-plasma-cutting-nozzle-and-electrode-consumables-for-welding-and-plasma-cutting-torch\/\"]}]},{\"@type\":\"ImageObject\",\"inLanguage\":\"fr-FR\",\"@id\":\"https:\/\/www.hafniumtech.com\/product\/new-p80-copper-plasma-cutting-nozzle-and-electrode-consumables-for-welding-and-plasma-cutting-torch\/#primaryimage\",\"url\":\"https:\/\/www.hafniumtech.com\/wp-content\/uploads\/2025\/05\/4-10.png\",\"contentUrl\":\"https:\/\/www.hafniumtech.com\/wp-content\/uploads\/2025\/05\/4-10.png\",\"width\":1000,\"height\":1000},{\"@type\":\"BreadcrumbList\",\"@id\":\"https:\/\/www.hafniumtech.com\/product\/new-p80-copper-plasma-cutting-nozzle-and-electrode-consumables-for-welding-and-plasma-cutting-torch\/#breadcrumb\",\"itemListElement\":[{\"@type\":\"ListItem\",\"position\":1,\"name\":\"\u9996\u9875\",\"item\":\"https:\/\/www.hafniumtech.com\/\"},{\"@type\":\"ListItem\",\"position\":2,\"name\":\"Product\",\"item\":\"https:\/\/www.hafniumtech.com\/product\/\"},{\"@type\":\"ListItem\",\"position\":3,\"name\":\"New P80 Copper Plasma Cutting Nozzle and Electrode Consumables for Welding and Plasma Cutting Torch\"}]},{\"@type\":\"WebSite\",\"@id\":\"https:\/\/www.hafniumtech.com\/#website\",\"url\":\"https:\/\/www.hafniumtech.com\/\",\"name\":\"Shenzhen Hafnium Technology Co., Ltd.\",\"description\":\"\",\"publisher\":{\"@id\":\"https:\/\/www.hafniumtech.com\/#organization\"},\"potentialAction\":[{\"@type\":\"SearchAction\",\"target\":{\"@type\":\"EntryPoint\",\"urlTemplate\":\"https:\/\/www.hafniumtech.com\/?s={search_term_string}\"},\"query-input\":{\"@type\":\"PropertyValueSpecification\",\"valueRequired\":true,\"valueName\":\"search_term_string\"}}],\"inLanguage\":\"fr-FR\"},{\"@type\":\"Organization\",\"@id\":\"https:\/\/www.hafniumtech.com\/#organization\",\"name\":\"Shenzhen Hafnium Technology Co., Ltd.\",\"url\":\"https:\/\/www.hafniumtech.com\/\",\"logo\":{\"@type\":\"ImageObject\",\"inLanguage\":\"fr-FR\",\"@id\":\"https:\/\/www.hafniumtech.com\/#\/schema\/logo\/image\/\",\"url\":\"https:\/\/www.hafniumtech.com\/wp-content\/uploads\/2025\/03\/168-53_.jpg\",\"contentUrl\":\"https:\/\/www.hafniumtech.com\/wp-content\/uploads\/2025\/03\/168-53_.jpg\",\"width\":336,\"height\":106,\"caption\":\"Shenzhen Hafnium Technology Co., Ltd.\"},\"image\":{\"@id\":\"https:\/\/www.hafniumtech.com\/#\/schema\/logo\/image\/\"},\"sameAs\":[\"https:\/\/www.facebook.com\/profile.php?id=61570267424696\",\"https:\/\/x.com\/HafniumTech\"]}]}<\/script>\n<meta property=\"product:price:amount\" content=\"0.00\" \/>\n<meta property=\"product:price:currency\" content=\"USD\" \/>\n<meta property=\"og:availability\" content=\"instock\" \/>\n<meta property=\"product:availability\" content=\"instock\" \/>\n<meta property=\"product:retailer_item_id\" content=\"P80 consumable\" \/>\n<meta property=\"product:condition\" content=\"new\" \/>\n<!-- \/ Yoast SEO Premium plugin. -->","yoast_head_json":{"title":"New P80 Copper Plasma Cutting Nozzle and Electrode Consumables for Welding and Plasma Cutting Torch - HafniumTech","robots":{"index":"index","follow":"follow","max-snippet":"max-snippet:-1","max-image-preview":"max-image-preview:large","max-video-preview":"max-video-preview:-1"},"canonical":"https:\/\/www.hafniumtech.com\/fr\/produit\/new-p80-copper-plasma-cutting-nozzle-and-electrode-consumables-for-welding-and-plasma-cutting-torch\/","og_locale":"fr_FR","og_type":"article","og_title":"New P80 Copper Plasma Cutting Nozzle and Electrode Consumables for Welding and Plasma Cutting Torch","og_description":"P80 Copper Plasma Cutting Consumables Kit Enhance your welding and plasma cutting torch performance with our premium P80 consumables set:     High\u2011Quality Copper Nozzle &amp; ElectrodeDurable copper construction maximizes thermal conductivity for consistent arc stability and extended life.    Ceramic Shield CoverProtects torch head from spatter and heat, ensuring clear visibility and prolonged torch longevity.    Copper Shield CoverOffers additional thermal protection and optimized gas flow for cleaner cuts.    Universal CompatibilityFits standard P80 plasma cutting torches\u2014easy to install and replace.    Improved Cutting PrecisionPrecisely engineered consumables deliver sharper edges and reduced dross for minimal post\u2011cut cleanup.","og_url":"https:\/\/www.hafniumtech.com\/fr\/produit\/new-p80-copper-plasma-cutting-nozzle-and-electrode-consumables-for-welding-and-plasma-cutting-torch\/","og_site_name":"HafniumTech","article_publisher":"https:\/\/www.facebook.com\/profile.php?id=61570267424696","article_modified_time":"2025-05-02T14:12:58+00:00","og_image":[{"width":1000,"height":1000,"url":"https:\/\/www.hafniumtech.com\/wp-content\/uploads\/2025\/05\/4-10.png","type":"image\/png"}],"twitter_card":"summary_large_image","twitter_site":"@HafniumTech","twitter_misc":{"Prix":"","Disponibilit\u00e9":"En stock"},"schema":{"@context":"https:\/\/schema.org","@graph":[{"@type":"WebPage","@id":"https:\/\/www.hafniumtech.com\/product\/new-p80-copper-plasma-cutting-nozzle-and-electrode-consumables-for-welding-and-plasma-cutting-torch\/","url":"https:\/\/www.hafniumtech.com\/product\/new-p80-copper-plasma-cutting-nozzle-and-electrode-consumables-for-welding-and-plasma-cutting-torch\/","name":"New P80 Copper Plasma Cutting Nozzle and Electrode Consumables for Welding and Plasma Cutting Torch - HafniumTech","isPartOf":{"@id":"https:\/\/www.hafniumtech.com\/#website"},"primaryImageOfPage":{"@id":"https:\/\/www.hafniumtech.com\/product\/new-p80-copper-plasma-cutting-nozzle-and-electrode-consumables-for-welding-and-plasma-cutting-torch\/#primaryimage"},"image":{"@id":"https:\/\/www.hafniumtech.com\/product\/new-p80-copper-plasma-cutting-nozzle-and-electrode-consumables-for-welding-and-plasma-cutting-torch\/#primaryimage"},"thumbnailUrl":"https:\/\/www.hafniumtech.com\/wp-content\/uploads\/2025\/05\/4-10.png","datePublished":"2025-05-02T14:11:01+00:00","dateModified":"2025-05-02T14:12:58+00:00","breadcrumb":{"@id":"https:\/\/www.hafniumtech.com\/product\/new-p80-copper-plasma-cutting-nozzle-and-electrode-consumables-for-welding-and-plasma-cutting-torch\/#breadcrumb"},"inLanguage":"fr-FR","potentialAction":[{"@type":"ReadAction","target":["https:\/\/www.hafniumtech.com\/product\/new-p80-copper-plasma-cutting-nozzle-and-electrode-consumables-for-welding-and-plasma-cutting-torch\/"]}]},{"@type":"ImageObject","inLanguage":"fr-FR","@id":"https:\/\/www.hafniumtech.com\/product\/new-p80-copper-plasma-cutting-nozzle-and-electrode-consumables-for-welding-and-plasma-cutting-torch\/#primaryimage","url":"https:\/\/www.hafniumtech.com\/wp-content\/uploads\/2025\/05\/4-10.png","contentUrl":"https:\/\/www.hafniumtech.com\/wp-content\/uploads\/2025\/05\/4-10.png","width":1000,"height":1000},{"@type":"BreadcrumbList","@id":"https:\/\/www.hafniumtech.com\/product\/new-p80-copper-plasma-cutting-nozzle-and-electrode-consumables-for-welding-and-plasma-cutting-torch\/#breadcrumb","itemListElement":[{"@type":"ListItem","position":1,"name":"\u9996\u9875","item":"https:\/\/www.hafniumtech.com\/"},{"@type":"ListItem","position":2,"name":"Product","item":"https:\/\/www.hafniumtech.com\/product\/"},{"@type":"ListItem","position":3,"name":"New P80 Copper Plasma Cutting Nozzle and Electrode Consumables for Welding and Plasma Cutting Torch"}]},{"@type":"WebSite","@id":"https:\/\/www.hafniumtech.com\/#website","url":"https:\/\/www.hafniumtech.com\/","name":"Shenzhen Hafnium Technology Co., Ltd.","description":"","publisher":{"@id":"https:\/\/www.hafniumtech.com\/#organization"},"potentialAction":[{"@type":"SearchAction","target":{"@type":"EntryPoint","urlTemplate":"https:\/\/www.hafniumtech.com\/?s={search_term_string}"},"query-input":{"@type":"PropertyValueSpecification","valueRequired":true,"valueName":"search_term_string"}}],"inLanguage":"fr-FR"},{"@type":"Organization","@id":"https:\/\/www.hafniumtech.com\/#organization","name":"Shenzhen Hafnium Technology Co., Ltd.","url":"https:\/\/www.hafniumtech.com\/","logo":{"@type":"ImageObject","inLanguage":"fr-FR","@id":"https:\/\/www.hafniumtech.com\/#\/schema\/logo\/image\/","url":"https:\/\/www.hafniumtech.com\/wp-content\/uploads\/2025\/03\/168-53_.jpg","contentUrl":"https:\/\/www.hafniumtech.com\/wp-content\/uploads\/2025\/03\/168-53_.jpg","width":336,"height":106,"caption":"Shenzhen Hafnium Technology Co., Ltd."},"image":{"@id":"https:\/\/www.hafniumtech.com\/#\/schema\/logo\/image\/"},"sameAs":["https:\/\/www.facebook.com\/profile.php?id=61570267424696","https:\/\/x.com\/HafniumTech"]}]},"product_price_amount":"0.00","product_price_currency":"USD","og_availability":"instock","product_availability":"instock","product_retailer_item_id":"P80 consumable","product_condition":"new"},"_links":{"self":[{"href":"https:\/\/www.hafniumtech.com\/fr\/wp-json\/wp\/v2\/product\/3589","targetHints":{"allow":["GET"]}}],"collection":[{"href":"https:\/\/www.hafniumtech.com\/fr\/wp-json\/wp\/v2\/product"}],"about":[{"href":"https:\/\/www.hafniumtech.com\/fr\/wp-json\/wp\/v2\/types\/product"}],"replies":[{"embeddable":true,"href":"https:\/\/www.hafniumtech.com\/fr\/wp-json\/wp\/v2\/comments?post=3589"}],"wp:featuredmedia":[{"embeddable":true,"href":"https:\/\/www.hafniumtech.com\/fr\/wp-json\/wp\/v2\/media\/3590"}],"wp:attachment":[{"href":"https:\/\/www.hafniumtech.com\/fr\/wp-json\/wp\/v2\/media?parent=3589"}],"wp:term":[{"taxonomy":"product_brand","embeddable":true,"href":"https:\/\/www.hafniumtech.com\/fr\/wp-json\/wp\/v2\/product_brand?post=3589"},{"taxonomy":"product_cat","embeddable":true,"href":"https:\/\/www.hafniumtech.com\/fr\/wp-json\/wp\/v2\/product_cat?post=3589"},{"taxonomy":"product_tag","embeddable":true,"href":"https:\/\/www.hafniumtech.com\/fr\/wp-json\/wp\/v2\/product_tag?post=3589"}],"curies":[{"name":"wp","href":"https:\/\/api.w.org\/{rel}","templated":true}]}}