{"id":2794,"date":"2025-03-14T09:47:45","date_gmt":"2025-03-14T01:47:45","guid":{"rendered":"http:\/\/www.hafniumtech.com\/?page_id=2794"},"modified":"2025-03-30T22:28:37","modified_gmt":"2025-03-30T14:28:37","slug":"faq","status":"publish","type":"page","link":"https:\/\/www.hafniumtech.com\/it\/faq\/","title":{"rendered":"FAQ"},"content":{"rendered":"<div data-elementor-type=\"wp-page\" data-elementor-id=\"2794\" class=\"elementor elementor-2794\">\n\t\t\t\t\t\t\t\t\t<section class=\"elementor-section elementor-top-section elementor-element elementor-element-9a6b426 elementor-section-boxed elementor-section-height-default elementor-section-height-default\" data-id=\"9a6b426\" data-element_type=\"section\" data-settings=\"{&quot;background_background&quot;:&quot;classic&quot;}\">\n\t\t\t\t\t\t<div class=\"elementor-container elementor-column-gap-default\">\n\t\t\t\t\t<div class=\"elementor-column elementor-col-100 elementor-top-column elementor-element elementor-element-4abb756\" data-id=\"4abb756\" data-element_type=\"column\">\n\t\t\t<div class=\"elementor-widget-wrap elementor-element-populated\">\n\t\t\t\t\t\t\t\t<div class=\"elementor-element elementor-element-dce8661 elementor-widget elementor-widget-woocommerce-breadcrumb\" data-id=\"dce8661\" data-element_type=\"widget\" data-widget_type=\"woocommerce-breadcrumb.default\">\n\t\t\t\t<div class=\"elementor-widget-container\">\n\t\t\t<link rel=\"stylesheet\" href=\"https:\/\/www.hafniumtech.com\/wp-content\/plugins\/elementor-pro\/assets\/css\/widget-woocommerce.min.css\"><nav class=\"woocommerce-breadcrumb\" aria-label=\"Breadcrumb\" data-no-translation=\"\" data-trp-gettext=\"\">Casa<\/nav>\t\t<\/div>\n\t\t\t\t<\/div>\n\t\t\t\t<div class=\"elementor-element elementor-element-179adb0 elementor-widget elementor-widget-heading\" data-id=\"179adb0\" data-element_type=\"widget\" data-widget_type=\"heading.default\">\n\t\t\t\t<div class=\"elementor-widget-container\">\n\t\t\t<style>\/*! elementor - v3.7.8 - 02-10-2022 *\/\n.elementor-heading-title{padding:0;margin:0;line-height:1}.elementor-widget-heading .elementor-heading-title[class*=elementor-size-]>a{color:inherit;font-size:inherit;line-height:inherit}.elementor-widget-heading .elementor-heading-title.elementor-size-small{font-size:15px}.elementor-widget-heading .elementor-heading-title.elementor-size-medium{font-size:19px}.elementor-widget-heading .elementor-heading-title.elementor-size-large{font-size:29px}.elementor-widget-heading .elementor-heading-title.elementor-size-xl{font-size:39px}.elementor-widget-heading .elementor-heading-title.elementor-size-xxl{font-size:59px}<\/style><h2 class=\"elementor-heading-title elementor-size-default elementor-heading-title elementor-size-default\">FAQ<\/h2>\t\t<\/div>\n\t\t\t\t<\/div>\n\t\t\t\t\t<\/div>\n\t\t<\/div>\n\t\t\t\t\t\t\t<\/div>\n\t\t<\/section>\n\t\t\t\t<section class=\"elementor-section elementor-top-section elementor-element elementor-element-ee6ce07 elementor-section-boxed elementor-section-height-default elementor-section-height-default\" data-id=\"ee6ce07\" data-element_type=\"section\">\n\t\t\t\t\t\t<div class=\"elementor-container elementor-column-gap-default\">\n\t\t\t\t\t<div class=\"elementor-column elementor-col-100 elementor-top-column elementor-element elementor-element-2024f21\" data-id=\"2024f21\" data-element_type=\"column\">\n\t\t\t<div class=\"elementor-widget-wrap elementor-element-populated\">\n\t\t\t\t\t\t\t\t<div class=\"elementor-element elementor-element-83e6067 elementor-widget elementor-widget-pp-faq\" data-id=\"83e6067\" data-element_type=\"widget\" data-settings=\"{&quot;accordion_type&quot;:&quot;toggle&quot;,&quot;faq_layout&quot;:&quot;accordion&quot;,&quot;toggle_speed&quot;:300}\" data-widget_type=\"pp-faq.default\">\n\t\t\t\t<div class=\"elementor-widget-container\">\n\t\t\t\t\t<div class=\"pp-faqs pp-advanced-accordion pp-toggle-icon-align-right\" id=\"pp-advanced-accordion-83e6067\" data-accordion-id=\"83e6067\">\n\t\t\t\t\t\t<div class=\"pp-faq-item elementor-grid-item pp-accordion-item\">\n\t\t\t\t<div id=\"pp-accordion-tab-title-1381\" class=\"pp-faq-question pp-accordion-tab-title\" tabindex=\"0\" data-tab=\"1\" aria-controls=\"pp-accordion-tab-content-1381\" aria-expanded=\"false\">\n\t\t\t\t\t<div class=\"pp-accordion-title-icon\">\n\t\t\t\t\t\t\t\t\t\t\t\t\t\t\t\t\t\t<div class=\"pp-accordion-title-text\">\n\t\t\t\t\t\t\tD: 1. Quanto tempo ci vuole per ricevere una risposta dopo l'invio di una richiesta?\t\t\t\t\t\t<\/div>\n\t\t\t\t\t<\/div>\n\t\t\t\t\t\t\t\t\t\t\t<div class=\"pp-accordion-toggle-icon\">\n\t\t\t\t\t\t\t\t\t\t\t\t\t\t\t<span class='pp-accordion-toggle-icon-close pp-icon'>\n\t\t\t\t\t\t\t\t\t<i aria-hidden=\"true\" class=\"fas fa-plus\"><\/i>\t\t\t\t\t\t\t\t<\/span>\n\t\t\t\t\t\t\t\t\t\t\t\t\t\t\t\t\t\t\t\t\t\t<span class='pp-accordion-toggle-icon-open pp-icon'>\n\t\t\t\t\t\t\t\t\t<i aria-hidden=\"true\" class=\"fas fa-minus\"><\/i>\t\t\t\t\t\t\t\t<\/span>\n\t\t\t\t\t\t\t\t\t\t\t\t\t<\/div>\n\t\t\t\t\t\t\t\t\t<\/div>\n\n\t\t\t\t<div id=\"pp-accordion-tab-content-1381\" class=\"pp-faq-answer pp-accordion-tab-content\" data-tab=\"1\" aria-labelledby=\"pp-accordion-tab-title-1381\">\n\t\t\t\t\t<p>Risponderemo entro 12 ore nei giorni lavorativi.<\/p>\n\t\t\t\t<\/div>\n\t\t\t<\/div>\n\t\t\t\t\t\t<div class=\"pp-faq-item elementor-grid-item pp-accordion-item\">\n\t\t\t\t<div id=\"pp-accordion-tab-title-1382\" class=\"pp-faq-question pp-accordion-tab-title\" tabindex=\"0\" data-tab=\"2\" aria-controls=\"pp-accordion-tab-content-1382\" aria-expanded=\"false\">\n\t\t\t\t\t<div class=\"pp-accordion-title-icon\">\n\t\t\t\t\t\t\t\t\t\t\t\t\t\t\t\t\t\t<div class=\"pp-accordion-title-text\">\n\t\t\t\t\t\t\tD: 2. Siete un produttore diretto o una societ\u00e0 commerciale?\t\t\t\t\t\t<\/div>\n\t\t\t\t\t<\/div>\n\t\t\t\t\t\t\t\t\t\t\t<div class=\"pp-accordion-toggle-icon\">\n\t\t\t\t\t\t\t\t\t\t\t\t\t\t\t<span class='pp-accordion-toggle-icon-close pp-icon'>\n\t\t\t\t\t\t\t\t\t<i aria-hidden=\"true\" class=\"fas fa-plus\"><\/i>\t\t\t\t\t\t\t\t<\/span>\n\t\t\t\t\t\t\t\t\t\t\t\t\t\t\t\t\t\t\t\t\t\t<span class='pp-accordion-toggle-icon-open pp-icon'>\n\t\t\t\t\t\t\t\t\t<i aria-hidden=\"true\" class=\"fas fa-minus\"><\/i>\t\t\t\t\t\t\t\t<\/span>\n\t\t\t\t\t\t\t\t\t\t\t\t\t<\/div>\n\t\t\t\t\t\t\t\t\t<\/div>\n\n\t\t\t\t<div id=\"pp-accordion-tab-content-1382\" class=\"pp-faq-answer pp-accordion-tab-content\" data-tab=\"2\" aria-labelledby=\"pp-accordion-tab-title-1382\">\n\t\t\t\t\t<p>Siamo una fabbrica con un proprio dipartimento di commercio internazionale, il che significa che produciamo e vendiamo direttamente i nostri prodotti.<\/p>\n\t\t\t\t<\/div>\n\t\t\t<\/div>\n\t\t\t\t\t\t<div class=\"pp-faq-item elementor-grid-item pp-accordion-item\">\n\t\t\t\t<div id=\"pp-accordion-tab-title-1383\" class=\"pp-faq-question pp-accordion-tab-title\" tabindex=\"0\" data-tab=\"3\" aria-controls=\"pp-accordion-tab-content-1383\" aria-expanded=\"false\">\n\t\t\t\t\t<div class=\"pp-accordion-title-icon\">\n\t\t\t\t\t\t\t\t\t\t\t\t\t\t\t\t\t\t<div class=\"pp-accordion-title-text\">\n\t\t\t\t\t\t\tD: 3. Quali prodotti potete fornire?\t\t\t\t\t\t<\/div>\n\t\t\t\t\t<\/div>\n\t\t\t\t\t\t\t\t\t\t\t<div class=\"pp-accordion-toggle-icon\">\n\t\t\t\t\t\t\t\t\t\t\t\t\t\t\t<span class='pp-accordion-toggle-icon-close pp-icon'>\n\t\t\t\t\t\t\t\t\t<i aria-hidden=\"true\" class=\"fas fa-plus\"><\/i>\t\t\t\t\t\t\t\t<\/span>\n\t\t\t\t\t\t\t\t\t\t\t\t\t\t\t\t\t\t\t\t\t\t<span class='pp-accordion-toggle-icon-open pp-icon'>\n\t\t\t\t\t\t\t\t\t<i aria-hidden=\"true\" class=\"fas fa-minus\"><\/i>\t\t\t\t\t\t\t\t<\/span>\n\t\t\t\t\t\t\t\t\t\t\t\t\t<\/div>\n\t\t\t\t\t\t\t\t\t<\/div>\n\n\t\t\t\t<div id=\"pp-accordion-tab-content-1383\" class=\"pp-faq-answer pp-accordion-tab-content\" data-tab=\"3\" aria-labelledby=\"pp-accordion-tab-title-1383\">\n\t\t\t\t\t<p class=\"\" data-start=\"0\" data-end=\"124\">Siamo specializzati nella fornitura di un'ampia gamma di prodotti di alta qualit\u00e0, tra cui:<\/p>\n<ol data-start=\"125\" data-end=\"663\">\n<li class=\"\" data-start=\"125\" data-end=\"206\">\n<p class=\"\" data-start=\"128\" data-end=\"206\"><strong data-start=\"128\" data-end=\"155\">Torce da taglio al plasma:<\/strong> Adatto sia per applicazioni CNC che manuali.<\/p>\n<\/li>\n<li class=\"\" data-start=\"207\" data-end=\"284\">\n<p class=\"\" data-start=\"210\" data-end=\"284\"><strong data-start=\"210\" data-end=\"239\">Materiali di consumo per torce al plasma:<\/strong> Compatibile con varie marche e modelli.<\/p>\n<\/li>\n<li class=\"\" data-start=\"285\" data-end=\"372\">\n<p class=\"\" data-start=\"288\" data-end=\"372\"><strong data-start=\"288\" data-end=\"309\">Macchine per saldatura:<\/strong> Saldatrici TIG, MIG e MMA per diverse applicazioni.<\/p>\n<\/li>\n<li class=\"\" data-start=\"373\" data-end=\"473\">\n<p class=\"\" data-start=\"376\" data-end=\"473\"><strong data-start=\"376\" data-end=\"409\">Fonti di alimentazione per il taglio al plasma:<\/strong> Sorgenti di alimentazione affidabili progettate per un taglio al plasma efficiente.<\/p>\n<\/li>\n<li class=\"\" data-start=\"474\" data-end=\"574\">\n<p class=\"\" data-start=\"477\" data-end=\"574\"><strong data-start=\"477\" data-end=\"509\">Torce per saldatura e taglio:<\/strong> Torce versatili per diversi processi di saldatura e taglio.<\/p>\n<\/li>\n<li class=\"\" data-start=\"575\" data-end=\"663\">\n<p class=\"\" data-start=\"578\" data-end=\"663\"><strong data-start=\"578\" data-end=\"604\">Apparecchiature di taglio CNC:<\/strong> Ideale per tagliare con precisione lamiere e tubi in acciaio.<\/p>\n<\/li>\n<\/ol>\n\t\t\t\t<\/div>\n\t\t\t<\/div>\n\t\t\t\t\t\t<div class=\"pp-faq-item elementor-grid-item pp-accordion-item\">\n\t\t\t\t<div id=\"pp-accordion-tab-title-1384\" class=\"pp-faq-question pp-accordion-tab-title\" tabindex=\"0\" data-tab=\"4\" aria-controls=\"pp-accordion-tab-content-1384\" aria-expanded=\"false\">\n\t\t\t\t\t<div class=\"pp-accordion-title-icon\">\n\t\t\t\t\t\t\t\t\t\t\t\t\t\t\t\t\t\t<div class=\"pp-accordion-title-text\">\n\t\t\t\t\t\t\tD: 4. Qual \u00e8 la capacit\u00e0 produttiva della vostra azienda?\t\t\t\t\t\t<\/div>\n\t\t\t\t\t<\/div>\n\t\t\t\t\t\t\t\t\t\t\t<div class=\"pp-accordion-toggle-icon\">\n\t\t\t\t\t\t\t\t\t\t\t\t\t\t\t<span class='pp-accordion-toggle-icon-close pp-icon'>\n\t\t\t\t\t\t\t\t\t<i aria-hidden=\"true\" class=\"fas fa-plus\"><\/i>\t\t\t\t\t\t\t\t<\/span>\n\t\t\t\t\t\t\t\t\t\t\t\t\t\t\t\t\t\t\t\t\t\t<span class='pp-accordion-toggle-icon-open pp-icon'>\n\t\t\t\t\t\t\t\t\t<i aria-hidden=\"true\" class=\"fas fa-minus\"><\/i>\t\t\t\t\t\t\t\t<\/span>\n\t\t\t\t\t\t\t\t\t\t\t\t\t<\/div>\n\t\t\t\t\t\t\t\t\t<\/div>\n\n\t\t\t\t<div id=\"pp-accordion-tab-content-1384\" class=\"pp-faq-answer pp-accordion-tab-content\" data-tab=\"4\" aria-labelledby=\"pp-accordion-tab-title-1384\">\n\t\t\t\t\t<p class=\"\" data-start=\"0\" data-end=\"221\">La nostra azienda \u00e8 dotata di impianti di produzione avanzati per garantire un'elevata capacit\u00e0 produttiva e un controllo di qualit\u00e0. Le nostre principali capacit\u00e0 produttive includono:<\/p>\n<ol data-start=\"222\" data-end=\"912\">\n<li class=\"\" data-start=\"222\" data-end=\"298\">\n<p class=\"\" data-start=\"225\" data-end=\"298\"><strong data-start=\"225\" data-end=\"243\">31 Torni CNC:<\/strong> Garantire la lavorazione di precisione di vari componenti.<\/p>\n<\/li>\n<li class=\"\" data-start=\"299\" data-end=\"377\">\n<p class=\"\" data-start=\"302\" data-end=\"377\"><strong data-start=\"302\" data-end=\"329\">1 Centro di lavoro CNC:<\/strong> Per la lavorazione di pezzi complessi e di alta precisione.<\/p>\n<\/li>\n<li class=\"\" data-start=\"378\" data-end=\"461\">\n<p class=\"\" data-start=\"381\" data-end=\"461\"><strong data-start=\"381\" data-end=\"411\">2 Forni a vuoto per brasatura:<\/strong> Per processi di brasatura sicuri e ad alta resistenza.<\/p>\n<\/li>\n<li class=\"\" data-start=\"462\" data-end=\"547\">\n<p class=\"\" data-start=\"465\" data-end=\"547\"><strong data-start=\"465\" data-end=\"491\">1 Banco di prova del flusso di gas:<\/strong> Per garantire prestazioni e qualit\u00e0 ottimali delle torce.<\/p>\n<\/li>\n<li class=\"\" data-start=\"548\" data-end=\"680\">\n<p class=\"\" data-start=\"551\" data-end=\"680\"><strong data-start=\"551\" data-end=\"607\">Linea di produzione di elettrodi\/ugelli\/schermi per torce:<\/strong> Specializzata nella lavorazione e nella produzione di parti di consumo critiche.<\/p>\n<\/li>\n<\/ol>\n\t\t\t\t<\/div>\n\t\t\t<\/div>\n\t\t\t\t\t\t<div class=\"pp-faq-item elementor-grid-item pp-accordion-item\">\n\t\t\t\t<div id=\"pp-accordion-tab-title-1385\" class=\"pp-faq-question pp-accordion-tab-title\" tabindex=\"0\" data-tab=\"5\" aria-controls=\"pp-accordion-tab-content-1385\" aria-expanded=\"false\">\n\t\t\t\t\t<div class=\"pp-accordion-title-icon\">\n\t\t\t\t\t\t\t\t\t\t\t\t\t\t\t\t\t\t<div class=\"pp-accordion-title-text\">\n\t\t\t\t\t\t\tD: 5. Quanti dipendenti ha la sua azienda e quanti sono tecnici?\t\t\t\t\t\t<\/div>\n\t\t\t\t\t<\/div>\n\t\t\t\t\t\t\t\t\t\t\t<div class=\"pp-accordion-toggle-icon\">\n\t\t\t\t\t\t\t\t\t\t\t\t\t\t\t<span class='pp-accordion-toggle-icon-close pp-icon'>\n\t\t\t\t\t\t\t\t\t<i aria-hidden=\"true\" class=\"fas fa-plus\"><\/i>\t\t\t\t\t\t\t\t<\/span>\n\t\t\t\t\t\t\t\t\t\t\t\t\t\t\t\t\t\t\t\t\t\t<span class='pp-accordion-toggle-icon-open pp-icon'>\n\t\t\t\t\t\t\t\t\t<i aria-hidden=\"true\" class=\"fas fa-minus\"><\/i>\t\t\t\t\t\t\t\t<\/span>\n\t\t\t\t\t\t\t\t\t\t\t\t\t<\/div>\n\t\t\t\t\t\t\t\t\t<\/div>\n\n\t\t\t\t<div id=\"pp-accordion-tab-content-1385\" class=\"pp-faq-answer pp-accordion-tab-content\" data-tab=\"5\" aria-labelledby=\"pp-accordion-tab-title-1385\">\n\t\t\t\t\t<p>La nostra azienda ha una forza lavoro di oltre <strong data-start=\"125\" data-end=\"142\">65 dipendenti<\/strong>, tra cui pi\u00f9 di <strong data-start=\"164\" data-end=\"209\">18 tecnici e ingegneri professionisti<\/strong> specializzati nella progettazione dei prodotti, nel controllo della qualit\u00e0 e nell'ottimizzazione dei processi. Questo forte team tecnico garantisce il mantenimento di elevati standard di produzione e innovazione.<\/p>\n\t\t\t\t<\/div>\n\t\t\t<\/div>\n\t\t\t\t\t\t<div class=\"pp-faq-item elementor-grid-item pp-accordion-item\">\n\t\t\t\t<div id=\"pp-accordion-tab-title-1386\" class=\"pp-faq-question pp-accordion-tab-title\" tabindex=\"0\" data-tab=\"6\" aria-controls=\"pp-accordion-tab-content-1386\" aria-expanded=\"false\">\n\t\t\t\t\t<div class=\"pp-accordion-title-icon\">\n\t\t\t\t\t\t\t\t\t\t\t\t\t\t\t\t\t\t<div class=\"pp-accordion-title-text\">\n\t\t\t\t\t\t\tD: 6. Come fa la vostra azienda a garantire la qualit\u00e0 dei prodotti?\t\t\t\t\t\t<\/div>\n\t\t\t\t\t<\/div>\n\t\t\t\t\t\t\t\t\t\t\t<div class=\"pp-accordion-toggle-icon\">\n\t\t\t\t\t\t\t\t\t\t\t\t\t\t\t<span class='pp-accordion-toggle-icon-close pp-icon'>\n\t\t\t\t\t\t\t\t\t<i aria-hidden=\"true\" class=\"fas fa-plus\"><\/i>\t\t\t\t\t\t\t\t<\/span>\n\t\t\t\t\t\t\t\t\t\t\t\t\t\t\t\t\t\t\t\t\t\t<span class='pp-accordion-toggle-icon-open pp-icon'>\n\t\t\t\t\t\t\t\t\t<i aria-hidden=\"true\" class=\"fas fa-minus\"><\/i>\t\t\t\t\t\t\t\t<\/span>\n\t\t\t\t\t\t\t\t\t\t\t\t\t<\/div>\n\t\t\t\t\t\t\t\t\t<\/div>\n\n\t\t\t\t<div id=\"pp-accordion-tab-content-1386\" class=\"pp-faq-answer pp-accordion-tab-content\" data-tab=\"6\" aria-labelledby=\"pp-accordion-tab-title-1386\">\n\t\t\t\t\t<p>Manteniamo un sistema di qualit\u00e0 completo che copre sia la progettazione dei prodotti che i processi di produzione. Inoltre, il nostro laboratorio dedicato all'affidabilit\u00e0 conduce una serie di test per garantire la durata e le prestazioni di ogni prodotto.<\/p>\n\t\t\t\t<\/div>\n\t\t\t<\/div>\n\t\t\t\t\t\t<div class=\"pp-faq-item elementor-grid-item pp-accordion-item\">\n\t\t\t\t<div id=\"pp-accordion-tab-title-1387\" class=\"pp-faq-question pp-accordion-tab-title\" tabindex=\"0\" data-tab=\"7\" aria-controls=\"pp-accordion-tab-content-1387\" aria-expanded=\"false\">\n\t\t\t\t\t<div class=\"pp-accordion-title-icon\">\n\t\t\t\t\t\t\t\t\t\t\t\t\t\t\t\t\t\t<div class=\"pp-accordion-title-text\">\n\t\t\t\t\t\t\tD: 7. Qual \u00e8 il metodo di pagamento?\t\t\t\t\t\t<\/div>\n\t\t\t\t\t<\/div>\n\t\t\t\t\t\t\t\t\t\t\t<div class=\"pp-accordion-toggle-icon\">\n\t\t\t\t\t\t\t\t\t\t\t\t\t\t\t<span class='pp-accordion-toggle-icon-close pp-icon'>\n\t\t\t\t\t\t\t\t\t<i aria-hidden=\"true\" class=\"fas fa-plus\"><\/i>\t\t\t\t\t\t\t\t<\/span>\n\t\t\t\t\t\t\t\t\t\t\t\t\t\t\t\t\t\t\t\t\t\t<span class='pp-accordion-toggle-icon-open pp-icon'>\n\t\t\t\t\t\t\t\t\t<i aria-hidden=\"true\" class=\"fas fa-minus\"><\/i>\t\t\t\t\t\t\t\t<\/span>\n\t\t\t\t\t\t\t\t\t\t\t\t\t<\/div>\n\t\t\t\t\t\t\t\t\t<\/div>\n\n\t\t\t\t<div id=\"pp-accordion-tab-content-1387\" class=\"pp-faq-answer pp-accordion-tab-content\" data-tab=\"7\" aria-labelledby=\"pp-accordion-tab-title-1387\">\n\t\t\t\t\t<p>I nostri termini di pagamento sono personalizzati per ogni transazione. Quando forniamo un preventivo, confermiamo i termini della transazione (ad esempio, FOB, CIF, CNF). Per gli ordini di produzione in serie, \u00e8 richiesto un anticipo di 80%, mentre il saldo \u00e8 dovuto al ricevimento della polizza di carico. Il metodo di pagamento pi\u00f9 comune \u00e8 T\/T, anche se \u00e8 accettata anche la L\/C.<\/p>\n\t\t\t\t<\/div>\n\t\t\t<\/div>\n\t\t\t\t\t\t<div class=\"pp-faq-item elementor-grid-item pp-accordion-item\">\n\t\t\t\t<div id=\"pp-accordion-tab-title-1388\" class=\"pp-faq-question pp-accordion-tab-title\" tabindex=\"0\" data-tab=\"8\" aria-controls=\"pp-accordion-tab-content-1388\" aria-expanded=\"false\">\n\t\t\t\t\t<div class=\"pp-accordion-title-icon\">\n\t\t\t\t\t\t\t\t\t\t\t\t\t\t\t\t\t\t<div class=\"pp-accordion-title-text\">\n\t\t\t\t\t\t\tD: 8. Come verr\u00e0 consegnata la merce al cliente?\t\t\t\t\t\t<\/div>\n\t\t\t\t\t<\/div>\n\t\t\t\t\t\t\t\t\t\t\t<div class=\"pp-accordion-toggle-icon\">\n\t\t\t\t\t\t\t\t\t\t\t\t\t\t\t<span class='pp-accordion-toggle-icon-close pp-icon'>\n\t\t\t\t\t\t\t\t\t<i aria-hidden=\"true\" class=\"fas fa-plus\"><\/i>\t\t\t\t\t\t\t\t<\/span>\n\t\t\t\t\t\t\t\t\t\t\t\t\t\t\t\t\t\t\t\t\t\t<span class='pp-accordion-toggle-icon-open pp-icon'>\n\t\t\t\t\t\t\t\t\t<i aria-hidden=\"true\" class=\"fas fa-minus\"><\/i>\t\t\t\t\t\t\t\t<\/span>\n\t\t\t\t\t\t\t\t\t\t\t\t\t<\/div>\n\t\t\t\t\t\t\t\t\t<\/div>\n\n\t\t\t\t<div id=\"pp-accordion-tab-content-1388\" class=\"pp-faq-answer pp-accordion-tab-content\" data-tab=\"8\" aria-labelledby=\"pp-accordion-tab-title-1388\">\n\t\t\t\t\t<p>In genere spediamo via mare dai nostri porti di Shenzhen o Qingdao, a seconda della destinazione. Per gli ordini urgenti, offriamo anche il trasporto aereo, espresso o altri metodi logistici. Il nostro obiettivo \u00e8 quello di soddisfare le esigenze dei nostri clienti riducendo al minimo i costi logistici.<\/p>\n\t\t\t\t<\/div>\n\t\t\t<\/div>\n\t\t\t\t\t<\/div>\n\t\t\t\t<\/div>\n\t\t\t\t<\/div>\n\t\t\t\t\t<\/div>\n\t\t<\/div>\n\t\t\t\t\t\t\t<\/div>\n\t\t<\/section>\n\t\t\t\t\t\t\t<\/div>","protected":false},"excerpt":{"rendered":"<p>FAQ Q: 1. How long does it take to get a reply after we send you an inquiry? We will respond within 12 hours on working days. Q: 2. Are you a direct manufacturer or a trading company? We are a factory with our own international trade department, meaning we both produce and sell our [&hellip;]<\/p>","protected":false},"author":1,"featured_media":0,"parent":0,"menu_order":0,"comment_status":"closed","ping_status":"closed","template":"","meta":{"footnotes":""},"class_list":["post-2794","page","type-page","status-publish","hentry"],"yoast_head":"<!-- This site is optimized with the Yoast SEO Premium plugin v25.0 (Yoast SEO v25.0) - https:\/\/yoast.com\/wordpress\/plugins\/seo\/ -->\n<title>FAQ - HafniumTech<\/title>\n<meta name=\"robots\" content=\"index, follow, max-snippet:-1, max-image-preview:large, max-video-preview:-1\" \/>\n<link rel=\"canonical\" href=\"https:\/\/www.hafniumtech.com\/it\/faq\/\" \/>\n<meta property=\"og:locale\" content=\"it_IT\" \/>\n<meta property=\"og:type\" content=\"article\" \/>\n<meta property=\"og:title\" content=\"FAQ\" \/>\n<meta property=\"og:description\" content=\"FAQ Q: 1. How long does it take to get a reply after we send you an inquiry? We will respond within 12 hours on working days. Q: 2. Are you a direct manufacturer or a trading company? We are a factory with our own international trade department, meaning we both produce and sell our [&hellip;]\" \/>\n<meta property=\"og:url\" content=\"https:\/\/www.hafniumtech.com\/it\/faq\/\" \/>\n<meta property=\"og:site_name\" content=\"HafniumTech\" \/>\n<meta property=\"article:publisher\" content=\"https:\/\/www.facebook.com\/profile.php?id=61570267424696\" \/>\n<meta property=\"article:modified_time\" content=\"2025-03-30T14:28:37+00:00\" \/>\n<meta name=\"twitter:card\" content=\"summary_large_image\" \/>\n<meta name=\"twitter:site\" content=\"@HafniumTech\" \/>\n<meta name=\"twitter:label1\" content=\"Tempo di lettura stimato\" \/>\n\t<meta name=\"twitter:data1\" content=\"3 minuti\" \/>\n<script type=\"application\/ld+json\" class=\"yoast-schema-graph\">{\"@context\":\"https:\/\/schema.org\",\"@graph\":[{\"@type\":\"WebPage\",\"@id\":\"https:\/\/www.hafniumtech.com\/faq\/\",\"url\":\"https:\/\/www.hafniumtech.com\/faq\/\",\"name\":\"FAQ - HafniumTech\",\"isPartOf\":{\"@id\":\"https:\/\/www.hafniumtech.com\/#website\"},\"datePublished\":\"2025-03-14T01:47:45+00:00\",\"dateModified\":\"2025-03-30T14:28:37+00:00\",\"breadcrumb\":{\"@id\":\"https:\/\/www.hafniumtech.com\/faq\/#breadcrumb\"},\"inLanguage\":\"it-IT\",\"potentialAction\":[{\"@type\":\"ReadAction\",\"target\":[\"https:\/\/www.hafniumtech.com\/faq\/\"]}]},{\"@type\":\"BreadcrumbList\",\"@id\":\"https:\/\/www.hafniumtech.com\/faq\/#breadcrumb\",\"itemListElement\":[{\"@type\":\"ListItem\",\"position\":1,\"name\":\"\u9996\u9875\",\"item\":\"https:\/\/www.hafniumtech.com\/\"},{\"@type\":\"ListItem\",\"position\":2,\"name\":\"FAQ\"}]},{\"@type\":\"WebSite\",\"@id\":\"https:\/\/www.hafniumtech.com\/#website\",\"url\":\"https:\/\/www.hafniumtech.com\/\",\"name\":\"Shenzhen Hafnium Technology Co., Ltd.\",\"description\":\"\",\"publisher\":{\"@id\":\"https:\/\/www.hafniumtech.com\/#organization\"},\"potentialAction\":[{\"@type\":\"SearchAction\",\"target\":{\"@type\":\"EntryPoint\",\"urlTemplate\":\"https:\/\/www.hafniumtech.com\/?s={search_term_string}\"},\"query-input\":{\"@type\":\"PropertyValueSpecification\",\"valueRequired\":true,\"valueName\":\"search_term_string\"}}],\"inLanguage\":\"it-IT\"},{\"@type\":\"Organization\",\"@id\":\"https:\/\/www.hafniumtech.com\/#organization\",\"name\":\"Shenzhen Hafnium Technology Co., Ltd.\",\"url\":\"https:\/\/www.hafniumtech.com\/\",\"logo\":{\"@type\":\"ImageObject\",\"inLanguage\":\"it-IT\",\"@id\":\"https:\/\/www.hafniumtech.com\/#\/schema\/logo\/image\/\",\"url\":\"https:\/\/www.hafniumtech.com\/wp-content\/uploads\/2025\/03\/168-53_.jpg\",\"contentUrl\":\"https:\/\/www.hafniumtech.com\/wp-content\/uploads\/2025\/03\/168-53_.jpg\",\"width\":336,\"height\":106,\"caption\":\"Shenzhen Hafnium Technology Co., Ltd.\"},\"image\":{\"@id\":\"https:\/\/www.hafniumtech.com\/#\/schema\/logo\/image\/\"},\"sameAs\":[\"https:\/\/www.facebook.com\/profile.php?id=61570267424696\",\"https:\/\/x.com\/HafniumTech\"]}]}<\/script>\n<!-- \/ Yoast SEO Premium plugin. -->","yoast_head_json":{"title":"FAQ - HafniumTech","robots":{"index":"index","follow":"follow","max-snippet":"max-snippet:-1","max-image-preview":"max-image-preview:large","max-video-preview":"max-video-preview:-1"},"canonical":"https:\/\/www.hafniumtech.com\/it\/faq\/","og_locale":"it_IT","og_type":"article","og_title":"FAQ","og_description":"FAQ Q: 1. How long does it take to get a reply after we send you an inquiry? We will respond within 12 hours on working days. Q: 2. Are you a direct manufacturer or a trading company? We are a factory with our own international trade department, meaning we both produce and sell our [&hellip;]","og_url":"https:\/\/www.hafniumtech.com\/it\/faq\/","og_site_name":"HafniumTech","article_publisher":"https:\/\/www.facebook.com\/profile.php?id=61570267424696","article_modified_time":"2025-03-30T14:28:37+00:00","twitter_card":"summary_large_image","twitter_site":"@HafniumTech","twitter_misc":{"Tempo di lettura stimato":"3 minuti"},"schema":{"@context":"https:\/\/schema.org","@graph":[{"@type":"WebPage","@id":"https:\/\/www.hafniumtech.com\/faq\/","url":"https:\/\/www.hafniumtech.com\/faq\/","name":"FAQ - HafniumTech","isPartOf":{"@id":"https:\/\/www.hafniumtech.com\/#website"},"datePublished":"2025-03-14T01:47:45+00:00","dateModified":"2025-03-30T14:28:37+00:00","breadcrumb":{"@id":"https:\/\/www.hafniumtech.com\/faq\/#breadcrumb"},"inLanguage":"it-IT","potentialAction":[{"@type":"ReadAction","target":["https:\/\/www.hafniumtech.com\/faq\/"]}]},{"@type":"BreadcrumbList","@id":"https:\/\/www.hafniumtech.com\/faq\/#breadcrumb","itemListElement":[{"@type":"ListItem","position":1,"name":"\u9996\u9875","item":"https:\/\/www.hafniumtech.com\/"},{"@type":"ListItem","position":2,"name":"FAQ"}]},{"@type":"WebSite","@id":"https:\/\/www.hafniumtech.com\/#website","url":"https:\/\/www.hafniumtech.com\/","name":"Shenzhen Hafnium Technology Co., Ltd.","description":"","publisher":{"@id":"https:\/\/www.hafniumtech.com\/#organization"},"potentialAction":[{"@type":"SearchAction","target":{"@type":"EntryPoint","urlTemplate":"https:\/\/www.hafniumtech.com\/?s={search_term_string}"},"query-input":{"@type":"PropertyValueSpecification","valueRequired":true,"valueName":"search_term_string"}}],"inLanguage":"it-IT"},{"@type":"Organization","@id":"https:\/\/www.hafniumtech.com\/#organization","name":"Shenzhen Hafnium Technology Co., Ltd.","url":"https:\/\/www.hafniumtech.com\/","logo":{"@type":"ImageObject","inLanguage":"it-IT","@id":"https:\/\/www.hafniumtech.com\/#\/schema\/logo\/image\/","url":"https:\/\/www.hafniumtech.com\/wp-content\/uploads\/2025\/03\/168-53_.jpg","contentUrl":"https:\/\/www.hafniumtech.com\/wp-content\/uploads\/2025\/03\/168-53_.jpg","width":336,"height":106,"caption":"Shenzhen Hafnium Technology Co., Ltd."},"image":{"@id":"https:\/\/www.hafniumtech.com\/#\/schema\/logo\/image\/"},"sameAs":["https:\/\/www.facebook.com\/profile.php?id=61570267424696","https:\/\/x.com\/HafniumTech"]}]}},"_links":{"self":[{"href":"https:\/\/www.hafniumtech.com\/it\/wp-json\/wp\/v2\/pages\/2794","targetHints":{"allow":["GET"]}}],"collection":[{"href":"https:\/\/www.hafniumtech.com\/it\/wp-json\/wp\/v2\/pages"}],"about":[{"href":"https:\/\/www.hafniumtech.com\/it\/wp-json\/wp\/v2\/types\/page"}],"author":[{"embeddable":true,"href":"https:\/\/www.hafniumtech.com\/it\/wp-json\/wp\/v2\/users\/1"}],"replies":[{"embeddable":true,"href":"https:\/\/www.hafniumtech.com\/it\/wp-json\/wp\/v2\/comments?post=2794"}],"version-history":[{"count":31,"href":"https:\/\/www.hafniumtech.com\/it\/wp-json\/wp\/v2\/pages\/2794\/revisions"}],"predecessor-version":[{"id":3303,"href":"https:\/\/www.hafniumtech.com\/it\/wp-json\/wp\/v2\/pages\/2794\/revisions\/3303"}],"wp:attachment":[{"href":"https:\/\/www.hafniumtech.com\/it\/wp-json\/wp\/v2\/media?parent=2794"}],"curies":[{"name":"wp","href":"https:\/\/api.w.org\/{rel}","templated":true}]}}