{"id":3566,"date":"2025-05-02T21:42:10","date_gmt":"2025-05-02T13:42:10","guid":{"rendered":"http:\/\/www.hafniumtech.com\/?post_type=product&#038;p=3566"},"modified":"2025-05-02T22:15:01","modified_gmt":"2025-05-02T14:15:01","slug":"new-launch-300b-300a-cnc-water-cooling-torch-for-fine-metal-plasma-cutting-cnc-plasma-cutting-machine-torch-cnc-plasma-torch","status":"publish","type":"product","link":"https:\/\/www.hafniumtech.com\/it\/prodotto\/new-launch-300b-300a-cnc-water-cooling-torch-for-fine-metal-plasma-cutting-cnc-plasma-cutting-machine-torch-cnc-plasma-torch\/","title":{"rendered":"Nuovo lancio 300B 300A CNC torcia di raffreddamento ad acqua per il taglio al plasma del metallo fine Torcia della macchina di taglio al plasma di CNC Torcia al plasma di CNC"},"content":{"rendered":"<table style=\"border-collapse: collapse; width: 737px; height: 292px;\" border=\"0\" width=\"953\" cellspacing=\"0\" cellpadding=\"0\">\n<tbody>\n<tr style=\"height: 15.00pt;\">\n<td class=\"et2\" style=\"height: 15pt; width: 194pt; text-align: center;\" width=\"388\" height=\"30\"><strong>Articolo<\/strong><\/td>\n<td class=\"et3\" style=\"width: 33pt; text-align: center;\" width=\"66\"><strong>Unit\u00e0<\/strong><\/td>\n<td class=\"et3\" style=\"width: 127.5pt; text-align: center;\" width=\"255\"><strong>Parametro<\/strong><\/td>\n<td class=\"et3\" style=\"width: 122pt; text-align: center;\" width=\"244\"><strong>Nota<\/strong><\/td>\n<\/tr>\n<tr style=\"height: 15.00pt;\">\n<td class=\"et4\" style=\"height: 15pt; width: 194pt; text-align: center;\" width=\"388\" height=\"30\">Corrente nominale<\/td>\n<td class=\"et5\" style=\"width: 33pt; text-align: center;\" width=\"66\">A<\/td>\n<td class=\"et5\" style=\"width: 127.5pt; text-align: center;\" width=\"255\">300<\/td>\n<td class=\"et5\" style=\"width: 122pt; text-align: center;\" width=\"244\">-<\/td>\n<\/tr>\n<tr style=\"height: 15.00pt;\">\n<td class=\"et4\" style=\"height: 15pt; width: 194pt; text-align: center;\" width=\"388\" height=\"30\">Ciclo di lavoro nominale<\/td>\n<td class=\"et5\" style=\"width: 33pt; text-align: center;\" width=\"66\">&#8212;<\/td>\n<td class=\"et5\" style=\"width: 127.5pt; text-align: center;\" width=\"255\">100% (raffreddamento ad acqua)<\/td>\n<td class=\"et5\" style=\"width: 122pt; text-align: center;\" width=\"244\">-<\/td>\n<\/tr>\n<tr style=\"height: 15.00pt;\">\n<td class=\"et4\" style=\"height: 15pt; width: 194pt; text-align: center;\" width=\"388\" height=\"30\">Pressione nominale dell'aria<\/td>\n<td class=\"et5\" style=\"width: 33pt; text-align: center;\" width=\"66\">Mpa<\/td>\n<td class=\"et5\" style=\"width: 127.5pt; text-align: center;\" width=\"255\">0.4<\/td>\n<td class=\"et5\" style=\"width: 122pt; text-align: center;\" width=\"244\">-<\/td>\n<\/tr>\n<tr style=\"height: 15.00pt;\">\n<td class=\"et4\" style=\"height: 15pt; width: 194pt; text-align: center;\" width=\"388\" height=\"30\">Spessore massimo stimato del foro<\/td>\n<td class=\"et5\" style=\"width: 33pt; text-align: center;\" width=\"66\">mm<\/td>\n<td class=\"et5\" style=\"width: 127.5pt; text-align: center;\" width=\"255\">32 (CS)<\/td>\n<td class=\"et5\" style=\"width: 122pt; text-align: center;\" width=\"244\">-<\/td>\n<\/tr>\n<tr style=\"height: 30.00pt;\">\n<td class=\"et4\" style=\"height: 30pt; width: 194pt; text-align: center;\" width=\"388\" height=\"60\">Flusso nominale del refrigerante di lavoro<\/td>\n<td class=\"et5\" style=\"width: 33pt; text-align: center;\" width=\"66\">L\/min<\/td>\n<td class=\"et5\" style=\"width: 127.5pt; text-align: center;\" width=\"255\">\u22652.6<\/td>\n<td class=\"et7\" style=\"width: 122pt; text-align: center;\" width=\"244\">Come base per la scelta del refrigerante<\/td>\n<\/tr>\n<tr style=\"height: 15.00pt;\">\n<td class=\"et4\" style=\"height: 15pt; width: 194pt; text-align: center;\" width=\"388\" height=\"30\">Pressione MAX del circuito del tubo del refrigerante<\/td>\n<td class=\"et5\" style=\"width: 33pt; text-align: center;\" width=\"66\">Mpa<\/td>\n<td class=\"et5\" style=\"width: 127.5pt; text-align: center;\" width=\"255\">1.5<\/td>\n<td class=\"et5\" style=\"width: 122pt; text-align: center;\" width=\"244\">&#8212;<\/td>\n<\/tr>\n<tr style=\"height: 15.00pt;\">\n<td class=\"et4\" style=\"height: 15pt; width: 194pt; text-align: center;\" width=\"388\" height=\"30\">Pressione MAX del circuito del tubo dell'aria<\/td>\n<td class=\"et5\" style=\"width: 33pt; text-align: center;\" width=\"66\">Mpa<\/td>\n<td class=\"et5\" style=\"width: 127.5pt; text-align: center;\" width=\"255\">1<\/td>\n<td class=\"et5\" style=\"width: 122pt; text-align: center;\" width=\"244\">&#8212;<\/td>\n<\/tr>\n<tr style=\"height: 15.00pt;\">\n<td class=\"et4\" style=\"height: 15pt; width: 194pt; text-align: center;\" width=\"388\" height=\"30\">Modalit\u00e0 arco pilota<\/td>\n<td class=\"et5\" style=\"width: 33pt; text-align: center;\" width=\"66\">&#8212;<\/td>\n<td class=\"et5\" style=\"width: 127.5pt; text-align: center;\" width=\"255\">HF<\/td>\n<td class=\"et5\" style=\"width: 122pt; text-align: center;\" width=\"244\">&#8212;<\/td>\n<\/tr>\n<tr style=\"height: 15.00pt;\">\n<td class=\"et4\" style=\"height: 15pt; width: 194pt; text-align: center;\" width=\"388\" height=\"30\">Modalit\u00e0 di raffreddamento<\/td>\n<td class=\"et5\" style=\"width: 33pt; text-align: center;\" width=\"66\">&#8212;<\/td>\n<td class=\"et5\" style=\"width: 127.5pt; text-align: center;\" width=\"255\">Raffreddamento ad acqua<\/td>\n<td class=\"et5\" style=\"width: 122pt; text-align: center;\" width=\"244\">&#8212;<\/td>\n<\/tr>\n<tr style=\"height: 15.00pt;\">\n<td class=\"et4\" style=\"height: 15pt; width: 194pt; text-align: center;\" width=\"388\" height=\"30\">Gas<\/td>\n<td class=\"et5\" style=\"width: 33pt; text-align: center;\" width=\"66\">&#8212;<\/td>\n<td class=\"et5\" style=\"width: 127.5pt; text-align: center;\" width=\"255\">Aria compressa<\/td>\n<td class=\"et5\" style=\"width: 122pt; text-align: center;\" width=\"244\">&#8212;<\/td>\n<\/tr>\n<tr style=\"height: 16.50pt;\">\n<td class=\"et4\" style=\"height: 16.5pt; width: 194pt; text-align: center;\" width=\"388\" height=\"33\">Diametro<\/td>\n<td class=\"et5\" style=\"width: 33pt; text-align: center;\" width=\"66\">Mm<\/td>\n<td class=\"et5\" style=\"width: 127.5pt; text-align: center;\" width=\"255\">\u03a650<\/td>\n<td class=\"et8\" style=\"text-align: center;\"><\/td>\n<\/tr>\n<tr style=\"height: 15.00pt;\">\n<td class=\"et4\" style=\"height: 15pt; width: 194pt; text-align: center;\" width=\"388\" height=\"30\">Peso netto<\/td>\n<td class=\"et5\" style=\"width: 33pt; text-align: center;\" width=\"66\">kg<\/td>\n<td class=\"et5\" style=\"width: 127.5pt; text-align: center;\" width=\"255\">1.56<\/td>\n<td class=\"et5\" style=\"width: 122pt; text-align: center;\" width=\"244\">Non include il cavo della torcia<\/td>\n<\/tr>\n<\/tbody>\n<\/table>\n<p>&nbsp;<\/p>\n<table style=\"height: 107px;\" width=\"629\">\n<tbody>\n<tr>\n<td style=\"text-align: center;\" width=\"315\"><strong>Torcia<\/strong><\/td>\n<td style=\"text-align: center;\" width=\"413\"><strong>Sorgente di alimentazione per il taglio al plasma<\/strong><\/td>\n<td style=\"text-align: center;\" width=\"159\"><strong>Lunghezza del cavo<\/strong><\/td>\n<\/tr>\n<tr>\n<td style=\"text-align: center;\" width=\"315\">HFT-300B1<\/td>\n<td style=\"text-align: center;\" width=\"413\">LG-200HA LG-200HA Pro<\/td>\n<td style=\"text-align: center;\" width=\"159\">1.6m<\/td>\n<\/tr>\n<tr>\n<td style=\"text-align: center;\" width=\"315\">HFT-300B2<\/td>\n<td style=\"text-align: center;\" width=\"413\">LGK-200HD LGK-200IGBT<\/td>\n<td style=\"text-align: center;\" width=\"159\">8m<\/td>\n<\/tr>\n<tr>\n<td style=\"text-align: center;\" width=\"315\">HFT-300B3<\/td>\n<td style=\"text-align: center;\" width=\"413\">LGK-300HD LGK-300IGBT<\/td>\n<td style=\"text-align: center;\" width=\"159\">8m<\/td>\n<\/tr>\n<tr>\n<td style=\"text-align: center;\" width=\"315\">HFT-300B4, (spruzzo d'acqua)<\/td>\n<td style=\"text-align: center;\" width=\"413\">LGK-300HD LGK-300IGBT<\/td>\n<td style=\"text-align: center;\" width=\"159\">8m<\/td>\n<\/tr>\n<\/tbody>\n<\/table>","protected":false},"excerpt":{"rendered":"<p class=\"\" data-start=\"0\" data-end=\"31\"><strong data-start=\"0\" data-end=\"29\">Torcia di taglio al plasma 300B<\/strong><\/p>\n<p class=\"\" data-start=\"33\" data-end=\"184\">Una torcia versatile, progettata per essere compatibile con la maggior parte delle sorgenti di alimentazione al plasma, ottimamente accoppiata con le nostre unit\u00e0 consigliate per sbloccare tutto il suo potenziale.<\/p>\n<ul data-start=\"186\" data-end=\"1023\" data-is-last-node=\"\" data-is-only-node=\"\">\n<li class=\"\" data-start=\"186\" data-end=\"315\">\n<p class=\"\" data-start=\"188\" data-end=\"315\"><strong data-start=\"188\" data-end=\"215\">Compatibilit\u00e0 universale<\/strong>: Funziona con un'ampia gamma di alimentatori al plasma; le prestazioni migliori si ottengono con i sistemi da noi consigliati.<\/p>\n<\/li>\n<li class=\"\" data-start=\"316\" data-end=\"417\">\n<p class=\"\" data-start=\"318\" data-end=\"417\"><strong data-start=\"318\" data-end=\"349\">100 % Ciclo di lavoro (30-300 A)<\/strong>: Funzionamento continuo su tutta la gamma 30-300 A, senza tempi di inattivit\u00e0.<\/p>\n<\/li>\n<li class=\"\" data-start=\"418\" data-end=\"497\">\n<p class=\"\" data-start=\"420\" data-end=\"497\"><strong data-start=\"420\" data-end=\"441\">Arco di uscita stabile<\/strong>: Fornisce plasma costante per tagli uniformi e precisi.<\/p>\n<\/li>\n<li class=\"\" data-start=\"498\" data-end=\"591\">\n<p class=\"\" data-start=\"500\" data-end=\"591\"><strong data-start=\"500\" data-end=\"525\">Superficie di taglio pulita<\/strong>: Riduce al minimo le scorie e la pulizia dei bordi per velocizzare il lavoro in post-processing.<\/p>\n<\/li>\n<li class=\"\" data-start=\"592\" data-end=\"697\">\n<p class=\"\" data-start=\"594\" data-end=\"697\"><strong data-start=\"594\" data-end=\"619\">Materiali di consumo a lunga durata<\/strong>: I materiali temprati prolungano la durata della punta e dell'ugello, riducendo i costi di sostituzione.<\/p>\n<\/li>\n<li class=\"\" data-start=\"698\" data-end=\"786\">\n<p class=\"\" data-start=\"700\" data-end=\"786\"><strong data-start=\"700\" data-end=\"722\">Alta velocit\u00e0 di taglio<\/strong>: La velocit\u00e0 di traslazione rapida aumenta la produttivit\u00e0 su materiali standard.<\/p>\n<\/li>\n<li class=\"\" data-start=\"787\" data-end=\"1023\">\n<p class=\"\" data-start=\"789\" data-end=\"1023\"><strong data-start=\"789\" data-end=\"812\">Acqua nebulizzata opzionale<\/strong>: Compatibile con il taglio a nebbia d'acqua su metalli non ferrosi (ad esempio, acciaio inossidabile) per ridurre i fumi e l'ossidazione; si noti che questa soluzione pu\u00f2 ridurre leggermente la qualit\u00e0 del taglio e non \u00e8 consigliata su macchine con potenza inferiore a 300 A.<\/p>\n<\/li>\n<\/ul>","protected":false},"featured_media":3568,"comment_status":"open","ping_status":"closed","template":"","meta":[],"product_brand":[],"product_cat":[54],"product_tag":[378,379,380,381,382,383,384,385,386],"class_list":{"0":"post-3566","1":"product","2":"type-product","3":"status-publish","4":"has-post-thumbnail","6":"product_cat-plasma-cutting-torch","7":"product_tag-cnc-plasma-cutting-machine-torch","8":"product_tag-cnc-plasma-torch","9":"product_tag-cnc-plasma-torch-cutting","10":"product_tag-plasma-torch-cnc","11":"product_tag-plasma-cutting-machine-torch","12":"product_tag-plasma-torch","13":"product_tag-plasma-cutting-torch","14":"product_tag-torch-plasma","15":"product_tag-p80-plasma-torch","16":"stm_brands-hafniumtech","18":"first","19":"instock","20":"shipping-taxable","21":"product-type-simple"},"yoast_head":"<!-- This site is optimized with the Yoast SEO Premium plugin v25.0 (Yoast SEO v25.0) - https:\/\/yoast.com\/wordpress\/plugins\/seo\/ -->\n<title>New Launch 300B 300A CNC Water Cooling Torch for Fine Metal Plasma Cutting CNC Plasma Cutting Machine Torch CNC Plasma torch - HafniumTech<\/title>\n<meta name=\"robots\" content=\"index, follow, max-snippet:-1, max-image-preview:large, max-video-preview:-1\" \/>\n<link rel=\"canonical\" href=\"https:\/\/www.hafniumtech.com\/it\/prodotto\/new-launch-300b-300a-cnc-water-cooling-torch-for-fine-metal-plasma-cutting-cnc-plasma-cutting-machine-torch-cnc-plasma-torch\/\" \/>\n<meta property=\"og:locale\" content=\"it_IT\" \/>\n<meta property=\"og:type\" content=\"article\" \/>\n<meta property=\"og:title\" content=\"New Launch 300B 300A CNC Water Cooling Torch for Fine Metal Plasma Cutting CNC Plasma Cutting Machine Torch CNC Plasma torch\" \/>\n<meta property=\"og:description\" content=\"300B Plasma Cutting Torch A versatile torch engineered for compatibility with most plasma power sources\u2014optimally paired with our recommended units to unlock its full potential.     Universal Compatibility: Works with a wide range of plasma power supplies; best performance with our recommended systems.    100\u202f% Duty Cycle (30\u2013300\u202fA): Continuous operation across the full 30\u2013300\u202fA range\u2014no downtime.    Stable Output Arc: Delivers consistent plasma for smooth, precise cuts.    Clean Cutting Surface: Minimizes dross and edge cleanup for faster post\u2011process work.    Long\u2011Life Consumables: Hardened materials extend tip and nozzle life, reducing replacement costs.    High Cutting Speed: Rapid traverse rates boost throughput on standard materials.    Water\u2011Mist Optional: Compatible with water\u2011mist cutting on non\u2011ferrous metals (e.g., stainless steel) for reduced fumes and oxidation\u2014note that this may slightly diminish cut quality and is not recommended on machines under 300\u202fA.\" \/>\n<meta property=\"og:url\" content=\"https:\/\/www.hafniumtech.com\/it\/prodotto\/new-launch-300b-300a-cnc-water-cooling-torch-for-fine-metal-plasma-cutting-cnc-plasma-cutting-machine-torch-cnc-plasma-torch\/\" \/>\n<meta property=\"og:site_name\" content=\"HafniumTech\" \/>\n<meta property=\"article:publisher\" content=\"https:\/\/www.facebook.com\/profile.php?id=61570267424696\" \/>\n<meta property=\"article:modified_time\" content=\"2025-05-02T14:15:01+00:00\" \/>\n<meta property=\"og:image\" content=\"https:\/\/www.hafniumtech.com\/wp-content\/uploads\/2025\/05\/Main-01-white.png\" \/>\n\t<meta property=\"og:image:width\" content=\"1000\" \/>\n\t<meta property=\"og:image:height\" content=\"1000\" \/>\n\t<meta property=\"og:image:type\" content=\"image\/png\" \/>\n<meta name=\"twitter:card\" content=\"summary_large_image\" \/>\n<meta name=\"twitter:site\" content=\"@HafniumTech\" \/>\n<meta name=\"twitter:label1\" content=\"Prezzo\" \/>\n\t<meta name=\"twitter:data1\" content=\"\" \/>\n\t<meta name=\"twitter:label2\" content=\"Disponibilit\u00e0\" \/>\n\t<meta name=\"twitter:data2\" content=\"In stock\" \/>\n<script type=\"application\/ld+json\" class=\"yoast-schema-graph\">{\"@context\":\"https:\/\/schema.org\",\"@graph\":[{\"@type\":\"WebPage\",\"@id\":\"https:\/\/www.hafniumtech.com\/product\/new-launch-300b-300a-cnc-water-cooling-torch-for-fine-metal-plasma-cutting-cnc-plasma-cutting-machine-torch-cnc-plasma-torch\/\",\"url\":\"https:\/\/www.hafniumtech.com\/product\/new-launch-300b-300a-cnc-water-cooling-torch-for-fine-metal-plasma-cutting-cnc-plasma-cutting-machine-torch-cnc-plasma-torch\/\",\"name\":\"New Launch 300B 300A CNC Water Cooling Torch for Fine Metal Plasma Cutting CNC Plasma Cutting Machine Torch CNC Plasma torch - HafniumTech\",\"isPartOf\":{\"@id\":\"https:\/\/www.hafniumtech.com\/#website\"},\"primaryImageOfPage\":{\"@id\":\"https:\/\/www.hafniumtech.com\/product\/new-launch-300b-300a-cnc-water-cooling-torch-for-fine-metal-plasma-cutting-cnc-plasma-cutting-machine-torch-cnc-plasma-torch\/#primaryimage\"},\"image\":{\"@id\":\"https:\/\/www.hafniumtech.com\/product\/new-launch-300b-300a-cnc-water-cooling-torch-for-fine-metal-plasma-cutting-cnc-plasma-cutting-machine-torch-cnc-plasma-torch\/#primaryimage\"},\"thumbnailUrl\":\"https:\/\/www.hafniumtech.com\/wp-content\/uploads\/2025\/05\/Main-01-white.png\",\"datePublished\":\"2025-05-02T13:42:10+00:00\",\"dateModified\":\"2025-05-02T14:15:01+00:00\",\"breadcrumb\":{\"@id\":\"https:\/\/www.hafniumtech.com\/product\/new-launch-300b-300a-cnc-water-cooling-torch-for-fine-metal-plasma-cutting-cnc-plasma-cutting-machine-torch-cnc-plasma-torch\/#breadcrumb\"},\"inLanguage\":\"it-IT\",\"potentialAction\":[{\"@type\":\"ReadAction\",\"target\":[\"https:\/\/www.hafniumtech.com\/product\/new-launch-300b-300a-cnc-water-cooling-torch-for-fine-metal-plasma-cutting-cnc-plasma-cutting-machine-torch-cnc-plasma-torch\/\"]}]},{\"@type\":\"ImageObject\",\"inLanguage\":\"it-IT\",\"@id\":\"https:\/\/www.hafniumtech.com\/product\/new-launch-300b-300a-cnc-water-cooling-torch-for-fine-metal-plasma-cutting-cnc-plasma-cutting-machine-torch-cnc-plasma-torch\/#primaryimage\",\"url\":\"https:\/\/www.hafniumtech.com\/wp-content\/uploads\/2025\/05\/Main-01-white.png\",\"contentUrl\":\"https:\/\/www.hafniumtech.com\/wp-content\/uploads\/2025\/05\/Main-01-white.png\",\"width\":1000,\"height\":1000},{\"@type\":\"BreadcrumbList\",\"@id\":\"https:\/\/www.hafniumtech.com\/product\/new-launch-300b-300a-cnc-water-cooling-torch-for-fine-metal-plasma-cutting-cnc-plasma-cutting-machine-torch-cnc-plasma-torch\/#breadcrumb\",\"itemListElement\":[{\"@type\":\"ListItem\",\"position\":1,\"name\":\"\u9996\u9875\",\"item\":\"https:\/\/www.hafniumtech.com\/\"},{\"@type\":\"ListItem\",\"position\":2,\"name\":\"Product\",\"item\":\"https:\/\/www.hafniumtech.com\/product\/\"},{\"@type\":\"ListItem\",\"position\":3,\"name\":\"New Launch 300B 300A CNC Water Cooling Torch for Fine Metal Plasma Cutting CNC Plasma Cutting Machine Torch CNC Plasma torch\"}]},{\"@type\":\"WebSite\",\"@id\":\"https:\/\/www.hafniumtech.com\/#website\",\"url\":\"https:\/\/www.hafniumtech.com\/\",\"name\":\"Shenzhen Hafnium Technology Co., Ltd.\",\"description\":\"\",\"publisher\":{\"@id\":\"https:\/\/www.hafniumtech.com\/#organization\"},\"potentialAction\":[{\"@type\":\"SearchAction\",\"target\":{\"@type\":\"EntryPoint\",\"urlTemplate\":\"https:\/\/www.hafniumtech.com\/?s={search_term_string}\"},\"query-input\":{\"@type\":\"PropertyValueSpecification\",\"valueRequired\":true,\"valueName\":\"search_term_string\"}}],\"inLanguage\":\"it-IT\"},{\"@type\":\"Organization\",\"@id\":\"https:\/\/www.hafniumtech.com\/#organization\",\"name\":\"Shenzhen Hafnium Technology Co., Ltd.\",\"url\":\"https:\/\/www.hafniumtech.com\/\",\"logo\":{\"@type\":\"ImageObject\",\"inLanguage\":\"it-IT\",\"@id\":\"https:\/\/www.hafniumtech.com\/#\/schema\/logo\/image\/\",\"url\":\"https:\/\/www.hafniumtech.com\/wp-content\/uploads\/2025\/03\/168-53_.jpg\",\"contentUrl\":\"https:\/\/www.hafniumtech.com\/wp-content\/uploads\/2025\/03\/168-53_.jpg\",\"width\":336,\"height\":106,\"caption\":\"Shenzhen Hafnium Technology Co., Ltd.\"},\"image\":{\"@id\":\"https:\/\/www.hafniumtech.com\/#\/schema\/logo\/image\/\"},\"sameAs\":[\"https:\/\/www.facebook.com\/profile.php?id=61570267424696\",\"https:\/\/x.com\/HafniumTech\"]}]}<\/script>\n<meta property=\"product:price:amount\" content=\"0.00\" \/>\n<meta property=\"product:price:currency\" content=\"USD\" \/>\n<meta property=\"og:availability\" content=\"instock\" \/>\n<meta property=\"product:availability\" content=\"instock\" \/>\n<meta property=\"product:retailer_item_id\" content=\"300B CNC Torch\" \/>\n<meta property=\"product:condition\" content=\"new\" \/>\n<!-- \/ Yoast SEO Premium plugin. -->","yoast_head_json":{"title":"New Launch 300B 300A CNC Water Cooling Torch for Fine Metal Plasma Cutting CNC Plasma Cutting Machine Torch CNC Plasma torch - HafniumTech","robots":{"index":"index","follow":"follow","max-snippet":"max-snippet:-1","max-image-preview":"max-image-preview:large","max-video-preview":"max-video-preview:-1"},"canonical":"https:\/\/www.hafniumtech.com\/it\/prodotto\/new-launch-300b-300a-cnc-water-cooling-torch-for-fine-metal-plasma-cutting-cnc-plasma-cutting-machine-torch-cnc-plasma-torch\/","og_locale":"it_IT","og_type":"article","og_title":"New Launch 300B 300A CNC Water Cooling Torch for Fine Metal Plasma Cutting CNC Plasma Cutting Machine Torch CNC Plasma torch","og_description":"300B Plasma Cutting Torch A versatile torch engineered for compatibility with most plasma power sources\u2014optimally paired with our recommended units to unlock its full potential.     Universal Compatibility: Works with a wide range of plasma power supplies; best performance with our recommended systems.    100\u202f% Duty Cycle (30\u2013300\u202fA): Continuous operation across the full 30\u2013300\u202fA range\u2014no downtime.    Stable Output Arc: Delivers consistent plasma for smooth, precise cuts.    Clean Cutting Surface: Minimizes dross and edge cleanup for faster post\u2011process work.    Long\u2011Life Consumables: Hardened materials extend tip and nozzle life, reducing replacement costs.    High Cutting Speed: Rapid traverse rates boost throughput on standard materials.    Water\u2011Mist Optional: Compatible with water\u2011mist cutting on non\u2011ferrous metals (e.g., stainless steel) for reduced fumes and oxidation\u2014note that this may slightly diminish cut quality and is not recommended on machines under 300\u202fA.","og_url":"https:\/\/www.hafniumtech.com\/it\/prodotto\/new-launch-300b-300a-cnc-water-cooling-torch-for-fine-metal-plasma-cutting-cnc-plasma-cutting-machine-torch-cnc-plasma-torch\/","og_site_name":"HafniumTech","article_publisher":"https:\/\/www.facebook.com\/profile.php?id=61570267424696","article_modified_time":"2025-05-02T14:15:01+00:00","og_image":[{"width":1000,"height":1000,"url":"https:\/\/www.hafniumtech.com\/wp-content\/uploads\/2025\/05\/Main-01-white.png","type":"image\/png"}],"twitter_card":"summary_large_image","twitter_site":"@HafniumTech","twitter_misc":{"Prezzo":"","Disponibilit\u00e0":"In stock"},"schema":{"@context":"https:\/\/schema.org","@graph":[{"@type":"WebPage","@id":"https:\/\/www.hafniumtech.com\/product\/new-launch-300b-300a-cnc-water-cooling-torch-for-fine-metal-plasma-cutting-cnc-plasma-cutting-machine-torch-cnc-plasma-torch\/","url":"https:\/\/www.hafniumtech.com\/product\/new-launch-300b-300a-cnc-water-cooling-torch-for-fine-metal-plasma-cutting-cnc-plasma-cutting-machine-torch-cnc-plasma-torch\/","name":"New Launch 300B 300A CNC Water Cooling Torch for Fine Metal Plasma Cutting CNC Plasma Cutting Machine Torch CNC Plasma torch - HafniumTech","isPartOf":{"@id":"https:\/\/www.hafniumtech.com\/#website"},"primaryImageOfPage":{"@id":"https:\/\/www.hafniumtech.com\/product\/new-launch-300b-300a-cnc-water-cooling-torch-for-fine-metal-plasma-cutting-cnc-plasma-cutting-machine-torch-cnc-plasma-torch\/#primaryimage"},"image":{"@id":"https:\/\/www.hafniumtech.com\/product\/new-launch-300b-300a-cnc-water-cooling-torch-for-fine-metal-plasma-cutting-cnc-plasma-cutting-machine-torch-cnc-plasma-torch\/#primaryimage"},"thumbnailUrl":"https:\/\/www.hafniumtech.com\/wp-content\/uploads\/2025\/05\/Main-01-white.png","datePublished":"2025-05-02T13:42:10+00:00","dateModified":"2025-05-02T14:15:01+00:00","breadcrumb":{"@id":"https:\/\/www.hafniumtech.com\/product\/new-launch-300b-300a-cnc-water-cooling-torch-for-fine-metal-plasma-cutting-cnc-plasma-cutting-machine-torch-cnc-plasma-torch\/#breadcrumb"},"inLanguage":"it-IT","potentialAction":[{"@type":"ReadAction","target":["https:\/\/www.hafniumtech.com\/product\/new-launch-300b-300a-cnc-water-cooling-torch-for-fine-metal-plasma-cutting-cnc-plasma-cutting-machine-torch-cnc-plasma-torch\/"]}]},{"@type":"ImageObject","inLanguage":"it-IT","@id":"https:\/\/www.hafniumtech.com\/product\/new-launch-300b-300a-cnc-water-cooling-torch-for-fine-metal-plasma-cutting-cnc-plasma-cutting-machine-torch-cnc-plasma-torch\/#primaryimage","url":"https:\/\/www.hafniumtech.com\/wp-content\/uploads\/2025\/05\/Main-01-white.png","contentUrl":"https:\/\/www.hafniumtech.com\/wp-content\/uploads\/2025\/05\/Main-01-white.png","width":1000,"height":1000},{"@type":"BreadcrumbList","@id":"https:\/\/www.hafniumtech.com\/product\/new-launch-300b-300a-cnc-water-cooling-torch-for-fine-metal-plasma-cutting-cnc-plasma-cutting-machine-torch-cnc-plasma-torch\/#breadcrumb","itemListElement":[{"@type":"ListItem","position":1,"name":"\u9996\u9875","item":"https:\/\/www.hafniumtech.com\/"},{"@type":"ListItem","position":2,"name":"Product","item":"https:\/\/www.hafniumtech.com\/product\/"},{"@type":"ListItem","position":3,"name":"New Launch 300B 300A CNC Water Cooling Torch for Fine Metal Plasma Cutting CNC Plasma Cutting Machine Torch CNC Plasma torch"}]},{"@type":"WebSite","@id":"https:\/\/www.hafniumtech.com\/#website","url":"https:\/\/www.hafniumtech.com\/","name":"Shenzhen Hafnium Technology Co., Ltd.","description":"","publisher":{"@id":"https:\/\/www.hafniumtech.com\/#organization"},"potentialAction":[{"@type":"SearchAction","target":{"@type":"EntryPoint","urlTemplate":"https:\/\/www.hafniumtech.com\/?s={search_term_string}"},"query-input":{"@type":"PropertyValueSpecification","valueRequired":true,"valueName":"search_term_string"}}],"inLanguage":"it-IT"},{"@type":"Organization","@id":"https:\/\/www.hafniumtech.com\/#organization","name":"Shenzhen Hafnium Technology Co., Ltd.","url":"https:\/\/www.hafniumtech.com\/","logo":{"@type":"ImageObject","inLanguage":"it-IT","@id":"https:\/\/www.hafniumtech.com\/#\/schema\/logo\/image\/","url":"https:\/\/www.hafniumtech.com\/wp-content\/uploads\/2025\/03\/168-53_.jpg","contentUrl":"https:\/\/www.hafniumtech.com\/wp-content\/uploads\/2025\/03\/168-53_.jpg","width":336,"height":106,"caption":"Shenzhen Hafnium Technology Co., Ltd."},"image":{"@id":"https:\/\/www.hafniumtech.com\/#\/schema\/logo\/image\/"},"sameAs":["https:\/\/www.facebook.com\/profile.php?id=61570267424696","https:\/\/x.com\/HafniumTech"]}]},"product_price_amount":"0.00","product_price_currency":"USD","og_availability":"instock","product_availability":"instock","product_retailer_item_id":"300B CNC Torch","product_condition":"new"},"_links":{"self":[{"href":"https:\/\/www.hafniumtech.com\/it\/wp-json\/wp\/v2\/product\/3566","targetHints":{"allow":["GET"]}}],"collection":[{"href":"https:\/\/www.hafniumtech.com\/it\/wp-json\/wp\/v2\/product"}],"about":[{"href":"https:\/\/www.hafniumtech.com\/it\/wp-json\/wp\/v2\/types\/product"}],"replies":[{"embeddable":true,"href":"https:\/\/www.hafniumtech.com\/it\/wp-json\/wp\/v2\/comments?post=3566"}],"wp:featuredmedia":[{"embeddable":true,"href":"https:\/\/www.hafniumtech.com\/it\/wp-json\/wp\/v2\/media\/3568"}],"wp:attachment":[{"href":"https:\/\/www.hafniumtech.com\/it\/wp-json\/wp\/v2\/media?parent=3566"}],"wp:term":[{"taxonomy":"product_brand","embeddable":true,"href":"https:\/\/www.hafniumtech.com\/it\/wp-json\/wp\/v2\/product_brand?post=3566"},{"taxonomy":"product_cat","embeddable":true,"href":"https:\/\/www.hafniumtech.com\/it\/wp-json\/wp\/v2\/product_cat?post=3566"},{"taxonomy":"product_tag","embeddable":true,"href":"https:\/\/www.hafniumtech.com\/it\/wp-json\/wp\/v2\/product_tag?post=3566"}],"curies":[{"name":"wp","href":"https:\/\/api.w.org\/{rel}","templated":true}]}}