{"id":3234,"date":"2025-03-30T17:32:55","date_gmt":"2025-03-30T09:32:55","guid":{"rendered":"http:\/\/www.hafniumtech.com\/?post_type=product&#038;p=3234"},"modified":"2025-05-01T15:27:31","modified_gmt":"2025-05-01T07:27:31","slug":"lgk-120igbt-with-hft-160c-machine-8m-torch-cable-plasma-cutter-for-efficient-steel-cutting-versatile-tool","status":"publish","type":"product","link":"https:\/\/www.hafniumtech.com\/pt\/produto\/lgk-120igbt-with-hft-160c-machine-8m-torch-cable-plasma-cutter-for-efficient-steel-cutting-versatile-tool\/","title":{"rendered":"LGK-120IGBT com ma\u00e7arico HFT-160C 8m Cortador a plasma para CNC para corte eficiente de a\u00e7o"},"content":{"rendered":"<p>&nbsp;<\/p>\n<table style=\"height: 518px;\" width=\"931\">\n<tbody>\n<tr>\n<td rowspan=\"2\" width=\"279\">ltem<\/td>\n<td style=\"text-align: center;\" rowspan=\"2\" width=\"80\">Unidade<\/td>\n<td style=\"text-align: center;\" colspan=\"4\" width=\"492\">Modelo<\/td>\n<\/tr>\n<tr>\n<td style=\"text-align: center;\" width=\"123\">LGK-63IGBT<\/td>\n<td style=\"text-align: center;\" width=\"123\">LGK-120IGBT<\/td>\n<td style=\"text-align: center;\" width=\"123\">LGK-160IGBT<\/td>\n<td style=\"text-align: center;\" width=\"123\">LGK-200IGBT<\/td>\n<\/tr>\n<tr>\n<td width=\"279\">\u00a0Pot\u00eancia de entrada<\/td>\n<td style=\"text-align: center;\" width=\"80\">V\/Hz<\/td>\n<td style=\"text-align: center;\" colspan=\"4\" width=\"492\">3~380\u00b115% 50\/60Hz<\/td>\n<\/tr>\n<tr>\n<td width=\"279\">\u00a0Capacidade nominal de entrada<\/td>\n<td width=\"80\">KVA<\/td>\n<td style=\"text-align: center;\" width=\"123\">9.5<\/td>\n<td style=\"text-align: center;\" width=\"123\">22.4<\/td>\n<td style=\"text-align: center;\" width=\"123\">32.2<\/td>\n<td style=\"text-align: center;\" width=\"123\">38.8<\/td>\n<\/tr>\n<tr>\n<td width=\"279\">\u00a0Corrente nominal de entrada<\/td>\n<td style=\"text-align: center;\" width=\"80\">A<\/td>\n<td style=\"text-align: center;\" width=\"123\">14.5<\/td>\n<td style=\"text-align: center;\" width=\"123\">34<\/td>\n<td style=\"text-align: center;\" width=\"123\">49<\/td>\n<td style=\"text-align: center;\" width=\"123\">71<\/td>\n<\/tr>\n<tr>\n<td width=\"279\">\u00a0Corrente nominal de sa\u00edda<\/td>\n<td style=\"text-align: center;\" width=\"80\">A<\/td>\n<td style=\"text-align: center;\" width=\"123\">63<\/td>\n<td style=\"text-align: center;\" width=\"123\">120<\/td>\n<td style=\"text-align: center;\" width=\"123\">160<\/td>\n<td style=\"text-align: center;\" width=\"123\">200<\/td>\n<\/tr>\n<tr>\n<td width=\"279\">\u00a0Tens\u00e3o nominal de sa\u00edda<\/td>\n<td style=\"text-align: center;\" width=\"80\">V<\/td>\n<td style=\"text-align: center;\" width=\"123\">106<\/td>\n<td style=\"text-align: center;\" width=\"123\">128<\/td>\n<td style=\"text-align: center;\" width=\"123\">144<\/td>\n<td style=\"text-align: center;\" width=\"123\">160<\/td>\n<\/tr>\n<tr>\n<td width=\"279\">\u00a0Tens\u00e3o nominal de circuito aberto<\/td>\n<td style=\"text-align: center;\" width=\"80\">V<\/td>\n<td style=\"text-align: center;\" width=\"123\">300<\/td>\n<td style=\"text-align: center;\" width=\"123\">300<\/td>\n<td style=\"text-align: center;\" width=\"123\">315<\/td>\n<td style=\"text-align: center;\" width=\"123\">315<\/td>\n<\/tr>\n<tr>\n<td width=\"279\">\u00a0Ciclo de trabalho nominal<\/td>\n<td width=\"80\"><\/td>\n<td style=\"text-align: center;\" width=\"123\">60%(40\u2103)<\/td>\n<td style=\"text-align: center;\" colspan=\"3\" width=\"369\">100% (40\u2103)<\/td>\n<\/tr>\n<tr>\n<td width=\"279\">\u00a0Gama de ajuste da corrente de sa\u00edda<\/td>\n<td style=\"text-align: center;\" width=\"80\">A<\/td>\n<td style=\"text-align: center;\" width=\"123\">30~63<\/td>\n<td style=\"text-align: center;\" width=\"123\">30~120<\/td>\n<td style=\"text-align: center;\" width=\"123\">40~160<\/td>\n<td style=\"text-align: center;\" width=\"123\">40~200<\/td>\n<\/tr>\n<tr>\n<td width=\"279\">\u00a0Rela\u00e7\u00e3o de sa\u00edda de tens\u00e3o de arco<\/td>\n<td width=\"80\"><\/td>\n<td style=\"text-align: center;\" colspan=\"4\" width=\"492\">1:1\/1:20\/1:50\/1:100<\/td>\n<\/tr>\n<tr>\n<td width=\"279\">\u00a0Espessura de corte de qualidade (a\u00e7o carbono)<\/td>\n<td style=\"text-align: center;\" width=\"80\">mm<\/td>\n<td style=\"text-align: center;\" width=\"123\">15<\/td>\n<td style=\"text-align: center;\" width=\"123\">25<\/td>\n<td style=\"text-align: center;\" width=\"123\">30<\/td>\n<td style=\"text-align: center;\" width=\"123\">35<\/td>\n<\/tr>\n<tr>\n<td width=\"279\">\u00a0Espessura de corte manual (a\u00e7o carbono)<\/td>\n<td style=\"text-align: center;\" width=\"80\">mm<\/td>\n<td style=\"text-align: center;\" width=\"123\">25<\/td>\n<td style=\"text-align: center;\" width=\"123\">45<\/td>\n<td style=\"text-align: center;\" width=\"123\">55<\/td>\n<td style=\"text-align: center;\" width=\"123\">65<\/td>\n<\/tr>\n<tr>\n<td width=\"279\">\u00a0G\u00e1s de plasma<\/td>\n<td width=\"80\"><\/td>\n<td style=\"text-align: center;\" colspan=\"4\" width=\"492\">Ar comprimido<\/td>\n<\/tr>\n<tr>\n<td width=\"279\">\u00a0Press\u00e3o do ar<\/td>\n<td style=\"text-align: center;\" width=\"80\">Mpa<\/td>\n<td style=\"text-align: center;\" width=\"123\">0.3~0.5<\/td>\n<td style=\"text-align: center;\" colspan=\"3\" width=\"369\">0.4~0.6<\/td>\n<\/tr>\n<tr>\n<td width=\"279\">\u00a0Modo de arrefecimento da tocha<\/td>\n<td width=\"80\"><\/td>\n<td style=\"text-align: center;\" colspan=\"2\" width=\"246\">Arrefecimento do ar<\/td>\n<td style=\"text-align: center;\" colspan=\"2\" width=\"246\">Arrefecimento por ar \/ Arrefecimento por \u00e1gua<\/td>\n<\/tr>\n<tr>\n<td style=\"text-align: left;\" width=\"279\">\u00a0Fonte de energia Modo de arrefecimento<\/td>\n<td style=\"text-align: center;\" width=\"80\"><\/td>\n<td style=\"text-align: center;\" colspan=\"4\" width=\"492\">Arrefecimento do ar<\/td>\n<\/tr>\n<tr>\n<td style=\"text-align: left;\" width=\"279\">\u00a0Grau de isolamento<\/td>\n<td style=\"text-align: center;\" width=\"80\"><\/td>\n<td style=\"text-align: center;\" colspan=\"4\" width=\"492\">F<\/td>\n<\/tr>\n<tr>\n<td width=\"279\">\u00a0Prote\u00e7\u00e3o contra ingresso<\/td>\n<td width=\"80\"><\/td>\n<td style=\"text-align: center;\" colspan=\"4\" width=\"492\">IP21S<\/td>\n<\/tr>\n<tr>\n<td width=\"279\">\u00a0Dimens\u00e3o (CxLxA)<\/td>\n<td style=\"text-align: center;\" width=\"80\">mm<\/td>\n<td style=\"text-align: center;\" width=\"123\">585\u00d7280\u00d7485<\/td>\n<td style=\"text-align: center;\" width=\"123\">695x320x580<\/td>\n<td style=\"text-align: center;\" width=\"123\">800x380x610<\/td>\n<td style=\"text-align: center;\" width=\"123\">800x380x810<\/td>\n<\/tr>\n<tr>\n<td width=\"279\">\u00a0Peso l\u00edquido<\/td>\n<td style=\"text-align: center;\" width=\"80\">Kg<\/td>\n<td style=\"text-align: center;\" width=\"123\">26<\/td>\n<td style=\"text-align: center;\" width=\"123\">52<\/td>\n<td style=\"text-align: center;\" width=\"123\">73<\/td>\n<td style=\"text-align: center;\" width=\"123\">82<\/td>\n<\/tr>\n<\/tbody>\n<\/table>","protected":false},"excerpt":{"rendered":"<p><strong>Carater\u00edsticas principais<\/strong><\/p>\n<ul>\n<li>Com fun\u00e7\u00e3o de monitoriza\u00e7\u00e3o da vida \u00fatil dos consum\u00edveis da tocha de plasma<\/li>\n<li>Com fun\u00e7\u00e3o de visualiza\u00e7\u00e3o, dete\u00e7\u00e3o, aviso e controlo da press\u00e3o do g\u00e1s e do fluxo do l\u00edquido de arrefecimento<\/li>\n<li>O pr\u00e9-fluxo de g\u00e1s, o p\u00f3s-fluxo e o tempo de subida da corrente podem ser definidos separadamente<\/li>\n<li>Com prote\u00e7\u00e3o autom\u00e1tica contra o sobreaquecimento e a falta de tens\u00e3o<\/li>\n<li>Fun\u00e7\u00e3o de visualiza\u00e7\u00e3o do c\u00f3digo de erro<\/li>\n<li>A ventoinha inteligente \u00e9 utilizada para reduzir o p\u00f3<\/li>\n<li>LGK- 120 HD com fun\u00e7\u00e3o de arco piloto constante, que \u00e9 adequada para o corte de placas de grelha<\/li>\n<\/ul>\n<p>&nbsp;<\/p>\n<p><strong>Aplica\u00e7\u00e3o do produto<\/strong><\/p>\n<ul>\n<li>Corte manual e autom\u00e1tico adequado para a\u00e7o-carbono, a\u00e7o-liga e a\u00e7o n\u00e3o-ferroso<\/li>\n<\/ul>","protected":false},"featured_media":3368,"comment_status":"open","ping_status":"closed","template":"","meta":[],"product_brand":[],"product_cat":[53],"product_tag":[103,67,104,68,105,69,106,70,107,71,108,72,109,73,110,74,75,97,98,99,100,101,102],"class_list":{"0":"post-3234","1":"product","2":"type-product","3":"status-publish","4":"has-post-thumbnail","6":"product_cat-plasma-cutting-machine-plasma-cutter","7":"product_tag-lgk-120-hd-plasma","8":"product_tag-plasma-120","9":"product_tag-lgk-120-igbt-220v","10":"product_tag-lgk120igbt","11":"product_tag-lgk-120-igbt","12":"product_tag-lgk120","13":"product_tag-huayuan-120a","14":"product_tag-lgk-120-air","15":"product_tag-lgk-120igbt","16":"product_tag-plasma-lgk-120","17":"product_tag-lgk-120-sy","18":"product_tag-plasma-cutter-120","19":"product_tag-lgk-120hd","20":"product_tag-120a-plasma-cutter","21":"product_tag-lgk-120","22":"product_tag-huayuan-igbt120","23":"product_tag-huayuan-120lgbt","24":"product_tag-lgk-120-plasma-huayuan-120-a-plasma-lgk-120-cnc-plasma","25":"product_tag-huayuan-plasma-source-lgk-120hd","26":"product_tag-lgk-120-plasma-cutter-with-machine","27":"product_tag-huayuan-120-a-plasma-cutting","28":"product_tag-lgk120-igbt-plasma-source","29":"product_tag-lgk-plasma-cutter-120","30":"stm_brands-huayuan","32":"first","33":"instock","34":"shipping-taxable","35":"product-type-simple"},"yoast_head":"<!-- This site is optimized with the Yoast SEO Premium plugin v25.0 (Yoast SEO v25.0) - https:\/\/yoast.com\/wordpress\/plugins\/seo\/ -->\n<title>LGK-120IGBT with HFT-160C 8m Torch Plasma Cutter for CNC for Efficient Steel Cutting - HafniumTech<\/title>\n<meta name=\"robots\" content=\"index, follow, max-snippet:-1, max-image-preview:large, max-video-preview:-1\" \/>\n<link rel=\"canonical\" href=\"https:\/\/www.hafniumtech.com\/pt\/produto\/lgk-120igbt-with-hft-160c-machine-8m-torch-cable-plasma-cutter-for-efficient-steel-cutting-versatile-tool\/\" \/>\n<meta property=\"og:locale\" content=\"pt_PT\" \/>\n<meta property=\"og:type\" content=\"article\" \/>\n<meta property=\"og:title\" content=\"LGK-120IGBT with HFT-160C 8m Torch Plasma Cutter for CNC for Efficient Steel Cutting\" \/>\n<meta property=\"og:description\" content=\"Main Features   With plasma torch consumables life monitoring function  With gas pressure and coolant liquid flow displaying, detecting, warning and controlling function  The gas pre-flow, post-flow and current up-slope time can be set separately  With automatic protection of over-heating and lack voltage  Error code displaying function  Intelligent fan is used to reduce the dust  LGK- 120 HD with constant pilot arc strike function, which is suitable for grid plate cutting  &nbsp;  Product Application   Suit manual and automated cut for carbon steel, alloy steel and nonferrous steel\" \/>\n<meta property=\"og:url\" content=\"https:\/\/www.hafniumtech.com\/pt\/produto\/lgk-120igbt-with-hft-160c-machine-8m-torch-cable-plasma-cutter-for-efficient-steel-cutting-versatile-tool\/\" \/>\n<meta property=\"og:site_name\" content=\"HafniumTech\" \/>\n<meta property=\"article:publisher\" content=\"https:\/\/www.facebook.com\/profile.php?id=61570267424696\" \/>\n<meta property=\"article:modified_time\" content=\"2025-05-01T07:27:31+00:00\" \/>\n<meta property=\"og:image\" content=\"https:\/\/www.hafniumtech.com\/wp-content\/uploads\/2025\/03\/160C\u673a\u7528.png\" \/>\n\t<meta property=\"og:image:width\" content=\"800\" \/>\n\t<meta property=\"og:image:height\" content=\"800\" \/>\n\t<meta property=\"og:image:type\" content=\"image\/png\" \/>\n<meta name=\"twitter:card\" content=\"summary_large_image\" \/>\n<meta name=\"twitter:site\" content=\"@HafniumTech\" \/>\n<meta name=\"twitter:label1\" content=\"Price\" \/>\n\t<meta name=\"twitter:data1\" content=\"\" \/>\n\t<meta name=\"twitter:label2\" content=\"Availability\" \/>\n\t<meta name=\"twitter:data2\" content=\"In stock\" \/>\n<script type=\"application\/ld+json\" class=\"yoast-schema-graph\">{\"@context\":\"https:\/\/schema.org\",\"@graph\":[{\"@type\":\"WebPage\",\"@id\":\"https:\/\/www.hafniumtech.com\/product\/lgk-120igbt-with-hft-160c-machine-8m-torch-cable-plasma-cutter-for-efficient-steel-cutting-versatile-tool\/\",\"url\":\"https:\/\/www.hafniumtech.com\/product\/lgk-120igbt-with-hft-160c-machine-8m-torch-cable-plasma-cutter-for-efficient-steel-cutting-versatile-tool\/\",\"name\":\"LGK-120IGBT with HFT-160C 8m Torch Plasma Cutter for CNC for Efficient Steel Cutting - HafniumTech\",\"isPartOf\":{\"@id\":\"https:\/\/www.hafniumtech.com\/#website\"},\"primaryImageOfPage\":{\"@id\":\"https:\/\/www.hafniumtech.com\/product\/lgk-120igbt-with-hft-160c-machine-8m-torch-cable-plasma-cutter-for-efficient-steel-cutting-versatile-tool\/#primaryimage\"},\"image\":{\"@id\":\"https:\/\/www.hafniumtech.com\/product\/lgk-120igbt-with-hft-160c-machine-8m-torch-cable-plasma-cutter-for-efficient-steel-cutting-versatile-tool\/#primaryimage\"},\"thumbnailUrl\":\"https:\/\/www.hafniumtech.com\/wp-content\/uploads\/2025\/03\/160C\u673a\u7528.png\",\"datePublished\":\"2025-03-30T09:32:55+00:00\",\"dateModified\":\"2025-05-01T07:27:31+00:00\",\"breadcrumb\":{\"@id\":\"https:\/\/www.hafniumtech.com\/product\/lgk-120igbt-with-hft-160c-machine-8m-torch-cable-plasma-cutter-for-efficient-steel-cutting-versatile-tool\/#breadcrumb\"},\"inLanguage\":\"pt-PT\",\"potentialAction\":[{\"@type\":\"ReadAction\",\"target\":[\"https:\/\/www.hafniumtech.com\/product\/lgk-120igbt-with-hft-160c-machine-8m-torch-cable-plasma-cutter-for-efficient-steel-cutting-versatile-tool\/\"]}]},{\"@type\":\"ImageObject\",\"inLanguage\":\"pt-PT\",\"@id\":\"https:\/\/www.hafniumtech.com\/product\/lgk-120igbt-with-hft-160c-machine-8m-torch-cable-plasma-cutter-for-efficient-steel-cutting-versatile-tool\/#primaryimage\",\"url\":\"https:\/\/www.hafniumtech.com\/wp-content\/uploads\/2025\/03\/160C\u673a\u7528.png\",\"contentUrl\":\"https:\/\/www.hafniumtech.com\/wp-content\/uploads\/2025\/03\/160C\u673a\u7528.png\",\"width\":800,\"height\":800},{\"@type\":\"BreadcrumbList\",\"@id\":\"https:\/\/www.hafniumtech.com\/product\/lgk-120igbt-with-hft-160c-machine-8m-torch-cable-plasma-cutter-for-efficient-steel-cutting-versatile-tool\/#breadcrumb\",\"itemListElement\":[{\"@type\":\"ListItem\",\"position\":1,\"name\":\"\u9996\u9875\",\"item\":\"https:\/\/www.hafniumtech.com\/\"},{\"@type\":\"ListItem\",\"position\":2,\"name\":\"Product\",\"item\":\"https:\/\/www.hafniumtech.com\/product\/\"},{\"@type\":\"ListItem\",\"position\":3,\"name\":\"LGK-120IGBT with HFT-160C 8m Torch Plasma Cutter for CNC for Efficient Steel Cutting\"}]},{\"@type\":\"WebSite\",\"@id\":\"https:\/\/www.hafniumtech.com\/#website\",\"url\":\"https:\/\/www.hafniumtech.com\/\",\"name\":\"Shenzhen Hafnium Technology Co., Ltd.\",\"description\":\"\",\"publisher\":{\"@id\":\"https:\/\/www.hafniumtech.com\/#organization\"},\"potentialAction\":[{\"@type\":\"SearchAction\",\"target\":{\"@type\":\"EntryPoint\",\"urlTemplate\":\"https:\/\/www.hafniumtech.com\/?s={search_term_string}\"},\"query-input\":{\"@type\":\"PropertyValueSpecification\",\"valueRequired\":true,\"valueName\":\"search_term_string\"}}],\"inLanguage\":\"pt-PT\"},{\"@type\":\"Organization\",\"@id\":\"https:\/\/www.hafniumtech.com\/#organization\",\"name\":\"Shenzhen Hafnium Technology Co., Ltd.\",\"url\":\"https:\/\/www.hafniumtech.com\/\",\"logo\":{\"@type\":\"ImageObject\",\"inLanguage\":\"pt-PT\",\"@id\":\"https:\/\/www.hafniumtech.com\/#\/schema\/logo\/image\/\",\"url\":\"https:\/\/www.hafniumtech.com\/wp-content\/uploads\/2025\/03\/168-53_.jpg\",\"contentUrl\":\"https:\/\/www.hafniumtech.com\/wp-content\/uploads\/2025\/03\/168-53_.jpg\",\"width\":336,\"height\":106,\"caption\":\"Shenzhen Hafnium Technology Co., Ltd.\"},\"image\":{\"@id\":\"https:\/\/www.hafniumtech.com\/#\/schema\/logo\/image\/\"},\"sameAs\":[\"https:\/\/www.facebook.com\/profile.php?id=61570267424696\",\"https:\/\/x.com\/HafniumTech\"]}]}<\/script>\n<meta property=\"product:price:amount\" content=\"0.00\" \/>\n<meta property=\"product:price:currency\" content=\"USD\" \/>\n<meta property=\"og:availability\" content=\"instock\" \/>\n<meta property=\"product:availability\" content=\"instock\" \/>\n<meta property=\"product:retailer_item_id\" content=\"LGK-120IGBT M160C\" \/>\n<meta property=\"product:condition\" content=\"new\" \/>\n<!-- \/ Yoast SEO Premium plugin. -->","yoast_head_json":{"title":"LGK-120IGBT with HFT-160C 8m Torch Plasma Cutter for CNC for Efficient Steel Cutting - HafniumTech","robots":{"index":"index","follow":"follow","max-snippet":"max-snippet:-1","max-image-preview":"max-image-preview:large","max-video-preview":"max-video-preview:-1"},"canonical":"https:\/\/www.hafniumtech.com\/pt\/produto\/lgk-120igbt-with-hft-160c-machine-8m-torch-cable-plasma-cutter-for-efficient-steel-cutting-versatile-tool\/","og_locale":"pt_PT","og_type":"article","og_title":"LGK-120IGBT with HFT-160C 8m Torch Plasma Cutter for CNC for Efficient Steel Cutting","og_description":"Main Features   With plasma torch consumables life monitoring function  With gas pressure and coolant liquid flow displaying, detecting, warning and controlling function  The gas pre-flow, post-flow and current up-slope time can be set separately  With automatic protection of over-heating and lack voltage  Error code displaying function  Intelligent fan is used to reduce the dust  LGK- 120 HD with constant pilot arc strike function, which is suitable for grid plate cutting  &nbsp;  Product Application   Suit manual and automated cut for carbon steel, alloy steel and nonferrous steel","og_url":"https:\/\/www.hafniumtech.com\/pt\/produto\/lgk-120igbt-with-hft-160c-machine-8m-torch-cable-plasma-cutter-for-efficient-steel-cutting-versatile-tool\/","og_site_name":"HafniumTech","article_publisher":"https:\/\/www.facebook.com\/profile.php?id=61570267424696","article_modified_time":"2025-05-01T07:27:31+00:00","og_image":[{"width":800,"height":800,"url":"https:\/\/www.hafniumtech.com\/wp-content\/uploads\/2025\/03\/160C\u673a\u7528.png","type":"image\/png"}],"twitter_card":"summary_large_image","twitter_site":"@HafniumTech","twitter_misc":{"Price":"","Availability":"In stock"},"schema":{"@context":"https:\/\/schema.org","@graph":[{"@type":"WebPage","@id":"https:\/\/www.hafniumtech.com\/product\/lgk-120igbt-with-hft-160c-machine-8m-torch-cable-plasma-cutter-for-efficient-steel-cutting-versatile-tool\/","url":"https:\/\/www.hafniumtech.com\/product\/lgk-120igbt-with-hft-160c-machine-8m-torch-cable-plasma-cutter-for-efficient-steel-cutting-versatile-tool\/","name":"LGK-120IGBT with HFT-160C 8m Torch Plasma Cutter for CNC for Efficient Steel Cutting - HafniumTech","isPartOf":{"@id":"https:\/\/www.hafniumtech.com\/#website"},"primaryImageOfPage":{"@id":"https:\/\/www.hafniumtech.com\/product\/lgk-120igbt-with-hft-160c-machine-8m-torch-cable-plasma-cutter-for-efficient-steel-cutting-versatile-tool\/#primaryimage"},"image":{"@id":"https:\/\/www.hafniumtech.com\/product\/lgk-120igbt-with-hft-160c-machine-8m-torch-cable-plasma-cutter-for-efficient-steel-cutting-versatile-tool\/#primaryimage"},"thumbnailUrl":"https:\/\/www.hafniumtech.com\/wp-content\/uploads\/2025\/03\/160C\u673a\u7528.png","datePublished":"2025-03-30T09:32:55+00:00","dateModified":"2025-05-01T07:27:31+00:00","breadcrumb":{"@id":"https:\/\/www.hafniumtech.com\/product\/lgk-120igbt-with-hft-160c-machine-8m-torch-cable-plasma-cutter-for-efficient-steel-cutting-versatile-tool\/#breadcrumb"},"inLanguage":"pt-PT","potentialAction":[{"@type":"ReadAction","target":["https:\/\/www.hafniumtech.com\/product\/lgk-120igbt-with-hft-160c-machine-8m-torch-cable-plasma-cutter-for-efficient-steel-cutting-versatile-tool\/"]}]},{"@type":"ImageObject","inLanguage":"pt-PT","@id":"https:\/\/www.hafniumtech.com\/product\/lgk-120igbt-with-hft-160c-machine-8m-torch-cable-plasma-cutter-for-efficient-steel-cutting-versatile-tool\/#primaryimage","url":"https:\/\/www.hafniumtech.com\/wp-content\/uploads\/2025\/03\/160C\u673a\u7528.png","contentUrl":"https:\/\/www.hafniumtech.com\/wp-content\/uploads\/2025\/03\/160C\u673a\u7528.png","width":800,"height":800},{"@type":"BreadcrumbList","@id":"https:\/\/www.hafniumtech.com\/product\/lgk-120igbt-with-hft-160c-machine-8m-torch-cable-plasma-cutter-for-efficient-steel-cutting-versatile-tool\/#breadcrumb","itemListElement":[{"@type":"ListItem","position":1,"name":"\u9996\u9875","item":"https:\/\/www.hafniumtech.com\/"},{"@type":"ListItem","position":2,"name":"Product","item":"https:\/\/www.hafniumtech.com\/product\/"},{"@type":"ListItem","position":3,"name":"LGK-120IGBT with HFT-160C 8m Torch Plasma Cutter for CNC for Efficient Steel Cutting"}]},{"@type":"WebSite","@id":"https:\/\/www.hafniumtech.com\/#website","url":"https:\/\/www.hafniumtech.com\/","name":"Shenzhen Hafnium Technology Co., Ltd.","description":"","publisher":{"@id":"https:\/\/www.hafniumtech.com\/#organization"},"potentialAction":[{"@type":"SearchAction","target":{"@type":"EntryPoint","urlTemplate":"https:\/\/www.hafniumtech.com\/?s={search_term_string}"},"query-input":{"@type":"PropertyValueSpecification","valueRequired":true,"valueName":"search_term_string"}}],"inLanguage":"pt-PT"},{"@type":"Organization","@id":"https:\/\/www.hafniumtech.com\/#organization","name":"Shenzhen Hafnium Technology Co., Ltd.","url":"https:\/\/www.hafniumtech.com\/","logo":{"@type":"ImageObject","inLanguage":"pt-PT","@id":"https:\/\/www.hafniumtech.com\/#\/schema\/logo\/image\/","url":"https:\/\/www.hafniumtech.com\/wp-content\/uploads\/2025\/03\/168-53_.jpg","contentUrl":"https:\/\/www.hafniumtech.com\/wp-content\/uploads\/2025\/03\/168-53_.jpg","width":336,"height":106,"caption":"Shenzhen Hafnium Technology Co., Ltd."},"image":{"@id":"https:\/\/www.hafniumtech.com\/#\/schema\/logo\/image\/"},"sameAs":["https:\/\/www.facebook.com\/profile.php?id=61570267424696","https:\/\/x.com\/HafniumTech"]}]},"product_price_amount":"0.00","product_price_currency":"USD","og_availability":"instock","product_availability":"instock","product_retailer_item_id":"LGK-120IGBT M160C","product_condition":"new"},"_links":{"self":[{"href":"https:\/\/www.hafniumtech.com\/pt\/wp-json\/wp\/v2\/product\/3234","targetHints":{"allow":["GET"]}}],"collection":[{"href":"https:\/\/www.hafniumtech.com\/pt\/wp-json\/wp\/v2\/product"}],"about":[{"href":"https:\/\/www.hafniumtech.com\/pt\/wp-json\/wp\/v2\/types\/product"}],"replies":[{"embeddable":true,"href":"https:\/\/www.hafniumtech.com\/pt\/wp-json\/wp\/v2\/comments?post=3234"}],"wp:featuredmedia":[{"embeddable":true,"href":"https:\/\/www.hafniumtech.com\/pt\/wp-json\/wp\/v2\/media\/3368"}],"wp:attachment":[{"href":"https:\/\/www.hafniumtech.com\/pt\/wp-json\/wp\/v2\/media?parent=3234"}],"wp:term":[{"taxonomy":"product_brand","embeddable":true,"href":"https:\/\/www.hafniumtech.com\/pt\/wp-json\/wp\/v2\/product_brand?post=3234"},{"taxonomy":"product_cat","embeddable":true,"href":"https:\/\/www.hafniumtech.com\/pt\/wp-json\/wp\/v2\/product_cat?post=3234"},{"taxonomy":"product_tag","embeddable":true,"href":"https:\/\/www.hafniumtech.com\/pt\/wp-json\/wp\/v2\/product_tag?post=3234"}],"curies":[{"name":"wp","href":"https:\/\/api.w.org\/{rel}","templated":true}]}}