{"id":3369,"date":"2025-05-01T14:43:44","date_gmt":"2025-05-01T06:43:44","guid":{"rendered":"http:\/\/www.hafniumtech.com\/?post_type=product&#038;p=3369"},"modified":"2025-05-01T15:28:25","modified_gmt":"2025-05-01T07:28:25","slug":"lgk-120hd-inverter-air-plasma-cutting-machine","status":"publish","type":"product","link":"https:\/\/www.hafniumtech.com\/pt\/produto\/lgk-120hd-inverter-air-plasma-cutting-machine\/","title":{"rendered":"M\u00e1quina de corte a plasma com ar inverter LGK-120HD - Enfrenta desafios de corte complexos com um compressor de ar separado"},"content":{"rendered":"<p>&nbsp;<\/p>\n<table width=\"1001\">\n<tbody>\n<tr>\n<td style=\"text-align: center;\" rowspan=\"2\" width=\"405\">ltem<\/td>\n<td style=\"text-align: center;\" rowspan=\"2\" width=\"46\">Unidade<\/td>\n<td style=\"text-align: center;\" colspan=\"4\" width=\"550\">Modelo<\/td>\n<\/tr>\n<tr>\n<td style=\"text-align: center;\" width=\"130\">LGK-120HD<\/td>\n<td style=\"text-align: center;\" width=\"129\">LGK-200HD<\/td>\n<td style=\"text-align: center;\" width=\"130\">LGK-300HD<\/td>\n<td style=\"text-align: center;\" width=\"161\">LGK-400HD<\/td>\n<\/tr>\n<tr>\n<td width=\"405\">\u00a0Pot\u00eancia de entrada<\/td>\n<td style=\"text-align: center;\" width=\"46\">V\/Hz<\/td>\n<td style=\"text-align: center;\" colspan=\"4\" width=\"550\">3~380\u00b115%50\/60<\/td>\n<\/tr>\n<tr>\n<td width=\"405\">\u00a0Capacidade nominal de entrada<\/td>\n<td style=\"text-align: center;\" width=\"46\">KVA<\/td>\n<td style=\"text-align: center;\" width=\"130\">21.2<\/td>\n<td style=\"text-align: center;\" width=\"129\">46.5<\/td>\n<td style=\"text-align: center;\" width=\"130\">70.4<\/td>\n<td style=\"text-align: center;\" width=\"161\">92.3<\/td>\n<\/tr>\n<tr>\n<td width=\"405\">\u00a0Corrente nominal de entrada<\/td>\n<td style=\"text-align: center;\" width=\"46\">A<\/td>\n<td style=\"text-align: center;\" width=\"130\">32.5<\/td>\n<td style=\"text-align: center;\" width=\"129\">70.9<\/td>\n<td style=\"text-align: center;\" width=\"130\">100<\/td>\n<td style=\"text-align: center;\" width=\"161\">142<\/td>\n<\/tr>\n<tr>\n<td width=\"405\">\u00a0Corrente nominal de sa\u00edda<\/td>\n<td style=\"text-align: center;\" width=\"46\">A<\/td>\n<td style=\"text-align: center;\" width=\"130\">120<\/td>\n<td style=\"text-align: center;\" width=\"129\">200<\/td>\n<td style=\"text-align: center;\" width=\"130\">300<\/td>\n<td style=\"text-align: center;\" width=\"161\">400<\/td>\n<\/tr>\n<tr>\n<td width=\"405\">\u00a0Tens\u00e3o nominal de sa\u00edda<\/td>\n<td style=\"text-align: center;\" width=\"46\">V<\/td>\n<td style=\"text-align: center;\" width=\"130\">128<\/td>\n<td style=\"text-align: center;\" width=\"129\">160<\/td>\n<td style=\"text-align: center;\" width=\"130\">200<\/td>\n<td style=\"text-align: center;\" width=\"161\">200<\/td>\n<\/tr>\n<tr>\n<td width=\"405\">\u00a0Tens\u00e3o nominal de circuito aberto<\/td>\n<td style=\"text-align: center;\" width=\"46\">V<\/td>\n<td style=\"text-align: center;\" width=\"130\">308<\/td>\n<td style=\"text-align: center;\" width=\"129\">360<\/td>\n<td style=\"text-align: center;\" width=\"130\">370<\/td>\n<td style=\"text-align: center;\" width=\"161\">370<\/td>\n<\/tr>\n<tr>\n<td width=\"405\">\u00a0Ciclo de trabalho nominal<\/td>\n<td width=\"46\"><\/td>\n<td style=\"text-align: center;\" colspan=\"4\" width=\"550\">100% (40\u2103)<\/td>\n<\/tr>\n<tr>\n<td width=\"405\">\u00a0Efici\u00eancia<\/td>\n<td width=\"46\"><\/td>\n<td style=\"text-align: center;\" colspan=\"3\" width=\"389\">92%<\/td>\n<td style=\"text-align: center;\" width=\"161\">93%<\/td>\n<\/tr>\n<tr>\n<td width=\"405\">\u00a0Fator de pot\u00eancia<\/td>\n<td width=\"46\"><\/td>\n<td style=\"text-align: center;\" colspan=\"2\" width=\"259\">0.78<\/td>\n<td style=\"text-align: center;\" colspan=\"2\" width=\"291\">0.92<\/td>\n<\/tr>\n<tr>\n<td width=\"405\">\u00a0Gama de ajuste da corrente de sa\u00edda<\/td>\n<td style=\"text-align: center;\" width=\"46\">A<\/td>\n<td style=\"text-align: center;\" width=\"130\">30~120<\/td>\n<td style=\"text-align: center;\" width=\"129\">40~200<\/td>\n<td style=\"text-align: center;\" width=\"130\">60~300<\/td>\n<td style=\"text-align: center;\" width=\"161\">60~400<\/td>\n<\/tr>\n<tr>\n<td width=\"405\">\u00a0Rela\u00e7\u00e3o de sa\u00edda de tens\u00e3o de arco<\/td>\n<td width=\"46\"><\/td>\n<td style=\"text-align: center;\" colspan=\"4\" width=\"550\">1:1\/1:20\/1:50\/1:100(Default 1:1)<\/td>\n<\/tr>\n<tr>\n<td width=\"405\">\u00a0Espessura de corte de qualidade (a\u00e7o carbono)<\/td>\n<td style=\"text-align: center;\" width=\"46\">mm<\/td>\n<td style=\"text-align: center;\" width=\"130\">20(500mm\/min)<\/td>\n<td style=\"text-align: center;\" width=\"129\">32(500mm\/min)<\/td>\n<td style=\"text-align: center;\" width=\"130\">40(500mm\/min)<\/td>\n<td style=\"text-align: center;\" width=\"161\">48(420mm\/min)<\/td>\n<\/tr>\n<tr>\n<td width=\"405\">\u00a0Espessura do corte de separa\u00e7\u00e3o (a\u00e7o carbono)<\/td>\n<td style=\"text-align: center;\" width=\"46\">mm<\/td>\n<td style=\"text-align: center;\" width=\"130\">25(280mm\/min)<\/td>\n<td style=\"text-align: center;\" width=\"129\">45(250mm\/min)<\/td>\n<td style=\"text-align: center;\" width=\"130\">50(270mm\/min)<\/td>\n<td style=\"text-align: center;\" width=\"161\">60(250mm\/min)<\/td>\n<\/tr>\n<tr>\n<td width=\"405\">\u00a0Espessura de corte manual (a\u00e7o carbono)<\/td>\n<td style=\"text-align: center;\" width=\"46\">mm<\/td>\n<td style=\"text-align: center;\" width=\"130\">45<\/td>\n<td style=\"text-align: center;\" width=\"129\">65<\/td>\n<td style=\"text-align: center;\" width=\"130\">80<\/td>\n<td style=\"text-align: center;\" width=\"161\">90<\/td>\n<\/tr>\n<tr>\n<td width=\"405\">\u00a0G\u00e1s de plasma<\/td>\n<td width=\"46\"><\/td>\n<td style=\"text-align: center;\" colspan=\"4\" width=\"550\">Ar comprimido<\/td>\n<\/tr>\n<tr>\n<td width=\"405\">\u00a0Press\u00e3o do ar<\/td>\n<td style=\"text-align: center;\" width=\"46\">MPa<\/td>\n<td style=\"text-align: center;\" colspan=\"4\" width=\"550\">0.5~0.8<\/td>\n<\/tr>\n<tr>\n<td width=\"405\">\u00a0Fluxo de trabalho do l\u00edquido de refrigera\u00e7\u00e3o<\/td>\n<td style=\"text-align: center;\" width=\"46\">L\/min<\/td>\n<td style=\"text-align: center;\" width=\"130\"><\/td>\n<td style=\"text-align: center;\" colspan=\"3\" width=\"420\">\u22652.7<\/td>\n<\/tr>\n<tr>\n<td width=\"405\">\u00a0Fonte de energia Modo de arrefecimento<\/td>\n<td width=\"46\"><\/td>\n<td style=\"text-align: center;\" colspan=\"4\" width=\"550\">Arrefecimento do ar<\/td>\n<\/tr>\n<tr>\n<td width=\"405\">\u00a0Modo de arrefecimento da tocha<\/td>\n<td width=\"46\"><\/td>\n<td style=\"text-align: center;\" width=\"130\">Arrefecimento do ar<\/td>\n<td style=\"text-align: center;\" colspan=\"3\" width=\"420\">Arrefecimento por ar \/ Arrefecimento por \u00e1gua<\/td>\n<\/tr>\n<tr>\n<td width=\"405\">\u00a0Modo Arc Strike<\/td>\n<td width=\"46\"><\/td>\n<td style=\"text-align: center;\" colspan=\"4\" width=\"550\">Sem contacto<\/td>\n<\/tr>\n<tr>\n<td width=\"405\">\u00a0Grau de isolamento<\/td>\n<td width=\"46\"><\/td>\n<td style=\"text-align: center;\" colspan=\"4\" width=\"550\">F<\/td>\n<\/tr>\n<tr>\n<td width=\"405\">\u00a0Prote\u00e7\u00e3o contra ingresso<\/td>\n<td width=\"46\"><\/td>\n<td style=\"text-align: center;\" colspan=\"4\" width=\"550\">IP21S<\/td>\n<\/tr>\n<tr>\n<td width=\"405\">\u00a0Dimens\u00e3o (C\u00d7L\u00d7A)<\/td>\n<td style=\"text-align: center;\" width=\"46\">mm<\/td>\n<td style=\"text-align: center;\" width=\"130\">675\u00d7320\u00d7605<\/td>\n<td style=\"text-align: center;\" width=\"129\">863\u00d7385\u00d7800<\/td>\n<td style=\"text-align: center;\" width=\"130\">985\u00d7445\u00d7910<\/td>\n<td style=\"text-align: center;\" width=\"161\">1015\u00d7445\u00d7910<\/td>\n<\/tr>\n<tr>\n<td width=\"405\">\u00a0Peso l\u00edquido<\/td>\n<td style=\"text-align: center;\" width=\"46\">Kg<\/td>\n<td style=\"text-align: center;\" width=\"130\">46<\/td>\n<td style=\"text-align: center;\" width=\"129\">86<\/td>\n<td style=\"text-align: center;\" width=\"130\">129<\/td>\n<td style=\"text-align: center;\" width=\"161\">148<\/td>\n<\/tr>\n<\/tbody>\n<\/table>","protected":false},"excerpt":{"rendered":"<p><strong>Carater\u00edsticas principais<\/strong><\/p>\n<ul>\n<li>Com fun\u00e7\u00e3o de monitoriza\u00e7\u00e3o da vida \u00fatil dos consum\u00edveis da tocha de plasma<\/li>\n<li>Com fun\u00e7\u00e3o de visualiza\u00e7\u00e3o, dete\u00e7\u00e3o, aviso e controlo da press\u00e3o do g\u00e1s e do fluxo do l\u00edquido de arrefecimento<\/li>\n<li>O pr\u00e9-fluxo de g\u00e1s, o p\u00f3s-fluxo e o tempo de subida da corrente podem ser definidos separadamente<\/li>\n<li>Com prote\u00e7\u00e3o autom\u00e1tica contra sobreaquecimento e falta de tens\u00e3o Fun\u00e7\u00e3o de visualiza\u00e7\u00e3o do c\u00f3digo de erro<\/li>\n<li>A ventoinha inteligente \u00e9 utilizada para reduzir o p\u00f3<\/li>\n<li>LGK- 120 HD com fun\u00e7\u00e3o de arco piloto constante, que \u00e9 adequada para o corte de placas de grelha<\/li>\n<\/ul>\n<p>&nbsp;<\/p>\n<p><strong>Aplica\u00e7\u00e3o do produto<\/strong><\/p>\n<ul>\n<li>Corte manual e autom\u00e1tico adequado para a\u00e7o-carbono, a\u00e7o-liga e a\u00e7o n\u00e3o-ferroso<\/li>\n<\/ul>","protected":false},"featured_media":3370,"comment_status":"open","ping_status":"closed","template":"","meta":[],"product_brand":[],"product_cat":[53],"product_tag":[78,87,103,109,111,112,113,114,115,116,117,118],"class_list":{"0":"post-3369","1":"product","2":"type-product","3":"status-publish","4":"has-post-thumbnail","6":"product_cat-plasma-cutting-machine-plasma-cutter","7":"product_tag-lgk-200-hd-plasma","8":"product_tag-lgk-200hd","9":"product_tag-lgk-120-hd-plasma","10":"product_tag-lgk-120hd","11":"product_tag-igk-huayuan-160a-hd","12":"product_tag-huayuan-160a-hd","13":"product_tag-huayuan-300hd","14":"product_tag-huayuan-400hd","15":"product_tag-huayan-300hd","16":"product_tag-lgk-400-hd","17":"product_tag-lgk-400hd","18":"product_tag-lgk-300hd","19":"stm_brands-huayuan","21":"first","22":"instock","23":"shipping-taxable","24":"product-type-simple"},"yoast_head":"<!-- This site is optimized with the Yoast SEO Premium plugin v25.0 (Yoast SEO v25.0) - https:\/\/yoast.com\/wordpress\/plugins\/seo\/ -->\n<title>LGK-120HD Inverter Air Plasma Cutting Machine -Tackles Complex Cutting Challenges with Separate air Compressor - HafniumTech<\/title>\n<meta name=\"robots\" content=\"index, follow, max-snippet:-1, max-image-preview:large, max-video-preview:-1\" \/>\n<link rel=\"canonical\" href=\"https:\/\/www.hafniumtech.com\/pt\/produto\/lgk-120hd-inverter-air-plasma-cutting-machine\/\" \/>\n<meta property=\"og:locale\" content=\"pt_PT\" \/>\n<meta property=\"og:type\" content=\"article\" \/>\n<meta property=\"og:title\" content=\"LGK-120HD Inverter Air Plasma Cutting Machine -Tackles Complex Cutting Challenges with Separate air Compressor\" \/>\n<meta property=\"og:description\" content=\"Main Features   With plasma torch consumables life monitoring function  With gas pressure and coolant liquid flow displaying, detecting, warning and controlling function  The gas pre-flow, post-flow and current up-slope time can be set separately  With automatic protection of over-heating and lack-voltage Error code displaying function  Intelligent fan is used to reduce the dust  LGK- 120 HD with constant pilot arc strike function, which is suitable for grid plate cutting  &nbsp;  Product Application   Suit manual and automated cut for carbon steel, alloy steel and nonferrous steel\" \/>\n<meta property=\"og:url\" content=\"https:\/\/www.hafniumtech.com\/pt\/produto\/lgk-120hd-inverter-air-plasma-cutting-machine\/\" \/>\n<meta property=\"og:site_name\" content=\"HafniumTech\" \/>\n<meta property=\"article:publisher\" content=\"https:\/\/www.facebook.com\/profile.php?id=61570267424696\" \/>\n<meta property=\"article:modified_time\" content=\"2025-05-01T07:28:25+00:00\" \/>\n<meta property=\"og:image\" content=\"https:\/\/www.hafniumtech.com\/wp-content\/uploads\/2025\/05\/160C-3\u53f7-\u624b\u7528.png\" \/>\n\t<meta property=\"og:image:width\" content=\"800\" \/>\n\t<meta property=\"og:image:height\" content=\"800\" \/>\n\t<meta property=\"og:image:type\" content=\"image\/png\" \/>\n<meta name=\"twitter:card\" content=\"summary_large_image\" \/>\n<meta name=\"twitter:site\" content=\"@HafniumTech\" \/>\n<meta name=\"twitter:label1\" content=\"Price\" \/>\n\t<meta name=\"twitter:data1\" content=\"\" \/>\n\t<meta name=\"twitter:label2\" content=\"Availability\" \/>\n\t<meta name=\"twitter:data2\" content=\"In stock\" \/>\n<script type=\"application\/ld+json\" class=\"yoast-schema-graph\">{\"@context\":\"https:\/\/schema.org\",\"@graph\":[{\"@type\":\"WebPage\",\"@id\":\"https:\/\/www.hafniumtech.com\/product\/lgk-120hd-inverter-air-plasma-cutting-machine\/\",\"url\":\"https:\/\/www.hafniumtech.com\/product\/lgk-120hd-inverter-air-plasma-cutting-machine\/\",\"name\":\"LGK-120HD Inverter Air Plasma Cutting Machine -Tackles Complex Cutting Challenges with Separate air Compressor - HafniumTech\",\"isPartOf\":{\"@id\":\"https:\/\/www.hafniumtech.com\/#website\"},\"primaryImageOfPage\":{\"@id\":\"https:\/\/www.hafniumtech.com\/product\/lgk-120hd-inverter-air-plasma-cutting-machine\/#primaryimage\"},\"image\":{\"@id\":\"https:\/\/www.hafniumtech.com\/product\/lgk-120hd-inverter-air-plasma-cutting-machine\/#primaryimage\"},\"thumbnailUrl\":\"https:\/\/www.hafniumtech.com\/wp-content\/uploads\/2025\/05\/160C-3\u53f7-\u624b\u7528.png\",\"datePublished\":\"2025-05-01T06:43:44+00:00\",\"dateModified\":\"2025-05-01T07:28:25+00:00\",\"breadcrumb\":{\"@id\":\"https:\/\/www.hafniumtech.com\/product\/lgk-120hd-inverter-air-plasma-cutting-machine\/#breadcrumb\"},\"inLanguage\":\"pt-PT\",\"potentialAction\":[{\"@type\":\"ReadAction\",\"target\":[\"https:\/\/www.hafniumtech.com\/product\/lgk-120hd-inverter-air-plasma-cutting-machine\/\"]}]},{\"@type\":\"ImageObject\",\"inLanguage\":\"pt-PT\",\"@id\":\"https:\/\/www.hafniumtech.com\/product\/lgk-120hd-inverter-air-plasma-cutting-machine\/#primaryimage\",\"url\":\"https:\/\/www.hafniumtech.com\/wp-content\/uploads\/2025\/05\/160C-3\u53f7-\u624b\u7528.png\",\"contentUrl\":\"https:\/\/www.hafniumtech.com\/wp-content\/uploads\/2025\/05\/160C-3\u53f7-\u624b\u7528.png\",\"width\":800,\"height\":800},{\"@type\":\"BreadcrumbList\",\"@id\":\"https:\/\/www.hafniumtech.com\/product\/lgk-120hd-inverter-air-plasma-cutting-machine\/#breadcrumb\",\"itemListElement\":[{\"@type\":\"ListItem\",\"position\":1,\"name\":\"\u9996\u9875\",\"item\":\"https:\/\/www.hafniumtech.com\/\"},{\"@type\":\"ListItem\",\"position\":2,\"name\":\"Product\",\"item\":\"https:\/\/www.hafniumtech.com\/product\/\"},{\"@type\":\"ListItem\",\"position\":3,\"name\":\"LGK-120HD Inverter Air Plasma Cutting Machine -Tackles Complex Cutting Challenges with Separate air Compressor\"}]},{\"@type\":\"WebSite\",\"@id\":\"https:\/\/www.hafniumtech.com\/#website\",\"url\":\"https:\/\/www.hafniumtech.com\/\",\"name\":\"Shenzhen Hafnium Technology Co., Ltd.\",\"description\":\"\",\"publisher\":{\"@id\":\"https:\/\/www.hafniumtech.com\/#organization\"},\"potentialAction\":[{\"@type\":\"SearchAction\",\"target\":{\"@type\":\"EntryPoint\",\"urlTemplate\":\"https:\/\/www.hafniumtech.com\/?s={search_term_string}\"},\"query-input\":{\"@type\":\"PropertyValueSpecification\",\"valueRequired\":true,\"valueName\":\"search_term_string\"}}],\"inLanguage\":\"pt-PT\"},{\"@type\":\"Organization\",\"@id\":\"https:\/\/www.hafniumtech.com\/#organization\",\"name\":\"Shenzhen Hafnium Technology Co., Ltd.\",\"url\":\"https:\/\/www.hafniumtech.com\/\",\"logo\":{\"@type\":\"ImageObject\",\"inLanguage\":\"pt-PT\",\"@id\":\"https:\/\/www.hafniumtech.com\/#\/schema\/logo\/image\/\",\"url\":\"https:\/\/www.hafniumtech.com\/wp-content\/uploads\/2025\/03\/168-53_.jpg\",\"contentUrl\":\"https:\/\/www.hafniumtech.com\/wp-content\/uploads\/2025\/03\/168-53_.jpg\",\"width\":336,\"height\":106,\"caption\":\"Shenzhen Hafnium Technology Co., Ltd.\"},\"image\":{\"@id\":\"https:\/\/www.hafniumtech.com\/#\/schema\/logo\/image\/\"},\"sameAs\":[\"https:\/\/www.facebook.com\/profile.php?id=61570267424696\",\"https:\/\/x.com\/HafniumTech\"]}]}<\/script>\n<meta property=\"product:price:amount\" content=\"0.00\" \/>\n<meta property=\"product:price:currency\" content=\"USD\" \/>\n<meta property=\"og:availability\" content=\"instock\" \/>\n<meta property=\"product:availability\" content=\"instock\" \/>\n<meta property=\"product:retailer_item_id\" content=\"LGK-120HD H160C\" \/>\n<meta property=\"product:condition\" content=\"new\" \/>\n<!-- \/ Yoast SEO Premium plugin. -->","yoast_head_json":{"title":"LGK-120HD Inverter Air Plasma Cutting Machine -Tackles Complex Cutting Challenges with Separate air Compressor - HafniumTech","robots":{"index":"index","follow":"follow","max-snippet":"max-snippet:-1","max-image-preview":"max-image-preview:large","max-video-preview":"max-video-preview:-1"},"canonical":"https:\/\/www.hafniumtech.com\/pt\/produto\/lgk-120hd-inverter-air-plasma-cutting-machine\/","og_locale":"pt_PT","og_type":"article","og_title":"LGK-120HD Inverter Air Plasma Cutting Machine -Tackles Complex Cutting Challenges with Separate air Compressor","og_description":"Main Features   With plasma torch consumables life monitoring function  With gas pressure and coolant liquid flow displaying, detecting, warning and controlling function  The gas pre-flow, post-flow and current up-slope time can be set separately  With automatic protection of over-heating and lack-voltage Error code displaying function  Intelligent fan is used to reduce the dust  LGK- 120 HD with constant pilot arc strike function, which is suitable for grid plate cutting  &nbsp;  Product Application   Suit manual and automated cut for carbon steel, alloy steel and nonferrous steel","og_url":"https:\/\/www.hafniumtech.com\/pt\/produto\/lgk-120hd-inverter-air-plasma-cutting-machine\/","og_site_name":"HafniumTech","article_publisher":"https:\/\/www.facebook.com\/profile.php?id=61570267424696","article_modified_time":"2025-05-01T07:28:25+00:00","og_image":[{"width":800,"height":800,"url":"https:\/\/www.hafniumtech.com\/wp-content\/uploads\/2025\/05\/160C-3\u53f7-\u624b\u7528.png","type":"image\/png"}],"twitter_card":"summary_large_image","twitter_site":"@HafniumTech","twitter_misc":{"Price":"","Availability":"In stock"},"schema":{"@context":"https:\/\/schema.org","@graph":[{"@type":"WebPage","@id":"https:\/\/www.hafniumtech.com\/product\/lgk-120hd-inverter-air-plasma-cutting-machine\/","url":"https:\/\/www.hafniumtech.com\/product\/lgk-120hd-inverter-air-plasma-cutting-machine\/","name":"LGK-120HD Inverter Air Plasma Cutting Machine -Tackles Complex Cutting Challenges with Separate air Compressor - HafniumTech","isPartOf":{"@id":"https:\/\/www.hafniumtech.com\/#website"},"primaryImageOfPage":{"@id":"https:\/\/www.hafniumtech.com\/product\/lgk-120hd-inverter-air-plasma-cutting-machine\/#primaryimage"},"image":{"@id":"https:\/\/www.hafniumtech.com\/product\/lgk-120hd-inverter-air-plasma-cutting-machine\/#primaryimage"},"thumbnailUrl":"https:\/\/www.hafniumtech.com\/wp-content\/uploads\/2025\/05\/160C-3\u53f7-\u624b\u7528.png","datePublished":"2025-05-01T06:43:44+00:00","dateModified":"2025-05-01T07:28:25+00:00","breadcrumb":{"@id":"https:\/\/www.hafniumtech.com\/product\/lgk-120hd-inverter-air-plasma-cutting-machine\/#breadcrumb"},"inLanguage":"pt-PT","potentialAction":[{"@type":"ReadAction","target":["https:\/\/www.hafniumtech.com\/product\/lgk-120hd-inverter-air-plasma-cutting-machine\/"]}]},{"@type":"ImageObject","inLanguage":"pt-PT","@id":"https:\/\/www.hafniumtech.com\/product\/lgk-120hd-inverter-air-plasma-cutting-machine\/#primaryimage","url":"https:\/\/www.hafniumtech.com\/wp-content\/uploads\/2025\/05\/160C-3\u53f7-\u624b\u7528.png","contentUrl":"https:\/\/www.hafniumtech.com\/wp-content\/uploads\/2025\/05\/160C-3\u53f7-\u624b\u7528.png","width":800,"height":800},{"@type":"BreadcrumbList","@id":"https:\/\/www.hafniumtech.com\/product\/lgk-120hd-inverter-air-plasma-cutting-machine\/#breadcrumb","itemListElement":[{"@type":"ListItem","position":1,"name":"\u9996\u9875","item":"https:\/\/www.hafniumtech.com\/"},{"@type":"ListItem","position":2,"name":"Product","item":"https:\/\/www.hafniumtech.com\/product\/"},{"@type":"ListItem","position":3,"name":"LGK-120HD Inverter Air Plasma Cutting Machine -Tackles Complex Cutting Challenges with Separate air Compressor"}]},{"@type":"WebSite","@id":"https:\/\/www.hafniumtech.com\/#website","url":"https:\/\/www.hafniumtech.com\/","name":"Shenzhen Hafnium Technology Co., Ltd.","description":"","publisher":{"@id":"https:\/\/www.hafniumtech.com\/#organization"},"potentialAction":[{"@type":"SearchAction","target":{"@type":"EntryPoint","urlTemplate":"https:\/\/www.hafniumtech.com\/?s={search_term_string}"},"query-input":{"@type":"PropertyValueSpecification","valueRequired":true,"valueName":"search_term_string"}}],"inLanguage":"pt-PT"},{"@type":"Organization","@id":"https:\/\/www.hafniumtech.com\/#organization","name":"Shenzhen Hafnium Technology Co., Ltd.","url":"https:\/\/www.hafniumtech.com\/","logo":{"@type":"ImageObject","inLanguage":"pt-PT","@id":"https:\/\/www.hafniumtech.com\/#\/schema\/logo\/image\/","url":"https:\/\/www.hafniumtech.com\/wp-content\/uploads\/2025\/03\/168-53_.jpg","contentUrl":"https:\/\/www.hafniumtech.com\/wp-content\/uploads\/2025\/03\/168-53_.jpg","width":336,"height":106,"caption":"Shenzhen Hafnium Technology Co., Ltd."},"image":{"@id":"https:\/\/www.hafniumtech.com\/#\/schema\/logo\/image\/"},"sameAs":["https:\/\/www.facebook.com\/profile.php?id=61570267424696","https:\/\/x.com\/HafniumTech"]}]},"product_price_amount":"0.00","product_price_currency":"USD","og_availability":"instock","product_availability":"instock","product_retailer_item_id":"LGK-120HD H160C","product_condition":"new"},"_links":{"self":[{"href":"https:\/\/www.hafniumtech.com\/pt\/wp-json\/wp\/v2\/product\/3369","targetHints":{"allow":["GET"]}}],"collection":[{"href":"https:\/\/www.hafniumtech.com\/pt\/wp-json\/wp\/v2\/product"}],"about":[{"href":"https:\/\/www.hafniumtech.com\/pt\/wp-json\/wp\/v2\/types\/product"}],"replies":[{"embeddable":true,"href":"https:\/\/www.hafniumtech.com\/pt\/wp-json\/wp\/v2\/comments?post=3369"}],"wp:featuredmedia":[{"embeddable":true,"href":"https:\/\/www.hafniumtech.com\/pt\/wp-json\/wp\/v2\/media\/3370"}],"wp:attachment":[{"href":"https:\/\/www.hafniumtech.com\/pt\/wp-json\/wp\/v2\/media?parent=3369"}],"wp:term":[{"taxonomy":"product_brand","embeddable":true,"href":"https:\/\/www.hafniumtech.com\/pt\/wp-json\/wp\/v2\/product_brand?post=3369"},{"taxonomy":"product_cat","embeddable":true,"href":"https:\/\/www.hafniumtech.com\/pt\/wp-json\/wp\/v2\/product_cat?post=3369"},{"taxonomy":"product_tag","embeddable":true,"href":"https:\/\/www.hafniumtech.com\/pt\/wp-json\/wp\/v2\/product_tag?post=3369"}],"curies":[{"name":"wp","href":"https:\/\/api.w.org\/{rel}","templated":true}]}}