{"id":3412,"date":"2025-05-01T17:43:18","date_gmt":"2025-05-01T09:43:18","guid":{"rendered":"http:\/\/www.hafniumtech.com\/?post_type=product&#038;p=3412"},"modified":"2025-05-02T19:58:24","modified_gmt":"2025-05-02T11:58:24","slug":"zx7-400hd-invert-igbt-portable-digital-multifunction-welding-machine-400a-dc-mma-for-construction-home-use-new-used-condition","status":"publish","type":"product","link":"https:\/\/www.hafniumtech.com\/pt\/produto\/zx7-400hd-invert-igbt-portable-digital-multifunction-welding-machine-400a-dc-mma-for-construction-home-use-new-used-condition\/","title":{"rendered":"ZX7-400HD Inverter IGBT M\u00e1quina de solda digital multifuncional port\u00e1til 400A DC MMA para constru\u00e7\u00e3o civil Uso dom\u00e9stico Nova condi\u00e7\u00e3o usada"},"content":{"rendered":"<table style=\"height: 506px;\" width=\"712\">\n<tbody>\n<tr>\n<td style=\"text-align: center;\" rowspan=\"2\" width=\"339\"><strong>Item<\/strong><\/td>\n<td rowspan=\"2\" width=\"55\"><strong>Unidade<\/strong><\/td>\n<td style=\"text-align: center;\" colspan=\"3\" width=\"435\"><strong>Modelo<\/strong><\/td>\n<\/tr>\n<tr>\n<td style=\"text-align: center;\" width=\"145\"><strong>ZX7-400HD<\/strong><\/td>\n<td style=\"text-align: center;\" width=\"145\"><strong>ZX7-500HD<\/strong><\/td>\n<td style=\"text-align: center;\" width=\"145\"><strong>ZX7-630HD<\/strong><\/td>\n<\/tr>\n<tr>\n<td style=\"text-align: center;\" width=\"339\">\u00a0Pot\u00eancia de entrada<\/td>\n<td style=\"text-align: center;\" width=\"55\">V\/Hz<\/td>\n<td style=\"text-align: center;\" colspan=\"3\" width=\"435\">3~380\u00b115% 50\/60Hz<\/td>\n<\/tr>\n<tr>\n<td style=\"text-align: center;\" width=\"339\">\u00a0Tens\u00e3o nominal de circuito aberto<\/td>\n<td style=\"text-align: center;\" width=\"55\">V<\/td>\n<td style=\"text-align: center;\" width=\"145\">75<\/td>\n<td style=\"text-align: center;\" width=\"145\">80<\/td>\n<td style=\"text-align: center;\" width=\"145\">93<\/td>\n<\/tr>\n<tr>\n<td style=\"text-align: center;\" width=\"339\">\u00a0Capacidade nominal de entrada<\/td>\n<td style=\"text-align: center;\" width=\"55\">KVA<\/td>\n<td style=\"text-align: center;\" width=\"145\">20<\/td>\n<td style=\"text-align: center;\" width=\"145\">26<\/td>\n<td style=\"text-align: center;\" width=\"145\">36<\/td>\n<\/tr>\n<tr>\n<td style=\"text-align: center;\" width=\"339\">\u00a0Corrente nominal de entrada<\/td>\n<td style=\"text-align: center;\" width=\"55\">A<\/td>\n<td style=\"text-align: center;\" width=\"145\">30<\/td>\n<td style=\"text-align: center;\" width=\"145\">40<\/td>\n<td style=\"text-align: center;\" width=\"145\">55<\/td>\n<\/tr>\n<tr>\n<td style=\"text-align: center;\" width=\"339\">\u00a0Ciclo de trabalho nominal<\/td>\n<td style=\"text-align: center;\" width=\"55\"><\/td>\n<td style=\"text-align: center;\" colspan=\"3\" width=\"435\">60%(40\u2103)<\/td>\n<\/tr>\n<tr>\n<td style=\"text-align: center;\" width=\"339\">\u00a0Efici\u00eancia<\/td>\n<td style=\"text-align: center;\" width=\"55\"><\/td>\n<td style=\"text-align: center;\" width=\"145\">86%<\/td>\n<td style=\"text-align: center;\" width=\"145\">87%<\/td>\n<td style=\"text-align: center;\" width=\"145\">89%<\/td>\n<\/tr>\n<tr>\n<td style=\"text-align: center;\" width=\"339\">\u00a0Fator de pot\u00eancia<\/td>\n<td style=\"text-align: center;\" width=\"55\"><\/td>\n<td style=\"text-align: center;\" width=\"145\">0.89<\/td>\n<td style=\"text-align: center;\" width=\"145\">0.91<\/td>\n<td style=\"text-align: center;\" width=\"145\">0.92<\/td>\n<\/tr>\n<tr>\n<td style=\"text-align: center;\" width=\"339\">\u00a0Gama de ajuste da corrente de sa\u00edda<\/td>\n<td style=\"text-align: center;\" width=\"55\">A<\/td>\n<td style=\"text-align: center;\" width=\"145\">20~400<\/td>\n<td style=\"text-align: center;\" width=\"145\">20~500<\/td>\n<td style=\"text-align: center;\" width=\"145\">20~630<\/td>\n<\/tr>\n<tr>\n<td style=\"text-align: center;\" width=\"339\">\u00a0Gama de ajuste da corrente da for\u00e7a do arco<\/td>\n<td style=\"text-align: center;\" width=\"55\">A<\/td>\n<td style=\"text-align: center;\" colspan=\"3\" width=\"435\">0~200<\/td>\n<\/tr>\n<tr>\n<td style=\"text-align: center;\" width=\"339\">\u00a0Gama de ajuste da corrente de arranque a quente<\/td>\n<td style=\"text-align: center;\" width=\"55\">A<\/td>\n<td style=\"text-align: center;\" colspan=\"3\" width=\"435\">0~200<\/td>\n<\/tr>\n<tr>\n<td style=\"text-align: center;\" width=\"339\">\u00a0Di\u00e2metro do el\u00e9trodo adequado<\/td>\n<td style=\"text-align: center;\" width=\"55\">mm<\/td>\n<td style=\"text-align: center;\" colspan=\"3\" width=\"435\">\u2264\u03a66<\/td>\n<\/tr>\n<tr>\n<td style=\"text-align: center;\" width=\"339\">\u00a0Modo de arrefecimento<\/td>\n<td style=\"text-align: center;\" width=\"55\"><\/td>\n<td style=\"text-align: center;\" colspan=\"3\" width=\"435\">Arrefecimento do ar<\/td>\n<\/tr>\n<tr>\n<td style=\"text-align: center;\" width=\"339\">\u00a0Grau de isolamento<\/td>\n<td style=\"text-align: center;\" width=\"55\"><\/td>\n<td style=\"text-align: center;\" colspan=\"3\" width=\"435\">F<\/td>\n<\/tr>\n<tr>\n<td style=\"text-align: center;\" width=\"339\">\u00a0Prote\u00e7\u00e3o contra ingresso<\/td>\n<td style=\"text-align: center;\" width=\"55\"><\/td>\n<td style=\"text-align: center;\" colspan=\"3\" width=\"435\">IP21S<\/td>\n<\/tr>\n<tr>\n<td style=\"text-align: center;\" width=\"339\">\u00a0Dimens\u00e3o (C\u00d7L\u00d7A)<\/td>\n<td style=\"text-align: center;\" width=\"55\">mm<\/td>\n<td style=\"text-align: center;\" width=\"145\">570\u00d7290\u00d7540<\/td>\n<td style=\"text-align: center;\" width=\"145\">630\u00d7290\u00d7540<\/td>\n<td style=\"text-align: center;\" width=\"145\">630\u00d7290\u00d7540<\/td>\n<\/tr>\n<tr>\n<td style=\"text-align: center;\" width=\"339\">\u00a0Peso l\u00edquido<\/td>\n<td style=\"text-align: center;\" width=\"55\">Kg<\/td>\n<td style=\"text-align: center;\" width=\"145\">38<\/td>\n<td style=\"text-align: center;\" width=\"145\">42<\/td>\n<td style=\"text-align: center;\" width=\"145\">43<\/td>\n<\/tr>\n<\/tbody>\n<\/table>","protected":false},"excerpt":{"rendered":"<p class=\"\" data-start=\"0\" data-end=\"19\"><strong data-start=\"0\" data-end=\"17\">Carater\u00edsticas principais<\/strong><\/p>\n<ul data-start=\"20\" data-end=\"470\">\n<li class=\"\" data-start=\"20\" data-end=\"69\">\n<p class=\"\" data-start=\"22\" data-end=\"69\">Conce\u00e7\u00e3o de ciclo de trabalho elevado para utiliza\u00e7\u00e3o na ind\u00fastria pesada<\/p>\n<\/li>\n<li class=\"\" data-start=\"70\" data-end=\"126\">\n<p class=\"\" data-start=\"72\" data-end=\"126\">Controlo digital fi\u00e1vel com tecnologia de comuta\u00e7\u00e3o suave<\/p>\n<\/li>\n<li class=\"\" data-start=\"127\" data-end=\"161\">\n<p class=\"\" data-start=\"129\" data-end=\"161\">Prote\u00e7\u00e3o anti-choque el\u00e9trico<\/p>\n<\/li>\n<li class=\"\" data-start=\"162\" data-end=\"187\">\n<p class=\"\" data-start=\"164\" data-end=\"187\">Ecr\u00e3 digital n\u00edtido<\/p>\n<\/li>\n<li class=\"\" data-start=\"188\" data-end=\"267\">\n<p class=\"\" data-start=\"190\" data-end=\"267\">Predefini\u00e7\u00e3o, armazenamento e sele\u00e7\u00e3o dos par\u00e2metros de soldadura: corrente, for\u00e7a do arco, arranque a quente<\/p>\n<\/li>\n<li class=\"\" data-start=\"268\" data-end=\"336\">\n<p class=\"\" data-start=\"270\" data-end=\"336\">Conector de controlo remoto para gest\u00e3o de par\u00e2metros baseada em computador<\/p>\n<\/li>\n<li class=\"\" data-start=\"337\" data-end=\"426\">\n<p class=\"\" data-start=\"339\" data-end=\"426\">Prote\u00e7\u00e3o autom\u00e1tica contra sobretens\u00e3o, subtens\u00e3o, perda de fase e sobreaquecimento<\/p>\n<\/li>\n<li class=\"\" data-start=\"427\" data-end=\"470\">\n<p class=\"\" data-start=\"429\" data-end=\"470\">O modelo ZX7-630HD suporta goivagem de carbono<\/p>\n<\/li>\n<\/ul>\n<p class=\"\" data-start=\"472\" data-end=\"497\"><strong data-start=\"472\" data-end=\"495\">Aplica\u00e7\u00e3o do produto<\/strong><\/p>\n<ul data-start=\"498\" data-end=\"589\">\n<li class=\"\" data-start=\"498\" data-end=\"589\">\n<p class=\"\" data-start=\"500\" data-end=\"589\">Ideal para soldar a\u00e7o com baixo teor de carbono, a\u00e7o com baixo teor de carbono, ligas de a\u00e7o e a\u00e7o inoxid\u00e1vel<\/p>\n<\/li>\n<\/ul>","protected":false},"featured_media":3413,"comment_status":"open","ping_status":"closed","template":"","meta":[],"product_brand":[],"product_cat":[15,57],"product_tag":[163,147,164,148,165,149,166,151,167,152,153,154,155,156,157,158,159,160,161,162],"class_list":{"0":"post-3412","1":"product","2":"type-product","3":"status-publish","4":"has-post-thumbnail","6":"product_cat-welding-machine-welder","7":"product_cat-mma-arc-welding-machine","8":"product_tag-construction-welding-machine","9":"product_tag-mma-welding-machine","10":"product_tag-multifunctional-welding-machine","11":"product_tag-civil-welder","12":"product_tag-400a-welding-machine","13":"product_tag-mma-welder","14":"product_tag-380v-welding-machine","15":"product_tag-small-manual-metal-arc-welder","16":"product_tag-400a-output-we","17":"product_tag-mma-portable-welding-machine","18":"product_tag-construction-welder","19":"product_tag-efficient-manual-metal-arc-welder","20":"product_tag-portable-welding-machine-for-home-use","21":"product_tag-construction-welding-equipment","22":"product_tag-portable-metal-arc-welder","23":"product_tag-home-use-welder","24":"product_tag-igbt-welding-machine","25":"product_tag-400a-portable-welding-machine","26":"product_tag-digital-multifunction-welding-device","27":"product_tag-home-use-welding-machine","29":"first","30":"instock","31":"shipping-taxable","32":"product-type-simple"},"yoast_head":"<!-- This site is optimized with the Yoast SEO Premium plugin v25.0 (Yoast SEO v25.0) - https:\/\/yoast.com\/wordpress\/plugins\/seo\/ -->\n<title>ZX7-400HD Invert IGBT Portable Digital Multifunction Welding Machine 400A DC MMA for Construction Home Use New Used Condition - HafniumTech<\/title>\n<meta name=\"robots\" content=\"index, follow, max-snippet:-1, max-image-preview:large, max-video-preview:-1\" \/>\n<link rel=\"canonical\" href=\"https:\/\/www.hafniumtech.com\/pt\/produto\/zx7-400hd-invert-igbt-portable-digital-multifunction-welding-machine-400a-dc-mma-for-construction-home-use-new-used-condition\/\" \/>\n<meta property=\"og:locale\" content=\"pt_PT\" \/>\n<meta property=\"og:type\" content=\"article\" \/>\n<meta property=\"og:title\" content=\"ZX7-400HD Invert IGBT Portable Digital Multifunction Welding Machine 400A DC MMA for Construction Home Use New Used Condition\" \/>\n<meta property=\"og:description\" content=\"Main Features     High-duty-cycle design for heavy-industry use    Reliable digital control with soft-switch technology    Anti-electric-shock protection    Clear digital display    Preset, store, and select welding parameters: current, arc-force, hot-start    Remote-control connector for computer-based parameter management    Automatic protection against over-voltage, under-voltage, phase loss, and overheating    ZX7-630HD model supports carbon-gouging   Product Application     Ideal for welding low-carbon steel, mild-carbon steel, alloy steel, and stainless steel\" \/>\n<meta property=\"og:url\" content=\"https:\/\/www.hafniumtech.com\/pt\/produto\/zx7-400hd-invert-igbt-portable-digital-multifunction-welding-machine-400a-dc-mma-for-construction-home-use-new-used-condition\/\" \/>\n<meta property=\"og:site_name\" content=\"HafniumTech\" \/>\n<meta property=\"article:publisher\" content=\"https:\/\/www.facebook.com\/profile.php?id=61570267424696\" \/>\n<meta property=\"article:modified_time\" content=\"2025-05-02T11:58:24+00:00\" \/>\n<meta property=\"og:image\" content=\"https:\/\/www.hafniumtech.com\/wp-content\/uploads\/2025\/05\/0.png\" \/>\n\t<meta property=\"og:image:width\" content=\"800\" \/>\n\t<meta property=\"og:image:height\" content=\"800\" \/>\n\t<meta property=\"og:image:type\" content=\"image\/png\" \/>\n<meta name=\"twitter:card\" content=\"summary_large_image\" \/>\n<meta name=\"twitter:site\" content=\"@HafniumTech\" \/>\n<meta name=\"twitter:label1\" content=\"Price\" \/>\n\t<meta name=\"twitter:data1\" content=\"\" \/>\n\t<meta name=\"twitter:label2\" content=\"Availability\" \/>\n\t<meta name=\"twitter:data2\" content=\"In stock\" \/>\n<script type=\"application\/ld+json\" class=\"yoast-schema-graph\">{\"@context\":\"https:\/\/schema.org\",\"@graph\":[{\"@type\":\"WebPage\",\"@id\":\"https:\/\/www.hafniumtech.com\/product\/zx7-400hd-invert-igbt-portable-digital-multifunction-welding-machine-400a-dc-mma-for-construction-home-use-new-used-condition\/\",\"url\":\"https:\/\/www.hafniumtech.com\/product\/zx7-400hd-invert-igbt-portable-digital-multifunction-welding-machine-400a-dc-mma-for-construction-home-use-new-used-condition\/\",\"name\":\"ZX7-400HD Invert IGBT Portable Digital Multifunction Welding Machine 400A DC MMA for Construction Home Use New Used Condition - HafniumTech\",\"isPartOf\":{\"@id\":\"https:\/\/www.hafniumtech.com\/#website\"},\"primaryImageOfPage\":{\"@id\":\"https:\/\/www.hafniumtech.com\/product\/zx7-400hd-invert-igbt-portable-digital-multifunction-welding-machine-400a-dc-mma-for-construction-home-use-new-used-condition\/#primaryimage\"},\"image\":{\"@id\":\"https:\/\/www.hafniumtech.com\/product\/zx7-400hd-invert-igbt-portable-digital-multifunction-welding-machine-400a-dc-mma-for-construction-home-use-new-used-condition\/#primaryimage\"},\"thumbnailUrl\":\"https:\/\/www.hafniumtech.com\/wp-content\/uploads\/2025\/05\/0.png\",\"datePublished\":\"2025-05-01T09:43:18+00:00\",\"dateModified\":\"2025-05-02T11:58:24+00:00\",\"breadcrumb\":{\"@id\":\"https:\/\/www.hafniumtech.com\/product\/zx7-400hd-invert-igbt-portable-digital-multifunction-welding-machine-400a-dc-mma-for-construction-home-use-new-used-condition\/#breadcrumb\"},\"inLanguage\":\"pt-PT\",\"potentialAction\":[{\"@type\":\"ReadAction\",\"target\":[\"https:\/\/www.hafniumtech.com\/product\/zx7-400hd-invert-igbt-portable-digital-multifunction-welding-machine-400a-dc-mma-for-construction-home-use-new-used-condition\/\"]}]},{\"@type\":\"ImageObject\",\"inLanguage\":\"pt-PT\",\"@id\":\"https:\/\/www.hafniumtech.com\/product\/zx7-400hd-invert-igbt-portable-digital-multifunction-welding-machine-400a-dc-mma-for-construction-home-use-new-used-condition\/#primaryimage\",\"url\":\"https:\/\/www.hafniumtech.com\/wp-content\/uploads\/2025\/05\/0.png\",\"contentUrl\":\"https:\/\/www.hafniumtech.com\/wp-content\/uploads\/2025\/05\/0.png\",\"width\":800,\"height\":800},{\"@type\":\"BreadcrumbList\",\"@id\":\"https:\/\/www.hafniumtech.com\/product\/zx7-400hd-invert-igbt-portable-digital-multifunction-welding-machine-400a-dc-mma-for-construction-home-use-new-used-condition\/#breadcrumb\",\"itemListElement\":[{\"@type\":\"ListItem\",\"position\":1,\"name\":\"\u9996\u9875\",\"item\":\"https:\/\/www.hafniumtech.com\/\"},{\"@type\":\"ListItem\",\"position\":2,\"name\":\"Product\",\"item\":\"https:\/\/www.hafniumtech.com\/product\/\"},{\"@type\":\"ListItem\",\"position\":3,\"name\":\"ZX7-400HD Invert IGBT Portable Digital Multifunction Welding Machine 400A DC MMA for Construction Home Use New Used Condition\"}]},{\"@type\":\"WebSite\",\"@id\":\"https:\/\/www.hafniumtech.com\/#website\",\"url\":\"https:\/\/www.hafniumtech.com\/\",\"name\":\"Shenzhen Hafnium Technology Co., Ltd.\",\"description\":\"\",\"publisher\":{\"@id\":\"https:\/\/www.hafniumtech.com\/#organization\"},\"potentialAction\":[{\"@type\":\"SearchAction\",\"target\":{\"@type\":\"EntryPoint\",\"urlTemplate\":\"https:\/\/www.hafniumtech.com\/?s={search_term_string}\"},\"query-input\":{\"@type\":\"PropertyValueSpecification\",\"valueRequired\":true,\"valueName\":\"search_term_string\"}}],\"inLanguage\":\"pt-PT\"},{\"@type\":\"Organization\",\"@id\":\"https:\/\/www.hafniumtech.com\/#organization\",\"name\":\"Shenzhen Hafnium Technology Co., Ltd.\",\"url\":\"https:\/\/www.hafniumtech.com\/\",\"logo\":{\"@type\":\"ImageObject\",\"inLanguage\":\"pt-PT\",\"@id\":\"https:\/\/www.hafniumtech.com\/#\/schema\/logo\/image\/\",\"url\":\"https:\/\/www.hafniumtech.com\/wp-content\/uploads\/2025\/03\/168-53_.jpg\",\"contentUrl\":\"https:\/\/www.hafniumtech.com\/wp-content\/uploads\/2025\/03\/168-53_.jpg\",\"width\":336,\"height\":106,\"caption\":\"Shenzhen Hafnium Technology Co., Ltd.\"},\"image\":{\"@id\":\"https:\/\/www.hafniumtech.com\/#\/schema\/logo\/image\/\"},\"sameAs\":[\"https:\/\/www.facebook.com\/profile.php?id=61570267424696\",\"https:\/\/x.com\/HafniumTech\"]}]}<\/script>\n<meta property=\"product:price:amount\" content=\"0.00\" \/>\n<meta property=\"product:price:currency\" content=\"USD\" \/>\n<meta property=\"og:availability\" content=\"instock\" \/>\n<meta property=\"product:availability\" content=\"instock\" \/>\n<meta property=\"product:retailer_item_id\" content=\"ZX7-400HD\" \/>\n<meta property=\"product:condition\" content=\"new\" \/>\n<!-- \/ Yoast SEO Premium plugin. -->","yoast_head_json":{"title":"ZX7-400HD Invert IGBT Portable Digital Multifunction Welding Machine 400A DC MMA for Construction Home Use New Used Condition - HafniumTech","robots":{"index":"index","follow":"follow","max-snippet":"max-snippet:-1","max-image-preview":"max-image-preview:large","max-video-preview":"max-video-preview:-1"},"canonical":"https:\/\/www.hafniumtech.com\/pt\/produto\/zx7-400hd-invert-igbt-portable-digital-multifunction-welding-machine-400a-dc-mma-for-construction-home-use-new-used-condition\/","og_locale":"pt_PT","og_type":"article","og_title":"ZX7-400HD Invert IGBT Portable Digital Multifunction Welding Machine 400A DC MMA for Construction Home Use New Used Condition","og_description":"Main Features     High-duty-cycle design for heavy-industry use    Reliable digital control with soft-switch technology    Anti-electric-shock protection    Clear digital display    Preset, store, and select welding parameters: current, arc-force, hot-start    Remote-control connector for computer-based parameter management    Automatic protection against over-voltage, under-voltage, phase loss, and overheating    ZX7-630HD model supports carbon-gouging   Product Application     Ideal for welding low-carbon steel, mild-carbon steel, alloy steel, and stainless steel","og_url":"https:\/\/www.hafniumtech.com\/pt\/produto\/zx7-400hd-invert-igbt-portable-digital-multifunction-welding-machine-400a-dc-mma-for-construction-home-use-new-used-condition\/","og_site_name":"HafniumTech","article_publisher":"https:\/\/www.facebook.com\/profile.php?id=61570267424696","article_modified_time":"2025-05-02T11:58:24+00:00","og_image":[{"width":800,"height":800,"url":"https:\/\/www.hafniumtech.com\/wp-content\/uploads\/2025\/05\/0.png","type":"image\/png"}],"twitter_card":"summary_large_image","twitter_site":"@HafniumTech","twitter_misc":{"Price":"","Availability":"In stock"},"schema":{"@context":"https:\/\/schema.org","@graph":[{"@type":"WebPage","@id":"https:\/\/www.hafniumtech.com\/product\/zx7-400hd-invert-igbt-portable-digital-multifunction-welding-machine-400a-dc-mma-for-construction-home-use-new-used-condition\/","url":"https:\/\/www.hafniumtech.com\/product\/zx7-400hd-invert-igbt-portable-digital-multifunction-welding-machine-400a-dc-mma-for-construction-home-use-new-used-condition\/","name":"ZX7-400HD Invert IGBT Portable Digital Multifunction Welding Machine 400A DC MMA for Construction Home Use New Used Condition - HafniumTech","isPartOf":{"@id":"https:\/\/www.hafniumtech.com\/#website"},"primaryImageOfPage":{"@id":"https:\/\/www.hafniumtech.com\/product\/zx7-400hd-invert-igbt-portable-digital-multifunction-welding-machine-400a-dc-mma-for-construction-home-use-new-used-condition\/#primaryimage"},"image":{"@id":"https:\/\/www.hafniumtech.com\/product\/zx7-400hd-invert-igbt-portable-digital-multifunction-welding-machine-400a-dc-mma-for-construction-home-use-new-used-condition\/#primaryimage"},"thumbnailUrl":"https:\/\/www.hafniumtech.com\/wp-content\/uploads\/2025\/05\/0.png","datePublished":"2025-05-01T09:43:18+00:00","dateModified":"2025-05-02T11:58:24+00:00","breadcrumb":{"@id":"https:\/\/www.hafniumtech.com\/product\/zx7-400hd-invert-igbt-portable-digital-multifunction-welding-machine-400a-dc-mma-for-construction-home-use-new-used-condition\/#breadcrumb"},"inLanguage":"pt-PT","potentialAction":[{"@type":"ReadAction","target":["https:\/\/www.hafniumtech.com\/product\/zx7-400hd-invert-igbt-portable-digital-multifunction-welding-machine-400a-dc-mma-for-construction-home-use-new-used-condition\/"]}]},{"@type":"ImageObject","inLanguage":"pt-PT","@id":"https:\/\/www.hafniumtech.com\/product\/zx7-400hd-invert-igbt-portable-digital-multifunction-welding-machine-400a-dc-mma-for-construction-home-use-new-used-condition\/#primaryimage","url":"https:\/\/www.hafniumtech.com\/wp-content\/uploads\/2025\/05\/0.png","contentUrl":"https:\/\/www.hafniumtech.com\/wp-content\/uploads\/2025\/05\/0.png","width":800,"height":800},{"@type":"BreadcrumbList","@id":"https:\/\/www.hafniumtech.com\/product\/zx7-400hd-invert-igbt-portable-digital-multifunction-welding-machine-400a-dc-mma-for-construction-home-use-new-used-condition\/#breadcrumb","itemListElement":[{"@type":"ListItem","position":1,"name":"\u9996\u9875","item":"https:\/\/www.hafniumtech.com\/"},{"@type":"ListItem","position":2,"name":"Product","item":"https:\/\/www.hafniumtech.com\/product\/"},{"@type":"ListItem","position":3,"name":"ZX7-400HD Invert IGBT Portable Digital Multifunction Welding Machine 400A DC MMA for Construction Home Use New Used Condition"}]},{"@type":"WebSite","@id":"https:\/\/www.hafniumtech.com\/#website","url":"https:\/\/www.hafniumtech.com\/","name":"Shenzhen Hafnium Technology Co., Ltd.","description":"","publisher":{"@id":"https:\/\/www.hafniumtech.com\/#organization"},"potentialAction":[{"@type":"SearchAction","target":{"@type":"EntryPoint","urlTemplate":"https:\/\/www.hafniumtech.com\/?s={search_term_string}"},"query-input":{"@type":"PropertyValueSpecification","valueRequired":true,"valueName":"search_term_string"}}],"inLanguage":"pt-PT"},{"@type":"Organization","@id":"https:\/\/www.hafniumtech.com\/#organization","name":"Shenzhen Hafnium Technology Co., Ltd.","url":"https:\/\/www.hafniumtech.com\/","logo":{"@type":"ImageObject","inLanguage":"pt-PT","@id":"https:\/\/www.hafniumtech.com\/#\/schema\/logo\/image\/","url":"https:\/\/www.hafniumtech.com\/wp-content\/uploads\/2025\/03\/168-53_.jpg","contentUrl":"https:\/\/www.hafniumtech.com\/wp-content\/uploads\/2025\/03\/168-53_.jpg","width":336,"height":106,"caption":"Shenzhen Hafnium Technology Co., Ltd."},"image":{"@id":"https:\/\/www.hafniumtech.com\/#\/schema\/logo\/image\/"},"sameAs":["https:\/\/www.facebook.com\/profile.php?id=61570267424696","https:\/\/x.com\/HafniumTech"]}]},"product_price_amount":"0.00","product_price_currency":"USD","og_availability":"instock","product_availability":"instock","product_retailer_item_id":"ZX7-400HD","product_condition":"new"},"_links":{"self":[{"href":"https:\/\/www.hafniumtech.com\/pt\/wp-json\/wp\/v2\/product\/3412","targetHints":{"allow":["GET"]}}],"collection":[{"href":"https:\/\/www.hafniumtech.com\/pt\/wp-json\/wp\/v2\/product"}],"about":[{"href":"https:\/\/www.hafniumtech.com\/pt\/wp-json\/wp\/v2\/types\/product"}],"replies":[{"embeddable":true,"href":"https:\/\/www.hafniumtech.com\/pt\/wp-json\/wp\/v2\/comments?post=3412"}],"wp:featuredmedia":[{"embeddable":true,"href":"https:\/\/www.hafniumtech.com\/pt\/wp-json\/wp\/v2\/media\/3413"}],"wp:attachment":[{"href":"https:\/\/www.hafniumtech.com\/pt\/wp-json\/wp\/v2\/media?parent=3412"}],"wp:term":[{"taxonomy":"product_brand","embeddable":true,"href":"https:\/\/www.hafniumtech.com\/pt\/wp-json\/wp\/v2\/product_brand?post=3412"},{"taxonomy":"product_cat","embeddable":true,"href":"https:\/\/www.hafniumtech.com\/pt\/wp-json\/wp\/v2\/product_cat?post=3412"},{"taxonomy":"product_tag","embeddable":true,"href":"https:\/\/www.hafniumtech.com\/pt\/wp-json\/wp\/v2\/product_tag?post=3412"}],"curies":[{"name":"wp","href":"https:\/\/api.w.org\/{rel}","templated":true}]}}