{"id":3421,"date":"2025-05-01T18:07:13","date_gmt":"2025-05-01T10:07:13","guid":{"rendered":"http:\/\/www.hafniumtech.com\/?post_type=product&#038;p=3421"},"modified":"2025-05-02T19:58:13","modified_gmt":"2025-05-02T11:58:13","slug":"zx7-400-igbt-pro-inverter-portable-220v-400a-dc-arc-welding-machine-digital-display-mma-construction-industries-condition-new","status":"publish","type":"product","link":"https:\/\/www.hafniumtech.com\/pt\/produto\/zx7-400-igbt-pro-inverter-portable-220v-400a-dc-arc-welding-machine-digital-display-mma-construction-industries-condition-new\/","title":{"rendered":"ZX7-400 IGBT Pro Inverter Port\u00e1til 220V 400A DC M\u00e1quina de soldadura por arco com ecr\u00e3 digital MMA Constru\u00e7\u00e3o Ind\u00fastrias Condi\u00e7\u00e3o Novo"},"content":{"rendered":"<table width=\"698\">\n<tbody>\n<tr>\n<td style=\"text-align: center;\" rowspan=\"2\" width=\"331\"><strong>ltem<\/strong><\/td>\n<td style=\"text-align: center;\" rowspan=\"2\" width=\"89\"><strong>Unidade<\/strong><\/td>\n<td style=\"text-align: center;\" width=\"278\"><strong>Modelo<\/strong><\/td>\n<\/tr>\n<tr>\n<td style=\"text-align: center;\" width=\"278\"><strong>ZX7-400IGBT Pro<\/strong><\/td>\n<\/tr>\n<tr>\n<td style=\"text-align: center;\" width=\"331\">\u00a0 Pot\u00eancia de entrada<\/td>\n<td style=\"text-align: center;\" width=\"89\">V\/Hz<\/td>\n<td style=\"text-align: center;\" width=\"278\">3~380V\u00b115% 50\/60Hz<\/td>\n<\/tr>\n<tr>\n<td style=\"text-align: center;\" width=\"331\">\u00a0 Capacidade de entrada<\/td>\n<td style=\"text-align: center;\" width=\"89\">KVA<\/td>\n<td style=\"text-align: center;\" width=\"278\">19.7<\/td>\n<\/tr>\n<tr>\n<td style=\"text-align: center;\" width=\"331\">\u00a0 Corrente nominal de entrada<\/td>\n<td style=\"text-align: center;\" width=\"89\">A<\/td>\n<td style=\"text-align: center;\" width=\"278\">30<\/td>\n<\/tr>\n<tr>\n<td style=\"text-align: center;\" width=\"331\">\u00a0 Tens\u00e3o nominal de circuito aberto<\/td>\n<td style=\"text-align: center;\" width=\"89\">V<\/td>\n<td style=\"text-align: center;\" width=\"278\">81<\/td>\n<\/tr>\n<tr>\n<td style=\"text-align: center;\" width=\"331\">\u00a0 Ciclo de trabalho nominal<\/td>\n<td style=\"text-align: center;\" width=\"89\"><\/td>\n<td style=\"text-align: center;\" width=\"278\">35%(40\u2103)<\/td>\n<\/tr>\n<tr>\n<td style=\"text-align: center;\" width=\"331\">\u00a0 Efici\u00eancia<\/td>\n<td style=\"text-align: center;\" width=\"89\"><\/td>\n<td style=\"text-align: center;\" width=\"278\">87%<\/td>\n<\/tr>\n<tr>\n<td style=\"text-align: center;\" width=\"331\">\u00a0 Fator de pot\u00eancia<\/td>\n<td style=\"text-align: center;\" width=\"89\"><\/td>\n<td style=\"text-align: center;\" width=\"278\">0.88<\/td>\n<\/tr>\n<tr>\n<td style=\"text-align: center;\" width=\"331\">\u00a0 Gama de ajuste da corrente de sa\u00edda<\/td>\n<td style=\"text-align: center;\" width=\"89\">A<\/td>\n<td style=\"text-align: center;\" width=\"278\">20~400<\/td>\n<\/tr>\n<tr>\n<td style=\"text-align: center;\" width=\"331\">\u00a0 Gama de ajuste da corrente da for\u00e7a do arco<\/td>\n<td style=\"text-align: center;\" width=\"89\">A<\/td>\n<td style=\"text-align: center;\" width=\"278\">0~150<\/td>\n<\/tr>\n<tr>\n<td style=\"text-align: center;\" width=\"331\">\u00a0 Gama de ajuste da corrente de arranque a quente<\/td>\n<td style=\"text-align: center;\" width=\"89\">A<\/td>\n<td style=\"text-align: center;\" width=\"278\">0~120<\/td>\n<\/tr>\n<tr>\n<td style=\"text-align: center;\" width=\"331\">\u00a0 Di\u00e2metro do el\u00e9trodo adequado<\/td>\n<td style=\"text-align: center;\" width=\"89\">mm<\/td>\n<td style=\"text-align: center;\" width=\"278\">\u2264\u03c66<\/td>\n<\/tr>\n<tr>\n<td style=\"text-align: center;\" width=\"331\">\u00a0 Modo de arrefecimento<\/td>\n<td style=\"text-align: center;\" width=\"89\"><\/td>\n<td style=\"text-align: center;\" width=\"278\">Arrefecimento do ar<\/td>\n<\/tr>\n<tr>\n<td style=\"text-align: center;\" width=\"331\">\u00a0 Grau de isolamento<\/td>\n<td style=\"text-align: center;\" width=\"89\"><\/td>\n<td style=\"text-align: center;\" width=\"278\">F<\/td>\n<\/tr>\n<tr>\n<td style=\"text-align: center;\" width=\"331\">\u00a0 Prote\u00e7\u00e3o contra ingresso<\/td>\n<td style=\"text-align: center;\" width=\"89\"><\/td>\n<td style=\"text-align: center;\" width=\"278\">IP21S<\/td>\n<\/tr>\n<tr>\n<td style=\"text-align: center;\" width=\"331\">\u00a0 Dimens\u00e3o (C\u00d7L\u00d7A)<\/td>\n<td style=\"text-align: center;\" width=\"89\">mm<\/td>\n<td style=\"text-align: center;\" width=\"278\">520\u00d7260\u00d7495<\/td>\n<\/tr>\n<tr>\n<td style=\"text-align: center;\" width=\"331\">\u00a0 Peso l\u00edquido<\/td>\n<td style=\"text-align: center;\" width=\"89\">Kg<\/td>\n<td style=\"text-align: center;\" width=\"278\">23<\/td>\n<\/tr>\n<\/tbody>\n<\/table>","protected":false},"excerpt":{"rendered":"<p class=\"\" data-start=\"0\" data-end=\"19\"><strong data-start=\"0\" data-end=\"17\">Carater\u00edsticas principais<\/strong><\/p>\n<ul data-start=\"20\" data-end=\"494\">\n<li class=\"\" data-start=\"20\" data-end=\"78\">\n<p class=\"\" data-start=\"22\" data-end=\"78\">Tecnologia de comuta\u00e7\u00e3o suave utilizando componentes de renome mundial<\/p>\n<\/li>\n<li class=\"\" data-start=\"79\" data-end=\"145\">\n<p class=\"\" data-start=\"81\" data-end=\"145\">M\u00f3dulos IGBT mais recentes para elevada fiabilidade e longa vida \u00fatil<\/p>\n<\/li>\n<li class=\"\" data-start=\"146\" data-end=\"211\">\n<p class=\"\" data-start=\"148\" data-end=\"211\">Pr\u00e9-sele\u00e7\u00e3o de corrente para maior efici\u00eancia e poupan\u00e7a de energia<\/p>\n<\/li>\n<li class=\"\" data-start=\"212\" data-end=\"275\">\n<p class=\"\" data-start=\"214\" data-end=\"275\">Processo avan\u00e7ado de distribui\u00e7\u00e3o de PCB para taxas de falha ultra-baixas<\/p>\n<\/li>\n<li class=\"\" data-start=\"276\" data-end=\"328\">\n<p class=\"\" data-start=\"278\" data-end=\"328\">Compensa\u00e7\u00e3o autom\u00e1tica da flutua\u00e7\u00e3o da tens\u00e3o de entrada<\/p>\n<\/li>\n<li class=\"\" data-start=\"329\" data-end=\"410\">\n<p class=\"\" data-start=\"331\" data-end=\"410\">Prote\u00e7\u00e3o abrangente contra sobretens\u00e3o, subtens\u00e3o e sobreaquecimento<\/p>\n<\/li>\n<li class=\"\" data-start=\"411\" data-end=\"494\">\n<p class=\"\" data-start=\"413\" data-end=\"494\">Excelente resposta din\u00e2mica: arco est\u00e1vel, aspeto de soldadura suave, salpicos m\u00ednimos<\/p>\n<\/li>\n<\/ul>\n<p class=\"\" data-start=\"496\" data-end=\"522\"><strong data-start=\"496\" data-end=\"520\">Aplica\u00e7\u00f5es de produtos<\/strong><\/p>\n<ul data-start=\"523\" data-end=\"762\">\n<li class=\"\" data-start=\"523\" data-end=\"605\">\n<p class=\"\" data-start=\"525\" data-end=\"605\">Soldadura de a\u00e7o-carbono, a\u00e7o de m\u00e9dio-carbono, a\u00e7o-liga e a\u00e7o inoxid\u00e1vel<\/p>\n<\/li>\n<li class=\"\" data-start=\"606\" data-end=\"656\">\n<p class=\"\" data-start=\"608\" data-end=\"656\">Compat\u00edvel com el\u00e9ctrodos \u00e1cidos e b\u00e1sicos<\/p>\n<\/li>\n<li class=\"\" data-start=\"657\" data-end=\"762\">\n<p class=\"\" data-start=\"659\" data-end=\"762\">Ideal para a instala\u00e7\u00e3o de equipamento industrial, constru\u00e7\u00e3o el\u00e9ctrica e fabrico de recipientes sob press\u00e3o<\/p>\n<\/li>\n<\/ul>","protected":false},"featured_media":3422,"comment_status":"open","ping_status":"closed","template":"","meta":[],"product_brand":[],"product_cat":[15,57],"product_tag":[166,147,167,148,149,151,152,153,154,156,157,158,159,160,161,163,165],"class_list":{"0":"post-3421","1":"product","2":"type-product","3":"status-publish","4":"has-post-thumbnail","6":"product_cat-welding-machine-welder","7":"product_cat-mma-arc-welding-machine","8":"product_tag-380v-welding-machine","9":"product_tag-mma-welding-machine","10":"product_tag-400a-output-we","11":"product_tag-civil-welder","12":"product_tag-mma-welder","13":"product_tag-small-manual-metal-arc-welder","14":"product_tag-mma-portable-welding-machine","15":"product_tag-construction-welder","16":"product_tag-efficient-manual-metal-arc-welder","17":"product_tag-construction-welding-equipment","18":"product_tag-portable-metal-arc-welder","19":"product_tag-home-use-welder","20":"product_tag-igbt-welding-machine","21":"product_tag-400a-portable-welding-machine","22":"product_tag-digital-multifunction-welding-device","23":"product_tag-construction-welding-machine","24":"product_tag-400a-welding-machine","26":"first","27":"instock","28":"shipping-taxable","29":"product-type-simple"},"yoast_head":"<!-- This site is optimized with the Yoast SEO Premium plugin v25.0 (Yoast SEO v25.0) - https:\/\/yoast.com\/wordpress\/plugins\/seo\/ -->\n<title>ZX7-400 IGBT Pro Inverter Portable 220V 400A DC Arc Welding Machine Digital Display MMA Construction Industries Condition New - HafniumTech<\/title>\n<meta name=\"robots\" content=\"index, follow, max-snippet:-1, max-image-preview:large, max-video-preview:-1\" \/>\n<link rel=\"canonical\" href=\"https:\/\/www.hafniumtech.com\/pt\/produto\/zx7-400-igbt-pro-inverter-portable-220v-400a-dc-arc-welding-machine-digital-display-mma-construction-industries-condition-new\/\" \/>\n<meta property=\"og:locale\" content=\"pt_PT\" \/>\n<meta property=\"og:type\" content=\"article\" \/>\n<meta property=\"og:title\" content=\"ZX7-400 IGBT Pro Inverter Portable 220V 400A DC Arc Welding Machine Digital Display MMA Construction Industries Condition New\" \/>\n<meta property=\"og:description\" content=\"Main Features     Soft-switch technology using world-renowned components    Latest IGBT modules for high reliability and long service life    Current presetting for enhanced efficiency and energy savings    Advanced PCB dispensing process for ultra-low failure rates    Automatic input-voltage fluctuation compensation    Comprehensive protection against over-voltage, under-voltage, and overheating    Excellent dynamic response: stable arc, smooth weld appearance, minimal spatter   Product Applications     Welding of carbon steel, medium-carbon steel, alloy steel, and stainless steel    Compatible with both acid and basic electrodes    Ideal for industrial equipment installation, electrical construction, and pressure-vessel fabrication\" \/>\n<meta property=\"og:url\" content=\"https:\/\/www.hafniumtech.com\/pt\/produto\/zx7-400-igbt-pro-inverter-portable-220v-400a-dc-arc-welding-machine-digital-display-mma-construction-industries-condition-new\/\" \/>\n<meta property=\"og:site_name\" content=\"HafniumTech\" \/>\n<meta property=\"article:publisher\" content=\"https:\/\/www.facebook.com\/profile.php?id=61570267424696\" \/>\n<meta property=\"article:modified_time\" content=\"2025-05-02T11:58:13+00:00\" \/>\n<meta property=\"og:image\" content=\"https:\/\/www.hafniumtech.com\/wp-content\/uploads\/2025\/05\/0-1.png\" \/>\n\t<meta property=\"og:image:width\" content=\"800\" \/>\n\t<meta property=\"og:image:height\" content=\"800\" \/>\n\t<meta property=\"og:image:type\" content=\"image\/png\" \/>\n<meta name=\"twitter:card\" content=\"summary_large_image\" \/>\n<meta name=\"twitter:site\" content=\"@HafniumTech\" \/>\n<meta name=\"twitter:label1\" content=\"Price\" \/>\n\t<meta name=\"twitter:data1\" content=\"\" \/>\n\t<meta name=\"twitter:label2\" content=\"Availability\" \/>\n\t<meta name=\"twitter:data2\" content=\"In stock\" \/>\n<script type=\"application\/ld+json\" class=\"yoast-schema-graph\">{\"@context\":\"https:\/\/schema.org\",\"@graph\":[{\"@type\":\"WebPage\",\"@id\":\"https:\/\/www.hafniumtech.com\/product\/zx7-400-igbt-pro-inverter-portable-220v-400a-dc-arc-welding-machine-digital-display-mma-construction-industries-condition-new\/\",\"url\":\"https:\/\/www.hafniumtech.com\/product\/zx7-400-igbt-pro-inverter-portable-220v-400a-dc-arc-welding-machine-digital-display-mma-construction-industries-condition-new\/\",\"name\":\"ZX7-400 IGBT Pro Inverter Portable 220V 400A DC Arc Welding Machine Digital Display MMA Construction Industries Condition New - HafniumTech\",\"isPartOf\":{\"@id\":\"https:\/\/www.hafniumtech.com\/#website\"},\"primaryImageOfPage\":{\"@id\":\"https:\/\/www.hafniumtech.com\/product\/zx7-400-igbt-pro-inverter-portable-220v-400a-dc-arc-welding-machine-digital-display-mma-construction-industries-condition-new\/#primaryimage\"},\"image\":{\"@id\":\"https:\/\/www.hafniumtech.com\/product\/zx7-400-igbt-pro-inverter-portable-220v-400a-dc-arc-welding-machine-digital-display-mma-construction-industries-condition-new\/#primaryimage\"},\"thumbnailUrl\":\"https:\/\/www.hafniumtech.com\/wp-content\/uploads\/2025\/05\/0-1.png\",\"datePublished\":\"2025-05-01T10:07:13+00:00\",\"dateModified\":\"2025-05-02T11:58:13+00:00\",\"breadcrumb\":{\"@id\":\"https:\/\/www.hafniumtech.com\/product\/zx7-400-igbt-pro-inverter-portable-220v-400a-dc-arc-welding-machine-digital-display-mma-construction-industries-condition-new\/#breadcrumb\"},\"inLanguage\":\"pt-PT\",\"potentialAction\":[{\"@type\":\"ReadAction\",\"target\":[\"https:\/\/www.hafniumtech.com\/product\/zx7-400-igbt-pro-inverter-portable-220v-400a-dc-arc-welding-machine-digital-display-mma-construction-industries-condition-new\/\"]}]},{\"@type\":\"ImageObject\",\"inLanguage\":\"pt-PT\",\"@id\":\"https:\/\/www.hafniumtech.com\/product\/zx7-400-igbt-pro-inverter-portable-220v-400a-dc-arc-welding-machine-digital-display-mma-construction-industries-condition-new\/#primaryimage\",\"url\":\"https:\/\/www.hafniumtech.com\/wp-content\/uploads\/2025\/05\/0-1.png\",\"contentUrl\":\"https:\/\/www.hafniumtech.com\/wp-content\/uploads\/2025\/05\/0-1.png\",\"width\":800,\"height\":800},{\"@type\":\"BreadcrumbList\",\"@id\":\"https:\/\/www.hafniumtech.com\/product\/zx7-400-igbt-pro-inverter-portable-220v-400a-dc-arc-welding-machine-digital-display-mma-construction-industries-condition-new\/#breadcrumb\",\"itemListElement\":[{\"@type\":\"ListItem\",\"position\":1,\"name\":\"\u9996\u9875\",\"item\":\"https:\/\/www.hafniumtech.com\/\"},{\"@type\":\"ListItem\",\"position\":2,\"name\":\"Product\",\"item\":\"https:\/\/www.hafniumtech.com\/product\/\"},{\"@type\":\"ListItem\",\"position\":3,\"name\":\"ZX7-400 IGBT Pro Inverter Portable 220V 400A DC Arc Welding Machine Digital Display MMA Construction Industries Condition New\"}]},{\"@type\":\"WebSite\",\"@id\":\"https:\/\/www.hafniumtech.com\/#website\",\"url\":\"https:\/\/www.hafniumtech.com\/\",\"name\":\"Shenzhen Hafnium Technology Co., Ltd.\",\"description\":\"\",\"publisher\":{\"@id\":\"https:\/\/www.hafniumtech.com\/#organization\"},\"potentialAction\":[{\"@type\":\"SearchAction\",\"target\":{\"@type\":\"EntryPoint\",\"urlTemplate\":\"https:\/\/www.hafniumtech.com\/?s={search_term_string}\"},\"query-input\":{\"@type\":\"PropertyValueSpecification\",\"valueRequired\":true,\"valueName\":\"search_term_string\"}}],\"inLanguage\":\"pt-PT\"},{\"@type\":\"Organization\",\"@id\":\"https:\/\/www.hafniumtech.com\/#organization\",\"name\":\"Shenzhen Hafnium Technology Co., Ltd.\",\"url\":\"https:\/\/www.hafniumtech.com\/\",\"logo\":{\"@type\":\"ImageObject\",\"inLanguage\":\"pt-PT\",\"@id\":\"https:\/\/www.hafniumtech.com\/#\/schema\/logo\/image\/\",\"url\":\"https:\/\/www.hafniumtech.com\/wp-content\/uploads\/2025\/03\/168-53_.jpg\",\"contentUrl\":\"https:\/\/www.hafniumtech.com\/wp-content\/uploads\/2025\/03\/168-53_.jpg\",\"width\":336,\"height\":106,\"caption\":\"Shenzhen Hafnium Technology Co., Ltd.\"},\"image\":{\"@id\":\"https:\/\/www.hafniumtech.com\/#\/schema\/logo\/image\/\"},\"sameAs\":[\"https:\/\/www.facebook.com\/profile.php?id=61570267424696\",\"https:\/\/x.com\/HafniumTech\"]}]}<\/script>\n<meta property=\"product:price:amount\" content=\"0.00\" \/>\n<meta property=\"product:price:currency\" content=\"USD\" \/>\n<meta property=\"og:availability\" content=\"instock\" \/>\n<meta property=\"product:availability\" content=\"instock\" \/>\n<meta property=\"product:retailer_item_id\" content=\"ZX7-400IGBT Pro\" \/>\n<meta property=\"product:condition\" content=\"new\" \/>\n<!-- \/ Yoast SEO Premium plugin. -->","yoast_head_json":{"title":"ZX7-400 IGBT Pro Inverter Portable 220V 400A DC Arc Welding Machine Digital Display MMA Construction Industries Condition New - HafniumTech","robots":{"index":"index","follow":"follow","max-snippet":"max-snippet:-1","max-image-preview":"max-image-preview:large","max-video-preview":"max-video-preview:-1"},"canonical":"https:\/\/www.hafniumtech.com\/pt\/produto\/zx7-400-igbt-pro-inverter-portable-220v-400a-dc-arc-welding-machine-digital-display-mma-construction-industries-condition-new\/","og_locale":"pt_PT","og_type":"article","og_title":"ZX7-400 IGBT Pro Inverter Portable 220V 400A DC Arc Welding Machine Digital Display MMA Construction Industries Condition New","og_description":"Main Features     Soft-switch technology using world-renowned components    Latest IGBT modules for high reliability and long service life    Current presetting for enhanced efficiency and energy savings    Advanced PCB dispensing process for ultra-low failure rates    Automatic input-voltage fluctuation compensation    Comprehensive protection against over-voltage, under-voltage, and overheating    Excellent dynamic response: stable arc, smooth weld appearance, minimal spatter   Product Applications     Welding of carbon steel, medium-carbon steel, alloy steel, and stainless steel    Compatible with both acid and basic electrodes    Ideal for industrial equipment installation, electrical construction, and pressure-vessel fabrication","og_url":"https:\/\/www.hafniumtech.com\/pt\/produto\/zx7-400-igbt-pro-inverter-portable-220v-400a-dc-arc-welding-machine-digital-display-mma-construction-industries-condition-new\/","og_site_name":"HafniumTech","article_publisher":"https:\/\/www.facebook.com\/profile.php?id=61570267424696","article_modified_time":"2025-05-02T11:58:13+00:00","og_image":[{"width":800,"height":800,"url":"https:\/\/www.hafniumtech.com\/wp-content\/uploads\/2025\/05\/0-1.png","type":"image\/png"}],"twitter_card":"summary_large_image","twitter_site":"@HafniumTech","twitter_misc":{"Price":"","Availability":"In stock"},"schema":{"@context":"https:\/\/schema.org","@graph":[{"@type":"WebPage","@id":"https:\/\/www.hafniumtech.com\/product\/zx7-400-igbt-pro-inverter-portable-220v-400a-dc-arc-welding-machine-digital-display-mma-construction-industries-condition-new\/","url":"https:\/\/www.hafniumtech.com\/product\/zx7-400-igbt-pro-inverter-portable-220v-400a-dc-arc-welding-machine-digital-display-mma-construction-industries-condition-new\/","name":"ZX7-400 IGBT Pro Inverter Portable 220V 400A DC Arc Welding Machine Digital Display MMA Construction Industries Condition New - HafniumTech","isPartOf":{"@id":"https:\/\/www.hafniumtech.com\/#website"},"primaryImageOfPage":{"@id":"https:\/\/www.hafniumtech.com\/product\/zx7-400-igbt-pro-inverter-portable-220v-400a-dc-arc-welding-machine-digital-display-mma-construction-industries-condition-new\/#primaryimage"},"image":{"@id":"https:\/\/www.hafniumtech.com\/product\/zx7-400-igbt-pro-inverter-portable-220v-400a-dc-arc-welding-machine-digital-display-mma-construction-industries-condition-new\/#primaryimage"},"thumbnailUrl":"https:\/\/www.hafniumtech.com\/wp-content\/uploads\/2025\/05\/0-1.png","datePublished":"2025-05-01T10:07:13+00:00","dateModified":"2025-05-02T11:58:13+00:00","breadcrumb":{"@id":"https:\/\/www.hafniumtech.com\/product\/zx7-400-igbt-pro-inverter-portable-220v-400a-dc-arc-welding-machine-digital-display-mma-construction-industries-condition-new\/#breadcrumb"},"inLanguage":"pt-PT","potentialAction":[{"@type":"ReadAction","target":["https:\/\/www.hafniumtech.com\/product\/zx7-400-igbt-pro-inverter-portable-220v-400a-dc-arc-welding-machine-digital-display-mma-construction-industries-condition-new\/"]}]},{"@type":"ImageObject","inLanguage":"pt-PT","@id":"https:\/\/www.hafniumtech.com\/product\/zx7-400-igbt-pro-inverter-portable-220v-400a-dc-arc-welding-machine-digital-display-mma-construction-industries-condition-new\/#primaryimage","url":"https:\/\/www.hafniumtech.com\/wp-content\/uploads\/2025\/05\/0-1.png","contentUrl":"https:\/\/www.hafniumtech.com\/wp-content\/uploads\/2025\/05\/0-1.png","width":800,"height":800},{"@type":"BreadcrumbList","@id":"https:\/\/www.hafniumtech.com\/product\/zx7-400-igbt-pro-inverter-portable-220v-400a-dc-arc-welding-machine-digital-display-mma-construction-industries-condition-new\/#breadcrumb","itemListElement":[{"@type":"ListItem","position":1,"name":"\u9996\u9875","item":"https:\/\/www.hafniumtech.com\/"},{"@type":"ListItem","position":2,"name":"Product","item":"https:\/\/www.hafniumtech.com\/product\/"},{"@type":"ListItem","position":3,"name":"ZX7-400 IGBT Pro Inverter Portable 220V 400A DC Arc Welding Machine Digital Display MMA Construction Industries Condition New"}]},{"@type":"WebSite","@id":"https:\/\/www.hafniumtech.com\/#website","url":"https:\/\/www.hafniumtech.com\/","name":"Shenzhen Hafnium Technology Co., Ltd.","description":"","publisher":{"@id":"https:\/\/www.hafniumtech.com\/#organization"},"potentialAction":[{"@type":"SearchAction","target":{"@type":"EntryPoint","urlTemplate":"https:\/\/www.hafniumtech.com\/?s={search_term_string}"},"query-input":{"@type":"PropertyValueSpecification","valueRequired":true,"valueName":"search_term_string"}}],"inLanguage":"pt-PT"},{"@type":"Organization","@id":"https:\/\/www.hafniumtech.com\/#organization","name":"Shenzhen Hafnium Technology Co., Ltd.","url":"https:\/\/www.hafniumtech.com\/","logo":{"@type":"ImageObject","inLanguage":"pt-PT","@id":"https:\/\/www.hafniumtech.com\/#\/schema\/logo\/image\/","url":"https:\/\/www.hafniumtech.com\/wp-content\/uploads\/2025\/03\/168-53_.jpg","contentUrl":"https:\/\/www.hafniumtech.com\/wp-content\/uploads\/2025\/03\/168-53_.jpg","width":336,"height":106,"caption":"Shenzhen Hafnium Technology Co., Ltd."},"image":{"@id":"https:\/\/www.hafniumtech.com\/#\/schema\/logo\/image\/"},"sameAs":["https:\/\/www.facebook.com\/profile.php?id=61570267424696","https:\/\/x.com\/HafniumTech"]}]},"product_price_amount":"0.00","product_price_currency":"USD","og_availability":"instock","product_availability":"instock","product_retailer_item_id":"ZX7-400IGBT Pro","product_condition":"new"},"_links":{"self":[{"href":"https:\/\/www.hafniumtech.com\/pt\/wp-json\/wp\/v2\/product\/3421","targetHints":{"allow":["GET"]}}],"collection":[{"href":"https:\/\/www.hafniumtech.com\/pt\/wp-json\/wp\/v2\/product"}],"about":[{"href":"https:\/\/www.hafniumtech.com\/pt\/wp-json\/wp\/v2\/types\/product"}],"replies":[{"embeddable":true,"href":"https:\/\/www.hafniumtech.com\/pt\/wp-json\/wp\/v2\/comments?post=3421"}],"wp:featuredmedia":[{"embeddable":true,"href":"https:\/\/www.hafniumtech.com\/pt\/wp-json\/wp\/v2\/media\/3422"}],"wp:attachment":[{"href":"https:\/\/www.hafniumtech.com\/pt\/wp-json\/wp\/v2\/media?parent=3421"}],"wp:term":[{"taxonomy":"product_brand","embeddable":true,"href":"https:\/\/www.hafniumtech.com\/pt\/wp-json\/wp\/v2\/product_brand?post=3421"},{"taxonomy":"product_cat","embeddable":true,"href":"https:\/\/www.hafniumtech.com\/pt\/wp-json\/wp\/v2\/product_cat?post=3421"},{"taxonomy":"product_tag","embeddable":true,"href":"https:\/\/www.hafniumtech.com\/pt\/wp-json\/wp\/v2\/product_tag?post=3421"}],"curies":[{"name":"wp","href":"https:\/\/api.w.org\/{rel}","templated":true}]}}