{"id":3464,"date":"2025-05-01T20:48:19","date_gmt":"2025-05-01T12:48:19","guid":{"rendered":"http:\/\/www.hafniumtech.com\/?post_type=product&#038;p=3464"},"modified":"2025-05-01T22:58:05","modified_gmt":"2025-05-01T14:58:05","slug":"portable-plasma-and-flame-dual-purpose-cnc-metal-plate-1530-cutting-machine","status":"publish","type":"product","link":"https:\/\/www.hafniumtech.com\/pt\/produto\/portable-plasma-and-flame-dual-purpose-cnc-metal-plate-1530-cutting-machine\/","title":{"rendered":"M\u00e1quina de corte de chapa met\u00e1lica CNC 1530 port\u00e1til com plasma e chama de dupla finalidade"},"content":{"rendered":"<table style=\"border-collapse: collapse; width: 586.02pt;\" border=\"0\" width=\"1172\" cellspacing=\"0\" cellpadding=\"0\">\n<tbody>\n<tr style=\"height: 14.25pt;\">\n<td class=\"et2\" style=\"height: 14.25pt; width: 222pt; text-align: center;\" width=\"444\" height=\"28\"><span style=\"color: #800000;\"><strong>Modelo<\/strong><\/span><\/td>\n<td class=\"et2\" style=\"width: 364pt; text-align: center;\" width=\"728\"><span style=\"color: #800000;\"><strong>HFT-1530<\/strong><\/span><\/td>\n<\/tr>\n<tr style=\"height: 14.00pt;\">\n<td class=\"et3\" style=\"height: 14.00pt; width: 222.00pt;\" width=\"444\" height=\"28\">\u00c1rea de corte efectiva<\/td>\n<td class=\"et4\" style=\"width: 364.00pt;\" width=\"728\">1500*3000mm<\/td>\n<\/tr>\n<tr style=\"height: 14.00pt;\">\n<td class=\"et4\" style=\"height: 14.00pt; width: 222.00pt;\" width=\"444\" height=\"28\">Velocidade de corte (mm\/min)<\/td>\n<td class=\"et4\" style=\"width: 364.00pt;\" width=\"728\">50-4000(m\u00e1x. 4000)<\/td>\n<\/tr>\n<tr style=\"height: 14.00pt;\">\n<td class=\"et5\" style=\"height: 14.00pt; width: 222.00pt;\" width=\"444\" height=\"28\">Fonte de alimenta\u00e7\u00e3o de entrada<\/td>\n<td class=\"et6\" style=\"width: 364.00pt;\" width=\"728\">380V\u00b110% VAC, 50\/60HZ Trif\u00e1sico<\/td>\n<\/tr>\n<tr style=\"height: 14.00pt;\">\n<td class=\"et7\" style=\"height: 14.00pt; width: 222.00pt;\" width=\"444\" height=\"28\">Corpo da m\u00e1quina<\/td>\n<td class=\"et8\" style=\"width: 364.00pt;\" width=\"728\">220V\u00b110%V AC, 50\/60HZ Monof\u00e1sico<\/td>\n<\/tr>\n<tr style=\"height: 14.25pt;\">\n<td class=\"et9\" style=\"height: 14.25pt; width: 586.00pt;\" colspan=\"2\" width=\"1172\" height=\"28\"><strong><span style=\"color: #0000ff;\">Especifica\u00e7\u00e3o de corte por chama (para corte oxicombust\u00edvel)<\/span><\/strong><\/td>\n<\/tr>\n<tr style=\"height: 14.00pt;\">\n<td class=\"et4\" style=\"height: 14.00pt; width: 222.00pt;\" width=\"444\" height=\"28\">Chama Espessura de corte (mm)<\/td>\n<td class=\"et4\" style=\"width: 364.00pt;\" width=\"728\">1-80 (Oxig\u00e9nio + acetileno ou propano)<\/td>\n<\/tr>\n<tr style=\"height: 14.00pt;\">\n<td class=\"et4\" style=\"height: 14.00pt; width: 222.00pt;\" width=\"444\" height=\"28\">Controlador de altura da tocha<\/td>\n<td class=\"et4\" style=\"width: 364.00pt;\" width=\"728\">chama, regula\u00e7\u00e3o em altura(\u00b160mm)<\/td>\n<\/tr>\n<tr style=\"height: 14.00pt;\">\n<td class=\"et4\" style=\"height: 14.00pt; width: 222.00pt;\" width=\"444\" height=\"28\">G\u00e1s de corte por chama<\/td>\n<td class=\"et4\" style=\"width: 364.00pt;\" width=\"728\">Oxig\u00e9nio + propano ou acetileno<\/td>\n<\/tr>\n<tr style=\"height: 14.00pt;\">\n<td class=\"et4\" style=\"height: 14.00pt; width: 222.00pt;\" width=\"444\" height=\"28\">Ma\u00e7arico de corte<\/td>\n<td class=\"et4\" style=\"width: 364.00pt;\" width=\"728\">ma\u00e7arico de corte por chama<\/td>\n<\/tr>\n<tr style=\"height: 14.25pt;\">\n<td class=\"et9\" style=\"height: 14.25pt; width: 586.00pt;\" colspan=\"2\" width=\"1172\" height=\"28\"><strong><span style=\"color: #0000ff;\">Especifica\u00e7\u00e3o de corte a plasma (para corte a plasma)<\/span><\/strong><\/td>\n<\/tr>\n<tr style=\"height: 14.00pt;\">\n<td class=\"et4\" style=\"height: 14.00pt; width: 222.00pt;\" width=\"444\" height=\"28\">Espessura de corte a plasma (mm)<\/td>\n<td class=\"et4\" style=\"width: 364.00pt;\" width=\"728\">0-30mm (de acordo com a fonte de energia do plasma)<\/td>\n<\/tr>\n<tr style=\"height: 14.00pt;\">\n<td class=\"et4\" style=\"height: 14.00pt; width: 222.00pt;\" width=\"444\" height=\"28\">Controlador de altura da tocha<\/td>\n<td class=\"et4\" style=\"width: 364.00pt;\" width=\"728\">Plasma, altura da tens\u00e3o do arco (THC)<\/td>\n<\/tr>\n<tr style=\"height: 14.00pt;\">\n<td class=\"et4\" style=\"height: 14.00pt; width: 222.00pt;\" width=\"444\" height=\"28\">G\u00e1s de corte a plasma<\/td>\n<td class=\"et4\" style=\"width: 364.00pt;\" width=\"728\">ar comprimido<\/td>\n<\/tr>\n<tr style=\"height: 14.00pt;\">\n<td class=\"et4\" style=\"height: 14.00pt; width: 222.00pt;\" width=\"444\" height=\"28\">Ma\u00e7arico de corte<\/td>\n<td class=\"et4\" style=\"width: 364.00pt;\" width=\"728\">Tocha de plasma fino de 8 m<\/td>\n<\/tr>\n<tr style=\"height: 14.00pt;\">\n<td class=\"et4\" style=\"height: 14.00pt; width: 222.00pt;\" width=\"444\" height=\"28\">sistema de controlo<\/td>\n<td class=\"et4\" style=\"width: 364.00pt;\" width=\"728\">FL2100B<\/td>\n<\/tr>\n<tr style=\"height: 14.00pt;\">\n<td class=\"et4\" style=\"height: 14.00pt; width: 222.00pt;\" width=\"444\" height=\"28\">Motor<\/td>\n<td class=\"et4\" style=\"width: 364.00pt;\" width=\"728\">Motor de passo<\/td>\n<\/tr>\n<tr style=\"height: 14.00pt;\">\n<td class=\"et4\" style=\"height: 14.00pt; width: 222.00pt;\" width=\"444\" height=\"28\">Funcionamento<\/td>\n<td class=\"et4\" style=\"width: 364.00pt;\" width=\"728\">\u00b10,2mm\/m<\/td>\n<\/tr>\n<tr style=\"height: 14.00pt;\">\n<td class=\"et3\" style=\"height: 14.00pt; width: 222.00pt;\" width=\"444\" height=\"28\">Comprimento da guia \u00d7 largura da guia \u00d7 espessura da guia (mm)<\/td>\n<td class=\"et4\" style=\"width: 364.00pt;\" width=\"728\">3500\u00d7273\u00d760<\/td>\n<\/tr>\n<tr style=\"height: 14.00pt;\">\n<td class=\"et4\" style=\"height: 14.00pt; width: 222.00pt;\" width=\"444\" height=\"28\">Software de agrupamento<\/td>\n<td class=\"et4\" style=\"width: 364.00pt;\" width=\"728\">StarCAM<\/td>\n<\/tr>\n<tr style=\"height: 14.00pt;\">\n<td class=\"et4\" style=\"height: 14.00pt; width: 222.00pt;\" width=\"444\" height=\"28\">Press\u00e3o do g\u00e1s (Mpa)<\/td>\n<td class=\"et4\" style=\"width: 364.00pt;\" width=\"728\">\u00b10.5<\/td>\n<\/tr>\n<tr style=\"height: 26.75pt;\">\n<td class=\"et4\" style=\"height: 26.75pt; width: 222.00pt;\" width=\"444\" height=\"53\">Kit de convers\u00e3o de corte<\/td>\n<td class=\"et4\" style=\"width: 364.00pt;\" width=\"728\">O corte por chama e o corte por plasma podem mudar facilmente. A m\u00e1quina de corte por chama adiciona fonte de energia, ARC, tocha de plasma para se transformar em m\u00e1quina de corte por plasma<\/td>\n<\/tr>\n<\/tbody>\n<\/table>","protected":false},"excerpt":{"rendered":"<p class=\"\" data-start=\"0\" data-end=\"33\"><strong data-start=\"0\" data-end=\"33\">Principais especifica\u00e7\u00f5es e carater\u00edsticas<\/strong><\/p>\n<ul data-start=\"35\" data-end=\"906\">\n<li class=\"\" data-start=\"35\" data-end=\"168\">\n<p class=\"\" data-start=\"37\" data-end=\"55\"><strong data-start=\"37\" data-end=\"53\">\u00c1rea de trabalho<\/strong><\/p>\n<ul data-start=\"58\" data-end=\"168\">\n<li class=\"\" data-start=\"58\" data-end=\"112\">\n<p class=\"\" data-start=\"60\" data-end=\"112\">Cama de corte efectiva padr\u00e3o: <strong data-start=\"92\" data-end=\"110\">1500 \u00d7 3000 mm<\/strong><\/p>\n<\/li>\n<li class=\"\" data-start=\"115\" data-end=\"168\">\n<p class=\"\" data-start=\"117\" data-end=\"168\">Dimens\u00f5es personalizadas dispon\u00edveis para se adaptarem \u00e0s suas instala\u00e7\u00f5es<\/p>\n<\/li>\n<\/ul>\n<\/li>\n<li class=\"\" data-start=\"170\" data-end=\"310\">\n<p class=\"\" data-start=\"172\" data-end=\"200\"><strong data-start=\"172\" data-end=\"198\">Capacidade de corte por chama<\/strong><\/p>\n<ul data-start=\"203\" data-end=\"310\">\n<li class=\"\" data-start=\"203\" data-end=\"254\">\n<p class=\"\" data-start=\"205\" data-end=\"254\">Corta chapas de a\u00e7o de <strong data-start=\"228\" data-end=\"246\">6 mm a 160 mm<\/strong> grosso<\/p>\n<\/li>\n<li class=\"\" data-start=\"257\" data-end=\"310\">\n<p class=\"\" data-start=\"259\" data-end=\"310\">Ideal para aplica\u00e7\u00f5es estruturais e de chapa pesada<\/p>\n<\/li>\n<\/ul>\n<\/li>\n<li class=\"\" data-start=\"312\" data-end=\"524\">\n<p class=\"\" data-start=\"314\" data-end=\"343\"><strong data-start=\"314\" data-end=\"341\">Capacidade de corte a plasma<\/strong><\/p>\n<ul data-start=\"346\" data-end=\"524\">\n<li class=\"\" data-start=\"346\" data-end=\"410\">\n<p class=\"\" data-start=\"348\" data-end=\"410\">Apoios <strong data-start=\"357\" data-end=\"380\">60 A, 100 A, 120 A,<\/strong> ou <strong data-start=\"384\" data-end=\"393\">160 A<\/strong> fontes de plasma<\/p>\n<\/li>\n<li class=\"\" data-start=\"413\" data-end=\"474\">\n<p class=\"\" data-start=\"415\" data-end=\"474\">A capacidade de corte de placas mais grossas aumenta com a pot\u00eancia nominal<\/p>\n<\/li>\n<li class=\"\" data-start=\"477\" data-end=\"524\">\n<p class=\"\" data-start=\"479\" data-end=\"524\">Optimizado para corte ultrarr\u00e1pido de chapas finas<\/p>\n<\/li>\n<\/ul>\n<\/li>\n<li class=\"\" data-start=\"526\" data-end=\"694\">\n<p class=\"\" data-start=\"528\" data-end=\"552\"><strong data-start=\"528\" data-end=\"550\">Sistema de controlo CNC<\/strong><\/p>\n<ul data-start=\"555\" data-end=\"694\">\n<li class=\"\" data-start=\"555\" data-end=\"588\">\n<p class=\"\" data-start=\"557\" data-end=\"588\">Interface comum de corte de arestas<\/p>\n<\/li>\n<li class=\"\" data-start=\"591\" data-end=\"639\">\n<p class=\"\" data-start=\"593\" data-end=\"639\">Suporte de tarefas em lote para aninhamento de v\u00e1rias partes<\/p>\n<\/li>\n<li class=\"\" data-start=\"642\" data-end=\"694\">\n<p class=\"\" data-start=\"644\" data-end=\"694\">Maximiza a utiliza\u00e7\u00e3o do material e reduz o desperd\u00edcio<\/p>\n<\/li>\n<\/ul>\n<\/li>\n<li class=\"\" data-start=\"696\" data-end=\"906\">\n<p class=\"\" data-start=\"698\" data-end=\"730\"><strong data-start=\"698\" data-end=\"728\">Calhas pesadas fundidas com precis\u00e3o<\/strong><\/p>\n<ul data-start=\"733\" data-end=\"906\">\n<li class=\"\" data-start=\"733\" data-end=\"782\">\n<p class=\"\" data-start=\"735\" data-end=\"782\">Vigas de uma s\u00f3 pe\u00e7a em liga de alum\u00ednio anodizado duro<\/p>\n<\/li>\n<li class=\"\" data-start=\"785\" data-end=\"853\">\n<p class=\"\" data-start=\"787\" data-end=\"853\">Guias cromadas para resist\u00eancia ao desgaste e deforma\u00e7\u00e3o zero<\/p>\n<\/li>\n<li class=\"\" data-start=\"856\" data-end=\"906\">\n<p class=\"\" data-start=\"858\" data-end=\"906\">Assegura um movimento suave e de alta precis\u00e3o do p\u00f3rtico<\/p>\n<\/li>\n<\/ul>\n<\/li>\n<\/ul>","protected":false},"featured_media":3465,"comment_status":"open","ping_status":"closed","template":"","meta":[],"product_brand":[],"product_cat":[52],"product_tag":[245,230,246,231,247,232,248,233,249,234,250,235,251,236,252,237,253,238,239,240,241,242,243,244],"class_list":{"0":"post-3464","1":"product","2":"type-product","3":"status-publish","4":"has-post-thumbnail","6":"product_cat-cnc-plasma-cutting-machine","7":"product_tag-plasma-cutting-machine","8":"product_tag-1000x1300-cnc-plasma","9":"product_tag-plasma-power-supply","10":"product_tag-cheap-cnc-plasma-cutting-machine","11":"product_tag-portable-cnc-plasma","12":"product_tag-cnc-plasma-cutter","13":"product_tag-portable-cnc-plasma-cutting-machine","14":"product_tag-cnc-plasma-cutting-machine","15":"product_tag-portable-cnc-plasma-cutting-machine-hugong","16":"product_tag-cnc-portable-plasma","17":"product_tag-portable-cnc-plasma-cutter","18":"product_tag-flame-cutting-machine","19":"product_tag-portable-metal-plasma-cutter","20":"product_tag-gantry-plasma-cutting-machine","21":"product_tag-portable-plasma-cnc-cutter","22":"product_tag-gantry-plasma-cutting-machine-1500x3000","23":"product_tag-portable-plasma-cutting-low-cost-cnc","24":"product_tag-metal-plasma-cutter","25":"product_tag-mini-cnc-plasma","26":"product_tag-mini-cnc-plasma-cutting-machine","27":"product_tag-plasma-cnc-cutter","28":"product_tag-plasma-cnc-cutter-1530","29":"product_tag-plasma-cnc-table","30":"product_tag-plasma-cut-40-support-cnc","32":"first","33":"instock","34":"shipping-taxable","35":"product-type-simple"},"yoast_head":"<!-- This site is optimized with the Yoast SEO Premium plugin v25.0 (Yoast SEO v25.0) - https:\/\/yoast.com\/wordpress\/plugins\/seo\/ -->\n<title>Portable Plasma and Flame Dual-purpose CNC Metal Plate 1530 Cutting Machine - HafniumTech<\/title>\n<meta name=\"robots\" content=\"index, follow, max-snippet:-1, max-image-preview:large, max-video-preview:-1\" \/>\n<link rel=\"canonical\" href=\"https:\/\/www.hafniumtech.com\/pt\/produto\/portable-plasma-and-flame-dual-purpose-cnc-metal-plate-1530-cutting-machine\/\" \/>\n<meta property=\"og:locale\" content=\"pt_PT\" \/>\n<meta property=\"og:type\" content=\"article\" \/>\n<meta property=\"og:title\" content=\"Portable Plasma and Flame Dual-purpose CNC Metal Plate 1530 Cutting Machine\" \/>\n<meta property=\"og:description\" content=\"Key Specifications &amp; Features     Working Area     Standard effective cutting bed: 1500 \u00d7 3000 mm    Custom dimensions available to suit your facility      Flame Cutting Capacity     Cuts steel plates from 6 mm to 160 mm thick    Ideal for heavy\u2010plate and structural applications      Plasma Cutting Capacity     Supports 60 A, 100 A, 120 A, or 160 A plasma sources    Thicker plate cutting capability scales with power rating    Optimized for ultra-fast thin-plate cutting      CNC Control System     Common edge-cutting interface    Batch-job support for nesting multiple parts    Maximizes material utilization and reduces waste      Precision Cast Heavy Rails     One-piece, hard-anodized aluminum-alloy beams    Chrome-plated guideways for wear resistance and zero deformation    Ensures smooth, high-precision gantry movement\" \/>\n<meta property=\"og:url\" content=\"https:\/\/www.hafniumtech.com\/pt\/produto\/portable-plasma-and-flame-dual-purpose-cnc-metal-plate-1530-cutting-machine\/\" \/>\n<meta property=\"og:site_name\" content=\"HafniumTech\" \/>\n<meta property=\"article:publisher\" content=\"https:\/\/www.facebook.com\/profile.php?id=61570267424696\" \/>\n<meta property=\"article:modified_time\" content=\"2025-05-01T14:58:05+00:00\" \/>\n<meta property=\"og:image\" content=\"https:\/\/www.hafniumtech.com\/wp-content\/uploads\/2025\/05\/3-7.png\" \/>\n\t<meta property=\"og:image:width\" content=\"790\" \/>\n\t<meta property=\"og:image:height\" content=\"790\" \/>\n\t<meta property=\"og:image:type\" content=\"image\/png\" \/>\n<meta name=\"twitter:card\" content=\"summary_large_image\" \/>\n<meta name=\"twitter:site\" content=\"@HafniumTech\" \/>\n<meta name=\"twitter:label1\" content=\"Price\" \/>\n\t<meta name=\"twitter:data1\" content=\"\" \/>\n\t<meta name=\"twitter:label2\" content=\"Availability\" \/>\n\t<meta name=\"twitter:data2\" content=\"In stock\" \/>\n<script type=\"application\/ld+json\" class=\"yoast-schema-graph\">{\"@context\":\"https:\/\/schema.org\",\"@graph\":[{\"@type\":\"WebPage\",\"@id\":\"https:\/\/www.hafniumtech.com\/product\/portable-plasma-and-flame-dual-purpose-cnc-metal-plate-1530-cutting-machine\/\",\"url\":\"https:\/\/www.hafniumtech.com\/product\/portable-plasma-and-flame-dual-purpose-cnc-metal-plate-1530-cutting-machine\/\",\"name\":\"Portable Plasma and Flame Dual-purpose CNC Metal Plate 1530 Cutting Machine - HafniumTech\",\"isPartOf\":{\"@id\":\"https:\/\/www.hafniumtech.com\/#website\"},\"primaryImageOfPage\":{\"@id\":\"https:\/\/www.hafniumtech.com\/product\/portable-plasma-and-flame-dual-purpose-cnc-metal-plate-1530-cutting-machine\/#primaryimage\"},\"image\":{\"@id\":\"https:\/\/www.hafniumtech.com\/product\/portable-plasma-and-flame-dual-purpose-cnc-metal-plate-1530-cutting-machine\/#primaryimage\"},\"thumbnailUrl\":\"https:\/\/www.hafniumtech.com\/wp-content\/uploads\/2025\/05\/3-7.png\",\"datePublished\":\"2025-05-01T12:48:19+00:00\",\"dateModified\":\"2025-05-01T14:58:05+00:00\",\"breadcrumb\":{\"@id\":\"https:\/\/www.hafniumtech.com\/product\/portable-plasma-and-flame-dual-purpose-cnc-metal-plate-1530-cutting-machine\/#breadcrumb\"},\"inLanguage\":\"pt-PT\",\"potentialAction\":[{\"@type\":\"ReadAction\",\"target\":[\"https:\/\/www.hafniumtech.com\/product\/portable-plasma-and-flame-dual-purpose-cnc-metal-plate-1530-cutting-machine\/\"]}]},{\"@type\":\"ImageObject\",\"inLanguage\":\"pt-PT\",\"@id\":\"https:\/\/www.hafniumtech.com\/product\/portable-plasma-and-flame-dual-purpose-cnc-metal-plate-1530-cutting-machine\/#primaryimage\",\"url\":\"https:\/\/www.hafniumtech.com\/wp-content\/uploads\/2025\/05\/3-7.png\",\"contentUrl\":\"https:\/\/www.hafniumtech.com\/wp-content\/uploads\/2025\/05\/3-7.png\",\"width\":790,\"height\":790},{\"@type\":\"BreadcrumbList\",\"@id\":\"https:\/\/www.hafniumtech.com\/product\/portable-plasma-and-flame-dual-purpose-cnc-metal-plate-1530-cutting-machine\/#breadcrumb\",\"itemListElement\":[{\"@type\":\"ListItem\",\"position\":1,\"name\":\"\u9996\u9875\",\"item\":\"https:\/\/www.hafniumtech.com\/\"},{\"@type\":\"ListItem\",\"position\":2,\"name\":\"Product\",\"item\":\"https:\/\/www.hafniumtech.com\/product\/\"},{\"@type\":\"ListItem\",\"position\":3,\"name\":\"Portable Plasma and Flame Dual-purpose CNC Metal Plate 1530 Cutting Machine\"}]},{\"@type\":\"WebSite\",\"@id\":\"https:\/\/www.hafniumtech.com\/#website\",\"url\":\"https:\/\/www.hafniumtech.com\/\",\"name\":\"Shenzhen Hafnium Technology Co., Ltd.\",\"description\":\"\",\"publisher\":{\"@id\":\"https:\/\/www.hafniumtech.com\/#organization\"},\"potentialAction\":[{\"@type\":\"SearchAction\",\"target\":{\"@type\":\"EntryPoint\",\"urlTemplate\":\"https:\/\/www.hafniumtech.com\/?s={search_term_string}\"},\"query-input\":{\"@type\":\"PropertyValueSpecification\",\"valueRequired\":true,\"valueName\":\"search_term_string\"}}],\"inLanguage\":\"pt-PT\"},{\"@type\":\"Organization\",\"@id\":\"https:\/\/www.hafniumtech.com\/#organization\",\"name\":\"Shenzhen Hafnium Technology Co., Ltd.\",\"url\":\"https:\/\/www.hafniumtech.com\/\",\"logo\":{\"@type\":\"ImageObject\",\"inLanguage\":\"pt-PT\",\"@id\":\"https:\/\/www.hafniumtech.com\/#\/schema\/logo\/image\/\",\"url\":\"https:\/\/www.hafniumtech.com\/wp-content\/uploads\/2025\/03\/168-53_.jpg\",\"contentUrl\":\"https:\/\/www.hafniumtech.com\/wp-content\/uploads\/2025\/03\/168-53_.jpg\",\"width\":336,\"height\":106,\"caption\":\"Shenzhen Hafnium Technology Co., Ltd.\"},\"image\":{\"@id\":\"https:\/\/www.hafniumtech.com\/#\/schema\/logo\/image\/\"},\"sameAs\":[\"https:\/\/www.facebook.com\/profile.php?id=61570267424696\",\"https:\/\/x.com\/HafniumTech\"]}]}<\/script>\n<meta property=\"product:price:amount\" content=\"0.00\" \/>\n<meta property=\"product:price:currency\" content=\"USD\" \/>\n<meta property=\"og:availability\" content=\"instock\" \/>\n<meta property=\"product:availability\" content=\"instock\" \/>\n<meta property=\"product:retailer_item_id\" content=\"Plasma CNC 1530 single Track\" \/>\n<meta property=\"product:condition\" content=\"new\" \/>\n<!-- \/ Yoast SEO Premium plugin. -->","yoast_head_json":{"title":"Portable Plasma and Flame Dual-purpose CNC Metal Plate 1530 Cutting Machine - HafniumTech","robots":{"index":"index","follow":"follow","max-snippet":"max-snippet:-1","max-image-preview":"max-image-preview:large","max-video-preview":"max-video-preview:-1"},"canonical":"https:\/\/www.hafniumtech.com\/pt\/produto\/portable-plasma-and-flame-dual-purpose-cnc-metal-plate-1530-cutting-machine\/","og_locale":"pt_PT","og_type":"article","og_title":"Portable Plasma and Flame Dual-purpose CNC Metal Plate 1530 Cutting Machine","og_description":"Key Specifications &amp; Features     Working Area     Standard effective cutting bed: 1500 \u00d7 3000 mm    Custom dimensions available to suit your facility      Flame Cutting Capacity     Cuts steel plates from 6 mm to 160 mm thick    Ideal for heavy\u2010plate and structural applications      Plasma Cutting Capacity     Supports 60 A, 100 A, 120 A, or 160 A plasma sources    Thicker plate cutting capability scales with power rating    Optimized for ultra-fast thin-plate cutting      CNC Control System     Common edge-cutting interface    Batch-job support for nesting multiple parts    Maximizes material utilization and reduces waste      Precision Cast Heavy Rails     One-piece, hard-anodized aluminum-alloy beams    Chrome-plated guideways for wear resistance and zero deformation    Ensures smooth, high-precision gantry movement","og_url":"https:\/\/www.hafniumtech.com\/pt\/produto\/portable-plasma-and-flame-dual-purpose-cnc-metal-plate-1530-cutting-machine\/","og_site_name":"HafniumTech","article_publisher":"https:\/\/www.facebook.com\/profile.php?id=61570267424696","article_modified_time":"2025-05-01T14:58:05+00:00","og_image":[{"width":790,"height":790,"url":"https:\/\/www.hafniumtech.com\/wp-content\/uploads\/2025\/05\/3-7.png","type":"image\/png"}],"twitter_card":"summary_large_image","twitter_site":"@HafniumTech","twitter_misc":{"Price":"","Availability":"In stock"},"schema":{"@context":"https:\/\/schema.org","@graph":[{"@type":"WebPage","@id":"https:\/\/www.hafniumtech.com\/product\/portable-plasma-and-flame-dual-purpose-cnc-metal-plate-1530-cutting-machine\/","url":"https:\/\/www.hafniumtech.com\/product\/portable-plasma-and-flame-dual-purpose-cnc-metal-plate-1530-cutting-machine\/","name":"Portable Plasma and Flame Dual-purpose CNC Metal Plate 1530 Cutting Machine - HafniumTech","isPartOf":{"@id":"https:\/\/www.hafniumtech.com\/#website"},"primaryImageOfPage":{"@id":"https:\/\/www.hafniumtech.com\/product\/portable-plasma-and-flame-dual-purpose-cnc-metal-plate-1530-cutting-machine\/#primaryimage"},"image":{"@id":"https:\/\/www.hafniumtech.com\/product\/portable-plasma-and-flame-dual-purpose-cnc-metal-plate-1530-cutting-machine\/#primaryimage"},"thumbnailUrl":"https:\/\/www.hafniumtech.com\/wp-content\/uploads\/2025\/05\/3-7.png","datePublished":"2025-05-01T12:48:19+00:00","dateModified":"2025-05-01T14:58:05+00:00","breadcrumb":{"@id":"https:\/\/www.hafniumtech.com\/product\/portable-plasma-and-flame-dual-purpose-cnc-metal-plate-1530-cutting-machine\/#breadcrumb"},"inLanguage":"pt-PT","potentialAction":[{"@type":"ReadAction","target":["https:\/\/www.hafniumtech.com\/product\/portable-plasma-and-flame-dual-purpose-cnc-metal-plate-1530-cutting-machine\/"]}]},{"@type":"ImageObject","inLanguage":"pt-PT","@id":"https:\/\/www.hafniumtech.com\/product\/portable-plasma-and-flame-dual-purpose-cnc-metal-plate-1530-cutting-machine\/#primaryimage","url":"https:\/\/www.hafniumtech.com\/wp-content\/uploads\/2025\/05\/3-7.png","contentUrl":"https:\/\/www.hafniumtech.com\/wp-content\/uploads\/2025\/05\/3-7.png","width":790,"height":790},{"@type":"BreadcrumbList","@id":"https:\/\/www.hafniumtech.com\/product\/portable-plasma-and-flame-dual-purpose-cnc-metal-plate-1530-cutting-machine\/#breadcrumb","itemListElement":[{"@type":"ListItem","position":1,"name":"\u9996\u9875","item":"https:\/\/www.hafniumtech.com\/"},{"@type":"ListItem","position":2,"name":"Product","item":"https:\/\/www.hafniumtech.com\/product\/"},{"@type":"ListItem","position":3,"name":"Portable Plasma and Flame Dual-purpose CNC Metal Plate 1530 Cutting Machine"}]},{"@type":"WebSite","@id":"https:\/\/www.hafniumtech.com\/#website","url":"https:\/\/www.hafniumtech.com\/","name":"Shenzhen Hafnium Technology Co., Ltd.","description":"","publisher":{"@id":"https:\/\/www.hafniumtech.com\/#organization"},"potentialAction":[{"@type":"SearchAction","target":{"@type":"EntryPoint","urlTemplate":"https:\/\/www.hafniumtech.com\/?s={search_term_string}"},"query-input":{"@type":"PropertyValueSpecification","valueRequired":true,"valueName":"search_term_string"}}],"inLanguage":"pt-PT"},{"@type":"Organization","@id":"https:\/\/www.hafniumtech.com\/#organization","name":"Shenzhen Hafnium Technology Co., Ltd.","url":"https:\/\/www.hafniumtech.com\/","logo":{"@type":"ImageObject","inLanguage":"pt-PT","@id":"https:\/\/www.hafniumtech.com\/#\/schema\/logo\/image\/","url":"https:\/\/www.hafniumtech.com\/wp-content\/uploads\/2025\/03\/168-53_.jpg","contentUrl":"https:\/\/www.hafniumtech.com\/wp-content\/uploads\/2025\/03\/168-53_.jpg","width":336,"height":106,"caption":"Shenzhen Hafnium Technology Co., Ltd."},"image":{"@id":"https:\/\/www.hafniumtech.com\/#\/schema\/logo\/image\/"},"sameAs":["https:\/\/www.facebook.com\/profile.php?id=61570267424696","https:\/\/x.com\/HafniumTech"]}]},"product_price_amount":"0.00","product_price_currency":"USD","og_availability":"instock","product_availability":"instock","product_retailer_item_id":"Plasma CNC 1530 single Track","product_condition":"new"},"_links":{"self":[{"href":"https:\/\/www.hafniumtech.com\/pt\/wp-json\/wp\/v2\/product\/3464","targetHints":{"allow":["GET"]}}],"collection":[{"href":"https:\/\/www.hafniumtech.com\/pt\/wp-json\/wp\/v2\/product"}],"about":[{"href":"https:\/\/www.hafniumtech.com\/pt\/wp-json\/wp\/v2\/types\/product"}],"replies":[{"embeddable":true,"href":"https:\/\/www.hafniumtech.com\/pt\/wp-json\/wp\/v2\/comments?post=3464"}],"wp:featuredmedia":[{"embeddable":true,"href":"https:\/\/www.hafniumtech.com\/pt\/wp-json\/wp\/v2\/media\/3465"}],"wp:attachment":[{"href":"https:\/\/www.hafniumtech.com\/pt\/wp-json\/wp\/v2\/media?parent=3464"}],"wp:term":[{"taxonomy":"product_brand","embeddable":true,"href":"https:\/\/www.hafniumtech.com\/pt\/wp-json\/wp\/v2\/product_brand?post=3464"},{"taxonomy":"product_cat","embeddable":true,"href":"https:\/\/www.hafniumtech.com\/pt\/wp-json\/wp\/v2\/product_cat?post=3464"},{"taxonomy":"product_tag","embeddable":true,"href":"https:\/\/www.hafniumtech.com\/pt\/wp-json\/wp\/v2\/product_tag?post=3464"}],"curies":[{"name":"wp","href":"https:\/\/api.w.org\/{rel}","templated":true}]}}