{"id":3489,"date":"2025-05-01T22:39:29","date_gmt":"2025-05-01T14:39:29","guid":{"rendered":"http:\/\/www.hafniumtech.com\/?post_type=product&#038;p=3489"},"modified":"2025-05-01T22:56:48","modified_gmt":"2025-05-01T14:56:48","slug":"portable-gantry-plasma-and-flame-dual-purpose-cnc-metal-plate-cutting-machine-25006000","status":"publish","type":"product","link":"https:\/\/www.hafniumtech.com\/pt\/produto\/portable-gantry-plasma-and-flame-dual-purpose-cnc-metal-plate-cutting-machine-25006000\/","title":{"rendered":"M\u00e1quina de corte de chapa met\u00e1lica CNC port\u00e1til de p\u00f3rtico, plasma e chama de dupla finalidade 2500*6000"},"content":{"rendered":"<table style=\"height: 519px;\" width=\"906\">\n<tbody>\n<tr>\n<td style=\"text-align: center;\" width=\"444\"><strong>Modelo\u00a0<\/strong><\/td>\n<td style=\"text-align: center;\" width=\"667\"><strong>HFT-1530 \/ 2560A<\/strong><\/td>\n<\/tr>\n<tr>\n<td width=\"444\">\u00c1rea de corte efectiva<\/td>\n<td width=\"667\">1500*3000mm 2500*6000mm<\/td>\n<\/tr>\n<tr>\n<td width=\"444\">Velocidade de corte (mm\/min)<\/td>\n<td width=\"667\">50-4000(m\u00e1x. 4000)<\/td>\n<\/tr>\n<tr>\n<td width=\"444\">Fonte de alimenta\u00e7\u00e3o de entrada<\/td>\n<td width=\"667\">380V\u00b110% VAC, 50\/60HZ Trif\u00e1sico<\/td>\n<\/tr>\n<tr>\n<td width=\"444\">Corpo da m\u00e1quina<\/td>\n<td width=\"667\">220V\u00b110%V AC, 50\/60HZ Monof\u00e1sico<\/td>\n<\/tr>\n<tr>\n<td colspan=\"2\" width=\"1111\"><span style=\"color: #0000ff;\">Especifica\u00e7\u00e3o de corte por chama (para corte oxicombust\u00edvel)<\/span><\/td>\n<\/tr>\n<tr>\n<td width=\"444\">Chama Espessura de corte (mm)<\/td>\n<td width=\"667\">1-80 (Oxig\u00e9nio + acetileno ou propano)<\/td>\n<\/tr>\n<tr>\n<td width=\"444\">Controlador de altura da tocha<\/td>\n<td width=\"667\">chama, regula\u00e7\u00e3o em altura(\u00b160mm)<\/td>\n<\/tr>\n<tr>\n<td width=\"444\">G\u00e1s de corte por chama<\/td>\n<td width=\"667\">Oxig\u00e9nio + propano ou acetileno<\/td>\n<\/tr>\n<tr>\n<td width=\"444\">Ma\u00e7arico de corte<\/td>\n<td width=\"667\">ma\u00e7arico de corte por chama<\/td>\n<\/tr>\n<tr>\n<td colspan=\"2\" width=\"1111\"><span style=\"color: #0000ff;\">Especifica\u00e7\u00e3o de corte a plasma (para corte a plasma)<\/span><\/td>\n<\/tr>\n<tr>\n<td width=\"444\">Espessura de corte a plasma (mm)<\/td>\n<td width=\"667\">0-30mm (de acordo com a fonte de energia do plasma)<\/td>\n<\/tr>\n<tr>\n<td width=\"444\">Controlador de altura da tocha<\/td>\n<td width=\"667\">Plasma, altura da tens\u00e3o do arco (THC)<\/td>\n<\/tr>\n<tr>\n<td width=\"444\">G\u00e1s de corte a plasma<\/td>\n<td width=\"667\">ar comprimido<\/td>\n<\/tr>\n<tr>\n<td width=\"444\">Ma\u00e7arico de corte<\/td>\n<td width=\"667\">Tocha de plasma fino de 8 m<\/td>\n<\/tr>\n<tr>\n<td width=\"444\">sistema de controlo<\/td>\n<td width=\"667\">FL2100B<\/td>\n<\/tr>\n<tr>\n<td width=\"444\">Motor<\/td>\n<td width=\"667\">Motor de passo<\/td>\n<\/tr>\n<tr>\n<td width=\"444\">Funcionamento<\/td>\n<td width=\"667\">\u00b10,2mm\/m<\/td>\n<\/tr>\n<tr>\n<td width=\"444\">Comprimento da guia \u00d7 largura da guia \u00d7 espessura da guia (mm)<\/td>\n<td width=\"667\">3500\u00d7273\u00d760<\/td>\n<\/tr>\n<tr>\n<td width=\"444\">Software de agrupamento<\/td>\n<td width=\"667\">StarCAM<\/td>\n<\/tr>\n<tr>\n<td width=\"444\">Press\u00e3o do g\u00e1s (Mpa)<\/td>\n<td width=\"667\">\u00b10.5<\/td>\n<\/tr>\n<tr>\n<td width=\"444\">Kit de convers\u00e3o de corte<\/td>\n<td width=\"667\">O corte por chama e o corte por plasma podem mudar facilmente. A m\u00e1quina de corte por chama adiciona fonte de energia, ARC, tocha de plasma para se transformar em m\u00e1quina de corte por plasma<\/td>\n<\/tr>\n<\/tbody>\n<\/table>","protected":false},"excerpt":{"rendered":"<ul>\n<li><b>\u00e1rea de trabalho<\/b><\/li>\n<\/ul>\n<p style=\"text-align: left; padding-left: 40px;\">A \u00e1rea de trabalho efectiva padr\u00e3o \u00e9 de 1500*3000mm, outras dimens\u00f5es podem ser personalizadas<\/p>\n<ul>\n<li><b>Espessura de corte por chama <\/b><\/li>\n<\/ul>\n<p style=\"padding-left: 40px;\">6 - 160 mm, adequado para cortar chapas de a\u00e7o espessas<\/p>\n<ul>\n<li><b>Espessura de corte a plasma <\/b><\/li>\n<\/ul>\n<p style=\"padding-left: 40px;\">Dependendo da pot\u00eancia do plasma que utilizar, maior ser\u00e1 a<\/p>\n<p style=\"padding-left: 40px;\">a fonte de energia do plasma, maior \u00e9 a espessura da chapa de a\u00e7o que pode ser cortada.<\/p>\n<p style=\"padding-left: 40px;\">A fonte de energia de plasma recomendada pode ser 60A, 100A, 120A, 160A. \u00c9 adequada para cortar chapas finas com velocidade de corte r\u00e1pida<\/p>\n<ul>\n<li><b>Sistema operativo CNC<\/b><\/li>\n<\/ul>\n<p style=\"padding-left: 40px;\">sistema de corte de borda comum, suporta corte em lote, economiza tempo e materiais, muito rent\u00e1vel<\/p>\n<ul>\n<li><b>Calha pesada fundida com precis\u00e3o<\/b><\/li>\n<\/ul>\n<p style=\"padding-left: 40px;\">A liga de alum\u00ednio duro \u00e9 formada integralmente, e o eixo \u00f3tico \u00e9 cromado, que \u00e9 resistente ao desgaste e n\u00e3o se deforma, garantindo a suavidade e a precis\u00e3o do funcionamento da via<\/p>","protected":false},"featured_media":3490,"comment_status":"open","ping_status":"closed","template":"","meta":[],"product_brand":[],"product_cat":[52],"product_tag":[282,231,283,232,233,235,250,272,273,274,275,276,277,278,279,280,281],"class_list":{"0":"post-3489","1":"product","2":"type-product","3":"status-publish","4":"has-post-thumbnail","6":"product_cat-cnc-plasma-cutting-machine","7":"product_tag-guide-rail-plasma-cutter","8":"product_tag-cheap-cnc-plasma-cutting-machine","9":"product_tag-portable-metal-plasma-cutter-plasma-cnc-cutter","10":"product_tag-cnc-plasma-cutter","11":"product_tag-cnc-plasma-cutting-machine","12":"product_tag-flame-cutting-machine","13":"product_tag-portable-cnc-plasma-cutter","14":"product_tag-cnc-plasma-machine-for-metal-cutting","15":"product_tag-low-cost-cnc-plasma-cutting-machine","16":"product_tag-gantry-cnc-plasma-cutting-machine","17":"product_tag-gantry-cnc-plasma-beveling-cutting-machine","18":"product_tag-portable-gantry-cnc-plasma-cutter","19":"product_tag-mini-gantry-cnc-plasma-cutter","20":"product_tag-mini-portable-cnc-plasma-cutter","21":"product_tag-portable-cnc-plasma-cutter-with-rail","22":"product_tag-single-rail-cnc-plasma-cutter","23":"product_tag-dual-rail-cnc-plasma-cutter","25":"first","26":"instock","27":"shipping-taxable","28":"product-type-simple"},"yoast_head":"<!-- This site is optimized with the Yoast SEO Premium plugin v25.0 (Yoast SEO v25.0) - https:\/\/yoast.com\/wordpress\/plugins\/seo\/ -->\n<title>Portable Gantry Plasma and Flame Dual-purpose CNC Metal Plate Cutting Machine 2500*6000 - HafniumTech<\/title>\n<meta name=\"robots\" content=\"index, follow, max-snippet:-1, max-image-preview:large, max-video-preview:-1\" \/>\n<link rel=\"canonical\" href=\"https:\/\/www.hafniumtech.com\/pt\/produto\/portable-gantry-plasma-and-flame-dual-purpose-cnc-metal-plate-cutting-machine-25006000\/\" \/>\n<meta property=\"og:locale\" content=\"pt_PT\" \/>\n<meta property=\"og:type\" content=\"article\" \/>\n<meta property=\"og:title\" content=\"Portable Gantry Plasma and Flame Dual-purpose CNC Metal Plate Cutting Machine 2500*6000\" \/>\n<meta property=\"og:description\" content=\"working area  The standard effective working area is 1500*3000mm, other dimensions can be customized    Flame cutting thickness   6 - 160mm, suitable for cutting thick steel plates    Plasma Cutting Thickness   Depending on the plasma power you use, the greater the plasma power source is, the thicker the thickness of the steel plate that can be cut. Recommended plasma power source could be 60A, 100A, 120A, 160A. It is suitable for cutting thin plates with fast cutting speed    CNC operating system  common edge cutting system, supports batch cutting, saves time and materials\uff0c very cost effective    Precision cast heavy rail  The hard aluminum alloy is integrally formed, and the optical axis is chrome Plated, which is wear-resistant and does not deform, ensuring the smoothness and precision of the track operation\" \/>\n<meta property=\"og:url\" content=\"https:\/\/www.hafniumtech.com\/pt\/produto\/portable-gantry-plasma-and-flame-dual-purpose-cnc-metal-plate-cutting-machine-25006000\/\" \/>\n<meta property=\"og:site_name\" content=\"HafniumTech\" \/>\n<meta property=\"article:publisher\" content=\"https:\/\/www.facebook.com\/profile.php?id=61570267424696\" \/>\n<meta property=\"article:modified_time\" content=\"2025-05-01T14:56:48+00:00\" \/>\n<meta property=\"og:image\" content=\"https:\/\/www.hafniumtech.com\/wp-content\/uploads\/2025\/05\/\u672a\u547d\u540d\u7684\u8bbe\u8ba1-3.png\" \/>\n\t<meta property=\"og:image:width\" content=\"800\" \/>\n\t<meta property=\"og:image:height\" content=\"800\" \/>\n\t<meta property=\"og:image:type\" content=\"image\/png\" \/>\n<meta name=\"twitter:card\" content=\"summary_large_image\" \/>\n<meta name=\"twitter:site\" content=\"@HafniumTech\" \/>\n<meta name=\"twitter:label1\" content=\"Price\" \/>\n\t<meta name=\"twitter:data1\" content=\"\" \/>\n\t<meta name=\"twitter:label2\" content=\"Availability\" \/>\n\t<meta name=\"twitter:data2\" content=\"In stock\" \/>\n<script type=\"application\/ld+json\" class=\"yoast-schema-graph\">{\"@context\":\"https:\/\/schema.org\",\"@graph\":[{\"@type\":\"WebPage\",\"@id\":\"https:\/\/www.hafniumtech.com\/product\/portable-gantry-plasma-and-flame-dual-purpose-cnc-metal-plate-cutting-machine-25006000\/\",\"url\":\"https:\/\/www.hafniumtech.com\/product\/portable-gantry-plasma-and-flame-dual-purpose-cnc-metal-plate-cutting-machine-25006000\/\",\"name\":\"Portable Gantry Plasma and Flame Dual-purpose CNC Metal Plate Cutting Machine 2500*6000 - HafniumTech\",\"isPartOf\":{\"@id\":\"https:\/\/www.hafniumtech.com\/#website\"},\"primaryImageOfPage\":{\"@id\":\"https:\/\/www.hafniumtech.com\/product\/portable-gantry-plasma-and-flame-dual-purpose-cnc-metal-plate-cutting-machine-25006000\/#primaryimage\"},\"image\":{\"@id\":\"https:\/\/www.hafniumtech.com\/product\/portable-gantry-plasma-and-flame-dual-purpose-cnc-metal-plate-cutting-machine-25006000\/#primaryimage\"},\"thumbnailUrl\":\"https:\/\/www.hafniumtech.com\/wp-content\/uploads\/2025\/05\/\u672a\u547d\u540d\u7684\u8bbe\u8ba1-3.png\",\"datePublished\":\"2025-05-01T14:39:29+00:00\",\"dateModified\":\"2025-05-01T14:56:48+00:00\",\"breadcrumb\":{\"@id\":\"https:\/\/www.hafniumtech.com\/product\/portable-gantry-plasma-and-flame-dual-purpose-cnc-metal-plate-cutting-machine-25006000\/#breadcrumb\"},\"inLanguage\":\"pt-PT\",\"potentialAction\":[{\"@type\":\"ReadAction\",\"target\":[\"https:\/\/www.hafniumtech.com\/product\/portable-gantry-plasma-and-flame-dual-purpose-cnc-metal-plate-cutting-machine-25006000\/\"]}]},{\"@type\":\"ImageObject\",\"inLanguage\":\"pt-PT\",\"@id\":\"https:\/\/www.hafniumtech.com\/product\/portable-gantry-plasma-and-flame-dual-purpose-cnc-metal-plate-cutting-machine-25006000\/#primaryimage\",\"url\":\"https:\/\/www.hafniumtech.com\/wp-content\/uploads\/2025\/05\/\u672a\u547d\u540d\u7684\u8bbe\u8ba1-3.png\",\"contentUrl\":\"https:\/\/www.hafniumtech.com\/wp-content\/uploads\/2025\/05\/\u672a\u547d\u540d\u7684\u8bbe\u8ba1-3.png\",\"width\":800,\"height\":800},{\"@type\":\"BreadcrumbList\",\"@id\":\"https:\/\/www.hafniumtech.com\/product\/portable-gantry-plasma-and-flame-dual-purpose-cnc-metal-plate-cutting-machine-25006000\/#breadcrumb\",\"itemListElement\":[{\"@type\":\"ListItem\",\"position\":1,\"name\":\"\u9996\u9875\",\"item\":\"https:\/\/www.hafniumtech.com\/\"},{\"@type\":\"ListItem\",\"position\":2,\"name\":\"Product\",\"item\":\"https:\/\/www.hafniumtech.com\/product\/\"},{\"@type\":\"ListItem\",\"position\":3,\"name\":\"Portable Gantry Plasma and Flame Dual-purpose CNC Metal Plate Cutting Machine 2500*6000\"}]},{\"@type\":\"WebSite\",\"@id\":\"https:\/\/www.hafniumtech.com\/#website\",\"url\":\"https:\/\/www.hafniumtech.com\/\",\"name\":\"Shenzhen Hafnium Technology Co., Ltd.\",\"description\":\"\",\"publisher\":{\"@id\":\"https:\/\/www.hafniumtech.com\/#organization\"},\"potentialAction\":[{\"@type\":\"SearchAction\",\"target\":{\"@type\":\"EntryPoint\",\"urlTemplate\":\"https:\/\/www.hafniumtech.com\/?s={search_term_string}\"},\"query-input\":{\"@type\":\"PropertyValueSpecification\",\"valueRequired\":true,\"valueName\":\"search_term_string\"}}],\"inLanguage\":\"pt-PT\"},{\"@type\":\"Organization\",\"@id\":\"https:\/\/www.hafniumtech.com\/#organization\",\"name\":\"Shenzhen Hafnium Technology Co., Ltd.\",\"url\":\"https:\/\/www.hafniumtech.com\/\",\"logo\":{\"@type\":\"ImageObject\",\"inLanguage\":\"pt-PT\",\"@id\":\"https:\/\/www.hafniumtech.com\/#\/schema\/logo\/image\/\",\"url\":\"https:\/\/www.hafniumtech.com\/wp-content\/uploads\/2025\/03\/168-53_.jpg\",\"contentUrl\":\"https:\/\/www.hafniumtech.com\/wp-content\/uploads\/2025\/03\/168-53_.jpg\",\"width\":336,\"height\":106,\"caption\":\"Shenzhen Hafnium Technology Co., Ltd.\"},\"image\":{\"@id\":\"https:\/\/www.hafniumtech.com\/#\/schema\/logo\/image\/\"},\"sameAs\":[\"https:\/\/www.facebook.com\/profile.php?id=61570267424696\",\"https:\/\/x.com\/HafniumTech\"]}]}<\/script>\n<meta property=\"product:price:amount\" content=\"0.00\" \/>\n<meta property=\"product:price:currency\" content=\"USD\" \/>\n<meta property=\"og:availability\" content=\"instock\" \/>\n<meta property=\"product:availability\" content=\"instock\" \/>\n<meta property=\"product:retailer_item_id\" content=\"2560 Portable CNC\" \/>\n<meta property=\"product:condition\" content=\"new\" \/>\n<!-- \/ Yoast SEO Premium plugin. -->","yoast_head_json":{"title":"Portable Gantry Plasma and Flame Dual-purpose CNC Metal Plate Cutting Machine 2500*6000 - HafniumTech","robots":{"index":"index","follow":"follow","max-snippet":"max-snippet:-1","max-image-preview":"max-image-preview:large","max-video-preview":"max-video-preview:-1"},"canonical":"https:\/\/www.hafniumtech.com\/pt\/produto\/portable-gantry-plasma-and-flame-dual-purpose-cnc-metal-plate-cutting-machine-25006000\/","og_locale":"pt_PT","og_type":"article","og_title":"Portable Gantry Plasma and Flame Dual-purpose CNC Metal Plate Cutting Machine 2500*6000","og_description":"working area  The standard effective working area is 1500*3000mm, other dimensions can be customized    Flame cutting thickness   6 - 160mm, suitable for cutting thick steel plates    Plasma Cutting Thickness   Depending on the plasma power you use, the greater the plasma power source is, the thicker the thickness of the steel plate that can be cut. Recommended plasma power source could be 60A, 100A, 120A, 160A. It is suitable for cutting thin plates with fast cutting speed    CNC operating system  common edge cutting system, supports batch cutting, saves time and materials\uff0c very cost effective    Precision cast heavy rail  The hard aluminum alloy is integrally formed, and the optical axis is chrome Plated, which is wear-resistant and does not deform, ensuring the smoothness and precision of the track operation","og_url":"https:\/\/www.hafniumtech.com\/pt\/produto\/portable-gantry-plasma-and-flame-dual-purpose-cnc-metal-plate-cutting-machine-25006000\/","og_site_name":"HafniumTech","article_publisher":"https:\/\/www.facebook.com\/profile.php?id=61570267424696","article_modified_time":"2025-05-01T14:56:48+00:00","og_image":[{"width":800,"height":800,"url":"https:\/\/www.hafniumtech.com\/wp-content\/uploads\/2025\/05\/\u672a\u547d\u540d\u7684\u8bbe\u8ba1-3.png","type":"image\/png"}],"twitter_card":"summary_large_image","twitter_site":"@HafniumTech","twitter_misc":{"Price":"","Availability":"In stock"},"schema":{"@context":"https:\/\/schema.org","@graph":[{"@type":"WebPage","@id":"https:\/\/www.hafniumtech.com\/product\/portable-gantry-plasma-and-flame-dual-purpose-cnc-metal-plate-cutting-machine-25006000\/","url":"https:\/\/www.hafniumtech.com\/product\/portable-gantry-plasma-and-flame-dual-purpose-cnc-metal-plate-cutting-machine-25006000\/","name":"Portable Gantry Plasma and Flame Dual-purpose CNC Metal Plate Cutting Machine 2500*6000 - HafniumTech","isPartOf":{"@id":"https:\/\/www.hafniumtech.com\/#website"},"primaryImageOfPage":{"@id":"https:\/\/www.hafniumtech.com\/product\/portable-gantry-plasma-and-flame-dual-purpose-cnc-metal-plate-cutting-machine-25006000\/#primaryimage"},"image":{"@id":"https:\/\/www.hafniumtech.com\/product\/portable-gantry-plasma-and-flame-dual-purpose-cnc-metal-plate-cutting-machine-25006000\/#primaryimage"},"thumbnailUrl":"https:\/\/www.hafniumtech.com\/wp-content\/uploads\/2025\/05\/\u672a\u547d\u540d\u7684\u8bbe\u8ba1-3.png","datePublished":"2025-05-01T14:39:29+00:00","dateModified":"2025-05-01T14:56:48+00:00","breadcrumb":{"@id":"https:\/\/www.hafniumtech.com\/product\/portable-gantry-plasma-and-flame-dual-purpose-cnc-metal-plate-cutting-machine-25006000\/#breadcrumb"},"inLanguage":"pt-PT","potentialAction":[{"@type":"ReadAction","target":["https:\/\/www.hafniumtech.com\/product\/portable-gantry-plasma-and-flame-dual-purpose-cnc-metal-plate-cutting-machine-25006000\/"]}]},{"@type":"ImageObject","inLanguage":"pt-PT","@id":"https:\/\/www.hafniumtech.com\/product\/portable-gantry-plasma-and-flame-dual-purpose-cnc-metal-plate-cutting-machine-25006000\/#primaryimage","url":"https:\/\/www.hafniumtech.com\/wp-content\/uploads\/2025\/05\/\u672a\u547d\u540d\u7684\u8bbe\u8ba1-3.png","contentUrl":"https:\/\/www.hafniumtech.com\/wp-content\/uploads\/2025\/05\/\u672a\u547d\u540d\u7684\u8bbe\u8ba1-3.png","width":800,"height":800},{"@type":"BreadcrumbList","@id":"https:\/\/www.hafniumtech.com\/product\/portable-gantry-plasma-and-flame-dual-purpose-cnc-metal-plate-cutting-machine-25006000\/#breadcrumb","itemListElement":[{"@type":"ListItem","position":1,"name":"\u9996\u9875","item":"https:\/\/www.hafniumtech.com\/"},{"@type":"ListItem","position":2,"name":"Product","item":"https:\/\/www.hafniumtech.com\/product\/"},{"@type":"ListItem","position":3,"name":"Portable Gantry Plasma and Flame Dual-purpose CNC Metal Plate Cutting Machine 2500*6000"}]},{"@type":"WebSite","@id":"https:\/\/www.hafniumtech.com\/#website","url":"https:\/\/www.hafniumtech.com\/","name":"Shenzhen Hafnium Technology Co., Ltd.","description":"","publisher":{"@id":"https:\/\/www.hafniumtech.com\/#organization"},"potentialAction":[{"@type":"SearchAction","target":{"@type":"EntryPoint","urlTemplate":"https:\/\/www.hafniumtech.com\/?s={search_term_string}"},"query-input":{"@type":"PropertyValueSpecification","valueRequired":true,"valueName":"search_term_string"}}],"inLanguage":"pt-PT"},{"@type":"Organization","@id":"https:\/\/www.hafniumtech.com\/#organization","name":"Shenzhen Hafnium Technology Co., Ltd.","url":"https:\/\/www.hafniumtech.com\/","logo":{"@type":"ImageObject","inLanguage":"pt-PT","@id":"https:\/\/www.hafniumtech.com\/#\/schema\/logo\/image\/","url":"https:\/\/www.hafniumtech.com\/wp-content\/uploads\/2025\/03\/168-53_.jpg","contentUrl":"https:\/\/www.hafniumtech.com\/wp-content\/uploads\/2025\/03\/168-53_.jpg","width":336,"height":106,"caption":"Shenzhen Hafnium Technology Co., Ltd."},"image":{"@id":"https:\/\/www.hafniumtech.com\/#\/schema\/logo\/image\/"},"sameAs":["https:\/\/www.facebook.com\/profile.php?id=61570267424696","https:\/\/x.com\/HafniumTech"]}]},"product_price_amount":"0.00","product_price_currency":"USD","og_availability":"instock","product_availability":"instock","product_retailer_item_id":"2560 Portable CNC","product_condition":"new"},"_links":{"self":[{"href":"https:\/\/www.hafniumtech.com\/pt\/wp-json\/wp\/v2\/product\/3489","targetHints":{"allow":["GET"]}}],"collection":[{"href":"https:\/\/www.hafniumtech.com\/pt\/wp-json\/wp\/v2\/product"}],"about":[{"href":"https:\/\/www.hafniumtech.com\/pt\/wp-json\/wp\/v2\/types\/product"}],"replies":[{"embeddable":true,"href":"https:\/\/www.hafniumtech.com\/pt\/wp-json\/wp\/v2\/comments?post=3489"}],"wp:featuredmedia":[{"embeddable":true,"href":"https:\/\/www.hafniumtech.com\/pt\/wp-json\/wp\/v2\/media\/3490"}],"wp:attachment":[{"href":"https:\/\/www.hafniumtech.com\/pt\/wp-json\/wp\/v2\/media?parent=3489"}],"wp:term":[{"taxonomy":"product_brand","embeddable":true,"href":"https:\/\/www.hafniumtech.com\/pt\/wp-json\/wp\/v2\/product_brand?post=3489"},{"taxonomy":"product_cat","embeddable":true,"href":"https:\/\/www.hafniumtech.com\/pt\/wp-json\/wp\/v2\/product_cat?post=3489"},{"taxonomy":"product_tag","embeddable":true,"href":"https:\/\/www.hafniumtech.com\/pt\/wp-json\/wp\/v2\/product_tag?post=3489"}],"curies":[{"name":"wp","href":"https:\/\/api.w.org\/{rel}","templated":true}]}}