{"id":3589,"date":"2025-05-02T22:11:01","date_gmt":"2025-05-02T14:11:01","guid":{"rendered":"http:\/\/www.hafniumtech.com\/?post_type=product&#038;p=3589"},"modified":"2025-05-02T22:12:58","modified_gmt":"2025-05-02T14:12:58","slug":"new-p80-copper-plasma-cutting-nozzle-and-electrode-consumables-for-welding-and-plasma-cutting-torch","status":"publish","type":"product","link":"https:\/\/www.hafniumtech.com\/pt\/produto\/new-p80-copper-plasma-cutting-nozzle-and-electrode-consumables-for-welding-and-plasma-cutting-torch\/","title":{"rendered":"Novo bocal de corte a plasma de cobre P80 e consum\u00edveis de el\u00e9ctrodos para soldadura e tocha de corte a plasma"},"content":{"rendered":"<p>&nbsp;<\/p>\n<table style=\"border-collapse: collapse; width: 582px; height: 187px;\" border=\"0\" width=\"588\" cellspacing=\"0\" cellpadding=\"0\">\n<tbody>\n<tr style=\"height: 17.50pt;\">\n<td class=\"et2\" style=\"height: 17.5pt; width: 294pt; text-align: center;\" colspan=\"5\" width=\"588\" height=\"35\"><strong>Consum\u00edveis da tocha P80<\/strong><\/td>\n<\/tr>\n<tr style=\"height: 14.00pt;\">\n<td class=\"et3\" style=\"height: 14.00pt; width: 14.50pt;\" width=\"29\" height=\"28\"><strong>ID<\/strong><\/td>\n<td class=\"et4\" style=\"width: 100pt; text-align: center;\" width=\"200\"><strong>Pe\u00e7as<\/strong><\/td>\n<td class=\"et4\" style=\"width: 47.5pt; text-align: center;\" width=\"95\"><strong>PN<\/strong><\/td>\n<td class=\"et4\" style=\"width: 22.5pt; text-align: center;\" width=\"45\"><strong>unidade<\/strong><\/td>\n<td class=\"et4\" style=\"width: 109.5pt; text-align: center;\" width=\"219\"><strong>coment\u00e1rios<\/strong><\/td>\n<\/tr>\n<tr style=\"height: 14.00pt;\">\n<td class=\"et5\" style=\"height: 14pt; width: 14.5pt; text-align: center;\" width=\"29\" height=\"28\">1<\/td>\n<td class=\"et6\" style=\"width: 100pt; text-align: center;\" width=\"200\">el\u00e9trodo<\/td>\n<td class=\"et6\" style=\"width: 47.5pt; text-align: center;\" width=\"95\">YP80100<\/td>\n<td class=\"et6\" style=\"width: 22.5pt; text-align: center;\" width=\"45\">pe\u00e7as<\/td>\n<td class=\"et6\" style=\"width: 109.5pt; text-align: center;\" width=\"219\">Comprimento 21,5<\/td>\n<\/tr>\n<tr style=\"height: 14.00pt;\">\n<td class=\"et5\" style=\"height: 14pt; width: 14.5pt; text-align: center;\" width=\"29\" height=\"28\">2<\/td>\n<td class=\"et6\" style=\"width: 100pt; text-align: center;\" rowspan=\"4\" width=\"200\">bocal<\/td>\n<td class=\"et6\" style=\"width: 47.5pt; text-align: center;\" width=\"95\">YP80110<\/td>\n<td class=\"et6\" style=\"width: 22.5pt; text-align: center;\" width=\"45\">pe\u00e7as<\/td>\n<td class=\"et6\" style=\"width: 109.5pt; text-align: center;\" width=\"219\">Abertura do bocal 1,1 mm<\/td>\n<\/tr>\n<tr style=\"height: 14.00pt;\">\n<td class=\"et5\" style=\"height: 14pt; width: 14.5pt; text-align: center;\" width=\"29\" height=\"28\">3<\/td>\n<td class=\"et6\" style=\"width: 47.5pt; text-align: center;\" width=\"95\">YP80130<\/td>\n<td class=\"et6\" style=\"width: 22.5pt; text-align: center;\" width=\"45\">pe\u00e7as<\/td>\n<td class=\"et6\" style=\"width: 109.5pt; text-align: center;\" width=\"219\">Abertura do bocal 1,3 mm<\/td>\n<\/tr>\n<tr style=\"height: 14.00pt;\">\n<td class=\"et5\" style=\"height: 14pt; width: 14.5pt; text-align: center;\" width=\"29\" height=\"28\">4<\/td>\n<td class=\"et6\" style=\"width: 47.5pt; text-align: center;\" width=\"95\">YP80150<\/td>\n<td class=\"et6\" style=\"width: 22.5pt; text-align: center;\" width=\"45\">pe\u00e7as<\/td>\n<td class=\"et6\" style=\"width: 109.5pt; text-align: center;\" width=\"219\">Abertura do bocal 1,5 mm<\/td>\n<\/tr>\n<tr style=\"height: 14.00pt;\">\n<td class=\"et5\" style=\"height: 14pt; width: 14.5pt; text-align: center;\" width=\"29\" height=\"28\">5<\/td>\n<td class=\"et6\" style=\"width: 47.5pt; text-align: center;\" width=\"95\">YP80170<\/td>\n<td class=\"et6\" style=\"width: 22.5pt; text-align: center;\" width=\"45\">pe\u00e7as<\/td>\n<td class=\"et6\" style=\"width: 109.5pt; text-align: center;\" width=\"219\">Abertura do bocal 1,7 mm<\/td>\n<\/tr>\n<tr style=\"height: 14.00pt;\">\n<td class=\"et5\" style=\"height: 14pt; width: 14.5pt; text-align: center;\" width=\"29\" height=\"28\">6<\/td>\n<td class=\"et6\" style=\"width: 100pt; text-align: center;\" width=\"200\">tampa de prote\u00e7\u00e3o em cer\u00e2mica<\/td>\n<td class=\"et6\" style=\"width: 47.5pt; text-align: center;\" width=\"95\">YP80004<\/td>\n<td class=\"et6\" style=\"width: 22.5pt; text-align: center;\" width=\"45\">pe\u00e7as<\/td>\n<td class=\"et6\" style=\"width: 109.5pt; text-align: center;\" width=\"219\">utiliza\u00e7\u00e3o de ma\u00e7arico de m\u00e1quina<\/td>\n<\/tr>\n<tr style=\"height: 14.00pt;\">\n<td class=\"et5\" style=\"height: 14pt; width: 14.5pt; text-align: center;\" width=\"29\" height=\"28\">7<\/td>\n<td class=\"et6\" style=\"width: 100pt; text-align: center;\" width=\"200\">Cobertura de prote\u00e7\u00e3o em cobre<\/td>\n<td class=\"et6\" style=\"width: 47.5pt; text-align: center;\" width=\"95\">YP80001<\/td>\n<td class=\"et6\" style=\"width: 22.5pt; text-align: center;\" width=\"45\">pe\u00e7as<\/td>\n<td class=\"et6\" style=\"width: 109.5pt; text-align: center;\" width=\"219\">utiliza\u00e7\u00e3o de lanterna de m\u00e3o<\/td>\n<\/tr>\n<\/tbody>\n<\/table>\n<p>&nbsp;<\/p>","protected":false},"excerpt":{"rendered":"<p class=\"\" data-start=\"0\" data-end=\"47\"><strong data-start=\"0\" data-end=\"45\">Kit de consum\u00edveis de corte a plasma de cobre P80<\/strong><\/p>\n<p class=\"\" data-start=\"49\" data-end=\"144\">Melhore o desempenho da sua tocha de soldadura e de corte por plasma com o nosso conjunto de consum\u00edveis P80 de primeira qualidade:<\/p>\n<ul data-start=\"146\" data-end=\"794\" data-is-only-node=\"\" data-is-last-node=\"\">\n<li class=\"\" data-start=\"146\" data-end=\"303\">\n<p class=\"\" data-start=\"148\" data-end=\"303\"><strong data-start=\"148\" data-end=\"190\">Bocal e el\u00e9trodo de cobre de alta qualidade<\/strong><br data-start=\"190\" data-end=\"193\" \/>A constru\u00e7\u00e3o dur\u00e1vel em cobre maximiza a condutividade t\u00e9rmica para uma estabilidade consistente do arco e uma vida \u00fatil prolongada.<\/p>\n<\/li>\n<li class=\"\" data-start=\"304\" data-end=\"436\">\n<p class=\"\" data-start=\"306\" data-end=\"436\"><strong data-start=\"306\" data-end=\"330\">Cobertura da blindagem cer\u00e2mica<\/strong><br data-start=\"330\" data-end=\"333\" \/>Protege a cabe\u00e7a da lanterna contra salpicos e calor, garantindo uma visibilidade clara e uma longevidade prolongada da lanterna.<\/p>\n<\/li>\n<li class=\"\" data-start=\"437\" data-end=\"546\">\n<p class=\"\" data-start=\"439\" data-end=\"546\"><strong data-start=\"439\" data-end=\"462\">Cobertura da blindagem de cobre<\/strong><br data-start=\"462\" data-end=\"465\" \/>Oferece prote\u00e7\u00e3o t\u00e9rmica adicional e fluxo de g\u00e1s optimizado para cortes mais limpos.<\/p>\n<\/li>\n<li class=\"\" data-start=\"547\" data-end=\"652\">\n<p class=\"\" data-start=\"549\" data-end=\"652\"><strong data-start=\"549\" data-end=\"576\">Compatibilidade universal<\/strong><br data-start=\"576\" data-end=\"579\" \/>Adapta-se a tochas de corte plasma P80 standard - f\u00e1cil de instalar e substituir.<\/p>\n<\/li>\n<li class=\"\" data-start=\"653\" data-end=\"794\">\n<p class=\"\" data-start=\"655\" data-end=\"794\"><strong data-start=\"655\" data-end=\"685\">Precis\u00e3o de corte melhorada<\/strong><br data-start=\"685\" data-end=\"688\" \/>Os consum\u00edveis concebidos com precis\u00e3o proporcionam arestas mais afiadas e menos impurezas para uma limpeza m\u00ednima ap\u00f3s o corte.<\/p>\n<\/li>\n<\/ul>","protected":false},"featured_media":3590,"comment_status":"open","ping_status":"closed","template":"","meta":[],"product_brand":[],"product_cat":[55],"product_tag":[384,396,397,398,399,400,401,402,403,404,405,406],"class_list":{"0":"post-3589","1":"product","2":"type-product","3":"status-publish","4":"has-post-thumbnail","6":"product_cat-parts-and-consumables","7":"product_tag-plasma-cutting-torch","8":"product_tag-p80-electrode-nozzle-tip","9":"product_tag-plasma-cutting-torch-nozzle","10":"product_tag-electrode-nozzle","11":"product_tag-nozzle-and-electrode-p80","12":"product_tag-plasma-consumables-kit","13":"product_tag-cutting-nozzle","14":"product_tag-p80-plasma-cutting-nozzle","15":"product_tag-p80-plasma-electrode","16":"product_tag-cnc-controller-consumables","17":"product_tag-p80-plasma-cutting-torch","18":"product_tag-cutting-torch-electrode-nozzle","19":"stm_brands-hafniumtech","21":"first","22":"instock","23":"shipping-taxable","24":"product-type-simple"},"yoast_head":"<!-- This site is optimized with the Yoast SEO Premium plugin v25.0 (Yoast SEO v25.0) - https:\/\/yoast.com\/wordpress\/plugins\/seo\/ -->\n<title>New P80 Copper Plasma Cutting Nozzle and Electrode Consumables for Welding and Plasma Cutting Torch - HafniumTech<\/title>\n<meta name=\"robots\" content=\"index, follow, max-snippet:-1, max-image-preview:large, max-video-preview:-1\" \/>\n<link rel=\"canonical\" href=\"https:\/\/www.hafniumtech.com\/pt\/produto\/new-p80-copper-plasma-cutting-nozzle-and-electrode-consumables-for-welding-and-plasma-cutting-torch\/\" \/>\n<meta property=\"og:locale\" content=\"pt_PT\" \/>\n<meta property=\"og:type\" content=\"article\" \/>\n<meta property=\"og:title\" content=\"New P80 Copper Plasma Cutting Nozzle and Electrode Consumables for Welding and Plasma Cutting Torch\" \/>\n<meta property=\"og:description\" content=\"P80 Copper Plasma Cutting Consumables Kit Enhance your welding and plasma cutting torch performance with our premium P80 consumables set:     High\u2011Quality Copper Nozzle &amp; ElectrodeDurable copper construction maximizes thermal conductivity for consistent arc stability and extended life.    Ceramic Shield CoverProtects torch head from spatter and heat, ensuring clear visibility and prolonged torch longevity.    Copper Shield CoverOffers additional thermal protection and optimized gas flow for cleaner cuts.    Universal CompatibilityFits standard P80 plasma cutting torches\u2014easy to install and replace.    Improved Cutting PrecisionPrecisely engineered consumables deliver sharper edges and reduced dross for minimal post\u2011cut cleanup.\" \/>\n<meta property=\"og:url\" content=\"https:\/\/www.hafniumtech.com\/pt\/produto\/new-p80-copper-plasma-cutting-nozzle-and-electrode-consumables-for-welding-and-plasma-cutting-torch\/\" \/>\n<meta property=\"og:site_name\" content=\"HafniumTech\" \/>\n<meta property=\"article:publisher\" content=\"https:\/\/www.facebook.com\/profile.php?id=61570267424696\" \/>\n<meta property=\"article:modified_time\" content=\"2025-05-02T14:12:58+00:00\" \/>\n<meta property=\"og:image\" content=\"https:\/\/www.hafniumtech.com\/wp-content\/uploads\/2025\/05\/4-10.png\" \/>\n\t<meta property=\"og:image:width\" content=\"1000\" \/>\n\t<meta property=\"og:image:height\" content=\"1000\" \/>\n\t<meta property=\"og:image:type\" content=\"image\/png\" \/>\n<meta name=\"twitter:card\" content=\"summary_large_image\" \/>\n<meta name=\"twitter:site\" content=\"@HafniumTech\" \/>\n<meta name=\"twitter:label1\" content=\"Price\" \/>\n\t<meta name=\"twitter:data1\" content=\"\" \/>\n\t<meta name=\"twitter:label2\" content=\"Availability\" \/>\n\t<meta name=\"twitter:data2\" content=\"In stock\" \/>\n<script type=\"application\/ld+json\" class=\"yoast-schema-graph\">{\"@context\":\"https:\/\/schema.org\",\"@graph\":[{\"@type\":\"WebPage\",\"@id\":\"https:\/\/www.hafniumtech.com\/product\/new-p80-copper-plasma-cutting-nozzle-and-electrode-consumables-for-welding-and-plasma-cutting-torch\/\",\"url\":\"https:\/\/www.hafniumtech.com\/product\/new-p80-copper-plasma-cutting-nozzle-and-electrode-consumables-for-welding-and-plasma-cutting-torch\/\",\"name\":\"New P80 Copper Plasma Cutting Nozzle and Electrode Consumables for Welding and Plasma Cutting Torch - HafniumTech\",\"isPartOf\":{\"@id\":\"https:\/\/www.hafniumtech.com\/#website\"},\"primaryImageOfPage\":{\"@id\":\"https:\/\/www.hafniumtech.com\/product\/new-p80-copper-plasma-cutting-nozzle-and-electrode-consumables-for-welding-and-plasma-cutting-torch\/#primaryimage\"},\"image\":{\"@id\":\"https:\/\/www.hafniumtech.com\/product\/new-p80-copper-plasma-cutting-nozzle-and-electrode-consumables-for-welding-and-plasma-cutting-torch\/#primaryimage\"},\"thumbnailUrl\":\"https:\/\/www.hafniumtech.com\/wp-content\/uploads\/2025\/05\/4-10.png\",\"datePublished\":\"2025-05-02T14:11:01+00:00\",\"dateModified\":\"2025-05-02T14:12:58+00:00\",\"breadcrumb\":{\"@id\":\"https:\/\/www.hafniumtech.com\/product\/new-p80-copper-plasma-cutting-nozzle-and-electrode-consumables-for-welding-and-plasma-cutting-torch\/#breadcrumb\"},\"inLanguage\":\"pt-PT\",\"potentialAction\":[{\"@type\":\"ReadAction\",\"target\":[\"https:\/\/www.hafniumtech.com\/product\/new-p80-copper-plasma-cutting-nozzle-and-electrode-consumables-for-welding-and-plasma-cutting-torch\/\"]}]},{\"@type\":\"ImageObject\",\"inLanguage\":\"pt-PT\",\"@id\":\"https:\/\/www.hafniumtech.com\/product\/new-p80-copper-plasma-cutting-nozzle-and-electrode-consumables-for-welding-and-plasma-cutting-torch\/#primaryimage\",\"url\":\"https:\/\/www.hafniumtech.com\/wp-content\/uploads\/2025\/05\/4-10.png\",\"contentUrl\":\"https:\/\/www.hafniumtech.com\/wp-content\/uploads\/2025\/05\/4-10.png\",\"width\":1000,\"height\":1000},{\"@type\":\"BreadcrumbList\",\"@id\":\"https:\/\/www.hafniumtech.com\/product\/new-p80-copper-plasma-cutting-nozzle-and-electrode-consumables-for-welding-and-plasma-cutting-torch\/#breadcrumb\",\"itemListElement\":[{\"@type\":\"ListItem\",\"position\":1,\"name\":\"\u9996\u9875\",\"item\":\"https:\/\/www.hafniumtech.com\/\"},{\"@type\":\"ListItem\",\"position\":2,\"name\":\"Product\",\"item\":\"https:\/\/www.hafniumtech.com\/product\/\"},{\"@type\":\"ListItem\",\"position\":3,\"name\":\"New P80 Copper Plasma Cutting Nozzle and Electrode Consumables for Welding and Plasma Cutting Torch\"}]},{\"@type\":\"WebSite\",\"@id\":\"https:\/\/www.hafniumtech.com\/#website\",\"url\":\"https:\/\/www.hafniumtech.com\/\",\"name\":\"Shenzhen Hafnium Technology Co., Ltd.\",\"description\":\"\",\"publisher\":{\"@id\":\"https:\/\/www.hafniumtech.com\/#organization\"},\"potentialAction\":[{\"@type\":\"SearchAction\",\"target\":{\"@type\":\"EntryPoint\",\"urlTemplate\":\"https:\/\/www.hafniumtech.com\/?s={search_term_string}\"},\"query-input\":{\"@type\":\"PropertyValueSpecification\",\"valueRequired\":true,\"valueName\":\"search_term_string\"}}],\"inLanguage\":\"pt-PT\"},{\"@type\":\"Organization\",\"@id\":\"https:\/\/www.hafniumtech.com\/#organization\",\"name\":\"Shenzhen Hafnium Technology Co., Ltd.\",\"url\":\"https:\/\/www.hafniumtech.com\/\",\"logo\":{\"@type\":\"ImageObject\",\"inLanguage\":\"pt-PT\",\"@id\":\"https:\/\/www.hafniumtech.com\/#\/schema\/logo\/image\/\",\"url\":\"https:\/\/www.hafniumtech.com\/wp-content\/uploads\/2025\/03\/168-53_.jpg\",\"contentUrl\":\"https:\/\/www.hafniumtech.com\/wp-content\/uploads\/2025\/03\/168-53_.jpg\",\"width\":336,\"height\":106,\"caption\":\"Shenzhen Hafnium Technology Co., Ltd.\"},\"image\":{\"@id\":\"https:\/\/www.hafniumtech.com\/#\/schema\/logo\/image\/\"},\"sameAs\":[\"https:\/\/www.facebook.com\/profile.php?id=61570267424696\",\"https:\/\/x.com\/HafniumTech\"]}]}<\/script>\n<meta property=\"product:price:amount\" content=\"0.00\" \/>\n<meta property=\"product:price:currency\" content=\"USD\" \/>\n<meta property=\"og:availability\" content=\"instock\" \/>\n<meta property=\"product:availability\" content=\"instock\" \/>\n<meta property=\"product:retailer_item_id\" content=\"P80 consumable\" \/>\n<meta property=\"product:condition\" content=\"new\" \/>\n<!-- \/ Yoast SEO Premium plugin. -->","yoast_head_json":{"title":"New P80 Copper Plasma Cutting Nozzle and Electrode Consumables for Welding and Plasma Cutting Torch - HafniumTech","robots":{"index":"index","follow":"follow","max-snippet":"max-snippet:-1","max-image-preview":"max-image-preview:large","max-video-preview":"max-video-preview:-1"},"canonical":"https:\/\/www.hafniumtech.com\/pt\/produto\/new-p80-copper-plasma-cutting-nozzle-and-electrode-consumables-for-welding-and-plasma-cutting-torch\/","og_locale":"pt_PT","og_type":"article","og_title":"New P80 Copper Plasma Cutting Nozzle and Electrode Consumables for Welding and Plasma Cutting Torch","og_description":"P80 Copper Plasma Cutting Consumables Kit Enhance your welding and plasma cutting torch performance with our premium P80 consumables set:     High\u2011Quality Copper Nozzle &amp; ElectrodeDurable copper construction maximizes thermal conductivity for consistent arc stability and extended life.    Ceramic Shield CoverProtects torch head from spatter and heat, ensuring clear visibility and prolonged torch longevity.    Copper Shield CoverOffers additional thermal protection and optimized gas flow for cleaner cuts.    Universal CompatibilityFits standard P80 plasma cutting torches\u2014easy to install and replace.    Improved Cutting PrecisionPrecisely engineered consumables deliver sharper edges and reduced dross for minimal post\u2011cut cleanup.","og_url":"https:\/\/www.hafniumtech.com\/pt\/produto\/new-p80-copper-plasma-cutting-nozzle-and-electrode-consumables-for-welding-and-plasma-cutting-torch\/","og_site_name":"HafniumTech","article_publisher":"https:\/\/www.facebook.com\/profile.php?id=61570267424696","article_modified_time":"2025-05-02T14:12:58+00:00","og_image":[{"width":1000,"height":1000,"url":"https:\/\/www.hafniumtech.com\/wp-content\/uploads\/2025\/05\/4-10.png","type":"image\/png"}],"twitter_card":"summary_large_image","twitter_site":"@HafniumTech","twitter_misc":{"Price":"","Availability":"In stock"},"schema":{"@context":"https:\/\/schema.org","@graph":[{"@type":"WebPage","@id":"https:\/\/www.hafniumtech.com\/product\/new-p80-copper-plasma-cutting-nozzle-and-electrode-consumables-for-welding-and-plasma-cutting-torch\/","url":"https:\/\/www.hafniumtech.com\/product\/new-p80-copper-plasma-cutting-nozzle-and-electrode-consumables-for-welding-and-plasma-cutting-torch\/","name":"New P80 Copper Plasma Cutting Nozzle and Electrode Consumables for Welding and Plasma Cutting Torch - HafniumTech","isPartOf":{"@id":"https:\/\/www.hafniumtech.com\/#website"},"primaryImageOfPage":{"@id":"https:\/\/www.hafniumtech.com\/product\/new-p80-copper-plasma-cutting-nozzle-and-electrode-consumables-for-welding-and-plasma-cutting-torch\/#primaryimage"},"image":{"@id":"https:\/\/www.hafniumtech.com\/product\/new-p80-copper-plasma-cutting-nozzle-and-electrode-consumables-for-welding-and-plasma-cutting-torch\/#primaryimage"},"thumbnailUrl":"https:\/\/www.hafniumtech.com\/wp-content\/uploads\/2025\/05\/4-10.png","datePublished":"2025-05-02T14:11:01+00:00","dateModified":"2025-05-02T14:12:58+00:00","breadcrumb":{"@id":"https:\/\/www.hafniumtech.com\/product\/new-p80-copper-plasma-cutting-nozzle-and-electrode-consumables-for-welding-and-plasma-cutting-torch\/#breadcrumb"},"inLanguage":"pt-PT","potentialAction":[{"@type":"ReadAction","target":["https:\/\/www.hafniumtech.com\/product\/new-p80-copper-plasma-cutting-nozzle-and-electrode-consumables-for-welding-and-plasma-cutting-torch\/"]}]},{"@type":"ImageObject","inLanguage":"pt-PT","@id":"https:\/\/www.hafniumtech.com\/product\/new-p80-copper-plasma-cutting-nozzle-and-electrode-consumables-for-welding-and-plasma-cutting-torch\/#primaryimage","url":"https:\/\/www.hafniumtech.com\/wp-content\/uploads\/2025\/05\/4-10.png","contentUrl":"https:\/\/www.hafniumtech.com\/wp-content\/uploads\/2025\/05\/4-10.png","width":1000,"height":1000},{"@type":"BreadcrumbList","@id":"https:\/\/www.hafniumtech.com\/product\/new-p80-copper-plasma-cutting-nozzle-and-electrode-consumables-for-welding-and-plasma-cutting-torch\/#breadcrumb","itemListElement":[{"@type":"ListItem","position":1,"name":"\u9996\u9875","item":"https:\/\/www.hafniumtech.com\/"},{"@type":"ListItem","position":2,"name":"Product","item":"https:\/\/www.hafniumtech.com\/product\/"},{"@type":"ListItem","position":3,"name":"New P80 Copper Plasma Cutting Nozzle and Electrode Consumables for Welding and Plasma Cutting Torch"}]},{"@type":"WebSite","@id":"https:\/\/www.hafniumtech.com\/#website","url":"https:\/\/www.hafniumtech.com\/","name":"Shenzhen Hafnium Technology Co., Ltd.","description":"","publisher":{"@id":"https:\/\/www.hafniumtech.com\/#organization"},"potentialAction":[{"@type":"SearchAction","target":{"@type":"EntryPoint","urlTemplate":"https:\/\/www.hafniumtech.com\/?s={search_term_string}"},"query-input":{"@type":"PropertyValueSpecification","valueRequired":true,"valueName":"search_term_string"}}],"inLanguage":"pt-PT"},{"@type":"Organization","@id":"https:\/\/www.hafniumtech.com\/#organization","name":"Shenzhen Hafnium Technology Co., Ltd.","url":"https:\/\/www.hafniumtech.com\/","logo":{"@type":"ImageObject","inLanguage":"pt-PT","@id":"https:\/\/www.hafniumtech.com\/#\/schema\/logo\/image\/","url":"https:\/\/www.hafniumtech.com\/wp-content\/uploads\/2025\/03\/168-53_.jpg","contentUrl":"https:\/\/www.hafniumtech.com\/wp-content\/uploads\/2025\/03\/168-53_.jpg","width":336,"height":106,"caption":"Shenzhen Hafnium Technology Co., Ltd."},"image":{"@id":"https:\/\/www.hafniumtech.com\/#\/schema\/logo\/image\/"},"sameAs":["https:\/\/www.facebook.com\/profile.php?id=61570267424696","https:\/\/x.com\/HafniumTech"]}]},"product_price_amount":"0.00","product_price_currency":"USD","og_availability":"instock","product_availability":"instock","product_retailer_item_id":"P80 consumable","product_condition":"new"},"_links":{"self":[{"href":"https:\/\/www.hafniumtech.com\/pt\/wp-json\/wp\/v2\/product\/3589","targetHints":{"allow":["GET"]}}],"collection":[{"href":"https:\/\/www.hafniumtech.com\/pt\/wp-json\/wp\/v2\/product"}],"about":[{"href":"https:\/\/www.hafniumtech.com\/pt\/wp-json\/wp\/v2\/types\/product"}],"replies":[{"embeddable":true,"href":"https:\/\/www.hafniumtech.com\/pt\/wp-json\/wp\/v2\/comments?post=3589"}],"wp:featuredmedia":[{"embeddable":true,"href":"https:\/\/www.hafniumtech.com\/pt\/wp-json\/wp\/v2\/media\/3590"}],"wp:attachment":[{"href":"https:\/\/www.hafniumtech.com\/pt\/wp-json\/wp\/v2\/media?parent=3589"}],"wp:term":[{"taxonomy":"product_brand","embeddable":true,"href":"https:\/\/www.hafniumtech.com\/pt\/wp-json\/wp\/v2\/product_brand?post=3589"},{"taxonomy":"product_cat","embeddable":true,"href":"https:\/\/www.hafniumtech.com\/pt\/wp-json\/wp\/v2\/product_cat?post=3589"},{"taxonomy":"product_tag","embeddable":true,"href":"https:\/\/www.hafniumtech.com\/pt\/wp-json\/wp\/v2\/product_tag?post=3589"}],"curies":[{"name":"wp","href":"https:\/\/api.w.org\/{rel}","templated":true}]}}